{"id":1894,"date":"2025-11-17T03:06:29","date_gmt":"2025-11-17T03:06:29","guid":{"rendered":"https:\/\/hktackle.com\/?page_id=1894"},"modified":"2025-11-17T03:15:15","modified_gmt":"2025-11-17T03:15:15","slug":"guia-de-carretes-de-pesca","status":"publish","type":"page","link":"https:\/\/hktackle.com\/es\/guia-de-carretes-de-pesca","title":{"rendered":"Gu\u00eda de carretes de pesca"},"content":{"rendered":"<p>Gu\u00eda Completa de Carretes de Pesca \u2014 Tipos, C\u00f3mo Elegir, Mantenimiento y Accesorios<\/p>\n\n\n\n<h1 class=\"wp-block-heading\" id=\"top\">Gu\u00eda Completa de Carretes de Pesca: Tipos, Selecci\u00f3n, Mantenimiento y Accesorios<\/h1>\n\n\n\n<p>Esta p\u00e1gina pilar re\u00fane todo lo que necesitas saber sobre carretes de pesca, desde elegir el carrete adecuado hasta mantenerlo y seleccionar los mejores accesorios. Est\u00e1 escrita para pescadores, compradores de art\u00edculos de pesca y minoristas que desean un recurso autorizado y optimizado para SEO que enlace a p\u00e1ginas de productos detalladas y art\u00edculos relacionados. Ya seas un pescador experimentado o est\u00e9s comenzando, esta gu\u00eda te ayudar\u00e1 a navegar por el complejo mundo de los carretes de pesca.<\/p>\n\n\n\n<figure class=\"wp-block-image size-large is-resized\"><img loading=\"lazy\" decoding=\"async\" width=\"1024\" height=\"466\" src=\"https:\/\/hktackle.com\/wp-content\/uploads\/2025\/10\/banner-15-1024x466.jpg\" alt=\"gu\u00eda de carretes de pesca\" class=\"wp-image-860\" style=\"width:789px;height:auto\" title=\"\" srcset=\"https:\/\/hktackle.com\/wp-content\/uploads\/2025\/10\/banner-15-1024x466.jpg 1024w, https:\/\/hktackle.com\/wp-content\/uploads\/2025\/10\/banner-15-scaled-600x273.jpg 600w, https:\/\/hktackle.com\/wp-content\/uploads\/2025\/10\/banner-15-300x136.jpg 300w, https:\/\/hktackle.com\/wp-content\/uploads\/2025\/10\/banner-15-768x349.jpg 768w, https:\/\/hktackle.com\/wp-content\/uploads\/2025\/10\/banner-15-1536x698.jpg 1536w, https:\/\/hktackle.com\/wp-content\/uploads\/2025\/10\/banner-15-2048x931.jpg 2048w\" sizes=\"auto, (max-width: 1024px) 100vw, 1024px\" \/><\/figure>\n\n\n\n<p><strong>Tabla de Contenidos<\/strong><\/p>\n\n\n\n<ul class=\"wp-block-list\">\n<li><a href=\"#introduction\">Introducci\u00f3n<\/a><\/li>\n\n\n\n<li><a href=\"#types-of-fishing-reels\">Tipos de carretes de pesca<\/a>\n<ul class=\"wp-block-list\">\n<li><a href=\"#spinning-reels\">Bobinas giratorias<\/a><\/li>\n\n\n\n<li><a href=\"#baitcasting-reels\">Carretes de baitcasting<\/a><\/li>\n\n\n\n<li><a href=\"#fly-fishing-reels\">Carretes de pesca con mosca<\/a><\/li>\n\n\n\n<li><a href=\"#trolling-reels\">Bobinas de trolling<\/a><\/li>\n\n\n\n<li><a href=\"#conventional-reels\">Bobinas convencionales<\/a><\/li>\n<\/ul>\n<\/li>\n\n\n\n<li><a href=\"#how-to-choose-the-right-fishing-reel\">C\u00f3mo Elegir el Carrete de Pesca Adecuado<\/a>\n<ul class=\"wp-block-list\">\n<li><a href=\"#reel-size-and-gear-ratio\">Tama\u00f1o del carrete y relaci\u00f3n de engranaje<\/a><\/li>\n\n\n\n<li><a href=\"#drag-system\">Sistema de arrastre<\/a><\/li>\n\n\n\n<li><a href=\"#ball-bearings\">Rodamientos de bolas<\/a><\/li>\n<\/ul>\n<\/li>\n\n\n\n<li><a href=\"#fishing-reel-accessories\">Accesorios<\/a><\/li>\n\n\n\n<li><a href=\"#fishing-reel-maintenance\">Mantenimiento y Cuidado<\/a><\/li>\n\n\n\n<li><a href=\"#faq\">Preguntas frecuentes<\/a><\/li>\n\n\n\n<li><a href=\"#conclusion\">Conclusi\u00f3n y Siguientes Pasos<\/a><\/li>\n<\/ul>\n\n\n\n<h2 class=\"wp-block-heading\">Introducci\u00f3n<\/h2>\n\n\n\n<p><a href=\"https:\/\/hktackle.com\/es\/categoria-producto\/bobinas\/\">Carretes de pesca<\/a> son una parte esencial de la configuraci\u00f3n de cada pescador. Vienen en varios tipos, cada uno dise\u00f1ado para satisfacer diferentes necesidades de pesca. Ya sea que est\u00e9s apuntando a peces de agua dulce peque\u00f1os o enormes monstruos de agua salada, el carrete que elijas es crucial para tu \u00e9xito en el agua. En esta gu\u00eda, te guiaremos a trav\u00e9s de los diferentes tipos de carretes, c\u00f3mo seleccionar el correcto, caracter\u00edsticas clave a considerar y c\u00f3mo mantener tu carrete para asegurarte de que dure a\u00f1os.<\/p>\n\n\n\n<p>Entender los carretes de pesca es importante porque el carrete incorrecto puede arruinar tu experiencia de pesca. Un carrete que es demasiado peque\u00f1o para el pez que est\u00e1s buscando te dejar\u00e1 sin potencia, mientras que un carrete que es demasiado grande puede dificultar el manejo de la l\u00ednea y los se\u00f1uelos de manera efectiva. Profundicemos en los tipos de carretes de pesca y ay\u00fadame a elegir el que sea perfecto para tus necesidades.<\/p>\n\n\n\n<h2 class=\"wp-block-heading\">Tipos de carretes de pesca<\/h2>\n\n\n\n<p>Las carretes de pesca se categorizan seg\u00fan el dise\u00f1o de su bobina y el mecanismo que las impulsa. Echemos un vistazo m\u00e1s de cerca a los tipos m\u00e1s comunes de carretes de pesca.<\/p>\n\n\n\n<h3 class=\"wp-block-heading\" id=\"spinning-reels\">Bobinas giratorias<\/h3>\n\n\n\n<p>Los carretes de spinning son quiz\u00e1s el tipo de carrete de pescar m\u00e1s com\u00fan. Son f\u00e1ciles de usar y se pueden adaptar a varios estilos de pesca. Estos carretes est\u00e1n dise\u00f1ados con un carrete fijo que permite que la l\u00ednea se desenrolle libremente a medida que el pescador lanza, lo que los hace excelentes tanto para principiantes como para pescadores experimentados.<\/p>\n\n\n\n<p>Los carretes de spinning son perfectos para capturar una amplia variedad de especies, incluyendo peces de agua dulce como el r\u00f3balo, la trucha y el lucio, as\u00ed como peces ligeros de agua salada. Son ideales para la pesca con equipos ligeros y t\u00e9cnicas de finesse, como el drop-shotting y el jigging.<\/p>\n\n\n\n<p>Las bobinas giratorias vienen en diferentes tama\u00f1os, con modelos que van desde ultraligeros para peces m\u00e1s peque\u00f1os hasta de alta resistencia para especies m\u00e1s grandes de agua salada. La versatilidad y facilidad de uso hacen de las bobinas giratorias la opci\u00f3n preferida para la mayor\u00eda de los pescadores.<\/p>\n\n\n\n<h3 class=\"wp-block-heading\" id=\"baitcasting-reels\">Carretes de baitcasting<\/h3>\n\n\n\n<p>Las carretes de baitcasting brindan un control y precisi\u00f3n superiores, lo que los hace ideales para los pescadores que desean pescar con se\u00f1uelos o equipo m\u00e1s pesados. Estos carretes se colocan en la parte superior de la ca\u00f1a y cuentan con un carrete giratorio que proporciona una mayor precisi\u00f3n durante el lanzamiento.<\/p>\n\n\n\n<p>Aunque los carretes de baitcasting a menudo son m\u00e1s dif\u00edciles de usar que los carretes de spinning, ofrecen mayor distancia y potencia de lanzamiento, lo cual es esencial al pescar especies grandes como el bass, el lucio o el salm\u00f3n. Adem\u00e1s, los carretes de baitcasting cuentan con un potente sistema de freno que permite a los pescadores luchar de manera efectiva contra peces grandes.<\/p>\n\n\n\n<p>Al utilizar un carrete de baitcasting, es esencial elegir la relaci\u00f3n de engranaje correcta, ya que afecta directamente tu velocidad de recuperaci\u00f3n. Las relaciones de engranaje m\u00e1s altas permiten una recuperaci\u00f3n de l\u00ednea m\u00e1s r\u00e1pida, lo cual es beneficioso al atraer peces de r\u00e1pido movimiento o al pescar con se\u00f1uelos de acci\u00f3n r\u00e1pida.<\/p>\n\n\n\n<h3 class=\"wp-block-heading\" id=\"fly-fishing-reels\">Carretes de pesca con mosca<\/h3>\n\n\n\n<p>Los carretes de pesca con mosca est\u00e1n dise\u00f1ados espec\u00edficamente para el deporte de la pesca con mosca. A diferencia de los carretes de spinning y de baitcasting, los carretes de pesca con mosca no se utilizan para lanzar cebos o se\u00f1uelos, sino para almacenar y recuperar la l\u00ednea de mosca.<\/p>\n\n\n\n<p>Estos carretes son ligeros y cuentan con un sistema de arrastre simple para ayudar a luchar contra los peces. El prop\u00f3sito principal de un carrete de mosca es proporcionar almacenamiento de l\u00ednea y un arrastre suave durante la pelea con el pez. Los carretes de pesca con mosca vienen en varios tama\u00f1os seg\u00fan el peso de la ca\u00f1a de mosca y la l\u00ednea que se est\u00e9 utilizando.<\/p>\n\n\n\n<p>Los carretes de pesca con mosca se emparejan con ca\u00f1as m\u00e1s largas, dise\u00f1adas para una colocaci\u00f3n precisa y una presentaci\u00f3n delicada de la mosca. Los carretes en s\u00ed suelen estar hechos de aluminio ligero o materiales compuestos para minimizar el peso y mejorar el rendimiento en el agua.<\/p>\n\n\n\n<h3 class=\"wp-block-heading\" id=\"trolling-reels\">Bobinas de trolling<\/h3>\n\n\n\n<p>Los carretes de trolling son carretes de alta resistencia dise\u00f1ados para el trolling, que implica arrastrar un cebo o se\u00f1uelo con cebo detr\u00e1s de un barco. Estos carretes se utilizan t\u00edpicamente para especies grandes que se encuentran en aguas m\u00e1s profundas, como el marl\u00edn, el at\u00fan y el wahoo.<\/p>\n\n\n\n<p>Los carretes de trolling vienen con bobinas grandes que sostienen cantidades significativas de l\u00ednea, lo que permite al pescador cubrir una gran \u00e1rea de agua. Tambi\u00e9n cuentan con un robusto sistema de arrastre para manejar los poderosos tirones de peces grandes. Muchos carretes de trolling est\u00e1n dise\u00f1ados para montarse en ca\u00f1as convencionales, que son m\u00e1s r\u00edgidas y pueden manejar peces m\u00e1s grandes.<\/p>\n\n\n\n<p>La relaci\u00f3n de engranaje y la capacidad de l\u00ednea de los carretes de curric\u00e1n son t\u00edpicamente m\u00e1s bajas que en otros tipos de carretes porque el objetivo no es la velocidad, sino la potencia y la resistencia. Estos carretes est\u00e1n dise\u00f1ados para soportar las duras condiciones de la pesca en alta mar y las exigencias pesadas de las grandes especies.<\/p>\n\n\n\n<h3 class=\"wp-block-heading\" id=\"conventional-reels\">Bobinas convencionales<\/h3>\n\n\n\n<p>Los carretes convencionales, tambi\u00e9n conocidos como carretes redondos, son similares a los carretes de curric\u00e1n, pero est\u00e1n dise\u00f1ados para usos m\u00e1s vers\u00e1tiles. Se utilizan t\u00edpicamente para la pesca de grandes peces y est\u00e1n disponibles en una amplia gama de tama\u00f1os y configuraciones.<\/p>\n\n\n\n<p>Estos carretes presentan un marco robusto y resistente, as\u00ed como un sistema de freno de alta resistencia. A menudo se utilizan en combinaci\u00f3n con ca\u00f1as convencionales para la pesca en alta mar y en aguas profundas, donde los peces poderosos como atunes y tiburones son el objetivo.<\/p>\n\n\n\n<p>Los carretes convencionales est\u00e1n dise\u00f1ados para la resistencia y durabilidad. Son perfectos para largas jornadas en el mar, ya que pueden manejar grandes cantidades de l\u00ednea y soportar el estr\u00e9s de luchar contra peces grandes en el oc\u00e9ano abierto.<\/p>\n\n\n\n<h2 class=\"wp-block-heading\">C\u00f3mo Elegir el Carrete de Pesca Adecuado<\/h2>\n\n\n\n<p>Al seleccionar un carrete de pesca, se deben tener en cuenta varios factores. Estos incluyen el tipo de pesca que planeas hacer, las especies a las que apuntas, las condiciones de pesca y tus preferencias personales.<\/p>\n\n\n\n<h3 class=\"wp-block-heading\" id=\"reel-size-and-gear-ratio\">Tama\u00f1o del carrete y relaci\u00f3n de engranaje<\/h3>\n\n\n\n<p>El tama\u00f1o de tu carrete determina cu\u00e1nta l\u00ednea de pesca puede contener. Cuanto m\u00e1s grande es el carrete, m\u00e1s l\u00ednea puede acomodar, lo cual es esencial para la pesca en alta mar y los lanzamientos a larga distancia.<\/p>\n\n\n\n<p>La relaci\u00f3n de transmisi\u00f3n se refiere a cu\u00e1ntas veces gira el carrete del reel por cada vuelta del mango. Una relaci\u00f3n de transmisi\u00f3n m\u00e1s alta (p. ej., 7:1) recupera la l\u00ednea m\u00e1s r\u00e1pido, lo cual es ideal para t\u00e9cnicas como el trolling r\u00e1pido o la captura de peces de r\u00e1pido movimiento. Una relaci\u00f3n de transmisi\u00f3n m\u00e1s baja (p. ej., 4:1) proporciona m\u00e1s potencia y a menudo se prefiere al pescar especies m\u00e1s grandes que requieren m\u00e1s esfuerzo para ser extra\u00eddas.<\/p>\n\n\n\n<h3 class=\"wp-block-heading\" id=\"drag-system\">Sistema de arrastre<\/h3>\n\n\n\n<p>El sistema de freno es una de las caracter\u00edsticas m\u00e1s importantes de cualquier carrete de pesca. El freno controla cu\u00e1nta resistencia se aplica a la l\u00ednea de pesca durante la lucha con un pez. Un sistema de freno suave permite un liberaci\u00f3n controlada de la l\u00ednea, previniendo que la l\u00ednea se rompa cuando el pez tira con fuerza.<\/p>\n\n\n\n<p>Hay dos tipos principales de sistemas de freno: freno frontales y frenos traseros. Los sistemas de freno frontales son m\u00e1s comunes en carretes de spinning y ofrecen m\u00e1s potencia y control. Los sistemas de freno traseros son m\u00e1s f\u00e1ciles de ajustar y a menudo se encuentran en carretes destinados a aparejos m\u00e1s ligeros.<\/p>\n\n\n\n<h3 class=\"wp-block-heading\" id=\"ball-bearings\">Rodamientos de bolas<\/h3>\n\n\n\n<p>Los rodamientos de bolas son esenciales para un rendimiento suave del carrete. Cuantos m\u00e1s rodamientos de bolas tenga un carrete, m\u00e1s suave ser\u00e1 la operaci\u00f3n, ya que reducen la fricci\u00f3n en el mecanismo del carrete.<\/p>\n\n\n\n<p>Los carretes de alta calidad pueden tener de 5 a 10 rodamientos, pero algunos carretes de pesca pueden tener hasta 15 o m\u00e1s. Si bien m\u00e1s rodamientos pueden mejorar la suavidad, la calidad general de construcci\u00f3n del carrete es m\u00e1s importante. Al elegir un carrete, es mejor equilibrar el n\u00famero de rodamientos con la durabilidad y la resistencia de los materiales utilizados en la construcci\u00f3n.<\/p>\n\n\n\n<h2 class=\"wp-block-heading\">Accesorios para Carretes de Pesca<\/h2>\n\n\n\n<p>Hay muchos accesorios que pueden mejorar el rendimiento, la longevidad y la funcionalidad de tu carrete de pesca. Estos accesorios var\u00edan desde herramientas de mantenimiento hasta piezas de repuesto y cubiertas protectoras.<\/p>\n\n\n\n<h3 class=\"wp-block-heading\" id=\"reel-maintenance-kits\">Kits de Mantenimiento de Carretes<\/h3>\n\n\n\n<p>Los kits de mantenimiento de carretes incluyen lubricantes, herramientas de limpieza y gu\u00edas de desensamble para ayudarte a mantener tu carrete en \u00f3ptimas condiciones. El mantenimiento regular es esencial para prolongar la vida de tu carrete y asegurar que funcione sin problemas.<\/p>\n\n\n\n<h3 class=\"wp-block-heading\" id=\"spare-spools\">Bobinas de repuesto<\/h3>\n\n\n\n<p>Tener bobinas de repuesto te permite cambiar f\u00e1cilmente entre diferentes tipos de hilos de pesca sin tener que volver a enrollar el carrete. Esto es especialmente \u00fatil cuando pescas en diferentes entornos, ya que puedes necesitar diferentes tipos de hilos para la pesca en agua dulce y en agua salada.<\/p>\n\n\n\n<h3 class=\"wp-block-heading\" id=\"reel-covers\">Cubiertas de carrete<\/h3>\n\n\n\n<p>Las fundas para carretes protegen tu carrete del polvo, la suciedad y los ara\u00f1azos cuando no est\u00e1 en uso. Son especialmente \u00fatiles para mantener tu carrete a salvo durante los viajes o el almacenamiento a largo plazo. Muchos carretes vienen con una funda, pero si el tuyo no la tiene, puedes comprar una por separado.<\/p>\n\n\n\n<h2 class=\"wp-block-heading\">Mantenimiento y cuidado de carretes de pesca<\/h2>\n\n\n\n<p>El mantenimiento adecuado es esencial para extender la vida \u00fatil de tu carrete y garantizar que funcione bien a lo largo del tiempo. La limpieza y lubricaci\u00f3n regulares son cruciales para mantener el carrete funcionando sin problemas.<\/p>\n\n\n\n<h3 class=\"wp-block-heading\">Limpieza<\/h3>\n\n\n\n<p>Despu\u00e9s de cada viaje de pesca, especialmente si has pescado en agua salada, es importante enjuagar tu carrete con agua dulce para eliminar la sal, la suciedad y los desechos. S\u00e9calo bien antes de guardarlo.<\/p>\n\n\n\n<h3 class=\"wp-block-heading\">Lubricaci\u00f3n<\/h3>\n\n\n\n<p>Utilice lubricantes espec\u00edficos para carretes para engrasar los engranajes, rodamientos y otras partes m\u00f3viles. Esto evitar\u00e1 la oxidaci\u00f3n y garantizar\u00e1 un funcionamiento suave durante el uso. Siga las recomendaciones del fabricante sobre los intervalos de lubricaci\u00f3n y los tipos de lubricantes.<\/p>\n\n\n\n<h3 class=\"wp-block-heading\">Almacenamiento<\/h3>\n\n\n\n<p>Guarda tu carrete en un lugar seco y fresco para prevenir la corrosi\u00f3n. Evita dejarlo expuesto a la luz solar durante largos per\u00edodos, ya que los rayos UV pueden da\u00f1ar los materiales con el tiempo.<\/p>\n\n\n\n<h2 class=\"wp-block-heading\">Preguntas Frecuentes<\/h2>\n\n\n\n<p>\u00bfCu\u00e1l es el mejor carrete para principiantes? Un carrete de spinning con un carrete de tama\u00f1o mediano y un sistema de freno suave es ideal para principiantes. \u00bfPuedo usar un carrete de agua dulce para la pesca en agua salada? Algunos carretes de agua dulce son adecuados para el agua salada, pero debes elegir un carrete con materiales resistentes a la corrosi\u00f3n para mayor durabilidad. \u00bfC\u00f3mo mantengo mi carrete de pesca? Limpia tu carrete despu\u00e9s de cada uso, lubrica las partes m\u00f3viles y gu\u00e1rdalo en un lugar seco y fresco para prolongar su vida \u00fatil.<\/p>\n\n\n\n<h2 class=\"wp-block-heading\">Conclusi\u00f3n y Siguientes Pasos<\/h2>\n\n\n\n<p>Los carretes de pesca son una pieza vital de equipo para los pescadores. Entender los diferentes tipos, seleccionar el adecuado y mantenerlo correctamente garantizar\u00e1 una gran experiencia de pesca. Compra nuestros carretes recomendados a continuaci\u00f3n para comenzar tu pr\u00f3xima aventura de pesca.<a href=\"\/es\/collections\/spinning-reels\/\">Tienda de carretes giratorios<\/a><a href=\"https:\/\/hktackle.com\/es\/categoria-producto\/bobinas\/\">Compra carretes de baitcasting<\/a><\/p>","protected":false},"excerpt":{"rendered":"<p>Complete Guide to Fishing Reels \u2014 Types, How to Choose, Maintenance &amp; Accessories Complete Guide to Fishing Reels: Types, Selection, Maintenance &amp; Accessories This pillar page brings together everything you need to know about fishing reels \u2014 from choosing the right reel to maintaining it and selecting the best accessories. It\u2019s written for anglers, fishing [&hellip;]<\/p>","protected":false},"author":1,"featured_media":0,"parent":0,"menu_order":0,"comment_status":"closed","ping_status":"closed","template":"","meta":{"footnotes":""},"class_list":["post-1894","page","type-page","status-publish","hentry"],"blocksy_meta":[],"_hostinger_reach_plugin_has_subscription_block":false,"_hostinger_reach_plugin_is_elementor":false,"_links":{"self":[{"href":"https:\/\/hktackle.com\/es\/wp-json\/wp\/v2\/pages\/1894","targetHints":{"allow":["GET"]}}],"collection":[{"href":"https:\/\/hktackle.com\/es\/wp-json\/wp\/v2\/pages"}],"about":[{"href":"https:\/\/hktackle.com\/es\/wp-json\/wp\/v2\/types\/page"}],"author":[{"embeddable":true,"href":"https:\/\/hktackle.com\/es\/wp-json\/wp\/v2\/users\/1"}],"replies":[{"embeddable":true,"href":"https:\/\/hktackle.com\/es\/wp-json\/wp\/v2\/comments?post=1894"}],"version-history":[{"count":4,"href":"https:\/\/hktackle.com\/es\/wp-json\/wp\/v2\/pages\/1894\/revisions"}],"predecessor-version":[{"id":1910,"href":"https:\/\/hktackle.com\/es\/wp-json\/wp\/v2\/pages\/1894\/revisions\/1910"}],"wp:attachment":[{"href":"https:\/\/hktackle.com\/es\/wp-json\/wp\/v2\/media?parent=1894"}],"curies":[{"name":"wp","href":"https:\/\/api.w.org\/{rel}","templated":true}]}}