{"id":1785,"date":"2025-11-12T03:55:33","date_gmt":"2025-11-12T03:55:33","guid":{"rendered":"https:\/\/hktackle.com\/?post_type=product&#038;p=1785"},"modified":"2025-11-17T05:31:02","modified_gmt":"2025-11-17T05:31:02","slug":"conjunto-definitivo-de-senuelos-de-pesca-crankbait-de-superficie","status":"publish","type":"product","link":"https:\/\/hktackle.com\/es\/producto\/conjunto-definitivo-de-senuelos-de-pesca-crankbait-de-superficie","title":{"rendered":"El Set de Se\u00f1uelos de Pesca Definitivo para Cada Pescador"},"content":{"rendered":"<h1 data-start=\"1277\" data-end=\"1336\"><strong data-start=\"1282\" data-end=\"1336\">El Set de Se\u00f1uelos de Pesca Definitivo para Cada Pescador<\/strong><\/h1>\n<p data-start=\"1338\" data-end=\"1674\">\u00bfEst\u00e1s listo para llevar tu pesca de lubinas al siguiente nivel? Nuestro <strong data-start=\"1401\" data-end=\"1430\">completo <a href=\"https:\/\/hktackle.com\/es\/guia-completa-de-cebos-de-pesca\/\">conjunto de se\u00f1uelos para pesca<\/a><\/strong> est\u00e1 dise\u00f1ado para darte todo lo que necesitas para pescar lubinas en cualquier entorno. Este <strong data-start=\"1515\" data-end=\"1535\">kit de se\u00f1uelos para pesca<\/strong> incluye <strong data-start=\"1545\" data-end=\"1571\">se\u00f1uelos de pesca en la superficie<\/strong>, <strong data-start=\"1573\" data-end=\"1586\">cebos de jig<\/strong>, y <strong data-start=\"1592\" data-end=\"1611\">carnadas crankbait<\/strong>\u2014cada uno ofreciendo ventajas \u00fanicas que te ayudan a pescar m\u00e1s.<\/p>\n<p data-start=\"1338\" data-end=\"1674\"><img loading=\"lazy\" decoding=\"async\" class=\"alignnone wp-image-1782\" src=\"https:\/\/hktackle.com\/wp-content\/uploads\/2025\/11\/fishing-lure-kits-12.jpg\" alt=\"conjunto de se\u00f1uelos para pesca\" width=\"621\" height=\"621\" title=\"\" srcset=\"https:\/\/hktackle.com\/wp-content\/uploads\/2025\/11\/fishing-lure-kits-12.jpg 800w, https:\/\/hktackle.com\/wp-content\/uploads\/2025\/11\/fishing-lure-kits-12-300x300.jpg 300w, https:\/\/hktackle.com\/wp-content\/uploads\/2025\/11\/fishing-lure-kits-12-150x150.jpg 150w, https:\/\/hktackle.com\/wp-content\/uploads\/2025\/11\/fishing-lure-kits-12-768x768.jpg 768w, https:\/\/hktackle.com\/wp-content\/uploads\/2025\/11\/fishing-lure-kits-12-600x600.jpg 600w\" sizes=\"auto, (max-width: 621px) 100vw, 621px\" \/><\/p>\n<hr data-start=\"1676\" data-end=\"1679\" \/>\n<h2 data-start=\"1681\" data-end=\"1743\"><strong data-start=\"1686\" data-end=\"1743\">\u00a0Qu\u00e9 incluye este Premium <a href=\"http:\/\/hktackle.com\/es\/\">Juego de se\u00f1uelos para pescar<\/a>?<\/strong><\/h2>\n<p data-start=\"1745\" data-end=\"2066\">Nuestro <strong data-start=\"1749\" data-end=\"1769\">conjunto de se\u00f1uelos para pesca<\/strong> viene con una variedad de se\u00f1uelos de alta calidad, cada uno cuidadosamente seleccionado para atraer lubinas en diferentes condiciones. Ya sea que prefieras los ataques explosivos de <strong data-start=\"1922\" data-end=\"1948\">se\u00f1uelos de pesca en la superficie<\/strong>la presentaci\u00f3n precisa de <strong data-start=\"1978\" data-end=\"1991\">cebos de jig<\/strong>, o la acci\u00f3n de inmersi\u00f3n profunda de <strong data-start=\"2020\" data-end=\"2039\">carnadas crankbait<\/strong>este conjunto te tiene cubierto.<\/p>\n<p data-start=\"2068\" data-end=\"2092\"><strong data-start=\"2068\" data-end=\"2092\">Incluido en el conjunto:<\/strong><\/p>\n<ul data-start=\"2093\" data-end=\"2812\">\n<li data-start=\"2093\" data-end=\"2330\">\n<p data-start=\"2095\" data-end=\"2330\"><a href=\"https:\/\/hktackle.com\/es\/guia-completa-de-cebos-de-pesca\/\"><strong data-start=\"2095\" data-end=\"2121\">Se\u00f1uelos de pesca en superficie<\/strong><\/a>Perfecto para ataques a la superficie, estos se\u00f1uelos imitan el movimiento de presas heridas, atrayendo a las lubinas a atacar. Ideal para pescar durante las primeras horas de la ma\u00f1ana o al final de la tarde, cuando los peces est\u00e1n aliment\u00e1ndose activamente cerca de la superficie.<\/p>\n<\/li>\n<li data-start=\"2331\" data-end=\"2575\">\n<p data-start=\"2333\" data-end=\"2575\"><strong data-start=\"2333\" data-end=\"2346\">Cebos Jig<\/strong>: Dise\u00f1ado para presentaciones m\u00e1s profundas, <a href=\"https:\/\/hktackle.com\/es\/guia-completa-de-cebos-de-pesca\/\"><strong data-start=\"2383\" data-end=\"2396\">cebos de jig<\/strong><\/a> son excelentes para pescar cerca del fondo de lagos, r\u00edos o embalses. Su movimiento lento y sutil imita la acci\u00f3n de los peces carnada en apuros, haci\u00e9ndolos irresistibles para el black bass.<\/p>\n<\/li>\n<li data-start=\"2576\" data-end=\"2812\">\n<p data-start=\"2578\" data-end=\"2812\"><strong data-start=\"2578\" data-end=\"2597\">Se\u00f1uelos Crankbait<\/strong>Estos se\u00f1uelos se sumergen a diversas profundidades, lo que los hace perfectos para atrapar bass en niveles de agua media. Con su acci\u00f3n de oscilaci\u00f3n, <a href=\"https:\/\/hktackle.com\/es\/guia-completa-de-cebos-de-pesca\/\"><strong data-start=\"2722\" data-end=\"2741\">cucharas de pesca crankbait<\/strong><\/a> imitar el movimiento natural de nataci\u00f3n de los peces forrajeros, atrayendo a los bass para que ataquen.<\/p>\n<\/li>\n<li data-start=\"2576\" data-end=\"2812\"><img loading=\"lazy\" decoding=\"async\" class=\"alignnone wp-image-1777\" src=\"https:\/\/hktackle.com\/wp-content\/uploads\/2025\/11\/fishing-lure-kits-7-717x1024.jpg\" alt=\"conjunto de se\u00f1uelos para pesca\" width=\"318\" height=\"455\" title=\"\" srcset=\"https:\/\/hktackle.com\/wp-content\/uploads\/2025\/11\/fishing-lure-kits-7-717x1024.jpg 717w, https:\/\/hktackle.com\/wp-content\/uploads\/2025\/11\/fishing-lure-kits-7-210x300.jpg 210w, https:\/\/hktackle.com\/wp-content\/uploads\/2025\/11\/fishing-lure-kits-7-768x1098.jpg 768w, https:\/\/hktackle.com\/wp-content\/uploads\/2025\/11\/fishing-lure-kits-7-600x857.jpg 600w, https:\/\/hktackle.com\/wp-content\/uploads\/2025\/11\/fishing-lure-kits-7.jpg 790w\" sizes=\"auto, (max-width: 318px) 100vw, 318px\" \/><img loading=\"lazy\" decoding=\"async\" class=\"alignnone wp-image-1774\" src=\"https:\/\/hktackle.com\/wp-content\/uploads\/2025\/11\/fishing-lure-kits-4-705x1024.jpg\" alt=\"cebo de manivela\" width=\"313\" height=\"455\" title=\"\" srcset=\"https:\/\/hktackle.com\/wp-content\/uploads\/2025\/11\/fishing-lure-kits-4-705x1024.jpg 705w, https:\/\/hktackle.com\/wp-content\/uploads\/2025\/11\/fishing-lure-kits-4-206x300.jpg 206w, https:\/\/hktackle.com\/wp-content\/uploads\/2025\/11\/fishing-lure-kits-4-768x1116.jpg 768w, https:\/\/hktackle.com\/wp-content\/uploads\/2025\/11\/fishing-lure-kits-4-600x872.jpg 600w, https:\/\/hktackle.com\/wp-content\/uploads\/2025\/11\/fishing-lure-kits-4.jpg 790w\" sizes=\"auto, (max-width: 313px) 100vw, 313px\" \/><img loading=\"lazy\" decoding=\"async\" class=\"alignnone wp-image-1783\" src=\"https:\/\/hktackle.com\/wp-content\/uploads\/2025\/11\/fishing-lure-kits-13.jpg\" alt=\"Kits de se\u00f1uelos baratos\" width=\"455\" height=\"455\" title=\"\" srcset=\"https:\/\/hktackle.com\/wp-content\/uploads\/2025\/11\/fishing-lure-kits-13.jpg 800w, https:\/\/hktackle.com\/wp-content\/uploads\/2025\/11\/fishing-lure-kits-13-300x300.jpg 300w, https:\/\/hktackle.com\/wp-content\/uploads\/2025\/11\/fishing-lure-kits-13-150x150.jpg 150w, https:\/\/hktackle.com\/wp-content\/uploads\/2025\/11\/fishing-lure-kits-13-768x768.jpg 768w, https:\/\/hktackle.com\/wp-content\/uploads\/2025\/11\/fishing-lure-kits-13-600x600.jpg 600w\" sizes=\"auto, (max-width: 455px) 100vw, 455px\" \/><\/li>\n<\/ul>\n<hr data-start=\"2814\" data-end=\"2817\" \/>\n<h2 data-start=\"2819\" data-end=\"2865\"><strong data-start=\"2824\" data-end=\"2865\">\u00a0\u00bfPor qu\u00e9 elegir este kit de se\u00f1uelos de pesca?<\/strong><\/h2>\n<p><img loading=\"lazy\" decoding=\"async\" class=\"alignnone wp-image-1469\" src=\"https:\/\/hktackle.com\/wp-content\/uploads\/2025\/11\/HK-fishing-tackle.jpg\" alt=\"HK Pesca Equipos\" width=\"596\" height=\"405\" title=\"\" srcset=\"https:\/\/hktackle.com\/wp-content\/uploads\/2025\/11\/HK-fishing-tackle.jpg 861w, https:\/\/hktackle.com\/wp-content\/uploads\/2025\/11\/HK-fishing-tackle-300x204.jpg 300w, https:\/\/hktackle.com\/wp-content\/uploads\/2025\/11\/HK-fishing-tackle-768x522.jpg 768w, https:\/\/hktackle.com\/wp-content\/uploads\/2025\/11\/HK-fishing-tackle-600x408.jpg 600w\" sizes=\"auto, (max-width: 596px) 100vw, 596px\" \/><\/p>\n<p data-start=\"2867\" data-end=\"3114\">Ya seas un principiante o un profesional experimentado, esto <strong data-start=\"2917\" data-end=\"2937\">kit de se\u00f1uelos para pesca<\/strong> es una adici\u00f3n esencial a tu caja de pesca. Con m\u00faltiples tipos de cebos en un solo conjunto, puedes adaptarte a diferentes condiciones de pesca y aumentar tus posibilidades de una captura exitosa.<\/p>\n<ul data-start=\"3116\" data-end=\"3663\">\n<li data-start=\"3116\" data-end=\"3324\">\n<p data-start=\"3118\" data-end=\"3324\"><strong data-start=\"3118\" data-end=\"3166\">Opciones vers\u00e1tiles para cualquier condici\u00f3n de pesca<\/strong>: Desde aguas poco profundas hasta ca\u00eddas profundas, <strong data-start=\"3203\" data-end=\"3221\">cejas de superficie<\/strong>, <strong data-start=\"3223\" data-end=\"3236\">cebos de jig<\/strong>, y <strong data-start=\"3242\" data-end=\"3261\">carnadas crankbait<\/strong> te dan la flexibilidad para pescar en una variedad de entornos.<\/p>\n<\/li>\n<li data-start=\"3325\" data-end=\"3486\">\n<p data-start=\"3327\" data-end=\"3486\"><strong data-start=\"3327\" data-end=\"3359\">Construcci\u00f3n de Calidad Premium<\/strong>Nuestras se\u00f1uelos est\u00e1n dise\u00f1ados para durar con materiales duraderos y acabados realistas que imitan el movimiento y el color de los peces carnada reales.<\/p>\n<\/li>\n<li data-start=\"3487\" data-end=\"3663\">\n<p data-start=\"3489\" data-end=\"3663\"><strong data-start=\"3489\" data-end=\"3517\">Perfecto para la pesca de lubinas<\/strong>Ya sea que est\u00e9s pescando en agua dulce o salada, este conjunto de se\u00f1uelos es ideal para atraer a la lubina, uno de los peces m\u00e1s populares y desafiantes de capturar.<\/p>\n<\/li>\n<\/ul>\n<h2 data-start=\"3670\" data-end=\"3727\"><strong data-start=\"3675\" data-end=\"3727\">C\u00f3mo Usar Efectivamente Su Conjunto de Se\u00f1uelos de Pesca<\/strong><\/h2>\n<p data-start=\"3729\" data-end=\"3850\">Para maximizar la efectividad de tu <strong data-start=\"3767\" data-end=\"3787\">conjunto de se\u00f1uelos para pesca<\/strong>es importante saber cu\u00e1ndo y c\u00f3mo utilizar cada tipo de cebo:<\/p>\n<ul data-start=\"3852\" data-end=\"4583\">\n<li data-start=\"3852\" data-end=\"4076\">\n<p data-start=\"3854\" data-end=\"4076\"><strong data-start=\"3854\" data-end=\"3880\">Se\u00f1uelos de pesca en superficie<\/strong>: Usar <strong data-start=\"3886\" data-end=\"3904\">cejas de superficie<\/strong> temprano por la ma\u00f1ana o tarde por la noche cuando los lucios se alimentan cerca de la superficie. Emplea una t\u00e9cnica de \"tir\u00f3n-pausa\" para crear perturbaciones en la superficie, imitando a presas heridas.<\/p>\n<\/li>\n<li data-start=\"4077\" data-end=\"4311\">\n<p data-start=\"4079\" data-end=\"4311\"><strong data-start=\"4079\" data-end=\"4092\">Cebos Jig<\/strong>: Reparto <strong data-start=\"4099\" data-end=\"4112\">cebos de jig<\/strong> alrededor de estructuras sumergidas, rocas o lechos de algas. Reduce la velocidad de tu recogida y permite que el se\u00f1uelo se hunda hasta el fondo antes de levantarlo y soltarlo suavemente, imitando el movimiento de un pez en apuros.<\/p>\n<\/li>\n<li data-start=\"4312\" data-end=\"4583\">\n<p data-start=\"4314\" data-end=\"4583\"><strong data-start=\"4314\" data-end=\"4333\">Se\u00f1uelos Crankbait<\/strong>: Usar <strong data-start=\"4339\" data-end=\"4358\">carnadas crankbait<\/strong> para la pesca a media agua o cuando se cubren grandes \u00e1reas. Var\u00eda la velocidad de recuperaci\u00f3n para encontrar la profundidad y acci\u00f3n adecuadas. Los crankbaits son especialmente efectivos en aguas profundas o cuando se busca pez basa cerca de ca\u00eddas y bordes submarinos.<\/p>\n<\/li>\n<\/ul>\n<hr data-start=\"4585\" data-end=\"4588\" \/>\n<h2 data-start=\"4590\" data-end=\"4635\"><strong data-start=\"4595\" data-end=\"4635\">Preguntas Frecuentes (FAQ)<\/strong><\/h2>\n<p data-start=\"4637\" data-end=\"4963\"><strong data-start=\"4637\" data-end=\"4703\">Q1: \u00bfQu\u00e9 hace que este conjunto de se\u00f1uelos de pesca sea perfecto para la pesca de bajo?<\/strong><br data-start=\"4703\" data-end=\"4706\" \/>A: Esto <strong data-start=\"4714\" data-end=\"4734\">conjunto de se\u00f1uelos para pesca<\/strong> incluye <strong data-start=\"4744\" data-end=\"4762\">cejas de superficie<\/strong>, <strong data-start=\"4764\" data-end=\"4777\">cebos de jig<\/strong>, y <strong data-start=\"4783\" data-end=\"4802\">carnadas crankbait<\/strong>, que est\u00e1n dise\u00f1ados para atraer lubinas en diferentes condiciones. Ya sea que est\u00e9s pescando en la superficie, en la parte media del agua o cerca del fondo, este kit te tiene cubierto.<\/p>\n<p data-start=\"4965\" data-end=\"5229\"><strong data-start=\"4965\" data-end=\"5019\">Q2: \u00bfPuedo usar este kit para otros tipos de pesca?<\/strong><br data-start=\"5019\" data-end=\"5022\" \/>A: Si bien este kit est\u00e1 espec\u00edficamente dise\u00f1ado para la pesca de lubinas, <strong data-start=\"5083\" data-end=\"5096\">cebos de jig<\/strong> y <strong data-start=\"5101\" data-end=\"5120\">carnadas crankbait<\/strong> puede ser efectivo para pescar otras especies como lucio, trucha y walleyes tanto en agua dulce como en agua salada.<\/p>\n<p data-start=\"5231\" data-end=\"5491\"><strong data-start=\"5231\" data-end=\"5266\">Q3: \u00bfC\u00f3mo guardo estos se\u00f1uelos?<\/strong><br data-start=\"5266\" data-end=\"5269\" \/>A: Para mantener tus se\u00f1uelos en las mejores condiciones, gu\u00e1rdalos en una caja de pesca con compartimentos individuales. Esto evita que se enreden o se da\u00f1en. Aseg\u00farate de mantenerlos secos despu\u00e9s de cada uso para conservar su calidad.<\/p>\n<hr data-start=\"5493\" data-end=\"5496\" \/>\n<h2 data-start=\"5498\" data-end=\"5554\"><strong data-start=\"5503\" data-end=\"5554\">\u00a1Ordena tu conjunto completo de se\u00f1uelos de pesca hoy!<\/strong><\/h2>\n<p data-start=\"5556\" data-end=\"5918\">\u00bfListo para atrapar tu pr\u00f3xima gran captura? Pide el <strong data-start=\"5604\" data-end=\"5633\">conjunto definitivo de cebos para pesca<\/strong> \u00a1desde HK Tackle hoy! Este completo <strong data-start=\"5675\" data-end=\"5695\">kit de se\u00f1uelos para pesca<\/strong> incluye todos los cebos que necesitas para atrapar lubinas en cualquier condici\u00f3n de pesca, desde <strong data-start=\"5773\" data-end=\"5799\">se\u00f1uelos de pesca en la superficie<\/strong> a <strong data-start=\"5803\" data-end=\"5816\">cebos de jig<\/strong> y <strong data-start=\"5821\" data-end=\"5840\">carnadas crankbait<\/strong>No te lo pierdas: mejora tu juego de pesca y comienza a atrapar m\u00e1s bass hoy mismo.<\/p>\n<p data-start=\"5556\" data-end=\"5918\"><div class=\"wpforms-container\" id=\"wpforms-564\"><form id=\"wpforms-form-564\" class=\"wpforms-validate wpforms-form wpforms-ajax-form\" data-formid=\"564\" method=\"post\" enctype=\"multipart\/form-data\" action=\"\/es\/wp-json\/wp\/v2\/product\/1785\" data-token=\"a5e36027957c0b678575a16e829041db\" data-token-time=\"1776391313\" data-trp-original-action=\"\/es\/wp-json\/wp\/v2\/product\/1785\"><div class=\"wpforms-head-container\"><div class=\"wpforms-title\">Solicitar cotizaci\u00f3n<\/div><\/div><noscript class=\"wpforms-error-noscript\">Por favor, activa JavaScript en tu navegador para completar este formulario.<\/noscript><div class=\"wpforms-field-container\"><div id=\"wpforms-564-field_1-container\" class=\"wpforms-field wpforms-field-name\" data-field-id=\"1\"><label class=\"wpforms-field-label wpforms-label-hide\" for=\"wpforms-564-field_1\">Nombre <span class=\"wpforms-required-label\">*<\/span><\/label><input type=\"text\" id=\"wpforms-564-field_1\" class=\"wpforms-field-medium wpforms-field-required\" name=\"wpforms[fields][1]\" placeholder=\"Nombre\" required><\/div><div id=\"wpforms-564-field_2-container\" class=\"wpforms-field wpforms-field-name\" data-field-id=\"2\"><label class=\"wpforms-field-label wpforms-label-hide\" for=\"wpforms-564-field_2\">Whatsapp <span class=\"wpforms-required-label\">*<\/span><\/label><input type=\"text\" id=\"wpforms-564-field_2\" class=\"wpforms-field-medium wpforms-field-required\" name=\"wpforms[fields][2]\" placeholder=\"Whatapp\" required><\/div><div id=\"wpforms-564-field_4-container\" class=\"wpforms-field wpforms-field-name\" data-field-id=\"4\"><label class=\"wpforms-field-label wpforms-label-hide\" for=\"wpforms-564-field_4\">Correo electr\u00f3nico <span class=\"wpforms-required-label\">*<\/span><\/label><input type=\"text\" id=\"wpforms-564-field_4\" class=\"wpforms-field-medium wpforms-field-required\" name=\"wpforms[fields][4]\" placeholder=\"Correo electr\u00f3nico\" required><\/div><div id=\"wpforms-564-field_3-container\" class=\"wpforms-field wpforms-field-name\" data-field-id=\"3\"><label class=\"wpforms-field-label wpforms-label-hide\" for=\"wpforms-564-field_3\">Consulta <span class=\"wpforms-required-label\">*<\/span><\/label><input type=\"text\" id=\"wpforms-564-field_3\" class=\"wpforms-field-medium wpforms-field-required\" name=\"wpforms[fields][3]\" placeholder=\"qu\u00e9 producto necesitas\" required><\/div>\t\t<div id=\"wpforms-564-field_7-container\"\n\t\t\tclass=\"wpforms-field wpforms-field-text\"\n\t\t\tdata-field-type=\"text\"\n\t\t\tdata-field-id=\"7\"\n\t\t\t>\n\t\t\t<label class=\"wpforms-field-label\" for=\"wpforms-564-field_7\" >P\u00e1gina de consulta de nombre<\/label>\n\t\t\t<input type=\"text\" id=\"wpforms-564-field_7\" class=\"wpforms-field-medium\" name=\"wpforms[fields][7]\" >\n\t\t<\/div>\n\t\t<div id=\"wpforms-564-field_5-container\" class=\"wpforms-field wpforms-field-hidden\" data-field-id=\"5\"><input type=\"hidden\" id=\"wpforms-564-field_5\" name=\"wpforms[fields][5]\" value=\"216.73.216.251\"><\/div><div id=\"wpforms-564-field_6-container\" class=\"wpforms-field wpforms-field-hidden\" data-field-id=\"6\"><input type=\"hidden\" id=\"wpforms-564-field_6\" name=\"wpforms[fields][6]\" value=\"https:\/\/hktackle.com\/es\/wp-json\/wp\/v2\/product\/1785\"><\/div><script>\n\t\t\t\t( function() {\n\t\t\t\t\tconst style = document.createElement( 'style' );\n\t\t\t\t\tstyle.appendChild( document.createTextNode( '#wpforms-564-field_7-container { position: absolute !important; overflow: hidden !important; display: inline !important; height: 1px !important; width: 1px !important; z-index: -1000 !important; padding: 0 !important; } #wpforms-564-field_7-container input { visibility: hidden; } #wpforms-conversational-form-page #wpforms-564-field_7-container label { counter-increment: none; }' ) );\n\t\t\t\t\tdocument.head.appendChild( style );\n\t\t\t\t\tdocument.currentScript?.remove();\n\t\t\t\t} )();\n\t\t\t<\/script><\/div><!-- .wpforms-field-container --><div class=\"wpforms-submit-container\" ><input type=\"hidden\" name=\"wpforms[id]\" value=\"564\"><input type=\"hidden\" name=\"page_title\" value=\"\"><input type=\"hidden\" name=\"page_url\" value=\"https:\/\/hktackle.com\/es\/wp-json\/wp\/v2\/product\/1785\"><input type=\"hidden\" name=\"url_referer\" value=\"\"><button type=\"submit\" name=\"wpforms[submit]\" id=\"wpforms-submit-564\" class=\"wpforms-submit\" data-alt-text=\"Sending\" data-submit-text=\"Summit\" aria-live=\"assertive\" value=\"wpforms-submit\">Cumbre<\/button><img loading=\"lazy\" decoding=\"async\" src=\"https:\/\/hktackle.com\/wp-content\/plugins\/wpforms\/assets\/images\/submit-spin.svg\" class=\"wpforms-submit-spinner\" style=\"display: none;\" width=\"26\" height=\"26\" alt=\"Cargando\" title=\"\"><\/div><input type=\"hidden\" name=\"trp-form-language\" value=\"es\"\/><\/form><\/div>  <!-- .wpforms-container --><\/p>","protected":false},"excerpt":{"rendered":"<p>Desbloquea tu potencial de pesca con nuestro <strong data-start=\"1478\" data-end=\"1507\">conjunto definitivo de cebos para pesca<\/strong> dise\u00f1ado para pescadores de lubinas. Este <strong data-start=\"1540\" data-end=\"1560\">kit de se\u00f1uelos para pesca<\/strong> incluye una variedad de <strong data-start=\"1583\" data-end=\"1601\">cejas de superficie<\/strong>, <strong data-start=\"1603\" data-end=\"1622\">carnadas crankbait<\/strong>, y <strong data-start=\"1628\" data-end=\"1650\">cebaitas de pl\u00e1stico blando<\/strong>\u2014perfecto para pescar lubinas en cualquier condici\u00f3n. Ya sea que est\u00e9s pescando en aguas poco profundas o profundas, este <strong data-start=\"1750\" data-end=\"1770\">conjunto de cebos para pescar<\/strong> ofrece todas las opciones que necesitas para golpes efectivos y tasas de captura m\u00e1s altas. Con una variedad de colores, tama\u00f1os y estilos, este <strong data-start=\"1899\" data-end=\"1911\">conjunto de cebos<\/strong> es ideal tanto para pescadores principiantes como experimentados que buscan mejorar su t\u00e9cnica.<\/p>\n<div class=\"wp-block-stackable-button stk-block-button popmake-1340 stk-block stk-d95bae2 popmake-1340\" data-block-id=\"d95bae2\"><\/div>\n<div class=\"wp-block-stackable-button stk-block-button popmake-1340 stk-block stk-13b8711 popmake-1340\" data-block-id=\"13b8711\">\n<style>.stk-13b8711 {min-height:var(--stk--preset--block-height--x-small, 4rem) !important;padding-top:var(--stk--preset--spacing--none, 0px) !important;padding-right:var(--stk--preset--spacing--none, 0px) !important;padding-bottom:var(--stk--preset--spacing--none, 0px) !important;padding-left:var(--stk--preset--spacing--none, 0px) !important;}.stk-13b8711 .stk-button{min-height:36px !important;padding-top:var(--stk--preset--spacing--40, 1rem) !important;padding-right:33px !important;padding-bottom:var(--stk--preset--spacing--40, 1rem) !important;background:#2db2eb !important;border-top-left-radius:var(--stk--preset--border-radius--small, 4px) !important;border-top-right-radius:var(--stk--preset--border-radius--small, 4px) !important;border-bottom-right-radius:var(--stk--preset--border-radius--small, 4px) !important;border-bottom-left-radius:var(--stk--preset--border-radius--small, 4px) !important;}.stk-13b8711 .stk-button__inner-text{color:#fffffe !important;}<\/style>\n<p><a class=\"stk-link stk-button stk--hover-effect-lift-scale-more\"><span class=\"has-text-color stk-button__inner-text\">Solicitar una cotizaci\u00f3n <\/span><\/a><\/p>\n<\/div>\n<div id=\"gtx-trans\" style=\"position: absolute; left: 1px; top: 76px;\">\n<div class=\"gtx-trans-icon\"><\/div>\n<\/div>","protected":false},"featured_media":1773,"template":"","meta":[],"product_brand":[],"product_cat":[27],"product_tag":[],"class_list":{"0":"post-1785","1":"product","2":"type-product","3":"status-publish","4":"has-post-thumbnail","6":"product_cat-online-shop","8":"first","9":"instock","10":"sale","11":"shipping-taxable","12":"purchasable","13":"product-type-simple"},"_links":{"self":[{"href":"https:\/\/hktackle.com\/es\/wp-json\/wp\/v2\/product\/1785","targetHints":{"allow":["GET"]}}],"collection":[{"href":"https:\/\/hktackle.com\/es\/wp-json\/wp\/v2\/product"}],"about":[{"href":"https:\/\/hktackle.com\/es\/wp-json\/wp\/v2\/types\/product"}],"wp:featuredmedia":[{"embeddable":true,"href":"https:\/\/hktackle.com\/es\/wp-json\/wp\/v2\/media\/1773"}],"wp:attachment":[{"href":"https:\/\/hktackle.com\/es\/wp-json\/wp\/v2\/media?parent=1785"}],"wp:term":[{"taxonomy":"product_brand","embeddable":true,"href":"https:\/\/hktackle.com\/es\/wp-json\/wp\/v2\/product_brand?post=1785"},{"taxonomy":"product_cat","embeddable":true,"href":"https:\/\/hktackle.com\/es\/wp-json\/wp\/v2\/product_cat?post=1785"},{"taxonomy":"product_tag","embeddable":true,"href":"https:\/\/hktackle.com\/es\/wp-json\/wp\/v2\/product_tag?post=1785"}],"curies":[{"name":"wp","href":"https:\/\/api.w.org\/{rel}","templated":true}]}}