{"id":1786,"date":"2025-11-12T04:33:14","date_gmt":"2025-11-12T04:33:14","guid":{"rendered":"https:\/\/hktackle.com\/?post_type=product&#038;p=1786"},"modified":"2025-12-02T15:15:26","modified_gmt":"2025-12-02T15:15:26","slug":"carrete-de-pesca-baitcasting-para-agua-salada","status":"publish","type":"product","link":"https:\/\/hktackle.com\/es\/producto\/carrete-de-pesca-baitcasting-para-agua-salada","title":{"rendered":"Las Mejores Bobinas de Pesca Baitcast para Precisi\u00f3n, Potencia y Rendimiento"},"content":{"rendered":"<h1 data-start=\"1040\" data-end=\"1115\"><strong data-start=\"1045\" data-end=\"1115\">Mejores carretes de pesca Baitcast para precisi\u00f3n, potencia y rendimiento<\/strong><\/h1>\n<p><img loading=\"lazy\" decoding=\"async\" class=\"alignnone wp-image-1248\" src=\"https:\/\/hktackle.com\/wp-content\/uploads\/2025\/10\/baitcasting-reel.png\" alt=\"carretillas de baitcasting para agua salada\" width=\"287\" height=\"399\" title=\"\" srcset=\"https:\/\/hktackle.com\/wp-content\/uploads\/2025\/10\/baitcasting-reel.png 384w, https:\/\/hktackle.com\/wp-content\/uploads\/2025\/10\/baitcasting-reel-216x300.png 216w\" sizes=\"auto, (max-width: 287px) 100vw, 287px\" \/><img loading=\"lazy\" decoding=\"async\" class=\"alignnone wp-image-1247\" src=\"https:\/\/hktackle.com\/wp-content\/uploads\/2025\/10\/baitcasting-reel-2.png\" alt=\"mejor carrete de baitcaster\" width=\"408\" height=\"399\" title=\"\" srcset=\"https:\/\/hktackle.com\/wp-content\/uploads\/2025\/10\/baitcasting-reel-2.png 573w, https:\/\/hktackle.com\/wp-content\/uploads\/2025\/10\/baitcasting-reel-2-60x60.png 60w, https:\/\/hktackle.com\/wp-content\/uploads\/2025\/10\/baitcasting-reel-2-300x293.png 300w\" sizes=\"auto, (max-width: 408px) 100vw, 408px\" \/><\/p>\n<p data-start=\"1117\" data-end=\"1528\">Cuando se trata de pescar black bass, la precisi\u00f3n y la potencia son clave. El <a href=\"https:\/\/hktackle.com\/es\/guia-de-carretes-de-pesca\/\"><strong data-start=\"1181\" data-end=\"1212\">mejores carretes de pesca baitcast<\/strong> <\/a>combinar tecnolog\u00eda avanzada, dise\u00f1os ergon\u00f3micos y durabilidad de larga duraci\u00f3n, lo que los convierte en la elecci\u00f3n preferida para los pescadores serios. Ya sea que busques el perfecto <strong data-start=\"1373\" data-end=\"1392\">carrete de baitcasting<\/strong> para la pesca en agua dulce o necesita un robusto <a href=\"https:\/\/hktackle.com\/es\/categoria-producto\/bobinas\/\"><strong data-start=\"1432\" data-end=\"1462\">carrete de baitcasting de agua salada<\/strong><\/a> para manejar las condiciones m\u00e1s dif\u00edciles, HK Tackle te tiene cubierto.<\/p>\n<hr data-start=\"1530\" data-end=\"1533\" \/>\n<h2 data-start=\"1535\" data-end=\"1591\"><strong data-start=\"1540\" data-end=\"1591\">\u00a0\u00bfQu\u00e9 hace a los mejores carretes de pesca baitcast?<\/strong><\/h2>\n<p><img loading=\"lazy\" decoding=\"async\" class=\"alignnone wp-image-1469\" src=\"https:\/\/hktackle.com\/wp-content\/uploads\/2025\/11\/HK-fishing-tackle.jpg\" alt=\"HK Pesca Equipos\" width=\"560\" height=\"381\" title=\"\" srcset=\"https:\/\/hktackle.com\/wp-content\/uploads\/2025\/11\/HK-fishing-tackle.jpg 861w, https:\/\/hktackle.com\/wp-content\/uploads\/2025\/11\/HK-fishing-tackle-300x204.jpg 300w, https:\/\/hktackle.com\/wp-content\/uploads\/2025\/11\/HK-fishing-tackle-768x522.jpg 768w, https:\/\/hktackle.com\/wp-content\/uploads\/2025\/11\/HK-fishing-tackle-600x408.jpg 600w\" sizes=\"auto, (max-width: 560px) 100vw, 560px\" \/><\/p>\n<p data-start=\"1593\" data-end=\"1862\">Eligiendo el <a href=\"https:\/\/hktackle.com\/es\/introduccion-del-producto\/que-es-un-carrete-de-baitcasting\/\"><strong data-start=\"1606\" data-end=\"1636\">mejor carrete de pesca baitcast<\/strong><\/a> es esencial para un rendimiento \u00f3ptimo en la pesca. Estos carretes ofrecen una precisi\u00f3n de lanzamiento superior, sistemas de arrastre suaves y la capacidad de manejar peces m\u00e1s grandes. Aqu\u00ed tienes lo que necesitas saber al seleccionar tu pr\u00f3ximo <a href=\"https:\/\/hktackle.com\/es\/categoria-producto\/bobinas\/\"><strong data-start=\"1842\" data-end=\"1861\">carrete de baitcasting<\/strong><\/a>:<\/p>\n<ul data-start=\"1864\" data-end=\"2396\">\n<li data-start=\"1864\" data-end=\"2034\">\n<p data-start=\"1866\" data-end=\"2034\"><strong data-start=\"1866\" data-end=\"1892\">Sistemas de Engranajes de Precisi\u00f3n<\/strong>: El <strong data-start=\"1898\" data-end=\"1924\">mejores carretes de baitcasting<\/strong> presentan relaciones de engranaje altas, que permiten velocidades de recuperaci\u00f3n m\u00e1s r\u00e1pidas, lo que las hace perfectas para la pesca de precisi\u00f3n.<\/p>\n<\/li>\n<li data-start=\"2035\" data-end=\"2215\">\n<p data-start=\"2037\" data-end=\"2215\"><strong data-start=\"2037\" data-end=\"2065\">Construcci\u00f3n Ligera<\/strong>: Alta calidad <strong data-start=\"2080\" data-end=\"2100\">carretes de baitcaster<\/strong> est\u00e1n hechos de materiales ligeros como aluminio o fibra de carbono, ofreciendo un equilibrio entre resistencia y facilidad de uso.<\/p>\n<\/li>\n<li data-start=\"2216\" data-end=\"2396\">\n<p data-start=\"2218\" data-end=\"2396\"><strong data-start=\"2218\" data-end=\"2238\">Dise\u00f1o ergon\u00f3mico<\/strong>La comodidad es fundamental, especialmente en los viajes de pesca largos. El <a href=\"https:\/\/hktackle.com\/es\/guia-de-carretes-de-pesca\/\"><strong data-start=\"2299\" data-end=\"2324\">mejores carretes de baitcaster<\/strong><\/a> vienen con mangos ergon\u00f3micos y empu\u00f1aduras ajustables para un ajuste c\u00f3modo.<\/p>\n<\/li>\n<\/ul>\n<p data-start=\"2398\" data-end=\"2551\">Ya sea que est\u00e9s pescando lubinas en lagos o combatiendo peces grandes de agua salada, estos carretes est\u00e1n dise\u00f1ados para pescadores que exigen precisi\u00f3n, velocidad y durabilidad.<\/p>\n<hr data-start=\"2553\" data-end=\"2556\" \/>\n<h3 data-start=\"2558\" data-end=\"2627\"><strong data-start=\"2563\" data-end=\"2627\">Carretes de baitcasting de agua salada - Construidos para condiciones dif\u00edciles<\/strong><\/h3>\n<p data-start=\"2629\" data-end=\"2897\">Pescar en agua salada presenta su propio conjunto de desaf\u00edos, y usar el carrete adecuado es esencial para el \u00e9xito. <strong data-start=\"2737\" data-end=\"2768\">Carretes de baitcasting para agua salada<\/strong> est\u00e1n dise\u00f1ados para resistir el duro entorno de agua salada, contando con materiales resistentes a la corrosi\u00f3n y tecnolog\u00eda de sellado avanzada.<\/p>\n<h3 data-start=\"2899\" data-end=\"2956\">Caracter\u00edsticas de los Mejores <strong data-start=\"2924\" data-end=\"2955\">Carretes de baitcasting de agua salada<\/strong>:<\/h3>\n<ul data-start=\"2957\" data-end=\"3459\">\n<li data-start=\"2957\" data-end=\"3127\">\n<p data-start=\"2959\" data-end=\"3127\"><strong data-start=\"2959\" data-end=\"2992\">Materiales Resistente a la Corrosi\u00f3n<\/strong>El cuerpo y el carrete est\u00e1n t\u00edpicamente hechos de acero inoxidable, aluminio o materiales compuestos de alta calidad que resisten el da\u00f1o del agua salada.<\/p>\n<\/li>\n<li data-start=\"3128\" data-end=\"3280\">\n<p data-start=\"3130\" data-end=\"3280\"><strong data-start=\"3130\" data-end=\"3161\">Tecnolog\u00eda de Sellado Avanzada<\/strong>: Mantiene el agua salada y los desechos fuera de los mecanismos internos del carrete, asegurando un funcionamiento suave incluso en condiciones dif\u00edciles.<\/p>\n<\/li>\n<li data-start=\"3281\" data-end=\"3459\">\n<p data-start=\"3283\" data-end=\"3459\"><strong data-start=\"3283\" data-end=\"3308\">Sistemas de arrastre potentes<\/strong>El sistema de arrastre en <strong data-start=\"3329\" data-end=\"3360\">carretillas de baitcasting para agua salada<\/strong> est\u00e1 dise\u00f1ado para manejar peces grandes y poderosos, permiti\u00e9ndote mantener el control incluso en aguas turbulentas.<\/p>\n<\/li>\n<\/ul>\n<hr data-start=\"3461\" data-end=\"3464\" \/>\n<h2 data-start=\"3466\" data-end=\"3536\"><strong data-start=\"3471\" data-end=\"3536\">\u00a0\u00bfPor qu\u00e9 elegir un carrete de baitcaster para tus aventuras de pesca?<\/strong><\/h2>\n<p><img loading=\"lazy\" decoding=\"async\" class=\"alignnone wp-image-1624\" src=\"https:\/\/hktackle.com\/wp-content\/uploads\/2025\/11\/saltwater-lures-2-1024x440.jpg\" alt=\"mejor carrete de pesca baitcast\" width=\"749\" height=\"322\" title=\"\" srcset=\"https:\/\/hktackle.com\/wp-content\/uploads\/2025\/11\/saltwater-lures-2-1024x440.jpg 1024w, https:\/\/hktackle.com\/wp-content\/uploads\/2025\/11\/saltwater-lures-2-300x129.jpg 300w, https:\/\/hktackle.com\/wp-content\/uploads\/2025\/11\/saltwater-lures-2-768x330.jpg 768w, https:\/\/hktackle.com\/wp-content\/uploads\/2025\/11\/saltwater-lures-2-1536x659.jpg 1536w, https:\/\/hktackle.com\/wp-content\/uploads\/2025\/11\/saltwater-lures-2-2048x879.jpg 2048w, https:\/\/hktackle.com\/wp-content\/uploads\/2025\/11\/saltwater-lures-2-600x258.jpg 600w\" sizes=\"auto, (max-width: 749px) 100vw, 749px\" \/><\/p>\n<p data-start=\"3538\" data-end=\"3848\">A <strong data-start=\"3540\" data-end=\"3559\">carrete de baitcasting<\/strong> es un favorito entre muchos pescadores debido a su control y potencia, especialmente al pescar en condiciones desafiantes. Ya sea que est\u00e9s lanzando en vegetaci\u00f3n densa o intentando cubrir una gran cantidad de agua, <strong data-start=\"3758\" data-end=\"3778\">carretes de baitcaster<\/strong> permite una excelente gesti\u00f3n de l\u00ednea y lanzamientos precisos a larga distancia.<\/p>\n<p data-start=\"3850\" data-end=\"3889\"><strong data-start=\"3850\" data-end=\"3888\">Ventajas clave de los carretes Baitcaster<\/strong>:<\/p>\n<ul data-start=\"3890\" data-end=\"4372\">\n<li data-start=\"3890\" data-end=\"4069\">\n<p data-start=\"3892\" data-end=\"4069\"><strong data-start=\"3892\" data-end=\"3912\">Precisi\u00f3n de fundici\u00f3n<\/strong>A diferencia de los carretes giratorios, <a href=\"https:\/\/hktackle.com\/es\/introduccion-del-producto\/que-es-un-carrete-de-baitcasting\/\"><strong data-start=\"3937\" data-end=\"3957\">carretes de baitcaster<\/strong> <\/a>permitir un lanzamiento preciso, ideal para colocar cebos en ubicaciones espec\u00edficas como coberturas ajustadas o alrededor de estructuras.<\/p>\n<\/li>\n<li data-start=\"4070\" data-end=\"4206\">\n<p data-start=\"4072\" data-end=\"4206\"><strong data-start=\"4072\" data-end=\"4094\">Poder y Fuerza<\/strong>Las relaciones de transmisi\u00f3n altas y los potentes sistemas de arrastre ofrecen a los pescadores las herramientas necesarias para atraer peces grandes.<\/p>\n<\/li>\n<li data-start=\"4207\" data-end=\"4372\">\n<p data-start=\"4209\" data-end=\"4372\"><strong data-start=\"4209\" data-end=\"4232\">Mejor Control de L\u00ednea<\/strong>: <strong data-start=\"4234\" data-end=\"4255\">Carretes de baitcasting<\/strong> ofrecer un mejor control de la l\u00ednea, reduciendo la probabilidad de enredos y asegurando que su cebo permanezca en el agua por m\u00e1s tiempo.<\/p>\n<\/li>\n<\/ul>\n<hr data-start=\"4374\" data-end=\"4377\" \/>\n<h2 data-start=\"4379\" data-end=\"4439\"><strong data-start=\"4384\" data-end=\"4439\">Elegir el Carrete Baitcast Adecuado para Sus Necesidades<\/strong><\/h2>\n<p data-start=\"4441\" data-end=\"4665\">Diferentes condiciones de pesca requieren diferentes carretes, y encontrar el adecuado <strong data-start=\"4517\" data-end=\"4537\">carrete de baitcasting<\/strong> para el trabajo puede hacer toda la diferencia. Aqu\u00ed hay una gu\u00eda para elegir el carrete perfecto para entornos de agua dulce y salada:<\/p>\n<ol data-start=\"4667\" data-end=\"5128\">\n<li data-start=\"4667\" data-end=\"4884\">\n<p data-start=\"4670\" data-end=\"4884\"><strong data-start=\"4670\" data-end=\"4696\">Para la Pesca en Agua Dulce<\/strong>Elige un <strong data-start=\"4707\" data-end=\"4726\">carrete de baitcasting<\/strong> con una relaci\u00f3n de engranaje m\u00e1s alta para una recuperaci\u00f3n m\u00e1s r\u00e1pida y materiales m\u00e1s ligeros para un manejo m\u00e1s f\u00e1cil. Estos carretes son ideales para la lubina, la trucha y otras especies de agua dulce.<\/p>\n<\/li>\n<li data-start=\"4885\" data-end=\"5128\">\n<p data-start=\"4888\" data-end=\"5128\"><strong data-start=\"4888\" data-end=\"4913\">Para la pesca en agua salada<\/strong>Optar por <strong data-start=\"4923\" data-end=\"4954\">carretillas de baitcasting para agua salada<\/strong> que est\u00e1n dise\u00f1ados con componentes resistentes a la corrosi\u00f3n y un sistema de arrastre potente. Estos carretes est\u00e1n fabricados para manejar los peces m\u00e1s grandes y fuertes que podr\u00edas encontrar en el oc\u00e9ano.<\/p>\n<\/li>\n<\/ol>\n<hr data-start=\"5130\" data-end=\"5133\" \/>\n<h2 data-start=\"5135\" data-end=\"5180\"><strong data-start=\"5140\" data-end=\"5180\">\u00a0Preguntas Frecuentes (FAQ)<\/strong><\/h2>\n<p data-start=\"5182\" data-end=\"5464\"><strong data-start=\"5182\" data-end=\"5259\">Q1: \u00bfCu\u00e1l es la diferencia entre un carrete de baitcasting y un carrete de spinning?<\/strong><br data-start=\"5259\" data-end=\"5262\" \/>A: <strong data-start=\"5265\" data-end=\"5285\">Carretes de baitcaster<\/strong> ofrecer mejor precisi\u00f3n y control, mientras <strong data-start=\"5327\" data-end=\"5345\">carretes giratorios<\/strong> son m\u00e1s f\u00e1ciles de usar para los principiantes. <strong data-start=\"5379\" data-end=\"5394\">Carretes de baitcasting<\/strong> son preferidos para pescadores m\u00e1s experimentados y para la pesca de precisi\u00f3n.<\/p>\n<p data-start=\"5466\" data-end=\"5737\"><strong data-start=\"5466\" data-end=\"5515\">Q2: \u00bfPuedo usar un carrete baitcaster en agua salada?<\/strong><br data-start=\"5515\" data-end=\"5518\" \/>A: S\u00ed, <strong data-start=\"5526\" data-end=\"5557\">carretillas de baitcasting para agua salada<\/strong> est\u00e1n dise\u00f1ados espec\u00edficamente para el ambiente corrosivo del agua salada. Presentan materiales resistentes a la corrosi\u00f3n y est\u00e1n construidos para soportar las duras condiciones de la pesca en agua salada.<\/p>\n<p data-start=\"5739\" data-end=\"6003\"><strong data-start=\"5739\" data-end=\"5803\">Q3: \u00bfQu\u00e9 tama\u00f1o de carrete baitcaster deber\u00eda usar para la pesca de lubinas?<\/strong><br data-start=\"5803\" data-end=\"5806\" \/>A: Para la pesca de lubinas, un <strong data-start=\"5829\" data-end=\"5848\">carrete de baitcasting<\/strong> con una relaci\u00f3n de engranajes entre 6:1 y 7:1 es ideal para la mayor\u00eda de las situaciones. Proporciona un buen equilibrio de potencia y velocidad tanto para la pesca en aguas poco profundas como en aguas profundas.<\/p>\n<hr data-start=\"6005\" data-end=\"6008\" \/>\n<h1 data-start=\"6010\" data-end=\"6070\"><strong data-start=\"6015\" data-end=\"6070\">\u00a1Pide hoy mismo tu carrete de pesca baitcast perfecto!<\/strong><\/h1>\n<p data-start=\"6072\" data-end=\"6370\">Si est\u00e1s listo para experimentar el poder y la precisi\u00f3n del <strong data-start=\"6133\" data-end=\"6164\">mejores carretes de pesca baitcast<\/strong>, pide a HK Tackle hoy. Ya sea que necesites un <strong data-start=\"6213\" data-end=\"6232\">carrete de baitcasting<\/strong> para la pesca de lubinas de agua dulce o un <strong data-start=\"6266\" data-end=\"6296\">carrete de baitcasting de agua salada<\/strong> para el oc\u00e9ano abierto, tenemos el carrete perfecto para adaptarse a tu estilo de pesca.<\/p>\n<p data-start=\"6072\" data-end=\"6370\"><div class=\"wpforms-container\" id=\"wpforms-564\"><form id=\"wpforms-form-564\" class=\"wpforms-validate wpforms-form wpforms-ajax-form\" data-formid=\"564\" method=\"post\" enctype=\"multipart\/form-data\" action=\"\/es\/wp-json\/wp\/v2\/product\/1786\" data-token=\"a5e36027957c0b678575a16e829041db\" data-token-time=\"1776386552\" data-trp-original-action=\"\/es\/wp-json\/wp\/v2\/product\/1786\"><div class=\"wpforms-head-container\"><div class=\"wpforms-title\">Solicitar cotizaci\u00f3n<\/div><\/div><noscript class=\"wpforms-error-noscript\">Por favor, activa JavaScript en tu navegador para completar este formulario.<\/noscript><div class=\"wpforms-field-container\"><div id=\"wpforms-564-field_1-container\" class=\"wpforms-field wpforms-field-name\" data-field-id=\"1\"><label class=\"wpforms-field-label wpforms-label-hide\" for=\"wpforms-564-field_1\">Nombre <span class=\"wpforms-required-label\">*<\/span><\/label><input type=\"text\" id=\"wpforms-564-field_1\" class=\"wpforms-field-medium wpforms-field-required\" name=\"wpforms[fields][1]\" placeholder=\"Nombre\" required><\/div><div id=\"wpforms-564-field_2-container\" class=\"wpforms-field wpforms-field-name\" data-field-id=\"2\"><label class=\"wpforms-field-label wpforms-label-hide\" for=\"wpforms-564-field_2\">Whatsapp <span class=\"wpforms-required-label\">*<\/span><\/label><input type=\"text\" id=\"wpforms-564-field_2\" class=\"wpforms-field-medium wpforms-field-required\" name=\"wpforms[fields][2]\" placeholder=\"Whatapp\" required><\/div><div id=\"wpforms-564-field_4-container\" class=\"wpforms-field wpforms-field-name\" data-field-id=\"4\"><label class=\"wpforms-field-label wpforms-label-hide\" for=\"wpforms-564-field_4\">Correo electr\u00f3nico <span class=\"wpforms-required-label\">*<\/span><\/label><input type=\"text\" id=\"wpforms-564-field_4\" class=\"wpforms-field-medium wpforms-field-required\" name=\"wpforms[fields][4]\" placeholder=\"Correo electr\u00f3nico\" required><\/div><div id=\"wpforms-564-field_3-container\" class=\"wpforms-field wpforms-field-name\" data-field-id=\"3\"><label class=\"wpforms-field-label wpforms-label-hide\" for=\"wpforms-564-field_3\">Consulta <span class=\"wpforms-required-label\">*<\/span><\/label><input type=\"text\" id=\"wpforms-564-field_3\" class=\"wpforms-field-medium wpforms-field-required\" name=\"wpforms[fields][3]\" placeholder=\"qu\u00e9 producto necesitas\" required><\/div>\t\t<div id=\"wpforms-564-field_7-container\"\n\t\t\tclass=\"wpforms-field wpforms-field-text\"\n\t\t\tdata-field-type=\"text\"\n\t\t\tdata-field-id=\"7\"\n\t\t\t>\n\t\t\t<label class=\"wpforms-field-label\" for=\"wpforms-564-field_7\" >Cliente IP Correo Electr\u00f3nico Nombre<\/label>\n\t\t\t<input type=\"text\" id=\"wpforms-564-field_7\" class=\"wpforms-field-medium\" name=\"wpforms[fields][7]\" >\n\t\t<\/div>\n\t\t<div id=\"wpforms-564-field_5-container\" class=\"wpforms-field wpforms-field-hidden\" data-field-id=\"5\"><input type=\"hidden\" id=\"wpforms-564-field_5\" name=\"wpforms[fields][5]\" value=\"216.73.216.251\"><\/div><div id=\"wpforms-564-field_6-container\" class=\"wpforms-field wpforms-field-hidden\" data-field-id=\"6\"><input type=\"hidden\" id=\"wpforms-564-field_6\" name=\"wpforms[fields][6]\" value=\"https:\/\/hktackle.com\/es\/wp-json\/wp\/v2\/product\/1786\"><\/div><script>\n\t\t\t\t( function() {\n\t\t\t\t\tconst style = document.createElement( 'style' );\n\t\t\t\t\tstyle.appendChild( document.createTextNode( '#wpforms-564-field_7-container { position: absolute !important; overflow: hidden !important; display: inline !important; height: 1px !important; width: 1px !important; z-index: -1000 !important; padding: 0 !important; } #wpforms-564-field_7-container input { visibility: hidden; } #wpforms-conversational-form-page #wpforms-564-field_7-container label { counter-increment: none; }' ) );\n\t\t\t\t\tdocument.head.appendChild( style );\n\t\t\t\t\tdocument.currentScript?.remove();\n\t\t\t\t} )();\n\t\t\t<\/script><\/div><!-- .wpforms-field-container --><div class=\"wpforms-submit-container\" ><input type=\"hidden\" name=\"wpforms[id]\" value=\"564\"><input type=\"hidden\" name=\"page_title\" value=\"\"><input type=\"hidden\" name=\"page_url\" value=\"https:\/\/hktackle.com\/es\/wp-json\/wp\/v2\/product\/1786\"><input type=\"hidden\" name=\"url_referer\" value=\"\"><button type=\"submit\" name=\"wpforms[submit]\" id=\"wpforms-submit-564\" class=\"wpforms-submit\" data-alt-text=\"Sending\" data-submit-text=\"Summit\" aria-live=\"assertive\" value=\"wpforms-submit\">Cumbre<\/button><img loading=\"lazy\" decoding=\"async\" src=\"https:\/\/hktackle.com\/wp-content\/plugins\/wpforms\/assets\/images\/submit-spin.svg\" class=\"wpforms-submit-spinner\" style=\"display: none;\" width=\"26\" height=\"26\" alt=\"Cargando\" title=\"\"><\/div><input type=\"hidden\" name=\"trp-form-language\" value=\"es\"\/><\/form><\/div>  <!-- .wpforms-container --><\/p>\n<div id=\"gtx-trans\" style=\"position: absolute; left: 348px; top: 2117.95px;\">\n<div class=\"gtx-trans-icon\"><\/div>\n<\/div>","protected":false},"excerpt":{"rendered":"<div class=\"image-container\">\n<p>Descubre el <strong data-start=\"732\" data-end=\"763\">mejores carretes de pesca baitcast<\/strong> en HK Tackle. Nuestra selecci\u00f3n incluye lo mejor <strong data-start=\"809\" data-end=\"829\">carretes de baitcaster<\/strong> tanto de agua dulce como de <strong data-start=\"854\" data-end=\"885\">carretillas de baitcasting para agua salada<\/strong>dise\u00f1ado para m\u00e1xima precisi\u00f3n y potencia. Perfecto para los pescadores que buscan control y rendimiento en cada lanzamiento.<\/p>\n<\/div>\n<div class=\"wp-block-stackable-button stk-block-button popmake-1340 stk-block stk-13b8711 popmake-1340\" data-block-id=\"13b8711\">\n<style>.stk-13b8711 {min-height:var(--stk--preset--block-height--x-small, 4rem) !important;padding-top:var(--stk--preset--spacing--none, 0px) !important;padding-right:var(--stk--preset--spacing--none, 0px) !important;padding-bottom:var(--stk--preset--spacing--none, 0px) !important;padding-left:var(--stk--preset--spacing--none, 0px) !important;}.stk-13b8711 .stk-button{min-height:36px !important;padding-top:var(--stk--preset--spacing--40, 1rem) !important;padding-right:33px !important;padding-bottom:var(--stk--preset--spacing--40, 1rem) !important;background:#2db2eb !important;border-top-left-radius:var(--stk--preset--border-radius--small, 4px) !important;border-top-right-radius:var(--stk--preset--border-radius--small, 4px) !important;border-bottom-right-radius:var(--stk--preset--border-radius--small, 4px) !important;border-bottom-left-radius:var(--stk--preset--border-radius--small, 4px) !important;}.stk-13b8711 .stk-button__inner-text{color:#fffffe !important;}<\/style>\n<p><a class=\"stk-link stk-button stk--hover-effect-lift-scale-more\"><span class=\"has-text-color stk-button__inner-text\">Solicitar una cotizaci\u00f3n <\/span><\/a><\/p>\n<\/div>","protected":false},"featured_media":1245,"template":"","meta":[],"product_brand":[],"product_cat":[23],"product_tag":[],"class_list":{"0":"post-1786","1":"product","2":"type-product","3":"status-publish","4":"has-post-thumbnail","6":"product_cat-reels","8":"first","9":"instock","10":"shipping-taxable","11":"product-type-simple"},"_links":{"self":[{"href":"https:\/\/hktackle.com\/es\/wp-json\/wp\/v2\/product\/1786","targetHints":{"allow":["GET"]}}],"collection":[{"href":"https:\/\/hktackle.com\/es\/wp-json\/wp\/v2\/product"}],"about":[{"href":"https:\/\/hktackle.com\/es\/wp-json\/wp\/v2\/types\/product"}],"wp:featuredmedia":[{"embeddable":true,"href":"https:\/\/hktackle.com\/es\/wp-json\/wp\/v2\/media\/1245"}],"wp:attachment":[{"href":"https:\/\/hktackle.com\/es\/wp-json\/wp\/v2\/media?parent=1786"}],"wp:term":[{"taxonomy":"product_brand","embeddable":true,"href":"https:\/\/hktackle.com\/es\/wp-json\/wp\/v2\/product_brand?post=1786"},{"taxonomy":"product_cat","embeddable":true,"href":"https:\/\/hktackle.com\/es\/wp-json\/wp\/v2\/product_cat?post=1786"},{"taxonomy":"product_tag","embeddable":true,"href":"https:\/\/hktackle.com\/es\/wp-json\/wp\/v2\/product_tag?post=1786"}],"curies":[{"name":"wp","href":"https:\/\/api.w.org\/{rel}","templated":true}]}}