{"id":1795,"date":"2025-11-12T05:01:22","date_gmt":"2025-11-12T05:01:22","guid":{"rendered":"https:\/\/hktackle.com\/?post_type=product&#038;p=1795"},"modified":"2025-11-17T05:30:24","modified_gmt":"2025-11-17T05:30:24","slug":"combinacion-de-canas-y-carretes-de-baitcast","status":"publish","type":"product","link":"https:\/\/hktackle.com\/es\/producto\/combinacion-de-canas-y-carretes-de-baitcast","title":{"rendered":"Combo de ca\u00f1as y carretes Baitcast Premium - Rendimiento de precisi\u00f3n para pescadores"},"content":{"rendered":"<h1 data-start=\"132\" data-end=\"223\">Combo de ca\u00f1as y carretes Baitcast Premium - Rendimiento de precisi\u00f3n para pescadores<\/h1>\n<p><img loading=\"lazy\" decoding=\"async\" class=\"alignnone wp-image-1788\" src=\"https:\/\/hktackle.com\/wp-content\/uploads\/2025\/11\/baitcast-reels-rods-2.jpg\" alt=\"carretes de baitcast ca\u00f1as\" width=\"548\" height=\"548\" title=\"\" srcset=\"https:\/\/hktackle.com\/wp-content\/uploads\/2025\/11\/baitcast-reels-rods-2.jpg 800w, https:\/\/hktackle.com\/wp-content\/uploads\/2025\/11\/baitcast-reels-rods-2-300x300.jpg 300w, https:\/\/hktackle.com\/wp-content\/uploads\/2025\/11\/baitcast-reels-rods-2-150x150.jpg 150w, https:\/\/hktackle.com\/wp-content\/uploads\/2025\/11\/baitcast-reels-rods-2-768x768.jpg 768w, https:\/\/hktackle.com\/wp-content\/uploads\/2025\/11\/baitcast-reels-rods-2-600x600.jpg 600w\" sizes=\"auto, (max-width: 548px) 100vw, 548px\" \/><\/p>\n<p data-start=\"256\" data-end=\"698\">El <strong data-start=\"260\" data-end=\"301\">Premium <a href=\"http:\/\/hktackle.com\/es\/\">Carretes de baitcast<\/a> Combo<\/strong> from HK Tackle ofrece a los pescadores una combinaci\u00f3n perfecta de rendimiento, durabilidad y comodidad. Dise\u00f1ado tanto para la pesca profesional como recreativa, este combo est\u00e1 construido para soportar las condiciones m\u00e1s dif\u00edciles mientras proporciona una experiencia de pesca excepcional. Ya sea que est\u00e9s apuntando a especies de agua dulce o enfrent\u00e1ndote a gigantes de agua salada, este combo de baitcaster garantiza precisi\u00f3n, potencia y un funcionamiento suave.<\/p>\n<h4 data-start=\"700\" data-end=\"722\"><img loading=\"lazy\" decoding=\"async\" class=\"alignnone wp-image-1793\" src=\"https:\/\/hktackle.com\/wp-content\/uploads\/2025\/11\/baitcast-reels-rods-7.jpg\" alt=\"ca\u00f1as y carretes de baitcasting\" width=\"426\" height=\"399\" title=\"\" srcset=\"https:\/\/hktackle.com\/wp-content\/uploads\/2025\/11\/baitcast-reels-rods-7.jpg 720w, https:\/\/hktackle.com\/wp-content\/uploads\/2025\/11\/baitcast-reels-rods-7-300x281.jpg 300w, https:\/\/hktackle.com\/wp-content\/uploads\/2025\/11\/baitcast-reels-rods-7-600x563.jpg 600w\" sizes=\"auto, (max-width: 426px) 100vw, 426px\" \/><img loading=\"lazy\" decoding=\"async\" class=\"alignnone wp-image-1792\" src=\"https:\/\/hktackle.com\/wp-content\/uploads\/2025\/11\/baitcast-reels-rods-6.jpg\" alt=\"combo de ca\u00f1a y carrete de lanzamiento\" width=\"468\" height=\"399\" title=\"\" srcset=\"https:\/\/hktackle.com\/wp-content\/uploads\/2025\/11\/baitcast-reels-rods-6.jpg 750w, https:\/\/hktackle.com\/wp-content\/uploads\/2025\/11\/baitcast-reels-rods-6-300x256.jpg 300w, https:\/\/hktackle.com\/wp-content\/uploads\/2025\/11\/baitcast-reels-rods-6-600x511.jpg 600w\" sizes=\"auto, (max-width: 468px) 100vw, 468px\" \/><\/h4>\n<p>&nbsp;<\/p>\n<h4 data-start=\"700\" data-end=\"722\"><strong data-start=\"705\" data-end=\"722\">Caracter\u00edsticas clave de las ca\u00f1as de carretes de baitcast:<\/strong><\/h4>\n<ol data-start=\"724\" data-end=\"3380\">\n<li data-start=\"724\" data-end=\"1383\">\n<p data-start=\"727\" data-end=\"764\"><strong data-start=\"727\" data-end=\"764\">Carrete Baitcaster de Alto Rendimiento:<\/strong><\/p>\n<ul data-start=\"768\" data-end=\"1383\">\n<li data-start=\"768\" data-end=\"1032\">\n<p data-start=\"770\" data-end=\"1032\">El carrete de baitcasting en esta combinaci\u00f3n est\u00e1 dise\u00f1ado con materiales avanzados y tecnolog\u00eda de vanguardia para garantizar un rendimiento duradero. Cuenta con un sistema de freno suave que permite un mejor control de tu captura, reduciendo el riesgo de roturas o enredos de la l\u00ednea.<\/p>\n<\/li>\n<li data-start=\"1036\" data-end=\"1196\">\n<p data-start=\"1038\" data-end=\"1196\"><strong data-start=\"1038\" data-end=\"1052\">Relaci\u00f3n de engranajes<\/strong>La alta relaci\u00f3n de engranaje del carrete proporciona una recuperaci\u00f3n r\u00e1pida, lo que lo hace ideal para la pesca a ritmo r\u00e1pido y reduce el tiempo necesario para recoger tu captura.<\/p>\n<\/li>\n<li data-start=\"1200\" data-end=\"1383\">\n<p data-start=\"1202\" data-end=\"1383\"><strong data-start=\"1202\" data-end=\"1216\">Durabilidad<\/strong>El carrete est\u00e1 construido con componentes resistentes a la corrosi\u00f3n, asegurando que funcionar\u00e1 tanto en ambientes de agua dulce como de agua salada sin comprometer la resistencia.<\/p>\n<\/li>\n<\/ul>\n<\/li>\n<li data-start=\"1385\" data-end=\"2043\">\n<p data-start=\"1388\" data-end=\"1430\"><strong data-start=\"1388\" data-end=\"1430\">Ca\u00f1a de baitcaster ligera y resistente:<\/strong><\/p>\n<ul data-start=\"1434\" data-end=\"2043\">\n<li data-start=\"1434\" data-end=\"1639\">\n<p data-start=\"1436\" data-end=\"1639\">Fabricado con fibra de carbono de alta calidad, la ca\u00f1a ofrece un equilibrio perfecto entre resistencia y flexibilidad. Proporciona una excelente sensibilidad para detectar picadas, a la vez que es lo suficientemente resistente para manejar peces grandes.<\/p>\n<\/li>\n<li data-start=\"1643\" data-end=\"1852\">\n<p data-start=\"1645\" data-end=\"1852\"><strong data-start=\"1645\" data-end=\"1665\">Longitud y Potencia<\/strong>Con una variedad de longitudes y potencias, esta ca\u00f1a de baitcaster te permite elegir la configuraci\u00f3n perfecta para tu estilo de pesca, ya sea que est\u00e9s lanzando en aguas abiertas o a lo largo de las orillas.<\/p>\n<\/li>\n<li data-start=\"1856\" data-end=\"2043\">\n<p data-start=\"1858\" data-end=\"2043\"><strong data-start=\"1858\" data-end=\"1878\">Agarre C\u00f3modo<\/strong>El mango ergon\u00f3mico garantiza que tus manos se mantengan c\u00f3modas durante largas sesiones de pesca, previniendo la fatiga y asegurando un agarre seguro incluso en condiciones h\u00famedas.<img loading=\"lazy\" decoding=\"async\" class=\"alignnone wp-image-1794\" src=\"https:\/\/hktackle.com\/wp-content\/uploads\/2025\/11\/baitcast-reels-rods-8.jpg\" alt=\"ca\u00f1as y carretes de baitcasting\" width=\"609\" height=\"330\" title=\"\" srcset=\"https:\/\/hktackle.com\/wp-content\/uploads\/2025\/11\/baitcast-reels-rods-8.jpg 891w, https:\/\/hktackle.com\/wp-content\/uploads\/2025\/11\/baitcast-reels-rods-8-300x163.jpg 300w, https:\/\/hktackle.com\/wp-content\/uploads\/2025\/11\/baitcast-reels-rods-8-768x416.jpg 768w, https:\/\/hktackle.com\/wp-content\/uploads\/2025\/11\/baitcast-reels-rods-8-600x325.jpg 600w\" sizes=\"auto, (max-width: 609px) 100vw, 609px\" \/><\/p>\n<\/li>\n<\/ul>\n<\/li>\n<li data-start=\"2045\" data-end=\"2483\">\n<p data-start=\"2048\" data-end=\"2070\"><strong data-start=\"2048\" data-end=\"2070\">Fundici\u00f3n de Precisi\u00f3n:<\/strong><\/p>\n<ul data-start=\"2074\" data-end=\"2483\">\n<li data-start=\"2074\" data-end=\"2310\">\n<p data-start=\"2076\" data-end=\"2310\">El dise\u00f1o del baitcaster es ideal para lanzamientos precisos, lo que te permite colocar tu carnada exactamente donde la deseas. Ya sea que est\u00e9s pescando lubinas, lucios o cualquier otra especie objetivo, esta combinaci\u00f3n te brinda el control y la precisi\u00f3n que necesitas.<\/p>\n<\/li>\n<li data-start=\"2314\" data-end=\"2483\">\n<p data-start=\"2316\" data-end=\"2483\"><strong data-start=\"2316\" data-end=\"2333\">Capacidad de l\u00ednea<\/strong>Equipado con una generosa capacidad de l\u00ednea, este combo puede manejar tanto l\u00edneas ligeras como pesadas, asegurando que puedas afrontar diferentes condiciones de pesca.<\/p>\n<\/li>\n<\/ul>\n<\/li>\n<li data-start=\"2485\" data-end=\"2805\">\n<p data-start=\"2488\" data-end=\"2527\"><strong data-start=\"2488\" data-end=\"2527\">Uso vers\u00e1til para todos los niveles de habilidad:<\/strong><\/p>\n<ul data-start=\"2531\" data-end=\"2805\">\n<li data-start=\"2531\" data-end=\"2805\">\n<p data-start=\"2533\" data-end=\"2805\">Ya seas un principiante o un pescador experimentado, el <a href=\"https:\/\/hktackle.com\/es\/guia-de-canas-de-pescar\/\"><strong data-start=\"2589\" data-end=\"2622\">combo de ca\u00f1a y carrete de lanzamiento<\/strong><\/a> es f\u00e1cil de usar y proporciona una experiencia de pesca excepcional. Es lo suficientemente vers\u00e1til como para ser utilizado en una variedad de t\u00e9cnicas de pesca, incluyendo curric\u00e1n, pesca de fondo y lanzamiento.<\/p>\n<\/li>\n<\/ul>\n<\/li>\n<li data-start=\"2807\" data-end=\"3066\">\n<p data-start=\"2810\" data-end=\"2842\"><strong data-start=\"2810\" data-end=\"2842\">Dise\u00f1o elegante y durabilidad:<\/strong><\/p>\n<ul data-start=\"2846\" data-end=\"3066\">\n<li data-start=\"2846\" data-end=\"3066\">\n<p data-start=\"2848\" data-end=\"3066\">La combinaci\u00f3n no solo es funcional, sino tambi\u00e9n elegante, con un dise\u00f1o elegante que destacar\u00e1 en el agua. Los materiales utilizados est\u00e1n dise\u00f1ados para resistir el desgaste, proporcion\u00e1ndote una herramienta confiable durante a\u00f1os.<\/p>\n<\/li>\n<\/ul>\n<\/li>\n<li data-start=\"3068\" data-end=\"3380\">\n<p data-start=\"3071\" data-end=\"3099\"><strong data-start=\"3071\" data-end=\"3099\">Ideal para compras B2B:<\/strong><\/p>\n<ul data-start=\"3103\" data-end=\"3380\">\n<li data-start=\"3103\" data-end=\"3380\">\n<p data-start=\"3105\" data-end=\"3380\">Como proveedor B2B, HK Tackle ofrece combinaciones de ca\u00f1as y carretes de baitcasting de alta calidad para minoristas, distribuidores y gu\u00edas de pesca profesionales. Los pedidos al por mayor se pueden personalizar con su marca y entregar a tiempo, asegurando que satisfaga las necesidades de sus clientes y consumidores.<\/p>\n<\/li>\n<\/ul>\n<\/li>\n<\/ol>\n<h4 data-start=\"3382\" data-end=\"3444\"><strong data-start=\"3387\" data-end=\"3444\">\u00bfPor qu\u00e9 elegir HK Tackle? <a href=\"https:\/\/hktackle.com\/es\/categoria-producto\/combo-de-barra\/\">Ca\u00f1as y carretes de baitcaster<\/a> \u00bfCombo?<\/strong><\/h4>\n<p><img loading=\"lazy\" decoding=\"async\" class=\"alignnone wp-image-1469\" src=\"https:\/\/hktackle.com\/wp-content\/uploads\/2025\/11\/HK-fishing-tackle.jpg\" alt=\"HK Pesca Equipos\" width=\"546\" height=\"371\" title=\"\" srcset=\"https:\/\/hktackle.com\/wp-content\/uploads\/2025\/11\/HK-fishing-tackle.jpg 861w, https:\/\/hktackle.com\/wp-content\/uploads\/2025\/11\/HK-fishing-tackle-300x204.jpg 300w, https:\/\/hktackle.com\/wp-content\/uploads\/2025\/11\/HK-fishing-tackle-768x522.jpg 768w, https:\/\/hktackle.com\/wp-content\/uploads\/2025\/11\/HK-fishing-tackle-600x408.jpg 600w\" sizes=\"auto, (max-width: 546px) 100vw, 546px\" \/><\/p>\n<ul data-start=\"3446\" data-end=\"4022\">\n<li data-start=\"3446\" data-end=\"3718\">\n<p data-start=\"3448\" data-end=\"3718\"><strong data-start=\"3448\" data-end=\"3470\">Aseguramiento de la Calidad:<\/strong> HK Tackle ha sido un nombre de confianza en el <a href=\"https:\/\/hktackle.com\/es\/guia-de-canas-de-pescar\/\">industria de artes de pesca<\/a>, ofreciendo productos de calidad premium a precios competitivos. Nuestras combinaciones de baitcaster est\u00e1n dise\u00f1adas para el rendimiento y la durabilidad, asegurando que t\u00fa y tus clientes obtengan el mejor valor.<\/p>\n<\/li>\n<li data-start=\"3719\" data-end=\"3870\">\n<p data-start=\"3721\" data-end=\"3870\"><strong data-start=\"3721\" data-end=\"3745\">Pedidos personalizables:<\/strong> Ofrecemos opciones de compra al por mayor para empresas, asegurando que puedas abastecer tu tienda o cumplir con los pedidos r\u00e1pidamente y sin complicaciones.<\/p>\n<\/li>\n<li data-start=\"3871\" data-end=\"4022\">\n<p data-start=\"3873\" data-end=\"4022\"><strong data-start=\"3873\" data-end=\"3893\">Env\u00edo Global:<\/strong> Servimos a mercados internacionales con env\u00edo y log\u00edstica confiables, asegurando que sus pedidos lleguen a tiempo, dondequiera que est\u00e9.<\/p>\n<\/li>\n<\/ul>\n<div class=\"wpforms-container\" id=\"wpforms-564\"><form id=\"wpforms-form-564\" class=\"wpforms-validate wpforms-form wpforms-ajax-form\" data-formid=\"564\" method=\"post\" enctype=\"multipart\/form-data\" action=\"\/es\/wp-json\/wp\/v2\/product\/1795\" data-token=\"a5e36027957c0b678575a16e829041db\" data-token-time=\"1776386557\" data-trp-original-action=\"\/es\/wp-json\/wp\/v2\/product\/1795\"><div class=\"wpforms-head-container\"><div class=\"wpforms-title\">Solicitar cotizaci\u00f3n<\/div><\/div><noscript class=\"wpforms-error-noscript\">Por favor, activa JavaScript en tu navegador para completar este formulario.<\/noscript><div class=\"wpforms-field-container\"><div id=\"wpforms-564-field_1-container\" class=\"wpforms-field wpforms-field-name\" data-field-id=\"1\"><label class=\"wpforms-field-label wpforms-label-hide\" for=\"wpforms-564-field_1\">Nombre <span class=\"wpforms-required-label\">*<\/span><\/label><input type=\"text\" id=\"wpforms-564-field_1\" class=\"wpforms-field-medium wpforms-field-required\" name=\"wpforms[fields][1]\" placeholder=\"Nombre\" required><\/div>\t\t<div id=\"wpforms-564-field_7-container\"\n\t\t\tclass=\"wpforms-field wpforms-field-text\"\n\t\t\tdata-field-type=\"text\"\n\t\t\tdata-field-id=\"7\"\n\t\t\t>\n\t\t\t<label class=\"wpforms-field-label\" for=\"wpforms-564-field_7\" >P\u00e1gina de consulta de nombre<\/label>\n\t\t\t<input type=\"text\" id=\"wpforms-564-field_7\" class=\"wpforms-field-medium\" name=\"wpforms[fields][7]\" >\n\t\t<\/div>\n\t\t<div id=\"wpforms-564-field_2-container\" class=\"wpforms-field wpforms-field-name\" data-field-id=\"2\"><label class=\"wpforms-field-label wpforms-label-hide\" for=\"wpforms-564-field_2\">Whatsapp <span class=\"wpforms-required-label\">*<\/span><\/label><input type=\"text\" id=\"wpforms-564-field_2\" class=\"wpforms-field-medium wpforms-field-required\" name=\"wpforms[fields][2]\" placeholder=\"Whatapp\" required><\/div><div id=\"wpforms-564-field_4-container\" class=\"wpforms-field wpforms-field-name\" data-field-id=\"4\"><label class=\"wpforms-field-label wpforms-label-hide\" for=\"wpforms-564-field_4\">Correo electr\u00f3nico <span class=\"wpforms-required-label\">*<\/span><\/label><input type=\"text\" id=\"wpforms-564-field_4\" class=\"wpforms-field-medium wpforms-field-required\" name=\"wpforms[fields][4]\" placeholder=\"Correo electr\u00f3nico\" required><\/div><div id=\"wpforms-564-field_3-container\" class=\"wpforms-field wpforms-field-name\" data-field-id=\"3\"><label class=\"wpforms-field-label wpforms-label-hide\" for=\"wpforms-564-field_3\">Consulta <span class=\"wpforms-required-label\">*<\/span><\/label><input type=\"text\" id=\"wpforms-564-field_3\" class=\"wpforms-field-medium wpforms-field-required\" name=\"wpforms[fields][3]\" placeholder=\"qu\u00e9 producto necesitas\" required><\/div><div id=\"wpforms-564-field_5-container\" class=\"wpforms-field wpforms-field-hidden\" data-field-id=\"5\"><input type=\"hidden\" id=\"wpforms-564-field_5\" name=\"wpforms[fields][5]\" value=\"216.73.216.251\"><\/div><div id=\"wpforms-564-field_6-container\" class=\"wpforms-field wpforms-field-hidden\" data-field-id=\"6\"><input type=\"hidden\" id=\"wpforms-564-field_6\" name=\"wpforms[fields][6]\" value=\"https:\/\/hktackle.com\/es\/wp-json\/wp\/v2\/product\/1795\"><\/div><script>\n\t\t\t\t( function() {\n\t\t\t\t\tconst style = document.createElement( 'style' );\n\t\t\t\t\tstyle.appendChild( document.createTextNode( '#wpforms-564-field_7-container { position: absolute !important; overflow: hidden !important; display: inline !important; height: 1px !important; width: 1px !important; z-index: -1000 !important; padding: 0 !important; } #wpforms-564-field_7-container input { visibility: hidden; } #wpforms-conversational-form-page #wpforms-564-field_7-container label { counter-increment: none; }' ) );\n\t\t\t\t\tdocument.head.appendChild( style );\n\t\t\t\t\tdocument.currentScript?.remove();\n\t\t\t\t} )();\n\t\t\t<\/script><\/div><!-- .wpforms-field-container --><div class=\"wpforms-submit-container\" ><input type=\"hidden\" name=\"wpforms[id]\" value=\"564\"><input type=\"hidden\" name=\"page_title\" value=\"\"><input type=\"hidden\" name=\"page_url\" value=\"https:\/\/hktackle.com\/es\/wp-json\/wp\/v2\/product\/1795\"><input type=\"hidden\" name=\"url_referer\" value=\"\"><button type=\"submit\" name=\"wpforms[submit]\" id=\"wpforms-submit-564\" class=\"wpforms-submit\" data-alt-text=\"Sending\" data-submit-text=\"Summit\" aria-live=\"assertive\" value=\"wpforms-submit\">Cumbre<\/button><img loading=\"lazy\" decoding=\"async\" src=\"https:\/\/hktackle.com\/wp-content\/plugins\/wpforms\/assets\/images\/submit-spin.svg\" class=\"wpforms-submit-spinner\" style=\"display: none;\" width=\"26\" height=\"26\" alt=\"Cargando\" title=\"\"><\/div><input type=\"hidden\" name=\"trp-form-language\" value=\"es\"\/><\/form><\/div>  <!-- .wpforms-container -->","protected":false},"excerpt":{"rendered":"<p>Eleva tu juego de pesca con el <strong data-start=\"4506\" data-end=\"4547\">Combo de ca\u00f1a y carrete de baitcaster premium<\/strong> de HK Tackle. Dise\u00f1ado para precisi\u00f3n y durabilidad, este combo ofrece un rendimiento inigualable tanto en ambientes de agua dulce como salada. Ideal para todos los niveles de habilidad, es tu compa\u00f1ero perfecto para lanzamientos precisos y recogida sin esfuerzo. Compra ahora lo mejor en utensilios de pesca.<\/p>\n<div class=\"wp-block-stackable-button stk-block-button popmake-1340 stk-block stk-d95bae2 popmake-1340\" data-block-id=\"d95bae2\"><\/div>\n<div class=\"wp-block-stackable-button stk-block-button popmake-1340 stk-block stk-13b8711 popmake-1340\" data-block-id=\"13b8711\">\n<style>.stk-13b8711 {min-height:var(--stk--preset--block-height--x-small, 4rem) !important;padding-top:var(--stk--preset--spacing--none, 0px) !important;padding-right:var(--stk--preset--spacing--none, 0px) !important;padding-bottom:var(--stk--preset--spacing--none, 0px) !important;padding-left:var(--stk--preset--spacing--none, 0px) !important;}.stk-13b8711 .stk-button{min-height:36px !important;padding-top:var(--stk--preset--spacing--40, 1rem) !important;padding-right:33px !important;padding-bottom:var(--stk--preset--spacing--40, 1rem) !important;background:#2db2eb !important;border-top-left-radius:var(--stk--preset--border-radius--small, 4px) !important;border-top-right-radius:var(--stk--preset--border-radius--small, 4px) !important;border-bottom-right-radius:var(--stk--preset--border-radius--small, 4px) !important;border-bottom-left-radius:var(--stk--preset--border-radius--small, 4px) !important;}.stk-13b8711 .stk-button__inner-text{color:#fffffe !important;}<\/style>\n<p><a class=\"stk-link stk-button stk--hover-effect-lift-scale-more\"><span class=\"has-text-color stk-button__inner-text\">Solicitar una cotizaci\u00f3n <\/span><\/a><\/p>\n<\/div>\n<div id=\"gtx-trans\" style=\"position: absolute; left: 1px; top: 76px;\">\n<div class=\"gtx-trans-icon\"><\/div>\n<\/div>","protected":false},"featured_media":1787,"template":"","meta":[],"product_brand":[30],"product_cat":[27],"product_tag":[],"class_list":{"0":"post-1795","1":"product","2":"type-product","3":"status-publish","4":"has-post-thumbnail","6":"product_brand-hk-tackle","7":"product_cat-online-shop","9":"first","10":"instock","11":"sale","12":"shipping-taxable","13":"purchasable","14":"product-type-simple"},"_links":{"self":[{"href":"https:\/\/hktackle.com\/es\/wp-json\/wp\/v2\/product\/1795","targetHints":{"allow":["GET"]}}],"collection":[{"href":"https:\/\/hktackle.com\/es\/wp-json\/wp\/v2\/product"}],"about":[{"href":"https:\/\/hktackle.com\/es\/wp-json\/wp\/v2\/types\/product"}],"wp:featuredmedia":[{"embeddable":true,"href":"https:\/\/hktackle.com\/es\/wp-json\/wp\/v2\/media\/1787"}],"wp:attachment":[{"href":"https:\/\/hktackle.com\/es\/wp-json\/wp\/v2\/media?parent=1795"}],"wp:term":[{"taxonomy":"product_brand","embeddable":true,"href":"https:\/\/hktackle.com\/es\/wp-json\/wp\/v2\/product_brand?post=1795"},{"taxonomy":"product_cat","embeddable":true,"href":"https:\/\/hktackle.com\/es\/wp-json\/wp\/v2\/product_cat?post=1795"},{"taxonomy":"product_tag","embeddable":true,"href":"https:\/\/hktackle.com\/es\/wp-json\/wp\/v2\/product_tag?post=1795"}],"curies":[{"name":"wp","href":"https:\/\/api.w.org\/{rel}","templated":true}]}}