{"id":1824,"date":"2025-11-13T04:12:17","date_gmt":"2025-11-13T04:12:17","guid":{"rendered":"https:\/\/hktackle.com\/?post_type=product&#038;p=1824"},"modified":"2025-12-02T15:08:26","modified_gmt":"2025-12-02T15:08:26","slug":"combinacion-de-cana-de-pescar-y-carrete-para-pescar-en-hielo","status":"publish","type":"product","link":"https:\/\/hktackle.com\/es\/producto\/combinacion-de-cana-de-pescar-y-carrete-para-pescar-en-hielo","title":{"rendered":"Combo de ca\u00f1a y carrete de pesca en hielo personalizada \u2013 Equipo premium para climas fr\u00edos"},"content":{"rendered":"<h1 data-start=\"117\" data-end=\"200\">Combo de ca\u00f1a y carrete de pesca en hielo personalizada \u2013 Equipo premium para climas fr\u00edos<\/h1>\n<p data-start=\"202\" data-end=\"231\"><img loading=\"lazy\" decoding=\"async\" class=\"alignnone wp-image-1821\" src=\"https:\/\/hktackle.com\/wp-content\/uploads\/2025\/11\/ice-fishing-rod-11-1.jpg\" alt=\"ca\u00f1a de pescar en hielo\" width=\"390\" height=\"390\" title=\"\" srcset=\"https:\/\/hktackle.com\/wp-content\/uploads\/2025\/11\/ice-fishing-rod-11-1.jpg 1000w, https:\/\/hktackle.com\/wp-content\/uploads\/2025\/11\/ice-fishing-rod-11-1-300x300.jpg 300w, https:\/\/hktackle.com\/wp-content\/uploads\/2025\/11\/ice-fishing-rod-11-1-150x150.jpg 150w, https:\/\/hktackle.com\/wp-content\/uploads\/2025\/11\/ice-fishing-rod-11-1-768x768.jpg 768w, https:\/\/hktackle.com\/wp-content\/uploads\/2025\/11\/ice-fishing-rod-11-1-600x600.jpg 600w\" sizes=\"auto, (max-width: 390px) 100vw, 390px\" \/><img loading=\"lazy\" decoding=\"async\" class=\"alignnone wp-image-1833\" src=\"https:\/\/hktackle.com\/wp-content\/uploads\/2025\/11\/ice-fishing-rod-22-1.jpg\" alt=\"ca\u00f1a y carrete de pesca en hielo\" width=\"390\" height=\"390\" title=\"\" srcset=\"https:\/\/hktackle.com\/wp-content\/uploads\/2025\/11\/ice-fishing-rod-22-1.jpg 1000w, https:\/\/hktackle.com\/wp-content\/uploads\/2025\/11\/ice-fishing-rod-22-1-300x300.jpg 300w, https:\/\/hktackle.com\/wp-content\/uploads\/2025\/11\/ice-fishing-rod-22-1-150x150.jpg 150w, https:\/\/hktackle.com\/wp-content\/uploads\/2025\/11\/ice-fishing-rod-22-1-768x768.jpg 768w, https:\/\/hktackle.com\/wp-content\/uploads\/2025\/11\/ice-fishing-rod-22-1-600x600.jpg 600w\" sizes=\"auto, (max-width: 390px) 100vw, 390px\" \/><\/p>\n<p data-start=\"233\" data-end=\"687\">El <strong data-start=\"237\" data-end=\"278\">Personalizado <a href=\"https:\/\/hktackle.com\/es\/guia-de-canas-de-pescar\/\">Ca\u00f1a de Pesca en Hielo<\/a> y Combos de Carrete<\/strong> from HK Tackle es el equipo definitivo para los pescadores que disfrutan de la pesca en hielo en las condiciones invernales m\u00e1s severas. Dise\u00f1ado para la precisi\u00f3n y durabilidad, este combo est\u00e1 construido para resistir las temperaturas m\u00e1s fr\u00edas y proporcionar un rendimiento superior sobre el hielo. Ya seas un pescador profesional en hielo o est\u00e9s comenzando, nuestras ca\u00f1as y carretes de pesca en hielo personalizados aseguran que obtengas la mejor experiencia de pesca cada vez.<\/p>\n<h2 data-start=\"689\" data-end=\"711\"><strong data-start=\"694\" data-end=\"711\">Caracter\u00edsticas clave de la ca\u00f1a de pescar en hielo:<\/strong><\/h2>\n<p><img loading=\"lazy\" decoding=\"async\" class=\"alignnone wp-image-1820\" src=\"https:\/\/hktackle.com\/wp-content\/uploads\/2025\/11\/ice-fishing-rod-10-1.jpg\" alt=\"ca\u00f1a de pescar en hielo\" width=\"390\" height=\"390\" title=\"\" srcset=\"https:\/\/hktackle.com\/wp-content\/uploads\/2025\/11\/ice-fishing-rod-10-1.jpg 800w, https:\/\/hktackle.com\/wp-content\/uploads\/2025\/11\/ice-fishing-rod-10-1-300x300.jpg 300w, https:\/\/hktackle.com\/wp-content\/uploads\/2025\/11\/ice-fishing-rod-10-1-150x150.jpg 150w, https:\/\/hktackle.com\/wp-content\/uploads\/2025\/11\/ice-fishing-rod-10-1-768x768.jpg 768w, https:\/\/hktackle.com\/wp-content\/uploads\/2025\/11\/ice-fishing-rod-10-1-600x600.jpg 600w\" sizes=\"auto, (max-width: 390px) 100vw, 390px\" \/><img loading=\"lazy\" decoding=\"async\" class=\"alignnone wp-image-1812\" src=\"https:\/\/hktackle.com\/wp-content\/uploads\/2025\/11\/ice-fishing-rod-2-1.jpg\" alt=\"ca\u00f1as de pescar en hielo personalizadas\" width=\"390\" height=\"390\" title=\"\" srcset=\"https:\/\/hktackle.com\/wp-content\/uploads\/2025\/11\/ice-fishing-rod-2-1.jpg 800w, https:\/\/hktackle.com\/wp-content\/uploads\/2025\/11\/ice-fishing-rod-2-1-300x300.jpg 300w, https:\/\/hktackle.com\/wp-content\/uploads\/2025\/11\/ice-fishing-rod-2-1-150x150.jpg 150w, https:\/\/hktackle.com\/wp-content\/uploads\/2025\/11\/ice-fishing-rod-2-1-768x768.jpg 768w, https:\/\/hktackle.com\/wp-content\/uploads\/2025\/11\/ice-fishing-rod-2-1-600x600.jpg 600w\" sizes=\"auto, (max-width: 390px) 100vw, 390px\" \/><img loading=\"lazy\" decoding=\"async\" class=\"alignnone wp-image-1811\" src=\"https:\/\/hktackle.com\/wp-content\/uploads\/2025\/11\/ice-fishing-rod-1-1.jpg\" alt=\"soportes para ca\u00f1as de pescar en hielo\" width=\"390\" height=\"390\" title=\"\" srcset=\"https:\/\/hktackle.com\/wp-content\/uploads\/2025\/11\/ice-fishing-rod-1-1.jpg 800w, https:\/\/hktackle.com\/wp-content\/uploads\/2025\/11\/ice-fishing-rod-1-1-300x300.jpg 300w, https:\/\/hktackle.com\/wp-content\/uploads\/2025\/11\/ice-fishing-rod-1-1-150x150.jpg 150w, https:\/\/hktackle.com\/wp-content\/uploads\/2025\/11\/ice-fishing-rod-1-1-768x768.jpg 768w, https:\/\/hktackle.com\/wp-content\/uploads\/2025\/11\/ice-fishing-rod-1-1-600x600.jpg 600w\" sizes=\"auto, (max-width: 390px) 100vw, 390px\" \/><\/p>\n<ol data-start=\"713\" data-end=\"4304\">\n<li data-start=\"713\" data-end=\"1611\">\n<h3 data-start=\"716\" data-end=\"749\"><strong data-start=\"716\" data-end=\"749\">Ca\u00f1a de pescar en hielo personalizable:<\/strong><\/h3>\n<ul data-start=\"753\" data-end=\"1611\">\n<li data-start=\"753\" data-end=\"1092\">\n<p data-start=\"755\" data-end=\"1092\"><strong data-start=\"755\" data-end=\"781\">Adaptado a Sus Necesidades<\/strong>Nuestro <a href=\"https:\/\/hktackle.com\/es\/categoria-producto\/combo-de-barra\/\"><strong data-start=\"787\" data-end=\"814\">ca\u00f1as de pescar en hielo personalizadas<\/strong><\/a> est\u00e1n dise\u00f1adas para satisfacer sus necesidades espec\u00edficas de pesca. Elija entre una variedad de longitudes de ca\u00f1as, materiales y acciones para obtener la ca\u00f1a perfecta para su estilo de pesca. Ya sea que prefiera una ca\u00f1a r\u00edgida para especies m\u00e1s grandes o una ca\u00f1a m\u00e1s flexible para peces de tama\u00f1o peque\u00f1o, tenemos la opci\u00f3n adecuada para usted.<\/p>\n<\/li>\n<li data-start=\"1096\" data-end=\"1375\">\n<p data-start=\"1098\" data-end=\"1375\"><strong data-start=\"1098\" data-end=\"1119\">Materiales Premium<\/strong>Construidos con materiales de alta calidad como grafito y fibra de vidrio, nuestras ca\u00f1as personalizadas ofrecen un equilibrio entre sensibilidad y resistencia. Estos materiales garantizan que puedas detectar incluso las mordeduras m\u00e1s ligeras mientras mantienes la durabilidad en condiciones de hielo dif\u00edciles.<\/p>\n<\/li>\n<li data-start=\"1379\" data-end=\"1611\">\n<p data-start=\"1381\" data-end=\"1611\"><strong data-start=\"1381\" data-end=\"1407\">Ligero y Fuerte<\/strong>A pesar de su resistencia, las ca\u00f1as son ligeras, lo que garantiza comodidad durante largas sesiones de pesca en hielo. El dise\u00f1o ergon\u00f3mico reduce la fatiga en las manos y facilita pescar durante horas sin molestias.<\/p>\n<\/li>\n<\/ul>\n<\/li>\n<li data-start=\"1613\" data-end=\"2331\">\n<h3 data-start=\"1616\" data-end=\"1654\"><strong data-start=\"1616\" data-end=\"1654\">Carrete de pesca en hielo de alto rendimiento:<\/strong><\/h3>\n<ul data-start=\"1658\" data-end=\"2331\">\n<li data-start=\"1658\" data-end=\"1841\">\n<p data-start=\"1660\" data-end=\"1841\">El carrete de esta combinaci\u00f3n est\u00e1 dise\u00f1ado para un rendimiento en climas fr\u00edos. Equipado con un sistema de arrastre suave, previene la congelaci\u00f3n y garantiza un funcionamiento suave incluso en temperaturas bajo cero.<\/p>\n<\/li>\n<li data-start=\"1845\" data-end=\"2095\">\n<p data-start=\"1847\" data-end=\"2095\"><strong data-start=\"1847\" data-end=\"1881\">Componentes resistentes a la corrosi\u00f3n<\/strong>El carrete cuenta con componentes resistentes a la corrosi\u00f3n para garantizar su longevidad, incluso en entornos adversos y salinos. Ya sea que est\u00e9s pescando en agua dulce o en condiciones de hielo en agua salada, el carrete se mantiene confiable y funcional.<\/p>\n<\/li>\n<li data-start=\"2099\" data-end=\"2331\">\n<p data-start=\"2101\" data-end=\"2331\"><strong data-start=\"2101\" data-end=\"2125\">Control de Arrastre Preciso<\/strong>Con configuraciones de arrastre ajustables, el carrete proporciona un control total sobre tu captura. Ajusta tu arrastre f\u00e1cilmente para diferentes especies y t\u00e9cnicas de pesca, asegurando que puedas manejar una amplia variedad de peces con facilidad.<\/p>\n<\/li>\n<\/ul>\n<\/li>\n<li data-start=\"2333\" data-end=\"2817\">\n<h3 data-start=\"2336\" data-end=\"2363\"><strong data-start=\"2336\" data-end=\"2363\">Dise\u00f1ado para el clima fr\u00edo:<\/strong><\/h3>\n<ul data-start=\"2367\" data-end=\"2817\">\n<li data-start=\"2367\" data-end=\"2558\">\n<p data-start=\"2369\" data-end=\"2558\">La pesca en hielo requiere equipo especializado que pueda soportar temperaturas extremas. Nuestro combo est\u00e1 dise\u00f1ado para resistir la congelaci\u00f3n y funcionar a la perfecci\u00f3n en los entornos m\u00e1s fr\u00edos.<\/p>\n<\/li>\n<li data-start=\"2562\" data-end=\"2817\">\n<p data-start=\"2564\" data-end=\"2817\"><strong data-start=\"2564\" data-end=\"2593\">Materiales Resistentes al Fr\u00edo<\/strong>Tanto la ca\u00f1a como el carrete est\u00e1n construidos con materiales que resisten la congelaci\u00f3n, asegurando un funcionamiento suave incluso a temperaturas tan bajas como -20\u00b0F. La manija del carrete y el agarre de la ca\u00f1a est\u00e1n dise\u00f1ados para un manejo f\u00e1cil, incluso con guantes puestos.<\/p>\n<\/li>\n<\/ul>\n<\/li>\n<li data-start=\"2819\" data-end=\"3336\">\n<h3 data-start=\"2822\" data-end=\"2863\"><strong data-start=\"2822\" data-end=\"2863\">Sensibilidad Mejorada para la Pesca en Hielo:<\/strong><\/h3>\n<ul data-start=\"2867\" data-end=\"3336\">\n<li data-start=\"2867\" data-end=\"3149\">\n<p data-start=\"2869\" data-end=\"3149\">La pesca en hielo a menudo requiere movimientos precisos y sutiles, y nuestro <strong data-start=\"2934\" data-end=\"2954\">ca\u00f1as de pescar en hielo<\/strong> est\u00e1n dise\u00f1ados con puntas ultra-sensibles para ayudarte a detectar las picadas m\u00e1s ligeras. La sensibilidad asegura que no pierdas ninguna oportunidad, incluso cuando los peces muerden levemente el cebo.<\/p>\n<\/li>\n<li data-start=\"3153\" data-end=\"3336\">\n<p data-start=\"3155\" data-end=\"3336\"><strong data-start=\"3155\" data-end=\"3177\">Transferencia de Vibraci\u00f3n<\/strong>La ca\u00f1a est\u00e1 dise\u00f1ada para transferir vibraciones de manera clara, lo que te permite sentir los movimientos del pez a trav\u00e9s de la punta de la ca\u00f1a, incluso en los agujeros de hielo m\u00e1s fr\u00edos y profundos.<\/p>\n<\/li>\n<\/ul>\n<\/li>\n<li data-start=\"3338\" data-end=\"3832\">\n<h3 data-start=\"3341\" data-end=\"3372\"><strong data-start=\"3341\" data-end=\"3372\">Durabilidad y Rendimiento:<\/strong><\/h3>\n<ul data-start=\"3376\" data-end=\"3832\">\n<li data-start=\"3376\" data-end=\"3621\">\n<p data-start=\"3378\" data-end=\"3621\">Dise\u00f1ado para las condiciones m\u00e1s duras, este <strong data-start=\"3421\" data-end=\"3455\"><a href=\"https:\/\/hktackle.com\/es\/guia-de-canas-de-pescar\/\">ca\u00f1a y carrete de pesca en hielo<\/a> combo<\/strong> es altamente duradero y est\u00e1 construido para durar. La construcci\u00f3n de alta calidad garantiza que el equipo soportar\u00e1 un uso repetido, incluso en los entornos de pesca en hielo m\u00e1s dif\u00edciles.<\/p>\n<\/li>\n<li data-start=\"3625\" data-end=\"3832\">\n<p data-start=\"3627\" data-end=\"3832\"><strong data-start=\"3627\" data-end=\"3646\">A prueba de descomposici\u00f3n<\/strong>Tanto la ca\u00f1a como el carrete est\u00e1n dise\u00f1ados con la resistencia para evitar que se agrieten o rompan, incluso cuando el equipo est\u00e1 expuesto a las duras fuerzas y condiciones fr\u00edas asociadas con la pesca en hielo.<\/p>\n<\/li>\n<\/ul>\n<\/li>\n<li data-start=\"3834\" data-end=\"4304\">\n<h3 data-start=\"3837\" data-end=\"3864\"><strong data-start=\"3837\" data-end=\"3864\">Perfecto para el suministro B2B:<\/strong><\/h3>\n<ul data-start=\"3868\" data-end=\"4304\">\n<li data-start=\"3868\" data-end=\"4111\">\n<p data-start=\"3870\" data-end=\"4111\">En HK Tackle, ofrecemos opciones de compra personalizadas y por volumen para empresas. Ya sea que seas un minorista, distribuidor o gu\u00eda de pesca, podemos proporcionarte ca\u00f1as y carretes de pesca en hielo de alta calidad que satisfacen las demandas de tus clientes.<\/p>\n<\/li>\n<li data-start=\"4115\" data-end=\"4304\">\n<p data-start=\"4117\" data-end=\"4304\"><strong data-start=\"4117\" data-end=\"4140\">Personalizaci\u00f3n de Marca<\/strong>Las empresas tambi\u00e9n pueden personalizar estos productos con su marca, lo que los hace perfectos para la distribuci\u00f3n al por mayor, tiendas minoristas o para excursiones y alquileres de pesca.<\/p>\n<\/li>\n<\/ul>\n<\/li>\n<\/ol>\n<h2 data-start=\"4306\" data-end=\"4369\"><img loading=\"lazy\" decoding=\"async\" class=\"alignnone wp-image-1819\" src=\"https:\/\/hktackle.com\/wp-content\/uploads\/2025\/11\/ice-fishing-rod-9-1.jpg\" alt=\"ca\u00f1a y carrete de pesca en hielo\" width=\"343\" height=\"343\" title=\"\" srcset=\"https:\/\/hktackle.com\/wp-content\/uploads\/2025\/11\/ice-fishing-rod-9-1.jpg 800w, https:\/\/hktackle.com\/wp-content\/uploads\/2025\/11\/ice-fishing-rod-9-1-300x300.jpg 300w, https:\/\/hktackle.com\/wp-content\/uploads\/2025\/11\/ice-fishing-rod-9-1-150x150.jpg 150w, https:\/\/hktackle.com\/wp-content\/uploads\/2025\/11\/ice-fishing-rod-9-1-768x768.jpg 768w, https:\/\/hktackle.com\/wp-content\/uploads\/2025\/11\/ice-fishing-rod-9-1-600x600.jpg 600w\" sizes=\"auto, (max-width: 343px) 100vw, 343px\" \/><img loading=\"lazy\" decoding=\"async\" class=\"alignnone wp-image-1813\" src=\"https:\/\/hktackle.com\/wp-content\/uploads\/2025\/11\/ice-fishing-rod-3-1.jpg\" alt=\"soportes para ca\u00f1as de pescar en hielo \" width=\"367\" height=\"323\" title=\"\" srcset=\"https:\/\/hktackle.com\/wp-content\/uploads\/2025\/11\/ice-fishing-rod-3-1.jpg 714w, https:\/\/hktackle.com\/wp-content\/uploads\/2025\/11\/ice-fishing-rod-3-1-300x264.jpg 300w, https:\/\/hktackle.com\/wp-content\/uploads\/2025\/11\/ice-fishing-rod-3-1-600x529.jpg 600w\" sizes=\"auto, (max-width: 367px) 100vw, 367px\" \/><img loading=\"lazy\" decoding=\"async\" class=\"alignnone wp-image-1814\" src=\"https:\/\/hktackle.com\/wp-content\/uploads\/2025\/11\/ice-fishing-rod-4-1.jpg\" alt=\"ca\u00f1as de pescar en hielo \" width=\"393\" height=\"390\" title=\"\" srcset=\"https:\/\/hktackle.com\/wp-content\/uploads\/2025\/11\/ice-fishing-rod-4-1.jpg 761w, https:\/\/hktackle.com\/wp-content\/uploads\/2025\/11\/ice-fishing-rod-4-1-300x298.jpg 300w, https:\/\/hktackle.com\/wp-content\/uploads\/2025\/11\/ice-fishing-rod-4-1-150x150.jpg 150w, https:\/\/hktackle.com\/wp-content\/uploads\/2025\/11\/ice-fishing-rod-4-1-600x595.jpg 600w\" sizes=\"auto, (max-width: 393px) 100vw, 393px\" \/><\/h2>\n<h2 data-start=\"4306\" data-end=\"4369\"><strong data-start=\"4311\" data-end=\"4369\">\u00bfPor qu\u00e9 elegir el combo de ca\u00f1a y carrete de pesca en hielo de HK Tackle?<\/strong><\/h2>\n<p><img loading=\"lazy\" decoding=\"async\" class=\"alignnone wp-image-1469\" src=\"https:\/\/hktackle.com\/wp-content\/uploads\/2025\/11\/HK-fishing-tackle.jpg\" alt=\"HK Pesca Equipos\" width=\"595\" height=\"404\" title=\"\" srcset=\"https:\/\/hktackle.com\/wp-content\/uploads\/2025\/11\/HK-fishing-tackle.jpg 861w, https:\/\/hktackle.com\/wp-content\/uploads\/2025\/11\/HK-fishing-tackle-300x204.jpg 300w, https:\/\/hktackle.com\/wp-content\/uploads\/2025\/11\/HK-fishing-tackle-768x522.jpg 768w, https:\/\/hktackle.com\/wp-content\/uploads\/2025\/11\/HK-fishing-tackle-600x408.jpg 600w\" sizes=\"auto, (max-width: 595px) 100vw, 595px\" \/><\/p>\n<ul data-start=\"4371\" data-end=\"5030\">\n<li data-start=\"4371\" data-end=\"4528\">\n<p data-start=\"4373\" data-end=\"4528\"><strong data-start=\"4373\" data-end=\"4390\">Personalizaci\u00f3n<\/strong>Nuestras ca\u00f1as de pescar personalizadas para hielo te permiten adaptar el equipo a tus necesidades espec\u00edficas de pesca, asegurando el ajuste perfecto para cada pescador.<\/p>\n<\/li>\n<li data-start=\"4529\" data-end=\"4679\">\n<p data-start=\"4531\" data-end=\"4679\"><strong data-start=\"4531\" data-end=\"4558\">Durabilidad en Climas Fr\u00edos<\/strong>Dise\u00f1ado para rendir en temperaturas extremas, este combo de ca\u00f1a y carrete garantiza un funcionamiento suave, sin importar lo fr\u00edo que se ponga.<\/p>\n<\/li>\n<li data-start=\"4680\" data-end=\"4870\">\n<p data-start=\"4682\" data-end=\"4870\"><strong data-start=\"4682\" data-end=\"4708\">Materiales de alta calidad<\/strong>Desde los componentes resistentes a la corrosi\u00f3n de la bobina hasta la construcci\u00f3n ligera pero resistente de la ca\u00f1a, cada aspecto de esta combinaci\u00f3n est\u00e1 dise\u00f1ado para un rendimiento m\u00e1ximo.<\/p>\n<\/li>\n<li data-start=\"4871\" data-end=\"5030\">\n<p data-start=\"4873\" data-end=\"5030\"><strong data-start=\"4873\" data-end=\"4899\">Perfecto para el suministro B2B<\/strong>Los pedidos al por mayor y las opciones de personalizaci\u00f3n facilitan el abastecimiento de tu tienda, el suministro a los clientes o la atenci\u00f3n a gu\u00edas de pesca a gran escala.<\/p>\n<\/li>\n<\/ul>\n<div class=\"wpforms-container\" id=\"wpforms-564\"><form id=\"wpforms-form-564\" class=\"wpforms-validate wpforms-form wpforms-ajax-form\" data-formid=\"564\" method=\"post\" enctype=\"multipart\/form-data\" action=\"\/es\/wp-json\/wp\/v2\/product\/1824\" data-token=\"35319856598c1d8bce51afc7ee1d8aad\" data-token-time=\"1776382455\" data-trp-original-action=\"\/es\/wp-json\/wp\/v2\/product\/1824\"><div class=\"wpforms-head-container\"><div class=\"wpforms-title\">Solicitar cotizaci\u00f3n<\/div><\/div><noscript class=\"wpforms-error-noscript\">Por favor, activa JavaScript en tu navegador para completar este formulario.<\/noscript><div class=\"wpforms-field-container\"><div id=\"wpforms-564-field_1-container\" class=\"wpforms-field wpforms-field-name\" data-field-id=\"1\"><label class=\"wpforms-field-label wpforms-label-hide\" for=\"wpforms-564-field_1\">Nombre <span class=\"wpforms-required-label\">*<\/span><\/label><input type=\"text\" id=\"wpforms-564-field_1\" class=\"wpforms-field-medium wpforms-field-required\" name=\"wpforms[fields][1]\" placeholder=\"Nombre\" required><\/div>\t\t<div id=\"wpforms-564-field_7-container\"\n\t\t\tclass=\"wpforms-field wpforms-field-text\"\n\t\t\tdata-field-type=\"text\"\n\t\t\tdata-field-id=\"7\"\n\t\t\t>\n\t\t\t<label class=\"wpforms-field-label\" for=\"wpforms-564-field_7\" >Whatsapp Nombre P\u00e1gina de Consulta<\/label>\n\t\t\t<input type=\"text\" id=\"wpforms-564-field_7\" class=\"wpforms-field-medium\" name=\"wpforms[fields][7]\" >\n\t\t<\/div>\n\t\t<div id=\"wpforms-564-field_2-container\" class=\"wpforms-field wpforms-field-name\" data-field-id=\"2\"><label class=\"wpforms-field-label wpforms-label-hide\" for=\"wpforms-564-field_2\">Whatsapp <span class=\"wpforms-required-label\">*<\/span><\/label><input type=\"text\" id=\"wpforms-564-field_2\" class=\"wpforms-field-medium wpforms-field-required\" name=\"wpforms[fields][2]\" placeholder=\"Whatapp\" required><\/div><div id=\"wpforms-564-field_4-container\" class=\"wpforms-field wpforms-field-name\" data-field-id=\"4\"><label class=\"wpforms-field-label wpforms-label-hide\" for=\"wpforms-564-field_4\">Correo electr\u00f3nico <span class=\"wpforms-required-label\">*<\/span><\/label><input type=\"text\" id=\"wpforms-564-field_4\" class=\"wpforms-field-medium wpforms-field-required\" name=\"wpforms[fields][4]\" placeholder=\"Correo electr\u00f3nico\" required><\/div><div id=\"wpforms-564-field_3-container\" class=\"wpforms-field wpforms-field-name\" data-field-id=\"3\"><label class=\"wpforms-field-label wpforms-label-hide\" for=\"wpforms-564-field_3\">Consulta <span class=\"wpforms-required-label\">*<\/span><\/label><input type=\"text\" id=\"wpforms-564-field_3\" class=\"wpforms-field-medium wpforms-field-required\" name=\"wpforms[fields][3]\" placeholder=\"qu\u00e9 producto necesitas\" required><\/div><div id=\"wpforms-564-field_5-container\" class=\"wpforms-field wpforms-field-hidden\" data-field-id=\"5\"><input type=\"hidden\" id=\"wpforms-564-field_5\" name=\"wpforms[fields][5]\" value=\"216.73.216.44\"><\/div><div id=\"wpforms-564-field_6-container\" class=\"wpforms-field wpforms-field-hidden\" data-field-id=\"6\"><input type=\"hidden\" id=\"wpforms-564-field_6\" name=\"wpforms[fields][6]\" value=\"https:\/\/hktackle.com\/es\/wp-json\/wp\/v2\/product\/1824\"><\/div><script>\n\t\t\t\t( function() {\n\t\t\t\t\tconst style = document.createElement( 'style' );\n\t\t\t\t\tstyle.appendChild( document.createTextNode( '#wpforms-564-field_7-container { position: absolute !important; overflow: hidden !important; display: inline !important; height: 1px !important; width: 1px !important; z-index: -1000 !important; padding: 0 !important; } #wpforms-564-field_7-container input { visibility: hidden; } #wpforms-conversational-form-page #wpforms-564-field_7-container label { counter-increment: none; }' ) );\n\t\t\t\t\tdocument.head.appendChild( style );\n\t\t\t\t\tdocument.currentScript?.remove();\n\t\t\t\t} )();\n\t\t\t<\/script><\/div><!-- .wpforms-field-container --><div class=\"wpforms-submit-container\" ><input type=\"hidden\" name=\"wpforms[id]\" value=\"564\"><input type=\"hidden\" name=\"page_title\" value=\"\"><input type=\"hidden\" name=\"page_url\" value=\"https:\/\/hktackle.com\/es\/wp-json\/wp\/v2\/product\/1824\"><input type=\"hidden\" name=\"url_referer\" value=\"\"><button type=\"submit\" name=\"wpforms[submit]\" id=\"wpforms-submit-564\" class=\"wpforms-submit\" data-alt-text=\"Sending\" data-submit-text=\"Summit\" aria-live=\"assertive\" value=\"wpforms-submit\">Cumbre<\/button><img loading=\"lazy\" decoding=\"async\" src=\"https:\/\/hktackle.com\/wp-content\/plugins\/wpforms\/assets\/images\/submit-spin.svg\" class=\"wpforms-submit-spinner\" style=\"display: none;\" width=\"26\" height=\"26\" alt=\"Cargando\" title=\"\"><\/div><input type=\"hidden\" name=\"trp-form-language\" value=\"es\"\/><\/form><\/div>  <!-- .wpforms-container -->","protected":false},"excerpt":{"rendered":"<p>Experimenta un rendimiento premium en el hielo con el <strong data-start=\"5561\" data-end=\"5602\">Combo personalizado de ca\u00f1a y carrete para pesca en hielo<\/strong> de HK Tackle. Dise\u00f1ado para la durabilidad y precisi\u00f3n en condiciones extremas de fr\u00edo, este combo es personalizable para satisfacer tus necesidades de pesca \u00fanicas. Haz tu pedido ahora y mejora tu experiencia de pesca en hielo.<\/p>\n<div class=\"wp-block-stackable-button stk-block-button popmake-1340 stk-block stk-13b8711 popmake-1340\" data-block-id=\"13b8711\">\n<style>.stk-13b8711 {min-height:var(--stk--preset--block-height--x-small, 4rem) !important;padding-top:var(--stk--preset--spacing--none, 0px) !important;padding-right:var(--stk--preset--spacing--none, 0px) !important;padding-bottom:var(--stk--preset--spacing--none, 0px) !important;padding-left:var(--stk--preset--spacing--none, 0px) !important;}.stk-13b8711 .stk-button{min-height:36px !important;padding-top:var(--stk--preset--spacing--40, 1rem) !important;padding-right:33px !important;padding-bottom:var(--stk--preset--spacing--40, 1rem) !important;background:#2db2eb !important;border-top-left-radius:var(--stk--preset--border-radius--small, 4px) !important;border-top-right-radius:var(--stk--preset--border-radius--small, 4px) !important;border-bottom-right-radius:var(--stk--preset--border-radius--small, 4px) !important;border-bottom-left-radius:var(--stk--preset--border-radius--small, 4px) !important;}.stk-13b8711 .stk-button__inner-text{color:#fffffe !important;}<\/style>\n<p><a class=\"stk-link stk-button stk--hover-effect-lift-scale-more\"><span class=\"has-text-color stk-button__inner-text\">Solicitar una cotizaci\u00f3n <\/span><\/a><\/p>\n<\/div>","protected":false},"featured_media":1815,"template":"","meta":[],"product_brand":[],"product_cat":[20],"product_tag":[],"class_list":{"0":"post-1824","1":"product","2":"type-product","3":"status-publish","4":"has-post-thumbnail","6":"product_cat-rod-combo","8":"first","9":"instock","10":"shipping-taxable","11":"product-type-simple"},"_links":{"self":[{"href":"https:\/\/hktackle.com\/es\/wp-json\/wp\/v2\/product\/1824","targetHints":{"allow":["GET"]}}],"collection":[{"href":"https:\/\/hktackle.com\/es\/wp-json\/wp\/v2\/product"}],"about":[{"href":"https:\/\/hktackle.com\/es\/wp-json\/wp\/v2\/types\/product"}],"wp:featuredmedia":[{"embeddable":true,"href":"https:\/\/hktackle.com\/es\/wp-json\/wp\/v2\/media\/1815"}],"wp:attachment":[{"href":"https:\/\/hktackle.com\/es\/wp-json\/wp\/v2\/media?parent=1824"}],"wp:term":[{"taxonomy":"product_brand","embeddable":true,"href":"https:\/\/hktackle.com\/es\/wp-json\/wp\/v2\/product_brand?post=1824"},{"taxonomy":"product_cat","embeddable":true,"href":"https:\/\/hktackle.com\/es\/wp-json\/wp\/v2\/product_cat?post=1824"},{"taxonomy":"product_tag","embeddable":true,"href":"https:\/\/hktackle.com\/es\/wp-json\/wp\/v2\/product_tag?post=1824"}],"curies":[{"name":"wp","href":"https:\/\/api.w.org\/{rel}","templated":true}]}}