{"id":1834,"date":"2025-11-13T04:33:06","date_gmt":"2025-11-13T04:33:06","guid":{"rendered":"https:\/\/hktackle.com\/?post_type=product&#038;p=1834"},"modified":"2025-12-01T15:28:18","modified_gmt":"2025-12-01T15:28:18","slug":"soportes-para-canas-de-pescar-en-hielo","status":"publish","type":"product","link":"https:\/\/hktackle.com\/es\/producto\/soportes-para-canas-de-pescar-en-hielo","title":{"rendered":"Soportes de ca\u00f1as de pescar en hielo premium \u2013 Almacenamiento de ca\u00f1as de hielo estable y seguro"},"content":{"rendered":"<h1 data-start=\"125\" data-end=\"209\">Soportes de ca\u00f1as de pescar en hielo premium \u2013 Almacenamiento de ca\u00f1as de hielo estable y seguro<\/h1>\n<p data-start=\"211\" data-end=\"240\"><img loading=\"lazy\" decoding=\"async\" class=\"alignnone wp-image-1811\" src=\"https:\/\/hktackle.com\/wp-content\/uploads\/2025\/11\/ice-fishing-rod-1-1.jpg\" alt=\"soportes para ca\u00f1as de pescar en hielo\" width=\"458\" height=\"458\" title=\"\" srcset=\"https:\/\/hktackle.com\/wp-content\/uploads\/2025\/11\/ice-fishing-rod-1-1.jpg 800w, https:\/\/hktackle.com\/wp-content\/uploads\/2025\/11\/ice-fishing-rod-1-1-300x300.jpg 300w, https:\/\/hktackle.com\/wp-content\/uploads\/2025\/11\/ice-fishing-rod-1-1-150x150.jpg 150w, https:\/\/hktackle.com\/wp-content\/uploads\/2025\/11\/ice-fishing-rod-1-1-768x768.jpg 768w, https:\/\/hktackle.com\/wp-content\/uploads\/2025\/11\/ice-fishing-rod-1-1-600x600.jpg 600w\" sizes=\"auto, (max-width: 458px) 100vw, 458px\" \/><\/p>\n<p data-start=\"242\" data-end=\"758\">El <strong data-start=\"246\" data-end=\"280\">Premium <a href=\"https:\/\/hktackle.com\/es\/\">Soportes para ca\u00f1as de pescar en hielo<\/a><\/strong> from HK Tackle es la soluci\u00f3n definitiva para los pescadores que exigen un almacenamiento de ca\u00f1as seguro, fiable y estable mientras pescan en hielo. Ya sea que est\u00e9s pescando en un lago congelado o en un r\u00edo cubierto de hielo, nuestra <a href=\"https:\/\/hktackle.com\/es\/categoria-producto\/herramientas\/\"><strong data-start=\"480\" data-end=\"499\">soportes para ca\u00f1as de hielo<\/strong><\/a> est\u00e1n dise\u00f1ados para mantener tus ca\u00f1as seguras, organizadas y f\u00e1cilmente accesibles en todo momento. Perfecto para pescadores de hielo profesionales, pescadores recreativos y entusiastas de la pesca, este soporte para ca\u00f1as ofrece una forma robusta y conveniente de almacenar tu equipo mientras est\u00e1s en el hielo.<\/p>\n<h4 data-start=\"760\" data-end=\"782\"><img loading=\"lazy\" decoding=\"async\" class=\"alignnone wp-image-1815\" src=\"https:\/\/hktackle.com\/wp-content\/uploads\/2025\/11\/ice-fishing-rod-5-1.jpg\" alt=\"ca\u00f1a de pescar en hielo\" width=\"446\" height=\"446\" title=\"\" srcset=\"https:\/\/hktackle.com\/wp-content\/uploads\/2025\/11\/ice-fishing-rod-5-1.jpg 800w, https:\/\/hktackle.com\/wp-content\/uploads\/2025\/11\/ice-fishing-rod-5-1-300x300.jpg 300w, https:\/\/hktackle.com\/wp-content\/uploads\/2025\/11\/ice-fishing-rod-5-1-150x150.jpg 150w, https:\/\/hktackle.com\/wp-content\/uploads\/2025\/11\/ice-fishing-rod-5-1-768x768.jpg 768w, https:\/\/hktackle.com\/wp-content\/uploads\/2025\/11\/ice-fishing-rod-5-1-600x600.jpg 600w\" sizes=\"auto, (max-width: 446px) 100vw, 446px\" \/><\/h4>\n<h4 data-start=\"760\" data-end=\"782\"><strong data-start=\"765\" data-end=\"782\">Caracter\u00edsticas clave:<\/strong><\/h4>\n<ol data-start=\"784\" data-end=\"4300\">\n<li data-start=\"784\" data-end=\"1359\">\n<p data-start=\"787\" data-end=\"831\"><strong data-start=\"787\" data-end=\"831\">Construcci\u00f3n duradera y resistente al fr\u00edo:<\/strong><\/p>\n<ul data-start=\"835\" data-end=\"1359\">\n<li data-start=\"835\" data-end=\"1108\">\n<p data-start=\"837\" data-end=\"1108\">Dise\u00f1ado espec\u00edficamente para la pesca en hielo, nuestro <strong data-start=\"880\" data-end=\"907\">soportes para ca\u00f1as de pescar en hielo<\/strong> est\u00e1n hechos de materiales de alta calidad y resistentes a la corrosi\u00f3n. El dise\u00f1o robusto garantiza que el soporte funcionar\u00e1 en condiciones de congelaci\u00f3n, ofreciendo estabilidad y fiabilidad en temperaturas extremas.<\/p>\n<\/li>\n<li data-start=\"1112\" data-end=\"1359\">\n<p data-start=\"1114\" data-end=\"1359\"><strong data-start=\"1114\" data-end=\"1140\">Materiales a prueba de clima<\/strong>Los materiales del soporte de ca\u00f1as son resistentes a la congelaci\u00f3n, lo que garantiza que no se agrieten, deformen ni degraden en temperaturas bajo cero, brind\u00e1ndote la confianza de que tu equipo se mantendr\u00e1 intacto durante tus viajes de pesca.<\/p>\n<\/li>\n<\/ul>\n<\/li>\n<li data-start=\"1361\" data-end=\"2155\">\n<p data-start=\"1364\" data-end=\"1391\"><strong data-start=\"1364\" data-end=\"1391\">Sujeci\u00f3n Estable y Segura:<\/strong><\/p>\n<ul data-start=\"1395\" data-end=\"2155\">\n<li data-start=\"1395\" data-end=\"1664\">\n<p data-start=\"1397\" data-end=\"1664\">El <strong data-start=\"1401\" data-end=\"1419\">soporte para ca\u00f1a de hielo<\/strong> est\u00e1 dise\u00f1ado para una estabilidad superior, asegurando que tus ca\u00f1as de pescar permanezcan seguras incluso en condiciones ventosas. La base robusta permite una colocaci\u00f3n estable en superficies heladas, mientras que el soporte de ca\u00f1a mantiene tu ca\u00f1a en posici\u00f3n vertical y firmemente en su lugar.<\/p>\n<\/li>\n<li data-start=\"1668\" data-end=\"1913\">\n<p data-start=\"1670\" data-end=\"1913\"><strong data-start=\"1670\" data-end=\"1689\">Sujeci\u00f3n ajustable<\/strong>Con un brazo ajustable, este soporte puede acomodar varas de diferentes tama\u00f1os y estilos. Ya sea que est\u00e9s utilizando varas de spinning, baitcasting o incluso varas de hielo personalizadas, el soporte se puede ajustar para que se adapte perfectamente a tu equipo.<\/p>\n<\/li>\n<li data-start=\"1917\" data-end=\"2155\">\n<p data-start=\"1919\" data-end=\"2155\"><strong data-start=\"1919\" data-end=\"1936\">Agarre Antideslizante<\/strong>El agarre del soporte de ca\u00f1a est\u00e1 dise\u00f1ado para evitar que las ca\u00f1as se resbalen o caigan, incluso cuando el hielo est\u00e1 liso o el clima es ventoso. Esto garantiza que tus ca\u00f1as permanezcan donde las dejaste, listas para la acci\u00f3n cuando un pez muerde.<\/p>\n<\/li>\n<\/ul>\n<\/li>\n<li data-start=\"2157\" data-end=\"2723\">\n<p data-start=\"2160\" data-end=\"2193\"><strong data-start=\"2160\" data-end=\"2193\">Port\u00e1til y F\u00e1cil de Instalar:<\/strong><\/p>\n<ul data-start=\"2197\" data-end=\"2723\">\n<li data-start=\"2197\" data-end=\"2459\">\n<p data-start=\"2199\" data-end=\"2459\">Nuestro <a href=\"https:\/\/hktackle.com\/es\/guia-de-herramientas-de-pesca\/\"><strong data-start=\"2203\" data-end=\"2231\">soportes para ca\u00f1as de pescar en hielo<\/strong><\/a> son port\u00e1tiles y ligeros, lo que facilita su transporte y montaje en cualquier lugar donde est\u00e9s pescando. El dise\u00f1o compacto los hace ideales para almacenar y transportar m\u00faltiples soportes de ca\u00f1a cuando est\u00e1s en el hielo con amigos o clientes.<\/p>\n<\/li>\n<li data-start=\"2463\" data-end=\"2723\">\n<p data-start=\"2465\" data-end=\"2723\"><strong data-start=\"2465\" data-end=\"2480\">Configuraci\u00f3n R\u00e1pida<\/strong>Configurar tu soporte para ca\u00f1as es simple y r\u00e1pido, sin necesidad de herramientas complejas o montaje. El soporte se puede montar f\u00e1cilmente en la nieve o el hielo con su estaca o base incorporada, y sostiene tus ca\u00f1as de manera segura durante todo el d\u00eda.<\/p>\n<\/li>\n<\/ul>\n<\/li>\n<li data-start=\"2725\" data-end=\"3311\">\n<p data-start=\"2728\" data-end=\"2767\"><strong data-start=\"2728\" data-end=\"2767\">Dise\u00f1o vers\u00e1til para m\u00faltiples varas:<\/strong><\/p>\n<ul data-start=\"2771\" data-end=\"3311\">\n<li data-start=\"2771\" data-end=\"3052\">\n<p data-start=\"2773\" data-end=\"3052\">Ya sea que est\u00e9s pescando con una sola ca\u00f1a o con varias ca\u00f1as, esto <a href=\"https:\/\/hktackle.com\/es\/guia-de-herramientas-de-pesca\/\"><strong data-start=\"2837\" data-end=\"2863\">soporte para ca\u00f1as de pescar en hielo<\/strong><\/a> ofrece la flexibilidad de almacenar varias ca\u00f1as a la vez. Esta soluci\u00f3n de almacenamiento multi-ca\u00edda permite a los pescadores aumentar sus posibilidades de atrapar peces sin desordenar su \u00e1rea de pesca en hielo.<\/p>\n<\/li>\n<li data-start=\"3056\" data-end=\"3311\">\n<p data-start=\"3058\" data-end=\"3311\"><strong data-start=\"3058\" data-end=\"3085\">M\u00faltiples soportes en uno<\/strong>Algunos modelos cuentan con m\u00faltiples ranuras para ca\u00f1as, lo que te permite almacenar varias ca\u00f1as en un solo soporte compacto. Esta caracter\u00edstica es ideal para los pescadores que utilizan m\u00faltiples configuraciones para diferentes t\u00e9cnicas de pesca y necesitan un almacenamiento eficiente.<\/p>\n<\/li>\n<\/ul>\n<\/li>\n<li data-start=\"3313\" data-end=\"3829\">\n<p data-start=\"3316\" data-end=\"3353\"><strong data-start=\"3316\" data-end=\"3353\">Ergon\u00f3mico y c\u00f3modo de usar:<\/strong><\/p>\n<ul data-start=\"3357\" data-end=\"3829\">\n<li data-start=\"3357\" data-end=\"3586\">\n<p data-start=\"3359\" data-end=\"3586\">El dise\u00f1o del soporte para ca\u00f1as permite un manejo f\u00e1cil y un acceso r\u00e1pido a tus ca\u00f1as. Ya sea que est\u00e9s pescando activamente o esperando una picada, puedes agarrar tu ca\u00f1a del soporte f\u00e1cilmente y comenzar a recuperar un pez en cualquier momento.<\/p>\n<\/li>\n<li data-start=\"3590\" data-end=\"3829\">\n<p data-start=\"3592\" data-end=\"3829\"><strong data-start=\"3592\" data-end=\"3613\">\u00c1ngulos Convenientes<\/strong>Los \u00e1ngulos ajustables aseguran que puedas colocar la ca\u00f1a en la posici\u00f3n m\u00e1s c\u00f3moda y eficiente para pescar. Esto puede ayudar a prevenir tensi\u00f3n durante largas sesiones de pesca en hielo y mejorar tu experiencia en general.<\/p>\n<\/li>\n<\/ul>\n<\/li>\n<li data-start=\"3831\" data-end=\"4300\">\n<p data-start=\"3834\" data-end=\"3861\"><strong data-start=\"3834\" data-end=\"3861\">Perfecto para el suministro B2B:<\/strong><\/p>\n<ul data-start=\"3865\" data-end=\"4300\">\n<li data-start=\"3865\" data-end=\"4126\">\n<p data-start=\"3867\" data-end=\"4126\">HK Tackle ofrece <strong data-start=\"3884\" data-end=\"3911\">soportes para ca\u00f1as de pescar en hielo<\/strong> en grandes cantidades para empresas, minoristas y distribuidores. Ya sea que est\u00e9s abasteciendo tu tienda, ofreciendo equipos de alquiler o equipando un servicio de gu\u00edas de pesca, podemos proporcionar soportes para ca\u00f1as de alta calidad para satisfacer tus necesidades.<\/p>\n<\/li>\n<li data-start=\"4130\" data-end=\"4300\">\n<p data-start=\"4132\" data-end=\"4300\"><strong data-start=\"4132\" data-end=\"4157\">Opciones de personalizaci\u00f3n<\/strong>Las empresas pueden solicitar una personalizaci\u00f3n de la marca en los soportes, lo que facilita la promoci\u00f3n de su negocio o la oferta de equipos personalizados para los clientes.<\/p>\n<\/li>\n<\/ul>\n<\/li>\n<\/ol>\n<h4 data-start=\"4302\" data-end=\"4357\"><\/h4>\n<h4 data-start=\"4302\" data-end=\"4357\"><strong data-start=\"4307\" data-end=\"4357\">\u00bfPor qu\u00e9 elegir el soporte para ca\u00f1as de pescar en hielo de HK Tackle?<\/strong><\/h4>\n<ul data-start=\"4359\" data-end=\"4962\">\n<li data-start=\"4359\" data-end=\"4491\">\n<p data-start=\"4361\" data-end=\"4491\"><strong data-start=\"4361\" data-end=\"4378\">Construido para durar<\/strong>Nuestros soportes para ca\u00f1as de hielo est\u00e1n elaborados con materiales de primera calidad para garantizar una durabilidad prolongada en condiciones extremas.<\/p>\n<\/li>\n<li data-start=\"4492\" data-end=\"4646\">\n<p data-start=\"4494\" data-end=\"4646\"><strong data-start=\"4494\" data-end=\"4515\">Estable y Seguro<\/strong>: Dise\u00f1ado para mantener tus ca\u00f1as de pescar de manera segura en su lugar, reduciendo el riesgo de perder tu equipo debido a superficies resbaladizas o inestables.<\/p>\n<\/li>\n<li data-start=\"4647\" data-end=\"4769\">\n<p data-start=\"4649\" data-end=\"4769\"><strong data-start=\"4649\" data-end=\"4677\">Port\u00e1til y f\u00e1cil de usar<\/strong>Ligeros y simples de configurar, lo que los hace ideales para pescadores m\u00f3viles y gu\u00edas de pesca.<\/p>\n<\/li>\n<li data-start=\"4770\" data-end=\"4962\">\n<p data-start=\"4772\" data-end=\"4962\"><strong data-start=\"4772\" data-end=\"4803\">Personalizable para Empresas<\/strong>HK Tackle ofrece pedidos al por mayor y personalizaci\u00f3n para tu marca o necesidades espec\u00edficas. Abastece tu tienda, servicio de alquiler o tours guiados con equipo de pesca de primera calidad.<\/p>\n<\/li>\n<\/ul>\n<div class=\"wpforms-container\" id=\"wpforms-564\"><form id=\"wpforms-form-564\" class=\"wpforms-validate wpforms-form wpforms-ajax-form\" data-formid=\"564\" method=\"post\" enctype=\"multipart\/form-data\" action=\"\/es\/wp-json\/wp\/v2\/product\/1834\" data-token=\"3a27290115edac4e9507e4eda9c9e8f3\" data-token-time=\"1776510892\" data-trp-original-action=\"\/es\/wp-json\/wp\/v2\/product\/1834\"><div class=\"wpforms-head-container\"><div class=\"wpforms-title\">Solicitar cotizaci\u00f3n<\/div><\/div><noscript class=\"wpforms-error-noscript\">Por favor, activa JavaScript en tu navegador para completar este formulario.<\/noscript><div class=\"wpforms-field-container\"><div id=\"wpforms-564-field_1-container\" class=\"wpforms-field wpforms-field-name\" data-field-id=\"1\"><label class=\"wpforms-field-label wpforms-label-hide\" for=\"wpforms-564-field_1\">Nombre <span class=\"wpforms-required-label\">*<\/span><\/label><input type=\"text\" id=\"wpforms-564-field_1\" class=\"wpforms-field-medium wpforms-field-required\" name=\"wpforms[fields][1]\" placeholder=\"Nombre\" required><\/div>\t\t<div id=\"wpforms-564-field_7-container\"\n\t\t\tclass=\"wpforms-field wpforms-field-text\"\n\t\t\tdata-field-type=\"text\"\n\t\t\tdata-field-id=\"7\"\n\t\t\t>\n\t\t\t<label class=\"wpforms-field-label\" for=\"wpforms-564-field_7\" >Consulta de IP del cliente por correo electr\u00f3nico<\/label>\n\t\t\t<input type=\"text\" id=\"wpforms-564-field_7\" class=\"wpforms-field-medium\" name=\"wpforms[fields][7]\" >\n\t\t<\/div>\n\t\t<div id=\"wpforms-564-field_2-container\" class=\"wpforms-field wpforms-field-name\" data-field-id=\"2\"><label class=\"wpforms-field-label wpforms-label-hide\" for=\"wpforms-564-field_2\">Whatsapp <span class=\"wpforms-required-label\">*<\/span><\/label><input type=\"text\" id=\"wpforms-564-field_2\" class=\"wpforms-field-medium wpforms-field-required\" name=\"wpforms[fields][2]\" placeholder=\"Whatapp\" required><\/div><div id=\"wpforms-564-field_4-container\" class=\"wpforms-field wpforms-field-name\" data-field-id=\"4\"><label class=\"wpforms-field-label wpforms-label-hide\" for=\"wpforms-564-field_4\">Correo electr\u00f3nico <span class=\"wpforms-required-label\">*<\/span><\/label><input type=\"text\" id=\"wpforms-564-field_4\" class=\"wpforms-field-medium wpforms-field-required\" name=\"wpforms[fields][4]\" placeholder=\"Correo electr\u00f3nico\" required><\/div><div id=\"wpforms-564-field_3-container\" class=\"wpforms-field wpforms-field-name\" data-field-id=\"3\"><label class=\"wpforms-field-label wpforms-label-hide\" for=\"wpforms-564-field_3\">Consulta <span class=\"wpforms-required-label\">*<\/span><\/label><input type=\"text\" id=\"wpforms-564-field_3\" class=\"wpforms-field-medium wpforms-field-required\" name=\"wpforms[fields][3]\" placeholder=\"qu\u00e9 producto necesitas\" required><\/div><div id=\"wpforms-564-field_5-container\" class=\"wpforms-field wpforms-field-hidden\" data-field-id=\"5\"><input type=\"hidden\" id=\"wpforms-564-field_5\" name=\"wpforms[fields][5]\" value=\"216.73.216.42\"><\/div><div id=\"wpforms-564-field_6-container\" class=\"wpforms-field wpforms-field-hidden\" data-field-id=\"6\"><input type=\"hidden\" id=\"wpforms-564-field_6\" name=\"wpforms[fields][6]\" value=\"https:\/\/hktackle.com\/es\/wp-json\/wp\/v2\/product\/1834\"><\/div><script>\n\t\t\t\t( function() {\n\t\t\t\t\tconst style = document.createElement( 'style' );\n\t\t\t\t\tstyle.appendChild( document.createTextNode( '#wpforms-564-field_7-container { position: absolute !important; overflow: hidden !important; display: inline !important; height: 1px !important; width: 1px !important; z-index: -1000 !important; padding: 0 !important; } #wpforms-564-field_7-container input { visibility: hidden; } #wpforms-conversational-form-page #wpforms-564-field_7-container label { counter-increment: none; }' ) );\n\t\t\t\t\tdocument.head.appendChild( style );\n\t\t\t\t\tdocument.currentScript?.remove();\n\t\t\t\t} )();\n\t\t\t<\/script><\/div><!-- .wpforms-field-container --><div class=\"wpforms-submit-container\" ><input type=\"hidden\" name=\"wpforms[id]\" value=\"564\"><input type=\"hidden\" name=\"page_title\" value=\"\"><input type=\"hidden\" name=\"page_url\" value=\"https:\/\/hktackle.com\/es\/wp-json\/wp\/v2\/product\/1834\"><input type=\"hidden\" name=\"url_referer\" value=\"\"><button type=\"submit\" name=\"wpforms[submit]\" id=\"wpforms-submit-564\" class=\"wpforms-submit\" data-alt-text=\"Sending\" data-submit-text=\"Summit\" aria-live=\"assertive\" value=\"wpforms-submit\">Cumbre<\/button><img loading=\"lazy\" decoding=\"async\" src=\"https:\/\/hktackle.com\/wp-content\/plugins\/wpforms\/assets\/images\/submit-spin.svg\" class=\"wpforms-submit-spinner\" style=\"display: none;\" width=\"26\" height=\"26\" alt=\"Cargando\" title=\"\"><\/div><input type=\"hidden\" name=\"trp-form-language\" value=\"es\"\/><\/form><\/div>  <!-- .wpforms-container -->","protected":false},"excerpt":{"rendered":"<p>Aseg\u00farate de que tus varas se mantengan seguras y organizadas con el <strong data-start=\"5486\" data-end=\"5520\">Soporte Premium para Ca\u00f1as de Pesca en Hielo<\/strong> de HK Tackle. Dise\u00f1ado para condiciones de fr\u00edo extremo, este soporte ofrece estabilidad, durabilidad y f\u00e1cil acceso para todas tus necesidades de pesca en hielo. \u00a1Perfecto para los pescadores en el hielo!<\/p>\n<div class=\"wp-block-stackable-button stk-block-button popmake-1340 stk-block stk-13b8711 popmake-1340\" data-block-id=\"13b8711\">\n<style>.stk-13b8711 {min-height:var(--stk--preset--block-height--x-small, 4rem) !important;padding-top:var(--stk--preset--spacing--none, 0px) !important;padding-right:var(--stk--preset--spacing--none, 0px) !important;padding-bottom:var(--stk--preset--spacing--none, 0px) !important;padding-left:var(--stk--preset--spacing--none, 0px) !important;}.stk-13b8711 .stk-button{min-height:36px !important;padding-top:var(--stk--preset--spacing--40, 1rem) !important;padding-right:33px !important;padding-bottom:var(--stk--preset--spacing--40, 1rem) !important;background:#2db2eb !important;border-top-left-radius:var(--stk--preset--border-radius--small, 4px) !important;border-top-right-radius:var(--stk--preset--border-radius--small, 4px) !important;border-bottom-right-radius:var(--stk--preset--border-radius--small, 4px) !important;border-bottom-left-radius:var(--stk--preset--border-radius--small, 4px) !important;}.stk-13b8711 .stk-button__inner-text{color:#fffffe !important;}<\/style>\n<p><a class=\"stk-link stk-button stk--hover-effect-lift-scale-more\"><span class=\"has-text-color stk-button__inner-text\">Solicitar una cotizaci\u00f3n <\/span><\/a><\/p>\n<\/div>","protected":false},"featured_media":1811,"template":"","meta":[],"product_brand":[30],"product_cat":[22],"product_tag":[],"class_list":{"0":"post-1834","1":"product","2":"type-product","3":"status-publish","4":"has-post-thumbnail","6":"product_brand-hk-tackle","7":"product_cat-tools","9":"first","10":"instock","11":"shipping-taxable","12":"product-type-simple"},"_links":{"self":[{"href":"https:\/\/hktackle.com\/es\/wp-json\/wp\/v2\/product\/1834","targetHints":{"allow":["GET"]}}],"collection":[{"href":"https:\/\/hktackle.com\/es\/wp-json\/wp\/v2\/product"}],"about":[{"href":"https:\/\/hktackle.com\/es\/wp-json\/wp\/v2\/types\/product"}],"wp:featuredmedia":[{"embeddable":true,"href":"https:\/\/hktackle.com\/es\/wp-json\/wp\/v2\/media\/1811"}],"wp:attachment":[{"href":"https:\/\/hktackle.com\/es\/wp-json\/wp\/v2\/media?parent=1834"}],"wp:term":[{"taxonomy":"product_brand","embeddable":true,"href":"https:\/\/hktackle.com\/es\/wp-json\/wp\/v2\/product_brand?post=1834"},{"taxonomy":"product_cat","embeddable":true,"href":"https:\/\/hktackle.com\/es\/wp-json\/wp\/v2\/product_cat?post=1834"},{"taxonomy":"product_tag","embeddable":true,"href":"https:\/\/hktackle.com\/es\/wp-json\/wp\/v2\/product_tag?post=1834"}],"curies":[{"name":"wp","href":"https:\/\/api.w.org\/{rel}","templated":true}]}}