{"id":1835,"date":"2025-11-13T04:50:15","date_gmt":"2025-11-13T04:50:15","guid":{"rendered":"https:\/\/hktackle.com\/?post_type=product&#038;p=1835"},"modified":"2025-12-02T15:14:29","modified_gmt":"2025-12-02T15:14:29","slug":"mejores-carretes-de-pesca-con-mosca","status":"publish","type":"product","link":"https:\/\/hktackle.com\/es\/producto\/mejores-carretes-de-pesca-con-mosca","title":{"rendered":"Los mejores carretes de ca\u00f1a de pescar con mosca Premium \u2013 La mejor opci\u00f3n para precisi\u00f3n y durabilidad"},"content":{"rendered":"<h1 data-start=\"137\" data-end=\"223\">Los mejores carretes de ca\u00f1a de pescar con mosca Premium \u2013 La mejor opci\u00f3n para precisi\u00f3n y durabilidad<\/h1>\n<p data-start=\"225\" data-end=\"254\"><img loading=\"lazy\" decoding=\"async\" class=\"alignnone wp-image-1841\" src=\"https:\/\/hktackle.com\/wp-content\/uploads\/2025\/11\/best-fly-fishing-reels-6.jpg\" alt=\"mejores carretes de pesca con mosca\" width=\"390\" height=\"390\" title=\"\" srcset=\"https:\/\/hktackle.com\/wp-content\/uploads\/2025\/11\/best-fly-fishing-reels-6.jpg 750w, https:\/\/hktackle.com\/wp-content\/uploads\/2025\/11\/best-fly-fishing-reels-6-300x300.jpg 300w, https:\/\/hktackle.com\/wp-content\/uploads\/2025\/11\/best-fly-fishing-reels-6-150x150.jpg 150w, https:\/\/hktackle.com\/wp-content\/uploads\/2025\/11\/best-fly-fishing-reels-6-600x600.jpg 600w\" sizes=\"auto, (max-width: 390px) 100vw, 390px\" \/><img loading=\"lazy\" decoding=\"async\" class=\"alignnone wp-image-1839\" src=\"https:\/\/hktackle.com\/wp-content\/uploads\/2025\/11\/best-fly-fishing-reels-4.jpg\" alt=\"carretes de mosca de agua salada\" width=\"390\" height=\"390\" title=\"\" srcset=\"https:\/\/hktackle.com\/wp-content\/uploads\/2025\/11\/best-fly-fishing-reels-4.jpg 750w, https:\/\/hktackle.com\/wp-content\/uploads\/2025\/11\/best-fly-fishing-reels-4-300x300.jpg 300w, https:\/\/hktackle.com\/wp-content\/uploads\/2025\/11\/best-fly-fishing-reels-4-150x150.jpg 150w, https:\/\/hktackle.com\/wp-content\/uploads\/2025\/11\/best-fly-fishing-reels-4-600x600.jpg 600w\" sizes=\"auto, (max-width: 390px) 100vw, 390px\" \/><\/p>\n<p data-start=\"256\" data-end=\"673\">Descubre lo \u00faltimo en tecnolog\u00eda de pesca con mosca con el <strong data-start=\"313\" data-end=\"342\">Premium <a href=\"https:\/\/hktackle.com\/es\/guia-de-carretes-de-pesca\/\">Mejores carretes de pesca con mosca<\/a><\/strong> de HK Tackle. Dise\u00f1ados para pescadores que exigen lo mejor, nuestros carretes de pesca con mosca combinan ingenier\u00eda de vanguardia con una artesan\u00eda superior para ofrecer una experiencia de pesca excepcional. Ya sea que est\u00e9s buscando especies de agua dulce o enfrentando los desaf\u00edos de la pesca en agua salada, nuestros carretes est\u00e1n dise\u00f1ados para rendir en cualquier entorno.<\/p>\n<h2 data-start=\"675\" data-end=\"697\"><img loading=\"lazy\" decoding=\"async\" class=\"alignnone wp-image-1837\" src=\"https:\/\/hktackle.com\/wp-content\/uploads\/2025\/11\/best-fly-fishing-reels-2.jpg\" alt=\"venta de carretes de pesca\" width=\"686\" height=\"405\" title=\"\" srcset=\"https:\/\/hktackle.com\/wp-content\/uploads\/2025\/11\/best-fly-fishing-reels-2.jpg 750w, https:\/\/hktackle.com\/wp-content\/uploads\/2025\/11\/best-fly-fishing-reels-2-300x177.jpg 300w, https:\/\/hktackle.com\/wp-content\/uploads\/2025\/11\/best-fly-fishing-reels-2-600x354.jpg 600w\" sizes=\"auto, (max-width: 686px) 100vw, 686px\" \/><\/h2>\n<h2 data-start=\"675\" data-end=\"697\"><strong data-start=\"680\" data-end=\"697\">Mejores carretes de pesca con mosca Caracter\u00edsticas clave:<\/strong><\/h2>\n<ol data-start=\"699\" data-end=\"4529\">\n<li data-start=\"699\" data-end=\"1242\">\n<h3 data-start=\"702\" data-end=\"751\"><strong data-start=\"702\" data-end=\"751\">Ingenier\u00eda de Precisi\u00f3n para un Rendimiento Suave:<\/strong><\/h3>\n<ul data-start=\"755\" data-end=\"1242\">\n<li data-start=\"755\" data-end=\"1005\">\n<p data-start=\"757\" data-end=\"1005\">Nuestro <a href=\"https:\/\/hktackle.com\/es\/introduccion-del-producto\/guia-b2b-de-proveedores-de-carretes-de-pesca\/\"><strong data-start=\"761\" data-end=\"787\">carretes de mosca de agua salada<\/strong><\/a> est\u00e1n dise\u00f1ados con la precisi\u00f3n necesaria para ofrecer una recuperaci\u00f3n de l\u00ednea suave y sin esfuerzo. Con sistemas de arrastre de alta calidad, estos carretes proporcionan un excelente control de tensi\u00f3n, lo que te permite pelear con los peces con confianza.<\/p>\n<\/li>\n<li data-start=\"1009\" data-end=\"1238\">\n<p data-start=\"1011\" data-end=\"1238\"><strong data-start=\"1011\" data-end=\"1035\">Sistema de Arrastre Sin Costuras<\/strong>Los carretes cuentan con sistemas de arrastre avanzados que ofrecen una suavidad excepcional al ajustar la resistencia. Esto proporciona a los pescadores un control total durante la captura, reduciendo las posibilidades de enredos o rotura de la l\u00ednea.<\/p>\n<\/li>\n<\/ul>\n<\/li>\n<li data-start=\"1243\" data-end=\"1875\">\n<h3 data-start=\"1246\" data-end=\"1295\"><strong data-start=\"1246\" data-end=\"1295\">Resistente a la corrosi\u00f3n para aventuras en agua salada:<\/strong><\/h3>\n<ul data-start=\"1299\" data-end=\"1875\">\n<li data-start=\"1299\" data-end=\"1648\">\n<p data-start=\"1301\" data-end=\"1648\">Construido con <a href=\"https:\/\/hktackle.com\/es\/categoria-producto\/bobinas\/\"><strong data-start=\"1312\" data-end=\"1335\">carretes de mosca de agua salada<\/strong><\/a> ten en cuenta que nuestros carretes est\u00e1n fabricados con materiales resistentes a la corrosi\u00f3n, lo que los hace perfectos para su uso tanto en agua dulce como en agua salada. Ya sea que est\u00e9s pescando en aguas costeras, r\u00edos o lagos, nuestros carretes de mosca mantienen su rendimiento y est\u00e9tica incluso despu\u00e9s de una exposici\u00f3n prolongada al agua salada.<\/p>\n<\/li>\n<li data-start=\"1652\" data-end=\"1871\">\n<p data-start=\"1654\" data-end=\"1871\"><strong data-start=\"1654\" data-end=\"1678\">Construcci\u00f3n duradera<\/strong>El marco y la bobina del carrete est\u00e1n fabricados con aluminio anodizado, que resiste la oxidaci\u00f3n, la corrosi\u00f3n y el desgaste. Esto garantiza una inversi\u00f3n duradera tanto para los pescadores ocasionales como para los gu\u00edas profesionales.<\/p>\n<\/li>\n<\/ul>\n<\/li>\n<li data-start=\"1876\" data-end=\"2396\">\n<h3 data-start=\"1879\" data-end=\"1907\"><strong data-start=\"1879\" data-end=\"1907\">Ligero pero duradero:<\/strong><\/h3>\n<ul data-start=\"1911\" data-end=\"2396\">\n<li data-start=\"1911\" data-end=\"2153\">\n<p data-start=\"1913\" data-end=\"2153\">El <strong data-start=\"1917\" data-end=\"1938\">carretes de pesca con mosca<\/strong> Los productos de HK Tackle est\u00e1n hechos con materiales ligeros que reducen la fatiga durante largas sesiones de pesca. A pesar de su construcci\u00f3n ligera, son extremadamente duraderos y est\u00e1n dise\u00f1ados para resistir las exigencias del uso frecuente.<\/p>\n<\/li>\n<li data-start=\"2157\" data-end=\"2396\">\n<p data-start=\"2159\" data-end=\"2396\"><strong data-start=\"2159\" data-end=\"2177\">Dise\u00f1o compacto<\/strong>El dise\u00f1o compacto y ergon\u00f3mico del carrete asegura que siga siendo f\u00e1cil de manejar al lanzar y recoger. El equilibrio entre peso y resistencia garantiza que puedas disfrutar de largas horas de pesca sin incomodidad.<\/p>\n<\/li>\n<\/ul>\n<\/li>\n<li data-start=\"2398\" data-end=\"2991\">\n<h3 data-start=\"2401\" data-end=\"2443\"><strong data-start=\"2401\" data-end=\"2443\">Capacidad de L\u00ednea Mejorada y Velocidad de Carrete:<\/strong><\/h3>\n<ul data-start=\"2447\" data-end=\"2991\">\n<li data-start=\"2447\" data-end=\"2741\">\n<p data-start=\"2449\" data-end=\"2741\">Dise\u00f1ados para manejar varios tipos de l\u00edneas, incluyendo tippets m\u00e1s ligeros y l\u00edderes m\u00e1s pesados, estos carretes ofrecen una generosa capacidad de l\u00ednea para acomodar lanzamientos largos y extendidos. Ya sea que est\u00e9s pescando con un 3wt para truchas en peque\u00f1os r\u00edos o un 10wt para especies de sal marina de gran tama\u00f1o, nuestros carretes te tienen cubierto.<\/p>\n<\/li>\n<li data-start=\"2745\" data-end=\"2991\">\n<p data-start=\"2747\" data-end=\"2991\"><strong data-start=\"2747\" data-end=\"2770\">Recuperaci\u00f3n de alta velocidad<\/strong>El sistema de recuperaci\u00f3n de alta velocidad del carrete garantiza una r\u00e1pida recogida de la l\u00ednea, ofreci\u00e9ndote respuestas r\u00e1pidas cuando un pez muerde el anzuelo. Esta caracter\u00edstica es especialmente \u00fatil en aguas de r\u00e1pido movimiento o al apuntar a especies de peces agresivas.<\/p>\n<\/li>\n<\/ul>\n<\/li>\n<li data-start=\"2993\" data-end=\"3590\">\n<h3 data-start=\"2996\" data-end=\"3030\"><strong data-start=\"2996\" data-end=\"3030\">Personalizable para cada pescador:<\/strong><\/h3>\n<ul data-start=\"3034\" data-end=\"3590\">\n<li data-start=\"3034\" data-end=\"3353\">\n<p data-start=\"3036\" data-end=\"3353\">El <a href=\"https:\/\/hktackle.com\/es\/guia-de-carretes-de-pesca\/\"><strong data-start=\"3040\" data-end=\"3057\">venta de carretes de pesca<\/strong><\/a> la secci\u00f3n en HK Tackle ofrece una variedad de opciones personalizables, lo que te permite seleccionar el carrete que se adapte perfectamente a tus necesidades. Elige entre diferentes tama\u00f1os, colores y sistemas de arrastre para coincidir con tu estilo de pesca espec\u00edfico, ya sea lanzamientos delicados en aguas tranquilas o luchando contra peces grandes de agua salada.<\/p>\n<\/li>\n<li data-start=\"3357\" data-end=\"3590\">\n<p data-start=\"3359\" data-end=\"3590\"><strong data-start=\"3359\" data-end=\"3380\">Variedad de Modelos<\/strong>Ofrecemos m\u00faltiples modelos con diversas caracter\u00edsticas adaptadas a diferentes condiciones de pesca. Nuestra l\u00ednea de productos incluye opciones tanto ligeras como de gran resistencia, asegurando que haya un carrete perfecto para cada pescador.<\/p>\n<\/li>\n<\/ul>\n<\/li>\n<li data-start=\"3592\" data-end=\"4041\">\n<h3 data-start=\"3595\" data-end=\"3623\"><strong data-start=\"3595\" data-end=\"3623\">Dise\u00f1o de Mango Ergon\u00f3mico:<\/strong><\/h3>\n<ul data-start=\"3627\" data-end=\"4041\">\n<li data-start=\"3627\" data-end=\"3848\">\n<p data-start=\"3629\" data-end=\"3848\">Con un dise\u00f1o de mango ergon\u00f3mico, estos carretes proporcionan comodidad durante lanzamientos prolongados y movimientos de recogida repetitivos. El agarre del mango est\u00e1 optimizado para varios tama\u00f1os de mano, asegurando un agarre seguro sin importar las condiciones.<\/p>\n<\/li>\n<li data-start=\"3852\" data-end=\"4041\">\n<p data-start=\"3854\" data-end=\"4041\"><strong data-start=\"3854\" data-end=\"3880\">Mecanismo Anti-Inverso<\/strong>Con un mecanismo antirretroceso integrado, estos carretes evitan el movimiento hacia atr\u00e1s, manteniendo su l\u00ednea en posici\u00f3n y a\u00f1adiendo estabilidad a su t\u00e9cnica de pesca.<\/p>\n<\/li>\n<\/ul>\n<\/li>\n<li data-start=\"4043\" data-end=\"4529\">\n<h3 data-start=\"4046\" data-end=\"4084\"><strong data-start=\"4046\" data-end=\"4084\">\u00d3rdenes al por mayor B2B y personalizaci\u00f3n:<\/strong><\/h3>\n<ul data-start=\"4088\" data-end=\"4529\">\n<li data-start=\"4088\" data-end=\"4349\">\n<p data-start=\"4090\" data-end=\"4349\">Como proveedor l\u00edder para clientes B2B, HK Tackle ofrece opciones de compra en grandes cantidades para minoristas, distribuidores y gu\u00edas de pesca. Podemos cumplir con grandes pedidos con branding personalizable, asegurando que tu negocio ofrezca productos de alta calidad bajo el nombre de tu marca.<\/p>\n<\/li>\n<li data-start=\"4353\" data-end=\"4529\">\n<p data-start=\"4355\" data-end=\"4529\"><strong data-start=\"4355\" data-end=\"4372\">Env\u00edo r\u00e1pido<\/strong>Ofrecemos opciones de env\u00edo globales y confiables, asegurando que sus productos lleguen a tiempo, ya sea que est\u00e9 abasteciendo su tienda o cumpliendo con los pedidos de los clientes.<\/p>\n<\/li>\n<\/ul>\n<\/li>\n<\/ol>\n<h2 data-start=\"4531\" data-end=\"4581\"><img loading=\"lazy\" decoding=\"async\" class=\"alignnone wp-image-1844\" src=\"https:\/\/hktackle.com\/wp-content\/uploads\/2025\/11\/best-fly-fishing-reels-9.jpg\" alt=\"venta de carretes de pesca\" width=\"390\" height=\"390\" title=\"\" srcset=\"https:\/\/hktackle.com\/wp-content\/uploads\/2025\/11\/best-fly-fishing-reels-9.jpg 750w, https:\/\/hktackle.com\/wp-content\/uploads\/2025\/11\/best-fly-fishing-reels-9-300x300.jpg 300w, https:\/\/hktackle.com\/wp-content\/uploads\/2025\/11\/best-fly-fishing-reels-9-150x150.jpg 150w, https:\/\/hktackle.com\/wp-content\/uploads\/2025\/11\/best-fly-fishing-reels-9-600x600.jpg 600w\" sizes=\"auto, (max-width: 390px) 100vw, 390px\" \/><img loading=\"lazy\" decoding=\"async\" class=\"alignnone wp-image-1842\" src=\"https:\/\/hktackle.com\/wp-content\/uploads\/2025\/11\/best-fly-fishing-reels-7.jpg\" alt=\"carretes de mosca de agua salada\" width=\"390\" height=\"390\" title=\"\" srcset=\"https:\/\/hktackle.com\/wp-content\/uploads\/2025\/11\/best-fly-fishing-reels-7.jpg 750w, https:\/\/hktackle.com\/wp-content\/uploads\/2025\/11\/best-fly-fishing-reels-7-300x300.jpg 300w, https:\/\/hktackle.com\/wp-content\/uploads\/2025\/11\/best-fly-fishing-reels-7-150x150.jpg 150w, https:\/\/hktackle.com\/wp-content\/uploads\/2025\/11\/best-fly-fishing-reels-7-600x600.jpg 600w\" sizes=\"auto, (max-width: 390px) 100vw, 390px\" \/><\/h2>\n<h2 data-start=\"4531\" data-end=\"4581\"><strong data-start=\"4536\" data-end=\"4581\">\u00bfPor qu\u00e9 elegir HK Tackle? <a href=\"https:\/\/hktackle.com\/es\/\">Carretes de pesca con mosca<\/a>?<\/strong><\/h2>\n<p><img loading=\"lazy\" decoding=\"async\" class=\"alignnone wp-image-1469\" src=\"https:\/\/hktackle.com\/wp-content\/uploads\/2025\/11\/HK-fishing-tackle.jpg\" alt=\"HK Pesca Equipos\" width=\"684\" height=\"465\" title=\"\" srcset=\"https:\/\/hktackle.com\/wp-content\/uploads\/2025\/11\/HK-fishing-tackle.jpg 861w, https:\/\/hktackle.com\/wp-content\/uploads\/2025\/11\/HK-fishing-tackle-300x204.jpg 300w, https:\/\/hktackle.com\/wp-content\/uploads\/2025\/11\/HK-fishing-tackle-768x522.jpg 768w, https:\/\/hktackle.com\/wp-content\/uploads\/2025\/11\/HK-fishing-tackle-600x408.jpg 600w\" sizes=\"auto, (max-width: 684px) 100vw, 684px\" \/><\/p>\n<ul data-start=\"4583\" data-end=\"5185\">\n<li data-start=\"4583\" data-end=\"4730\">\n<p data-start=\"4585\" data-end=\"4730\"><strong data-start=\"4585\" data-end=\"4606\">Dise\u00f1o innovador<\/strong>Nuestro <a href=\"https:\/\/hktackle.com\/es\/introduccion-del-producto\/guia-b2b-de-proveedores-de-carretes-de-pesca\/\">carretes de pesca con mosca<\/a> presenta lo \u00faltimo en tecnolog\u00eda de carretes, garantizando un rendimiento suave y durabilidad en todas las condiciones.<\/p>\n<\/li>\n<li data-start=\"4731\" data-end=\"4880\">\n<p data-start=\"4733\" data-end=\"4880\"><strong data-start=\"4733\" data-end=\"4752\">Listo para agua salada<\/strong>Dise\u00f1ados para soportar entornos harsh de agua salada, estos carretes resisten la corrosi\u00f3n y ofrecen un rendimiento consistente en el agua.<\/p>\n<\/li>\n<li data-start=\"4881\" data-end=\"5034\">\n<p data-start=\"4883\" data-end=\"5034\"><strong data-start=\"4883\" data-end=\"4908\">Opciones de personalizaci\u00f3n<\/strong>Con una variedad de tama\u00f1os, colores y caracter\u00edsticas para elegir, puedes encontrar el carrete perfecto para tus necesidades de pesca espec\u00edficas.<\/p>\n<\/li>\n<li data-start=\"5035\" data-end=\"5185\">\n<p data-start=\"5037\" data-end=\"5185\"><strong data-start=\"5037\" data-end=\"5063\">Perfecto para el suministro B2B<\/strong>Con opciones de compra al por mayor y branding personalizado, HK Tackle ofrece las soluciones ideales de carretes de mosca para las necesidades de su negocio.<\/p>\n<\/li>\n<\/ul>\n<div class=\"wpforms-container\" id=\"wpforms-564\"><form id=\"wpforms-form-564\" class=\"wpforms-validate wpforms-form wpforms-ajax-form\" data-formid=\"564\" method=\"post\" enctype=\"multipart\/form-data\" action=\"\/es\/wp-json\/wp\/v2\/product\/1835\" data-token=\"3a27290115edac4e9507e4eda9c9e8f3\" data-token-time=\"1776510892\" data-trp-original-action=\"\/es\/wp-json\/wp\/v2\/product\/1835\"><div class=\"wpforms-head-container\"><div class=\"wpforms-title\">Solicitar cotizaci\u00f3n<\/div><\/div><noscript class=\"wpforms-error-noscript\">Por favor, activa JavaScript en tu navegador para completar este formulario.<\/noscript><div class=\"wpforms-field-container\"><div id=\"wpforms-564-field_1-container\" class=\"wpforms-field wpforms-field-name\" data-field-id=\"1\"><label class=\"wpforms-field-label wpforms-label-hide\" for=\"wpforms-564-field_1\">Nombre <span class=\"wpforms-required-label\">*<\/span><\/label><input type=\"text\" id=\"wpforms-564-field_1\" class=\"wpforms-field-medium wpforms-field-required\" name=\"wpforms[fields][1]\" placeholder=\"Nombre\" required><\/div><div id=\"wpforms-564-field_2-container\" class=\"wpforms-field wpforms-field-name\" data-field-id=\"2\"><label class=\"wpforms-field-label wpforms-label-hide\" for=\"wpforms-564-field_2\">Whatsapp <span class=\"wpforms-required-label\">*<\/span><\/label><input type=\"text\" id=\"wpforms-564-field_2\" class=\"wpforms-field-medium wpforms-field-required\" name=\"wpforms[fields][2]\" placeholder=\"Whatapp\" required><\/div><div id=\"wpforms-564-field_4-container\" class=\"wpforms-field wpforms-field-name\" data-field-id=\"4\"><label class=\"wpforms-field-label wpforms-label-hide\" for=\"wpforms-564-field_4\">Correo electr\u00f3nico <span class=\"wpforms-required-label\">*<\/span><\/label><input type=\"text\" id=\"wpforms-564-field_4\" class=\"wpforms-field-medium wpforms-field-required\" name=\"wpforms[fields][4]\" placeholder=\"Correo electr\u00f3nico\" required><\/div><div id=\"wpforms-564-field_3-container\" class=\"wpforms-field wpforms-field-name\" data-field-id=\"3\"><label class=\"wpforms-field-label wpforms-label-hide\" for=\"wpforms-564-field_3\">Consulta <span class=\"wpforms-required-label\">*<\/span><\/label><input type=\"text\" id=\"wpforms-564-field_3\" class=\"wpforms-field-medium wpforms-field-required\" name=\"wpforms[fields][3]\" placeholder=\"qu\u00e9 producto necesitas\" required><\/div>\t\t<div id=\"wpforms-564-field_7-container\"\n\t\t\tclass=\"wpforms-field wpforms-field-text\"\n\t\t\tdata-field-type=\"text\"\n\t\t\tdata-field-id=\"7\"\n\t\t\t>\n\t\t\t<label class=\"wpforms-field-label\" for=\"wpforms-564-field_7\" >Nombre Whatsapp \u5ba2\u6237IP<\/label>\n\t\t\t<input type=\"text\" id=\"wpforms-564-field_7\" class=\"wpforms-field-medium\" name=\"wpforms[fields][7]\" >\n\t\t<\/div>\n\t\t<div id=\"wpforms-564-field_5-container\" class=\"wpforms-field wpforms-field-hidden\" data-field-id=\"5\"><input type=\"hidden\" id=\"wpforms-564-field_5\" name=\"wpforms[fields][5]\" value=\"216.73.216.42\"><\/div><div id=\"wpforms-564-field_6-container\" class=\"wpforms-field wpforms-field-hidden\" data-field-id=\"6\"><input type=\"hidden\" id=\"wpforms-564-field_6\" name=\"wpforms[fields][6]\" value=\"https:\/\/hktackle.com\/es\/wp-json\/wp\/v2\/product\/1835\"><\/div><script>\n\t\t\t\t( function() {\n\t\t\t\t\tconst style = document.createElement( 'style' );\n\t\t\t\t\tstyle.appendChild( document.createTextNode( '#wpforms-564-field_7-container { position: absolute !important; overflow: hidden !important; display: inline !important; height: 1px !important; width: 1px !important; z-index: -1000 !important; padding: 0 !important; } #wpforms-564-field_7-container input { visibility: hidden; } #wpforms-conversational-form-page #wpforms-564-field_7-container label { counter-increment: none; }' ) );\n\t\t\t\t\tdocument.head.appendChild( style );\n\t\t\t\t\tdocument.currentScript?.remove();\n\t\t\t\t} )();\n\t\t\t<\/script><\/div><!-- .wpforms-field-container --><div class=\"wpforms-submit-container\" ><input type=\"hidden\" name=\"wpforms[id]\" value=\"564\"><input type=\"hidden\" name=\"page_title\" value=\"\"><input type=\"hidden\" name=\"page_url\" value=\"https:\/\/hktackle.com\/es\/wp-json\/wp\/v2\/product\/1835\"><input type=\"hidden\" name=\"url_referer\" value=\"\"><button type=\"submit\" name=\"wpforms[submit]\" id=\"wpforms-submit-564\" class=\"wpforms-submit\" data-alt-text=\"Sending\" data-submit-text=\"Summit\" aria-live=\"assertive\" value=\"wpforms-submit\">Cumbre<\/button><img loading=\"lazy\" decoding=\"async\" src=\"https:\/\/hktackle.com\/wp-content\/plugins\/wpforms\/assets\/images\/submit-spin.svg\" class=\"wpforms-submit-spinner\" style=\"display: none;\" width=\"26\" height=\"26\" alt=\"Cargando\" title=\"\"><\/div><input type=\"hidden\" name=\"trp-form-language\" value=\"es\"\/><\/form><\/div>  <!-- .wpforms-container -->\n<div id=\"gtx-trans\" style=\"position: absolute; left: 226px; top: 3254.12px;\">\n<div class=\"gtx-trans-icon\"><\/div>\n<\/div>","protected":false},"excerpt":{"rendered":"<div class=\"image-container\">\n<p>Explora lo mejor de la pesca con mosca con HK Tackle. <strong data-start=\"5721\" data-end=\"5750\">Carretes de pesca con mosca de alta gama<\/strong>. Dise\u00f1ados para el rendimiento, la durabilidad y la resistencia a la corrosi\u00f3n, estos carretes sobresalen tanto en ambientes de agua salada como de agua dulce. Compra nuestra <strong data-start=\"5890\" data-end=\"5907\">venta de carretes de pesca<\/strong> por ofertas imbatibles hoy.<\/p>\n<\/div>\n<div class=\"wp-block-stackable-button stk-block-button popmake-1340 stk-block stk-13b8711 popmake-1340\" data-block-id=\"13b8711\">\n<style>.stk-13b8711 {min-height:var(--stk--preset--block-height--x-small, 4rem) !important;padding-top:var(--stk--preset--spacing--none, 0px) !important;padding-right:var(--stk--preset--spacing--none, 0px) !important;padding-bottom:var(--stk--preset--spacing--none, 0px) !important;padding-left:var(--stk--preset--spacing--none, 0px) !important;}.stk-13b8711 .stk-button{min-height:36px !important;padding-top:var(--stk--preset--spacing--40, 1rem) !important;padding-right:33px !important;padding-bottom:var(--stk--preset--spacing--40, 1rem) !important;background:#2db2eb !important;border-top-left-radius:var(--stk--preset--border-radius--small, 4px) !important;border-top-right-radius:var(--stk--preset--border-radius--small, 4px) !important;border-bottom-right-radius:var(--stk--preset--border-radius--small, 4px) !important;border-bottom-left-radius:var(--stk--preset--border-radius--small, 4px) !important;}.stk-13b8711 .stk-button__inner-text{color:#fffffe !important;}<\/style>\n<p><a class=\"stk-link stk-button stk--hover-effect-lift-scale-more\"><span class=\"has-text-color stk-button__inner-text\">Solicitar una cotizaci\u00f3n <\/span><\/a><\/p>\n<\/div>","protected":false},"featured_media":1840,"template":"","meta":[],"product_brand":[],"product_cat":[23],"product_tag":[],"class_list":{"0":"post-1835","1":"product","2":"type-product","3":"status-publish","4":"has-post-thumbnail","6":"product_cat-reels","8":"first","9":"instock","10":"shipping-taxable","11":"product-type-simple"},"_links":{"self":[{"href":"https:\/\/hktackle.com\/es\/wp-json\/wp\/v2\/product\/1835","targetHints":{"allow":["GET"]}}],"collection":[{"href":"https:\/\/hktackle.com\/es\/wp-json\/wp\/v2\/product"}],"about":[{"href":"https:\/\/hktackle.com\/es\/wp-json\/wp\/v2\/types\/product"}],"wp:featuredmedia":[{"embeddable":true,"href":"https:\/\/hktackle.com\/es\/wp-json\/wp\/v2\/media\/1840"}],"wp:attachment":[{"href":"https:\/\/hktackle.com\/es\/wp-json\/wp\/v2\/media?parent=1835"}],"wp:term":[{"taxonomy":"product_brand","embeddable":true,"href":"https:\/\/hktackle.com\/es\/wp-json\/wp\/v2\/product_brand?post=1835"},{"taxonomy":"product_cat","embeddable":true,"href":"https:\/\/hktackle.com\/es\/wp-json\/wp\/v2\/product_cat?post=1835"},{"taxonomy":"product_tag","embeddable":true,"href":"https:\/\/hktackle.com\/es\/wp-json\/wp\/v2\/product_tag?post=1835"}],"curies":[{"name":"wp","href":"https:\/\/api.w.org\/{rel}","templated":true}]}}