{"id":1876,"date":"2025-11-14T04:14:22","date_gmt":"2025-11-14T04:14:22","guid":{"rendered":"https:\/\/hktackle.com\/?post_type=product&#038;p=1876"},"modified":"2025-12-02T15:09:11","modified_gmt":"2025-12-02T15:09:11","slug":"mejores-canas-de-pescar-en-agua-salada","status":"publish","type":"product","link":"https:\/\/hktackle.com\/es\/producto\/mejores-canas-de-pescar-en-agua-salada","title":{"rendered":"Mejores ca\u00f1as de pescar en agua salada: construidas para la resistencia, la durabilidad y la pesca en alta mar"},"content":{"rendered":"<h1 data-start=\"372\" data-end=\"491\"><strong data-start=\"392\" data-end=\"491\">HK Tackle Premium Mejores Olas de Pesca en Agua Salada \u2013 Construidas para la Fuerza, la Resistencia y el Rendimiento en Alta Mar<\/strong><\/h1>\n<p><img loading=\"lazy\" decoding=\"async\" class=\"alignnone wp-image-1873\" src=\"https:\/\/hktackle.com\/wp-content\/uploads\/2025\/11\/saltwater-fishing-rods-7.jpg\" alt=\"proveedor de ca\u00f1as de pescar en agua salada\" width=\"463\" height=\"463\" title=\"\" srcset=\"https:\/\/hktackle.com\/wp-content\/uploads\/2025\/11\/saltwater-fishing-rods-7.jpg 800w, https:\/\/hktackle.com\/wp-content\/uploads\/2025\/11\/saltwater-fishing-rods-7-300x300.jpg 300w, https:\/\/hktackle.com\/wp-content\/uploads\/2025\/11\/saltwater-fishing-rods-7-150x150.jpg 150w, https:\/\/hktackle.com\/wp-content\/uploads\/2025\/11\/saltwater-fishing-rods-7-768x768.jpg 768w, https:\/\/hktackle.com\/wp-content\/uploads\/2025\/11\/saltwater-fishing-rods-7-600x600.jpg 600w\" sizes=\"auto, (max-width: 463px) 100vw, 463px\" \/><img loading=\"lazy\" decoding=\"async\" class=\"alignnone wp-image-1870\" src=\"https:\/\/hktackle.com\/wp-content\/uploads\/2025\/11\/saltwater-fishing-rods-4.jpg\" alt=\"ca\u00f1as de spinning de agua salada\" width=\"459\" height=\"458\" title=\"\" srcset=\"https:\/\/hktackle.com\/wp-content\/uploads\/2025\/11\/saltwater-fishing-rods-4.jpg 800w, https:\/\/hktackle.com\/wp-content\/uploads\/2025\/11\/saltwater-fishing-rods-4-300x300.jpg 300w, https:\/\/hktackle.com\/wp-content\/uploads\/2025\/11\/saltwater-fishing-rods-4-150x150.jpg 150w, https:\/\/hktackle.com\/wp-content\/uploads\/2025\/11\/saltwater-fishing-rods-4-768x767.jpg 768w, https:\/\/hktackle.com\/wp-content\/uploads\/2025\/11\/saltwater-fishing-rods-4-600x600.jpg 600w\" sizes=\"auto, (max-width: 459px) 100vw, 459px\" \/><\/p>\n<hr data-start=\"493\" data-end=\"496\" \/>\n<p data-start=\"498\" data-end=\"1066\">La pesca en aguas saladas exige equipo que pueda soportar entornos extremos, strikes poderosos y largas batallas con especies de peces agresivos. El <strong data-start=\"646\" data-end=\"690\">Las mejores ca\u00f1as de pescar en agua salada de HK Tackle<\/strong>\u00a0est\u00e1 dise\u00f1ado espec\u00edficamente para pescadores que requieren una resistencia excepcional, durabilidad y rendimiento de lanzamiento en duras condiciones de agua salada. Como uno de los <a href=\"https:\/\/hktackle.com\/es\/guia-de-canas-de-pescar\/\"><strong data-start=\"845\" data-end=\"876\">mejores ca\u00f1as de pescar en agua salada<\/strong><\/a> tanto para pescadores profesionales como para compradores comerciales, esta ca\u00f1a ofrece una potencia y sensibilidad excepcionales, lo que la hace adecuada para una amplia variedad de aplicaciones de pesca costera y de alta mar.<\/p>\n<p data-start=\"1068\" data-end=\"1380\">Dise\u00f1ada con materiales compuestos avanzados, la ca\u00f1a ofrece un equilibrio perfecto entre un rendimiento ligero y una columna vertebral de alta resistencia. Ya sea que est\u00e9s apuntando a robalos, pargos, lubinas rayadas, atunes o s\u00e1balo, esta ca\u00f1a proporciona la potencia de elevaci\u00f3n y la capacidad de respuesta necesarias para enganchar r\u00e1pidamente y luchar durante per\u00edodos prolongados.<\/p>\n<hr data-start=\"1382\" data-end=\"1385\" \/>\n<h2 data-start=\"1387\" data-end=\"1445\"><strong data-start=\"1390\" data-end=\"1445\">Construcci\u00f3n Premium para Condiciones de Agua Salada Duras<\/strong><\/h2>\n<p><img loading=\"lazy\" decoding=\"async\" class=\"alignnone wp-image-1869\" src=\"https:\/\/hktackle.com\/wp-content\/uploads\/2025\/11\/saltwater-fishing-rods-3.jpg\" alt=\"mejores ca\u00f1as de pescar en agua salada\" width=\"514\" height=\"360\" title=\"\" srcset=\"https:\/\/hktackle.com\/wp-content\/uploads\/2025\/11\/saltwater-fishing-rods-3.jpg 750w, https:\/\/hktackle.com\/wp-content\/uploads\/2025\/11\/saltwater-fishing-rods-3-300x210.jpg 300w, https:\/\/hktackle.com\/wp-content\/uploads\/2025\/11\/saltwater-fishing-rods-3-600x420.jpg 600w\" sizes=\"auto, (max-width: 514px) 100vw, 514px\" \/><img loading=\"lazy\" decoding=\"async\" class=\"alignnone wp-image-1875\" src=\"https:\/\/hktackle.com\/wp-content\/uploads\/2025\/11\/saltwater-fishing-rods-9.jpg\" alt=\"proveedor de ca\u00f1as de pescar en agua salada\" width=\"478\" height=\"360\" title=\"\" srcset=\"https:\/\/hktackle.com\/wp-content\/uploads\/2025\/11\/saltwater-fishing-rods-9.jpg 750w, https:\/\/hktackle.com\/wp-content\/uploads\/2025\/11\/saltwater-fishing-rods-9-300x226.jpg 300w, https:\/\/hktackle.com\/wp-content\/uploads\/2025\/11\/saltwater-fishing-rods-9-600x452.jpg 600w\" sizes=\"auto, (max-width: 478px) 100vw, 478px\" \/><\/p>\n<p data-start=\"1447\" data-end=\"1810\">El equipo de agua salada debe soportar entornos corrosivos, y HK Tackle entiende la importancia de la fiabilidad. Esta ca\u00f1a cuenta con <strong data-start=\"1576\" data-end=\"1632\">gu\u00edas resistentes al agua salada, asientos de carrete y herrajes<\/strong>, asegurando durabilidad a largo plazo. El blank est\u00e1 sellado con un recubrimiento protector anticorrosi\u00f3n que previene el deterioro incluso despu\u00e9s de una exposici\u00f3n repetida a la pulverizaci\u00f3n de sal y a los rayos UV.<\/p>\n<p data-start=\"1812\" data-end=\"2017\">El mango est\u00e1 dise\u00f1ado con <strong data-start=\"1840\" data-end=\"1881\">EVA o corcho antideslizante y resistente al agua<\/strong>ofreciendo un agarre y comodidad superiores incluso cuando est\u00e1n mojados. Este dise\u00f1o ergon\u00f3mico reduce la fatiga en las manos, lo que lo hace ideal para largos viajes en alta mar.<\/p>\n<hr data-start=\"2019\" data-end=\"2022\" \/>\n<h2 data-start=\"2024\" data-end=\"2069\"><strong data-start=\"2027\" data-end=\"2069\">Distancia y precisi\u00f3n de lanzamiento superior<\/strong><\/h2>\n<p data-start=\"2071\" data-end=\"2427\">El <a href=\"https:\/\/hktackle.com\/es\/consejos-de-pesca\/rendimiento-de-accion-de-potencia-de-cana-de-pescar\/\"><strong data-start=\"2075\" data-end=\"2102\">ca\u00f1as de spinning de agua salada<\/strong> <\/a>las ca\u00f1as de HK Tackle est\u00e1n dise\u00f1adas para ofrecer lanzamientos suaves, controlados y de larga distancia. El dise\u00f1o de gu\u00edas ligeras minimiza la fricci\u00f3n, lo que permite a los pescadores lanzar m\u00e1s lejos con menos esfuerzo. Ya sea que est\u00e9s lanzando jigs pesados, cebo vivo o se\u00f1uelos de superficie, esta ca\u00f1a proporciona una precisi\u00f3n constante, incluso en condiciones ventosas en alta mar.<\/p>\n<p data-start=\"2429\" data-end=\"2559\">La punta sensible de la ca\u00f1a garantiza una presentaci\u00f3n precisa del cebo, una ventaja clave al apuntar a especies de agua salada presionadas o dif\u00edciles.<\/p>\n<p data-start=\"2429\" data-end=\"2559\"><img loading=\"lazy\" decoding=\"async\" class=\"alignnone wp-image-1871\" src=\"https:\/\/hktackle.com\/wp-content\/uploads\/2025\/11\/saltwater-fishing-rods-5.jpg\" alt=\"mejores ca\u00f1as de pescar en agua salada\" width=\"395\" height=\"351\" title=\"\" srcset=\"https:\/\/hktackle.com\/wp-content\/uploads\/2025\/11\/saltwater-fishing-rods-5.jpg 800w, https:\/\/hktackle.com\/wp-content\/uploads\/2025\/11\/saltwater-fishing-rods-5-300x267.jpg 300w, https:\/\/hktackle.com\/wp-content\/uploads\/2025\/11\/saltwater-fishing-rods-5-768x684.jpg 768w, https:\/\/hktackle.com\/wp-content\/uploads\/2025\/11\/saltwater-fishing-rods-5-600x534.jpg 600w\" sizes=\"auto, (max-width: 395px) 100vw, 395px\" \/><img loading=\"lazy\" decoding=\"async\" class=\"alignnone wp-image-1867\" src=\"https:\/\/hktackle.com\/wp-content\/uploads\/2025\/11\/saltwater-fishing-rods-1.jpg\" alt=\"ca\u00f1as de spinning de agua salada \" width=\"635\" height=\"354\" title=\"\" srcset=\"https:\/\/hktackle.com\/wp-content\/uploads\/2025\/11\/saltwater-fishing-rods-1.jpg 750w, https:\/\/hktackle.com\/wp-content\/uploads\/2025\/11\/saltwater-fishing-rods-1-300x167.jpg 300w, https:\/\/hktackle.com\/wp-content\/uploads\/2025\/11\/saltwater-fishing-rods-1-600x334.jpg 600w\" sizes=\"auto, (max-width: 635px) 100vw, 635px\" \/><\/p>\n<hr data-start=\"2561\" data-end=\"2564\" \/>\n<h2 data-start=\"2566\" data-end=\"2606\"><strong data-start=\"2569\" data-end=\"2606\">Poder y Sensibilidad Excepcionales<\/strong><\/h2>\n<p data-start=\"2608\" data-end=\"2877\">Una de las caracter\u00edsticas m\u00e1s valiosas de una ca\u00f1a de spinning de agua salada premium es su capacidad para entregar potencia sin sacrificar sensibilidad. La avanzada tecnolog\u00eda de blank de ca\u00f1a de HK Tackle permite a los pescadores sentir picadas sutiles mientras mantienen la estructura necesaria para controlar peces poderosos.<\/p>\n<p data-start=\"2879\" data-end=\"3101\">La secci\u00f3n media a inferior de la ca\u00f1a est\u00e1 dise\u00f1ada con capas de fibra de carbono reforzadas, lo que le otorga un poder de levantamiento excepcional. Este dise\u00f1o permite a los pescadores aplicar presi\u00f3n m\u00e1xima durante las batallas sin preocuparse por la falla de la ca\u00f1a.<\/p>\n<hr data-start=\"3103\" data-end=\"3106\" \/>\n<h2 data-start=\"3108\" data-end=\"3156\"><strong data-start=\"3111\" data-end=\"3156\">Ideal para m\u00faltiples aplicaciones en agua salada<\/strong><\/h2>\n<p data-start=\"3158\" data-end=\"3316\">Ya sea que su mercado lo exija <a href=\"https:\/\/hktackle.com\/es\/categoria-producto\/combo-de-barra\/\">ca\u00f1as de spinning de agua salada<\/a> para pescadores ocasionales, capitanes de charter o pescadores competitivos, este modelo es adecuado para una amplia variedad de escenarios en agua salada:<\/p>\n<ul data-start=\"3318\" data-end=\"3502\">\n<li data-start=\"3318\" data-end=\"3378\">\n<p data-start=\"3320\" data-end=\"3378\"><strong data-start=\"3320\" data-end=\"3340\">Pesca costera:<\/strong> pescado rojo, trucha de mar, r\u00f3balo, lenguado<\/p>\n<\/li>\n<li data-start=\"3379\" data-end=\"3438\">\n<p data-start=\"3381\" data-end=\"3438\"><strong data-start=\"3381\" data-end=\"3403\">Pesca costera:<\/strong> lubinas rayadas, pez azul, caballa<\/p>\n<\/li>\n<li data-start=\"3439\" data-end=\"3502\">\n<p data-start=\"3441\" data-end=\"3502\"><strong data-start=\"3441\" data-end=\"3462\">Pesca en alta mar:<\/strong> mahi-mahi, at\u00fan, pez almizclero, barracuda<\/p>\n<\/li>\n<\/ul>\n<p data-start=\"3504\" data-end=\"3632\">La ca\u00f1a est\u00e1 disponible en diversas potencias y longitudes, lo que la hace adecuada para jigging, trolling, lanzado o pesca de fondo.<\/p>\n<hr data-start=\"3634\" data-end=\"3637\" \/>\n<h2 data-start=\"3639\" data-end=\"3696\"><strong data-start=\"3642\" data-end=\"3696\">Confiable para compras al por mayor y distribuci\u00f3n minorista<\/strong><\/h2>\n<p data-start=\"3698\" data-end=\"3967\"><img loading=\"lazy\" decoding=\"async\" class=\"alignnone wp-image-1874\" src=\"https:\/\/hktackle.com\/wp-content\/uploads\/2025\/11\/saltwater-fishing-rods-8.jpg\" alt=\"mejores ca\u00f1as de pescar en agua salada\" width=\"408\" height=\"319\" title=\"\" srcset=\"https:\/\/hktackle.com\/wp-content\/uploads\/2025\/11\/saltwater-fishing-rods-8.jpg 800w, https:\/\/hktackle.com\/wp-content\/uploads\/2025\/11\/saltwater-fishing-rods-8-300x235.jpg 300w, https:\/\/hktackle.com\/wp-content\/uploads\/2025\/11\/saltwater-fishing-rods-8-768x601.jpg 768w, https:\/\/hktackle.com\/wp-content\/uploads\/2025\/11\/saltwater-fishing-rods-8-600x470.jpg 600w\" sizes=\"auto, (max-width: 408px) 100vw, 408px\" \/><\/p>\n<p data-start=\"3698\" data-end=\"3967\">Como l\u00edder <a href=\"https:\/\/hktackle.com\/es\/guia-de-canas-de-pescar\/\"><strong data-start=\"3711\" data-end=\"3746\">proveedor de ca\u00f1as de pescar en agua salada<\/strong><\/a>HK Tackle ofrece servicios integrales de fabricaci\u00f3n y venta al por mayor B2B. Nuestras ca\u00f1as est\u00e1n dise\u00f1adas no solo para pescadores, sino tambi\u00e9n para distribuidores, tiendas de art\u00edculos de pesca, vendedores de comercio electr\u00f3nico, operadores de flotas ch\u00e1rter y marcas OEM.<\/p>\n<h3 data-start=\"3969\" data-end=\"3998\"><strong data-start=\"3973\" data-end=\"3998\">Los beneficios B2B incluyen:<\/strong><\/h3>\n<ul data-start=\"3999\" data-end=\"4218\">\n<li data-start=\"3999\" data-end=\"4049\">\n<p data-start=\"4001\" data-end=\"4049\">Control de calidad estable para pedidos de gran volumen<\/p>\n<\/li>\n<li data-start=\"4050\" data-end=\"4129\">\n<p data-start=\"4052\" data-end=\"4129\">Opciones de personalizaci\u00f3n multinivel (marca, empaquetado, colores, componentes)<\/p>\n<\/li>\n<li data-start=\"4130\" data-end=\"4178\">\n<p data-start=\"4132\" data-end=\"4178\">Precios competitivos de venta al por mayor directamente de f\u00e1brica<\/p>\n<\/li>\n<li data-start=\"4179\" data-end=\"4218\">\n<p data-start=\"4181\" data-end=\"4218\">Producci\u00f3n r\u00e1pida y env\u00edo global<\/p>\n<\/li>\n<\/ul>\n<p data-start=\"4220\" data-end=\"4339\">Las empresas tambi\u00e9n pueden solicitar acciones de varilla personalizadas, materiales de mangos, configuraciones de gu\u00edas e impresi\u00f3n de marca privada.<\/p>\n<hr data-start=\"4341\" data-end=\"4344\" \/>\n<h2 data-start=\"4346\" data-end=\"4405\"><strong data-start=\"4349\" data-end=\"4405\">Por qu\u00e9 elegir HK Tackle como tus mejores ca\u00f1as de pescar en agua salada <\/strong><strong data-start=\"4349\" data-end=\"4405\">\u00bfProveedor?<\/strong><\/h2>\n<ul data-start=\"4407\" data-end=\"4698\">\n<li data-start=\"4407\" data-end=\"4454\">\n<p data-start=\"4409\" data-end=\"4454\">10 a\u00f1os de experiencia en la fabricaci\u00f3n de varillas<\/p>\n<\/li>\n<li data-start=\"4455\" data-end=\"4521\">\n<p data-start=\"4457\" data-end=\"4521\">Varillas duraderas dise\u00f1adas espec\u00edficamente para el rendimiento en agua salada<\/p>\n<\/li>\n<li data-start=\"4522\" data-end=\"4577\">\n<p data-start=\"4524\" data-end=\"4577\">Materiales probados y componentes resistentes a la corrosi\u00f3n<\/p>\n<\/li>\n<li data-start=\"4578\" data-end=\"4628\">\n<p data-start=\"4580\" data-end=\"4628\">Soporte profesional OEM\/ODM para marcas globales<\/p>\n<\/li>\n<li data-start=\"4629\" data-end=\"4698\">\n<p data-start=\"4631\" data-end=\"4698\">Capacidad para ofrecer l\u00edneas de productos tanto de alta gama como econ\u00f3micas<\/p>\n<\/li>\n<\/ul>\n<p data-start=\"4700\" data-end=\"4815\">Con HK Tackle, obtienes un fiable <a href=\"https:\/\/hktackle.com\/es\/noticias-de-la-industria\/canas-de-surf-vs-canas-de-agua-salada\/\">ca\u00f1as de pescar en agua salada<\/a> proveedor comprometido con asociaciones a largo plazo y excelencia constante en productos.<\/p>\n<p data-start=\"4700\" data-end=\"4815\"><div class=\"wpforms-container\" id=\"wpforms-564\"><form id=\"wpforms-form-564\" class=\"wpforms-validate wpforms-form wpforms-ajax-form\" data-formid=\"564\" method=\"post\" enctype=\"multipart\/form-data\" action=\"\/es\/wp-json\/wp\/v2\/product\/1876\" data-token=\"35319856598c1d8bce51afc7ee1d8aad\" data-token-time=\"1776382465\" data-trp-original-action=\"\/es\/wp-json\/wp\/v2\/product\/1876\"><div class=\"wpforms-head-container\"><div class=\"wpforms-title\">Solicitar cotizaci\u00f3n<\/div><\/div><noscript class=\"wpforms-error-noscript\">Por favor, activa JavaScript en tu navegador para completar este formulario.<\/noscript><div class=\"wpforms-field-container\"><div id=\"wpforms-564-field_1-container\" class=\"wpforms-field wpforms-field-name\" data-field-id=\"1\"><label class=\"wpforms-field-label wpforms-label-hide\" for=\"wpforms-564-field_1\">Nombre <span class=\"wpforms-required-label\">*<\/span><\/label><input type=\"text\" id=\"wpforms-564-field_1\" class=\"wpforms-field-medium wpforms-field-required\" name=\"wpforms[fields][1]\" placeholder=\"Nombre\" required><\/div><div id=\"wpforms-564-field_2-container\" class=\"wpforms-field wpforms-field-name\" data-field-id=\"2\"><label class=\"wpforms-field-label wpforms-label-hide\" for=\"wpforms-564-field_2\">Whatsapp <span class=\"wpforms-required-label\">*<\/span><\/label><input type=\"text\" id=\"wpforms-564-field_2\" class=\"wpforms-field-medium wpforms-field-required\" name=\"wpforms[fields][2]\" placeholder=\"Whatapp\" required><\/div><div id=\"wpforms-564-field_4-container\" class=\"wpforms-field wpforms-field-name\" data-field-id=\"4\"><label class=\"wpforms-field-label wpforms-label-hide\" for=\"wpforms-564-field_4\">Correo electr\u00f3nico <span class=\"wpforms-required-label\">*<\/span><\/label><input type=\"text\" id=\"wpforms-564-field_4\" class=\"wpforms-field-medium wpforms-field-required\" name=\"wpforms[fields][4]\" placeholder=\"Correo electr\u00f3nico\" required><\/div><div id=\"wpforms-564-field_3-container\" class=\"wpforms-field wpforms-field-name\" data-field-id=\"3\"><label class=\"wpforms-field-label wpforms-label-hide\" for=\"wpforms-564-field_3\">Consulta <span class=\"wpforms-required-label\">*<\/span><\/label><input type=\"text\" id=\"wpforms-564-field_3\" class=\"wpforms-field-medium wpforms-field-required\" name=\"wpforms[fields][3]\" placeholder=\"qu\u00e9 producto necesitas\" required><\/div>\t\t<div id=\"wpforms-564-field_7-container\"\n\t\t\tclass=\"wpforms-field wpforms-field-text\"\n\t\t\tdata-field-type=\"text\"\n\t\t\tdata-field-id=\"7\"\n\t\t\t>\n\t\t\t<label class=\"wpforms-field-label\" for=\"wpforms-564-field_7\" >P\u00e1gina de consulta de nombre<\/label>\n\t\t\t<input type=\"text\" id=\"wpforms-564-field_7\" class=\"wpforms-field-medium\" name=\"wpforms[fields][7]\" >\n\t\t<\/div>\n\t\t<div id=\"wpforms-564-field_5-container\" class=\"wpforms-field wpforms-field-hidden\" data-field-id=\"5\"><input type=\"hidden\" id=\"wpforms-564-field_5\" name=\"wpforms[fields][5]\" value=\"216.73.216.44\"><\/div><div id=\"wpforms-564-field_6-container\" class=\"wpforms-field wpforms-field-hidden\" data-field-id=\"6\"><input type=\"hidden\" id=\"wpforms-564-field_6\" name=\"wpforms[fields][6]\" value=\"https:\/\/hktackle.com\/es\/wp-json\/wp\/v2\/product\/1876\"><\/div><script>\n\t\t\t\t( function() {\n\t\t\t\t\tconst style = document.createElement( 'style' );\n\t\t\t\t\tstyle.appendChild( document.createTextNode( '#wpforms-564-field_7-container { position: absolute !important; overflow: hidden !important; display: inline !important; height: 1px !important; width: 1px !important; z-index: -1000 !important; padding: 0 !important; } #wpforms-564-field_7-container input { visibility: hidden; } #wpforms-conversational-form-page #wpforms-564-field_7-container label { counter-increment: none; }' ) );\n\t\t\t\t\tdocument.head.appendChild( style );\n\t\t\t\t\tdocument.currentScript?.remove();\n\t\t\t\t} )();\n\t\t\t<\/script><\/div><!-- .wpforms-field-container --><div class=\"wpforms-submit-container\" ><input type=\"hidden\" name=\"wpforms[id]\" value=\"564\"><input type=\"hidden\" name=\"page_title\" value=\"\"><input type=\"hidden\" name=\"page_url\" value=\"https:\/\/hktackle.com\/es\/wp-json\/wp\/v2\/product\/1876\"><input type=\"hidden\" name=\"url_referer\" value=\"\"><button type=\"submit\" name=\"wpforms[submit]\" id=\"wpforms-submit-564\" class=\"wpforms-submit\" data-alt-text=\"Sending\" data-submit-text=\"Summit\" aria-live=\"assertive\" value=\"wpforms-submit\">Cumbre<\/button><img loading=\"lazy\" decoding=\"async\" src=\"https:\/\/hktackle.com\/wp-content\/plugins\/wpforms\/assets\/images\/submit-spin.svg\" class=\"wpforms-submit-spinner\" style=\"display: none;\" width=\"26\" height=\"26\" alt=\"Cargando\" title=\"\"><\/div><input type=\"hidden\" name=\"trp-form-language\" value=\"es\"\/><\/form><\/div>  <!-- .wpforms-container --><\/p>\n<div id=\"gtx-trans\" style=\"position: absolute; left: 249px; top: 3421.5px;\">\n<div class=\"gtx-trans-icon\"><\/div>\n<\/div>","protected":false},"excerpt":{"rendered":"<p>La ca\u00f1a de spinning de agua salada premium de HK Tackle ofrece resistencia, sensibilidad y durabilidad resistente a la corrosi\u00f3n para todos los ambientes marinos. Ideal para la pesca en costa y alta mar, con opciones de venta al por mayor y OEM disponibles.<\/p>\n<div class=\"wp-block-stackable-button stk-block-button popmake-1340 stk-block stk-13b8711 popmake-1340\" data-block-id=\"13b8711\">\n<style>.stk-13b8711 {min-height:var(--stk--preset--block-height--x-small, 4rem) !important;padding-top:var(--stk--preset--spacing--none, 0px) !important;padding-right:var(--stk--preset--spacing--none, 0px) !important;padding-bottom:var(--stk--preset--spacing--none, 0px) !important;padding-left:var(--stk--preset--spacing--none, 0px) !important;}.stk-13b8711 .stk-button{min-height:36px !important;padding-top:var(--stk--preset--spacing--40, 1rem) !important;padding-right:33px !important;padding-bottom:var(--stk--preset--spacing--40, 1rem) !important;background:#2db2eb !important;border-top-left-radius:var(--stk--preset--border-radius--small, 4px) !important;border-top-right-radius:var(--stk--preset--border-radius--small, 4px) !important;border-bottom-right-radius:var(--stk--preset--border-radius--small, 4px) !important;border-bottom-left-radius:var(--stk--preset--border-radius--small, 4px) !important;}.stk-13b8711 .stk-button__inner-text{color:#fffffe !important;}<\/style>\n<p><a class=\"stk-link stk-button stk--hover-effect-lift-scale-more\"><span class=\"has-text-color stk-button__inner-text\">Solicitar una cotizaci\u00f3n <\/span><\/a><\/p>\n<\/div>","protected":false},"featured_media":1868,"template":"","meta":[],"product_brand":[],"product_cat":[20],"product_tag":[],"class_list":{"0":"post-1876","1":"product","2":"type-product","3":"status-publish","4":"has-post-thumbnail","6":"product_cat-rod-combo","8":"first","9":"instock","10":"shipping-taxable","11":"product-type-simple"},"_links":{"self":[{"href":"https:\/\/hktackle.com\/es\/wp-json\/wp\/v2\/product\/1876","targetHints":{"allow":["GET"]}}],"collection":[{"href":"https:\/\/hktackle.com\/es\/wp-json\/wp\/v2\/product"}],"about":[{"href":"https:\/\/hktackle.com\/es\/wp-json\/wp\/v2\/types\/product"}],"wp:featuredmedia":[{"embeddable":true,"href":"https:\/\/hktackle.com\/es\/wp-json\/wp\/v2\/media\/1868"}],"wp:attachment":[{"href":"https:\/\/hktackle.com\/es\/wp-json\/wp\/v2\/media?parent=1876"}],"wp:term":[{"taxonomy":"product_brand","embeddable":true,"href":"https:\/\/hktackle.com\/es\/wp-json\/wp\/v2\/product_brand?post=1876"},{"taxonomy":"product_cat","embeddable":true,"href":"https:\/\/hktackle.com\/es\/wp-json\/wp\/v2\/product_cat?post=1876"},{"taxonomy":"product_tag","embeddable":true,"href":"https:\/\/hktackle.com\/es\/wp-json\/wp\/v2\/product_tag?post=1876"}],"curies":[{"name":"wp","href":"https:\/\/api.w.org\/{rel}","templated":true}]}}