{"id":1888,"date":"2025-11-14T05:06:07","date_gmt":"2025-11-14T05:06:07","guid":{"rendered":"https:\/\/hktackle.com\/?post_type=product&#038;p=1888"},"modified":"2025-12-02T15:15:10","modified_gmt":"2025-12-02T15:15:10","slug":"fabricante-de-carretes-de-pesca-en-surf","status":"publish","type":"product","link":"https:\/\/hktackle.com\/es\/producto\/fabricante-de-carretes-de-pesca-en-surf","title":{"rendered":"Carretes de pesca en surf para rendimiento en aguas saladas y suministro B2B"},"content":{"rendered":"<h1 data-start=\"906\" data-end=\"977\"><strong data-start=\"906\" data-end=\"977\">Carretes de pesca surf premium para rendimiento en agua salada y suministro B2B<\/strong><\/h1>\n<p data-start=\"979\" data-end=\"1478\">HK Tackle es un fabricante y exportador profesional de alta resistencia. <a href=\"https:\/\/hktackle.com\/es\/guia-de-carretes-de-pesca\/\"><strong data-start=\"1050\" data-end=\"1072\">carretes de pesca en la surfcasting<\/strong><\/a> dise\u00f1ados espec\u00edficamente para entornos de lanzamiento en agua salada. Nuestras carretes est\u00e1n construidos para mayoristas globales, marcas de art\u00edculos de pesca y minoristas que buscan un rendimiento duradero, una calidad de producci\u00f3n estable y precios competitivos de OEM. Al combinar ingenier\u00eda de precisi\u00f3n con materiales resistentes a la corrosi\u00f3n, HK Tackle ofrece carretes de surf capaces de manejar olas potentes, lanzamientos de larga distancia y grandes especies costeras.<\/p>\n<p data-start=\"979\" data-end=\"1478\"><img loading=\"lazy\" decoding=\"async\" class=\"alignnone size-full wp-image-1262\" src=\"https:\/\/hktackle.com\/wp-content\/uploads\/2025\/10\/surf-reel-9.png\" alt=\"carretes de pesca en la surfcasting\" width=\"402\" height=\"519\" title=\"\" srcset=\"https:\/\/hktackle.com\/wp-content\/uploads\/2025\/10\/surf-reel-9.png 402w, https:\/\/hktackle.com\/wp-content\/uploads\/2025\/10\/surf-reel-9-232x300.png 232w\" sizes=\"auto, (max-width: 402px) 100vw, 402px\" \/><img loading=\"lazy\" decoding=\"async\" class=\"alignnone size-full wp-image-1259\" src=\"https:\/\/hktackle.com\/wp-content\/uploads\/2025\/10\/surf-reel-6.png\" alt=\"mejor carrete de pesca en surf\" width=\"390\" height=\"531\" title=\"\" srcset=\"https:\/\/hktackle.com\/wp-content\/uploads\/2025\/10\/surf-reel-6.png 390w, https:\/\/hktackle.com\/wp-content\/uploads\/2025\/10\/surf-reel-6-220x300.png 220w\" sizes=\"auto, (max-width: 390px) 100vw, 390px\" \/><\/p>\n<hr data-start=\"1480\" data-end=\"1483\" \/>\n<h2 data-start=\"1485\" data-end=\"1534\"><strong data-start=\"1488\" data-end=\"1534\">Dise\u00f1ado para lanzar en la costa a larga distancia<\/strong><\/h2>\n<p data-start=\"1536\" data-end=\"1907\">Un verdadero <a href=\"https:\/\/hktackle.com\/es\/guia-de-carretes-de-pesca\/\"><strong data-start=\"1543\" data-end=\"1564\">carrete de surf para pescar<\/strong><\/a> debe encontrar un equilibrio entre la capacidad del carrete, la suavidad del lanzamiento y la estabilidad del freno. HK Tackle utiliza bobinas de aluminio mecanizadas por CNC para reducir el peso mientras mantiene la integridad estructural bajo alta tensi\u00f3n de l\u00ednea. El labio de la bobina optimizado minimiza la fricci\u00f3n, permitiendo que las l\u00edneas monofilamento o trenzadas fluyan suavemente durante lanzamientos a larga distancia.<\/p>\n<p data-start=\"1909\" data-end=\"2191\">El engranaje interno se fabrica con opciones de acero inoxidable o lat\u00f3n seg\u00fan los requisitos del mercado objetivo. Las relaciones de engranaje se pueden personalizar para adaptarse a las preferencias locales de pesca, ya sea una recuperaci\u00f3n r\u00e1pida para estilos de surf activos o una recuperaci\u00f3n moderada para cebos pesados y grandes especies de surf.<\/p>\n<hr data-start=\"2193\" data-end=\"2196\" \/>\n<h2 data-start=\"2198\" data-end=\"2258\"><strong data-start=\"2201\" data-end=\"2258\">Resistencia a la Corrosi\u00f3n por Agua de Mar en Entornos Hostiles<\/strong><\/h2>\n<p data-start=\"2260\" data-end=\"2527\">La exposici\u00f3n al agua salada es el factor principal que determina la longevidad en <a href=\"https:\/\/hktackle.com\/es\/introduccion-del-producto\/guia-b2b-de-proveedores-de-carretes-de-pesca\/\"><strong data-start=\"2330\" data-end=\"2352\">carretes de pesca en la surfcasting<\/strong><\/a>Para satisfacer las expectativas de los compradores B2B globales, HK Tackle aplica tratamientos anticorrosivos de m\u00faltiples capas utilizando superficies anodizadas, componentes de calidad marina y rodamientos sellados.<\/p>\n<p data-start=\"2529\" data-end=\"2553\">Las principales protecciones incluyen:<\/p>\n<ul data-start=\"2555\" data-end=\"2791\">\n<li data-start=\"2555\" data-end=\"2606\">\n<p data-start=\"2557\" data-end=\"2606\"><strong data-start=\"2557\" data-end=\"2604\">Construcci\u00f3n del cuerpo resistente al agua con clasificaci\u00f3n IPX<\/strong><\/p>\n<\/li>\n<li data-start=\"2607\" data-end=\"2646\">\n<p data-start=\"2609\" data-end=\"2646\"><strong data-start=\"2609\" data-end=\"2644\">Rodamientos recubiertos con protecci\u00f3n contra la sal<\/strong><\/p>\n<\/li>\n<li data-start=\"2647\" data-end=\"2696\">\n<p data-start=\"2649\" data-end=\"2696\"><strong data-start=\"2649\" data-end=\"2694\">Sistema de arrastre sellado con arandelas sint\u00e9ticas<\/strong><\/p>\n<\/li>\n<li data-start=\"2697\" data-end=\"2742\">\n<p data-start=\"2699\" data-end=\"2742\"><strong data-start=\"2699\" data-end=\"2740\">Eje principal de acero inoxidable reforzado<\/strong><\/p>\n<\/li>\n<li data-start=\"2743\" data-end=\"2791\">\n<p data-start=\"2745\" data-end=\"2791\"><strong data-start=\"2745\" data-end=\"2789\">Tornillos y componentes internos anti-\u00f3xido<\/strong><\/p>\n<\/li>\n<\/ul>\n<p data-start=\"2793\" data-end=\"2948\">Esta construcci\u00f3n minimiza la corrosi\u00f3n, la degradaci\u00f3n de los engranajes y la intrusi\u00f3n de sal, requisitos cr\u00edticos para el desarrollo de un <a href=\"https:\/\/hktackle.com\/es\/categoria-producto\/bobinas\/\"><strong data-start=\"2908\" data-end=\"2934\">mejor carrete de pesca en surf<\/strong><\/a> l\u00ednea de productos.<\/p>\n<hr data-start=\"2950\" data-end=\"2953\" \/>\n<h2 data-start=\"2955\" data-end=\"3008\"><strong data-start=\"2958\" data-end=\"3008\">Sistema de arrastre potente para especies costeras grandes<\/strong><\/h2>\n<p data-start=\"3010\" data-end=\"3276\">Los pescadores de surf apuntan a peces fuertes y de r\u00e1pido movimiento como el r\u00f3balo rayado, el pez azul, el tambor rojo, el s\u00e1balo y la caballa espa\u00f1ola. Para manejar estas cargas, HK Tackle construye sistemas de freno de alta capacidad utilizando arandelas de freno de fibra de carbono que ofrecen una presi\u00f3n estable sin sobrecalentarse.<\/p>\n<p data-start=\"3278\" data-end=\"3295\">Las caracter\u00edsticas incluyen:<\/p>\n<ul data-start=\"3297\" data-end=\"3504\">\n<li data-start=\"3297\" data-end=\"3357\">\n<p data-start=\"3299\" data-end=\"3357\"><strong data-start=\"3299\" data-end=\"3355\">Arrastre de alta capacidad (hasta 20\u201330 kg dependiendo del modelo)<\/strong><\/p>\n<\/li>\n<li data-start=\"3358\" data-end=\"3404\">\n<p data-start=\"3360\" data-end=\"3404\"><strong data-start=\"3360\" data-end=\"3402\">Conjunto de arrastre h\u00edbrido de carbono y acero inoxidable<\/strong><\/p>\n<\/li>\n<li data-start=\"3405\" data-end=\"3458\">\n<p data-start=\"3407\" data-end=\"3458\"><strong data-start=\"3407\" data-end=\"3456\">Rendimiento antiadherente bajo alta tensi\u00f3n de l\u00ednea<\/strong><\/p>\n<\/li>\n<li data-start=\"3459\" data-end=\"3504\">\n<p data-start=\"3461\" data-end=\"3504\"><strong data-start=\"3461\" data-end=\"3502\">Inicio suave para reducir el golpe en la l\u00ednea<\/strong><\/p>\n<\/li>\n<\/ul>\n<p data-start=\"3506\" data-end=\"3605\">Incluso los modelos de carretes de nivel de entrada se pueden actualizar para adaptarse a mercados premium seg\u00fan la preferencia del comprador.<\/p>\n<hr data-start=\"3607\" data-end=\"3610\" \/>\n<h2 data-start=\"3612\" data-end=\"3660\"><strong data-start=\"3615\" data-end=\"3660\">Dise\u00f1o ergon\u00f3mico para la pesca desde la orilla todo el d\u00eda<\/strong><\/h2>\n<p data-start=\"3662\" data-end=\"3832\">Un carrete c\u00f3modo es esencial para los pescadores que pasan largas horas en playas, arrecifes o costas rocosas. HK Tackle mejora los componentes ergon\u00f3micos para mejorar la experiencia del usuario:<\/p>\n<ul data-start=\"3834\" data-end=\"3993\">\n<li data-start=\"3834\" data-end=\"3870\">\n<p data-start=\"3836\" data-end=\"3870\">Perillas de manija de aluminio de gran tama\u00f1o<\/p>\n<\/li>\n<li data-start=\"3871\" data-end=\"3897\">\n<p data-start=\"3873\" data-end=\"3897\">Dise\u00f1o de manivela antideslizante<\/p>\n<\/li>\n<li data-start=\"3898\" data-end=\"3944\">\n<p data-start=\"3900\" data-end=\"3944\">Rotor equilibrado para una recuperaci\u00f3n sin vibraciones<\/p>\n<\/li>\n<li data-start=\"3945\" data-end=\"3993\">\n<p data-start=\"3947\" data-end=\"3993\">Materiales de cuerpo ligeros para reducir la fatiga<\/p>\n<\/li>\n<\/ul>\n<p data-start=\"3995\" data-end=\"4138\">Producimos <strong data-start=\"4006\" data-end=\"4027\">carrete de surf para pescar<\/strong> modelos en grafito, compuestos reforzados con carbono y cuerpos de aluminio completos para apoyar m\u00faltiples segmentos de precio.<\/p>\n<hr data-start=\"4140\" data-end=\"4143\" \/>\n<h2 data-start=\"4145\" data-end=\"4187\"><strong data-start=\"4148\" data-end=\"4187\">Personalizaci\u00f3n de OEM para compradores globales<\/strong><\/h2>\n<p><img loading=\"lazy\" decoding=\"async\" class=\"alignnone wp-image-1469\" src=\"https:\/\/hktackle.com\/wp-content\/uploads\/2025\/11\/HK-fishing-tackle.jpg\" alt=\"HK Pesca Equipos\" width=\"691\" height=\"470\" title=\"\" srcset=\"https:\/\/hktackle.com\/wp-content\/uploads\/2025\/11\/HK-fishing-tackle.jpg 861w, https:\/\/hktackle.com\/wp-content\/uploads\/2025\/11\/HK-fishing-tackle-300x204.jpg 300w, https:\/\/hktackle.com\/wp-content\/uploads\/2025\/11\/HK-fishing-tackle-768x522.jpg 768w, https:\/\/hktackle.com\/wp-content\/uploads\/2025\/11\/HK-fishing-tackle-600x408.jpg 600w\" sizes=\"auto, (max-width: 691px) 100vw, 691px\" \/><\/p>\n<p data-start=\"4189\" data-end=\"4287\">HK Tackle apoya la producci\u00f3n de marca privada y OEM\/ODM para todos. <a href=\"https:\/\/hktackle.com\/es\/categoria-producto\/bobinas\/\"><strong data-start=\"4253\" data-end=\"4275\">carretes de pesca en la surfcasting<\/strong><\/a>, incluyendo:<\/p>\n<ul data-start=\"4289\" data-end=\"4502\">\n<li data-start=\"4289\" data-end=\"4324\">\n<p data-start=\"4291\" data-end=\"4324\">Colores personalizados de bobina y anodizaci\u00f3n<\/p>\n<\/li>\n<li data-start=\"4325\" data-end=\"4355\">\n<p data-start=\"4327\" data-end=\"4355\">Tama\u00f1os de carrete: <strong data-start=\"4339\" data-end=\"4353\">4000\u201312000<\/strong><\/p>\n<\/li>\n<li data-start=\"4356\" data-end=\"4380\">\n<p data-start=\"4358\" data-end=\"4380\">Selecci\u00f3n de la relaci\u00f3n de transmisi\u00f3n<\/p>\n<\/li>\n<li data-start=\"4381\" data-end=\"4422\">\n<p data-start=\"4383\" data-end=\"4422\">Personalizar material y forma<\/p>\n<\/li>\n<li data-start=\"4423\" data-end=\"4452\">\n<p data-start=\"4425\" data-end=\"4452\">Logo de marca grabado a l\u00e1ser<\/p>\n<\/li>\n<li data-start=\"4453\" data-end=\"4502\">\n<p data-start=\"4455\" data-end=\"4502\">Embalaje personalizado y cajas listas para el comercio<\/p>\n<\/li>\n<\/ul>\n<p data-start=\"4504\" data-end=\"4676\">Colaboramos con los compradores para hacer coincidir las especificaciones de rendimiento con los mercados objetivos, ya sea que su enfoque est\u00e9 en el comercio minorista masivo, tiendas de aparejos especializadas o l\u00edneas de equipo de surf de alta gama.<\/p>\n<hr data-start=\"4678\" data-end=\"4681\" \/>\n<h2 data-start=\"4683\" data-end=\"4740\"><strong data-start=\"4686\" data-end=\"4740\">Flujo de trabajo de control de calidad para una producci\u00f3n consistente<\/strong><\/h2>\n<p data-start=\"4742\" data-end=\"4926\">Los clientes B2B dependen de la consistencia del producto. HK Tackle implementa procedimientos de control de calidad estrictos desde las materias primas hasta la inspecci\u00f3n final. Cada lote de <strong data-start=\"4882\" data-end=\"4908\">mejor carrete de pesca en surf<\/strong> los modelos sufren:<\/p>\n<ol data-start=\"4928\" data-end=\"5161\">\n<li data-start=\"4928\" data-end=\"4960\">\n<p data-start=\"4931\" data-end=\"4960\"><strong data-start=\"4931\" data-end=\"4958\">Pruebas de suavidad del engranaje<\/strong><\/p>\n<\/li>\n<li data-start=\"4961\" data-end=\"4995\">\n<p data-start=\"4964\" data-end=\"4995\"><strong data-start=\"4964\" data-end=\"4993\">Pruebas de carga de estabilidad de arrastre<\/strong><\/p>\n<\/li>\n<li data-start=\"4996\" data-end=\"5041\">\n<p data-start=\"4999\" data-end=\"5041\"><strong data-start=\"4999\" data-end=\"5039\">Manejar pruebas de presi\u00f3n y resistencia<\/strong><\/p>\n<\/li>\n<li data-start=\"5042\" data-end=\"5082\">\n<p data-start=\"5045\" data-end=\"5082\"><strong data-start=\"5045\" data-end=\"5080\">Simulaci\u00f3n de corrosi\u00f3n por spray de sal<\/strong><\/p>\n<\/li>\n<li data-start=\"5083\" data-end=\"5116\">\n<p data-start=\"5086\" data-end=\"5116\"><strong data-start=\"5086\" data-end=\"5114\">Inspecci\u00f3n del balanceo del rotor<\/strong><\/p>\n<\/li>\n<li data-start=\"5117\" data-end=\"5161\">\n<p data-start=\"5120\" data-end=\"5161\"><strong data-start=\"5120\" data-end=\"5159\">Controles finales de ensamblaje y empaquetado<\/strong><\/p>\n<\/li>\n<\/ol>\n<p data-start=\"5163\" data-end=\"5284\">Estos procesos garantizan que cada env\u00edo cumpla con los est\u00e1ndares de su marca y ofrezca un rendimiento confiable a los usuarios finales.<\/p>\n<hr data-start=\"5286\" data-end=\"5289\" \/>\n<h2 data-start=\"5291\" data-end=\"5329\"><strong data-start=\"5294\" data-end=\"5329\">Embalaje, Env\u00edo y Log\u00edstica<\/strong><\/h2>\n<p data-start=\"5331\" data-end=\"5418\">Para apoyar a los distribuidores internacionales, HK Tackle proporciona soluciones log\u00edsticas personalizadas:<\/p>\n<ul data-start=\"5420\" data-end=\"5643\">\n<li data-start=\"5420\" data-end=\"5472\">\n<p data-start=\"5422\" data-end=\"5472\">Embalaje minorista individual para productos de marca<\/p>\n<\/li>\n<li data-start=\"5473\" data-end=\"5512\">\n<p data-start=\"5475\" data-end=\"5512\">Cartones a granel para eficiencia en el transporte<\/p>\n<\/li>\n<li data-start=\"5513\" data-end=\"5550\">\n<p data-start=\"5515\" data-end=\"5550\">Etiquetado opcional de c\u00f3digo de barras y SKU<\/p>\n<\/li>\n<li data-start=\"5551\" data-end=\"5596\">\n<p data-start=\"5553\" data-end=\"5596\">Protecci\u00f3n de espuma reforzada durante el transporte<\/p>\n<\/li>\n<li data-start=\"5597\" data-end=\"5643\">\n<p data-start=\"5599\" data-end=\"5643\">Carga de contenedores de tama\u00f1o mixto y modelo mixto<\/p>\n<\/li>\n<\/ul>\n<p data-start=\"5645\" data-end=\"5750\">Tambi\u00e9n ofrecemos muestreo r\u00e1pido para nuevas l\u00edneas de productos e informes de especificaciones detallados para cada modelo de bobina.<\/p>\n<hr data-start=\"5752\" data-end=\"5755\" \/>\n<h2 data-start=\"5757\" data-end=\"5812\"><strong data-start=\"5760\" data-end=\"5812\">\u00bfPor qu\u00e9 elegir a HK Tackle como su proveedor de carretes de surf?<\/strong><\/h2>\n<ul data-start=\"5814\" data-end=\"6094\">\n<li data-start=\"5814\" data-end=\"5869\">\n<p data-start=\"5816\" data-end=\"5869\">F\u00e1brica OEM profesional especializada en carretes de surf<\/p>\n<\/li>\n<li data-start=\"5870\" data-end=\"5913\">\n<p data-start=\"5872\" data-end=\"5913\">Fuertes capacidades de ingenier\u00eda e I+D<\/p>\n<\/li>\n<li data-start=\"5914\" data-end=\"5963\">\n<p data-start=\"5916\" data-end=\"5963\">Producci\u00f3n flexible para pedidos grandes o peque\u00f1os<\/p>\n<\/li>\n<li data-start=\"5964\" data-end=\"5997\">\n<p data-start=\"5966\" data-end=\"5997\">Precios mayoristas competitivos<\/p>\n<\/li>\n<li data-start=\"5998\" data-end=\"6044\">\n<p data-start=\"6000\" data-end=\"6044\">Control de calidad confiable para pedidos repetidos<\/p>\n<\/li>\n<li data-start=\"6045\" data-end=\"6094\">\n<p data-start=\"6047\" data-end=\"6094\">Tiempos de respuesta r\u00e1pidos y soporte de exportaci\u00f3n estable<\/p>\n<\/li>\n<\/ul>\n<p data-start=\"6096\" data-end=\"6372\">HK Tackle se compromete a ofrecer productos duraderos y de alto rendimiento. <strong data-start=\"6159\" data-end=\"6181\">carretes de pesca en la surfcasting<\/strong> que satisfacen las necesidades de los pescadores de surf en todo el mundo. Ya sea que su negocio necesite modelos de nivel inicial o dise\u00f1os premium de lanzamiento prolongado, ofrecemos soluciones de productos escalables adaptadas a su mercado.<\/p>\n<p data-start=\"6096\" data-end=\"6372\"><div class=\"wpforms-container\" id=\"wpforms-564\"><form id=\"wpforms-form-564\" class=\"wpforms-validate wpforms-form wpforms-ajax-form\" data-formid=\"564\" method=\"post\" enctype=\"multipart\/form-data\" action=\"\/es\/wp-json\/wp\/v2\/product\/1888\" data-token=\"3a27290115edac4e9507e4eda9c9e8f3\" data-token-time=\"1776510935\" data-trp-original-action=\"\/es\/wp-json\/wp\/v2\/product\/1888\"><div class=\"wpforms-head-container\"><div class=\"wpforms-title\">Solicitar cotizaci\u00f3n<\/div><\/div><noscript class=\"wpforms-error-noscript\">Por favor, activa JavaScript en tu navegador para completar este formulario.<\/noscript><div class=\"wpforms-field-container\"><div id=\"wpforms-564-field_1-container\" class=\"wpforms-field wpforms-field-name\" data-field-id=\"1\"><label class=\"wpforms-field-label wpforms-label-hide\" for=\"wpforms-564-field_1\">Nombre <span class=\"wpforms-required-label\">*<\/span><\/label><input type=\"text\" id=\"wpforms-564-field_1\" class=\"wpforms-field-medium wpforms-field-required\" name=\"wpforms[fields][1]\" placeholder=\"Nombre\" required><\/div><div id=\"wpforms-564-field_2-container\" class=\"wpforms-field wpforms-field-name\" data-field-id=\"2\"><label class=\"wpforms-field-label wpforms-label-hide\" for=\"wpforms-564-field_2\">Whatsapp <span class=\"wpforms-required-label\">*<\/span><\/label><input type=\"text\" id=\"wpforms-564-field_2\" class=\"wpforms-field-medium wpforms-field-required\" name=\"wpforms[fields][2]\" placeholder=\"Whatapp\" required><\/div>\t\t<div id=\"wpforms-564-field_7-container\"\n\t\t\tclass=\"wpforms-field wpforms-field-text\"\n\t\t\tdata-field-type=\"text\"\n\t\t\tdata-field-id=\"7\"\n\t\t\t>\n\t\t\t<label class=\"wpforms-field-label\" for=\"wpforms-564-field_7\" >P\u00e1gina de consulta de nombre<\/label>\n\t\t\t<input type=\"text\" id=\"wpforms-564-field_7\" class=\"wpforms-field-medium\" name=\"wpforms[fields][7]\" >\n\t\t<\/div>\n\t\t<div id=\"wpforms-564-field_4-container\" class=\"wpforms-field wpforms-field-name\" data-field-id=\"4\"><label class=\"wpforms-field-label wpforms-label-hide\" for=\"wpforms-564-field_4\">Correo electr\u00f3nico <span class=\"wpforms-required-label\">*<\/span><\/label><input type=\"text\" id=\"wpforms-564-field_4\" class=\"wpforms-field-medium wpforms-field-required\" name=\"wpforms[fields][4]\" placeholder=\"Correo electr\u00f3nico\" required><\/div><div id=\"wpforms-564-field_3-container\" class=\"wpforms-field wpforms-field-name\" data-field-id=\"3\"><label class=\"wpforms-field-label wpforms-label-hide\" for=\"wpforms-564-field_3\">Consulta <span class=\"wpforms-required-label\">*<\/span><\/label><input type=\"text\" id=\"wpforms-564-field_3\" class=\"wpforms-field-medium wpforms-field-required\" name=\"wpforms[fields][3]\" placeholder=\"qu\u00e9 producto necesitas\" required><\/div><div id=\"wpforms-564-field_5-container\" class=\"wpforms-field wpforms-field-hidden\" data-field-id=\"5\"><input type=\"hidden\" id=\"wpforms-564-field_5\" name=\"wpforms[fields][5]\" value=\"216.73.216.42\"><\/div><div id=\"wpforms-564-field_6-container\" class=\"wpforms-field wpforms-field-hidden\" data-field-id=\"6\"><input type=\"hidden\" id=\"wpforms-564-field_6\" name=\"wpforms[fields][6]\" value=\"https:\/\/hktackle.com\/es\/wp-json\/wp\/v2\/product\/1888\"><\/div><script>\n\t\t\t\t( function() {\n\t\t\t\t\tconst style = document.createElement( 'style' );\n\t\t\t\t\tstyle.appendChild( document.createTextNode( '#wpforms-564-field_7-container { position: absolute !important; overflow: hidden !important; display: inline !important; height: 1px !important; width: 1px !important; z-index: -1000 !important; padding: 0 !important; } #wpforms-564-field_7-container input { visibility: hidden; } #wpforms-conversational-form-page #wpforms-564-field_7-container label { counter-increment: none; }' ) );\n\t\t\t\t\tdocument.head.appendChild( style );\n\t\t\t\t\tdocument.currentScript?.remove();\n\t\t\t\t} )();\n\t\t\t<\/script><\/div><!-- .wpforms-field-container --><div class=\"wpforms-submit-container\" ><input type=\"hidden\" name=\"wpforms[id]\" value=\"564\"><input type=\"hidden\" name=\"page_title\" value=\"\"><input type=\"hidden\" name=\"page_url\" value=\"https:\/\/hktackle.com\/es\/wp-json\/wp\/v2\/product\/1888\"><input type=\"hidden\" name=\"url_referer\" value=\"\"><button type=\"submit\" name=\"wpforms[submit]\" id=\"wpforms-submit-564\" class=\"wpforms-submit\" data-alt-text=\"Sending\" data-submit-text=\"Summit\" aria-live=\"assertive\" value=\"wpforms-submit\">Cumbre<\/button><img loading=\"lazy\" decoding=\"async\" src=\"https:\/\/hktackle.com\/wp-content\/plugins\/wpforms\/assets\/images\/submit-spin.svg\" class=\"wpforms-submit-spinner\" style=\"display: none;\" width=\"26\" height=\"26\" alt=\"Cargando\" title=\"\"><\/div><input type=\"hidden\" name=\"trp-form-language\" value=\"es\"\/><\/form><\/div>  <!-- .wpforms-container --><\/p>\n<div id=\"gtx-trans\" style=\"position: absolute; left: 488px; top: 1000.5px;\">\n<div class=\"gtx-trans-icon\"><\/div>\n<\/div>","protected":false},"excerpt":{"rendered":"<div class=\"image-container\">\n<p>Un carrete de pesca en surf de alta resistencia dise\u00f1ado para lanzamientos de larga distancia y resistencia al agua salada. Tama\u00f1os OEM, sistemas de arrastre y marcas disponibles de HK Tackle para distribuidores globales.<\/p>\n<\/div>\n<div class=\"wp-block-stackable-button stk-block-button popmake-1340 stk-block stk-13b8711 popmake-1340\" data-block-id=\"13b8711\">\n<style>.stk-13b8711 {min-height:var(--stk--preset--block-height--x-small, 4rem) !important;padding-top:var(--stk--preset--spacing--none, 0px) !important;padding-right:var(--stk--preset--spacing--none, 0px) !important;padding-bottom:var(--stk--preset--spacing--none, 0px) !important;padding-left:var(--stk--preset--spacing--none, 0px) !important;}.stk-13b8711 .stk-button{min-height:36px !important;padding-top:var(--stk--preset--spacing--40, 1rem) !important;padding-right:33px !important;padding-bottom:var(--stk--preset--spacing--40, 1rem) !important;background:#2db2eb !important;border-top-left-radius:var(--stk--preset--border-radius--small, 4px) !important;border-top-right-radius:var(--stk--preset--border-radius--small, 4px) !important;border-bottom-right-radius:var(--stk--preset--border-radius--small, 4px) !important;border-bottom-left-radius:var(--stk--preset--border-radius--small, 4px) !important;}.stk-13b8711 .stk-button__inner-text{color:#fffffe !important;}<\/style>\n<p><a class=\"stk-link stk-button stk--hover-effect-lift-scale-more\"><span class=\"has-text-color stk-button__inner-text\">Solicitar una cotizaci\u00f3n <\/span><\/a><\/p>\n<\/div>","protected":false},"featured_media":1258,"template":"","meta":[],"product_brand":[],"product_cat":[23],"product_tag":[],"class_list":{"0":"post-1888","1":"product","2":"type-product","3":"status-publish","4":"has-post-thumbnail","6":"product_cat-reels","8":"first","9":"instock","10":"shipping-taxable","11":"product-type-simple"},"_links":{"self":[{"href":"https:\/\/hktackle.com\/es\/wp-json\/wp\/v2\/product\/1888","targetHints":{"allow":["GET"]}}],"collection":[{"href":"https:\/\/hktackle.com\/es\/wp-json\/wp\/v2\/product"}],"about":[{"href":"https:\/\/hktackle.com\/es\/wp-json\/wp\/v2\/types\/product"}],"wp:featuredmedia":[{"embeddable":true,"href":"https:\/\/hktackle.com\/es\/wp-json\/wp\/v2\/media\/1258"}],"wp:attachment":[{"href":"https:\/\/hktackle.com\/es\/wp-json\/wp\/v2\/media?parent=1888"}],"wp:term":[{"taxonomy":"product_brand","embeddable":true,"href":"https:\/\/hktackle.com\/es\/wp-json\/wp\/v2\/product_brand?post=1888"},{"taxonomy":"product_cat","embeddable":true,"href":"https:\/\/hktackle.com\/es\/wp-json\/wp\/v2\/product_cat?post=1888"},{"taxonomy":"product_tag","embeddable":true,"href":"https:\/\/hktackle.com\/es\/wp-json\/wp\/v2\/product_tag?post=1888"}],"curies":[{"name":"wp","href":"https:\/\/api.w.org\/{rel}","templated":true}]}}