{"id":1893,"date":"2025-11-16T11:44:27","date_gmt":"2025-11-16T11:44:27","guid":{"rendered":"https:\/\/hktackle.com\/?post_type=product&#038;p=1893"},"modified":"2025-12-02T15:20:55","modified_gmt":"2025-12-02T15:20:55","slug":"proveedor-de-cebos-de-plastico-suaves-para-pescar","status":"publish","type":"product","link":"https:\/\/hktackle.com\/es\/producto\/proveedor-de-cebos-de-plastico-suaves-para-pescar","title":{"rendered":"Cebos de pesca suaves premium para compradores mayoristas globales"},"content":{"rendered":"<h1 data-start=\"874\" data-end=\"932\"><strong data-start=\"874\" data-end=\"932\">Cebos de pesca suaves premium para compradores mayoristas globales<\/strong><\/h1>\n<p><img loading=\"lazy\" decoding=\"async\" class=\"alignnone wp-image-1242\" src=\"https:\/\/hktackle.com\/wp-content\/uploads\/2025\/10\/soft-lure-2-1.png\" alt=\"cebos de pesca de cebo blando\" width=\"427\" height=\"489\" title=\"\" srcset=\"https:\/\/hktackle.com\/wp-content\/uploads\/2025\/10\/soft-lure-2-1.png 537w, https:\/\/hktackle.com\/wp-content\/uploads\/2025\/10\/soft-lure-2-1-262x300.png 262w\" sizes=\"auto, (max-width: 427px) 100vw, 427px\" \/><img loading=\"lazy\" decoding=\"async\" class=\"alignnone wp-image-1241\" src=\"https:\/\/hktackle.com\/wp-content\/uploads\/2025\/10\/soft-lure-1-1.png\" alt=\"carnadas de pesca suaves\" width=\"444\" height=\"489\" title=\"\" srcset=\"https:\/\/hktackle.com\/wp-content\/uploads\/2025\/10\/soft-lure-1-1.png 539w, https:\/\/hktackle.com\/wp-content\/uploads\/2025\/10\/soft-lure-1-1-272x300.png 272w\" sizes=\"auto, (max-width: 444px) 100vw, 444px\" \/><\/p>\n<p data-start=\"934\" data-end=\"1444\">HK Tackle se especializa en el dise\u00f1o y la producci\u00f3n en masa de alta calidad. <a href=\"https:\/\/hktackle.com\/es\/guia-completa-de-cebos-de-pesca\/\"><strong data-start=\"1006\" data-end=\"1028\">carnadas de pesca suaves<\/strong><\/a> dise\u00f1ados para especies de agua dulce y salada. Nuestras carnadas suaves est\u00e1n dise\u00f1adas con un material flexible pero duradero <strong data-start=\"1129\" data-end=\"1150\">se\u00f1uelo blando de pl\u00e1stico<\/strong> que ofrece un movimiento realista, elasticidad duradera y un rendimiento fiable. Como proveedor orientado a la f\u00e1brica con plena capacidad OEM, HK Tackle sirve a distribuidores globales, marcas de aparejos y vendedores de comercio electr\u00f3nico que requieren un suministro estable, dise\u00f1os personalizables y precios competitivos B2B.<\/p>\n<hr data-start=\"1446\" data-end=\"1449\" \/>\n<h2 data-start=\"1451\" data-end=\"1519\"><strong data-start=\"1454\" data-end=\"1519\">Acci\u00f3n de nataci\u00f3n realista con material de cebo suave altamente el\u00e1stico<\/strong><\/h2>\n<p data-start=\"1521\" data-end=\"1895\">La caracter\u00edstica m\u00e1s importante de cualquier <a href=\"https:\/\/hktackle.com\/es\/guia-completa-de-cebos-de-pesca\/\"><strong data-start=\"1555\" data-end=\"1582\">cebos de pesca de cebo blando<\/strong><\/a> es su movimiento natural en el agua. HK Tackle utiliza una f\u00f3rmula de pl\u00e1stico blando refinada que produce una acci\u00f3n de nataci\u00f3n suave y realista incluso a velocidades de recogida lentas. Ya sea que los clientes apunten a lubinas, truchas, lucios, walleye, snooks o especies de agua salada costera, nuestros se\u00f1uelos crean un movimiento irresistible que imita a la presa real.<\/p>\n<p data-start=\"1897\" data-end=\"2102\">El material es flexible pero resistente a desgarros, lo que garantiza una vida \u00fatil m\u00e1s larga incluso despu\u00e9s de golpes repetidos. Esto es especialmente valioso para los compradores B2B que necesitan soluciones rentables para ventas al por mayor.<\/p>\n<hr data-start=\"2104\" data-end=\"2107\" \/>\n<h2 data-start=\"2109\" data-end=\"2171\"><strong data-start=\"2112\" data-end=\"2171\">Cebo blando duradero de pl\u00e1stico con m\u00faltiples opciones de densidad<\/strong><\/h2>\n<p data-start=\"2173\" data-end=\"2302\">Diferentes mercados requieren diferentes densidades de cebos. HK Tackle ofrece varias f\u00f3rmulas de pl\u00e1stico blando para satisfacer diversas necesidades de pesca:<\/p>\n<ul data-start=\"2304\" data-end=\"2566\">\n<li data-start=\"2304\" data-end=\"2364\">\n<p data-start=\"2306\" data-end=\"2364\"><strong data-start=\"2306\" data-end=\"2326\">Pl\u00e1stico flotante<\/strong> para t\u00e9cnicas de superficie y de aterrizaje en la superficie<\/p>\n<\/li>\n<li data-start=\"2365\" data-end=\"2428\">\n<p data-start=\"2367\" data-end=\"2428\"><strong data-start=\"2367\" data-end=\"2394\">Pl\u00e1stico de densidad neutra<\/strong> para acci\u00f3n natural de hundimiento lento<\/p>\n<\/li>\n<li data-start=\"2429\" data-end=\"2492\">\n<p data-start=\"2431\" data-end=\"2492\"><strong data-start=\"2431\" data-end=\"2453\">Pl\u00e1stico blando pesado<\/strong> para hundimiento r\u00e1pido o jigging vertical<\/p>\n<\/li>\n<li data-start=\"2493\" data-end=\"2566\">\n<p data-start=\"2495\" data-end=\"2566\"><strong data-start=\"2495\" data-end=\"2519\">Pl\u00e1stico infusionado con sal<\/strong> para un mayor peso de lanzamiento y retenci\u00f3n de aroma<\/p>\n<\/li>\n<\/ul>\n<p data-start=\"2568\" data-end=\"2681\">Estas opciones permiten a los distribuidores construir l\u00edneas de productos de se\u00f1uelos suaves completas sin depender de m\u00faltiples proveedores.<\/p>\n<hr data-start=\"2683\" data-end=\"2686\" \/>\n<h2 data-start=\"2688\" data-end=\"2726\"><strong data-start=\"2691\" data-end=\"2726\">Amplia variedad de formas y estilos<\/strong><\/h2>\n<p data-start=\"2728\" data-end=\"2818\">Nuestra f\u00e1brica de fabricaci\u00f3n produce una completa selecci\u00f3n de <a href=\"https:\/\/hktackle.com\/es\/guia-completa-de-cebos-de-pesca\/\"><strong data-start=\"2784\" data-end=\"2806\">carnadas de pesca suaves<\/strong><\/a>, incluyendo:<\/p>\n<ul data-start=\"2820\" data-end=\"3040\">\n<li data-start=\"2820\" data-end=\"2845\">\n<p data-start=\"2822\" data-end=\"2845\">Swimbaits de cola de remo<\/p>\n<\/li>\n<li data-start=\"2846\" data-end=\"2873\">\n<p data-start=\"2848\" data-end=\"2873\">Gusanos y cebos de finesse<\/p>\n<\/li>\n<li data-start=\"2874\" data-end=\"2905\">\n<p data-start=\"2876\" data-end=\"2905\">Cangrejos de r\u00edo y cebos de criatura<\/p>\n<\/li>\n<li data-start=\"2906\" data-end=\"2931\">\n<p data-start=\"2908\" data-end=\"2931\">Gusanos y colas rizadas<\/p>\n<\/li>\n<li data-start=\"2932\" data-end=\"2966\">\n<p data-start=\"2934\" data-end=\"2966\">Pez de pl\u00e1stico blando estilo minnows<\/p>\n<\/li>\n<li data-start=\"2967\" data-end=\"3010\">\n<p data-start=\"2969\" data-end=\"3010\">Calamar, camarones, y <a href=\"https:\/\/hktackle.com\/es\/guia-completa-de-cebos-de-pesca\/\">carnadas suaves de agua salada<\/a><\/p>\n<\/li>\n<li data-start=\"3011\" data-end=\"3040\">\n<p data-start=\"3013\" data-end=\"3040\">Cebos blandos de jig preensamblados<\/p>\n<\/li>\n<\/ul>\n<p data-start=\"3042\" data-end=\"3147\">Todos los modelos est\u00e1n dise\u00f1ados para coincidir con los perfiles de presas naturales, maximizando las tasas de golpe incluso en aguas presionadas.<\/p>\n<p data-start=\"3149\" data-end=\"3285\">Si necesita formas \u00fanicas o dise\u00f1os exclusivos para el mercado, HK Tackle puede producir moldes personalizados de acuerdo a dibujos o muestras de referencia.<\/p>\n<hr data-start=\"3287\" data-end=\"3290\" \/>\n<h2 data-start=\"3292\" data-end=\"3339\"><strong data-start=\"3295\" data-end=\"3339\">Colores, fragancias y purpurina personalizables<\/strong><\/h2>\n<p data-start=\"3341\" data-end=\"3447\">Para satisfacer diferentes preferencias regionales, nuestro <strong data-start=\"3388\" data-end=\"3415\">cebos de pesca de cebo blando<\/strong> los modelos pueden ser completamente personalizados:<\/p>\n<ul data-start=\"3449\" data-end=\"3780\">\n<li data-start=\"3449\" data-end=\"3494\">\n<p data-start=\"3451\" data-end=\"3494\">Colores s\u00f3lidos, transl\u00facidos o de m\u00faltiples capas<\/p>\n<\/li>\n<li data-start=\"3495\" data-end=\"3548\">\n<p data-start=\"3497\" data-end=\"3548\">Chartreuse, sand\u00eda, perla, negro, humo, etc.<\/p>\n<\/li>\n<li data-start=\"3549\" data-end=\"3585\">\n<p data-start=\"3551\" data-end=\"3585\">inyecciones 3D de color o laminados<\/p>\n<\/li>\n<li data-start=\"3586\" data-end=\"3632\">\n<p data-start=\"3588\" data-end=\"3632\">Se a\u00f1adieron part\u00edculas de glitter o de foil reflectante.<\/p>\n<\/li>\n<li data-start=\"3633\" data-end=\"3677\">\n<p data-start=\"3635\" data-end=\"3677\">Acabados reactivos a UV o que brillan en la oscuridad<\/p>\n<\/li>\n<li data-start=\"3678\" data-end=\"3729\">\n<p data-start=\"3680\" data-end=\"3729\">Aromas naturales: camarones, aceite de pescado, an\u00eds, ajo<\/p>\n<\/li>\n<li data-start=\"3730\" data-end=\"3780\">\n<p data-start=\"3732\" data-end=\"3780\">F\u00f3rmulas de fragancias personalizadas para marcas de etiqueta privada<\/p>\n<\/li>\n<\/ul>\n<p data-start=\"3782\" data-end=\"3894\">Esta flexibilidad permite a los clientes construir l\u00edneas de productos enteras adaptadas al comportamiento local de los peces y a la demanda de los pescadores.<\/p>\n<hr data-start=\"3896\" data-end=\"3899\" \/>\n<h2 data-start=\"3901\" data-end=\"3954\"><strong data-start=\"3904\" data-end=\"3954\">Producci\u00f3n OEM y de Marca Privada para Mercados B2B<\/strong><\/h2>\n<p data-start=\"3956\" data-end=\"4030\">HK Tackle ofrece un servicio completo de OEM para <strong data-start=\"3996\" data-end=\"4018\">carnadas de pesca suaves<\/strong>, incluyendo:<\/p>\n<h3 data-start=\"4032\" data-end=\"4068\"><strong data-start=\"4036\" data-end=\"4066\">Desarrollo de Moldes Personalizados<\/strong><\/h3>\n<p data-start=\"4069\" data-end=\"4084\">Podemos producir:<\/p>\n<ul data-start=\"4086\" data-end=\"4179\">\n<li data-start=\"4086\" data-end=\"4111\">\n<p data-start=\"4088\" data-end=\"4111\">Moldes de inyecci\u00f3n de acero<\/p>\n<\/li>\n<li data-start=\"4112\" data-end=\"4140\">\n<p data-start=\"4114\" data-end=\"4140\">Moldes prototipo de aluminio<\/p>\n<\/li>\n<li data-start=\"4141\" data-end=\"4179\">\n<p data-start=\"4143\" data-end=\"4179\">Moldes de producci\u00f3n en masa de m\u00faltiples cavidades<\/p>\n<\/li>\n<\/ul>\n<p data-start=\"4181\" data-end=\"4246\">Los compradores tambi\u00e9n pueden suministrar dibujos en 3D o muestras de referencia f\u00edsicas.<\/p>\n<h3 data-start=\"4248\" data-end=\"4277\"><strong data-start=\"4252\" data-end=\"4275\">2. Embalaje personalizado<\/strong><\/h3>\n<p data-start=\"4278\" data-end=\"4294\">Las opciones incluyen:<\/p>\n<ul data-start=\"4296\" data-end=\"4440\">\n<li data-start=\"4296\" data-end=\"4330\">\n<p data-start=\"4298\" data-end=\"4330\">Polybags con encabezado de cart\u00f3n<\/p>\n<\/li>\n<li data-start=\"4331\" data-end=\"4348\">\n<p data-start=\"4333\" data-end=\"4348\">Bl\u00edsteres<\/p>\n<\/li>\n<li data-start=\"4349\" data-end=\"4372\">\n<p data-start=\"4351\" data-end=\"4372\">Estuches duros reutilizables<\/p>\n<\/li>\n<li data-start=\"4373\" data-end=\"4401\">\n<p data-start=\"4375\" data-end=\"4401\">Cajas de color listas para el retail<\/p>\n<\/li>\n<li data-start=\"4402\" data-end=\"4440\">\n<p data-start=\"4404\" data-end=\"4440\">Etiquetado y codificaci\u00f3n de logotipos personalizados<\/p>\n<\/li>\n<\/ul>\n<h3 data-start=\"4442\" data-end=\"4471\"><strong data-start=\"4446\" data-end=\"4469\">3. Soporte de Marca<\/strong><\/h3>\n<ul data-start=\"4472\" data-end=\"4580\">\n<li data-start=\"4472\" data-end=\"4496\">\n<p data-start=\"4474\" data-end=\"4496\">Impresi\u00f3n de logotipos personalizados<\/p>\n<\/li>\n<li data-start=\"4497\" data-end=\"4515\">\n<p data-start=\"4499\" data-end=\"4515\">Dise\u00f1o de pegatinas<\/p>\n<\/li>\n<li data-start=\"4516\" data-end=\"4534\">\n<p data-start=\"4518\" data-end=\"4534\">Nomenclatura de productos<\/p>\n<\/li>\n<li data-start=\"4535\" data-end=\"4580\">\n<p data-start=\"4537\" data-end=\"4580\">Creaci\u00f3n completa de la l\u00ednea de tarjetas para minoristas<\/p>\n<\/li>\n<\/ul>\n<p data-start=\"4582\" data-end=\"4667\">Esto garantiza que tu marca tenga una apariencia coherente y profesional en todos los SKU.<\/p>\n<hr data-start=\"4669\" data-end=\"4672\" \/>\n<h2 data-start=\"4674\" data-end=\"4720\"><strong data-start=\"4677\" data-end=\"4720\">Control de Calidad para Pedidos de Gran Volumen<\/strong><\/h2>\n<p data-start=\"4722\" data-end=\"4845\">Los clientes B2B requieren calidad consistente en cada lote. HK Tackle sigue estrictos procesos de control de calidad en cada fase de producci\u00f3n:<\/p>\n<ol data-start=\"4847\" data-end=\"5178\">\n<li data-start=\"4847\" data-end=\"4920\">\n<p data-start=\"4850\" data-end=\"4920\"><strong data-start=\"4850\" data-end=\"4880\">Inspecci\u00f3n de mezcla de materiales<\/strong> para asegurar suavidad y precisi\u00f3n en el color<\/p>\n<\/li>\n<li data-start=\"4921\" data-end=\"4986\">\n<p data-start=\"4924\" data-end=\"4986\"><strong data-start=\"4924\" data-end=\"4945\">Control de calidad de inyecci\u00f3n de moldes<\/strong> para prevenir bolsas de aire y deformidades<\/p>\n<\/li>\n<li data-start=\"4987\" data-end=\"5028\">\n<p data-start=\"4990\" data-end=\"5028\"><strong data-start=\"4990\" data-end=\"5026\">Verificaci\u00f3n de uniformidad de color y aroma<\/strong><\/p>\n<\/li>\n<li data-start=\"5029\" data-end=\"5076\">\n<p data-start=\"5032\" data-end=\"5076\"><strong data-start=\"5032\" data-end=\"5074\">Pruebas de elasticidad y resistencia al desgarro<\/strong><\/p>\n<\/li>\n<li data-start=\"5077\" data-end=\"5131\">\n<p data-start=\"5080\" data-end=\"5131\"><strong data-start=\"5080\" data-end=\"5129\">Inspecci\u00f3n de embalaje y verificaci\u00f3n de c\u00f3digos de barras<\/strong><\/p>\n<\/li>\n<li data-start=\"5132\" data-end=\"5178\">\n<p data-start=\"5135\" data-end=\"5178\"><strong data-start=\"5135\" data-end=\"5176\">Muestreo aleatorio por lotes antes del env\u00edo<\/strong><\/p>\n<\/li>\n<\/ol>\n<p data-start=\"5180\" data-end=\"5299\">Estos pasos aseguran cada <strong data-start=\"5204\" data-end=\"5225\">se\u00f1uelo blando de pl\u00e1stico<\/strong> cebo cumple con las expectativas de su marca y funciona de manera confiable para los usuarios finales.<\/p>\n<hr data-start=\"5301\" data-end=\"5304\" \/>\n<h2 data-start=\"5306\" data-end=\"5341\"><strong data-start=\"5309\" data-end=\"5341\">Embalaje y Log\u00edstica de Exportaci\u00f3n<\/strong><\/h2>\n<p data-start=\"5343\" data-end=\"5384\">Para apoyar la distribuci\u00f3n global, ofrecemos:<\/p>\n<ul data-start=\"5386\" data-end=\"5586\">\n<li data-start=\"5386\" data-end=\"5429\">\n<p data-start=\"5388\" data-end=\"5429\">Cajas maestras a granel para ahorro en flete<\/p>\n<\/li>\n<li data-start=\"5430\" data-end=\"5472\">\n<p data-start=\"5432\" data-end=\"5472\">Etiquetado de exportaci\u00f3n personalizado (EAN, UPC, SKU)<\/p>\n<\/li>\n<li data-start=\"5473\" data-end=\"5514\">\n<p data-start=\"5475\" data-end=\"5514\">Env\u00edo de modelo mixto en un contenedor<\/p>\n<\/li>\n<li data-start=\"5515\" data-end=\"5552\">\n<p data-start=\"5517\" data-end=\"5552\">Soporte para env\u00edos FCL y LCL<\/p>\n<\/li>\n<li data-start=\"5553\" data-end=\"5586\">\n<p data-start=\"5555\" data-end=\"5586\">Documentaci\u00f3n de exportaci\u00f3n detallada<\/p>\n<\/li>\n<\/ul>\n<p data-start=\"5588\" data-end=\"5687\">Nuestro objetivo es simplificar la log\u00edstica para compradores internacionales y garantizar una entrega fluida y sin da\u00f1os.<\/p>\n<hr data-start=\"5689\" data-end=\"5692\" \/>\n<h2 data-start=\"5694\" data-end=\"5749\"><img loading=\"lazy\" decoding=\"async\" class=\"alignnone wp-image-1469\" src=\"https:\/\/hktackle.com\/wp-content\/uploads\/2025\/11\/HK-fishing-tackle.jpg\" alt=\"HK Pesca Equipos\" width=\"613\" height=\"417\" title=\"\" srcset=\"https:\/\/hktackle.com\/wp-content\/uploads\/2025\/11\/HK-fishing-tackle.jpg 861w, https:\/\/hktackle.com\/wp-content\/uploads\/2025\/11\/HK-fishing-tackle-300x204.jpg 300w, https:\/\/hktackle.com\/wp-content\/uploads\/2025\/11\/HK-fishing-tackle-768x522.jpg 768w, https:\/\/hktackle.com\/wp-content\/uploads\/2025\/11\/HK-fishing-tackle-600x408.jpg 600w\" sizes=\"auto, (max-width: 613px) 100vw, 613px\" \/><\/h2>\n<h2 data-start=\"5694\" data-end=\"5749\"><strong data-start=\"5697\" data-end=\"5749\">\u00bfPor qu\u00e9 elegir HK Tackle como su proveedor de cebos blandos?<\/strong><\/h2>\n<ul data-start=\"5751\" data-end=\"6075\">\n<li data-start=\"5751\" data-end=\"5805\">\n<p data-start=\"5753\" data-end=\"5805\">Fabricante especializado de <strong data-start=\"5781\" data-end=\"5803\">carnadas de pesca suaves<\/strong><\/p>\n<\/li>\n<li data-start=\"5806\" data-end=\"5848\">\n<p data-start=\"5808\" data-end=\"5848\">Fuerte I+D con capacidad de moldes personalizados<\/p>\n<\/li>\n<li data-start=\"5849\" data-end=\"5897\">\n<p data-start=\"5851\" data-end=\"5897\">Suministro estable y calidad de producto repetible<\/p>\n<\/li>\n<li data-start=\"5898\" data-end=\"5927\">\n<p data-start=\"5900\" data-end=\"5927\">Cantidades de pedido flexibles<\/p>\n<\/li>\n<li data-start=\"5928\" data-end=\"5961\">\n<p data-start=\"5930\" data-end=\"5961\">Precios mayoristas competitivos<\/p>\n<\/li>\n<li data-start=\"5962\" data-end=\"6016\">\n<p data-start=\"5964\" data-end=\"6016\">Aprobaci\u00f3n r\u00e1pida de muestras y producci\u00f3n masiva eficiente<\/p>\n<\/li>\n<li data-start=\"6017\" data-end=\"6075\">\n<p data-start=\"6019\" data-end=\"6075\">Experiencia apoyando marcas globales y vendedores en l\u00ednea<\/p>\n<\/li>\n<\/ul>\n<p data-start=\"6077\" data-end=\"6221\">HK Tackle se compromete a producir productos fiables, realistas y personalizables. <strong data-start=\"6150\" data-end=\"6177\">cebos de pesca de cebo blando<\/strong> soluciones para todo tipo de mercado de pesca.<\/p>\n<p data-start=\"6077\" data-end=\"6221\"><div class=\"wpforms-container\" id=\"wpforms-564\"><form id=\"wpforms-form-564\" class=\"wpforms-validate wpforms-form wpforms-ajax-form\" data-formid=\"564\" method=\"post\" enctype=\"multipart\/form-data\" action=\"\/es\/wp-json\/wp\/v2\/product\/1893\" data-token=\"79a33079116f312579aaaa279518c755\" data-token-time=\"1776940613\" data-trp-original-action=\"\/es\/wp-json\/wp\/v2\/product\/1893\"><div class=\"wpforms-head-container\"><div class=\"wpforms-title\">Solicitar cotizaci\u00f3n<\/div><\/div><noscript class=\"wpforms-error-noscript\">Por favor, activa JavaScript en tu navegador para completar este formulario.<\/noscript><div class=\"wpforms-field-container\"><div id=\"wpforms-564-field_1-container\" class=\"wpforms-field wpforms-field-name\" data-field-id=\"1\"><label class=\"wpforms-field-label wpforms-label-hide\" for=\"wpforms-564-field_1\">Nombre <span class=\"wpforms-required-label\">*<\/span><\/label><input type=\"text\" id=\"wpforms-564-field_1\" class=\"wpforms-field-medium wpforms-field-required\" name=\"wpforms[fields][1]\" placeholder=\"Nombre\" required><\/div><div id=\"wpforms-564-field_2-container\" class=\"wpforms-field wpforms-field-name\" data-field-id=\"2\"><label class=\"wpforms-field-label wpforms-label-hide\" for=\"wpforms-564-field_2\">Whatsapp <span class=\"wpforms-required-label\">*<\/span><\/label><input type=\"text\" id=\"wpforms-564-field_2\" class=\"wpforms-field-medium wpforms-field-required\" name=\"wpforms[fields][2]\" placeholder=\"Whatapp\" required><\/div><div id=\"wpforms-564-field_4-container\" class=\"wpforms-field wpforms-field-name\" data-field-id=\"4\"><label class=\"wpforms-field-label wpforms-label-hide\" for=\"wpforms-564-field_4\">Correo electr\u00f3nico <span class=\"wpforms-required-label\">*<\/span><\/label><input type=\"text\" id=\"wpforms-564-field_4\" class=\"wpforms-field-medium wpforms-field-required\" name=\"wpforms[fields][4]\" placeholder=\"Correo electr\u00f3nico\" required><\/div><div id=\"wpforms-564-field_3-container\" class=\"wpforms-field wpforms-field-name\" data-field-id=\"3\"><label class=\"wpforms-field-label wpforms-label-hide\" for=\"wpforms-564-field_3\">Consulta <span class=\"wpforms-required-label\">*<\/span><\/label><input type=\"text\" id=\"wpforms-564-field_3\" class=\"wpforms-field-medium wpforms-field-required\" name=\"wpforms[fields][3]\" placeholder=\"qu\u00e9 producto necesitas\" required><\/div>\t\t<div id=\"wpforms-564-field_7-container\"\n\t\t\tclass=\"wpforms-field wpforms-field-text\"\n\t\t\tdata-field-type=\"text\"\n\t\t\tdata-field-id=\"7\"\n\t\t\t>\n\t\t\t<label class=\"wpforms-field-label\" for=\"wpforms-564-field_7\" >Nombre Consulta IP del Cliente<\/label>\n\t\t\t<input type=\"text\" id=\"wpforms-564-field_7\" class=\"wpforms-field-medium\" name=\"wpforms[fields][7]\" >\n\t\t<\/div>\n\t\t<div id=\"wpforms-564-field_5-container\" class=\"wpforms-field wpforms-field-hidden\" data-field-id=\"5\"><input type=\"hidden\" id=\"wpforms-564-field_5\" name=\"wpforms[fields][5]\" value=\"216.73.217.52\"><\/div><div id=\"wpforms-564-field_6-container\" class=\"wpforms-field wpforms-field-hidden\" data-field-id=\"6\"><input type=\"hidden\" id=\"wpforms-564-field_6\" name=\"wpforms[fields][6]\" value=\"https:\/\/hktackle.com\/es\/wp-json\/wp\/v2\/product\/1893\"><\/div><script>\n\t\t\t\t( function() {\n\t\t\t\t\tconst style = document.createElement( 'style' );\n\t\t\t\t\tstyle.appendChild( document.createTextNode( '#wpforms-564-field_7-container { position: absolute !important; overflow: hidden !important; display: inline !important; height: 1px !important; width: 1px !important; z-index: -1000 !important; padding: 0 !important; } #wpforms-564-field_7-container input { visibility: hidden; } #wpforms-conversational-form-page #wpforms-564-field_7-container label { counter-increment: none; }' ) );\n\t\t\t\t\tdocument.head.appendChild( style );\n\t\t\t\t\tdocument.currentScript?.remove();\n\t\t\t\t} )();\n\t\t\t<\/script><\/div><!-- .wpforms-field-container --><div class=\"wpforms-submit-container\" ><input type=\"hidden\" name=\"wpforms[id]\" value=\"564\"><input type=\"hidden\" name=\"page_title\" value=\"\"><input type=\"hidden\" name=\"page_url\" value=\"https:\/\/hktackle.com\/es\/wp-json\/wp\/v2\/product\/1893\"><input type=\"hidden\" name=\"url_referer\" value=\"\"><button type=\"submit\" name=\"wpforms[submit]\" id=\"wpforms-submit-564\" class=\"wpforms-submit\" data-alt-text=\"Sending\" data-submit-text=\"Summit\" aria-live=\"assertive\" value=\"wpforms-submit\">Cumbre<\/button><img loading=\"lazy\" decoding=\"async\" src=\"https:\/\/hktackle.com\/wp-content\/plugins\/wpforms\/assets\/images\/submit-spin.svg\" class=\"wpforms-submit-spinner\" style=\"display: none;\" width=\"26\" height=\"26\" alt=\"Cargando\" title=\"\"><\/div><input type=\"hidden\" name=\"trp-form-language\" value=\"es\"\/><\/form><\/div>  <!-- .wpforms-container --><\/p>","protected":false},"excerpt":{"rendered":"<p>Cebo blando de alto rendimiento hecho de pl\u00e1stico suave duradero con acci\u00f3n realista. Moldes OEM, colores, fragancias y empaques disponibles para mayoristas globales.<\/p>\n<div class=\"wp-block-stackable-button stk-block-button popmake-1340 stk-block stk-13b8711 popmake-1340\" data-block-id=\"13b8711\">\n<style>.stk-13b8711 {min-height:var(--stk--preset--block-height--x-small, 4rem) !important;padding-top:var(--stk--preset--spacing--none, 0px) !important;padding-right:var(--stk--preset--spacing--none, 0px) !important;padding-bottom:var(--stk--preset--spacing--none, 0px) !important;padding-left:var(--stk--preset--spacing--none, 0px) !important;}.stk-13b8711 .stk-button{min-height:36px !important;padding-top:var(--stk--preset--spacing--40, 1rem) !important;padding-right:33px !important;padding-bottom:var(--stk--preset--spacing--40, 1rem) !important;background:#2db2eb !important;border-top-left-radius:var(--stk--preset--border-radius--small, 4px) !important;border-top-right-radius:var(--stk--preset--border-radius--small, 4px) !important;border-bottom-right-radius:var(--stk--preset--border-radius--small, 4px) !important;border-bottom-left-radius:var(--stk--preset--border-radius--small, 4px) !important;}.stk-13b8711 .stk-button__inner-text{color:#fffffe !important;}<\/style>\n<p><a class=\"stk-link stk-button stk--hover-effect-lift-scale-more\"><span class=\"has-text-color stk-button__inner-text\">Solicitar una cotizaci\u00f3n <\/span><\/a><\/p>\n<\/div>","protected":false},"featured_media":1242,"template":"","meta":[],"product_brand":[],"product_cat":[21],"product_tag":[],"class_list":{"0":"post-1893","1":"product","2":"type-product","3":"status-publish","4":"has-post-thumbnail","6":"product_cat-lure-bait","8":"first","9":"instock","10":"featured","11":"shipping-taxable","12":"product-type-simple"},"_links":{"self":[{"href":"https:\/\/hktackle.com\/es\/wp-json\/wp\/v2\/product\/1893","targetHints":{"allow":["GET"]}}],"collection":[{"href":"https:\/\/hktackle.com\/es\/wp-json\/wp\/v2\/product"}],"about":[{"href":"https:\/\/hktackle.com\/es\/wp-json\/wp\/v2\/types\/product"}],"wp:featuredmedia":[{"embeddable":true,"href":"https:\/\/hktackle.com\/es\/wp-json\/wp\/v2\/media\/1242"}],"wp:attachment":[{"href":"https:\/\/hktackle.com\/es\/wp-json\/wp\/v2\/media?parent=1893"}],"wp:term":[{"taxonomy":"product_brand","embeddable":true,"href":"https:\/\/hktackle.com\/es\/wp-json\/wp\/v2\/product_brand?post=1893"},{"taxonomy":"product_cat","embeddable":true,"href":"https:\/\/hktackle.com\/es\/wp-json\/wp\/v2\/product_cat?post=1893"},{"taxonomy":"product_tag","embeddable":true,"href":"https:\/\/hktackle.com\/es\/wp-json\/wp\/v2\/product_tag?post=1893"}],"curies":[{"name":"wp","href":"https:\/\/api.w.org\/{rel}","templated":true}]}}