{"id":1785,"date":"2025-11-12T03:55:33","date_gmt":"2025-11-12T03:55:33","guid":{"rendered":"https:\/\/hktackle.com\/?post_type=product&#038;p=1785"},"modified":"2025-11-17T05:31:02","modified_gmt":"2025-11-17T05:31:02","slug":"ensemble-de-leurres-de-peche-ultime-crankbait-de-surface","status":"publish","type":"product","link":"https:\/\/hktackle.com\/fr\/produit\/ensemble-de-leurres-de-peche-ultime-crankbait-de-surface","title":{"rendered":"Le jeu ultime d'app\u00e2ts de p\u00eache pour chaque p\u00eacheur"},"content":{"rendered":"<h1 data-start=\"1277\" data-end=\"1336\"><strong data-start=\"1282\" data-end=\"1336\">Le jeu ultime d'app\u00e2ts de p\u00eache pour chaque p\u00eacheur<\/strong><\/h1>\n<p data-start=\"1338\" data-end=\"1674\">\u00cates-vous pr\u00eat \u00e0 amener votre p\u00eache au bar au niveau sup\u00e9rieur ? Notre <strong data-start=\"1401\" data-end=\"1430\">complet <a href=\"https:\/\/hktackle.com\/fr\/guide-complet-des-appats-de-peche\/\">ensemble de leurres de p\u00eache<\/a><\/strong> est con\u00e7u pour vous donner tout ce dont vous avez besoin pour cibler le bar dans n'importe quel environnement. Ce <strong data-start=\"1515\" data-end=\"1535\">kit d'app\u00e2ts de p\u00eache<\/strong> inclut <strong data-start=\"1545\" data-end=\"1571\">leurres de p\u00eache en surface<\/strong>, <strong data-start=\"1573\" data-end=\"1586\">leurres \u00e0 jig<\/strong>, et <strong data-start=\"1592\" data-end=\"1611\">leurres crankbait<\/strong>\u2014chacune offrant des avantages uniques qui vous aident \u00e0 attraper plus de poissons.<\/p>\n<p data-start=\"1338\" data-end=\"1674\"><img loading=\"lazy\" decoding=\"async\" class=\"alignnone wp-image-1782\" src=\"https:\/\/hktackle.com\/wp-content\/uploads\/2025\/11\/fishing-lure-kits-12.jpg\" alt=\"ensemble de leurres de p\u00eache\" width=\"621\" height=\"621\" title=\"\" srcset=\"https:\/\/hktackle.com\/wp-content\/uploads\/2025\/11\/fishing-lure-kits-12.jpg 800w, https:\/\/hktackle.com\/wp-content\/uploads\/2025\/11\/fishing-lure-kits-12-300x300.jpg 300w, https:\/\/hktackle.com\/wp-content\/uploads\/2025\/11\/fishing-lure-kits-12-150x150.jpg 150w, https:\/\/hktackle.com\/wp-content\/uploads\/2025\/11\/fishing-lure-kits-12-768x768.jpg 768w, https:\/\/hktackle.com\/wp-content\/uploads\/2025\/11\/fishing-lure-kits-12-600x600.jpg 600w\" sizes=\"auto, (max-width: 621px) 100vw, 621px\" \/><\/p>\n<hr data-start=\"1676\" data-end=\"1679\" \/>\n<h2 data-start=\"1681\" data-end=\"1743\"><strong data-start=\"1686\" data-end=\"1743\">\u00a0Ce qui est inclus dans ce premium <a href=\"http:\/\/hktackle.com\/fr\/\">Ensemble de leurres de p\u00eache<\/a>?<\/strong><\/h2>\n<p data-start=\"1745\" data-end=\"2066\">Notre <strong data-start=\"1749\" data-end=\"1769\">ensemble de leurres de p\u00eache<\/strong> est livr\u00e9 avec une vari\u00e9t\u00e9 de leurres de haute qualit\u00e9, chacun soigneusement s\u00e9lectionn\u00e9 pour cibler le bar dans diff\u00e9rentes conditions. Que vous pr\u00e9f\u00e9riez les frappes explosives de <strong data-start=\"1922\" data-end=\"1948\">leurres de p\u00eache en surface<\/strong>, la pr\u00e9sentation pr\u00e9cise de <strong data-start=\"1978\" data-end=\"1991\">leurres \u00e0 jig<\/strong>, ou l'action d'exploration profonde de <strong data-start=\"2020\" data-end=\"2039\">leurres crankbait<\/strong>, cet ensemble a tout ce qu'il vous faut.<\/p>\n<p data-start=\"2068\" data-end=\"2092\"><strong data-start=\"2068\" data-end=\"2092\">Inclus dans le jeu :<\/strong><\/p>\n<ul data-start=\"2093\" data-end=\"2812\">\n<li data-start=\"2093\" data-end=\"2330\">\n<p data-start=\"2095\" data-end=\"2330\"><a href=\"https:\/\/hktackle.com\/fr\/guide-complet-des-appats-de-peche\/\"><strong data-start=\"2095\" data-end=\"2121\">App\u00e2ts de p\u00eache en surface<\/strong><\/a>Parfait pour les frappes en surface, ces leurres imitent le mouvement des proies bless\u00e9es, incitant les brochets \u00e0 attaquer. Id\u00e9al pour la p\u00eache t\u00f4t le matin ou tard dans l'apr\u00e8s-midi lorsque les poissons se nourrissent activement pr\u00e8s de la surface.<\/p>\n<\/li>\n<li data-start=\"2331\" data-end=\"2575\">\n<p data-start=\"2333\" data-end=\"2575\"><strong data-start=\"2333\" data-end=\"2346\">Leurre Jig<\/strong>Con\u00e7u pour des pr\u00e9sentations plus approfondies, <a href=\"https:\/\/hktackle.com\/fr\/guide-complet-des-appats-de-peche\/\"><strong data-start=\"2383\" data-end=\"2396\">leurres \u00e0 jig<\/strong><\/a> sont excellents pour la p\u00eache pr\u00e8s du fond des lacs, des rivi\u00e8res ou des r\u00e9servoirs. Leur mouvement lent et subtil imite l'action de petits poissons-app\u00e2ts en difficult\u00e9, les rendant irr\u00e9sistibles pour les brochets.<\/p>\n<\/li>\n<li data-start=\"2576\" data-end=\"2812\">\n<p data-start=\"2578\" data-end=\"2812\"><strong data-start=\"2578\" data-end=\"2597\">Leurres \u00e0 manivelle<\/strong>Ces leurres plongent \u00e0 diverses profondeurs, ce qui les rend parfaits pour attraper des bars \u00e0 des niveaux d'eau interm\u00e9diaires. Avec leur action de balancement, <a href=\"https:\/\/hktackle.com\/fr\/guide-complet-des-appats-de-peche\/\"><strong data-start=\"2722\" data-end=\"2741\">leurres crankbait<\/strong><\/a> imiter le mouvement de nage naturel des poisson-app\u00e2t, attirant les bar \u00e0 frapper.<\/p>\n<\/li>\n<li data-start=\"2576\" data-end=\"2812\"><img loading=\"lazy\" decoding=\"async\" class=\"alignnone wp-image-1777\" src=\"https:\/\/hktackle.com\/wp-content\/uploads\/2025\/11\/fishing-lure-kits-7-717x1024.jpg\" alt=\"ensemble de leurres de p\u00eache\" width=\"318\" height=\"455\" title=\"\" srcset=\"https:\/\/hktackle.com\/wp-content\/uploads\/2025\/11\/fishing-lure-kits-7-717x1024.jpg 717w, https:\/\/hktackle.com\/wp-content\/uploads\/2025\/11\/fishing-lure-kits-7-210x300.jpg 210w, https:\/\/hktackle.com\/wp-content\/uploads\/2025\/11\/fishing-lure-kits-7-768x1098.jpg 768w, https:\/\/hktackle.com\/wp-content\/uploads\/2025\/11\/fishing-lure-kits-7-600x857.jpg 600w, https:\/\/hktackle.com\/wp-content\/uploads\/2025\/11\/fishing-lure-kits-7.jpg 790w\" sizes=\"auto, (max-width: 318px) 100vw, 318px\" \/><img loading=\"lazy\" decoding=\"async\" class=\"alignnone wp-image-1774\" src=\"https:\/\/hktackle.com\/wp-content\/uploads\/2025\/11\/fishing-lure-kits-4-705x1024.jpg\" alt=\"leurre \u00e0 crankbait\" width=\"313\" height=\"455\" title=\"\" srcset=\"https:\/\/hktackle.com\/wp-content\/uploads\/2025\/11\/fishing-lure-kits-4-705x1024.jpg 705w, https:\/\/hktackle.com\/wp-content\/uploads\/2025\/11\/fishing-lure-kits-4-206x300.jpg 206w, https:\/\/hktackle.com\/wp-content\/uploads\/2025\/11\/fishing-lure-kits-4-768x1116.jpg 768w, https:\/\/hktackle.com\/wp-content\/uploads\/2025\/11\/fishing-lure-kits-4-600x872.jpg 600w, https:\/\/hktackle.com\/wp-content\/uploads\/2025\/11\/fishing-lure-kits-4.jpg 790w\" sizes=\"auto, (max-width: 313px) 100vw, 313px\" \/><img loading=\"lazy\" decoding=\"async\" class=\"alignnone wp-image-1783\" src=\"https:\/\/hktackle.com\/wp-content\/uploads\/2025\/11\/fishing-lure-kits-13.jpg\" alt=\"Kits de leurres pas chers\" width=\"455\" height=\"455\" title=\"\" srcset=\"https:\/\/hktackle.com\/wp-content\/uploads\/2025\/11\/fishing-lure-kits-13.jpg 800w, https:\/\/hktackle.com\/wp-content\/uploads\/2025\/11\/fishing-lure-kits-13-300x300.jpg 300w, https:\/\/hktackle.com\/wp-content\/uploads\/2025\/11\/fishing-lure-kits-13-150x150.jpg 150w, https:\/\/hktackle.com\/wp-content\/uploads\/2025\/11\/fishing-lure-kits-13-768x768.jpg 768w, https:\/\/hktackle.com\/wp-content\/uploads\/2025\/11\/fishing-lure-kits-13-600x600.jpg 600w\" sizes=\"auto, (max-width: 455px) 100vw, 455px\" \/><\/li>\n<\/ul>\n<hr data-start=\"2814\" data-end=\"2817\" \/>\n<h2 data-start=\"2819\" data-end=\"2865\"><strong data-start=\"2824\" data-end=\"2865\">\u00a0Pourquoi choisir ce kit de leurres de p\u00eache ?<\/strong><\/h2>\n<p><img loading=\"lazy\" decoding=\"async\" class=\"alignnone wp-image-1469\" src=\"https:\/\/hktackle.com\/wp-content\/uploads\/2025\/11\/HK-fishing-tackle.jpg\" alt=\"HK \u00c9quipement de p\u00eache\" width=\"596\" height=\"405\" title=\"\" srcset=\"https:\/\/hktackle.com\/wp-content\/uploads\/2025\/11\/HK-fishing-tackle.jpg 861w, https:\/\/hktackle.com\/wp-content\/uploads\/2025\/11\/HK-fishing-tackle-300x204.jpg 300w, https:\/\/hktackle.com\/wp-content\/uploads\/2025\/11\/HK-fishing-tackle-768x522.jpg 768w, https:\/\/hktackle.com\/wp-content\/uploads\/2025\/11\/HK-fishing-tackle-600x408.jpg 600w\" sizes=\"auto, (max-width: 596px) 100vw, 596px\" \/><\/p>\n<p data-start=\"2867\" data-end=\"3114\">Que vous soyez un d\u00e9butant ou un professionnel chevronn\u00e9, ceci <strong data-start=\"2917\" data-end=\"2937\">kit d'app\u00e2ts de p\u00eache<\/strong> est un ajout essentiel \u00e0 votre bo\u00eete \u00e0 p\u00eache. Avec plusieurs types de leurres dans un seul ensemble, vous pouvez vous adapter \u00e0 diff\u00e9rentes conditions de p\u00eache et augmenter vos chances de succ\u00e8s.<\/p>\n<ul data-start=\"3116\" data-end=\"3663\">\n<li data-start=\"3116\" data-end=\"3324\">\n<p data-start=\"3118\" data-end=\"3324\"><strong data-start=\"3118\" data-end=\"3166\">Options polyvalentes pour toutes les conditions de p\u00eache<\/strong>: Des eaux peu profondes aux chutes profondes, <strong data-start=\"3203\" data-end=\"3221\">leurres de surface<\/strong>, <strong data-start=\"3223\" data-end=\"3236\">leurres \u00e0 jig<\/strong>, et <strong data-start=\"3242\" data-end=\"3261\">leurres crankbait<\/strong> vous donne la flexibilit\u00e9 de p\u00eacher dans une vari\u00e9t\u00e9 d'environnements.<\/p>\n<\/li>\n<li data-start=\"3325\" data-end=\"3486\">\n<p data-start=\"3327\" data-end=\"3486\"><strong data-start=\"3327\" data-end=\"3359\">Construction de qualit\u00e9 sup\u00e9rieure<\/strong>Nos leurres sont con\u00e7us pour durer avec des mat\u00e9riaux durables et des finitions r\u00e9alistes qui imitent le mouvement et la couleur des vrais poissons-app\u00e2ts.<\/p>\n<\/li>\n<li data-start=\"3487\" data-end=\"3663\">\n<p data-start=\"3489\" data-end=\"3663\"><strong data-start=\"3489\" data-end=\"3517\">Parfait pour la p\u00eache \u00e0 la basse<\/strong>Que vous p\u00eachiez en eau douce ou en eau sal\u00e9e, cet ensemble d'app\u00e2ts est id\u00e9al pour attirer le bar, l'un des poissons les plus populaires et les plus difficiles \u00e0 attraper.<\/p>\n<\/li>\n<\/ul>\n<h2 data-start=\"3670\" data-end=\"3727\"><strong data-start=\"3675\" data-end=\"3727\">Comment utiliser efficacement votre ensemble d'app\u00e2ts de p\u00eache<\/strong><\/h2>\n<p data-start=\"3729\" data-end=\"3850\">Pour maximiser l'efficacit\u00e9 de votre <strong data-start=\"3767\" data-end=\"3787\">ensemble de leurres de p\u00eache<\/strong>Il est important de savoir quand et comment utiliser chaque type d'app\u00e2t :<\/p>\n<ul data-start=\"3852\" data-end=\"4583\">\n<li data-start=\"3852\" data-end=\"4076\">\n<p data-start=\"3854\" data-end=\"4076\"><strong data-start=\"3854\" data-end=\"3880\">App\u00e2ts de p\u00eache en surface<\/strong>: Utiliser <strong data-start=\"3886\" data-end=\"3904\">leurres de surface<\/strong> t\u00f4t le matin ou tard le soir lorsque les bars se nourrissent pr\u00e8s de la surface. Utilisez une technique de \"jerk-pause\" pour cr\u00e9er des perturbations en surface, imitant des proies bless\u00e9es.<\/p>\n<\/li>\n<li data-start=\"4077\" data-end=\"4311\">\n<p data-start=\"4079\" data-end=\"4311\"><strong data-start=\"4079\" data-end=\"4092\">Leurre Jig<\/strong>: Distribution <strong data-start=\"4099\" data-end=\"4112\">leurres \u00e0 jig<\/strong> autour des structures submerg\u00e9es, des rochers ou des herbiers. Ralentissez votre r\u00e9cup\u00e9ration et laissez l'app\u00e2t couler au fond avant de le soulever et de le rel\u00e2cher doucement, imitant le mouvement d'un poisson en difficult\u00e9.<\/p>\n<\/li>\n<li data-start=\"4312\" data-end=\"4583\">\n<p data-start=\"4314\" data-end=\"4583\"><strong data-start=\"4314\" data-end=\"4333\">Leurres \u00e0 manivelle<\/strong>: Utiliser <strong data-start=\"4339\" data-end=\"4358\">leurres crankbait<\/strong> pour la p\u00eache en milieu d'eau ou lorsque l'on couvre de grandes zones. Variez la vitesse de r\u00e9cup\u00e9ration pour trouver la bonne profondeur et l'action. Les leurres \u00e0 manivelle sont particuli\u00e8rement efficaces dans les eaux profondes ou lorsque l'on cible des bars pr\u00e8s des d\u00e9crochements et des plateformes sous-marines.<\/p>\n<\/li>\n<\/ul>\n<hr data-start=\"4585\" data-end=\"4588\" \/>\n<h2 data-start=\"4590\" data-end=\"4635\"><strong data-start=\"4595\" data-end=\"4635\">Questions Fr\u00e9quemment Pos\u00e9es (FAQ)<\/strong><\/h2>\n<p data-start=\"4637\" data-end=\"4963\"><strong data-start=\"4637\" data-end=\"4703\">Q1 : Qu'est-ce qui rend cet ensemble d'app\u00e2ts parfait pour la p\u00eache au bar ?<\/strong><br data-start=\"4703\" data-end=\"4706\" \/>A : Ceci <strong data-start=\"4714\" data-end=\"4734\">ensemble de leurres de p\u00eache<\/strong> inclut <strong data-start=\"4744\" data-end=\"4762\">leurres de surface<\/strong>, <strong data-start=\"4764\" data-end=\"4777\">leurres \u00e0 jig<\/strong>, et <strong data-start=\"4783\" data-end=\"4802\">leurres crankbait<\/strong>, qui sont tous con\u00e7us pour attirer le bar dans diff\u00e9rentes conditions. Que vous p\u00eachiez en surface, en pleine eau ou pr\u00e8s du fond, ce kit a tout ce qu'il vous faut.<\/p>\n<p data-start=\"4965\" data-end=\"5229\"><strong data-start=\"4965\" data-end=\"5019\">Q2 : Puis-je utiliser ce kit pour d'autres types de p\u00eache ?<\/strong><br data-start=\"5019\" data-end=\"5022\" \/>A: Bien que ce kit soit sp\u00e9cialement con\u00e7u pour la p\u00eache au bar, <strong data-start=\"5083\" data-end=\"5096\">leurres \u00e0 jig<\/strong> et <strong data-start=\"5101\" data-end=\"5120\">leurres crankbait<\/strong> peut \u00eatre efficace pour cibler d'autres esp\u00e8ces comme le brochet, la truite et le dor\u00e9, tant en eau douce qu'en eau sal\u00e9e.<\/p>\n<p data-start=\"5231\" data-end=\"5491\"><strong data-start=\"5231\" data-end=\"5266\">Q3 : Comment puis-je stocker ces leurres ?<\/strong><br data-start=\"5266\" data-end=\"5269\" \/>A : Pour garder vos leurres en meilleur \u00e9tat, rangez-les dans une bo\u00eete \u00e0 p\u00eache avec des compartiments individuels. Cela les emp\u00eache de s'emm\u00ealer ou d'\u00eatre endommag\u00e9s. Assurez-vous de les garder au sec apr\u00e8s chaque utilisation pour maintenir leur qualit\u00e9.<\/p>\n<hr data-start=\"5493\" data-end=\"5496\" \/>\n<h2 data-start=\"5498\" data-end=\"5554\"><strong data-start=\"5503\" data-end=\"5554\">Commandez votre ensemble complet de leurres de p\u00eache aujourd'hui !<\/strong><\/h2>\n<p data-start=\"5556\" data-end=\"5918\">Pr\u00eat \u00e0 attraper votre prochaine grosse prise ? Commandez le <strong data-start=\"5604\" data-end=\"5633\">ensemble ultime d'app\u00e2ts de p\u00eache<\/strong> de HK Tackle aujourd'hui ! Ce complet <strong data-start=\"5675\" data-end=\"5695\">kit d'app\u00e2ts de p\u00eache<\/strong> inclut tous les leurres n\u00e9cessaires pour attraper du bar dans n'importe quelle condition de p\u00eache, depuis <strong data-start=\"5773\" data-end=\"5799\">leurres de p\u00eache en surface<\/strong> \u00e0 <strong data-start=\"5803\" data-end=\"5816\">leurres \u00e0 jig<\/strong> et <strong data-start=\"5821\" data-end=\"5840\">leurres crankbait<\/strong>Ne manquez pas cette occasion\u2014am\u00e9liorez votre technique de p\u00eache et commencez \u00e0 attraper plus de bars d\u00e8s aujourd'hui !<\/p>\n<p data-start=\"5556\" data-end=\"5918\"><div class=\"wpforms-container\" id=\"wpforms-564\"><form id=\"wpforms-form-564\" class=\"wpforms-validate wpforms-form wpforms-ajax-form\" data-formid=\"564\" method=\"post\" enctype=\"multipart\/form-data\" action=\"\/fr\/wp-json\/wp\/v2\/product\/1785\" data-token=\"a5e36027957c0b678575a16e829041db\" data-token-time=\"1776384114\" data-trp-original-action=\"\/fr\/wp-json\/wp\/v2\/product\/1785\"><div class=\"wpforms-head-container\"><div class=\"wpforms-title\">Demande de devis<\/div><\/div><noscript class=\"wpforms-error-noscript\">Veuillez activer JavaScript dans votre navigateur pour remplir ce formulaire.<\/noscript><div class=\"wpforms-field-container\"><div id=\"wpforms-564-field_1-container\" class=\"wpforms-field wpforms-field-name\" data-field-id=\"1\"><label class=\"wpforms-field-label wpforms-label-hide\" for=\"wpforms-564-field_1\">Nom <span class=\"wpforms-required-label\">*<\/span><\/label><input type=\"text\" id=\"wpforms-564-field_1\" class=\"wpforms-field-medium wpforms-field-required\" name=\"wpforms[fields][1]\" placeholder=\"Nom\" required><\/div><div id=\"wpforms-564-field_2-container\" class=\"wpforms-field wpforms-field-name\" data-field-id=\"2\"><label class=\"wpforms-field-label wpforms-label-hide\" for=\"wpforms-564-field_2\">Whatsapp <span class=\"wpforms-required-label\">*<\/span><\/label><input type=\"text\" id=\"wpforms-564-field_2\" class=\"wpforms-field-medium wpforms-field-required\" name=\"wpforms[fields][2]\" placeholder=\"Whatapp\" required><\/div><div id=\"wpforms-564-field_4-container\" class=\"wpforms-field wpforms-field-name\" data-field-id=\"4\"><label class=\"wpforms-field-label wpforms-label-hide\" for=\"wpforms-564-field_4\">Email <span class=\"wpforms-required-label\">*<\/span><\/label><input type=\"text\" id=\"wpforms-564-field_4\" class=\"wpforms-field-medium wpforms-field-required\" name=\"wpforms[fields][4]\" placeholder=\"Email\" required><\/div><div id=\"wpforms-564-field_3-container\" class=\"wpforms-field wpforms-field-name\" data-field-id=\"3\"><label class=\"wpforms-field-label wpforms-label-hide\" for=\"wpforms-564-field_3\">Enqu\u00eate <span class=\"wpforms-required-label\">*<\/span><\/label><input type=\"text\" id=\"wpforms-564-field_3\" class=\"wpforms-field-medium wpforms-field-required\" name=\"wpforms[fields][3]\" placeholder=\"quel produit vous avez besoin\" required><\/div><div id=\"wpforms-564-field_5-container\" class=\"wpforms-field wpforms-field-hidden\" data-field-id=\"5\"><input type=\"hidden\" id=\"wpforms-564-field_5\" name=\"wpforms[fields][5]\" value=\"216.73.216.20\"><\/div>\t\t<div id=\"wpforms-564-field_7-container\"\n\t\t\tclass=\"wpforms-field wpforms-field-text\"\n\t\t\tdata-field-type=\"text\"\n\t\t\tdata-field-id=\"7\"\n\t\t\t>\n\t\t\t<label class=\"wpforms-field-label\" for=\"wpforms-564-field_7\" >Client IP Email page de demande<\/label>\n\t\t\t<input type=\"text\" id=\"wpforms-564-field_7\" class=\"wpforms-field-medium\" name=\"wpforms[fields][7]\" >\n\t\t<\/div>\n\t\t<div id=\"wpforms-564-field_6-container\" class=\"wpforms-field wpforms-field-hidden\" data-field-id=\"6\"><input type=\"hidden\" id=\"wpforms-564-field_6\" name=\"wpforms[fields][6]\" value=\"https:\/\/hktackle.com\/fr\/wp-json\/wp\/v2\/product\/1785\"><\/div><script>\n\t\t\t\t( function() {\n\t\t\t\t\tconst style = document.createElement( 'style' );\n\t\t\t\t\tstyle.appendChild( document.createTextNode( '#wpforms-564-field_7-container { position: absolute !important; overflow: hidden !important; display: inline !important; height: 1px !important; width: 1px !important; z-index: -1000 !important; padding: 0 !important; } #wpforms-564-field_7-container input { visibility: hidden; } #wpforms-conversational-form-page #wpforms-564-field_7-container label { counter-increment: none; }' ) );\n\t\t\t\t\tdocument.head.appendChild( style );\n\t\t\t\t\tdocument.currentScript?.remove();\n\t\t\t\t} )();\n\t\t\t<\/script><\/div><!-- .wpforms-field-container --><div class=\"wpforms-submit-container\" ><input type=\"hidden\" name=\"wpforms[id]\" value=\"564\"><input type=\"hidden\" name=\"page_title\" value=\"\"><input type=\"hidden\" name=\"page_url\" value=\"https:\/\/hktackle.com\/fr\/wp-json\/wp\/v2\/product\/1785\"><input type=\"hidden\" name=\"url_referer\" value=\"\"><button type=\"submit\" name=\"wpforms[submit]\" id=\"wpforms-submit-564\" class=\"wpforms-submit\" data-alt-text=\"Sending\" data-submit-text=\"Summit\" aria-live=\"assertive\" value=\"wpforms-submit\">Sommet<\/button><img loading=\"lazy\" decoding=\"async\" src=\"https:\/\/hktackle.com\/wp-content\/plugins\/wpforms\/assets\/images\/submit-spin.svg\" class=\"wpforms-submit-spinner\" style=\"display: none;\" width=\"26\" height=\"26\" alt=\"Chargement en cours\" title=\"\"><\/div><input type=\"hidden\" name=\"trp-form-language\" value=\"fr\"\/><\/form><\/div>  <!-- .wpforms-container --><\/p>","protected":false},"excerpt":{"rendered":"<p>D\u00e9bloquez votre potentiel de p\u00eache avec notre <strong data-start=\"1478\" data-end=\"1507\">ensemble ultime d'app\u00e2ts de p\u00eache<\/strong> con\u00e7u pour les p\u00eacheurs de bar. Cela <strong data-start=\"1540\" data-end=\"1560\">kit d'app\u00e2ts de p\u00eache<\/strong> inclut une vari\u00e9t\u00e9 de <strong data-start=\"1583\" data-end=\"1601\">leurres de surface<\/strong>, <strong data-start=\"1603\" data-end=\"1622\">leurres crankbait<\/strong>, et <strong data-start=\"1628\" data-end=\"1650\">leurres en plastique souple<\/strong>\u2014parfait pour attraper des bars dans n'importe quelles conditions. Que vous p\u00eachiez dans des eaux peu profondes ou profondes, ce <strong data-start=\"1750\" data-end=\"1770\">ensemble d'app\u00e2ts de p\u00eache<\/strong> offre toutes les options n\u00e9cessaires pour des frappes efficaces et des taux de capture plus \u00e9lev\u00e9s. Avec une gamme de couleurs, de tailles et de styles, ce <strong data-start=\"1899\" data-end=\"1911\">ensemble d'app\u00e2ts<\/strong> est id\u00e9al pour les p\u00eacheurs d\u00e9butants et exp\u00e9riment\u00e9s souhaitant am\u00e9liorer leur technique.<\/p>\n<div class=\"wp-block-stackable-button stk-block-button popmake-1340 stk-block stk-d95bae2 popmake-1340\" data-block-id=\"d95bae2\"><\/div>\n<div class=\"wp-block-stackable-button stk-block-button popmake-1340 stk-block stk-13b8711 popmake-1340\" data-block-id=\"13b8711\">\n<style>.stk-13b8711 {min-height:var(--stk--preset--block-height--x-small, 4rem) !important;padding-top:var(--stk--preset--spacing--none, 0px) !important;padding-right:var(--stk--preset--spacing--none, 0px) !important;padding-bottom:var(--stk--preset--spacing--none, 0px) !important;padding-left:var(--stk--preset--spacing--none, 0px) !important;}.stk-13b8711 .stk-button{min-height:36px !important;padding-top:var(--stk--preset--spacing--40, 1rem) !important;padding-right:33px !important;padding-bottom:var(--stk--preset--spacing--40, 1rem) !important;background:#2db2eb !important;border-top-left-radius:var(--stk--preset--border-radius--small, 4px) !important;border-top-right-radius:var(--stk--preset--border-radius--small, 4px) !important;border-bottom-right-radius:var(--stk--preset--border-radius--small, 4px) !important;border-bottom-left-radius:var(--stk--preset--border-radius--small, 4px) !important;}.stk-13b8711 .stk-button__inner-text{color:#fffffe !important;}<\/style>\n<p><a class=\"stk-link stk-button stk--hover-effect-lift-scale-more\"><span class=\"has-text-color stk-button__inner-text\">Demander un devis <\/span><\/a><\/p>\n<\/div>\n<div id=\"gtx-trans\" style=\"position: absolute; left: 1px; top: 76px;\">\n<div class=\"gtx-trans-icon\"><\/div>\n<\/div>","protected":false},"featured_media":1773,"template":"","meta":[],"product_brand":[],"product_cat":[27],"product_tag":[],"class_list":{"0":"post-1785","1":"product","2":"type-product","3":"status-publish","4":"has-post-thumbnail","6":"product_cat-online-shop","8":"first","9":"instock","10":"sale","11":"shipping-taxable","12":"purchasable","13":"product-type-simple"},"_links":{"self":[{"href":"https:\/\/hktackle.com\/fr\/wp-json\/wp\/v2\/product\/1785","targetHints":{"allow":["GET"]}}],"collection":[{"href":"https:\/\/hktackle.com\/fr\/wp-json\/wp\/v2\/product"}],"about":[{"href":"https:\/\/hktackle.com\/fr\/wp-json\/wp\/v2\/types\/product"}],"wp:featuredmedia":[{"embeddable":true,"href":"https:\/\/hktackle.com\/fr\/wp-json\/wp\/v2\/media\/1773"}],"wp:attachment":[{"href":"https:\/\/hktackle.com\/fr\/wp-json\/wp\/v2\/media?parent=1785"}],"wp:term":[{"taxonomy":"product_brand","embeddable":true,"href":"https:\/\/hktackle.com\/fr\/wp-json\/wp\/v2\/product_brand?post=1785"},{"taxonomy":"product_cat","embeddable":true,"href":"https:\/\/hktackle.com\/fr\/wp-json\/wp\/v2\/product_cat?post=1785"},{"taxonomy":"product_tag","embeddable":true,"href":"https:\/\/hktackle.com\/fr\/wp-json\/wp\/v2\/product_tag?post=1785"}],"curies":[{"name":"wp","href":"https:\/\/api.w.org\/{rel}","templated":true}]}}