{"id":1786,"date":"2025-11-12T04:33:14","date_gmt":"2025-11-12T04:33:14","guid":{"rendered":"https:\/\/hktackle.com\/?post_type=product&#038;p=1786"},"modified":"2025-12-02T15:15:26","modified_gmt":"2025-12-02T15:15:26","slug":"meilleur-moulinet-de-peche-a-lancer-en-eau-salee","status":"publish","type":"product","link":"https:\/\/hktackle.com\/fr\/produit\/meilleur-moulinet-de-peche-a-lancer-en-eau-salee","title":{"rendered":"Meilleurs moulinets de p\u00eache \u00e0 baitcasting pour pr\u00e9cision, puissance et performance"},"content":{"rendered":"<h1 data-start=\"1040\" data-end=\"1115\"><strong data-start=\"1045\" data-end=\"1115\">Meilleures moulinets de p\u00eache Baitcast pour pr\u00e9cision, puissance et performance<\/strong><\/h1>\n<p><img loading=\"lazy\" decoding=\"async\" class=\"alignnone wp-image-1248\" src=\"https:\/\/hktackle.com\/wp-content\/uploads\/2025\/10\/baitcasting-reel.png\" alt=\"moulinets \u00e0 lancer en eau sal\u00e9e\" width=\"287\" height=\"399\" title=\"\" srcset=\"https:\/\/hktackle.com\/wp-content\/uploads\/2025\/10\/baitcasting-reel.png 384w, https:\/\/hktackle.com\/wp-content\/uploads\/2025\/10\/baitcasting-reel-216x300.png 216w\" sizes=\"auto, (max-width: 287px) 100vw, 287px\" \/><img loading=\"lazy\" decoding=\"async\" class=\"alignnone wp-image-1247\" src=\"https:\/\/hktackle.com\/wp-content\/uploads\/2025\/10\/baitcasting-reel-2.png\" alt=\"meilleur moulinet baitcaster\" width=\"408\" height=\"399\" title=\"\" srcset=\"https:\/\/hktackle.com\/wp-content\/uploads\/2025\/10\/baitcasting-reel-2.png 573w, https:\/\/hktackle.com\/wp-content\/uploads\/2025\/10\/baitcasting-reel-2-60x60.png 60w, https:\/\/hktackle.com\/wp-content\/uploads\/2025\/10\/baitcasting-reel-2-300x293.png 300w\" sizes=\"auto, (max-width: 408px) 100vw, 408px\" \/><\/p>\n<p data-start=\"1117\" data-end=\"1528\">En ce qui concerne la p\u00eache au bar, la pr\u00e9cision et la puissance sont essentielles. Le <a href=\"https:\/\/hktackle.com\/fr\/guide-des-moulinets-de-peche\/\"><strong data-start=\"1181\" data-end=\"1212\">meilleures cannes \u00e0 p\u00eache \u00e0 baitcast<\/strong> <\/a>combine une technologie avanc\u00e9e, des designs ergonomiques et une durabilit\u00e9 \u00e0 long terme, ce qui en fait le choix incontournable pour les p\u00eacheurs s\u00e9rieux. Que vous soyez \u00e0 la recherche du parfait <strong data-start=\"1373\" data-end=\"1392\">moulinet baitcaster<\/strong> pour la p\u00eache en eau douce ou besoin d'un mat\u00e9riel robuste <a href=\"https:\/\/hktackle.com\/fr\/categorie-produit\/bobines\/\"><strong data-start=\"1432\" data-end=\"1462\">d\u00e9vidoir \u00e0 lancer en eau sal\u00e9e<\/strong><\/a> pour faire face aux conditions les plus difficiles, HK Tackle est l\u00e0 pour vous.<\/p>\n<hr data-start=\"1530\" data-end=\"1533\" \/>\n<h2 data-start=\"1535\" data-end=\"1591\"><strong data-start=\"1540\" data-end=\"1591\">\u00a0Qu'est-ce qui rend les meilleures moulinets de p\u00eache \u00e0 bateau?<\/strong><\/h2>\n<p><img loading=\"lazy\" decoding=\"async\" class=\"alignnone wp-image-1469\" src=\"https:\/\/hktackle.com\/wp-content\/uploads\/2025\/11\/HK-fishing-tackle.jpg\" alt=\"HK \u00c9quipement de p\u00eache\" width=\"560\" height=\"381\" title=\"\" srcset=\"https:\/\/hktackle.com\/wp-content\/uploads\/2025\/11\/HK-fishing-tackle.jpg 861w, https:\/\/hktackle.com\/wp-content\/uploads\/2025\/11\/HK-fishing-tackle-300x204.jpg 300w, https:\/\/hktackle.com\/wp-content\/uploads\/2025\/11\/HK-fishing-tackle-768x522.jpg 768w, https:\/\/hktackle.com\/wp-content\/uploads\/2025\/11\/HK-fishing-tackle-600x408.jpg 600w\" sizes=\"auto, (max-width: 560px) 100vw, 560px\" \/><\/p>\n<p data-start=\"1593\" data-end=\"1862\">Choisir le <a href=\"https:\/\/hktackle.com\/fr\/introduction-du-produit\/quest-ce-quun-moulinet-a-baitcasting\/\"><strong data-start=\"1606\" data-end=\"1636\">meilleure moulinet de p\u00eache baitcast<\/strong><\/a> est essentiel pour une performance de p\u00eache optimale. Ces moulinets offrent une pr\u00e9cision de lancer sup\u00e9rieure, des syst\u00e8mes de frein fluides et la capacit\u00e9 de g\u00e9rer des poissons plus gros. Voici ce que vous devez savoir lors de la s\u00e9lection de votre prochain <a href=\"https:\/\/hktackle.com\/fr\/categorie-produit\/bobines\/\"><strong data-start=\"1842\" data-end=\"1861\">moulinet baitcaster<\/strong><\/a>:<\/p>\n<ul data-start=\"1864\" data-end=\"2396\">\n<li data-start=\"1864\" data-end=\"2034\">\n<p data-start=\"1866\" data-end=\"2034\"><strong data-start=\"1866\" data-end=\"1892\">Syst\u00e8mes de r\u00e9ducteurs de pr\u00e9cision<\/strong>: Le <strong data-start=\"1898\" data-end=\"1924\">meilleurs moulinets \u00e0 lancer<\/strong> pr\u00e9sentent des rapports de d\u00e9multiplication \u00e9lev\u00e9s, ce qui permet des vitesses de r\u00e9cup\u00e9ration plus rapides, les rendant parfaits pour la p\u00eache de pr\u00e9cision.<\/p>\n<\/li>\n<li data-start=\"2035\" data-end=\"2215\">\n<p data-start=\"2037\" data-end=\"2215\"><strong data-start=\"2037\" data-end=\"2065\">Construction l\u00e9g\u00e8re<\/strong>: Haute qualit\u00e9 <strong data-start=\"2080\" data-end=\"2100\">moulinets baitcasting<\/strong> sont fabriqu\u00e9s \u00e0 partir de mat\u00e9riaux l\u00e9gers comme l'aluminium ou la fibre de carbone, offrant un \u00e9quilibre entre r\u00e9sistance et facilit\u00e9 d'utilisation.<\/p>\n<\/li>\n<li data-start=\"2216\" data-end=\"2396\">\n<p data-start=\"2218\" data-end=\"2396\"><strong data-start=\"2218\" data-end=\"2238\">Conception Ergonomique<\/strong>Le confort est essentiel, surtout lors de longues excursions de p\u00eache. Le <a href=\"https:\/\/hktackle.com\/fr\/guide-des-moulinets-de-peche\/\"><strong data-start=\"2299\" data-end=\"2324\">meilleures moulinets \u00e0 tambour inclin\u00e9s<\/strong><\/a> dotent des poign\u00e9es ergonomiques et des prises r\u00e9glables pour un ajustement confortable.<\/p>\n<\/li>\n<\/ul>\n<p data-start=\"2398\" data-end=\"2551\">Que vous cibliez les bars dans les lacs ou que vous combattiez de gros poissons marins, ces moulinets sont con\u00e7us pour les p\u00eacheurs qui exigent pr\u00e9cision, rapidit\u00e9 et durabilit\u00e9.<\/p>\n<hr data-start=\"2553\" data-end=\"2556\" \/>\n<h3 data-start=\"2558\" data-end=\"2627\"><strong data-start=\"2563\" data-end=\"2627\">Moulinets \u00e0 baitcasting en eau sal\u00e9e \u2013 Con\u00e7us pour des conditions difficiles<\/strong><\/h3>\n<p data-start=\"2629\" data-end=\"2897\">La p\u00eache en eau sal\u00e9e pr\u00e9sente ses propres d\u00e9fis, et utiliser le bon moulinet est essentiel pour le succ\u00e8s. <strong data-start=\"2737\" data-end=\"2768\">Moulinets de baitcasting pour eaux sal\u00e9es<\/strong> sont con\u00e7ues pour r\u00e9sister \u00e0 l'environnement marin sal\u00e9, utilisant des mat\u00e9riaux r\u00e9sistants \u00e0 la corrosion et une technologie de scellage avanc\u00e9e.<\/p>\n<h3 data-start=\"2899\" data-end=\"2956\">Caract\u00e9ristiques des meilleurs <strong data-start=\"2924\" data-end=\"2955\">Moulinets \u00e0 lancer en eau sal\u00e9e<\/strong>:<\/h3>\n<ul data-start=\"2957\" data-end=\"3459\">\n<li data-start=\"2957\" data-end=\"3127\">\n<p data-start=\"2959\" data-end=\"3127\"><strong data-start=\"2959\" data-end=\"2992\">Mat\u00e9riaux R\u00e9sistants \u00e0 la Corrosion<\/strong>Le corps et la bobine sont g\u00e9n\u00e9ralement fabriqu\u00e9s en acier inoxydable, en aluminium ou en mat\u00e9riaux composites de haute qualit\u00e9 qui r\u00e9sistent aux dommages caus\u00e9s par l'eau sal\u00e9e.<\/p>\n<\/li>\n<li data-start=\"3128\" data-end=\"3280\">\n<p data-start=\"3130\" data-end=\"3280\"><strong data-start=\"3130\" data-end=\"3161\">Technologie de scellement avanc\u00e9e<\/strong>Emp\u00eache l'eau sal\u00e9e et les d\u00e9bris d'entrer dans les m\u00e9canismes internes du moulinet, garantissant un fonctionnement fluide m\u00eame dans des conditions difficiles.<\/p>\n<\/li>\n<li data-start=\"3281\" data-end=\"3459\">\n<p data-start=\"3283\" data-end=\"3459\"><strong data-start=\"3283\" data-end=\"3308\">Syst\u00e8mes de tra\u00een\u00e9e puissants<\/strong>: Le syst\u00e8me de tra\u00een\u00e9e dans <strong data-start=\"3329\" data-end=\"3360\">moulinets \u00e0 lancer en eau sal\u00e9e<\/strong> est con\u00e7u pour g\u00e9rer de grands poissons puissants, vous permettant de garder le contr\u00f4le m\u00eame dans des eaux agit\u00e9es.<\/p>\n<\/li>\n<\/ul>\n<hr data-start=\"3461\" data-end=\"3464\" \/>\n<h2 data-start=\"3466\" data-end=\"3536\"><strong data-start=\"3471\" data-end=\"3536\">\u00a0Pourquoi choisir un moulinet \u00e0 baitcaster pour vos aventures de p\u00eache ?<\/strong><\/h2>\n<p><img loading=\"lazy\" decoding=\"async\" class=\"alignnone wp-image-1624\" src=\"https:\/\/hktackle.com\/wp-content\/uploads\/2025\/11\/saltwater-lures-2-1024x440.jpg\" alt=\"meilleure moulinet de p\u00eache baitcast\" width=\"749\" height=\"322\" title=\"\" srcset=\"https:\/\/hktackle.com\/wp-content\/uploads\/2025\/11\/saltwater-lures-2-1024x440.jpg 1024w, https:\/\/hktackle.com\/wp-content\/uploads\/2025\/11\/saltwater-lures-2-300x129.jpg 300w, https:\/\/hktackle.com\/wp-content\/uploads\/2025\/11\/saltwater-lures-2-768x330.jpg 768w, https:\/\/hktackle.com\/wp-content\/uploads\/2025\/11\/saltwater-lures-2-1536x659.jpg 1536w, https:\/\/hktackle.com\/wp-content\/uploads\/2025\/11\/saltwater-lures-2-2048x879.jpg 2048w, https:\/\/hktackle.com\/wp-content\/uploads\/2025\/11\/saltwater-lures-2-600x258.jpg 600w\" sizes=\"auto, (max-width: 749px) 100vw, 749px\" \/><\/p>\n<p data-start=\"3538\" data-end=\"3848\">A <strong data-start=\"3540\" data-end=\"3559\">moulinet baitcaster<\/strong> est un pr\u00e9f\u00e9r\u00e9 parmi de nombreux p\u00eacheurs en raison de son contr\u00f4le et de sa puissance, en particulier lors de la p\u00eache dans des conditions difficiles. Que vous lanciez dans une v\u00e9g\u00e9tation dense ou que vous essayiez de couvrir beaucoup d'eau, <strong data-start=\"3758\" data-end=\"3778\">moulinets baitcasting<\/strong> permettre une excellente gestion de ligne et des lancers pr\u00e9cis \u00e0 longue distance.<\/p>\n<p data-start=\"3850\" data-end=\"3889\"><strong data-start=\"3850\" data-end=\"3888\">Principaux avantages des moulinets Baitcaster<\/strong>:<\/p>\n<ul data-start=\"3890\" data-end=\"4372\">\n<li data-start=\"3890\" data-end=\"4069\">\n<p data-start=\"3892\" data-end=\"4069\"><strong data-start=\"3892\" data-end=\"3912\">Pr\u00e9cision de coul\u00e9e<\/strong>Contrairement aux moulinets \u00e0 extracting, <a href=\"https:\/\/hktackle.com\/fr\/introduction-du-produit\/quest-ce-quun-moulinet-a-baitcasting\/\"><strong data-start=\"3937\" data-end=\"3957\">moulinets baitcasting<\/strong> <\/a>permet un lancer pr\u00e9cis, id\u00e9al pour placer des leurres dans des endroits sp\u00e9cifiques comme des abris \u00e9troits ou autour de structures.<\/p>\n<\/li>\n<li data-start=\"4070\" data-end=\"4206\">\n<p data-start=\"4072\" data-end=\"4206\"><strong data-start=\"4072\" data-end=\"4094\">Pouvoir et Force<\/strong>Les rapports de d\u00e9multiplication \u00e9lev\u00e9s et les syst\u00e8mes de traction puissants fournissent aux p\u00eacheurs les outils n\u00e9cessaires pour ramener de gros poissons.<\/p>\n<\/li>\n<li data-start=\"4207\" data-end=\"4372\">\n<p data-start=\"4209\" data-end=\"4372\"><strong data-start=\"4209\" data-end=\"4232\">Meilleure gestion des lignes<\/strong>: <strong data-start=\"4234\" data-end=\"4255\">Moulinets \u00e0 lancer<\/strong> offrir un meilleur contr\u00f4le de la ligne, r\u00e9duisant la probabilit\u00e9 d'emm\u00ealements et garantissant que votre app\u00e2t reste dans l'eau plus longtemps.<\/p>\n<\/li>\n<\/ul>\n<hr data-start=\"4374\" data-end=\"4377\" \/>\n<h2 data-start=\"4379\" data-end=\"4439\"><strong data-start=\"4384\" data-end=\"4439\">Choisir le bon moulinet \u00e0 casting en fonction de vos besoins<\/strong><\/h2>\n<p data-start=\"4441\" data-end=\"4665\">Diff\u00e9rentes conditions de p\u00eache n\u00e9cessitent diff\u00e9rents moulinets, et trouver le bon <strong data-start=\"4517\" data-end=\"4537\">moulinet \u00e0 lancer<\/strong> pour le travail peut faire toute la diff\u00e9rence. Voici un guide pour choisir le bobinage parfait pour les environnements d'eau douce et d'eau sal\u00e9e :<\/p>\n<ol data-start=\"4667\" data-end=\"5128\">\n<li data-start=\"4667\" data-end=\"4884\">\n<p data-start=\"4670\" data-end=\"4884\"><strong data-start=\"4670\" data-end=\"4696\">Pour la p\u00eache en eau douce<\/strong>: Choisissez un <strong data-start=\"4707\" data-end=\"4726\">moulinet baitcaster<\/strong> avec un rapport d'engrenage plus \u00e9lev\u00e9 pour une r\u00e9cup\u00e9ration plus rapide et des mat\u00e9riaux plus l\u00e9gers pour une manipulation plus facile. Ces moulinets sont id\u00e9aux pour le bar, la truite et d'autres esp\u00e8ces d'eau douce.<\/p>\n<\/li>\n<li data-start=\"4885\" data-end=\"5128\">\n<p data-start=\"4888\" data-end=\"5128\"><strong data-start=\"4888\" data-end=\"4913\">Pour la p\u00eache en eau sal\u00e9e<\/strong>: Optez pour <strong data-start=\"4923\" data-end=\"4954\">moulinets \u00e0 lancer en eau sal\u00e9e<\/strong> qui sont con\u00e7us avec des composants r\u00e9sistant \u00e0 la corrosion et un puissant syst\u00e8me de frein. Ces moulinets sont construits pour g\u00e9rer les poissons plus gros et plus forts que vous pourriez rencontrer dans l'oc\u00e9an.<\/p>\n<\/li>\n<\/ol>\n<hr data-start=\"5130\" data-end=\"5133\" \/>\n<h2 data-start=\"5135\" data-end=\"5180\"><strong data-start=\"5140\" data-end=\"5180\">\u00a0Questions Fr\u00e9quemment Pos\u00e9es (FAQ)<\/strong><\/h2>\n<p data-start=\"5182\" data-end=\"5464\"><strong data-start=\"5182\" data-end=\"5259\">Q1 : Quelle est la diff\u00e9rence entre un moulinet baitcaster et un moulinet spinning ?<\/strong><br data-start=\"5259\" data-end=\"5262\" \/>A : <strong data-start=\"5265\" data-end=\"5285\">Moulinets baitcaster<\/strong> offrir une meilleure pr\u00e9cision et un meilleur contr\u00f4le, tout en <strong data-start=\"5327\" data-end=\"5345\">bobines tournantes<\/strong> sont plus faciles \u00e0 utiliser pour les d\u00e9butants. <strong data-start=\"5379\" data-end=\"5394\">Moulinets \u00e0 tambour tournant<\/strong> sont pr\u00e9f\u00e9r\u00e9s pour les p\u00eacheurs plus exp\u00e9riment\u00e9s et pour la p\u00eache de pr\u00e9cision.<\/p>\n<p data-start=\"5466\" data-end=\"5737\"><strong data-start=\"5466\" data-end=\"5515\">Q2 : Puis-je utiliser un moulinet baitcaster en eau sal\u00e9e ?<\/strong><br data-start=\"5515\" data-end=\"5518\" \/>A: Oui, <strong data-start=\"5526\" data-end=\"5557\">moulinets \u00e0 lancer en eau sal\u00e9e<\/strong> sont sp\u00e9cialement con\u00e7us pour l'environnement salin corrosif. Ils sont fabriqu\u00e9s \u00e0 partir de mat\u00e9riaux r\u00e9sistants \u00e0 la corrosion et sont construits pour r\u00e9sister aux conditions difficiles de la p\u00eache en mer.<\/p>\n<p data-start=\"5739\" data-end=\"6003\"><strong data-start=\"5739\" data-end=\"5803\">Q3 : Quelle taille de moulinet baitcaster devrais-je utiliser pour la p\u00eache au bar ?<\/strong><br data-start=\"5803\" data-end=\"5806\" \/>A : Pour la p\u00eache au bar, un <strong data-start=\"5829\" data-end=\"5848\">moulinet baitcaster<\/strong> avec un rapport de d\u00e9multiplication entre 6:1 et 7:1 est id\u00e9al pour la plupart des situations. Il offre un bon \u00e9quilibre entre puissance et vitesse pour la p\u00eache en eau peu profonde et en eau profonde.<\/p>\n<hr data-start=\"6005\" data-end=\"6008\" \/>\n<h1 data-start=\"6010\" data-end=\"6070\"><strong data-start=\"6015\" data-end=\"6070\">Commandez d\u00e8s aujourd'hui votre moulinet de p\u00eache baitcast parfait !<\/strong><\/h1>\n<p data-start=\"6072\" data-end=\"6370\">Si vous \u00eates pr\u00eat \u00e0 d\u00e9couvrir la puissance et la pr\u00e9cision du <strong data-start=\"6133\" data-end=\"6164\">meilleures cannes \u00e0 p\u00eache \u00e0 baitcast<\/strong>, commandez chez HK Tackle aujourd'hui. Que vous ayez besoin d'un <strong data-start=\"6213\" data-end=\"6232\">moulinet baitcaster<\/strong> pour la p\u00eache au bar en eau douce ou un <strong data-start=\"6266\" data-end=\"6296\">d\u00e9vidoir \u00e0 lancer en eau sal\u00e9e<\/strong> pour l'oc\u00e9an ouvert, nous avons le moulinet parfait pour correspondre \u00e0 votre style de p\u00eache.<\/p>\n<p data-start=\"6072\" data-end=\"6370\"><div class=\"wpforms-container\" id=\"wpforms-564\"><form id=\"wpforms-form-564\" class=\"wpforms-validate wpforms-form wpforms-ajax-form\" data-formid=\"564\" method=\"post\" enctype=\"multipart\/form-data\" action=\"\/fr\/wp-json\/wp\/v2\/product\/1786\" data-token=\"79a33079116f312579aaaa279518c755\" data-token-time=\"1776940246\" data-trp-original-action=\"\/fr\/wp-json\/wp\/v2\/product\/1786\"><div class=\"wpforms-head-container\"><div class=\"wpforms-title\">Demande de devis<\/div><\/div><noscript class=\"wpforms-error-noscript\">Veuillez activer JavaScript dans votre navigateur pour remplir ce formulaire.<\/noscript><div class=\"wpforms-field-container\"><div id=\"wpforms-564-field_1-container\" class=\"wpforms-field wpforms-field-name\" data-field-id=\"1\"><label class=\"wpforms-field-label wpforms-label-hide\" for=\"wpforms-564-field_1\">Nom <span class=\"wpforms-required-label\">*<\/span><\/label><input type=\"text\" id=\"wpforms-564-field_1\" class=\"wpforms-field-medium wpforms-field-required\" name=\"wpforms[fields][1]\" placeholder=\"Nom\" required><\/div><div id=\"wpforms-564-field_2-container\" class=\"wpforms-field wpforms-field-name\" data-field-id=\"2\"><label class=\"wpforms-field-label wpforms-label-hide\" for=\"wpforms-564-field_2\">Whatsapp <span class=\"wpforms-required-label\">*<\/span><\/label><input type=\"text\" id=\"wpforms-564-field_2\" class=\"wpforms-field-medium wpforms-field-required\" name=\"wpforms[fields][2]\" placeholder=\"Whatapp\" required><\/div><div id=\"wpforms-564-field_4-container\" class=\"wpforms-field wpforms-field-name\" data-field-id=\"4\"><label class=\"wpforms-field-label wpforms-label-hide\" for=\"wpforms-564-field_4\">Email <span class=\"wpforms-required-label\">*<\/span><\/label><input type=\"text\" id=\"wpforms-564-field_4\" class=\"wpforms-field-medium wpforms-field-required\" name=\"wpforms[fields][4]\" placeholder=\"Email\" required><\/div><div id=\"wpforms-564-field_3-container\" class=\"wpforms-field wpforms-field-name\" data-field-id=\"3\"><label class=\"wpforms-field-label wpforms-label-hide\" for=\"wpforms-564-field_3\">Enqu\u00eate <span class=\"wpforms-required-label\">*<\/span><\/label><input type=\"text\" id=\"wpforms-564-field_3\" class=\"wpforms-field-medium wpforms-field-required\" name=\"wpforms[fields][3]\" placeholder=\"quel produit vous avez besoin\" required><\/div>\t\t<div id=\"wpforms-564-field_7-container\"\n\t\t\tclass=\"wpforms-field wpforms-field-text\"\n\t\t\tdata-field-type=\"text\"\n\t\t\tdata-field-id=\"7\"\n\t\t\t>\n\t\t\t<label class=\"wpforms-field-label\" for=\"wpforms-564-field_7\" >Page d'enqu\u00eate Whatsapp<\/label>\n\t\t\t<input type=\"text\" id=\"wpforms-564-field_7\" class=\"wpforms-field-medium\" name=\"wpforms[fields][7]\" >\n\t\t<\/div>\n\t\t<div id=\"wpforms-564-field_5-container\" class=\"wpforms-field wpforms-field-hidden\" data-field-id=\"5\"><input type=\"hidden\" id=\"wpforms-564-field_5\" name=\"wpforms[fields][5]\" value=\"216.73.217.52\"><\/div><div id=\"wpforms-564-field_6-container\" class=\"wpforms-field wpforms-field-hidden\" data-field-id=\"6\"><input type=\"hidden\" id=\"wpforms-564-field_6\" name=\"wpforms[fields][6]\" value=\"https:\/\/hktackle.com\/fr\/wp-json\/wp\/v2\/product\/1786\"><\/div><script>\n\t\t\t\t( function() {\n\t\t\t\t\tconst style = document.createElement( 'style' );\n\t\t\t\t\tstyle.appendChild( document.createTextNode( '#wpforms-564-field_7-container { position: absolute !important; overflow: hidden !important; display: inline !important; height: 1px !important; width: 1px !important; z-index: -1000 !important; padding: 0 !important; } #wpforms-564-field_7-container input { visibility: hidden; } #wpforms-conversational-form-page #wpforms-564-field_7-container label { counter-increment: none; }' ) );\n\t\t\t\t\tdocument.head.appendChild( style );\n\t\t\t\t\tdocument.currentScript?.remove();\n\t\t\t\t} )();\n\t\t\t<\/script><\/div><!-- .wpforms-field-container --><div class=\"wpforms-submit-container\" ><input type=\"hidden\" name=\"wpforms[id]\" value=\"564\"><input type=\"hidden\" name=\"page_title\" value=\"\"><input type=\"hidden\" name=\"page_url\" value=\"https:\/\/hktackle.com\/fr\/wp-json\/wp\/v2\/product\/1786\"><input type=\"hidden\" name=\"url_referer\" value=\"\"><button type=\"submit\" name=\"wpforms[submit]\" id=\"wpforms-submit-564\" class=\"wpforms-submit\" data-alt-text=\"Sending\" data-submit-text=\"Summit\" aria-live=\"assertive\" value=\"wpforms-submit\">Sommet<\/button><img loading=\"lazy\" decoding=\"async\" src=\"https:\/\/hktackle.com\/wp-content\/plugins\/wpforms\/assets\/images\/submit-spin.svg\" class=\"wpforms-submit-spinner\" style=\"display: none;\" width=\"26\" height=\"26\" alt=\"Chargement en cours\" title=\"\"><\/div><input type=\"hidden\" name=\"trp-form-language\" value=\"fr\"\/><\/form><\/div>  <!-- .wpforms-container --><\/p>\n<div id=\"gtx-trans\" style=\"position: absolute; left: 348px; top: 2117.95px;\">\n<div class=\"gtx-trans-icon\"><\/div>\n<\/div>","protected":false},"excerpt":{"rendered":"<div class=\"image-container\">\n<p>D\u00e9couvrez le <strong data-start=\"732\" data-end=\"763\">meilleures cannes \u00e0 p\u00eache \u00e0 baitcast<\/strong> chez HK Tackle. Notre s\u00e9lection comprend les meilleurs <strong data-start=\"809\" data-end=\"829\">moulinets baitcasting<\/strong> pour \u00e0 la fois l'eau douce et <strong data-start=\"854\" data-end=\"885\">moulinets \u00e0 lancer en eau sal\u00e9e<\/strong>con\u00e7u pour une pr\u00e9cision et une puissance maximales. Parfait pour les p\u00eacheurs \u00e0 la recherche de contr\u00f4le et de performance \u00e0 chaque lancer.<\/p>\n<\/div>\n<div class=\"wp-block-stackable-button stk-block-button popmake-1340 stk-block stk-13b8711 popmake-1340\" data-block-id=\"13b8711\">\n<style>.stk-13b8711 {min-height:var(--stk--preset--block-height--x-small, 4rem) !important;padding-top:var(--stk--preset--spacing--none, 0px) !important;padding-right:var(--stk--preset--spacing--none, 0px) !important;padding-bottom:var(--stk--preset--spacing--none, 0px) !important;padding-left:var(--stk--preset--spacing--none, 0px) !important;}.stk-13b8711 .stk-button{min-height:36px !important;padding-top:var(--stk--preset--spacing--40, 1rem) !important;padding-right:33px !important;padding-bottom:var(--stk--preset--spacing--40, 1rem) !important;background:#2db2eb !important;border-top-left-radius:var(--stk--preset--border-radius--small, 4px) !important;border-top-right-radius:var(--stk--preset--border-radius--small, 4px) !important;border-bottom-right-radius:var(--stk--preset--border-radius--small, 4px) !important;border-bottom-left-radius:var(--stk--preset--border-radius--small, 4px) !important;}.stk-13b8711 .stk-button__inner-text{color:#fffffe !important;}<\/style>\n<p><a class=\"stk-link stk-button stk--hover-effect-lift-scale-more\"><span class=\"has-text-color stk-button__inner-text\">Demander un devis <\/span><\/a><\/p>\n<\/div>","protected":false},"featured_media":1245,"template":"","meta":[],"product_brand":[],"product_cat":[23],"product_tag":[],"class_list":{"0":"post-1786","1":"product","2":"type-product","3":"status-publish","4":"has-post-thumbnail","6":"product_cat-reels","8":"first","9":"instock","10":"shipping-taxable","11":"product-type-simple"},"_links":{"self":[{"href":"https:\/\/hktackle.com\/fr\/wp-json\/wp\/v2\/product\/1786","targetHints":{"allow":["GET"]}}],"collection":[{"href":"https:\/\/hktackle.com\/fr\/wp-json\/wp\/v2\/product"}],"about":[{"href":"https:\/\/hktackle.com\/fr\/wp-json\/wp\/v2\/types\/product"}],"wp:featuredmedia":[{"embeddable":true,"href":"https:\/\/hktackle.com\/fr\/wp-json\/wp\/v2\/media\/1245"}],"wp:attachment":[{"href":"https:\/\/hktackle.com\/fr\/wp-json\/wp\/v2\/media?parent=1786"}],"wp:term":[{"taxonomy":"product_brand","embeddable":true,"href":"https:\/\/hktackle.com\/fr\/wp-json\/wp\/v2\/product_brand?post=1786"},{"taxonomy":"product_cat","embeddable":true,"href":"https:\/\/hktackle.com\/fr\/wp-json\/wp\/v2\/product_cat?post=1786"},{"taxonomy":"product_tag","embeddable":true,"href":"https:\/\/hktackle.com\/fr\/wp-json\/wp\/v2\/product_tag?post=1786"}],"curies":[{"name":"wp","href":"https:\/\/api.w.org\/{rel}","templated":true}]}}