{"id":1803,"date":"2025-11-12T05:45:26","date_gmt":"2025-11-12T05:45:26","guid":{"rendered":"https:\/\/hktackle.com\/?post_type=product&#038;p=1803"},"modified":"2025-12-01T15:28:34","modified_gmt":"2025-12-01T15:28:34","slug":"support-de-canne-a-peche","status":"publish","type":"product","link":"https:\/\/hktackle.com\/fr\/produit\/support-de-canne-a-peche","title":{"rendered":"Support de canne \u00e0 p\u00eache robuste \u2013 Rangement de canne \u00e0 p\u00eache s\u00e9curis\u00e9 et pratique"},"content":{"rendered":"<h1 data-start=\"120\" data-end=\"211\">Support de canne \u00e0 p\u00eache robuste \u2013 Rangement de canne \u00e0 p\u00eache s\u00e9curis\u00e9 et pratique<\/h1>\n<p><img loading=\"lazy\" decoding=\"async\" class=\"alignnone wp-image-1805\" src=\"https:\/\/hktackle.com\/wp-content\/uploads\/2025\/11\/fish-rod-holder-9.jpg\" alt=\"porte-canne \u00e0 p\u00eache\" width=\"509\" height=\"509\" title=\"\" srcset=\"https:\/\/hktackle.com\/wp-content\/uploads\/2025\/11\/fish-rod-holder-9.jpg 800w, https:\/\/hktackle.com\/wp-content\/uploads\/2025\/11\/fish-rod-holder-9-300x300.jpg 300w, https:\/\/hktackle.com\/wp-content\/uploads\/2025\/11\/fish-rod-holder-9-150x150.jpg 150w, https:\/\/hktackle.com\/wp-content\/uploads\/2025\/11\/fish-rod-holder-9-768x768.jpg 768w, https:\/\/hktackle.com\/wp-content\/uploads\/2025\/11\/fish-rod-holder-9-600x600.jpg 600w\" sizes=\"auto, (max-width: 509px) 100vw, 509px\" \/><\/p>\n<p data-start=\"244\" data-end=\"730\">Le <strong data-start=\"248\" data-end=\"281\">Support de canne \u00e0 p\u00eache ultra robuste<\/strong> from HK Tackle est la solution id\u00e9ale pour les p\u00eacheurs cherchant \u00e0 ranger leurs cannes \u00e0 p\u00eache en toute s\u00e9curit\u00e9 et commodit\u00e9. Con\u00e7u avec durabilit\u00e9 et fonctionnalit\u00e9 \u00e0 l'esprit, ce porte-canne offre un moyen polyvalent d'organiser et de prot\u00e9ger vos cannes, que ce soit \u00e0 la maison, dans votre bateau ou dans votre cabane de p\u00eache. Parfait pour les professionnels aguerris comme pour les p\u00eacheurs amateurs, ce produit garantit que votre \u00e9quipement de p\u00eache reste en s\u00e9curit\u00e9 et facilement accessible \u00e0 tout moment.<\/p>\n<h2 data-start=\"732\" data-end=\"754\"><strong data-start=\"737\" data-end=\"754\">Caract\u00e9ristiques Cl\u00e9s du Support de Canne \u00e0 P\u00eache :<\/strong><\/h2>\n<p><img loading=\"lazy\" decoding=\"async\" class=\"alignnone wp-image-1797\" src=\"https:\/\/hktackle.com\/wp-content\/uploads\/2025\/11\/fish-rod-holder-2-1024x576.jpg\" alt=\"stockage de cannes \u00e0 p\u00eache\" width=\"498\" height=\"280\" title=\"\" srcset=\"https:\/\/hktackle.com\/wp-content\/uploads\/2025\/11\/fish-rod-holder-2-1024x576.jpg 1024w, https:\/\/hktackle.com\/wp-content\/uploads\/2025\/11\/fish-rod-holder-2-300x169.jpg 300w, https:\/\/hktackle.com\/wp-content\/uploads\/2025\/11\/fish-rod-holder-2-768x432.jpg 768w, https:\/\/hktackle.com\/wp-content\/uploads\/2025\/11\/fish-rod-holder-2-1536x864.jpg 1536w, https:\/\/hktackle.com\/wp-content\/uploads\/2025\/11\/fish-rod-holder-2-2048x1152.jpg 2048w, https:\/\/hktackle.com\/wp-content\/uploads\/2025\/11\/fish-rod-holder-2-600x338.jpg 600w\" sizes=\"auto, (max-width: 498px) 100vw, 498px\" \/><img loading=\"lazy\" decoding=\"async\" class=\"alignnone wp-image-1807\" src=\"https:\/\/hktackle.com\/wp-content\/uploads\/2025\/11\/fish-rod-holder-11.jpg\" alt=\"porte-canne \u00e0 p\u00eache\" width=\"579\" height=\"282\" title=\"\" srcset=\"https:\/\/hktackle.com\/wp-content\/uploads\/2025\/11\/fish-rod-holder-11.jpg 912w, https:\/\/hktackle.com\/wp-content\/uploads\/2025\/11\/fish-rod-holder-11-300x146.jpg 300w, https:\/\/hktackle.com\/wp-content\/uploads\/2025\/11\/fish-rod-holder-11-768x374.jpg 768w, https:\/\/hktackle.com\/wp-content\/uploads\/2025\/11\/fish-rod-holder-11-600x292.jpg 600w\" sizes=\"auto, (max-width: 579px) 100vw, 579px\" \/><\/p>\n<ol data-start=\"756\" data-end=\"3710\">\n<li data-start=\"756\" data-end=\"1318\">\n<p data-start=\"759\" data-end=\"806\"><strong data-start=\"759\" data-end=\"806\">Construction durable et r\u00e9sistant aux intemp\u00e9ries :<\/strong><\/p>\n<ul data-start=\"810\" data-end=\"1318\">\n<li data-start=\"810\" data-end=\"1077\">\n<p data-start=\"812\" data-end=\"1077\">Fabriqu\u00e9 \u00e0 partir de mat\u00e9riaux de haute qualit\u00e9 et r\u00e9sistants \u00e0 la corrosion, le <a href=\"https:\/\/hktackle.com\/fr\/\"><strong data-start=\"871\" data-end=\"893\">porte-canne \u00e0 p\u00eache<\/strong><\/a> est con\u00e7u pour r\u00e9sister \u00e0 des conditions climatiques difficiles en ext\u00e9rieur. Que vous p\u00eachiez depuis un bateau, un quai ou depuis la rive, le support peut supporter l'exposition \u00e0 l'eau, au soleil et au sel sans se d\u00e9grader.<\/p>\n<\/li>\n<li data-start=\"1081\" data-end=\"1318\">\n<p data-start=\"1083\" data-end=\"1318\"><strong data-start=\"1083\" data-end=\"1103\">Construction robuste<\/strong>Ce porte-cannes est con\u00e7u pour un usage intensif, capable de tenir des cannes de diff\u00e9rentes tailles et poids. Sa construction robuste garantit que vos cannes \u00e0 p\u00eache sont stock\u00e9es en toute s\u00e9curit\u00e9, emp\u00eachant tout accident ou dommage.<\/p>\n<\/li>\n<\/ul>\n<\/li>\n<li data-start=\"1320\" data-end=\"1866\">\n<p data-start=\"1323\" data-end=\"1351\"><strong data-start=\"1323\" data-end=\"1351\">Compatibilit\u00e9 universelle :<\/strong><\/p>\n<ul data-start=\"1355\" data-end=\"1866\">\n<li data-start=\"1355\" data-end=\"1588\">\n<p data-start=\"1357\" data-end=\"1588\">Que vous utilisiez des cannes \u00e0 p\u00eache en spinning, des cannes \u00e0 lancer ou des cannes \u00e0 traquer, ceci <a href=\"https:\/\/hktackle.com\/fr\/guide-des-outils-de-peche\/\"><strong data-start=\"1434\" data-end=\"1453\">support de canne \u00e0 p\u00eache<\/strong><\/a> peut les accueillir tous. Son design ajustable lui permet de s'adapter \u00e0 diff\u00e9rents types de tiges, vous offrant ainsi une solution de rangement polyvalente.<\/p>\n<\/li>\n<li data-start=\"1592\" data-end=\"1866\">\n<p data-start=\"1594\" data-end=\"1866\"><strong data-start=\"1594\" data-end=\"1615\">Stockage Multi-Rod<\/strong>Con\u00e7u pour accueillir plusieurs cannes \u00e0 la fois, ce support est parfait pour les p\u00eacheurs ayant de grandes collections de mat\u00e9riel de p\u00eache. Que vous ayez besoin d'organiser des cannes dans votre garage ou de les s\u00e9curiser sur votre bateau, ce support garantit que vous pouvez les ranger efficacement.<\/p>\n<\/li>\n<\/ul>\n<\/li>\n<li data-start=\"1868\" data-end=\"2304\">\n<p data-start=\"1871\" data-end=\"1913\"><strong data-start=\"1871\" data-end=\"1913\">Installation facile et montage s\u00e9curis\u00e9 :<\/strong><\/p>\n<ul data-start=\"1917\" data-end=\"2304\">\n<li data-start=\"1917\" data-end=\"2131\">\n<p data-start=\"1919\" data-end=\"2131\">Le <a href=\"https:\/\/hktackle.com\/fr\/categorie-produit\/combo-de-tige\/\"><strong data-start=\"1923\" data-end=\"1946\">stockage de cannes \u00e0 p\u00eache<\/strong><\/a> la solution est con\u00e7ue pour une installation facile. Elle peut \u00eatre mont\u00e9e sur des murs, dans des bateaux ou sur diverses surfaces sans difficult\u00e9. Tout le mat\u00e9riel n\u00e9cessaire est inclus pour une configuration simple.<\/p>\n<\/li>\n<li data-start=\"2135\" data-end=\"2304\">\n<p data-start=\"2137\" data-end=\"2304\"><strong data-start=\"2137\" data-end=\"2157\">Angle ajustable<\/strong>Certains mod\u00e8les sont \u00e9quip\u00e9s d'angles de montage ajustables, permettant aux p\u00eacheurs de positionner les cannes \u00e0 la position la plus pratique pour un acc\u00e8s et un stockage faciles.<\/p>\n<\/li>\n<\/ul>\n<\/li>\n<li data-start=\"2306\" data-end=\"2790\">\n<p data-start=\"2309\" data-end=\"2333\"><strong data-start=\"2309\" data-end=\"2333\">Conception gain de place :<\/strong><\/p>\n<ul data-start=\"2337\" data-end=\"2790\">\n<li data-start=\"2337\" data-end=\"2586\">\n<p data-start=\"2339\" data-end=\"2586\">Le design compact et peu encombrant de ce porte-canne en fait un choix parfait pour les maisons avec un espace de rangement limit\u00e9 ou les ponts de bateau avec un espace minimal. Il vous permet de ranger vos cannes de mani\u00e8re ordonn\u00e9e sans prendre trop de place, ce qui en fait un choix id\u00e9al pour les petits espaces.<\/p>\n<\/li>\n<li data-start=\"2590\" data-end=\"2790\">\n<p data-start=\"2592\" data-end=\"2790\"><strong data-start=\"2592\" data-end=\"2635\">Options de stockage vertical et horizontal<\/strong>: Choisissez le style de rangement qui convient le mieux \u00e0 votre espace. Que vous pr\u00e9f\u00e9riez un style vertical ou <a href=\"https:\/\/hktackle.com\/fr\/guide-des-outils-de-peche\/\">stockage de tige horizontale<\/a>ce support peut \u00eatre adapt\u00e9 \u00e0 vos besoins.<\/p>\n<\/li>\n<\/ul>\n<\/li>\n<li data-start=\"2792\" data-end=\"3232\">\n<p data-start=\"2795\" data-end=\"2827\"><strong data-start=\"2795\" data-end=\"2827\">Rembourrage de protection et prise :<\/strong><\/p>\n<ul data-start=\"2831\" data-end=\"3232\">\n<li data-start=\"2831\" data-end=\"3058\">\n<p data-start=\"2833\" data-end=\"3058\">Pour emp\u00eacher vos cannes d'\u00eatre ray\u00e9es ou endommag\u00e9es, le support est \u00e9quip\u00e9 d'un rembourrage doux et non abrasif l\u00e0 o\u00f9 les cannes entrent en contact avec le support. Ce rembourrage protecteur garantit que vos cannes restent en excellent \u00e9tat lorsqu'elles sont rang\u00e9es.<\/p>\n<\/li>\n<li data-start=\"3062\" data-end=\"3232\">\n<p data-start=\"3064\" data-end=\"3232\"><strong data-start=\"3064\" data-end=\"3079\">Conception de la prise<\/strong>La prise du porte-canne garantit que les cannes restent fermement en place, emp\u00eachant qu'elles ne glissent ou ne tombent, m\u00eame dans des conditions difficiles ou pendant le transport.<\/p>\n<\/li>\n<\/ul>\n<\/li>\n<li data-start=\"3234\" data-end=\"3710\">\n<p data-start=\"3237\" data-end=\"3264\"><strong data-start=\"3237\" data-end=\"3264\">Parfait pour l'approvisionnement B2B :<\/strong><\/p>\n<ul data-start=\"3268\" data-end=\"3710\">\n<li data-start=\"3268\" data-end=\"3520\">\n<p data-start=\"3270\" data-end=\"3520\">En tant que fournisseur leader dans l'industrie de l'\u00e9quipement de p\u00eache, HK Tackle propose des options d'achat en gros pour les d\u00e9taillants et les distributeurs. Que vous approvisionniez votre magasin ou ex\u00e9cutiez des commandes pour des clients, nous offrons des commandes en gros personnalisables avec une livraison fiable.<\/p>\n<\/li>\n<li data-start=\"3524\" data-end=\"3710\">\n<p data-start=\"3526\" data-end=\"3710\"><strong data-start=\"3526\" data-end=\"3554\">Commandes de marque disponibles<\/strong>Les entreprises souhaitant personnaliser ce produit avec leur marque ou leur logo peuvent demander des commandes personnalis\u00e9es, garantissant qu'elles r\u00e9pondent aux besoins de leurs clients.<\/p>\n<\/li>\n<\/ul>\n<\/li>\n<\/ol>\n<h4 data-start=\"3712\" data-end=\"3763\"><img loading=\"lazy\" decoding=\"async\" class=\"alignnone wp-image-1804\" src=\"https:\/\/hktackle.com\/wp-content\/uploads\/2025\/11\/fish-rod-holder-8.jpg\" alt=\"support de canne \u00e0 p\u00eache\" width=\"437\" height=\"358\" title=\"\" srcset=\"https:\/\/hktackle.com\/wp-content\/uploads\/2025\/11\/fish-rod-holder-8.jpg 800w, https:\/\/hktackle.com\/wp-content\/uploads\/2025\/11\/fish-rod-holder-8-300x246.jpg 300w, https:\/\/hktackle.com\/wp-content\/uploads\/2025\/11\/fish-rod-holder-8-768x630.jpg 768w, https:\/\/hktackle.com\/wp-content\/uploads\/2025\/11\/fish-rod-holder-8-600x492.jpg 600w\" sizes=\"auto, (max-width: 437px) 100vw, 437px\" \/><img loading=\"lazy\" decoding=\"async\" class=\"alignnone wp-image-1800\" src=\"https:\/\/hktackle.com\/wp-content\/uploads\/2025\/11\/fish-rod-holder-5.jpg\" alt=\"stockage de cannes \u00e0 p\u00eache\" width=\"357\" height=\"357\" title=\"\" srcset=\"https:\/\/hktackle.com\/wp-content\/uploads\/2025\/11\/fish-rod-holder-5.jpg 800w, https:\/\/hktackle.com\/wp-content\/uploads\/2025\/11\/fish-rod-holder-5-300x300.jpg 300w, https:\/\/hktackle.com\/wp-content\/uploads\/2025\/11\/fish-rod-holder-5-150x150.jpg 150w, https:\/\/hktackle.com\/wp-content\/uploads\/2025\/11\/fish-rod-holder-5-768x768.jpg 768w, https:\/\/hktackle.com\/wp-content\/uploads\/2025\/11\/fish-rod-holder-5-600x600.jpg 600w\" sizes=\"auto, (max-width: 357px) 100vw, 357px\" \/><\/h4>\n<h4 data-start=\"3712\" data-end=\"3763\"><strong data-start=\"3717\" data-end=\"3763\">Pourquoi choisir HK Tackle's <a href=\"https:\/\/hktackle.com\/fr\/guide-des-outils-de-peche\/\">Support de canne \u00e0 p\u00eache<\/a>?<\/strong><\/h4>\n<ul data-start=\"3765\" data-end=\"4451\">\n<li data-start=\"3765\" data-end=\"3966\">\n<p data-start=\"3767\" data-end=\"3966\"><strong data-start=\"3767\" data-end=\"3782\">Fiabilit\u00e9<\/strong>Fort de plusieurs ann\u00e9es d'exp\u00e9rience dans l'industrie du mat\u00e9riel de p\u00eache, HK Tackle s'engage \u00e0 fournir des produits de haute qualit\u00e9 con\u00e7us pour r\u00e9pondre aux besoins des p\u00eacheurs occasionnels et professionnels.<\/p>\n<\/li>\n<li data-start=\"3967\" data-end=\"4216\">\n<p data-start=\"3969\" data-end=\"4216\"><strong data-start=\"3969\" data-end=\"4001\">Durabilit\u00e9 et fonctionnalit\u00e9<\/strong>Nos supports de cannes \u00e0 p\u00eache sont con\u00e7us pour durer, offrant des solutions de stockage \u00e0 long terme pour vos cannes. Que vous rangiez des cannes \u00e0 la maison, dans un bateau, ou lors d'une sortie de p\u00eache, nos supports garantissent que votre \u00e9quipement reste en s\u00e9curit\u00e9.<\/p>\n<\/li>\n<li data-start=\"4217\" data-end=\"4451\">\n<p data-start=\"4219\" data-end=\"4451\"><strong data-start=\"4219\" data-end=\"4241\">Commandes en gros personnalis\u00e9es<\/strong>Nous proposons des options de commande en gros pour les entreprises, garantissant que vous pouvez approvisionner votre magasin ou vos clients avec le meilleur \u00e9quipement et accessoires de p\u00eache. Un branding personnalis\u00e9 est disponible pour vous aider \u00e0 promouvoir votre entreprise.<\/p>\n<\/li>\n<\/ul>\n<p>&nbsp;<\/p>\n<div class=\"wpforms-container\" id=\"wpforms-564\"><form id=\"wpforms-form-564\" class=\"wpforms-validate wpforms-form wpforms-ajax-form\" data-formid=\"564\" method=\"post\" enctype=\"multipart\/form-data\" action=\"\/fr\/wp-json\/wp\/v2\/product\/1803\" data-token=\"a5e36027957c0b678575a16e829041db\" data-token-time=\"1776392433\" data-trp-original-action=\"\/fr\/wp-json\/wp\/v2\/product\/1803\"><div class=\"wpforms-head-container\"><div class=\"wpforms-title\">Demande de devis<\/div><\/div><noscript class=\"wpforms-error-noscript\">Veuillez activer JavaScript dans votre navigateur pour remplir ce formulaire.<\/noscript><div class=\"wpforms-field-container\"><div id=\"wpforms-564-field_1-container\" class=\"wpforms-field wpforms-field-name\" data-field-id=\"1\"><label class=\"wpforms-field-label wpforms-label-hide\" for=\"wpforms-564-field_1\">Nom <span class=\"wpforms-required-label\">*<\/span><\/label><input type=\"text\" id=\"wpforms-564-field_1\" class=\"wpforms-field-medium wpforms-field-required\" name=\"wpforms[fields][1]\" placeholder=\"Nom\" required><\/div><div id=\"wpforms-564-field_2-container\" class=\"wpforms-field wpforms-field-name\" data-field-id=\"2\"><label class=\"wpforms-field-label wpforms-label-hide\" for=\"wpforms-564-field_2\">Whatsapp <span class=\"wpforms-required-label\">*<\/span><\/label><input type=\"text\" id=\"wpforms-564-field_2\" class=\"wpforms-field-medium wpforms-field-required\" name=\"wpforms[fields][2]\" placeholder=\"Whatapp\" required><\/div>\t\t<div id=\"wpforms-564-field_7-container\"\n\t\t\tclass=\"wpforms-field wpforms-field-text\"\n\t\t\tdata-field-type=\"text\"\n\t\t\tdata-field-id=\"7\"\n\t\t\t>\n\t\t\t<label class=\"wpforms-field-label\" for=\"wpforms-564-field_7\" >Nom de la page de demande \u8be2\u76d8<\/label>\n\t\t\t<input type=\"text\" id=\"wpforms-564-field_7\" class=\"wpforms-field-medium\" name=\"wpforms[fields][7]\" >\n\t\t<\/div>\n\t\t<div id=\"wpforms-564-field_4-container\" class=\"wpforms-field wpforms-field-name\" data-field-id=\"4\"><label class=\"wpforms-field-label wpforms-label-hide\" for=\"wpforms-564-field_4\">Email <span class=\"wpforms-required-label\">*<\/span><\/label><input type=\"text\" id=\"wpforms-564-field_4\" class=\"wpforms-field-medium wpforms-field-required\" name=\"wpforms[fields][4]\" placeholder=\"Email\" required><\/div><div id=\"wpforms-564-field_3-container\" class=\"wpforms-field wpforms-field-name\" data-field-id=\"3\"><label class=\"wpforms-field-label wpforms-label-hide\" for=\"wpforms-564-field_3\">Enqu\u00eate <span class=\"wpforms-required-label\">*<\/span><\/label><input type=\"text\" id=\"wpforms-564-field_3\" class=\"wpforms-field-medium wpforms-field-required\" name=\"wpforms[fields][3]\" placeholder=\"quel produit vous avez besoin\" required><\/div><div id=\"wpforms-564-field_5-container\" class=\"wpforms-field wpforms-field-hidden\" data-field-id=\"5\"><input type=\"hidden\" id=\"wpforms-564-field_5\" name=\"wpforms[fields][5]\" value=\"216.73.216.69\"><\/div><div id=\"wpforms-564-field_6-container\" class=\"wpforms-field wpforms-field-hidden\" data-field-id=\"6\"><input type=\"hidden\" id=\"wpforms-564-field_6\" name=\"wpforms[fields][6]\" value=\"https:\/\/hktackle.com\/fr\/wp-json\/wp\/v2\/product\/1803\"><\/div><script>\n\t\t\t\t( function() {\n\t\t\t\t\tconst style = document.createElement( 'style' );\n\t\t\t\t\tstyle.appendChild( document.createTextNode( '#wpforms-564-field_7-container { position: absolute !important; overflow: hidden !important; display: inline !important; height: 1px !important; width: 1px !important; z-index: -1000 !important; padding: 0 !important; } #wpforms-564-field_7-container input { visibility: hidden; } #wpforms-conversational-form-page #wpforms-564-field_7-container label { counter-increment: none; }' ) );\n\t\t\t\t\tdocument.head.appendChild( style );\n\t\t\t\t\tdocument.currentScript?.remove();\n\t\t\t\t} )();\n\t\t\t<\/script><\/div><!-- .wpforms-field-container --><div class=\"wpforms-submit-container\" ><input type=\"hidden\" name=\"wpforms[id]\" value=\"564\"><input type=\"hidden\" name=\"page_title\" value=\"\"><input type=\"hidden\" name=\"page_url\" value=\"https:\/\/hktackle.com\/fr\/wp-json\/wp\/v2\/product\/1803\"><input type=\"hidden\" name=\"url_referer\" value=\"\"><button type=\"submit\" name=\"wpforms[submit]\" id=\"wpforms-submit-564\" class=\"wpforms-submit\" data-alt-text=\"Sending\" data-submit-text=\"Summit\" aria-live=\"assertive\" value=\"wpforms-submit\">Sommet<\/button><img loading=\"lazy\" decoding=\"async\" src=\"https:\/\/hktackle.com\/wp-content\/plugins\/wpforms\/assets\/images\/submit-spin.svg\" class=\"wpforms-submit-spinner\" style=\"display: none;\" width=\"26\" height=\"26\" alt=\"Chargement en cours\" title=\"\"><\/div><input type=\"hidden\" name=\"trp-form-language\" value=\"fr\"\/><\/form><\/div>  <!-- .wpforms-container -->","protected":false},"excerpt":{"rendered":"<p>Organisez et prot\u00e9gez vos cannes \u00e0 p\u00eache avec le <strong data-start=\"4961\" data-end=\"4994\">Support de canne \u00e0 p\u00eache robuste<\/strong> de HK Tackle. Con\u00e7u pour la durabilit\u00e9 et la commodit\u00e9, ce porte-canne garantit que vos cannes restent en s\u00e9curit\u00e9, que ce soit \u00e0 la maison, dans votre bateau, ou en d\u00e9placement. Achetez maintenant la solution de rangement parfaite pour votre mat\u00e9riel de p\u00eache.<\/p>\n<div class=\"wp-block-stackable-button stk-block-button popmake-1340 stk-block stk-13b8711 popmake-1340\" data-block-id=\"13b8711\">\n<style>.stk-13b8711 {min-height:var(--stk--preset--block-height--x-small, 4rem) !important;padding-top:var(--stk--preset--spacing--none, 0px) !important;padding-right:var(--stk--preset--spacing--none, 0px) !important;padding-bottom:var(--stk--preset--spacing--none, 0px) !important;padding-left:var(--stk--preset--spacing--none, 0px) !important;}.stk-13b8711 .stk-button{min-height:36px !important;padding-top:var(--stk--preset--spacing--40, 1rem) !important;padding-right:33px !important;padding-bottom:var(--stk--preset--spacing--40, 1rem) !important;background:#2db2eb !important;border-top-left-radius:var(--stk--preset--border-radius--small, 4px) !important;border-top-right-radius:var(--stk--preset--border-radius--small, 4px) !important;border-bottom-right-radius:var(--stk--preset--border-radius--small, 4px) !important;border-bottom-left-radius:var(--stk--preset--border-radius--small, 4px) !important;}.stk-13b8711 .stk-button__inner-text{color:#fffffe !important;}<\/style>\n<p><a class=\"stk-link stk-button stk--hover-effect-lift-scale-more\"><span class=\"has-text-color stk-button__inner-text\">Demander un devis <\/span><\/a><\/p>\n<\/div>","protected":false},"featured_media":1806,"template":"","meta":[],"product_brand":[30],"product_cat":[22],"product_tag":[],"class_list":{"0":"post-1803","1":"product","2":"type-product","3":"status-publish","4":"has-post-thumbnail","6":"product_brand-hk-tackle","7":"product_cat-tools","9":"first","10":"instock","11":"shipping-taxable","12":"product-type-simple"},"_links":{"self":[{"href":"https:\/\/hktackle.com\/fr\/wp-json\/wp\/v2\/product\/1803","targetHints":{"allow":["GET"]}}],"collection":[{"href":"https:\/\/hktackle.com\/fr\/wp-json\/wp\/v2\/product"}],"about":[{"href":"https:\/\/hktackle.com\/fr\/wp-json\/wp\/v2\/types\/product"}],"wp:featuredmedia":[{"embeddable":true,"href":"https:\/\/hktackle.com\/fr\/wp-json\/wp\/v2\/media\/1806"}],"wp:attachment":[{"href":"https:\/\/hktackle.com\/fr\/wp-json\/wp\/v2\/media?parent=1803"}],"wp:term":[{"taxonomy":"product_brand","embeddable":true,"href":"https:\/\/hktackle.com\/fr\/wp-json\/wp\/v2\/product_brand?post=1803"},{"taxonomy":"product_cat","embeddable":true,"href":"https:\/\/hktackle.com\/fr\/wp-json\/wp\/v2\/product_cat?post=1803"},{"taxonomy":"product_tag","embeddable":true,"href":"https:\/\/hktackle.com\/fr\/wp-json\/wp\/v2\/product_tag?post=1803"}],"curies":[{"name":"wp","href":"https:\/\/api.w.org\/{rel}","templated":true}]}}