{"id":1834,"date":"2025-11-13T04:33:06","date_gmt":"2025-11-13T04:33:06","guid":{"rendered":"https:\/\/hktackle.com\/?post_type=product&#038;p=1834"},"modified":"2025-12-01T15:28:18","modified_gmt":"2025-12-01T15:28:18","slug":"reservoirs-de-cannes-a-peche-sur-glace","status":"publish","type":"product","link":"https:\/\/hktackle.com\/fr\/produit\/reservoirs-de-cannes-a-peche-sur-glace","title":{"rendered":"Supports de canne \u00e0 p\u00eache sur glace Premium \u2013 Rangement de cannes \u00e0 glace stable et s\u00e9curis\u00e9"},"content":{"rendered":"<h1 data-start=\"125\" data-end=\"209\">Supports de canne \u00e0 p\u00eache sur glace Premium \u2013 Rangement de cannes \u00e0 glace stable et s\u00e9curis\u00e9<\/h1>\n<p data-start=\"211\" data-end=\"240\"><img loading=\"lazy\" decoding=\"async\" class=\"alignnone wp-image-1811\" src=\"https:\/\/hktackle.com\/wp-content\/uploads\/2025\/11\/ice-fishing-rod-1-1.jpg\" alt=\"r\u00e9servoirs de cannes \u00e0 p\u00eache sur glace\" width=\"458\" height=\"458\" title=\"\" srcset=\"https:\/\/hktackle.com\/wp-content\/uploads\/2025\/11\/ice-fishing-rod-1-1.jpg 800w, https:\/\/hktackle.com\/wp-content\/uploads\/2025\/11\/ice-fishing-rod-1-1-300x300.jpg 300w, https:\/\/hktackle.com\/wp-content\/uploads\/2025\/11\/ice-fishing-rod-1-1-150x150.jpg 150w, https:\/\/hktackle.com\/wp-content\/uploads\/2025\/11\/ice-fishing-rod-1-1-768x768.jpg 768w, https:\/\/hktackle.com\/wp-content\/uploads\/2025\/11\/ice-fishing-rod-1-1-600x600.jpg 600w\" sizes=\"auto, (max-width: 458px) 100vw, 458px\" \/><\/p>\n<p data-start=\"242\" data-end=\"758\">Le <strong data-start=\"246\" data-end=\"280\">Premium <a href=\"https:\/\/hktackle.com\/fr\/\">Porte-cannes de p\u00eache sur glace<\/a><\/strong> from HK Tackle est la solution ultime pour les p\u00eacheurs qui demandent un stockage de canne s\u00e9curis\u00e9, fiable et stable pendant la p\u00eache sur glace. Que vous p\u00eachiez sur un lac gel\u00e9 ou sur une rivi\u00e8re recouverte de glace, notre <a href=\"https:\/\/hktackle.com\/fr\/categorie-produit\/outils\/\"><strong data-start=\"480\" data-end=\"499\">supports de canne \u00e0 glace<\/strong><\/a> sont con\u00e7us pour garder vos cannes en s\u00e9curit\u00e9, organis\u00e9es et facilement accessibles \u00e0 tout moment. Parfait pour les p\u00eacheurs professionnels sur glace, les p\u00eacheurs r\u00e9cr\u00e9atifs et les passionn\u00e9s de p\u00eache, ce porte-canne offre un moyen solide et pratique de ranger votre \u00e9quipement sur la glace.<\/p>\n<h4 data-start=\"760\" data-end=\"782\"><img loading=\"lazy\" decoding=\"async\" class=\"alignnone wp-image-1815\" src=\"https:\/\/hktackle.com\/wp-content\/uploads\/2025\/11\/ice-fishing-rod-5-1.jpg\" alt=\"canne \u00e0 p\u00eache sur glace\" width=\"446\" height=\"446\" title=\"\" srcset=\"https:\/\/hktackle.com\/wp-content\/uploads\/2025\/11\/ice-fishing-rod-5-1.jpg 800w, https:\/\/hktackle.com\/wp-content\/uploads\/2025\/11\/ice-fishing-rod-5-1-300x300.jpg 300w, https:\/\/hktackle.com\/wp-content\/uploads\/2025\/11\/ice-fishing-rod-5-1-150x150.jpg 150w, https:\/\/hktackle.com\/wp-content\/uploads\/2025\/11\/ice-fishing-rod-5-1-768x768.jpg 768w, https:\/\/hktackle.com\/wp-content\/uploads\/2025\/11\/ice-fishing-rod-5-1-600x600.jpg 600w\" sizes=\"auto, (max-width: 446px) 100vw, 446px\" \/><\/h4>\n<h4 data-start=\"760\" data-end=\"782\"><strong data-start=\"765\" data-end=\"782\">Caract\u00e9ristiques cl\u00e9s :<\/strong><\/h4>\n<ol data-start=\"784\" data-end=\"4300\">\n<li data-start=\"784\" data-end=\"1359\">\n<p data-start=\"787\" data-end=\"831\"><strong data-start=\"787\" data-end=\"831\">Construction Durable et R\u00e9sistante au Froid :<\/strong><\/p>\n<ul data-start=\"835\" data-end=\"1359\">\n<li data-start=\"835\" data-end=\"1108\">\n<p data-start=\"837\" data-end=\"1108\">Con\u00e7u sp\u00e9cifiquement pour la p\u00eache sur glace, notre <strong data-start=\"880\" data-end=\"907\">r\u00e9servoirs de cannes \u00e0 p\u00eache sur glace<\/strong> sont fabriqu\u00e9s \u00e0 partir de mat\u00e9riaux de haute qualit\u00e9, r\u00e9sistants \u00e0 la corrosion. La conception robuste garantit que le support fonctionnera dans des conditions de gel, offrant stabilit\u00e9 et fiabilit\u00e9 \u00e0 des temp\u00e9ratures extr\u00eames.<\/p>\n<\/li>\n<li data-start=\"1112\" data-end=\"1359\">\n<p data-start=\"1114\" data-end=\"1359\"><strong data-start=\"1114\" data-end=\"1140\">Mat\u00e9riaux r\u00e9sistants aux intemp\u00e9ries<\/strong>Les mat\u00e9riaux du porte-canne sont r\u00e9sistants au gel, garantissant qu'ils ne se fissureront pas, ne se d\u00e9formeront pas et ne se d\u00e9graderont pas \u00e0 des temp\u00e9ratures inf\u00e9rieures \u00e0 z\u00e9ro, vous donnant la confiance que votre \u00e9quipement restera intact tout au long de vos sorties de p\u00eache.<\/p>\n<\/li>\n<\/ul>\n<\/li>\n<li data-start=\"1361\" data-end=\"2155\">\n<p data-start=\"1364\" data-end=\"1391\"><strong data-start=\"1364\" data-end=\"1391\">Maintien stable et s\u00e9curis\u00e9 :<\/strong><\/p>\n<ul data-start=\"1395\" data-end=\"2155\">\n<li data-start=\"1395\" data-end=\"1664\">\n<p data-start=\"1397\" data-end=\"1664\">Le <strong data-start=\"1401\" data-end=\"1419\">porte-roue de glace<\/strong> est con\u00e7u pour une stabilit\u00e9 sup\u00e9rieure, garantissant que vos cannes \u00e0 p\u00eache restent en s\u00e9curit\u00e9 m\u00eame par temps venteux. La base robuste permet un placement stable sur des surfaces glac\u00e9es, tandis que le support de canne lui-m\u00eame maintient votre canne droite et en s\u00e9curit\u00e9.<\/p>\n<\/li>\n<li data-start=\"1668\" data-end=\"1913\">\n<p data-start=\"1670\" data-end=\"1913\"><strong data-start=\"1670\" data-end=\"1689\">Pince r\u00e9glable<\/strong>Dot\u00e9 d'un bras ajustable, ce support peut accueillir des cannes de diff\u00e9rentes tailles et styles. Que vous utilisiez des cannes \u00e0 lancer, \u00e0 app\u00e2t ou m\u00eame des cannes \u00e0 glace sur mesure, le support peut \u00eatre ajust\u00e9 pour s'adapter parfaitement \u00e0 votre \u00e9quipement.<\/p>\n<\/li>\n<li data-start=\"1917\" data-end=\"2155\">\n<p data-start=\"1919\" data-end=\"2155\"><strong data-start=\"1919\" data-end=\"1936\">Poign\u00e9e Antid\u00e9rapante<\/strong>Le support de canne est con\u00e7u pour emp\u00eacher les cannes de glisser ou de tomber, m\u00eame lorsque la glace est glissante ou que le temps est venteux. Cela garantit que vos cannes restent l\u00e0 o\u00f9 vous les avez laiss\u00e9es, pr\u00eates \u00e0 l'action lorsqu'un poisson mord.<\/p>\n<\/li>\n<\/ul>\n<\/li>\n<li data-start=\"2157\" data-end=\"2723\">\n<p data-start=\"2160\" data-end=\"2193\"><strong data-start=\"2160\" data-end=\"2193\">Portable et facile \u00e0 installer :<\/strong><\/p>\n<ul data-start=\"2197\" data-end=\"2723\">\n<li data-start=\"2197\" data-end=\"2459\">\n<p data-start=\"2199\" data-end=\"2459\">Notre <a href=\"https:\/\/hktackle.com\/fr\/guide-des-outils-de-peche\/\"><strong data-start=\"2203\" data-end=\"2231\">supports de canne \u00e0 p\u00eache sur glace<\/strong><\/a> sont portables et l\u00e9gers, ce qui les rend faciles \u00e0 transporter et \u00e0 installer o\u00f9 que vous p\u00eachiez. Le design compact le rend id\u00e9al pour stocker et transporter plusieurs porte-cannes lorsque vous \u00eates sur la glace avec des amis ou des clients.<\/p>\n<\/li>\n<li data-start=\"2463\" data-end=\"2723\">\n<p data-start=\"2465\" data-end=\"2723\"><strong data-start=\"2465\" data-end=\"2480\">Configuration rapide<\/strong>Installer votre porte-canne est simple et rapide, sans avoir besoin d'outils ou d'assemblages complexes. Le support peut \u00eatre facilement mont\u00e9 dans la neige ou sur la glace avec son piquet ou sa base int\u00e9gr\u00e9e, et il maintient vos cannes en place de mani\u00e8re s\u00e9curis\u00e9e tout au long de la journ\u00e9e.<\/p>\n<\/li>\n<\/ul>\n<\/li>\n<li data-start=\"2725\" data-end=\"3311\">\n<p data-start=\"2728\" data-end=\"2767\"><strong data-start=\"2728\" data-end=\"2767\">Design polyvalent pour plusieurs tiges :<\/strong><\/p>\n<ul data-start=\"2771\" data-end=\"3311\">\n<li data-start=\"2771\" data-end=\"3052\">\n<p data-start=\"2773\" data-end=\"3052\">Que vous p\u00eachiez avec une seule canne ou plusieurs cannes, cela <a href=\"https:\/\/hktackle.com\/fr\/guide-des-outils-de-peche\/\"><strong data-start=\"2837\" data-end=\"2863\">porte-canne \u00e0 p\u00eache sur glace<\/strong><\/a> offre la flexibilit\u00e9 de stocker plusieurs cannes \u00e0 la fois. Cette solution de stockage multi-cannes permet aux p\u00eacheurs d'augmenter leurs chances de attraper des poissons sans encombrer leur zone de p\u00eache sur glace.<\/p>\n<\/li>\n<li data-start=\"3056\" data-end=\"3311\">\n<p data-start=\"3058\" data-end=\"3311\"><strong data-start=\"3058\" data-end=\"3085\">Multiples Titulaires en Un<\/strong>Certains mod\u00e8les disposent de plusieurs emplacements pour cannes, vous permettant de ranger plusieurs cannes dans un seul support compact. Cette fonctionnalit\u00e9 est id\u00e9ale pour les p\u00eacheurs qui utilisent plusieurs configurations pour diff\u00e9rentes techniques de p\u00eache et n\u00e9cessitent un stockage efficace.<\/p>\n<\/li>\n<\/ul>\n<\/li>\n<li data-start=\"3313\" data-end=\"3829\">\n<p data-start=\"3316\" data-end=\"3353\"><strong data-start=\"3316\" data-end=\"3353\">Ergonomique et confortable \u00e0 utiliser :<\/strong><\/p>\n<ul data-start=\"3357\" data-end=\"3829\">\n<li data-start=\"3357\" data-end=\"3586\">\n<p data-start=\"3359\" data-end=\"3586\">La conception du porte-canne permet une manipulation facile et un acc\u00e8s rapide \u00e0 vos cannes. Que vous soyez en train de p\u00eacher activement ou en attente d'une touche, vous pouvez facilement attraper votre canne dans le porte-canne et commencer \u00e0 ramener un poisson \u00e0 tout moment.<\/p>\n<\/li>\n<li data-start=\"3590\" data-end=\"3829\">\n<p data-start=\"3592\" data-end=\"3829\"><strong data-start=\"3592\" data-end=\"3613\">Angles pratiques<\/strong>Les angles r\u00e9glables garantissent que vous pouvez placer la canne dans la position la plus confortable et efficace pour la p\u00eache. Cela peut aider \u00e0 pr\u00e9venir les tensions pendant de longues sessions de p\u00eache sur la glace et am\u00e9liorer votre exp\u00e9rience globale.<\/p>\n<\/li>\n<\/ul>\n<\/li>\n<li data-start=\"3831\" data-end=\"4300\">\n<p data-start=\"3834\" data-end=\"3861\"><strong data-start=\"3834\" data-end=\"3861\">Parfait pour l'approvisionnement B2B :<\/strong><\/p>\n<ul data-start=\"3865\" data-end=\"4300\">\n<li data-start=\"3865\" data-end=\"4126\">\n<p data-start=\"3867\" data-end=\"4126\">HK Tackle propose <strong data-start=\"3884\" data-end=\"3911\">r\u00e9servoirs de cannes \u00e0 p\u00eache sur glace<\/strong> en gros pour les entreprises, les d\u00e9taillants et les distributeurs. Que vous approvisionniez votre magasin, proposiez du mat\u00e9riel de location ou \u00e9quipiez un service de guides de p\u00eache, nous pouvons fournir des porte-cannes de haute qualit\u00e9 pour r\u00e9pondre \u00e0 vos besoins.<\/p>\n<\/li>\n<li data-start=\"4130\" data-end=\"4300\">\n<p data-start=\"4132\" data-end=\"4300\"><strong data-start=\"4132\" data-end=\"4157\">Options de personnalisation<\/strong>Les entreprises peuvent demander un branding personnalis\u00e9 sur les supports, facilitant ainsi la promotion de votre entreprise ou l'offre d'\u00e9quipements sur mesure pour les clients.<\/p>\n<\/li>\n<\/ul>\n<\/li>\n<\/ol>\n<h4 data-start=\"4302\" data-end=\"4357\"><\/h4>\n<h4 data-start=\"4302\" data-end=\"4357\"><strong data-start=\"4307\" data-end=\"4357\">Pourquoi choisir le porte-canne \u00e0 p\u00eache sur glace de HK Tackle ?<\/strong><\/h4>\n<ul data-start=\"4359\" data-end=\"4962\">\n<li data-start=\"4359\" data-end=\"4491\">\n<p data-start=\"4361\" data-end=\"4491\"><strong data-start=\"4361\" data-end=\"4378\">Con\u00e7u pour durer<\/strong>Nos supports de cannes \u00e0 p\u00eache en glace sont fabriqu\u00e9s avec des mat\u00e9riaux de premi\u00e8re qualit\u00e9 pour garantir une durabilit\u00e9 \u00e0 long terme dans des conditions extr\u00eames.<\/p>\n<\/li>\n<li data-start=\"4492\" data-end=\"4646\">\n<p data-start=\"4494\" data-end=\"4646\"><strong data-start=\"4494\" data-end=\"4515\">Stable et S\u00fbr<\/strong>Con\u00e7u pour maintenir vos cannes \u00e0 p\u00eache en toute s\u00e9curit\u00e9, r\u00e9duisant le risque de perdre votre mat\u00e9riel en raison de surfaces glissantes ou instables.<\/p>\n<\/li>\n<li data-start=\"4647\" data-end=\"4769\">\n<p data-start=\"4649\" data-end=\"4769\"><strong data-start=\"4649\" data-end=\"4677\">Portable et facile \u00e0 utiliser<\/strong>L\u00e9gers et simples \u00e0 mettre en place, ce qui les rend id\u00e9aux pour les p\u00eacheurs mobiles et les guides de p\u00eache.<\/p>\n<\/li>\n<li data-start=\"4770\" data-end=\"4962\">\n<p data-start=\"4772\" data-end=\"4962\"><strong data-start=\"4772\" data-end=\"4803\">Personnalisable pour les entreprises<\/strong>HK Tackle propose des commandes en gros et de la personnalisation pour votre marque ou vos besoins sp\u00e9cifiques. Approvisionnez votre magasin, service de location ou visites guid\u00e9es avec du mat\u00e9riel de p\u00eache de premier choix.<\/p>\n<\/li>\n<\/ul>\n<div class=\"wpforms-container\" id=\"wpforms-564\"><form id=\"wpforms-form-564\" class=\"wpforms-validate wpforms-form wpforms-ajax-form\" data-formid=\"564\" method=\"post\" enctype=\"multipart\/form-data\" action=\"\/fr\/wp-json\/wp\/v2\/product\/1834\" data-token=\"a5e36027957c0b678575a16e829041db\" data-token-time=\"1776389240\" data-trp-original-action=\"\/fr\/wp-json\/wp\/v2\/product\/1834\"><div class=\"wpforms-head-container\"><div class=\"wpforms-title\">Demande de devis<\/div><\/div><noscript class=\"wpforms-error-noscript\">Veuillez activer JavaScript dans votre navigateur pour remplir ce formulaire.<\/noscript><div class=\"wpforms-field-container\"><div id=\"wpforms-564-field_1-container\" class=\"wpforms-field wpforms-field-name\" data-field-id=\"1\"><label class=\"wpforms-field-label wpforms-label-hide\" for=\"wpforms-564-field_1\">Nom <span class=\"wpforms-required-label\">*<\/span><\/label><input type=\"text\" id=\"wpforms-564-field_1\" class=\"wpforms-field-medium wpforms-field-required\" name=\"wpforms[fields][1]\" placeholder=\"Nom\" required><\/div><div id=\"wpforms-564-field_2-container\" class=\"wpforms-field wpforms-field-name\" data-field-id=\"2\"><label class=\"wpforms-field-label wpforms-label-hide\" for=\"wpforms-564-field_2\">Whatsapp <span class=\"wpforms-required-label\">*<\/span><\/label><input type=\"text\" id=\"wpforms-564-field_2\" class=\"wpforms-field-medium wpforms-field-required\" name=\"wpforms[fields][2]\" placeholder=\"Whatapp\" required><\/div>\t\t<div id=\"wpforms-564-field_7-container\"\n\t\t\tclass=\"wpforms-field wpforms-field-text\"\n\t\t\tdata-field-type=\"text\"\n\t\t\tdata-field-id=\"7\"\n\t\t\t>\n\t\t\t<label class=\"wpforms-field-label\" for=\"wpforms-564-field_7\" >Whatsapp page de demande Email<\/label>\n\t\t\t<input type=\"text\" id=\"wpforms-564-field_7\" class=\"wpforms-field-medium\" name=\"wpforms[fields][7]\" >\n\t\t<\/div>\n\t\t<div id=\"wpforms-564-field_4-container\" class=\"wpforms-field wpforms-field-name\" data-field-id=\"4\"><label class=\"wpforms-field-label wpforms-label-hide\" for=\"wpforms-564-field_4\">Email <span class=\"wpforms-required-label\">*<\/span><\/label><input type=\"text\" id=\"wpforms-564-field_4\" class=\"wpforms-field-medium wpforms-field-required\" name=\"wpforms[fields][4]\" placeholder=\"Email\" required><\/div><div id=\"wpforms-564-field_3-container\" class=\"wpforms-field wpforms-field-name\" data-field-id=\"3\"><label class=\"wpforms-field-label wpforms-label-hide\" for=\"wpforms-564-field_3\">Enqu\u00eate <span class=\"wpforms-required-label\">*<\/span><\/label><input type=\"text\" id=\"wpforms-564-field_3\" class=\"wpforms-field-medium wpforms-field-required\" name=\"wpforms[fields][3]\" placeholder=\"quel produit vous avez besoin\" required><\/div><div id=\"wpforms-564-field_5-container\" class=\"wpforms-field wpforms-field-hidden\" data-field-id=\"5\"><input type=\"hidden\" id=\"wpforms-564-field_5\" name=\"wpforms[fields][5]\" value=\"216.73.216.251\"><\/div><div id=\"wpforms-564-field_6-container\" class=\"wpforms-field wpforms-field-hidden\" data-field-id=\"6\"><input type=\"hidden\" id=\"wpforms-564-field_6\" name=\"wpforms[fields][6]\" value=\"https:\/\/hktackle.com\/fr\/wp-json\/wp\/v2\/product\/1834\"><\/div><script>\n\t\t\t\t( function() {\n\t\t\t\t\tconst style = document.createElement( 'style' );\n\t\t\t\t\tstyle.appendChild( document.createTextNode( '#wpforms-564-field_7-container { position: absolute !important; overflow: hidden !important; display: inline !important; height: 1px !important; width: 1px !important; z-index: -1000 !important; padding: 0 !important; } #wpforms-564-field_7-container input { visibility: hidden; } #wpforms-conversational-form-page #wpforms-564-field_7-container label { counter-increment: none; }' ) );\n\t\t\t\t\tdocument.head.appendChild( style );\n\t\t\t\t\tdocument.currentScript?.remove();\n\t\t\t\t} )();\n\t\t\t<\/script><\/div><!-- .wpforms-field-container --><div class=\"wpforms-submit-container\" ><input type=\"hidden\" name=\"wpforms[id]\" value=\"564\"><input type=\"hidden\" name=\"page_title\" value=\"\"><input type=\"hidden\" name=\"page_url\" value=\"https:\/\/hktackle.com\/fr\/wp-json\/wp\/v2\/product\/1834\"><input type=\"hidden\" name=\"url_referer\" value=\"\"><button type=\"submit\" name=\"wpforms[submit]\" id=\"wpforms-submit-564\" class=\"wpforms-submit\" data-alt-text=\"Sending\" data-submit-text=\"Summit\" aria-live=\"assertive\" value=\"wpforms-submit\">Sommet<\/button><img loading=\"lazy\" decoding=\"async\" src=\"https:\/\/hktackle.com\/wp-content\/plugins\/wpforms\/assets\/images\/submit-spin.svg\" class=\"wpforms-submit-spinner\" style=\"display: none;\" width=\"26\" height=\"26\" alt=\"Chargement en cours\" title=\"\"><\/div><input type=\"hidden\" name=\"trp-form-language\" value=\"fr\"\/><\/form><\/div>  <!-- .wpforms-container -->","protected":false},"excerpt":{"rendered":"<p>Assurez-vous que vos tiges restent s\u00e9curis\u00e9es et organis\u00e9es avec le <strong data-start=\"5486\" data-end=\"5520\">Support de canne \u00e0 p\u00eache sur glace premium<\/strong> de HK Tackle. Con\u00e7u pour des conditions de froid extr\u00eame, ce support offre stabilit\u00e9, durabilit\u00e9 et acc\u00e8s facile pour tous vos besoins de p\u00eache sur glace. Parfait pour les p\u00eacheurs sur la glace !<\/p>\n<div class=\"wp-block-stackable-button stk-block-button popmake-1340 stk-block stk-13b8711 popmake-1340\" data-block-id=\"13b8711\">\n<style>.stk-13b8711 {min-height:var(--stk--preset--block-height--x-small, 4rem) !important;padding-top:var(--stk--preset--spacing--none, 0px) !important;padding-right:var(--stk--preset--spacing--none, 0px) !important;padding-bottom:var(--stk--preset--spacing--none, 0px) !important;padding-left:var(--stk--preset--spacing--none, 0px) !important;}.stk-13b8711 .stk-button{min-height:36px !important;padding-top:var(--stk--preset--spacing--40, 1rem) !important;padding-right:33px !important;padding-bottom:var(--stk--preset--spacing--40, 1rem) !important;background:#2db2eb !important;border-top-left-radius:var(--stk--preset--border-radius--small, 4px) !important;border-top-right-radius:var(--stk--preset--border-radius--small, 4px) !important;border-bottom-right-radius:var(--stk--preset--border-radius--small, 4px) !important;border-bottom-left-radius:var(--stk--preset--border-radius--small, 4px) !important;}.stk-13b8711 .stk-button__inner-text{color:#fffffe !important;}<\/style>\n<p><a class=\"stk-link stk-button stk--hover-effect-lift-scale-more\"><span class=\"has-text-color stk-button__inner-text\">Demander un devis <\/span><\/a><\/p>\n<\/div>","protected":false},"featured_media":1811,"template":"","meta":[],"product_brand":[30],"product_cat":[22],"product_tag":[],"class_list":{"0":"post-1834","1":"product","2":"type-product","3":"status-publish","4":"has-post-thumbnail","6":"product_brand-hk-tackle","7":"product_cat-tools","9":"first","10":"instock","11":"shipping-taxable","12":"product-type-simple"},"_links":{"self":[{"href":"https:\/\/hktackle.com\/fr\/wp-json\/wp\/v2\/product\/1834","targetHints":{"allow":["GET"]}}],"collection":[{"href":"https:\/\/hktackle.com\/fr\/wp-json\/wp\/v2\/product"}],"about":[{"href":"https:\/\/hktackle.com\/fr\/wp-json\/wp\/v2\/types\/product"}],"wp:featuredmedia":[{"embeddable":true,"href":"https:\/\/hktackle.com\/fr\/wp-json\/wp\/v2\/media\/1811"}],"wp:attachment":[{"href":"https:\/\/hktackle.com\/fr\/wp-json\/wp\/v2\/media?parent=1834"}],"wp:term":[{"taxonomy":"product_brand","embeddable":true,"href":"https:\/\/hktackle.com\/fr\/wp-json\/wp\/v2\/product_brand?post=1834"},{"taxonomy":"product_cat","embeddable":true,"href":"https:\/\/hktackle.com\/fr\/wp-json\/wp\/v2\/product_cat?post=1834"},{"taxonomy":"product_tag","embeddable":true,"href":"https:\/\/hktackle.com\/fr\/wp-json\/wp\/v2\/product_tag?post=1834"}],"curies":[{"name":"wp","href":"https:\/\/api.w.org\/{rel}","templated":true}]}}