{"id":1835,"date":"2025-11-13T04:50:15","date_gmt":"2025-11-13T04:50:15","guid":{"rendered":"https:\/\/hktackle.com\/?post_type=product&#038;p=1835"},"modified":"2025-12-02T15:14:29","modified_gmt":"2025-12-02T15:14:29","slug":"meilleurs-moulinets-de-peche-a-la-mouche","status":"publish","type":"product","link":"https:\/\/hktackle.com\/fr\/produit\/meilleurs-moulinets-de-peche-a-la-mouche","title":{"rendered":"Moulinets de p\u00eache \u00e0 la mouche premium \u2013 Meilleur choix pour la pr\u00e9cision et la durabilit\u00e9"},"content":{"rendered":"<h1 data-start=\"137\" data-end=\"223\">Moulinets de p\u00eache \u00e0 la mouche premium \u2013 Meilleur choix pour la pr\u00e9cision et la durabilit\u00e9<\/h1>\n<p data-start=\"225\" data-end=\"254\"><img loading=\"lazy\" decoding=\"async\" class=\"alignnone wp-image-1841\" src=\"https:\/\/hktackle.com\/wp-content\/uploads\/2025\/11\/best-fly-fishing-reels-6.jpg\" alt=\"meilleurs moulinets de p\u00eache \u00e0 la mouche\" width=\"390\" height=\"390\" title=\"\" srcset=\"https:\/\/hktackle.com\/wp-content\/uploads\/2025\/11\/best-fly-fishing-reels-6.jpg 750w, https:\/\/hktackle.com\/wp-content\/uploads\/2025\/11\/best-fly-fishing-reels-6-300x300.jpg 300w, https:\/\/hktackle.com\/wp-content\/uploads\/2025\/11\/best-fly-fishing-reels-6-150x150.jpg 150w, https:\/\/hktackle.com\/wp-content\/uploads\/2025\/11\/best-fly-fishing-reels-6-600x600.jpg 600w\" sizes=\"auto, (max-width: 390px) 100vw, 390px\" \/><img loading=\"lazy\" decoding=\"async\" class=\"alignnone wp-image-1839\" src=\"https:\/\/hktackle.com\/wp-content\/uploads\/2025\/11\/best-fly-fishing-reels-4.jpg\" alt=\"moulinets \u00e0 mouche en eau sal\u00e9e\" width=\"390\" height=\"390\" title=\"\" srcset=\"https:\/\/hktackle.com\/wp-content\/uploads\/2025\/11\/best-fly-fishing-reels-4.jpg 750w, https:\/\/hktackle.com\/wp-content\/uploads\/2025\/11\/best-fly-fishing-reels-4-300x300.jpg 300w, https:\/\/hktackle.com\/wp-content\/uploads\/2025\/11\/best-fly-fishing-reels-4-150x150.jpg 150w, https:\/\/hktackle.com\/wp-content\/uploads\/2025\/11\/best-fly-fishing-reels-4-600x600.jpg 600w\" sizes=\"auto, (max-width: 390px) 100vw, 390px\" \/><\/p>\n<p data-start=\"256\" data-end=\"673\">D\u00e9couvrez le summum de la technologie de p\u00eache \u00e0 la mouche avec le <strong data-start=\"313\" data-end=\"342\">Premium <a href=\"https:\/\/hktackle.com\/fr\/guide-des-moulinets-de-peche\/\">Meilleurs moulinets de p\u00eache \u00e0 la mouche<\/a><\/strong> de HK Tackle. Con\u00e7us pour les p\u00eacheurs qui exigent le meilleur, nos moulinets de p\u00eache \u00e0 la mouche allient ing\u00e9nierie de pointe et savoir-faire sup\u00e9rieur pour offrir une exp\u00e9rience de p\u00eache exceptionnelle. Que vous cibliez des esp\u00e8ces d'eau douce ou que vous affrontiez les d\u00e9fis de la p\u00eache en eau sal\u00e9e, nos moulinets sont con\u00e7us pour performer dans n'importe quel environnement.<\/p>\n<h2 data-start=\"675\" data-end=\"697\"><img loading=\"lazy\" decoding=\"async\" class=\"alignnone wp-image-1837\" src=\"https:\/\/hktackle.com\/wp-content\/uploads\/2025\/11\/best-fly-fishing-reels-2.jpg\" alt=\"vente de moulinets \u00e0 mouche\" width=\"686\" height=\"405\" title=\"\" srcset=\"https:\/\/hktackle.com\/wp-content\/uploads\/2025\/11\/best-fly-fishing-reels-2.jpg 750w, https:\/\/hktackle.com\/wp-content\/uploads\/2025\/11\/best-fly-fishing-reels-2-300x177.jpg 300w, https:\/\/hktackle.com\/wp-content\/uploads\/2025\/11\/best-fly-fishing-reels-2-600x354.jpg 600w\" sizes=\"auto, (max-width: 686px) 100vw, 686px\" \/><\/h2>\n<h2 data-start=\"675\" data-end=\"697\"><strong data-start=\"680\" data-end=\"697\">Meilleures moulinets de p\u00eache \u00e0 la mouche Caract\u00e9ristiques cl\u00e9s :<\/strong><\/h2>\n<ol data-start=\"699\" data-end=\"4529\">\n<li data-start=\"699\" data-end=\"1242\">\n<h3 data-start=\"702\" data-end=\"751\"><strong data-start=\"702\" data-end=\"751\">Ing\u00e9nierie de pr\u00e9cision pour une performance fluide :<\/strong><\/h3>\n<ul data-start=\"755\" data-end=\"1242\">\n<li data-start=\"755\" data-end=\"1005\">\n<p data-start=\"757\" data-end=\"1005\">Notre <a href=\"https:\/\/hktackle.com\/fr\/introduction-du-produit\/guide-b2b-des-fournisseurs-de-moulinets-de-peche\/\"><strong data-start=\"761\" data-end=\"787\">moulinets \u00e0 mouche en eau sal\u00e9e<\/strong><\/a> sont con\u00e7us avec la pr\u00e9cision n\u00e9cessaire pour assurer une r\u00e9cup\u00e9ration de ligne fluide et sans effort. \u00c9quip\u00e9s de syst\u00e8mes de tra\u00een\u00e9e de haute qualit\u00e9, ces moulinets offrent un excellent contr\u00f4le de la tension, vous permettant de lutter contre le poisson en toute confiance.<\/p>\n<\/li>\n<li data-start=\"1009\" data-end=\"1238\">\n<p data-start=\"1011\" data-end=\"1238\"><strong data-start=\"1011\" data-end=\"1035\">Syst\u00e8me de Glissement Soud\u00e9<\/strong>Les moulinets disposent de syst\u00e8mes de freinage avanc\u00e9s qui offrent une douceur exceptionnelle lors de l'ajustement de la r\u00e9sistance. Cela donne aux p\u00eacheurs un contr\u00f4le total pendant la prise, r\u00e9duisant les chances de probl\u00e8me de fil ou de rupture de ligne.<\/p>\n<\/li>\n<\/ul>\n<\/li>\n<li data-start=\"1243\" data-end=\"1875\">\n<h3 data-start=\"1246\" data-end=\"1295\"><strong data-start=\"1246\" data-end=\"1295\">R\u00e9sistant \u00e0 la corrosion pour des aventures en eau sal\u00e9e :<\/strong><\/h3>\n<ul data-start=\"1299\" data-end=\"1875\">\n<li data-start=\"1299\" data-end=\"1648\">\n<p data-start=\"1301\" data-end=\"1648\">Construit avec <a href=\"https:\/\/hktackle.com\/fr\/categorie-produit\/bobines\/\"><strong data-start=\"1312\" data-end=\"1335\">moulinets \u00e0 mouche en eau sal\u00e9e<\/strong><\/a> en t\u00eate, nos moulinets sont construits \u00e0 partir de mat\u00e9riaux r\u00e9sistants \u00e0 la corrosion, ce qui les rend parfaits pour une utilisation en eau douce et en eau sal\u00e9e. Que vous p\u00eachiez dans des eaux c\u00f4ti\u00e8res, des rivi\u00e8res ou des lacs, nos moulinets \u00e0 mouche conservent leur performance et leur int\u00e9grit\u00e9 esth\u00e9tique m\u00eame apr\u00e8s une exposition prolong\u00e9e \u00e0 l'eau sal\u00e9e.<\/p>\n<\/li>\n<li data-start=\"1652\" data-end=\"1871\">\n<p data-start=\"1654\" data-end=\"1871\"><strong data-start=\"1654\" data-end=\"1678\">Construction durable<\/strong>Le cadre et la bobine du moulinet sont fabriqu\u00e9s en aluminium anodis\u00e9, r\u00e9sistant \u00e0 la rouille, \u00e0 la corrosion et \u00e0 l'usure. Cela garantit un investissement durable tant pour les p\u00eacheurs occasionnels que pour les guides professionnels.<\/p>\n<\/li>\n<\/ul>\n<\/li>\n<li data-start=\"1876\" data-end=\"2396\">\n<h3 data-start=\"1879\" data-end=\"1907\"><strong data-start=\"1879\" data-end=\"1907\">L\u00e9ger mais durable :<\/strong><\/h3>\n<ul data-start=\"1911\" data-end=\"2396\">\n<li data-start=\"1911\" data-end=\"2153\">\n<p data-start=\"1913\" data-end=\"2153\">Le <strong data-start=\"1917\" data-end=\"1938\">moulinets de p\u00eache \u00e0 la mouche<\/strong> Les \u00e9quipements de HK Tackle sont fabriqu\u00e9s avec des mat\u00e9riaux l\u00e9gers qui r\u00e9duisent la fatigue lors de longues sessions de p\u00eache. Malgr\u00e9 leur construction l\u00e9g\u00e8re, ils sont extr\u00eamement durables et con\u00e7us pour r\u00e9sister aux rigueurs d'une utilisation fr\u00e9quente.<\/p>\n<\/li>\n<li data-start=\"2157\" data-end=\"2396\">\n<p data-start=\"2159\" data-end=\"2396\"><strong data-start=\"2159\" data-end=\"2177\">Conception compacte<\/strong>Le design compact et ergonomique du moulinet garantit qu'il reste facile \u00e0 man\u0153uvrer lors du lancer et du ramassage. L'\u00e9quilibre entre le poids et la r\u00e9sistance garantit que vous pouvez profiter de longues heures de p\u00eache sans inconfort.<\/p>\n<\/li>\n<\/ul>\n<\/li>\n<li data-start=\"2398\" data-end=\"2991\">\n<h3 data-start=\"2401\" data-end=\"2443\"><strong data-start=\"2401\" data-end=\"2443\">Capacit\u00e9 de ligne am\u00e9lior\u00e9e et vitesse de bobine :<\/strong><\/h3>\n<ul data-start=\"2447\" data-end=\"2991\">\n<li data-start=\"2447\" data-end=\"2741\">\n<p data-start=\"2449\" data-end=\"2741\">Con\u00e7us pour g\u00e9rer diff\u00e9rents types de lignes, y compris des bas de ligne plus l\u00e9gers et des fil leaders plus lourds, ces moulinets offrent une capacit\u00e9 de ligne g\u00e9n\u00e9reuse pour accommoder des lancers longs et prolong\u00e9s. Que vous p\u00eachiez avec une canne de 3wt pour les truites de petits ruisseaux ou une canne de 10wt pour les grandes esp\u00e8ces maritimes, nos moulinets sont l\u00e0 pour vous.<\/p>\n<\/li>\n<li data-start=\"2745\" data-end=\"2991\">\n<p data-start=\"2747\" data-end=\"2991\"><strong data-start=\"2747\" data-end=\"2770\">R\u00e9cup\u00e9ration \u00e0 haute vitesse<\/strong>Le syst\u00e8me de r\u00e9cup\u00e9ration \u00e0 grande vitesse du moulinet assure un enroulement rapide de la ligne, vous offrant des r\u00e9ponses rapides lorsque un poisson prend l'app\u00e2t. Cette fonction est particuli\u00e8rement utile dans les eaux \u00e0 courant rapide ou lors de la p\u00eache de esp\u00e8ces de poissons agressifs.<\/p>\n<\/li>\n<\/ul>\n<\/li>\n<li data-start=\"2993\" data-end=\"3590\">\n<h3 data-start=\"2996\" data-end=\"3030\"><strong data-start=\"2996\" data-end=\"3030\">Personnalisable pour chaque p\u00eacheur :<\/strong><\/h3>\n<ul data-start=\"3034\" data-end=\"3590\">\n<li data-start=\"3034\" data-end=\"3353\">\n<p data-start=\"3036\" data-end=\"3353\">Le <a href=\"https:\/\/hktackle.com\/fr\/guide-des-moulinets-de-peche\/\"><strong data-start=\"3040\" data-end=\"3057\">vente de moulinets \u00e0 mouche<\/strong><\/a> La section \u00e0 HK Tackle propose une gamme d'options personnalisables, vous permettant de choisir le moulinet qui correspond parfaitement \u00e0 vos besoins. Choisissez parmi diff\u00e9rentes tailles, couleurs et syst\u00e8mes de frein pour correspondre \u00e0 votre style de p\u00eache sp\u00e9cifique, que ce soit pour un lancer d\u00e9licat dans des eaux calmes ou pour lutter contre de gros poissons marins.<\/p>\n<\/li>\n<li data-start=\"3357\" data-end=\"3590\">\n<p data-start=\"3359\" data-end=\"3590\"><strong data-start=\"3359\" data-end=\"3380\">Vari\u00e9t\u00e9 de mod\u00e8les<\/strong>Nous proposons plusieurs mod\u00e8les avec diverses caract\u00e9ristiques adapt\u00e9es \u00e0 diff\u00e9rentes conditions de p\u00eache. Notre gamme de produits comprend \u00e0 la fois des options l\u00e9g\u00e8res et des mod\u00e8les robustes, garantissant qu'il y a un moulinet parfait pour chaque p\u00eacheur.<\/p>\n<\/li>\n<\/ul>\n<\/li>\n<li data-start=\"3592\" data-end=\"4041\">\n<h3 data-start=\"3595\" data-end=\"3623\"><strong data-start=\"3595\" data-end=\"3623\">Design de poignee ergonomique :<\/strong><\/h3>\n<ul data-start=\"3627\" data-end=\"4041\">\n<li data-start=\"3627\" data-end=\"3848\">\n<p data-start=\"3629\" data-end=\"3848\">Dot\u00e9s d'un design de poign\u00e9e ergonomique, ces bobines offrent un confort lors de longs lancers et de mouvements de r\u00e9enroulement r\u00e9p\u00e9titifs. La prise de la poign\u00e9e est optimis\u00e9e pour diff\u00e9rentes tailles de main, assurant une prise s\u00e9curis\u00e9e quelles que soient les conditions.<\/p>\n<\/li>\n<li data-start=\"3852\" data-end=\"4041\">\n<p data-start=\"3854\" data-end=\"4041\"><strong data-start=\"3854\" data-end=\"3880\">M\u00e9canisme anti-retour<\/strong>Avec un m\u00e9canisme anti-retour int\u00e9gr\u00e9, ces moulinets emp\u00eachent le mouvement arri\u00e8re, maintenant votre ligne en position et ajoutant de la stabilit\u00e9 \u00e0 votre technique de p\u00eache.<\/p>\n<\/li>\n<\/ul>\n<\/li>\n<li data-start=\"4043\" data-end=\"4529\">\n<h3 data-start=\"4046\" data-end=\"4084\"><strong data-start=\"4046\" data-end=\"4084\">Commandes en gros B2B et personnalisation :<\/strong><\/h3>\n<ul data-start=\"4088\" data-end=\"4529\">\n<li data-start=\"4088\" data-end=\"4349\">\n<p data-start=\"4090\" data-end=\"4349\">En tant que fournisseur leader pour les clients B2B, HK Tackle propose des options d'achat en gros pour les d\u00e9taillants, les distributeurs et les guides de p\u00eache. Nous pouvons ex\u00e9cuter de grandes commandes avec une personnalisation de la marque, garantissant que votre entreprise propose des produits de haute qualit\u00e9 sous votre nom de marque.<\/p>\n<\/li>\n<li data-start=\"4353\" data-end=\"4529\">\n<p data-start=\"4355\" data-end=\"4529\"><strong data-start=\"4355\" data-end=\"4372\">Exp\u00e9dition rapide<\/strong>Nous proposons des options d'exp\u00e9dition fiables et mondiales, garantissant que vos produits arrivent \u00e0 temps, que vous r\u00e9approvisionniez votre magasin ou que vous ex\u00e9cutiez des commandes clients.<\/p>\n<\/li>\n<\/ul>\n<\/li>\n<\/ol>\n<h2 data-start=\"4531\" data-end=\"4581\"><img loading=\"lazy\" decoding=\"async\" class=\"alignnone wp-image-1844\" src=\"https:\/\/hktackle.com\/wp-content\/uploads\/2025\/11\/best-fly-fishing-reels-9.jpg\" alt=\"vente de moulinets \u00e0 mouche\" width=\"390\" height=\"390\" title=\"\" srcset=\"https:\/\/hktackle.com\/wp-content\/uploads\/2025\/11\/best-fly-fishing-reels-9.jpg 750w, https:\/\/hktackle.com\/wp-content\/uploads\/2025\/11\/best-fly-fishing-reels-9-300x300.jpg 300w, https:\/\/hktackle.com\/wp-content\/uploads\/2025\/11\/best-fly-fishing-reels-9-150x150.jpg 150w, https:\/\/hktackle.com\/wp-content\/uploads\/2025\/11\/best-fly-fishing-reels-9-600x600.jpg 600w\" sizes=\"auto, (max-width: 390px) 100vw, 390px\" \/><img loading=\"lazy\" decoding=\"async\" class=\"alignnone wp-image-1842\" src=\"https:\/\/hktackle.com\/wp-content\/uploads\/2025\/11\/best-fly-fishing-reels-7.jpg\" alt=\"moulinets \u00e0 mouche en eau sal\u00e9e\" width=\"390\" height=\"390\" title=\"\" srcset=\"https:\/\/hktackle.com\/wp-content\/uploads\/2025\/11\/best-fly-fishing-reels-7.jpg 750w, https:\/\/hktackle.com\/wp-content\/uploads\/2025\/11\/best-fly-fishing-reels-7-300x300.jpg 300w, https:\/\/hktackle.com\/wp-content\/uploads\/2025\/11\/best-fly-fishing-reels-7-150x150.jpg 150w, https:\/\/hktackle.com\/wp-content\/uploads\/2025\/11\/best-fly-fishing-reels-7-600x600.jpg 600w\" sizes=\"auto, (max-width: 390px) 100vw, 390px\" \/><\/h2>\n<h2 data-start=\"4531\" data-end=\"4581\"><strong data-start=\"4536\" data-end=\"4581\">Pourquoi choisir HK Tackle's <a href=\"https:\/\/hktackle.com\/fr\/\">Moulinets de p\u00eache \u00e0 la mouche<\/a>?<\/strong><\/h2>\n<p><img loading=\"lazy\" decoding=\"async\" class=\"alignnone wp-image-1469\" src=\"https:\/\/hktackle.com\/wp-content\/uploads\/2025\/11\/HK-fishing-tackle.jpg\" alt=\"HK \u00c9quipement de p\u00eache\" width=\"684\" height=\"465\" title=\"\" srcset=\"https:\/\/hktackle.com\/wp-content\/uploads\/2025\/11\/HK-fishing-tackle.jpg 861w, https:\/\/hktackle.com\/wp-content\/uploads\/2025\/11\/HK-fishing-tackle-300x204.jpg 300w, https:\/\/hktackle.com\/wp-content\/uploads\/2025\/11\/HK-fishing-tackle-768x522.jpg 768w, https:\/\/hktackle.com\/wp-content\/uploads\/2025\/11\/HK-fishing-tackle-600x408.jpg 600w\" sizes=\"auto, (max-width: 684px) 100vw, 684px\" \/><\/p>\n<ul data-start=\"4583\" data-end=\"5185\">\n<li data-start=\"4583\" data-end=\"4730\">\n<p data-start=\"4585\" data-end=\"4730\"><strong data-start=\"4585\" data-end=\"4606\">Design innovant<\/strong>: Notre <a href=\"https:\/\/hktackle.com\/fr\/introduction-du-produit\/guide-b2b-des-fournisseurs-de-moulinets-de-peche\/\">moulinets de p\u00eache \u00e0 la mouche<\/a> met en avant les derni\u00e8res avanc\u00e9es en mati\u00e8re de technologie de bobines, garantissant une performance fluide et une durabilit\u00e9 dans toutes les conditions.<\/p>\n<\/li>\n<li data-start=\"4731\" data-end=\"4880\">\n<p data-start=\"4733\" data-end=\"4880\"><strong data-start=\"4733\" data-end=\"4752\">Pr\u00eat pour l'eau sal\u00e9e<\/strong>Con\u00e7ues pour r\u00e9sister \u00e0 des environnements marins sal\u00e9s rigoureux, ces moulinets r\u00e9sistent \u00e0 la corrosion et offrent des performances constantes sur l'eau.<\/p>\n<\/li>\n<li data-start=\"4881\" data-end=\"5034\">\n<p data-start=\"4883\" data-end=\"5034\"><strong data-start=\"4883\" data-end=\"4908\">Options de personnalisation<\/strong>Avec une vari\u00e9t\u00e9 de tailles, de couleurs et de caract\u00e9ristiques \u00e0 choisir, vous pouvez trouver le moulinet parfait pour vos besoins de p\u00eache sp\u00e9cifiques.<\/p>\n<\/li>\n<li data-start=\"5035\" data-end=\"5185\">\n<p data-start=\"5037\" data-end=\"5185\"><strong data-start=\"5037\" data-end=\"5063\">Parfait pour l'approvisionnement B2B<\/strong>Avec des options d'achat en gros et un branding personnalis\u00e9, HK Tackle propose les solutions id\u00e9ales de moulinets \u00e0 mouches pour les besoins de votre entreprise.<\/p>\n<\/li>\n<\/ul>\n<div class=\"wpforms-container\" id=\"wpforms-564\"><form id=\"wpforms-form-564\" class=\"wpforms-validate wpforms-form wpforms-ajax-form\" data-formid=\"564\" method=\"post\" enctype=\"multipart\/form-data\" action=\"\/fr\/wp-json\/wp\/v2\/product\/1835\" data-token=\"2fd808068759bff28356ee199b5d3193\" data-token-time=\"1776603031\" data-trp-original-action=\"\/fr\/wp-json\/wp\/v2\/product\/1835\"><div class=\"wpforms-head-container\"><div class=\"wpforms-title\">Demande de devis<\/div><\/div><noscript class=\"wpforms-error-noscript\">Veuillez activer JavaScript dans votre navigateur pour remplir ce formulaire.<\/noscript><div class=\"wpforms-field-container\"><div id=\"wpforms-564-field_1-container\" class=\"wpforms-field wpforms-field-name\" data-field-id=\"1\"><label class=\"wpforms-field-label wpforms-label-hide\" for=\"wpforms-564-field_1\">Nom <span class=\"wpforms-required-label\">*<\/span><\/label><input type=\"text\" id=\"wpforms-564-field_1\" class=\"wpforms-field-medium wpforms-field-required\" name=\"wpforms[fields][1]\" placeholder=\"Nom\" required><\/div><div id=\"wpforms-564-field_2-container\" class=\"wpforms-field wpforms-field-name\" data-field-id=\"2\"><label class=\"wpforms-field-label wpforms-label-hide\" for=\"wpforms-564-field_2\">Whatsapp <span class=\"wpforms-required-label\">*<\/span><\/label><input type=\"text\" id=\"wpforms-564-field_2\" class=\"wpforms-field-medium wpforms-field-required\" name=\"wpforms[fields][2]\" placeholder=\"Whatapp\" required><\/div>\t\t<div id=\"wpforms-564-field_7-container\"\n\t\t\tclass=\"wpforms-field wpforms-field-text\"\n\t\t\tdata-field-type=\"text\"\n\t\t\tdata-field-id=\"7\"\n\t\t\t>\n\t\t\t<label class=\"wpforms-field-label\" for=\"wpforms-564-field_7\" >Demande de nom Whatsapp<\/label>\n\t\t\t<input type=\"text\" id=\"wpforms-564-field_7\" class=\"wpforms-field-medium\" name=\"wpforms[fields][7]\" >\n\t\t<\/div>\n\t\t<div id=\"wpforms-564-field_4-container\" class=\"wpforms-field wpforms-field-name\" data-field-id=\"4\"><label class=\"wpforms-field-label wpforms-label-hide\" for=\"wpforms-564-field_4\">Email <span class=\"wpforms-required-label\">*<\/span><\/label><input type=\"text\" id=\"wpforms-564-field_4\" class=\"wpforms-field-medium wpforms-field-required\" name=\"wpforms[fields][4]\" placeholder=\"Email\" required><\/div><div id=\"wpforms-564-field_3-container\" class=\"wpforms-field wpforms-field-name\" data-field-id=\"3\"><label class=\"wpforms-field-label wpforms-label-hide\" for=\"wpforms-564-field_3\">Enqu\u00eate <span class=\"wpforms-required-label\">*<\/span><\/label><input type=\"text\" id=\"wpforms-564-field_3\" class=\"wpforms-field-medium wpforms-field-required\" name=\"wpforms[fields][3]\" placeholder=\"quel produit vous avez besoin\" required><\/div><div id=\"wpforms-564-field_5-container\" class=\"wpforms-field wpforms-field-hidden\" data-field-id=\"5\"><input type=\"hidden\" id=\"wpforms-564-field_5\" name=\"wpforms[fields][5]\" value=\"216.73.217.52\"><\/div><div id=\"wpforms-564-field_6-container\" class=\"wpforms-field wpforms-field-hidden\" data-field-id=\"6\"><input type=\"hidden\" id=\"wpforms-564-field_6\" name=\"wpforms[fields][6]\" value=\"https:\/\/hktackle.com\/fr\/wp-json\/wp\/v2\/product\/1835\"><\/div><script>\n\t\t\t\t( function() {\n\t\t\t\t\tconst style = document.createElement( 'style' );\n\t\t\t\t\tstyle.appendChild( document.createTextNode( '#wpforms-564-field_7-container { position: absolute !important; overflow: hidden !important; display: inline !important; height: 1px !important; width: 1px !important; z-index: -1000 !important; padding: 0 !important; } #wpforms-564-field_7-container input { visibility: hidden; } #wpforms-conversational-form-page #wpforms-564-field_7-container label { counter-increment: none; }' ) );\n\t\t\t\t\tdocument.head.appendChild( style );\n\t\t\t\t\tdocument.currentScript?.remove();\n\t\t\t\t} )();\n\t\t\t<\/script><\/div><!-- .wpforms-field-container --><div class=\"wpforms-submit-container\" ><input type=\"hidden\" name=\"wpforms[id]\" value=\"564\"><input type=\"hidden\" name=\"page_title\" value=\"\"><input type=\"hidden\" name=\"page_url\" value=\"https:\/\/hktackle.com\/fr\/wp-json\/wp\/v2\/product\/1835\"><input type=\"hidden\" name=\"url_referer\" value=\"\"><button type=\"submit\" name=\"wpforms[submit]\" id=\"wpforms-submit-564\" class=\"wpforms-submit\" data-alt-text=\"Sending\" data-submit-text=\"Summit\" aria-live=\"assertive\" value=\"wpforms-submit\">Sommet<\/button><img loading=\"lazy\" decoding=\"async\" src=\"https:\/\/hktackle.com\/wp-content\/plugins\/wpforms\/assets\/images\/submit-spin.svg\" class=\"wpforms-submit-spinner\" style=\"display: none;\" width=\"26\" height=\"26\" alt=\"Chargement en cours\" title=\"\"><\/div><input type=\"hidden\" name=\"trp-form-language\" value=\"fr\"\/><\/form><\/div>  <!-- .wpforms-container -->\n<div id=\"gtx-trans\" style=\"position: absolute; left: 226px; top: 3254.12px;\">\n<div class=\"gtx-trans-icon\"><\/div>\n<\/div>","protected":false},"excerpt":{"rendered":"<div class=\"image-container\">\n<p>D\u00e9couvrez le meilleur de la p\u00eache \u00e0 la mouche avec HK Tackle. <strong data-start=\"5721\" data-end=\"5750\">Moulinets de p\u00eache \u00e0 la mouche haut de gamme<\/strong>Con\u00e7us pour la performance, la durabilit\u00e9 et la r\u00e9sistance \u00e0 la corrosion, ces enrouleurs excellent tant en eau sal\u00e9e qu'en eau douce. D\u00e9couvrez notre <strong data-start=\"5890\" data-end=\"5907\">vente de moulinets \u00e0 mouche<\/strong> pour des offres imbattables aujourd'hui.<\/p>\n<\/div>\n<div class=\"wp-block-stackable-button stk-block-button popmake-1340 stk-block stk-13b8711 popmake-1340\" data-block-id=\"13b8711\">\n<style>.stk-13b8711 {min-height:var(--stk--preset--block-height--x-small, 4rem) !important;padding-top:var(--stk--preset--spacing--none, 0px) !important;padding-right:var(--stk--preset--spacing--none, 0px) !important;padding-bottom:var(--stk--preset--spacing--none, 0px) !important;padding-left:var(--stk--preset--spacing--none, 0px) !important;}.stk-13b8711 .stk-button{min-height:36px !important;padding-top:var(--stk--preset--spacing--40, 1rem) !important;padding-right:33px !important;padding-bottom:var(--stk--preset--spacing--40, 1rem) !important;background:#2db2eb !important;border-top-left-radius:var(--stk--preset--border-radius--small, 4px) !important;border-top-right-radius:var(--stk--preset--border-radius--small, 4px) !important;border-bottom-right-radius:var(--stk--preset--border-radius--small, 4px) !important;border-bottom-left-radius:var(--stk--preset--border-radius--small, 4px) !important;}.stk-13b8711 .stk-button__inner-text{color:#fffffe !important;}<\/style>\n<p><a class=\"stk-link stk-button stk--hover-effect-lift-scale-more\"><span class=\"has-text-color stk-button__inner-text\">Demander un devis <\/span><\/a><\/p>\n<\/div>","protected":false},"featured_media":1840,"template":"","meta":[],"product_brand":[],"product_cat":[23],"product_tag":[],"class_list":{"0":"post-1835","1":"product","2":"type-product","3":"status-publish","4":"has-post-thumbnail","6":"product_cat-reels","8":"first","9":"instock","10":"shipping-taxable","11":"product-type-simple"},"_links":{"self":[{"href":"https:\/\/hktackle.com\/fr\/wp-json\/wp\/v2\/product\/1835","targetHints":{"allow":["GET"]}}],"collection":[{"href":"https:\/\/hktackle.com\/fr\/wp-json\/wp\/v2\/product"}],"about":[{"href":"https:\/\/hktackle.com\/fr\/wp-json\/wp\/v2\/types\/product"}],"wp:featuredmedia":[{"embeddable":true,"href":"https:\/\/hktackle.com\/fr\/wp-json\/wp\/v2\/media\/1840"}],"wp:attachment":[{"href":"https:\/\/hktackle.com\/fr\/wp-json\/wp\/v2\/media?parent=1835"}],"wp:term":[{"taxonomy":"product_brand","embeddable":true,"href":"https:\/\/hktackle.com\/fr\/wp-json\/wp\/v2\/product_brand?post=1835"},{"taxonomy":"product_cat","embeddable":true,"href":"https:\/\/hktackle.com\/fr\/wp-json\/wp\/v2\/product_cat?post=1835"},{"taxonomy":"product_tag","embeddable":true,"href":"https:\/\/hktackle.com\/fr\/wp-json\/wp\/v2\/product_tag?post=1835"}],"curies":[{"name":"wp","href":"https:\/\/api.w.org\/{rel}","templated":true}]}}