{"id":1853,"date":"2025-11-13T05:25:09","date_gmt":"2025-11-13T05:25:09","guid":{"rendered":"https:\/\/hktackle.com\/?post_type=product&#038;p=1853"},"modified":"2025-12-02T15:08:46","modified_gmt":"2025-12-02T15:08:46","slug":"combo-canne-et-moulinet-baitcaster","status":"publish","type":"product","link":"https:\/\/hktackle.com\/fr\/produit\/combo-canne-et-moulinet-baitcaster","title":{"rendered":"Combo canne et moulinet Baitcaster Premium \u2013 Puissance et pr\u00e9cision in\u00e9gal\u00e9es"},"content":{"rendered":"<h1 data-start=\"150\" data-end=\"237\">Combo canne et moulinet Baitcaster Premium \u2013 Puissance et pr\u00e9cision in\u00e9gal\u00e9es<\/h1>\n<p data-start=\"270\" data-end=\"733\"><img loading=\"lazy\" decoding=\"async\" class=\"alignnone wp-image-1848\" src=\"https:\/\/hktackle.com\/wp-content\/uploads\/2025\/11\/baitcaster-rod-and-reel-combo-3-551x1024.jpg\" alt=\"combo canne et moulinet baitcaster\" width=\"356\" height=\"662\" title=\"\" srcset=\"https:\/\/hktackle.com\/wp-content\/uploads\/2025\/11\/baitcaster-rod-and-reel-combo-3-551x1024.jpg 551w, https:\/\/hktackle.com\/wp-content\/uploads\/2025\/11\/baitcaster-rod-and-reel-combo-3-161x300.jpg 161w, https:\/\/hktackle.com\/wp-content\/uploads\/2025\/11\/baitcaster-rod-and-reel-combo-3-768x1427.jpg 768w, https:\/\/hktackle.com\/wp-content\/uploads\/2025\/11\/baitcaster-rod-and-reel-combo-3-827x1536.jpg 827w, https:\/\/hktackle.com\/wp-content\/uploads\/2025\/11\/baitcaster-rod-and-reel-combo-3-1102x2048.jpg 1102w, https:\/\/hktackle.com\/wp-content\/uploads\/2025\/11\/baitcaster-rod-and-reel-combo-3-600x1115.jpg 600w, https:\/\/hktackle.com\/wp-content\/uploads\/2025\/11\/baitcaster-rod-and-reel-combo-3-scaled.jpg 1378w\" sizes=\"auto, (max-width: 356px) 100vw, 356px\" \/><img loading=\"lazy\" decoding=\"async\" class=\"alignnone wp-image-1847\" src=\"https:\/\/hktackle.com\/wp-content\/uploads\/2025\/11\/baitcaster-rod-and-reel-combo-2-834x1024.jpg\" alt=\"combinaison de canne et moulinet \u00e0 lancer\" width=\"539\" height=\"662\" title=\"\" srcset=\"https:\/\/hktackle.com\/wp-content\/uploads\/2025\/11\/baitcaster-rod-and-reel-combo-2-834x1024.jpg 834w, https:\/\/hktackle.com\/wp-content\/uploads\/2025\/11\/baitcaster-rod-and-reel-combo-2-244x300.jpg 244w, https:\/\/hktackle.com\/wp-content\/uploads\/2025\/11\/baitcaster-rod-and-reel-combo-2-768x943.jpg 768w, https:\/\/hktackle.com\/wp-content\/uploads\/2025\/11\/baitcaster-rod-and-reel-combo-2-1251x1536.jpg 1251w, https:\/\/hktackle.com\/wp-content\/uploads\/2025\/11\/baitcaster-rod-and-reel-combo-2-600x737.jpg 600w, https:\/\/hktackle.com\/wp-content\/uploads\/2025\/11\/baitcaster-rod-and-reel-combo-2.jpg 1500w\" sizes=\"auto, (max-width: 539px) 100vw, 539px\" \/><\/p>\n<p data-start=\"270\" data-end=\"733\">Le <strong data-start=\"274\" data-end=\"315\">Premium <a href=\"https:\/\/hktackle.com\/fr\/guide-des-cannes-a-peche\/\">Combo canne et moulinet Baitcaster<\/a><\/strong> from HK Tackle est con\u00e7u pour les p\u00eacheurs s\u00e9rieux qui exigent le meilleur en mati\u00e8re de performance, de pr\u00e9cision et de durabilit\u00e9. Ce combo haut de gamme est id\u00e9al pour une vari\u00e9t\u00e9 de styles de p\u00eache, que vous cibliez le bar en eau douce ou les g\u00e9ants de l'eau sal\u00e9e. Avec une canne \u00e0 lancer soigneusement \u00e9labor\u00e9e et un moulinet haute performance, ce combo est con\u00e7u pour vous aider \u00e0 lancer avec pr\u00e9cision, ramener avec puissance et sortir vos prises sans effort.<\/p>\n<h2 data-start=\"735\" data-end=\"757\"><strong data-start=\"740\" data-end=\"757\">Combo canne et moulinet Baitcaster - Caract\u00e9ristiques cl\u00e9s :<\/strong><\/h2>\n<p><img loading=\"lazy\" decoding=\"async\" class=\"alignnone wp-image-1845\" src=\"https:\/\/hktackle.com\/wp-content\/uploads\/2025\/11\/baitcaster-rod-and-reel-combo-1.jpg\" alt=\"meilleure canne \u00e0 p\u00eache \u00e0 lancer\" width=\"352\" height=\"405\" title=\"\" srcset=\"https:\/\/hktackle.com\/wp-content\/uploads\/2025\/11\/baitcaster-rod-and-reel-combo-1.jpg 782w, https:\/\/hktackle.com\/wp-content\/uploads\/2025\/11\/baitcaster-rod-and-reel-combo-1-261x300.jpg 261w, https:\/\/hktackle.com\/wp-content\/uploads\/2025\/11\/baitcaster-rod-and-reel-combo-1-768x884.jpg 768w, https:\/\/hktackle.com\/wp-content\/uploads\/2025\/11\/baitcaster-rod-and-reel-combo-1-600x691.jpg 600w\" sizes=\"auto, (max-width: 352px) 100vw, 352px\" \/><img loading=\"lazy\" decoding=\"async\" class=\"alignnone wp-image-1852\" src=\"https:\/\/hktackle.com\/wp-content\/uploads\/2025\/11\/baitcaster-rod-and-reel-combo-7.jpg\" alt=\"combo canne et moulinet baitcaster\" width=\"419\" height=\"403\" title=\"\" srcset=\"https:\/\/hktackle.com\/wp-content\/uploads\/2025\/11\/baitcaster-rod-and-reel-combo-7.jpg 686w, https:\/\/hktackle.com\/wp-content\/uploads\/2025\/11\/baitcaster-rod-and-reel-combo-7-300x289.jpg 300w, https:\/\/hktackle.com\/wp-content\/uploads\/2025\/11\/baitcaster-rod-and-reel-combo-7-600x577.jpg 600w\" sizes=\"auto, (max-width: 419px) 100vw, 419px\" \/><\/p>\n<p><img loading=\"lazy\" decoding=\"async\" class=\"alignnone wp-image-1851\" src=\"https:\/\/hktackle.com\/wp-content\/uploads\/2025\/11\/baitcaster-rod-and-reel-combo-6.jpg\" alt=\"combo canne et moulinet baitcaster\" width=\"773\" height=\"383\" title=\"\" srcset=\"https:\/\/hktackle.com\/wp-content\/uploads\/2025\/11\/baitcaster-rod-and-reel-combo-6.jpg 938w, https:\/\/hktackle.com\/wp-content\/uploads\/2025\/11\/baitcaster-rod-and-reel-combo-6-300x149.jpg 300w, https:\/\/hktackle.com\/wp-content\/uploads\/2025\/11\/baitcaster-rod-and-reel-combo-6-768x381.jpg 768w, https:\/\/hktackle.com\/wp-content\/uploads\/2025\/11\/baitcaster-rod-and-reel-combo-6-600x297.jpg 600w\" sizes=\"auto, (max-width: 773px) 100vw, 773px\" \/><\/p>\n<p><img loading=\"lazy\" decoding=\"async\" class=\"alignnone wp-image-1850\" src=\"https:\/\/hktackle.com\/wp-content\/uploads\/2025\/11\/baitcaster-rod-and-reel-combo-5.jpg\" alt=\"meilleure canne \u00e0 p\u00eache \u00e0 lancer\" width=\"772\" height=\"392\" title=\"\" srcset=\"https:\/\/hktackle.com\/wp-content\/uploads\/2025\/11\/baitcaster-rod-and-reel-combo-5.jpg 933w, https:\/\/hktackle.com\/wp-content\/uploads\/2025\/11\/baitcaster-rod-and-reel-combo-5-300x152.jpg 300w, https:\/\/hktackle.com\/wp-content\/uploads\/2025\/11\/baitcaster-rod-and-reel-combo-5-768x390.jpg 768w, https:\/\/hktackle.com\/wp-content\/uploads\/2025\/11\/baitcaster-rod-and-reel-combo-5-600x305.jpg 600w\" sizes=\"auto, (max-width: 772px) 100vw, 772px\" \/><\/p>\n<p><img loading=\"lazy\" decoding=\"async\" class=\"alignnone wp-image-1846\" src=\"https:\/\/hktackle.com\/wp-content\/uploads\/2025\/11\/baitcaster-rod-and-reel-combo-1.png\" alt=\"combinaison de canne et moulinet \u00e0 lancer\" width=\"770\" height=\"357\" title=\"\" srcset=\"https:\/\/hktackle.com\/wp-content\/uploads\/2025\/11\/baitcaster-rod-and-reel-combo-1.png 945w, https:\/\/hktackle.com\/wp-content\/uploads\/2025\/11\/baitcaster-rod-and-reel-combo-1-300x139.png 300w, https:\/\/hktackle.com\/wp-content\/uploads\/2025\/11\/baitcaster-rod-and-reel-combo-1-768x356.png 768w, https:\/\/hktackle.com\/wp-content\/uploads\/2025\/11\/baitcaster-rod-and-reel-combo-1-600x278.png 600w\" sizes=\"auto, (max-width: 770px) 100vw, 770px\" \/><\/p>\n<p>&nbsp;<\/p>\n<ol data-start=\"759\" data-end=\"3921\">\n<li data-start=\"759\" data-end=\"1392\">\n<h3 data-start=\"762\" data-end=\"799\"><strong data-start=\"762\" data-end=\"799\">Canne \u00e0 p\u00eache baitcaster hautes performances :<\/strong><\/h3>\n<ul data-start=\"803\" data-end=\"1392\">\n<li data-start=\"803\" data-end=\"1065\">\n<p data-start=\"805\" data-end=\"1065\">Le <strong data-start=\"809\" data-end=\"829\">moulinet \u00e0 lancer<\/strong> ce combo est \u00e9quip\u00e9 de caract\u00e9ristiques avanc\u00e9es pour vous offrir une exp\u00e9rience de p\u00eache fluide et contr\u00f4l\u00e9e. Dot\u00e9 d'un syst\u00e8me de freinage de pr\u00e9cision, ce moulinet offre une r\u00e9sistance constante, vous aidant \u00e0 lutter contre des poissons plus gros sans perdre le contr\u00f4le.<\/p>\n<\/li>\n<li data-start=\"1069\" data-end=\"1244\">\n<p data-start=\"1071\" data-end=\"1244\"><strong data-start=\"1071\" data-end=\"1105\">Composants r\u00e9sistants \u00e0 la corrosion<\/strong>Constitu\u00e9e de mat\u00e9riaux de haute qualit\u00e9, la bobine est r\u00e9sistante \u00e0 la corrosion, garantissant long\u00e9vit\u00e9 et fiabilit\u00e9 m\u00eame dans des environnements d'eau sal\u00e9e.<\/p>\n<\/li>\n<li data-start=\"1248\" data-end=\"1392\">\n<p data-start=\"1250\" data-end=\"1392\"><strong data-start=\"1250\" data-end=\"1274\">Vitesse de r\u00e9cup\u00e9ration rapide<\/strong>Le rapport de d\u00e9multiplication \u00e9lev\u00e9 permet un enroulement rapide de la ligne, rendant ce moulinet parfait pour attraper des esp\u00e8ces de poissons rapides.<\/p>\n<\/li>\n<\/ul>\n<\/li>\n<li data-start=\"1394\" data-end=\"2060\">\n<h3 data-start=\"1397\" data-end=\"1443\"><strong data-start=\"1397\" data-end=\"1443\">Ergonomique et l\u00e9ger <a href=\"https:\/\/hktackle.com\/fr\/categorie-produit\/combo-de-tige\/\">Meilleure canne \u00e0 lancer<\/a>:<\/strong><\/h3>\n<ul data-start=\"1447\" data-end=\"2060\">\n<li data-start=\"1447\" data-end=\"1723\">\n<p data-start=\"1449\" data-end=\"1723\">Construit avec des mat\u00e9riaux de premier choix tels que la fibre de carbone ou la fibre de verre, le <strong data-start=\"1521\" data-end=\"1544\">meilleure canne \u00e0 p\u00eache \u00e0 lancer<\/strong> est \u00e0 la fois l\u00e9ger et incroyablement r\u00e9sistant. Son design garantit que vous pouvez lancer sur de longues distances avec un effort minimal, ce qui facilite la frappe de votre cible m\u00eame dans des conditions difficiles.<\/p>\n<\/li>\n<li data-start=\"1727\" data-end=\"1918\">\n<p data-start=\"1729\" data-end=\"1918\"><strong data-start=\"1729\" data-end=\"1746\">Astuce Sensible<\/strong>La pointe sensible de la canne vous permet de sentir les moindres touches et mouvements, vous donnant un avantage distinct lors de la p\u00eache des esp\u00e8ces qui n\u00e9cessitent finesse et pr\u00e9cision.<\/p>\n<\/li>\n<li data-start=\"1922\" data-end=\"2060\">\n<p data-start=\"1924\" data-end=\"2060\"><strong data-start=\"1924\" data-end=\"1944\">Mains confortables<\/strong>La conception ergonomique de la poign\u00e9e r\u00e9duit la fatigue des mains, garantissant que vous restiez \u00e0 l'aise lors de longues sessions de p\u00eache.<\/p>\n<\/li>\n<\/ul>\n<\/li>\n<li data-start=\"2062\" data-end=\"2625\">\n<h3 data-start=\"2065\" data-end=\"2108\"><strong data-start=\"2065\" data-end=\"2108\">\u00c9quilibre parfait entre puissance et pr\u00e9cision :<\/strong><\/h3>\n<ul data-start=\"2112\" data-end=\"2625\">\n<li data-start=\"2112\" data-end=\"2360\">\n<p data-start=\"2114\" data-end=\"2360\">Ceci <strong data-start=\"2119\" data-end=\"2153\">combinaison de canne et moulinet \u00e0 lancer<\/strong> offre l'\u00e9quilibre parfait entre puissance et pr\u00e9cision. Que vous p\u00eachiez en eau libre, le long du rivage ou dans des zones encombr\u00e9es, cette combinaison fournit la pr\u00e9cision et le contr\u00f4le n\u00e9cessaires pour attraper votre poisson.<\/p>\n<\/li>\n<li data-start=\"2364\" data-end=\"2625\">\n<p data-start=\"2366\" data-end=\"2625\"><strong data-start=\"2366\" data-end=\"2396\">Options de puissance multiples \u00e0 tige<\/strong>Avec diff\u00e9rentes puissances disponibles, vous pouvez choisir la canne id\u00e9ale pour vos besoins en p\u00eache. Que vous p\u00eachiez des esp\u00e8ces l\u00e9g\u00e8res ou que vous vous attaquiez \u00e0 des cibles maritimes lourdes, ce combo offre une polyvalence pour chaque p\u00eacheur.<\/p>\n<\/li>\n<\/ul>\n<\/li>\n<li data-start=\"2627\" data-end=\"3053\">\n<h3 data-start=\"2630\" data-end=\"2669\"><strong data-start=\"2630\" data-end=\"2669\">Polyvalent pour tous les types de p\u00eache :<\/strong><\/h3>\n<ul data-start=\"2673\" data-end=\"3053\">\n<li data-start=\"2673\" data-end=\"2884\">\n<p data-start=\"2675\" data-end=\"2884\">Le combo est suffisamment polyvalent pour diverses techniques de p\u00eache, y compris le flipping, le pitching et le cranking. Que vous utilisiez des leurres ou des app\u00e2ts vivants, le combo vous garantit que vous pouvez vous adapter \u00e0 diff\u00e9rents styles de p\u00eache.<\/p>\n<\/li>\n<li data-start=\"2888\" data-end=\"3053\">\n<p data-start=\"2890\" data-end=\"3053\"><strong data-start=\"2890\" data-end=\"2908\">Facile \u00e0 manipuler<\/strong>La canne l\u00e9g\u00e8re facilite la man\u0153uvre, tandis que le moulinet offre une gestion fluide de la ligne, garantissant que vous \u00eates toujours pr\u00eat pour votre prochain lancer.<\/p>\n<\/li>\n<\/ul>\n<\/li>\n<li data-start=\"3055\" data-end=\"3501\">\n<h3 data-start=\"3058\" data-end=\"3076\"><strong data-start=\"3058\" data-end=\"3076\">Construit pour durer :<\/strong><\/h3>\n<ul data-start=\"3080\" data-end=\"3501\">\n<li data-start=\"3080\" data-end=\"3320\">\n<p data-start=\"3082\" data-end=\"3320\">Le canne et le moulinet sont construits avec des mat\u00e9riaux durables et de haute qualit\u00e9 qui r\u00e9sistent \u00e0 une utilisation fr\u00e9quente et \u00e0 des conditions m\u00e9t\u00e9orologiques difficiles. Que vous p\u00eachiez dans des lacs d'eau douce ou que vous affrontiez des conditions d'eau sal\u00e9e, cet ensemble est con\u00e7u pour durer.<\/p>\n<\/li>\n<li data-start=\"3324\" data-end=\"3501\">\n<p data-start=\"3326\" data-end=\"3501\"><strong data-start=\"3326\" data-end=\"3350\">Durabilit\u00e9 \u00e0 long terme<\/strong>La combinaison d'une construction robuste et de mat\u00e9riaux avanc\u00e9s garantit que cette canne et moulinet continueront de fonctionner \u00e0 leur meilleur niveau pendant de nombreuses ann\u00e9es.<\/p>\n<\/li>\n<\/ul>\n<\/li>\n<li data-start=\"3503\" data-end=\"3921\">\n<h3 data-start=\"3506\" data-end=\"3533\"><strong data-start=\"3506\" data-end=\"3533\">Parfait pour la combinaison canne \u00e0 lancer B2B et moulinet :<\/strong><\/h3>\n<ul data-start=\"3537\" data-end=\"3921\">\n<li data-start=\"3537\" data-end=\"3769\">\n<p data-start=\"3539\" data-end=\"3769\">En tant que fournisseur B2B de confiance, HK Tackle propose des options d'achat en gros pour les entreprises. Les d\u00e9taillants, distributeurs et guides de p\u00eache peuvent faire le plein de <strong data-start=\"3683\" data-end=\"3717\">combos canne et moulinet \u00e0 lancer<\/strong> pour r\u00e9pondre aux exigences de leurs clients et consommateurs.<\/p>\n<\/li>\n<li data-start=\"3773\" data-end=\"3921\">\n<p data-start=\"3775\" data-end=\"3921\"><strong data-start=\"3775\" data-end=\"3794\">Marque personnalis\u00e9e<\/strong>Les entreprises peuvent \u00e9galement personnaliser le produit avec leur logo ou leur nom de marque, le rendant parfait pour la revente ou les cadeaux d'entreprise.<\/p>\n<\/li>\n<\/ul>\n<\/li>\n<\/ol>\n<h2 data-start=\"3923\" data-end=\"3985\"><strong data-start=\"3928\" data-end=\"3985\">Pourquoi choisir HK Tackle's <a href=\"https:\/\/hktackle.com\/fr\/guide-des-cannes-a-peche\/\">Combo canne et moulinet Baitcaster<\/a>?<\/strong><\/h2>\n<ul data-start=\"3987\" data-end=\"4580\">\n<li data-start=\"3987\" data-end=\"4130\">\n<p data-start=\"3989\" data-end=\"4130\"><strong data-start=\"3989\" data-end=\"4014\">Performance de Pr\u00e9cision<\/strong>Avec un accent sur la pr\u00e9cision et la puissance, cette combinaison est parfaite pour les p\u00eacheurs qui exigent le meilleur de leur mat\u00e9riel de p\u00eache.<\/p>\n<\/li>\n<li data-start=\"4131\" data-end=\"4277\">\n<p data-start=\"4133\" data-end=\"4277\"><strong data-start=\"4133\" data-end=\"4156\">R\u00e9sistant \u00e0 la corrosion<\/strong>Con\u00e7u pour fonctionner aussi bien en eau douce qu'en eau sal\u00e9e, le moulinet est r\u00e9sistant \u00e0 la corrosion, garantissant sa long\u00e9vit\u00e9.<\/p>\n<\/li>\n<li data-start=\"4278\" data-end=\"4409\">\n<p data-start=\"4280\" data-end=\"4409\"><strong data-start=\"4280\" data-end=\"4295\">Polyvalence<\/strong>Parfait pour une large gamme de styles de p\u00eache, de la p\u00eache au bar \u00e0 la p\u00eache en mer, ce combo peut tout g\u00e9rer.<\/p>\n<\/li>\n<li data-start=\"4410\" data-end=\"4580\">\n<p data-start=\"4412\" data-end=\"4580\"><strong data-start=\"4412\" data-end=\"4434\">Commandes en gros personnalis\u00e9es<\/strong>HK Tackle propose des options de commande en gros personnalis\u00e9es, garantissant que vous pouvez r\u00e9pondre aux besoins de votre entreprise tout en offrant du mat\u00e9riel de p\u00eache de haute qualit\u00e9.<\/p>\n<\/li>\n<\/ul>\n<div class=\"wpforms-container\" id=\"wpforms-564\"><form id=\"wpforms-form-564\" class=\"wpforms-validate wpforms-form wpforms-ajax-form\" data-formid=\"564\" method=\"post\" enctype=\"multipart\/form-data\" action=\"\/fr\/wp-json\/wp\/v2\/product\/1853\" data-token=\"a5e36027957c0b678575a16e829041db\" data-token-time=\"1776394884\" data-trp-original-action=\"\/fr\/wp-json\/wp\/v2\/product\/1853\"><div class=\"wpforms-head-container\"><div class=\"wpforms-title\">Demande de devis<\/div><\/div><noscript class=\"wpforms-error-noscript\">Veuillez activer JavaScript dans votre navigateur pour remplir ce formulaire.<\/noscript><div class=\"wpforms-field-container\"><div id=\"wpforms-564-field_1-container\" class=\"wpforms-field wpforms-field-name\" data-field-id=\"1\"><label class=\"wpforms-field-label wpforms-label-hide\" for=\"wpforms-564-field_1\">Nom <span class=\"wpforms-required-label\">*<\/span><\/label><input type=\"text\" id=\"wpforms-564-field_1\" class=\"wpforms-field-medium wpforms-field-required\" name=\"wpforms[fields][1]\" placeholder=\"Nom\" required><\/div><div id=\"wpforms-564-field_2-container\" class=\"wpforms-field wpforms-field-name\" data-field-id=\"2\"><label class=\"wpforms-field-label wpforms-label-hide\" for=\"wpforms-564-field_2\">Whatsapp <span class=\"wpforms-required-label\">*<\/span><\/label><input type=\"text\" id=\"wpforms-564-field_2\" class=\"wpforms-field-medium wpforms-field-required\" name=\"wpforms[fields][2]\" placeholder=\"Whatapp\" required><\/div><div id=\"wpforms-564-field_4-container\" class=\"wpforms-field wpforms-field-name\" data-field-id=\"4\"><label class=\"wpforms-field-label wpforms-label-hide\" for=\"wpforms-564-field_4\">Email <span class=\"wpforms-required-label\">*<\/span><\/label><input type=\"text\" id=\"wpforms-564-field_4\" class=\"wpforms-field-medium wpforms-field-required\" name=\"wpforms[fields][4]\" placeholder=\"Email\" required><\/div><div id=\"wpforms-564-field_3-container\" class=\"wpforms-field wpforms-field-name\" data-field-id=\"3\"><label class=\"wpforms-field-label wpforms-label-hide\" for=\"wpforms-564-field_3\">Enqu\u00eate <span class=\"wpforms-required-label\">*<\/span><\/label><input type=\"text\" id=\"wpforms-564-field_3\" class=\"wpforms-field-medium wpforms-field-required\" name=\"wpforms[fields][3]\" placeholder=\"quel produit vous avez besoin\" required><\/div>\t\t<div id=\"wpforms-564-field_7-container\"\n\t\t\tclass=\"wpforms-field wpforms-field-text\"\n\t\t\tdata-field-type=\"text\"\n\t\t\tdata-field-id=\"7\"\n\t\t\t>\n\t\t\t<label class=\"wpforms-field-label\" for=\"wpforms-564-field_7\" >Name Inquiry Adresse IP\u5ba2\u6237<\/label>\n\t\t\t<input type=\"text\" id=\"wpforms-564-field_7\" class=\"wpforms-field-medium\" name=\"wpforms[fields][7]\" >\n\t\t<\/div>\n\t\t<div id=\"wpforms-564-field_5-container\" class=\"wpforms-field wpforms-field-hidden\" data-field-id=\"5\"><input type=\"hidden\" id=\"wpforms-564-field_5\" name=\"wpforms[fields][5]\" value=\"216.73.216.69\"><\/div><div id=\"wpforms-564-field_6-container\" class=\"wpforms-field wpforms-field-hidden\" data-field-id=\"6\"><input type=\"hidden\" id=\"wpforms-564-field_6\" name=\"wpforms[fields][6]\" value=\"https:\/\/hktackle.com\/fr\/wp-json\/wp\/v2\/product\/1853\"><\/div><script>\n\t\t\t\t( function() {\n\t\t\t\t\tconst style = document.createElement( 'style' );\n\t\t\t\t\tstyle.appendChild( document.createTextNode( '#wpforms-564-field_7-container { position: absolute !important; overflow: hidden !important; display: inline !important; height: 1px !important; width: 1px !important; z-index: -1000 !important; padding: 0 !important; } #wpforms-564-field_7-container input { visibility: hidden; } #wpforms-conversational-form-page #wpforms-564-field_7-container label { counter-increment: none; }' ) );\n\t\t\t\t\tdocument.head.appendChild( style );\n\t\t\t\t\tdocument.currentScript?.remove();\n\t\t\t\t} )();\n\t\t\t<\/script><\/div><!-- .wpforms-field-container --><div class=\"wpforms-submit-container\" ><input type=\"hidden\" name=\"wpforms[id]\" value=\"564\"><input type=\"hidden\" name=\"page_title\" value=\"\"><input type=\"hidden\" name=\"page_url\" value=\"https:\/\/hktackle.com\/fr\/wp-json\/wp\/v2\/product\/1853\"><input type=\"hidden\" name=\"url_referer\" value=\"\"><button type=\"submit\" name=\"wpforms[submit]\" id=\"wpforms-submit-564\" class=\"wpforms-submit\" data-alt-text=\"Sending\" data-submit-text=\"Summit\" aria-live=\"assertive\" value=\"wpforms-submit\">Sommet<\/button><img loading=\"lazy\" decoding=\"async\" src=\"https:\/\/hktackle.com\/wp-content\/plugins\/wpforms\/assets\/images\/submit-spin.svg\" class=\"wpforms-submit-spinner\" style=\"display: none;\" width=\"26\" height=\"26\" alt=\"Chargement en cours\" title=\"\"><\/div><input type=\"hidden\" name=\"trp-form-language\" value=\"fr\"\/><\/form><\/div>  <!-- .wpforms-container -->","protected":false},"excerpt":{"rendered":"<p>D\u00e9couvrez l'ultime en pr\u00e9cision de p\u00eache avec le <strong data-start=\"5132\" data-end=\"5173\">Combo canne et moulinet Baitcaster Premium<\/strong> de HK Tackle. Con\u00e7u pour la puissance et la performance, ce combo est parfait pour tous les types de p\u00eacheurs. Commandez aujourd'hui pour une qualit\u00e9 et une durabilit\u00e9 incomparables.<\/p>\n<div class=\"wp-block-stackable-button stk-block-button popmake-1340 stk-block stk-13b8711 popmake-1340\" data-block-id=\"13b8711\">\n<style>.stk-13b8711 {min-height:var(--stk--preset--block-height--x-small, 4rem) !important;padding-top:var(--stk--preset--spacing--none, 0px) !important;padding-right:var(--stk--preset--spacing--none, 0px) !important;padding-bottom:var(--stk--preset--spacing--none, 0px) !important;padding-left:var(--stk--preset--spacing--none, 0px) !important;}.stk-13b8711 .stk-button{min-height:36px !important;padding-top:var(--stk--preset--spacing--40, 1rem) !important;padding-right:33px !important;padding-bottom:var(--stk--preset--spacing--40, 1rem) !important;background:#2db2eb !important;border-top-left-radius:var(--stk--preset--border-radius--small, 4px) !important;border-top-right-radius:var(--stk--preset--border-radius--small, 4px) !important;border-bottom-right-radius:var(--stk--preset--border-radius--small, 4px) !important;border-bottom-left-radius:var(--stk--preset--border-radius--small, 4px) !important;}.stk-13b8711 .stk-button__inner-text{color:#fffffe !important;}<\/style>\n<p><a class=\"stk-link stk-button stk--hover-effect-lift-scale-more\"><span class=\"has-text-color stk-button__inner-text\">Demander un devis <\/span><\/a><\/p>\n<\/div>","protected":false},"featured_media":1848,"template":"","meta":[],"product_brand":[],"product_cat":[20],"product_tag":[],"class_list":{"0":"post-1853","1":"product","2":"type-product","3":"status-publish","4":"has-post-thumbnail","6":"product_cat-rod-combo","8":"first","9":"instock","10":"shipping-taxable","11":"product-type-simple"},"_links":{"self":[{"href":"https:\/\/hktackle.com\/fr\/wp-json\/wp\/v2\/product\/1853","targetHints":{"allow":["GET"]}}],"collection":[{"href":"https:\/\/hktackle.com\/fr\/wp-json\/wp\/v2\/product"}],"about":[{"href":"https:\/\/hktackle.com\/fr\/wp-json\/wp\/v2\/types\/product"}],"wp:featuredmedia":[{"embeddable":true,"href":"https:\/\/hktackle.com\/fr\/wp-json\/wp\/v2\/media\/1848"}],"wp:attachment":[{"href":"https:\/\/hktackle.com\/fr\/wp-json\/wp\/v2\/media?parent=1853"}],"wp:term":[{"taxonomy":"product_brand","embeddable":true,"href":"https:\/\/hktackle.com\/fr\/wp-json\/wp\/v2\/product_brand?post=1853"},{"taxonomy":"product_cat","embeddable":true,"href":"https:\/\/hktackle.com\/fr\/wp-json\/wp\/v2\/product_cat?post=1853"},{"taxonomy":"product_tag","embeddable":true,"href":"https:\/\/hktackle.com\/fr\/wp-json\/wp\/v2\/product_tag?post=1853"}],"curies":[{"name":"wp","href":"https:\/\/api.w.org\/{rel}","templated":true}]}}