{"id":1876,"date":"2025-11-14T04:14:22","date_gmt":"2025-11-14T04:14:22","guid":{"rendered":"https:\/\/hktackle.com\/?post_type=product&#038;p=1876"},"modified":"2025-12-02T15:09:11","modified_gmt":"2025-12-02T15:09:11","slug":"meilleures-cannes-a-peche-en-eau-salee","status":"publish","type":"product","link":"https:\/\/hktackle.com\/fr\/produit\/meilleures-cannes-a-peche-en-eau-salee","title":{"rendered":"Meilleures cannes \u00e0 p\u00eache en eau sal\u00e9e \u2013 Con\u00e7ues pour la force, l'endurance et la p\u00eache en haute mer"},"content":{"rendered":"<h1 data-start=\"372\" data-end=\"491\"><strong data-start=\"392\" data-end=\"491\">H\u00e2chette HK Premium Meilleures Cannes de P\u00eache en Eau Sal\u00e9e \u2013 Con\u00e7ues pour la Force, l'Endurance et la Performance en Mer<\/strong><\/h1>\n<p><img loading=\"lazy\" decoding=\"async\" class=\"alignnone wp-image-1873\" src=\"https:\/\/hktackle.com\/wp-content\/uploads\/2025\/11\/saltwater-fishing-rods-7.jpg\" alt=\"fournisseur de cannes \u00e0 p\u00eache en eau sal\u00e9e\" width=\"463\" height=\"463\" title=\"\" srcset=\"https:\/\/hktackle.com\/wp-content\/uploads\/2025\/11\/saltwater-fishing-rods-7.jpg 800w, https:\/\/hktackle.com\/wp-content\/uploads\/2025\/11\/saltwater-fishing-rods-7-300x300.jpg 300w, https:\/\/hktackle.com\/wp-content\/uploads\/2025\/11\/saltwater-fishing-rods-7-150x150.jpg 150w, https:\/\/hktackle.com\/wp-content\/uploads\/2025\/11\/saltwater-fishing-rods-7-768x768.jpg 768w, https:\/\/hktackle.com\/wp-content\/uploads\/2025\/11\/saltwater-fishing-rods-7-600x600.jpg 600w\" sizes=\"auto, (max-width: 463px) 100vw, 463px\" \/><img loading=\"lazy\" decoding=\"async\" class=\"alignnone wp-image-1870\" src=\"https:\/\/hktackle.com\/wp-content\/uploads\/2025\/11\/saltwater-fishing-rods-4.jpg\" alt=\"canne \u00e0 p\u00eache en mer\" width=\"459\" height=\"458\" title=\"\" srcset=\"https:\/\/hktackle.com\/wp-content\/uploads\/2025\/11\/saltwater-fishing-rods-4.jpg 800w, https:\/\/hktackle.com\/wp-content\/uploads\/2025\/11\/saltwater-fishing-rods-4-300x300.jpg 300w, https:\/\/hktackle.com\/wp-content\/uploads\/2025\/11\/saltwater-fishing-rods-4-150x150.jpg 150w, https:\/\/hktackle.com\/wp-content\/uploads\/2025\/11\/saltwater-fishing-rods-4-768x767.jpg 768w, https:\/\/hktackle.com\/wp-content\/uploads\/2025\/11\/saltwater-fishing-rods-4-600x600.jpg 600w\" sizes=\"auto, (max-width: 459px) 100vw, 459px\" \/><\/p>\n<hr data-start=\"493\" data-end=\"496\" \/>\n<p data-start=\"498\" data-end=\"1066\">La p\u00eache en mer n\u00e9cessite un \u00e9quipement capable de r\u00e9sister \u00e0 des environnements extr\u00eames, \u00e0 des attaques puissantes et \u00e0 de longs combats avec des esp\u00e8ces de poissons agressives. Le <strong data-start=\"646\" data-end=\"690\">Les meilleures cannes \u00e0 p\u00eache en mer d'HK Tackle<\/strong>\u00a0est con\u00e7u sp\u00e9cifiquement pour les p\u00eacheurs qui n\u00e9cessitent une force exceptionnelle, une durabilit\u00e9 et des performances de lancer dans des conditions difficiles en eau sal\u00e9e. En tant que l'un des <a href=\"https:\/\/hktackle.com\/fr\/guide-des-cannes-a-peche\/\"><strong data-start=\"845\" data-end=\"876\">meilleures cannes \u00e0 p\u00eache en eau sal\u00e9e<\/strong><\/a> pour les p\u00eacheurs professionnels et les acheteurs commerciaux, cette canne offre une puissance et une sensibilit\u00e9 exceptionnelles, la rendant adapt\u00e9e \u00e0 une grande vari\u00e9t\u00e9 d'applications de p\u00eache c\u00f4ti\u00e8re et en haute mer.<\/p>\n<p data-start=\"1068\" data-end=\"1380\">Fabriqu\u00e9e avec des mat\u00e9riaux composites avanc\u00e9s, la canne offre un \u00e9quilibre parfait entre performance l\u00e9g\u00e8re et colonne vert\u00e9brale haute r\u00e9sistance. Que vous visiez le redfish, le snapper, le bar ray\u00e9, le thon ou le tarpon, cette canne fournit la puissance de levage et la r\u00e9activit\u00e9 n\u00e9cessaires pour des ferrages rapides et des combats prolong\u00e9s.<\/p>\n<hr data-start=\"1382\" data-end=\"1385\" \/>\n<h2 data-start=\"1387\" data-end=\"1445\"><strong data-start=\"1390\" data-end=\"1445\">Construction premium pour des conditions marines salines s\u00e9v\u00e8res<\/strong><\/h2>\n<p><img loading=\"lazy\" decoding=\"async\" class=\"alignnone wp-image-1869\" src=\"https:\/\/hktackle.com\/wp-content\/uploads\/2025\/11\/saltwater-fishing-rods-3.jpg\" alt=\"meilleures cannes \u00e0 p\u00eache en eau sal\u00e9e\" width=\"514\" height=\"360\" title=\"\" srcset=\"https:\/\/hktackle.com\/wp-content\/uploads\/2025\/11\/saltwater-fishing-rods-3.jpg 750w, https:\/\/hktackle.com\/wp-content\/uploads\/2025\/11\/saltwater-fishing-rods-3-300x210.jpg 300w, https:\/\/hktackle.com\/wp-content\/uploads\/2025\/11\/saltwater-fishing-rods-3-600x420.jpg 600w\" sizes=\"auto, (max-width: 514px) 100vw, 514px\" \/><img loading=\"lazy\" decoding=\"async\" class=\"alignnone wp-image-1875\" src=\"https:\/\/hktackle.com\/wp-content\/uploads\/2025\/11\/saltwater-fishing-rods-9.jpg\" alt=\"fournisseur de cannes \u00e0 p\u00eache en eau sal\u00e9e\" width=\"478\" height=\"360\" title=\"\" srcset=\"https:\/\/hktackle.com\/wp-content\/uploads\/2025\/11\/saltwater-fishing-rods-9.jpg 750w, https:\/\/hktackle.com\/wp-content\/uploads\/2025\/11\/saltwater-fishing-rods-9-300x226.jpg 300w, https:\/\/hktackle.com\/wp-content\/uploads\/2025\/11\/saltwater-fishing-rods-9-600x452.jpg 600w\" sizes=\"auto, (max-width: 478px) 100vw, 478px\" \/><\/p>\n<p data-start=\"1447\" data-end=\"1810\">L'\u00e9quipement pour l'eau sal\u00e9e doit r\u00e9sister \u00e0 des environnements corrosifs, et HK Tackle comprend l'importance de la fiabilit\u00e9. Cette canne pr\u00e9sente <strong data-start=\"1576\" data-end=\"1632\">guides r\u00e9sistants \u00e0 l'eau sal\u00e9e, si\u00e8ges de moulinet et quincaillerie<\/strong>, garantissant une durabilit\u00e9 \u00e0 long terme. La pi\u00e8ce est scell\u00e9e avec un rev\u00eatement protecteur anticorrosion qui emp\u00eache la d\u00e9t\u00e9rioration m\u00eame apr\u00e8s une exposition r\u00e9p\u00e9t\u00e9e au brouillard salin et aux rayons UV.<\/p>\n<p data-start=\"1812\" data-end=\"2017\">La poign\u00e9e est con\u00e7ue avec <strong data-start=\"1840\" data-end=\"1881\">EVA ou li\u00e8ge antid\u00e9rapant et r\u00e9sistant \u00e0 l'eau<\/strong>, offrant une adh\u00e9rence et un confort sup\u00e9rieurs m\u00eame lorsqu'ils sont mouill\u00e9s. Ce design ergonomique r\u00e9duit la fatigue des mains, le rendant id\u00e9al pour de longs voyages en mer.<\/p>\n<hr data-start=\"2019\" data-end=\"2022\" \/>\n<h2 data-start=\"2024\" data-end=\"2069\"><strong data-start=\"2027\" data-end=\"2069\">Distance et pr\u00e9cision de lancer sup\u00e9rieures<\/strong><\/h2>\n<p data-start=\"2071\" data-end=\"2427\">Le <a href=\"https:\/\/hktackle.com\/fr\/conseils-de-peche\/performance-daction-de-puissance-de-canne-a-peche\/\"><strong data-start=\"2075\" data-end=\"2102\">canne \u00e0 p\u00eache en mer<\/strong> <\/a>Les cannes de HK Tackle sont con\u00e7ues pour offrir des lancers fluides, contr\u00f4l\u00e9s et \u00e0 longue distance. La disposition l\u00e9g\u00e8re des guides minimise le frottement, permettant aux p\u00eacheurs de lancer plus loin avec moins d'effort. Que vous lanciez des jigs lourds, des app\u00e2ts vivants ou des leurres de surface, cette canne offre une pr\u00e9cision constante, m\u00eame dans des conditions venteuses en mer.<\/p>\n<p data-start=\"2429\" data-end=\"2559\">L'extr\u00e9mit\u00e9 r\u00e9active de la canne assure une pr\u00e9sentation pr\u00e9cise de l'app\u00e2t, un avantage cl\u00e9 lors de la ciblage d'esp\u00e8ces maritimes soumises \u00e0 pression ou difficiles.<\/p>\n<p data-start=\"2429\" data-end=\"2559\"><img loading=\"lazy\" decoding=\"async\" class=\"alignnone wp-image-1871\" src=\"https:\/\/hktackle.com\/wp-content\/uploads\/2025\/11\/saltwater-fishing-rods-5.jpg\" alt=\"meilleures cannes \u00e0 p\u00eache en eau sal\u00e9e\" width=\"395\" height=\"351\" title=\"\" srcset=\"https:\/\/hktackle.com\/wp-content\/uploads\/2025\/11\/saltwater-fishing-rods-5.jpg 800w, https:\/\/hktackle.com\/wp-content\/uploads\/2025\/11\/saltwater-fishing-rods-5-300x267.jpg 300w, https:\/\/hktackle.com\/wp-content\/uploads\/2025\/11\/saltwater-fishing-rods-5-768x684.jpg 768w, https:\/\/hktackle.com\/wp-content\/uploads\/2025\/11\/saltwater-fishing-rods-5-600x534.jpg 600w\" sizes=\"auto, (max-width: 395px) 100vw, 395px\" \/><img loading=\"lazy\" decoding=\"async\" class=\"alignnone wp-image-1867\" src=\"https:\/\/hktackle.com\/wp-content\/uploads\/2025\/11\/saltwater-fishing-rods-1.jpg\" alt=\"canne \u00e0 p\u00eache en mer \" width=\"635\" height=\"354\" title=\"\" srcset=\"https:\/\/hktackle.com\/wp-content\/uploads\/2025\/11\/saltwater-fishing-rods-1.jpg 750w, https:\/\/hktackle.com\/wp-content\/uploads\/2025\/11\/saltwater-fishing-rods-1-300x167.jpg 300w, https:\/\/hktackle.com\/wp-content\/uploads\/2025\/11\/saltwater-fishing-rods-1-600x334.jpg 600w\" sizes=\"auto, (max-width: 635px) 100vw, 635px\" \/><\/p>\n<hr data-start=\"2561\" data-end=\"2564\" \/>\n<h2 data-start=\"2566\" data-end=\"2606\"><strong data-start=\"2569\" data-end=\"2606\">Puissance et sensibilit\u00e9 exceptionnelles<\/strong><\/h2>\n<p data-start=\"2608\" data-end=\"2877\">L'une des caract\u00e9ristiques les plus pr\u00e9cieuses d'une canne \u00e0 lancer en mer haut de gamme est sa capacit\u00e9 \u00e0 d\u00e9livrer de la puissance sans sacrifier la sensibilit\u00e9. La technologie avanc\u00e9e des blanks de canne de HK Tackle permet aux p\u00eacheurs de ressentir des touches subtiles tout en maintenant la r\u00e9sistance n\u00e9cessaire pour contr\u00f4ler des poissons puissants.<\/p>\n<p data-start=\"2879\" data-end=\"3101\">La section m\u00e9diane \u00e0 inf\u00e9rieure de la canne est con\u00e7ue avec des couches de fibre de carbone renforc\u00e9es, lui conf\u00e9rant une puissance de levage exceptionnelle. Ce design permet aux p\u00eacheurs d'appliquer une pression maximale lors des combats sans se soucier de la d\u00e9faillance de la canne.<\/p>\n<hr data-start=\"3103\" data-end=\"3106\" \/>\n<h2 data-start=\"3108\" data-end=\"3156\"><strong data-start=\"3111\" data-end=\"3156\">Id\u00e9al pour de multiples applications en eau sal\u00e9e<\/strong><\/h2>\n<p data-start=\"3158\" data-end=\"3316\">Que votre march\u00e9 exige <a href=\"https:\/\/hktackle.com\/fr\/categorie-produit\/combo-de-tige\/\">canne \u00e0 p\u00eache en mer<\/a> pour les p\u00eacheurs occasionnels, les capitaines de charters ou les p\u00eacheurs comp\u00e9titifs, ce mod\u00e8le est adapt\u00e9 \u00e0 une large gamme de situations en eau sal\u00e9e :<\/p>\n<ul data-start=\"3318\" data-end=\"3502\">\n<li data-start=\"3318\" data-end=\"3378\">\n<p data-start=\"3320\" data-end=\"3378\"><strong data-start=\"3320\" data-end=\"3340\">P\u00eache c\u00f4ti\u00e8re :<\/strong> poisson rouge, truite de mer, snook, plie<\/p>\n<\/li>\n<li data-start=\"3379\" data-end=\"3438\">\n<p data-start=\"3381\" data-end=\"3438\"><strong data-start=\"3381\" data-end=\"3403\">P\u00eache c\u00f4ti\u00e8re :<\/strong> bar ray\u00e9, poisson bleu, maquereau<\/p>\n<\/li>\n<li data-start=\"3439\" data-end=\"3502\">\n<p data-start=\"3441\" data-end=\"3502\"><strong data-start=\"3441\" data-end=\"3462\">P\u00eache en mer profonde :<\/strong> mahi-mahi, thon, s\u00e9riole, barracuda<\/p>\n<\/li>\n<\/ul>\n<p data-start=\"3504\" data-end=\"3632\">La canne est disponible en diff\u00e9rentes puissances et longueurs, ce qui la rend adapt\u00e9e \u00e0 la p\u00eache au jig, \u00e0 la tra\u00eene, \u00e0 la p\u00eache \u00e0 la ligne ou \u00e0 la p\u00eache au fond.<\/p>\n<hr data-start=\"3634\" data-end=\"3637\" \/>\n<h2 data-start=\"3639\" data-end=\"3696\"><strong data-start=\"3642\" data-end=\"3696\">Fiable pour les achats en gros et la distribution au d\u00e9tail<\/strong><\/h2>\n<p data-start=\"3698\" data-end=\"3967\"><img loading=\"lazy\" decoding=\"async\" class=\"alignnone wp-image-1874\" src=\"https:\/\/hktackle.com\/wp-content\/uploads\/2025\/11\/saltwater-fishing-rods-8.jpg\" alt=\"meilleures cannes \u00e0 p\u00eache en eau sal\u00e9e\" width=\"408\" height=\"319\" title=\"\" srcset=\"https:\/\/hktackle.com\/wp-content\/uploads\/2025\/11\/saltwater-fishing-rods-8.jpg 800w, https:\/\/hktackle.com\/wp-content\/uploads\/2025\/11\/saltwater-fishing-rods-8-300x235.jpg 300w, https:\/\/hktackle.com\/wp-content\/uploads\/2025\/11\/saltwater-fishing-rods-8-768x601.jpg 768w, https:\/\/hktackle.com\/wp-content\/uploads\/2025\/11\/saltwater-fishing-rods-8-600x470.jpg 600w\" sizes=\"auto, (max-width: 408px) 100vw, 408px\" \/><\/p>\n<p data-start=\"3698\" data-end=\"3967\">En tant que leader <a href=\"https:\/\/hktackle.com\/fr\/guide-des-cannes-a-peche\/\"><strong data-start=\"3711\" data-end=\"3746\">fournisseur de cannes \u00e0 p\u00eache en eau sal\u00e9e<\/strong><\/a>HK Tackle offre des services complets de fabrication et de vente en gros B2B. Nos cannes sont con\u00e7ues non seulement pour les p\u00eacheurs, mais aussi pour les distributeurs, les magasins de mat\u00e9riel de p\u00eache, les vendeurs en ligne, les op\u00e9rateurs de flotte de charter et les marques OEM.<\/p>\n<h3 data-start=\"3969\" data-end=\"3998\"><strong data-start=\"3973\" data-end=\"3998\">Les avantages B2B incluent :<\/strong><\/h3>\n<ul data-start=\"3999\" data-end=\"4218\">\n<li data-start=\"3999\" data-end=\"4049\">\n<p data-start=\"4001\" data-end=\"4049\">Contr\u00f4le de qualit\u00e9 stable pour les commandes en grande quantit\u00e9<\/p>\n<\/li>\n<li data-start=\"4050\" data-end=\"4129\">\n<p data-start=\"4052\" data-end=\"4129\">Options de personnalisation multi-niveaux (marque, emballage, couleurs, composants)<\/p>\n<\/li>\n<li data-start=\"4130\" data-end=\"4178\">\n<p data-start=\"4132\" data-end=\"4178\">Tarification de gros directe d'usine comp\u00e9titive<\/p>\n<\/li>\n<li data-start=\"4179\" data-end=\"4218\">\n<p data-start=\"4181\" data-end=\"4218\">Production rapide et exp\u00e9dition mondiale<\/p>\n<\/li>\n<\/ul>\n<p data-start=\"4220\" data-end=\"4339\">Les entreprises peuvent \u00e9galement demander des actions de tige personnalis\u00e9es, des mat\u00e9riaux de poign\u00e9e, des configurations de guide et une impression en marque blanche.<\/p>\n<hr data-start=\"4341\" data-end=\"4344\" \/>\n<h2 data-start=\"4346\" data-end=\"4405\"><strong data-start=\"4349\" data-end=\"4405\">Pourquoi choisir HK Tackle comme vos meilleures cannes \u00e0 p\u00eache en eau sal\u00e9e <\/strong><strong data-start=\"4349\" data-end=\"4405\">Fournisseur ?<\/strong><\/h2>\n<ul data-start=\"4407\" data-end=\"4698\">\n<li data-start=\"4407\" data-end=\"4454\">\n<p data-start=\"4409\" data-end=\"4454\">10 ans d'expertise dans la fabrication de tiges<\/p>\n<\/li>\n<li data-start=\"4455\" data-end=\"4521\">\n<p data-start=\"4457\" data-end=\"4521\">Des cannes durables con\u00e7ues sp\u00e9cifiquement pour les performances en eau sal\u00e9e.<\/p>\n<\/li>\n<li data-start=\"4522\" data-end=\"4577\">\n<p data-start=\"4524\" data-end=\"4577\">Mat\u00e9riaux \u00e9prouv\u00e9s et composants r\u00e9sistants \u00e0 la corrosion<\/p>\n<\/li>\n<li data-start=\"4578\" data-end=\"4628\">\n<p data-start=\"4580\" data-end=\"4628\">Soutien professionnel OEM\/ODM pour les marques mondiales<\/p>\n<\/li>\n<li data-start=\"4629\" data-end=\"4698\">\n<p data-start=\"4631\" data-end=\"4698\">Capacit\u00e9 \u00e0 offrir \u00e0 la fois des gammes de produits haut de gamme et des gammes \u00e9conomiques<\/p>\n<\/li>\n<\/ul>\n<p data-start=\"4700\" data-end=\"4815\">Avec HK Tackle, vous gagnez un fiable <a href=\"https:\/\/hktackle.com\/fr\/nouvelles-de-lindustrie\/canne-de-surf-vs-canne-a-eau-salee\/\">canne \u00e0 p\u00eache en mer<\/a> fournisseur engag\u00e9 dans des partenariats \u00e0 long terme et une excellence produit constante.<\/p>\n<p data-start=\"4700\" data-end=\"4815\"><div class=\"wpforms-container\" id=\"wpforms-564\"><form id=\"wpforms-form-564\" class=\"wpforms-validate wpforms-form wpforms-ajax-form\" data-formid=\"564\" method=\"post\" enctype=\"multipart\/form-data\" action=\"\/fr\/wp-json\/wp\/v2\/product\/1876\" data-token=\"600821362ebf56942c45ec1487388034\" data-token-time=\"1776764723\" data-trp-original-action=\"\/fr\/wp-json\/wp\/v2\/product\/1876\"><div class=\"wpforms-head-container\"><div class=\"wpforms-title\">Demande de devis<\/div><\/div><noscript class=\"wpforms-error-noscript\">Veuillez activer JavaScript dans votre navigateur pour remplir ce formulaire.<\/noscript><div class=\"wpforms-field-container\"><div id=\"wpforms-564-field_1-container\" class=\"wpforms-field wpforms-field-name\" data-field-id=\"1\"><label class=\"wpforms-field-label wpforms-label-hide\" for=\"wpforms-564-field_1\">Nom <span class=\"wpforms-required-label\">*<\/span><\/label><input type=\"text\" id=\"wpforms-564-field_1\" class=\"wpforms-field-medium wpforms-field-required\" name=\"wpforms[fields][1]\" placeholder=\"Nom\" required><\/div><div id=\"wpforms-564-field_2-container\" class=\"wpforms-field wpforms-field-name\" data-field-id=\"2\"><label class=\"wpforms-field-label wpforms-label-hide\" for=\"wpforms-564-field_2\">Whatsapp <span class=\"wpforms-required-label\">*<\/span><\/label><input type=\"text\" id=\"wpforms-564-field_2\" class=\"wpforms-field-medium wpforms-field-required\" name=\"wpforms[fields][2]\" placeholder=\"Whatapp\" required><\/div><div id=\"wpforms-564-field_4-container\" class=\"wpforms-field wpforms-field-name\" data-field-id=\"4\"><label class=\"wpforms-field-label wpforms-label-hide\" for=\"wpforms-564-field_4\">Email <span class=\"wpforms-required-label\">*<\/span><\/label><input type=\"text\" id=\"wpforms-564-field_4\" class=\"wpforms-field-medium wpforms-field-required\" name=\"wpforms[fields][4]\" placeholder=\"Email\" required><\/div><div id=\"wpforms-564-field_3-container\" class=\"wpforms-field wpforms-field-name\" data-field-id=\"3\"><label class=\"wpforms-field-label wpforms-label-hide\" for=\"wpforms-564-field_3\">Enqu\u00eate <span class=\"wpforms-required-label\">*<\/span><\/label><input type=\"text\" id=\"wpforms-564-field_3\" class=\"wpforms-field-medium wpforms-field-required\" name=\"wpforms[fields][3]\" placeholder=\"quel produit vous avez besoin\" required><\/div>\t\t<div id=\"wpforms-564-field_7-container\"\n\t\t\tclass=\"wpforms-field wpforms-field-text\"\n\t\t\tdata-field-type=\"text\"\n\t\t\tdata-field-id=\"7\"\n\t\t\t>\n\t\t\t<label class=\"wpforms-field-label\" for=\"wpforms-564-field_7\" >Nom Whatsapp Email<\/label>\n\t\t\t<input type=\"text\" id=\"wpforms-564-field_7\" class=\"wpforms-field-medium\" name=\"wpforms[fields][7]\" >\n\t\t<\/div>\n\t\t<div id=\"wpforms-564-field_5-container\" class=\"wpforms-field wpforms-field-hidden\" data-field-id=\"5\"><input type=\"hidden\" id=\"wpforms-564-field_5\" name=\"wpforms[fields][5]\" value=\"216.73.217.52\"><\/div><div id=\"wpforms-564-field_6-container\" class=\"wpforms-field wpforms-field-hidden\" data-field-id=\"6\"><input type=\"hidden\" id=\"wpforms-564-field_6\" name=\"wpforms[fields][6]\" value=\"https:\/\/hktackle.com\/fr\/wp-json\/wp\/v2\/product\/1876\"><\/div><script>\n\t\t\t\t( function() {\n\t\t\t\t\tconst style = document.createElement( 'style' );\n\t\t\t\t\tstyle.appendChild( document.createTextNode( '#wpforms-564-field_7-container { position: absolute !important; overflow: hidden !important; display: inline !important; height: 1px !important; width: 1px !important; z-index: -1000 !important; padding: 0 !important; } #wpforms-564-field_7-container input { visibility: hidden; } #wpforms-conversational-form-page #wpforms-564-field_7-container label { counter-increment: none; }' ) );\n\t\t\t\t\tdocument.head.appendChild( style );\n\t\t\t\t\tdocument.currentScript?.remove();\n\t\t\t\t} )();\n\t\t\t<\/script><\/div><!-- .wpforms-field-container --><div class=\"wpforms-submit-container\" ><input type=\"hidden\" name=\"wpforms[id]\" value=\"564\"><input type=\"hidden\" name=\"page_title\" value=\"\"><input type=\"hidden\" name=\"page_url\" value=\"https:\/\/hktackle.com\/fr\/wp-json\/wp\/v2\/product\/1876\"><input type=\"hidden\" name=\"url_referer\" value=\"\"><button type=\"submit\" name=\"wpforms[submit]\" id=\"wpforms-submit-564\" class=\"wpforms-submit\" data-alt-text=\"Sending\" data-submit-text=\"Summit\" aria-live=\"assertive\" value=\"wpforms-submit\">Sommet<\/button><img loading=\"lazy\" decoding=\"async\" src=\"https:\/\/hktackle.com\/wp-content\/plugins\/wpforms\/assets\/images\/submit-spin.svg\" class=\"wpforms-submit-spinner\" style=\"display: none;\" width=\"26\" height=\"26\" alt=\"Chargement en cours\" title=\"\"><\/div><input type=\"hidden\" name=\"trp-form-language\" value=\"fr\"\/><\/form><\/div>  <!-- .wpforms-container --><\/p>\n<div id=\"gtx-trans\" style=\"position: absolute; left: 249px; top: 3421.5px;\">\n<div class=\"gtx-trans-icon\"><\/div>\n<\/div>","protected":false},"excerpt":{"rendered":"<p>La canne \u00e0 lancer Premium Saltwater de HK Tackle offre robustesse, sensibilit\u00e9 et durabilit\u00e9 r\u00e9sistante \u00e0 la corrosion pour tous les environnements marins. Id\u00e9ale pour la p\u00eache c\u00f4ti\u00e8re et en mer, avec des options de vente en gros et OEM disponibles.<\/p>\n<div class=\"wp-block-stackable-button stk-block-button popmake-1340 stk-block stk-13b8711 popmake-1340\" data-block-id=\"13b8711\">\n<style>.stk-13b8711 {min-height:var(--stk--preset--block-height--x-small, 4rem) !important;padding-top:var(--stk--preset--spacing--none, 0px) !important;padding-right:var(--stk--preset--spacing--none, 0px) !important;padding-bottom:var(--stk--preset--spacing--none, 0px) !important;padding-left:var(--stk--preset--spacing--none, 0px) !important;}.stk-13b8711 .stk-button{min-height:36px !important;padding-top:var(--stk--preset--spacing--40, 1rem) !important;padding-right:33px !important;padding-bottom:var(--stk--preset--spacing--40, 1rem) !important;background:#2db2eb !important;border-top-left-radius:var(--stk--preset--border-radius--small, 4px) !important;border-top-right-radius:var(--stk--preset--border-radius--small, 4px) !important;border-bottom-right-radius:var(--stk--preset--border-radius--small, 4px) !important;border-bottom-left-radius:var(--stk--preset--border-radius--small, 4px) !important;}.stk-13b8711 .stk-button__inner-text{color:#fffffe !important;}<\/style>\n<p><a class=\"stk-link stk-button stk--hover-effect-lift-scale-more\"><span class=\"has-text-color stk-button__inner-text\">Demander un devis <\/span><\/a><\/p>\n<\/div>","protected":false},"featured_media":1868,"template":"","meta":[],"product_brand":[],"product_cat":[20],"product_tag":[],"class_list":{"0":"post-1876","1":"product","2":"type-product","3":"status-publish","4":"has-post-thumbnail","6":"product_cat-rod-combo","8":"first","9":"instock","10":"shipping-taxable","11":"product-type-simple"},"_links":{"self":[{"href":"https:\/\/hktackle.com\/fr\/wp-json\/wp\/v2\/product\/1876","targetHints":{"allow":["GET"]}}],"collection":[{"href":"https:\/\/hktackle.com\/fr\/wp-json\/wp\/v2\/product"}],"about":[{"href":"https:\/\/hktackle.com\/fr\/wp-json\/wp\/v2\/types\/product"}],"wp:featuredmedia":[{"embeddable":true,"href":"https:\/\/hktackle.com\/fr\/wp-json\/wp\/v2\/media\/1868"}],"wp:attachment":[{"href":"https:\/\/hktackle.com\/fr\/wp-json\/wp\/v2\/media?parent=1876"}],"wp:term":[{"taxonomy":"product_brand","embeddable":true,"href":"https:\/\/hktackle.com\/fr\/wp-json\/wp\/v2\/product_brand?post=1876"},{"taxonomy":"product_cat","embeddable":true,"href":"https:\/\/hktackle.com\/fr\/wp-json\/wp\/v2\/product_cat?post=1876"},{"taxonomy":"product_tag","embeddable":true,"href":"https:\/\/hktackle.com\/fr\/wp-json\/wp\/v2\/product_tag?post=1876"}],"curies":[{"name":"wp","href":"https:\/\/api.w.org\/{rel}","templated":true}]}}