{"id":1888,"date":"2025-11-14T05:06:07","date_gmt":"2025-11-14T05:06:07","guid":{"rendered":"https:\/\/hktackle.com\/?post_type=product&#038;p=1888"},"modified":"2025-12-02T15:15:10","modified_gmt":"2025-12-02T15:15:10","slug":"fabricant-de-moulinets-de-peche-en-surf","status":"publish","type":"product","link":"https:\/\/hktackle.com\/fr\/produit\/fabricant-de-moulinets-de-peche-en-surf","title":{"rendered":"Moulinets de p\u00eache en surf pour une performance en eau sal\u00e9e et approvisionnement B2B"},"content":{"rendered":"<h1 data-start=\"906\" data-end=\"977\"><strong data-start=\"906\" data-end=\"977\">Moulinets de surf premium pour performance en eau sal\u00e9e et approvisionnement B2B<\/strong><\/h1>\n<p data-start=\"979\" data-end=\"1478\">HK Tackle est un fabricant et exportateur professionnel de haute r\u00e9sistance. <a href=\"https:\/\/hktackle.com\/fr\/guide-des-moulinets-de-peche\/\"><strong data-start=\"1050\" data-end=\"1072\">moulinets de p\u00eache \u00e0 la ligne en surf<\/strong><\/a> con\u00e7u sp\u00e9cifiquement pour des environnements de p\u00eache en mer. Nos moulinets sont destin\u00e9s aux grossistes mondiaux, aux marques de mat\u00e9riel de p\u00eache et aux d\u00e9taillants \u00e0 la recherche de performances durables, d'une qualit\u00e9 de production stable et de prix OEM comp\u00e9titifs. En combinant ing\u00e9nierie de pr\u00e9cision et mat\u00e9riaux r\u00e9sistants \u00e0 la corrosion, HK Tackle offre des moulinets de surf capables de supporter des vagues puissantes, des lancers \u00e0 longue distance et de grandes esp\u00e8ces c\u00f4ti\u00e8res.<\/p>\n<p data-start=\"979\" data-end=\"1478\"><img loading=\"lazy\" decoding=\"async\" class=\"alignnone size-full wp-image-1262\" src=\"https:\/\/hktackle.com\/wp-content\/uploads\/2025\/10\/surf-reel-9.png\" alt=\"moulinets de p\u00eache \u00e0 la ligne en surf\" width=\"402\" height=\"519\" title=\"\" srcset=\"https:\/\/hktackle.com\/wp-content\/uploads\/2025\/10\/surf-reel-9.png 402w, https:\/\/hktackle.com\/wp-content\/uploads\/2025\/10\/surf-reel-9-232x300.png 232w\" sizes=\"auto, (max-width: 402px) 100vw, 402px\" \/><img loading=\"lazy\" decoding=\"async\" class=\"alignnone size-full wp-image-1259\" src=\"https:\/\/hktackle.com\/wp-content\/uploads\/2025\/10\/surf-reel-6.png\" alt=\"meilleure canne \u00e0 p\u00eache en mer\" width=\"390\" height=\"531\" title=\"\" srcset=\"https:\/\/hktackle.com\/wp-content\/uploads\/2025\/10\/surf-reel-6.png 390w, https:\/\/hktackle.com\/wp-content\/uploads\/2025\/10\/surf-reel-6-220x300.png 220w\" sizes=\"auto, (max-width: 390px) 100vw, 390px\" \/><\/p>\n<hr data-start=\"1480\" data-end=\"1483\" \/>\n<h2 data-start=\"1485\" data-end=\"1534\"><strong data-start=\"1488\" data-end=\"1534\">Con\u00e7u pour le lancer au bord de la mer sur de longues distances<\/strong><\/h2>\n<p data-start=\"1536\" data-end=\"1907\">Un vrai <a href=\"https:\/\/hktackle.com\/fr\/guide-des-moulinets-de-peche\/\"><strong data-start=\"1543\" data-end=\"1564\">moulinet de surf pour la p\u00eache<\/strong><\/a> doit trouver un \u00e9quilibre entre la capacit\u00e9 du moulinet, la fluidit\u00e9 du lancer et la stabilit\u00e9 du frein. HK Tackle utilise des moulinets en aluminium usin\u00e9s par CNC pour r\u00e9duire le poids tout en maintenant l'int\u00e9grit\u00e9 structurelle sous une forte tension de ligne. La l\u00e8vre de moulinet optimis\u00e9e minimise la friction, permettant aux lignes monofilament ou tress\u00e9es de couler en douceur lors de lancers de longue distance.<\/p>\n<p data-start=\"1909\" data-end=\"2191\">Les engrenages internes sont fabriqu\u00e9s en acier inoxydable ou en laiton selon les exigences du march\u00e9 cible. Les rapports de r\u00e9duction peuvent \u00eatre personnalis\u00e9s pour correspondre aux pr\u00e9f\u00e9rences de p\u00eache locales, que ce soit un enroulement rapide pour des styles de surf actifs ou un enroulement mod\u00e9r\u00e9 pour des app\u00e2ts lourds et de grandes esp\u00e8ces de surf.<\/p>\n<hr data-start=\"2193\" data-end=\"2196\" \/>\n<h2 data-start=\"2198\" data-end=\"2258\"><strong data-start=\"2201\" data-end=\"2258\">R\u00e9sistance \u00e0 la corrosion par l'eau de mer pour des environnements difficiles<\/strong><\/h2>\n<p data-start=\"2260\" data-end=\"2527\">L'exposition \u00e0 l'eau sal\u00e9e est le facteur principal qui d\u00e9termine la long\u00e9vit\u00e9 dans <a href=\"https:\/\/hktackle.com\/fr\/introduction-du-produit\/guide-b2b-des-fournisseurs-de-moulinets-de-peche\/\"><strong data-start=\"2330\" data-end=\"2352\">moulinets de p\u00eache \u00e0 la ligne en surf<\/strong><\/a>Pour r\u00e9pondre aux attentes des acheteurs B2B mondiaux, HK Tackle applique des traitements anti-corrosion multicouches utilisant des surfaces anodis\u00e9es, des composants de qualit\u00e9 marine et des roulements \u00e9tanch\u00e9s.<\/p>\n<p data-start=\"2529\" data-end=\"2553\">Les protections cl\u00e9s comprennent :<\/p>\n<ul data-start=\"2555\" data-end=\"2791\">\n<li data-start=\"2555\" data-end=\"2606\">\n<p data-start=\"2557\" data-end=\"2606\"><strong data-start=\"2557\" data-end=\"2604\">Construction du corps r\u00e9sistant \u00e0 l'eau avec un indice IPX<\/strong><\/p>\n<\/li>\n<li data-start=\"2607\" data-end=\"2646\">\n<p data-start=\"2609\" data-end=\"2646\"><strong data-start=\"2609\" data-end=\"2644\">Roulements rev\u00eatus de protection contre le sel<\/strong><\/p>\n<\/li>\n<li data-start=\"2647\" data-end=\"2696\">\n<p data-start=\"2649\" data-end=\"2696\"><strong data-start=\"2649\" data-end=\"2694\">Syst\u00e8me de tra\u00een\u00e9e \u00e9tanche avec rondelles en synth\u00e9tique<\/strong><\/p>\n<\/li>\n<li data-start=\"2697\" data-end=\"2742\">\n<p data-start=\"2699\" data-end=\"2742\"><strong data-start=\"2699\" data-end=\"2740\">Arbre principal en acier inoxydable renforc\u00e9<\/strong><\/p>\n<\/li>\n<li data-start=\"2743\" data-end=\"2791\">\n<p data-start=\"2745\" data-end=\"2791\"><strong data-start=\"2745\" data-end=\"2789\">Vis et composants internes anti-corrosion<\/strong><\/p>\n<\/li>\n<\/ul>\n<p data-start=\"2793\" data-end=\"2948\">Cette construction minimise la corrosion, la d\u00e9gradation des engrenages et l'intrusion de sel\u2014des exigences critiques pour le d\u00e9veloppement d'un <a href=\"https:\/\/hktackle.com\/fr\/categorie-produit\/bobines\/\"><strong data-start=\"2908\" data-end=\"2934\">meilleure canne \u00e0 p\u00eache en mer<\/strong><\/a> gamme de produits.<\/p>\n<hr data-start=\"2950\" data-end=\"2953\" \/>\n<h2 data-start=\"2955\" data-end=\"3008\"><strong data-start=\"2958\" data-end=\"3008\">Syst\u00e8me de traction puissant pour les grandes esp\u00e8ces c\u00f4ti\u00e8res<\/strong><\/h2>\n<p data-start=\"3010\" data-end=\"3276\">Les p\u00eacheurs de surf visent des poissons puissants et rapides comme le bar ray\u00e9, le maquereau bleu, le rouget, le tarpon et le maquereau espagnol. Pour g\u00e9rer ces charges, HK Tackle construit des syst\u00e8mes de frein \u00e0 haute capacit\u00e9 utilisant des rondelles en fibre de carbone qui offrent une pression stable sans surchauffe.<\/p>\n<p data-start=\"3278\" data-end=\"3295\">Les fonctionnalit\u00e9s incluent :<\/p>\n<ul data-start=\"3297\" data-end=\"3504\">\n<li data-start=\"3297\" data-end=\"3357\">\n<p data-start=\"3299\" data-end=\"3357\"><strong data-start=\"3299\" data-end=\"3355\">Traction haute capacit\u00e9 (jusqu'\u00e0 20\u201330 kg selon le mod\u00e8le)<\/strong><\/p>\n<\/li>\n<li data-start=\"3358\" data-end=\"3404\">\n<p data-start=\"3360\" data-end=\"3404\"><strong data-start=\"3360\" data-end=\"3402\">Empilement hybride en carbone et acier inoxydable<\/strong><\/p>\n<\/li>\n<li data-start=\"3405\" data-end=\"3458\">\n<p data-start=\"3407\" data-end=\"3458\"><strong data-start=\"3407\" data-end=\"3456\">Performance antiadh\u00e9sive sous une tension de ligne \u00e9lev\u00e9e<\/strong><\/p>\n<\/li>\n<li data-start=\"3459\" data-end=\"3504\">\n<p data-start=\"3461\" data-end=\"3504\"><strong data-start=\"3461\" data-end=\"3502\">D\u00e9marrage en douceur pour r\u00e9duire les chocs de ligne<\/strong><\/p>\n<\/li>\n<\/ul>\n<p data-start=\"3506\" data-end=\"3605\">M\u00eame les mod\u00e8les de bobines d'entr\u00e9e de gamme peuvent \u00eatre am\u00e9lior\u00e9s pour s'adapter aux march\u00e9s premium en fonction des pr\u00e9f\u00e9rences des acheteurs.<\/p>\n<hr data-start=\"3607\" data-end=\"3610\" \/>\n<h2 data-start=\"3612\" data-end=\"3660\"><strong data-start=\"3615\" data-end=\"3660\">Conception ergonomique pour la p\u00eache \u00e0 la tra\u00eene toute la journ\u00e9e<\/strong><\/h2>\n<p data-start=\"3662\" data-end=\"3832\">Un moulinet confortable est essentiel pour les p\u00eacheurs \u00e0 la ligne passant de longues heures sur les plages, les r\u00e9cifs ou les c\u00f4tes rocheuses. HK Tackle am\u00e9liore les composants ergonomiques pour am\u00e9liorer l'exp\u00e9rience utilisateur :<\/p>\n<ul data-start=\"3834\" data-end=\"3993\">\n<li data-start=\"3834\" data-end=\"3870\">\n<p data-start=\"3836\" data-end=\"3870\">Boutons de poign\u00e9e en aluminium surdimensionn\u00e9s<\/p>\n<\/li>\n<li data-start=\"3871\" data-end=\"3897\">\n<p data-start=\"3873\" data-end=\"3897\">Conception de manivelle antid\u00e9rapante<\/p>\n<\/li>\n<li data-start=\"3898\" data-end=\"3944\">\n<p data-start=\"3900\" data-end=\"3944\">Rotore \u00e9quilibr\u00e9 pour un ramassage sans vibration<\/p>\n<\/li>\n<li data-start=\"3945\" data-end=\"3993\">\n<p data-start=\"3947\" data-end=\"3993\">Mat\u00e9riaux de corps l\u00e9gers pour r\u00e9duire la fatigue<\/p>\n<\/li>\n<\/ul>\n<p data-start=\"3995\" data-end=\"4138\">Nous produisons <strong data-start=\"4006\" data-end=\"4027\">moulinet de surf pour la p\u00eache<\/strong> mod\u00e8les en graphite, composites renforc\u00e9s de carbone et carrosseries enti\u00e8rement en aluminium pour soutenir plusieurs segments de prix.<\/p>\n<hr data-start=\"4140\" data-end=\"4143\" \/>\n<h2 data-start=\"4145\" data-end=\"4187\"><strong data-start=\"4148\" data-end=\"4187\">Personnalisation OEM pour les acheteurs mondiaux<\/strong><\/h2>\n<p><img loading=\"lazy\" decoding=\"async\" class=\"alignnone wp-image-1469\" src=\"https:\/\/hktackle.com\/wp-content\/uploads\/2025\/11\/HK-fishing-tackle.jpg\" alt=\"HK \u00c9quipement de p\u00eache\" width=\"691\" height=\"470\" title=\"\" srcset=\"https:\/\/hktackle.com\/wp-content\/uploads\/2025\/11\/HK-fishing-tackle.jpg 861w, https:\/\/hktackle.com\/wp-content\/uploads\/2025\/11\/HK-fishing-tackle-300x204.jpg 300w, https:\/\/hktackle.com\/wp-content\/uploads\/2025\/11\/HK-fishing-tackle-768x522.jpg 768w, https:\/\/hktackle.com\/wp-content\/uploads\/2025\/11\/HK-fishing-tackle-600x408.jpg 600w\" sizes=\"auto, (max-width: 691px) 100vw, 691px\" \/><\/p>\n<p data-start=\"4189\" data-end=\"4287\">HK Tackle soutient la production sous marque de distributeur et OEM\/ODM pour tous <a href=\"https:\/\/hktackle.com\/fr\/categorie-produit\/bobines\/\"><strong data-start=\"4253\" data-end=\"4275\">moulinets de p\u00eache \u00e0 la ligne en surf<\/strong><\/a>, y compris :<\/p>\n<ul data-start=\"4289\" data-end=\"4502\">\n<li data-start=\"4289\" data-end=\"4324\">\n<p data-start=\"4291\" data-end=\"4324\">Couleurs de bobine personnalis\u00e9es et anodisation<\/p>\n<\/li>\n<li data-start=\"4325\" data-end=\"4355\">\n<p data-start=\"4327\" data-end=\"4355\">Tailles de bobine : <strong data-start=\"4339\" data-end=\"4353\">4000\u201312000<\/strong><\/p>\n<\/li>\n<li data-start=\"4356\" data-end=\"4380\">\n<p data-start=\"4358\" data-end=\"4380\">S\u00e9lection du rapport de d\u00e9multiplication<\/p>\n<\/li>\n<li data-start=\"4381\" data-end=\"4422\">\n<p data-start=\"4383\" data-end=\"4422\">G\u00e9rer la personnalisation des mat\u00e9riaux et des formes<\/p>\n<\/li>\n<li data-start=\"4423\" data-end=\"4452\">\n<p data-start=\"4425\" data-end=\"4452\">Logo de marque grav\u00e9 au laser<\/p>\n<\/li>\n<li data-start=\"4453\" data-end=\"4502\">\n<p data-start=\"4455\" data-end=\"4502\">Emballages personnalis\u00e9s et bo\u00eetes pr\u00eates \u00e0 vendre<\/p>\n<\/li>\n<\/ul>\n<p data-start=\"4504\" data-end=\"4676\">Nous collaborons avec les acheteurs pour associer les sp\u00e9cifications de performance aux march\u00e9s cibles, que votre objectif soit le commerce de d\u00e9tail de masse, les magasins sp\u00e9cialis\u00e9s en mat\u00e9riels de p\u00eache ou les lignes de mat\u00e9riel de surf haut de gamme.<\/p>\n<hr data-start=\"4678\" data-end=\"4681\" \/>\n<h2 data-start=\"4683\" data-end=\"4740\"><strong data-start=\"4686\" data-end=\"4740\">Flux de travail de contr\u00f4le de qualit\u00e9 pour une production coh\u00e9rente<\/strong><\/h2>\n<p data-start=\"4742\" data-end=\"4926\">Les clients B2B d\u00e9pendent de la constance des produits. HK Tackle met en \u0153uvre des proc\u00e9dures de contr\u00f4le qualit\u00e9 strictes, des mati\u00e8res premi\u00e8res \u00e0 l'inspection finale. Chaque lot de <strong data-start=\"4882\" data-end=\"4908\">meilleure canne \u00e0 p\u00eache en mer<\/strong> les mod\u00e8les subissent :<\/p>\n<ol data-start=\"4928\" data-end=\"5161\">\n<li data-start=\"4928\" data-end=\"4960\">\n<p data-start=\"4931\" data-end=\"4960\"><strong data-start=\"4931\" data-end=\"4958\">Test de la douceur de l'engrenage<\/strong><\/p>\n<\/li>\n<li data-start=\"4961\" data-end=\"4995\">\n<p data-start=\"4964\" data-end=\"4995\"><strong data-start=\"4964\" data-end=\"4993\">Tests de charge de stabilit\u00e9 des tra\u00een\u00e9es<\/strong><\/p>\n<\/li>\n<li data-start=\"4996\" data-end=\"5041\">\n<p data-start=\"4999\" data-end=\"5041\"><strong data-start=\"4999\" data-end=\"5039\">G\u00e9rer les tests de pression et de r\u00e9sistance<\/strong><\/p>\n<\/li>\n<li data-start=\"5042\" data-end=\"5082\">\n<p data-start=\"5045\" data-end=\"5082\"><strong data-start=\"5045\" data-end=\"5080\">Simulation de corrosion par brouillard salin<\/strong><\/p>\n<\/li>\n<li data-start=\"5083\" data-end=\"5116\">\n<p data-start=\"5086\" data-end=\"5116\"><strong data-start=\"5086\" data-end=\"5114\">Inspection de l'\u00e9quilibre du rotor<\/strong><\/p>\n<\/li>\n<li data-start=\"5117\" data-end=\"5161\">\n<p data-start=\"5120\" data-end=\"5161\"><strong data-start=\"5120\" data-end=\"5159\">Contr\u00f4les d'assemblage final et d'emballage<\/strong><\/p>\n<\/li>\n<\/ol>\n<p data-start=\"5163\" data-end=\"5284\">Ces processus garantissent que chaque exp\u00e9dition correspond aux normes de votre marque et offre des performances fiables aux utilisateurs finaux.<\/p>\n<hr data-start=\"5286\" data-end=\"5289\" \/>\n<h2 data-start=\"5291\" data-end=\"5329\"><strong data-start=\"5294\" data-end=\"5329\">Emballage, Exp\u00e9dition et Logistique<\/strong><\/h2>\n<p data-start=\"5331\" data-end=\"5418\">Pour soutenir les distributeurs internationaux, HK Tackle propose des solutions logistiques sur mesure :<\/p>\n<ul data-start=\"5420\" data-end=\"5643\">\n<li data-start=\"5420\" data-end=\"5472\">\n<p data-start=\"5422\" data-end=\"5472\">Emballage de d\u00e9tail individuel pour produits de marque<\/p>\n<\/li>\n<li data-start=\"5473\" data-end=\"5512\">\n<p data-start=\"5475\" data-end=\"5512\">Cartons en vrac pour l'efficacit\u00e9 du fret<\/p>\n<\/li>\n<li data-start=\"5513\" data-end=\"5550\">\n<p data-start=\"5515\" data-end=\"5550\">\u00c9tiquetage de code-barres et de SKU optionnels<\/p>\n<\/li>\n<li data-start=\"5551\" data-end=\"5596\">\n<p data-start=\"5553\" data-end=\"5596\">Protection en mousse renforc\u00e9e durant le transport<\/p>\n<\/li>\n<li data-start=\"5597\" data-end=\"5643\">\n<p data-start=\"5599\" data-end=\"5643\">Chargement de conteneurs de taille mixte et de mod\u00e8le mixte<\/p>\n<\/li>\n<\/ul>\n<p data-start=\"5645\" data-end=\"5750\">Nous proposons \u00e9galement des \u00e9chantillons rapides pour de nouvelles gammes de produits et des rapports de sp\u00e9cification d\u00e9taill\u00e9s pour chaque mod\u00e8le de bobine.<\/p>\n<hr data-start=\"5752\" data-end=\"5755\" \/>\n<h2 data-start=\"5757\" data-end=\"5812\"><strong data-start=\"5760\" data-end=\"5812\">Pourquoi choisir HK Tackle comme fournisseur de moulinets de surf ?<\/strong><\/h2>\n<ul data-start=\"5814\" data-end=\"6094\">\n<li data-start=\"5814\" data-end=\"5869\">\n<p data-start=\"5816\" data-end=\"5869\">Usine OEM professionnelle sp\u00e9cialis\u00e9e dans les moulinets de surf<\/p>\n<\/li>\n<li data-start=\"5870\" data-end=\"5913\">\n<p data-start=\"5872\" data-end=\"5913\">Forte capacit\u00e9 d'ing\u00e9nierie et de R&amp;D<\/p>\n<\/li>\n<li data-start=\"5914\" data-end=\"5963\">\n<p data-start=\"5916\" data-end=\"5963\">Production flexible pour des commandes grandes ou petites<\/p>\n<\/li>\n<li data-start=\"5964\" data-end=\"5997\">\n<p data-start=\"5966\" data-end=\"5997\">Tarification de gros comp\u00e9titive<\/p>\n<\/li>\n<li data-start=\"5998\" data-end=\"6044\">\n<p data-start=\"6000\" data-end=\"6044\">Contr\u00f4le de qualit\u00e9 fiable pour les commandes r\u00e9p\u00e9t\u00e9es<\/p>\n<\/li>\n<li data-start=\"6045\" data-end=\"6094\">\n<p data-start=\"6047\" data-end=\"6094\">Temps de r\u00e9ponse rapides et support d'exportation stable<\/p>\n<\/li>\n<\/ul>\n<p data-start=\"6096\" data-end=\"6372\">HK Tackle s'engage \u00e0 offrir des produits durables et haute performance. <strong data-start=\"6159\" data-end=\"6181\">moulinets de p\u00eache \u00e0 la ligne en surf<\/strong> qui r\u00e9pondent aux besoins des p\u00eacheurs \u00e0 la ligne du monde entier. Que votre entreprise n\u00e9cessite des mod\u00e8les d'entr\u00e9e de gamme ou des designs haut de gamme pour le lancer \u00e0 longue distance, nous proposons des solutions produits \u00e9volutives adapt\u00e9es \u00e0 votre march\u00e9.<\/p>\n<p data-start=\"6096\" data-end=\"6372\"><div class=\"wpforms-container\" id=\"wpforms-564\"><form id=\"wpforms-form-564\" class=\"wpforms-validate wpforms-form wpforms-ajax-form\" data-formid=\"564\" method=\"post\" enctype=\"multipart\/form-data\" action=\"\/fr\/wp-json\/wp\/v2\/product\/1888\" data-token=\"3a27290115edac4e9507e4eda9c9e8f3\" data-token-time=\"1776510858\" data-trp-original-action=\"\/fr\/wp-json\/wp\/v2\/product\/1888\"><div class=\"wpforms-head-container\"><div class=\"wpforms-title\">Demande de devis<\/div><\/div><noscript class=\"wpforms-error-noscript\">Veuillez activer JavaScript dans votre navigateur pour remplir ce formulaire.<\/noscript><div class=\"wpforms-field-container\"><div id=\"wpforms-564-field_1-container\" class=\"wpforms-field wpforms-field-name\" data-field-id=\"1\"><label class=\"wpforms-field-label wpforms-label-hide\" for=\"wpforms-564-field_1\">Nom <span class=\"wpforms-required-label\">*<\/span><\/label><input type=\"text\" id=\"wpforms-564-field_1\" class=\"wpforms-field-medium wpforms-field-required\" name=\"wpforms[fields][1]\" placeholder=\"Nom\" required><\/div><div id=\"wpforms-564-field_2-container\" class=\"wpforms-field wpforms-field-name\" data-field-id=\"2\"><label class=\"wpforms-field-label wpforms-label-hide\" for=\"wpforms-564-field_2\">Whatsapp <span class=\"wpforms-required-label\">*<\/span><\/label><input type=\"text\" id=\"wpforms-564-field_2\" class=\"wpforms-field-medium wpforms-field-required\" name=\"wpforms[fields][2]\" placeholder=\"Whatapp\" required><\/div><div id=\"wpforms-564-field_4-container\" class=\"wpforms-field wpforms-field-name\" data-field-id=\"4\"><label class=\"wpforms-field-label wpforms-label-hide\" for=\"wpforms-564-field_4\">Email <span class=\"wpforms-required-label\">*<\/span><\/label><input type=\"text\" id=\"wpforms-564-field_4\" class=\"wpforms-field-medium wpforms-field-required\" name=\"wpforms[fields][4]\" placeholder=\"Email\" required><\/div>\t\t<div id=\"wpforms-564-field_7-container\"\n\t\t\tclass=\"wpforms-field wpforms-field-text\"\n\t\t\tdata-field-type=\"text\"\n\t\t\tdata-field-id=\"7\"\n\t\t\t>\n\t\t\t<label class=\"wpforms-field-label\" for=\"wpforms-564-field_7\" >Whatsapp page de demande Email<\/label>\n\t\t\t<input type=\"text\" id=\"wpforms-564-field_7\" class=\"wpforms-field-medium\" name=\"wpforms[fields][7]\" >\n\t\t<\/div>\n\t\t<div id=\"wpforms-564-field_3-container\" class=\"wpforms-field wpforms-field-name\" data-field-id=\"3\"><label class=\"wpforms-field-label wpforms-label-hide\" for=\"wpforms-564-field_3\">Enqu\u00eate <span class=\"wpforms-required-label\">*<\/span><\/label><input type=\"text\" id=\"wpforms-564-field_3\" class=\"wpforms-field-medium wpforms-field-required\" name=\"wpforms[fields][3]\" placeholder=\"quel produit vous avez besoin\" required><\/div><div id=\"wpforms-564-field_5-container\" class=\"wpforms-field wpforms-field-hidden\" data-field-id=\"5\"><input type=\"hidden\" id=\"wpforms-564-field_5\" name=\"wpforms[fields][5]\" value=\"216.73.216.42\"><\/div><div id=\"wpforms-564-field_6-container\" class=\"wpforms-field wpforms-field-hidden\" data-field-id=\"6\"><input type=\"hidden\" id=\"wpforms-564-field_6\" name=\"wpforms[fields][6]\" value=\"https:\/\/hktackle.com\/fr\/wp-json\/wp\/v2\/product\/1888\"><\/div><script>\n\t\t\t\t( function() {\n\t\t\t\t\tconst style = document.createElement( 'style' );\n\t\t\t\t\tstyle.appendChild( document.createTextNode( '#wpforms-564-field_7-container { position: absolute !important; overflow: hidden !important; display: inline !important; height: 1px !important; width: 1px !important; z-index: -1000 !important; padding: 0 !important; } #wpforms-564-field_7-container input { visibility: hidden; } #wpforms-conversational-form-page #wpforms-564-field_7-container label { counter-increment: none; }' ) );\n\t\t\t\t\tdocument.head.appendChild( style );\n\t\t\t\t\tdocument.currentScript?.remove();\n\t\t\t\t} )();\n\t\t\t<\/script><\/div><!-- .wpforms-field-container --><div class=\"wpforms-submit-container\" ><input type=\"hidden\" name=\"wpforms[id]\" value=\"564\"><input type=\"hidden\" name=\"page_title\" value=\"\"><input type=\"hidden\" name=\"page_url\" value=\"https:\/\/hktackle.com\/fr\/wp-json\/wp\/v2\/product\/1888\"><input type=\"hidden\" name=\"url_referer\" value=\"\"><button type=\"submit\" name=\"wpforms[submit]\" id=\"wpforms-submit-564\" class=\"wpforms-submit\" data-alt-text=\"Sending\" data-submit-text=\"Summit\" aria-live=\"assertive\" value=\"wpforms-submit\">Sommet<\/button><img loading=\"lazy\" decoding=\"async\" src=\"https:\/\/hktackle.com\/wp-content\/plugins\/wpforms\/assets\/images\/submit-spin.svg\" class=\"wpforms-submit-spinner\" style=\"display: none;\" width=\"26\" height=\"26\" alt=\"Chargement en cours\" title=\"\"><\/div><input type=\"hidden\" name=\"trp-form-language\" value=\"fr\"\/><\/form><\/div>  <!-- .wpforms-container --><\/p>\n<div id=\"gtx-trans\" style=\"position: absolute; left: 488px; top: 1000.5px;\">\n<div class=\"gtx-trans-icon\"><\/div>\n<\/div>","protected":false},"excerpt":{"rendered":"<div class=\"image-container\">\n<p>Un moulinet de p\u00eache surf robuste con\u00e7u pour les lancers longue distance et la r\u00e9sistance \u00e0 l'eau sal\u00e9e. Tailles OEM, syst\u00e8mes de frein et branding disponibles aupr\u00e8s de HK Tackle pour les distributeurs mondiaux.<\/p>\n<\/div>\n<div class=\"wp-block-stackable-button stk-block-button popmake-1340 stk-block stk-13b8711 popmake-1340\" data-block-id=\"13b8711\">\n<style>.stk-13b8711 {min-height:var(--stk--preset--block-height--x-small, 4rem) !important;padding-top:var(--stk--preset--spacing--none, 0px) !important;padding-right:var(--stk--preset--spacing--none, 0px) !important;padding-bottom:var(--stk--preset--spacing--none, 0px) !important;padding-left:var(--stk--preset--spacing--none, 0px) !important;}.stk-13b8711 .stk-button{min-height:36px !important;padding-top:var(--stk--preset--spacing--40, 1rem) !important;padding-right:33px !important;padding-bottom:var(--stk--preset--spacing--40, 1rem) !important;background:#2db2eb !important;border-top-left-radius:var(--stk--preset--border-radius--small, 4px) !important;border-top-right-radius:var(--stk--preset--border-radius--small, 4px) !important;border-bottom-right-radius:var(--stk--preset--border-radius--small, 4px) !important;border-bottom-left-radius:var(--stk--preset--border-radius--small, 4px) !important;}.stk-13b8711 .stk-button__inner-text{color:#fffffe !important;}<\/style>\n<p><a class=\"stk-link stk-button stk--hover-effect-lift-scale-more\"><span class=\"has-text-color stk-button__inner-text\">Demander un devis <\/span><\/a><\/p>\n<\/div>","protected":false},"featured_media":1258,"template":"","meta":[],"product_brand":[],"product_cat":[23],"product_tag":[],"class_list":{"0":"post-1888","1":"product","2":"type-product","3":"status-publish","4":"has-post-thumbnail","6":"product_cat-reels","8":"first","9":"instock","10":"shipping-taxable","11":"product-type-simple"},"_links":{"self":[{"href":"https:\/\/hktackle.com\/fr\/wp-json\/wp\/v2\/product\/1888","targetHints":{"allow":["GET"]}}],"collection":[{"href":"https:\/\/hktackle.com\/fr\/wp-json\/wp\/v2\/product"}],"about":[{"href":"https:\/\/hktackle.com\/fr\/wp-json\/wp\/v2\/types\/product"}],"wp:featuredmedia":[{"embeddable":true,"href":"https:\/\/hktackle.com\/fr\/wp-json\/wp\/v2\/media\/1258"}],"wp:attachment":[{"href":"https:\/\/hktackle.com\/fr\/wp-json\/wp\/v2\/media?parent=1888"}],"wp:term":[{"taxonomy":"product_brand","embeddable":true,"href":"https:\/\/hktackle.com\/fr\/wp-json\/wp\/v2\/product_brand?post=1888"},{"taxonomy":"product_cat","embeddable":true,"href":"https:\/\/hktackle.com\/fr\/wp-json\/wp\/v2\/product_cat?post=1888"},{"taxonomy":"product_tag","embeddable":true,"href":"https:\/\/hktackle.com\/fr\/wp-json\/wp\/v2\/product_tag?post=1888"}],"curies":[{"name":"wp","href":"https:\/\/api.w.org\/{rel}","templated":true}]}}