{"id":1893,"date":"2025-11-16T11:44:27","date_gmt":"2025-11-16T11:44:27","guid":{"rendered":"https:\/\/hktackle.com\/?post_type=product&#038;p=1893"},"modified":"2025-12-02T15:20:55","modified_gmt":"2025-12-02T15:20:55","slug":"fournisseur-dappats-en-plastique-souples-pour-la-peche","status":"publish","type":"product","link":"https:\/\/hktackle.com\/fr\/produit\/fournisseur-dappats-en-plastique-souples-pour-la-peche","title":{"rendered":"Leurre de p\u00eache souple premium pour acheteurs en gros du monde entier"},"content":{"rendered":"<h1 data-start=\"874\" data-end=\"932\"><strong data-start=\"874\" data-end=\"932\">Leurre de p\u00eache souple premium pour acheteurs en gros du monde entier<\/strong><\/h1>\n<p><img loading=\"lazy\" decoding=\"async\" class=\"alignnone wp-image-1242\" src=\"https:\/\/hktackle.com\/wp-content\/uploads\/2025\/10\/soft-lure-2-1.png\" alt=\"app\u00e2ts souples de p\u00eache\" width=\"427\" height=\"489\" title=\"\" srcset=\"https:\/\/hktackle.com\/wp-content\/uploads\/2025\/10\/soft-lure-2-1.png 537w, https:\/\/hktackle.com\/wp-content\/uploads\/2025\/10\/soft-lure-2-1-262x300.png 262w\" sizes=\"auto, (max-width: 427px) 100vw, 427px\" \/><img loading=\"lazy\" decoding=\"async\" class=\"alignnone wp-image-1241\" src=\"https:\/\/hktackle.com\/wp-content\/uploads\/2025\/10\/soft-lure-1-1.png\" alt=\"leurres de p\u00eache souples\" width=\"444\" height=\"489\" title=\"\" srcset=\"https:\/\/hktackle.com\/wp-content\/uploads\/2025\/10\/soft-lure-1-1.png 539w, https:\/\/hktackle.com\/wp-content\/uploads\/2025\/10\/soft-lure-1-1-272x300.png 272w\" sizes=\"auto, (max-width: 444px) 100vw, 444px\" \/><\/p>\n<p data-start=\"934\" data-end=\"1444\">HK Tackle est sp\u00e9cialis\u00e9 dans la conception et la production en s\u00e9rie de haute qualit\u00e9 <a href=\"https:\/\/hktackle.com\/fr\/guide-complet-des-appats-de-peche\/\"><strong data-start=\"1006\" data-end=\"1028\">leurres de p\u00eache souples<\/strong><\/a> con\u00e7us pour les esp\u00e8ces d'eau douce et d'eau sal\u00e9e. Nos app\u00e2ts souples sont fabriqu\u00e9s avec des mat\u00e9riaux flexibles mais durables <strong data-start=\"1129\" data-end=\"1150\">leurre souple en plastique<\/strong> qui offre un mouvement r\u00e9aliste, une \u00e9lasticit\u00e9 durable et des performances fiables. En tant que fournisseur orient\u00e9 vers l'usine avec une pleine capacit\u00e9 OEM, HK Tackle sert des distributeurs mondiaux, des marques d'articles de p\u00eache et des vendeurs de commerce \u00e9lectronique n\u00e9cessitant un approvisionnement stable, des designs personnalisables et des prix B2B comp\u00e9titifs.<\/p>\n<hr data-start=\"1446\" data-end=\"1449\" \/>\n<h2 data-start=\"1451\" data-end=\"1519\"><strong data-start=\"1454\" data-end=\"1519\">Action de nage r\u00e9aliste avec un mat\u00e9riau d'app\u00e2t doux haute \u00e9lasticit\u00e9<\/strong><\/h2>\n<p data-start=\"1521\" data-end=\"1895\">La caract\u00e9ristique la plus importante de tout <a href=\"https:\/\/hktackle.com\/fr\/guide-complet-des-appats-de-peche\/\"><strong data-start=\"1555\" data-end=\"1582\">app\u00e2ts souples de p\u00eache<\/strong><\/a> c'est son mouvement naturel dans l'eau. HK Tackle utilise une formule de plastique souple raffin\u00e9e qui produit une action de nage fluide et r\u00e9aliste m\u00eame \u00e0 des vitesses de r\u00e9cup\u00e9ration lentes. Que les clients ciblent le bar, la truite, le brochet, le dor\u00e9, le snook ou des esp\u00e8ces marines c\u00f4ti\u00e8res, nos leurres cr\u00e9ent un mouvement irr\u00e9sistible qui imite une proie r\u00e9elle.<\/p>\n<p data-start=\"1897\" data-end=\"2102\">Le mat\u00e9riau est flexible mais r\u00e9sistant aux d\u00e9chirures, garantissant une dur\u00e9e de vie plus longue m\u00eame apr\u00e8s des impacts r\u00e9p\u00e9t\u00e9s. Ceci est particuli\u00e8rement pr\u00e9cieux pour les acheteurs B2B qui recherchent des solutions \u00e9conomiques pour les ventes de d\u00e9tail \u00e0 fort volume.<\/p>\n<hr data-start=\"2104\" data-end=\"2107\" \/>\n<h2 data-start=\"2109\" data-end=\"2171\"><strong data-start=\"2112\" data-end=\"2171\">Leurres souples durables en plastique avec plusieurs options de densit\u00e9<\/strong><\/h2>\n<p data-start=\"2173\" data-end=\"2302\">Diff\u00e9rents march\u00e9s n\u00e9cessitent des densit\u00e9s de leurres diff\u00e9rentes. HK Tackle propose plusieurs formules de plastiques souples pour r\u00e9pondre \u00e0 des besoins vari\u00e9s en mati\u00e8re de p\u00eache :<\/p>\n<ul data-start=\"2304\" data-end=\"2566\">\n<li data-start=\"2304\" data-end=\"2364\">\n<p data-start=\"2306\" data-end=\"2364\"><strong data-start=\"2306\" data-end=\"2326\">Plastique flottant<\/strong> pour les techniques de surface et de topwater<\/p>\n<\/li>\n<li data-start=\"2365\" data-end=\"2428\">\n<p data-start=\"2367\" data-end=\"2428\"><strong data-start=\"2367\" data-end=\"2394\">Filtre en plastique \u00e0 densit\u00e9 neutre<\/strong> pour une action naturelle \u00e0 immersion lente<\/p>\n<\/li>\n<li data-start=\"2429\" data-end=\"2492\">\n<p data-start=\"2431\" data-end=\"2492\"><strong data-start=\"2431\" data-end=\"2453\">Plastique mou lourd<\/strong> pour une plong\u00e9e rapide ou du jigging vertical<\/p>\n<\/li>\n<li data-start=\"2493\" data-end=\"2566\">\n<p data-start=\"2495\" data-end=\"2566\"><strong data-start=\"2495\" data-end=\"2519\">Plastique infus\u00e9 de sel<\/strong> pour un poids de lancer suppl\u00e9mentaire et une r\u00e9tention d'odeur<\/p>\n<\/li>\n<\/ul>\n<p data-start=\"2568\" data-end=\"2681\">Ces options permettent aux distributeurs de cr\u00e9er des gammes compl\u00e8tes de produits de leurres souples sans d\u00e9pendre de plusieurs fournisseurs.<\/p>\n<hr data-start=\"2683\" data-end=\"2686\" \/>\n<h2 data-start=\"2688\" data-end=\"2726\"><strong data-start=\"2691\" data-end=\"2726\">Large gamme de formes et de styles<\/strong><\/h2>\n<p data-start=\"2728\" data-end=\"2818\">Notre usine de fabrication produit une gamme compl\u00e8te de <a href=\"https:\/\/hktackle.com\/fr\/guide-complet-des-appats-de-peche\/\"><strong data-start=\"2784\" data-end=\"2806\">leurres de p\u00eache souples<\/strong><\/a>, y compris :<\/p>\n<ul data-start=\"2820\" data-end=\"3040\">\n<li data-start=\"2820\" data-end=\"2845\">\n<p data-start=\"2822\" data-end=\"2845\">Nageoires en forme de palette<\/p>\n<\/li>\n<li data-start=\"2846\" data-end=\"2873\">\n<p data-start=\"2848\" data-end=\"2873\">Vers et app\u00e2ts de finesse<\/p>\n<\/li>\n<li data-start=\"2874\" data-end=\"2905\">\n<p data-start=\"2876\" data-end=\"2905\">Bait pour \u00e9crevisses et cr\u00e9atures<\/p>\n<\/li>\n<li data-start=\"2906\" data-end=\"2931\">\n<p data-start=\"2908\" data-end=\"2931\">Larves et queues enroul\u00e9es<\/p>\n<\/li>\n<li data-start=\"2932\" data-end=\"2966\">\n<p data-start=\"2934\" data-end=\"2966\">Poisson en plastique souple de style minnow<\/p>\n<\/li>\n<li data-start=\"2967\" data-end=\"3010\">\n<p data-start=\"2969\" data-end=\"3010\">Calmar, crevette, et <a href=\"https:\/\/hktackle.com\/fr\/guide-complet-des-appats-de-peche\/\">app\u00e2ts souples en eau sal\u00e9e<\/a><\/p>\n<\/li>\n<li data-start=\"3011\" data-end=\"3040\">\n<p data-start=\"3013\" data-end=\"3040\">Leurre souple jig pr\u00e9-assembl\u00e9<\/p>\n<\/li>\n<\/ul>\n<p data-start=\"3042\" data-end=\"3147\">Tous les mod\u00e8les sont con\u00e7us pour correspondre aux profils de proies naturels, maximisant les taux de capture m\u00eame dans des eaux sous pression.<\/p>\n<p data-start=\"3149\" data-end=\"3285\">Si vous avez besoin de formes uniques ou de designs exclusifs au march\u00e9, HK Tackle peut produire des moules sur mesure selon des dessins ou des \u00e9chantillons de r\u00e9f\u00e9rence.<\/p>\n<hr data-start=\"3287\" data-end=\"3290\" \/>\n<h2 data-start=\"3292\" data-end=\"3339\"><strong data-start=\"3295\" data-end=\"3339\">Couleurs, parfums et paillettes personnalisables<\/strong><\/h2>\n<p data-start=\"3341\" data-end=\"3447\">Pour satisfaire diff\u00e9rentes pr\u00e9f\u00e9rences r\u00e9gionales, notre <strong data-start=\"3388\" data-end=\"3415\">app\u00e2ts souples de p\u00eache<\/strong> les mod\u00e8les peuvent \u00eatre enti\u00e8rement personnalis\u00e9s :<\/p>\n<ul data-start=\"3449\" data-end=\"3780\">\n<li data-start=\"3449\" data-end=\"3494\">\n<p data-start=\"3451\" data-end=\"3494\">Couleurs solides, translucides ou multicouches<\/p>\n<\/li>\n<li data-start=\"3495\" data-end=\"3548\">\n<p data-start=\"3497\" data-end=\"3548\">Chartreuse, past\u00e8que, perle, noir, fum\u00e9e, etc.<\/p>\n<\/li>\n<li data-start=\"3549\" data-end=\"3585\">\n<p data-start=\"3551\" data-end=\"3585\">injections ou stratifi\u00e9s de couleur 3D<\/p>\n<\/li>\n<li data-start=\"3586\" data-end=\"3632\">\n<p data-start=\"3588\" data-end=\"3632\">Ajout\u00e9 des paillettes ou des particules de feuille r\u00e9fl\u00e9chissante<\/p>\n<\/li>\n<li data-start=\"3633\" data-end=\"3677\">\n<p data-start=\"3635\" data-end=\"3677\">Finitions r\u00e9actives aux UV ou phosphorescentes<\/p>\n<\/li>\n<li data-start=\"3678\" data-end=\"3729\">\n<p data-start=\"3680\" data-end=\"3729\">Parfums naturels : crevettes, huile de poisson, anis, ail<\/p>\n<\/li>\n<li data-start=\"3730\" data-end=\"3780\">\n<p data-start=\"3732\" data-end=\"3780\">Formules de parfum sur mesure pour des marques de distributeur<\/p>\n<\/li>\n<\/ul>\n<p data-start=\"3782\" data-end=\"3894\">Cette flexibilit\u00e9 permet aux clients de cr\u00e9er des gammes de produits enti\u00e8res adapt\u00e9es au comportement des poissons local et \u00e0 la demande des p\u00eacheurs.<\/p>\n<hr data-start=\"3896\" data-end=\"3899\" \/>\n<h2 data-start=\"3901\" data-end=\"3954\"><strong data-start=\"3904\" data-end=\"3954\">Production OEM et Marque Blanche pour les March\u00e9s B2B<\/strong><\/h2>\n<p data-start=\"3956\" data-end=\"4030\">HK Tackle offre un service OEM complet pour <strong data-start=\"3996\" data-end=\"4018\">leurres de p\u00eache souples<\/strong>, y compris :<\/p>\n<h3 data-start=\"4032\" data-end=\"4068\"><strong data-start=\"4036\" data-end=\"4066\">D\u00e9veloppement de moules sur mesure<\/strong><\/h3>\n<p data-start=\"4069\" data-end=\"4084\">Nous pouvons produire :<\/p>\n<ul data-start=\"4086\" data-end=\"4179\">\n<li data-start=\"4086\" data-end=\"4111\">\n<p data-start=\"4088\" data-end=\"4111\">Moules d'injection en acier<\/p>\n<\/li>\n<li data-start=\"4112\" data-end=\"4140\">\n<p data-start=\"4114\" data-end=\"4140\">Moules prototypes en aluminium<\/p>\n<\/li>\n<li data-start=\"4141\" data-end=\"4179\">\n<p data-start=\"4143\" data-end=\"4179\">Moules de production de masse \u00e0 multicavit\u00e9s<\/p>\n<\/li>\n<\/ul>\n<p data-start=\"4181\" data-end=\"4246\">Les acheteurs peuvent \u00e9galement fournir des dessins 3D ou des \u00e9chantillons de r\u00e9f\u00e9rence physiques.<\/p>\n<h3 data-start=\"4248\" data-end=\"4277\"><strong data-start=\"4252\" data-end=\"4275\">2. Emballage personnalis\u00e9<\/strong><\/h3>\n<p data-start=\"4278\" data-end=\"4294\">Les options incluent :<\/p>\n<ul data-start=\"4296\" data-end=\"4440\">\n<li data-start=\"4296\" data-end=\"4330\">\n<p data-start=\"4298\" data-end=\"4330\">Sacs en poly\u00e9thyl\u00e8ne avec en-t\u00eate en carton<\/p>\n<\/li>\n<li data-start=\"4331\" data-end=\"4348\">\n<p data-start=\"4333\" data-end=\"4348\">Plaques thermoform\u00e9es<\/p>\n<\/li>\n<li data-start=\"4349\" data-end=\"4372\">\n<p data-start=\"4351\" data-end=\"4372\">\u00c9tuis rigides r\u00e9utilisables<\/p>\n<\/li>\n<li data-start=\"4373\" data-end=\"4401\">\n<p data-start=\"4375\" data-end=\"4401\">Bo\u00eetes color\u00e9es pr\u00eates \u00e0 la vente au d\u00e9tail<\/p>\n<\/li>\n<li data-start=\"4402\" data-end=\"4440\">\n<p data-start=\"4404\" data-end=\"4440\">\u00c9tiquetage et codage \u00e0 barres de logo personnalis\u00e9<\/p>\n<\/li>\n<\/ul>\n<h3 data-start=\"4442\" data-end=\"4471\"><strong data-start=\"4446\" data-end=\"4469\">3. Support \u00e0 la marque<\/strong><\/h3>\n<ul data-start=\"4472\" data-end=\"4580\">\n<li data-start=\"4472\" data-end=\"4496\">\n<p data-start=\"4474\" data-end=\"4496\">Impression de logo personnalis\u00e9<\/p>\n<\/li>\n<li data-start=\"4497\" data-end=\"4515\">\n<p data-start=\"4499\" data-end=\"4515\">Conception de sticker<\/p>\n<\/li>\n<li data-start=\"4516\" data-end=\"4534\">\n<p data-start=\"4518\" data-end=\"4534\">Nom de produit<\/p>\n<\/li>\n<li data-start=\"4535\" data-end=\"4580\">\n<p data-start=\"4537\" data-end=\"4580\">Cr\u00e9ation compl\u00e8te de la carte de ligne pour les d\u00e9taillants<\/p>\n<\/li>\n<\/ul>\n<p data-start=\"4582\" data-end=\"4667\">Cela garantit que votre marque a une apparence coh\u00e9rente et professionnelle sur tous les SKU.<\/p>\n<hr data-start=\"4669\" data-end=\"4672\" \/>\n<h2 data-start=\"4674\" data-end=\"4720\"><strong data-start=\"4677\" data-end=\"4720\">Contr\u00f4le de qualit\u00e9 pour les commandes de gros volume<\/strong><\/h2>\n<p data-start=\"4722\" data-end=\"4845\">Les clients B2B exigent une qualit\u00e9 constante \u00e0 chaque lot. HK Tackle suit des processus de contr\u00f4le qualit\u00e9 stricts pour chaque phase de production :<\/p>\n<ol data-start=\"4847\" data-end=\"5178\">\n<li data-start=\"4847\" data-end=\"4920\">\n<p data-start=\"4850\" data-end=\"4920\"><strong data-start=\"4850\" data-end=\"4880\">Inspection de m\u00e9lange de mat\u00e9riaux<\/strong> pour garantir la douceur et l'exactitude des couleurs<\/p>\n<\/li>\n<li data-start=\"4921\" data-end=\"4986\">\n<p data-start=\"4924\" data-end=\"4986\"><strong data-start=\"4924\" data-end=\"4945\">Contr\u00f4le qualit\u00e9 par injection de moules<\/strong> pour \u00e9viter les poches d'air et les d\u00e9formations<\/p>\n<\/li>\n<li data-start=\"4987\" data-end=\"5028\">\n<p data-start=\"4990\" data-end=\"5028\"><strong data-start=\"4990\" data-end=\"5026\">V\u00e9rification de l'uniformit\u00e9 de la couleur et du parfum<\/strong><\/p>\n<\/li>\n<li data-start=\"5029\" data-end=\"5076\">\n<p data-start=\"5032\" data-end=\"5076\"><strong data-start=\"5032\" data-end=\"5074\">Essai d'\u00e9lasticit\u00e9 et de r\u00e9sistance \u00e0 la d\u00e9chirure<\/strong><\/p>\n<\/li>\n<li data-start=\"5077\" data-end=\"5131\">\n<p data-start=\"5080\" data-end=\"5131\"><strong data-start=\"5080\" data-end=\"5129\">Inspection d'emballage et v\u00e9rification des codes-barres<\/strong><\/p>\n<\/li>\n<li data-start=\"5132\" data-end=\"5178\">\n<p data-start=\"5135\" data-end=\"5178\"><strong data-start=\"5135\" data-end=\"5176\">\u00c9chantillonnage al\u00e9atoire par lot avant exp\u00e9dition<\/strong><\/p>\n<\/li>\n<\/ol>\n<p data-start=\"5180\" data-end=\"5299\">Ces \u00e9tapes garantissent chaque <strong data-start=\"5204\" data-end=\"5225\">leurre souple en plastique<\/strong> l'app\u00e2t r\u00e9pond aux attentes de votre marque et fonctionne de mani\u00e8re fiable pour les utilisateurs finaux.<\/p>\n<hr data-start=\"5301\" data-end=\"5304\" \/>\n<h2 data-start=\"5306\" data-end=\"5341\"><strong data-start=\"5309\" data-end=\"5341\">Emballage et logistique d'exportation<\/strong><\/h2>\n<p data-start=\"5343\" data-end=\"5384\">Pour soutenir la distribution mondiale, nous proposons :<\/p>\n<ul data-start=\"5386\" data-end=\"5586\">\n<li data-start=\"5386\" data-end=\"5429\">\n<p data-start=\"5388\" data-end=\"5429\">Cartons ma\u00eetres en vrac pour \u00e9conomies de fret<\/p>\n<\/li>\n<li data-start=\"5430\" data-end=\"5472\">\n<p data-start=\"5432\" data-end=\"5472\">\u00c9tiquetage d'exportation personnalis\u00e9 (EAN, UPC, SKU)<\/p>\n<\/li>\n<li data-start=\"5473\" data-end=\"5514\">\n<p data-start=\"5475\" data-end=\"5514\">Exp\u00e9dition de mod\u00e8le mixte dans un seul conteneur<\/p>\n<\/li>\n<li data-start=\"5515\" data-end=\"5552\">\n<p data-start=\"5517\" data-end=\"5552\">Support pour les exp\u00e9ditions FCL et LCL<\/p>\n<\/li>\n<li data-start=\"5553\" data-end=\"5586\">\n<p data-start=\"5555\" data-end=\"5586\">Documentation d'exportation d\u00e9taill\u00e9e<\/p>\n<\/li>\n<\/ul>\n<p data-start=\"5588\" data-end=\"5687\">Notre objectif est de simplifier la logistique pour les acheteurs internationaux et d'assurer une livraison fluide et sans dommages.<\/p>\n<hr data-start=\"5689\" data-end=\"5692\" \/>\n<h2 data-start=\"5694\" data-end=\"5749\"><img loading=\"lazy\" decoding=\"async\" class=\"alignnone wp-image-1469\" src=\"https:\/\/hktackle.com\/wp-content\/uploads\/2025\/11\/HK-fishing-tackle.jpg\" alt=\"HK \u00c9quipement de p\u00eache\" width=\"613\" height=\"417\" title=\"\" srcset=\"https:\/\/hktackle.com\/wp-content\/uploads\/2025\/11\/HK-fishing-tackle.jpg 861w, https:\/\/hktackle.com\/wp-content\/uploads\/2025\/11\/HK-fishing-tackle-300x204.jpg 300w, https:\/\/hktackle.com\/wp-content\/uploads\/2025\/11\/HK-fishing-tackle-768x522.jpg 768w, https:\/\/hktackle.com\/wp-content\/uploads\/2025\/11\/HK-fishing-tackle-600x408.jpg 600w\" sizes=\"auto, (max-width: 613px) 100vw, 613px\" \/><\/h2>\n<h2 data-start=\"5694\" data-end=\"5749\"><strong data-start=\"5697\" data-end=\"5749\">Pourquoi choisir HK Tackle comme votre fournisseur de leurres souples ?<\/strong><\/h2>\n<ul data-start=\"5751\" data-end=\"6075\">\n<li data-start=\"5751\" data-end=\"5805\">\n<p data-start=\"5753\" data-end=\"5805\">Fabricant sp\u00e9cialis\u00e9 de <strong data-start=\"5781\" data-end=\"5803\">leurres de p\u00eache souples<\/strong><\/p>\n<\/li>\n<li data-start=\"5806\" data-end=\"5848\">\n<p data-start=\"5808\" data-end=\"5848\">Recherche et d\u00e9veloppement solide avec capacit\u00e9 de moule personnalis\u00e9<\/p>\n<\/li>\n<li data-start=\"5849\" data-end=\"5897\">\n<p data-start=\"5851\" data-end=\"5897\">Approvisionnement stable et qualit\u00e9 de produit r\u00e9p\u00e9table<\/p>\n<\/li>\n<li data-start=\"5898\" data-end=\"5927\">\n<p data-start=\"5900\" data-end=\"5927\">Quantit\u00e9s de commande flexibles<\/p>\n<\/li>\n<li data-start=\"5928\" data-end=\"5961\">\n<p data-start=\"5930\" data-end=\"5961\">Tarification de gros comp\u00e9titive<\/p>\n<\/li>\n<li data-start=\"5962\" data-end=\"6016\">\n<p data-start=\"5964\" data-end=\"6016\">Approbation rapide des \u00e9chantillons et production de masse efficace<\/p>\n<\/li>\n<li data-start=\"6017\" data-end=\"6075\">\n<p data-start=\"6019\" data-end=\"6075\">Exp\u00e9rience de soutien aux marques mondiales et aux vendeurs en ligne<\/p>\n<\/li>\n<\/ul>\n<p data-start=\"6077\" data-end=\"6221\">HK Tackle s'engage \u00e0 produire des produits fiables, r\u00e9alistes et personnalisables. <strong data-start=\"6150\" data-end=\"6177\">app\u00e2ts souples de p\u00eache<\/strong> solutions pour tous les types de march\u00e9 de la p\u00eache.<\/p>\n<p data-start=\"6077\" data-end=\"6221\"><div class=\"wpforms-container\" id=\"wpforms-564\"><form id=\"wpforms-form-564\" class=\"wpforms-validate wpforms-form wpforms-ajax-form\" data-formid=\"564\" method=\"post\" enctype=\"multipart\/form-data\" action=\"\/fr\/wp-json\/wp\/v2\/product\/1893\" data-token=\"79a33079116f312579aaaa279518c755\" data-token-time=\"1776940282\" data-trp-original-action=\"\/fr\/wp-json\/wp\/v2\/product\/1893\"><div class=\"wpforms-head-container\"><div class=\"wpforms-title\">Demande de devis<\/div><\/div><noscript class=\"wpforms-error-noscript\">Veuillez activer JavaScript dans votre navigateur pour remplir ce formulaire.<\/noscript><div class=\"wpforms-field-container\"><div id=\"wpforms-564-field_1-container\" class=\"wpforms-field wpforms-field-name\" data-field-id=\"1\"><label class=\"wpforms-field-label wpforms-label-hide\" for=\"wpforms-564-field_1\">Nom <span class=\"wpforms-required-label\">*<\/span><\/label><input type=\"text\" id=\"wpforms-564-field_1\" class=\"wpforms-field-medium wpforms-field-required\" name=\"wpforms[fields][1]\" placeholder=\"Nom\" required><\/div><div id=\"wpforms-564-field_2-container\" class=\"wpforms-field wpforms-field-name\" data-field-id=\"2\"><label class=\"wpforms-field-label wpforms-label-hide\" for=\"wpforms-564-field_2\">Whatsapp <span class=\"wpforms-required-label\">*<\/span><\/label><input type=\"text\" id=\"wpforms-564-field_2\" class=\"wpforms-field-medium wpforms-field-required\" name=\"wpforms[fields][2]\" placeholder=\"Whatapp\" required><\/div>\t\t<div id=\"wpforms-564-field_7-container\"\n\t\t\tclass=\"wpforms-field wpforms-field-text\"\n\t\t\tdata-field-type=\"text\"\n\t\t\tdata-field-id=\"7\"\n\t\t\t>\n\t\t\t<label class=\"wpforms-field-label\" for=\"wpforms-564-field_7\" >Inquiry Whatsapp page<\/label>\n\t\t\t<input type=\"text\" id=\"wpforms-564-field_7\" class=\"wpforms-field-medium\" name=\"wpforms[fields][7]\" >\n\t\t<\/div>\n\t\t<div id=\"wpforms-564-field_4-container\" class=\"wpforms-field wpforms-field-name\" data-field-id=\"4\"><label class=\"wpforms-field-label wpforms-label-hide\" for=\"wpforms-564-field_4\">Email <span class=\"wpforms-required-label\">*<\/span><\/label><input type=\"text\" id=\"wpforms-564-field_4\" class=\"wpforms-field-medium wpforms-field-required\" name=\"wpforms[fields][4]\" placeholder=\"Email\" required><\/div><div id=\"wpforms-564-field_3-container\" class=\"wpforms-field wpforms-field-name\" data-field-id=\"3\"><label class=\"wpforms-field-label wpforms-label-hide\" for=\"wpforms-564-field_3\">Enqu\u00eate <span class=\"wpforms-required-label\">*<\/span><\/label><input type=\"text\" id=\"wpforms-564-field_3\" class=\"wpforms-field-medium wpforms-field-required\" name=\"wpforms[fields][3]\" placeholder=\"quel produit vous avez besoin\" required><\/div><div id=\"wpforms-564-field_5-container\" class=\"wpforms-field wpforms-field-hidden\" data-field-id=\"5\"><input type=\"hidden\" id=\"wpforms-564-field_5\" name=\"wpforms[fields][5]\" value=\"216.73.217.52\"><\/div><div id=\"wpforms-564-field_6-container\" class=\"wpforms-field wpforms-field-hidden\" data-field-id=\"6\"><input type=\"hidden\" id=\"wpforms-564-field_6\" name=\"wpforms[fields][6]\" value=\"https:\/\/hktackle.com\/fr\/wp-json\/wp\/v2\/product\/1893\"><\/div><script>\n\t\t\t\t( function() {\n\t\t\t\t\tconst style = document.createElement( 'style' );\n\t\t\t\t\tstyle.appendChild( document.createTextNode( '#wpforms-564-field_7-container { position: absolute !important; overflow: hidden !important; display: inline !important; height: 1px !important; width: 1px !important; z-index: -1000 !important; padding: 0 !important; } #wpforms-564-field_7-container input { visibility: hidden; } #wpforms-conversational-form-page #wpforms-564-field_7-container label { counter-increment: none; }' ) );\n\t\t\t\t\tdocument.head.appendChild( style );\n\t\t\t\t\tdocument.currentScript?.remove();\n\t\t\t\t} )();\n\t\t\t<\/script><\/div><!-- .wpforms-field-container --><div class=\"wpforms-submit-container\" ><input type=\"hidden\" name=\"wpforms[id]\" value=\"564\"><input type=\"hidden\" name=\"page_title\" value=\"\"><input type=\"hidden\" name=\"page_url\" value=\"https:\/\/hktackle.com\/fr\/wp-json\/wp\/v2\/product\/1893\"><input type=\"hidden\" name=\"url_referer\" value=\"\"><button type=\"submit\" name=\"wpforms[submit]\" id=\"wpforms-submit-564\" class=\"wpforms-submit\" data-alt-text=\"Sending\" data-submit-text=\"Summit\" aria-live=\"assertive\" value=\"wpforms-submit\">Sommet<\/button><img loading=\"lazy\" decoding=\"async\" src=\"https:\/\/hktackle.com\/wp-content\/plugins\/wpforms\/assets\/images\/submit-spin.svg\" class=\"wpforms-submit-spinner\" style=\"display: none;\" width=\"26\" height=\"26\" alt=\"Chargement en cours\" title=\"\"><\/div><input type=\"hidden\" name=\"trp-form-language\" value=\"fr\"\/><\/form><\/div>  <!-- .wpforms-container --><\/p>","protected":false},"excerpt":{"rendered":"<p>Bait souple haute performance fabriqu\u00e9 \u00e0 partir d'un plastique durable pour leurres souples avec une action r\u00e9aliste. Moulages OEM, couleurs, parfums et emballages disponibles pour les grossistes du monde entier.<\/p>\n<div class=\"wp-block-stackable-button stk-block-button popmake-1340 stk-block stk-13b8711 popmake-1340\" data-block-id=\"13b8711\">\n<style>.stk-13b8711 {min-height:var(--stk--preset--block-height--x-small, 4rem) !important;padding-top:var(--stk--preset--spacing--none, 0px) !important;padding-right:var(--stk--preset--spacing--none, 0px) !important;padding-bottom:var(--stk--preset--spacing--none, 0px) !important;padding-left:var(--stk--preset--spacing--none, 0px) !important;}.stk-13b8711 .stk-button{min-height:36px !important;padding-top:var(--stk--preset--spacing--40, 1rem) !important;padding-right:33px !important;padding-bottom:var(--stk--preset--spacing--40, 1rem) !important;background:#2db2eb !important;border-top-left-radius:var(--stk--preset--border-radius--small, 4px) !important;border-top-right-radius:var(--stk--preset--border-radius--small, 4px) !important;border-bottom-right-radius:var(--stk--preset--border-radius--small, 4px) !important;border-bottom-left-radius:var(--stk--preset--border-radius--small, 4px) !important;}.stk-13b8711 .stk-button__inner-text{color:#fffffe !important;}<\/style>\n<p><a class=\"stk-link stk-button stk--hover-effect-lift-scale-more\"><span class=\"has-text-color stk-button__inner-text\">Demander un devis <\/span><\/a><\/p>\n<\/div>","protected":false},"featured_media":1242,"template":"","meta":[],"product_brand":[],"product_cat":[21],"product_tag":[],"class_list":{"0":"post-1893","1":"product","2":"type-product","3":"status-publish","4":"has-post-thumbnail","6":"product_cat-lure-bait","8":"first","9":"instock","10":"featured","11":"shipping-taxable","12":"product-type-simple"},"_links":{"self":[{"href":"https:\/\/hktackle.com\/fr\/wp-json\/wp\/v2\/product\/1893","targetHints":{"allow":["GET"]}}],"collection":[{"href":"https:\/\/hktackle.com\/fr\/wp-json\/wp\/v2\/product"}],"about":[{"href":"https:\/\/hktackle.com\/fr\/wp-json\/wp\/v2\/types\/product"}],"wp:featuredmedia":[{"embeddable":true,"href":"https:\/\/hktackle.com\/fr\/wp-json\/wp\/v2\/media\/1242"}],"wp:attachment":[{"href":"https:\/\/hktackle.com\/fr\/wp-json\/wp\/v2\/media?parent=1893"}],"wp:term":[{"taxonomy":"product_brand","embeddable":true,"href":"https:\/\/hktackle.com\/fr\/wp-json\/wp\/v2\/product_brand?post=1893"},{"taxonomy":"product_cat","embeddable":true,"href":"https:\/\/hktackle.com\/fr\/wp-json\/wp\/v2\/product_cat?post=1893"},{"taxonomy":"product_tag","embeddable":true,"href":"https:\/\/hktackle.com\/fr\/wp-json\/wp\/v2\/product_tag?post=1893"}],"curies":[{"name":"wp","href":"https:\/\/api.w.org\/{rel}","templated":true}]}}