{"id":77,"date":"2022-04-18T09:08:20","date_gmt":"2022-04-18T09:08:20","guid":{"rendered":"https:\/\/startersites.io\/blocksy\/home-decor\/?post_type=product&#038;p=77"},"modified":"2025-12-01T15:28:47","modified_gmt":"2025-12-01T15:28:47","slug":"planche-a-pagaie-de-peche-abordable","status":"publish","type":"product","link":"https:\/\/hktackle.com\/fr\/produit\/planche-a-pagaie-de-peche-abordable","title":{"rendered":"Planche de p\u00eache \u00e0 pagaie abordable : meilleures planches \u00e0 poisson et planches \u00e0 pagaie pour la p\u00eache"},"content":{"rendered":"<h1>Paddle Board de P\u00eache \u2013 Planche de P\u00eache Premium pour P\u00eacheurs<\/h1>\n<p><!-- Overview Section --><\/p>\n<section class=\"section-content\">\n<h2>Caract\u00e9ristiques cl\u00e9s<\/h2>\n<p>Notre planche \u00e0 pagaie de p\u00eache allie une stabilit\u00e9 sup\u00e9rieure \u00e0 des caract\u00e9ristiques ax\u00e9es sur les p\u00eacheurs, cr\u00e9ant ainsi la planche de p\u00eache ultime pour les p\u00eacheurs d\u00e9butants et exp\u00e9riment\u00e9s. En tant que l'une des planches \u00e0 pagaie les mieux not\u00e9es pour la p\u00eache, elle \u00e9quilibre durabilit\u00e9, maniabilit\u00e9 et fonctionnalit\u00e9 pour am\u00e9liorer votre exp\u00e9rience de p\u00eache sur les lacs, les rivi\u00e8res et les eaux c\u00f4ti\u00e8res.<\/p>\n<\/section>\n<section class=\"section-content\">\n<div class=\"image-container\">\n<p>D\u00e9tails des porte-cannes int\u00e9gr\u00e9s, pont antid\u00e9rapant et rangement \u00e9tanche sur le<a href=\"https:\/\/hktackle.com\/fr\/categorie-produit\/outils\/\"> planche \u00e0 poisson<\/a><\/p>\n<\/div>\n<ul>\n<li><strong>Design Ultra-Stable<\/strong>Une posture large (32-34 pouces) et une construction rigide maintiennent la planche de paddle de p\u00eache stable lors du lancer et du combat avec le poisson.<\/li>\n<li><strong>Accessoires ax\u00e9s sur les p\u00eacheurs<\/strong>: 4-6 porte-cannes int\u00e9gr\u00e9s (verticaux et horizontaux) pour un acc\u00e8s facile \u00e0 plusieurs cannes.<\/li>\n<li><strong>Stockage Ample<\/strong>Compartiment \u00e9tanche pour sac \u00e0 dos et rangement par cordon \u00e9lastique pour les bo\u00eetes \u00e0 p\u00eache, les glaci\u00e8res et les objets personnels.<\/li>\n<li><strong>Pont Antid\u00e9rapant<\/strong>Le pad de pont en mousse EVA textur\u00e9e offre une adh\u00e9rence s\u00e9curis\u00e9e, m\u00eame par temps humide.<\/li>\n<li><strong>Mat\u00e9riaux Durables<\/strong>PVC de qualit\u00e9 militaire (gonflable) ou fibre de carbone (panneau dur) pour des performances durables en eau sal\u00e9e et en eau douce.<\/li>\n<li><strong>Man\u0153uvrable<\/strong>La forme \u00e9pur\u00e9e garantit une navigation facile et une pagaie ais\u00e9e dans des espaces restreints ou en eau libre.<\/li>\n<li><strong>Capacit\u00e9 de poids<\/strong>: Supporte 250-400 lbs, accueillant les p\u00eacheurs ainsi que leur \u00e9quipement et leurs prises.<\/li>\n<li><strong>Portable<\/strong>Les mod\u00e8les gonflables se replient dans un sac de transport compact pour un rangement et un transport faciles.<\/li>\n<\/ul>\n<\/section>\n<p><!-- Application Scenarios Section --><\/p>\n<section class=\"section-content\">\n<h2>Sc\u00e9narios d'application d\u00e9taill\u00e9s<\/h2>\n<div class=\"image-container\">\n<p><img loading=\"lazy\" decoding=\"async\" class=\"alignnone wp-image-897\" src=\"https:\/\/hktackle.com\/wp-content\/uploads\/2025\/10\/banner-53-300x155.jpg\" alt=\"\" width=\"484\" height=\"250\" title=\"\" srcset=\"https:\/\/hktackle.com\/wp-content\/uploads\/2025\/10\/banner-53-300x155.jpg 300w, https:\/\/hktackle.com\/wp-content\/uploads\/2025\/10\/banner-53-scaled-600x309.jpg 600w, https:\/\/hktackle.com\/wp-content\/uploads\/2025\/10\/banner-53-1024x527.jpg 1024w, https:\/\/hktackle.com\/wp-content\/uploads\/2025\/10\/banner-53-768x396.jpg 768w, https:\/\/hktackle.com\/wp-content\/uploads\/2025\/10\/banner-53-1536x791.jpg 1536w, https:\/\/hktackle.com\/wp-content\/uploads\/2025\/10\/banner-53-2048x1055.jpg 2048w\" sizes=\"auto, (max-width: 484px) 100vw, 484px\" \/><\/p>\n<p>Planche de p\u00eache polyvalente pour la p\u00eache en eau douce et en eau sal\u00e9e<\/p>\n<\/div>\n<p>Notre <a href=\"https:\/\/hktackle.com\/fr\/\">planche \u00e0 pagaie de p\u00eache<\/a> est con\u00e7u pour exceller dans divers environnements de p\u00eache, en faisant l'un des plus polyvalents <a href=\"https:\/\/hktackle.com\/fr\/\">planches \u00e0 pagaie pour la p\u00eache<\/a> sur le march\u00e9 :<\/p>\n<div class=\"application-card\">\n<h3>1. P\u00eache en eau douce<\/h3>\n<ul>\n<li><strong>Lacs et r\u00e9servoirs<\/strong>La planche de p\u00eache stable vous permet d'acc\u00e9der \u00e0 des spots de p\u00eache \u00e9loign\u00e9s inaccessibles en bateau, id\u00e9ale pour cibler le bar, la truite et le dor\u00e9.<\/li>\n<li><strong>Rivi\u00e8res et ruisseaux<\/strong>Conception maniable qui navigue dans des courants calmes \u00e0 mod\u00e9r\u00e9s, parfaite pour la p\u00eache \u00e0 la mouche ou le lancer pour le saumon et l'ombre.<\/li>\n<li><strong>\u00c9tangs<\/strong>La taille compacte et le lancement facile font de la planche \u00e0 pagaie de p\u00eache l'outil id\u00e9al pour les petits plans d'eau avec un acc\u00e8s limit\u00e9.<\/li>\n<\/ul>\n<\/div>\n<div class=\"application-card\">\n<h3>2. P\u00eache en mer<\/h3>\n<ul>\n<li><strong>C\u00f4ti\u00e8re Inshore<\/strong>Des mat\u00e9riaux durables et r\u00e9sistants \u00e0 l'eau de mer g\u00e8rent les eaux agit\u00e9es, id\u00e9aux pour cibler le redfish, le snook et la sole.<\/li>\n<li><strong>Estuaires et Baies<\/strong>Plateforme stable pour la p\u00eache dans les eaux peu profondes, avec un espace de rangement pour prot\u00e9ger l'\u00e9quipement des projections d'eau sal\u00e9e.<\/li>\n<li><strong>Zones de Surf<\/strong>La construction rigide de mod\u00e8les en panneaux de particules ou le design gonflable renforc\u00e9 r\u00e9siste aux vagues douces, id\u00e9al pour la p\u00eache au surf pour le bar ray\u00e9.<\/li>\n<\/ul>\n<\/div>\n<div class=\"application-card\">\n<h3>3. P\u00eache r\u00e9cr\u00e9ative et comp\u00e9titive<\/h3>\n<ul>\n<li><strong>P\u00eache de loisir<\/strong>Un pont confortable et un espace de rangement abondant font de la planche \u00e0 poissons le choix id\u00e9al pour les p\u00eacheurs occasionnels passant une journ\u00e9e sur l'eau.<\/li>\n<li><strong>Tournois de p\u00eache<\/strong>Un design l\u00e9ger et une pagaie r\u00e9active aident les p\u00eacheurs comp\u00e9titifs \u00e0 couvrir plus d'eau et \u00e0 atteindre rapidement les zones chaudes.<\/li>\n<li><strong>P\u00eache en famille<\/strong>Une terrasse spacieuse peut accueillir une deuxi\u00e8me personne (ou de l'\u00e9quipement pour enfants), ce qui en fait un excellent choix pour les familles. <a href=\"https:\/\/hktackle.com\/fr\/guide-des-outils-de-peche\/\">planche \u00e0 pagaie de p\u00eache<\/a>.<\/li>\n<\/ul>\n<\/div>\n<\/section>\n<p><!--more--><\/p>\n<p><!--more--><\/p>\n<p><!-- Technical Specifications Section --><\/p>\n<section class=\"section-content\">\n<h2>Sp\u00e9cifications techniques<\/h2>\n<div class=\"image-container\">\n<p>D\u00e9tails techniques de nos mod\u00e8les de paddle board de p\u00eache<\/p>\n<p><img loading=\"lazy\" decoding=\"async\" class=\"alignnone wp-image-1376\" src=\"https:\/\/hktackle.com\/wp-content\/uploads\/2022\/04\/\u7b2c2\u9875-2-e1762228887251-300x221.jpg\" alt=\"planches \u00e0 pagaie pour la p\u00eache \" width=\"249\" height=\"183\" title=\"\"><\/p>\n<\/div>\n<\/section>\n<p><!-- Why Choose Our Section --><\/p>\n<section class=\"section-content\">\n<h2>Pourquoi choisir notre planche de paddle de p\u00eache ?<\/h2>\n<div class=\"image-container\">\n<p><img loading=\"lazy\" decoding=\"async\" class=\"alignnone wp-image-894\" src=\"https:\/\/hktackle.com\/wp-content\/uploads\/2025\/10\/banner-50-300x154.jpg\" alt=\"\" width=\"481\" height=\"247\" title=\"\" srcset=\"https:\/\/hktackle.com\/wp-content\/uploads\/2025\/10\/banner-50-300x154.jpg 300w, https:\/\/hktackle.com\/wp-content\/uploads\/2025\/10\/banner-50-scaled-600x308.jpg 600w, https:\/\/hktackle.com\/wp-content\/uploads\/2025\/10\/banner-50-1024x526.jpg 1024w, https:\/\/hktackle.com\/wp-content\/uploads\/2025\/10\/banner-50-768x395.jpg 768w, https:\/\/hktackle.com\/wp-content\/uploads\/2025\/10\/banner-50-1536x789.jpg 1536w, https:\/\/hktackle.com\/wp-content\/uploads\/2025\/10\/banner-50-2048x1053.jpg 2048w\" sizes=\"auto, (max-width: 481px) 100vw, 481px\" \/><\/p>\n<p>Notre planche \u00e0 poisson offre des performances in\u00e9gal\u00e9es pour les p\u00eacheurs de tous niveaux de comp\u00e9tence.<\/p>\n<\/div>\n<p>Lorsqu'il s'agit de planches \u00e0 pagaie pour la p\u00eache, notre planche \u00e0 pagaie de p\u00eache se distingue par son design centr\u00e9 sur le p\u00eacheur et sa qualit\u00e9 sup\u00e9rieure :<\/p>\n<ul>\n<li><strong>Stabilit\u00e9 imbattable<\/strong>Une stance plus large et une construction rigide rendent cette planche \u00e0 poisson plus stable que les planches \u00e0 pagaie standard, m\u00eame lors de la lutte contre de gros poissons.<\/li>\n<li><strong>Fonctionnalit\u00e9s sp\u00e9cifiques \u00e0 la p\u00eache<\/strong>Des porte-cannes int\u00e9gr\u00e9s, un espace de rangement g\u00e9n\u00e9reux et un pont antid\u00e9rapant sont adapt\u00e9s aux besoins des p\u00eacheurs, et non simplement aux pagayeurs g\u00e9n\u00e9raux.<\/li>\n<li><strong>Durabilit\u00e9<\/strong>Des mat\u00e9riaux r\u00e9sistants \u00e0 l'eau de mer et une construction renforc\u00e9e garantissent des performances durables dans des environnements difficiles.<\/li>\n<li><strong>Polyvalence<\/strong>Adapt\u00e9 aussi bien aux eaux douces qu'aux eaux sal\u00e9es, ce paddle board de p\u00eache s'adapte \u00e0 tous les sc\u00e9narios de p\u00eache.<\/li>\n<li><strong>Portabilit\u00e9<\/strong>Les mod\u00e8les gonflables sont faciles \u00e0 transporter et \u00e0 ranger, tandis que les mod\u00e8les en contreplaqu\u00e9 offrent des performances de qualit\u00e9 sup\u00e9rieure pour les p\u00eacheurs assidus.<\/li>\n<li><strong>Rapport qualit\u00e9-prix<\/strong>Des fonctionnalit\u00e9s de qualit\u00e9 professionnelle \u00e0 un prix comp\u00e9titif, faisant de cela la meilleure planche \u00e0 poisson pour les d\u00e9butants et les p\u00eacheurs exp\u00e9riment\u00e9s.<\/li>\n<\/ul>\n<\/section>\n<p><!-- Maintenance & Care Section --><\/p>\n<section class=\"section-content\">\n<h2>Entretien et soins<\/h2>\n<div class=\"image-container\">\n<p><img loading=\"lazy\" decoding=\"async\" class=\"alignnone wp-image-903\" src=\"https:\/\/hktackle.com\/wp-content\/uploads\/2025\/10\/banner-59-300x124.jpg\" alt=\"planche \u00e0 pagaie de p\u00eache \" width=\"498\" height=\"206\" title=\"\" srcset=\"https:\/\/hktackle.com\/wp-content\/uploads\/2025\/10\/banner-59-300x124.jpg 300w, https:\/\/hktackle.com\/wp-content\/uploads\/2025\/10\/banner-59-600x247.jpg 600w, https:\/\/hktackle.com\/wp-content\/uploads\/2025\/10\/banner-59-1024x422.jpg 1024w, https:\/\/hktackle.com\/wp-content\/uploads\/2025\/10\/banner-59-768x317.jpg 768w, https:\/\/hktackle.com\/wp-content\/uploads\/2025\/10\/banner-59-1536x633.jpg 1536w, https:\/\/hktackle.com\/wp-content\/uploads\/2025\/10\/banner-59-2048x845.jpg 2048w\" sizes=\"auto, (max-width: 498px) 100vw, 498px\" \/><\/p>\n<p>Un entretien ad\u00e9quat garantit que votre planche \u00e0 poissons reste en parfait \u00e9tat pendant des ann\u00e9es.<\/p>\n<\/div>\n<p>Pour prolonger la dur\u00e9e de vie de votre planche \u00e0 pagaie de p\u00eache, suivez ces directives d'entretien :<\/p>\n<h3>Entretien des mod\u00e8les gonflables<\/h3>\n<ul>\n<li>Rincez soigneusement \u00e0 l'eau douce apr\u00e8s utilisation en eau sal\u00e9e pour \u00e9liminer les r\u00e9sidus de sel.<\/li>\n<li>D\u00e9gonfler partiellement lors du stockage prolong\u00e9 (maintenir la pression d'air 20% pour conserver la forme).<\/li>\n<li>Conservez dans un endroit frais et sec, \u00e0 l'abri de la lumi\u00e8re directe du soleil pour pr\u00e9venir la d\u00e9gradation du PVC.<\/li>\n<li>Inspectez r\u00e9guli\u00e8rement les coutures pour d\u00e9tecter des signes d'usure et r\u00e9parez imm\u00e9diatement les petites fuites avec le kit inclus.<\/li>\n<\/ul>\n<h3>Entretien du mod\u00e8le en agglom\u00e9r\u00e9<\/h3>\n<ul>\n<li>Essuyez avec un chiffon humide apr\u00e8s chaque utilisation pour enlever la salet\u00e9 et les d\u00e9bris.<\/li>\n<li>Appliquez un spray protecteur UV tous les 3 mois pour \u00e9viter la d\u00e9coloration et la d\u00e9gradation du mat\u00e9riau.<\/li>\n<li>Rangez verticalement ou sur un support rembourr\u00e9 pour \u00e9viter les points de pression et les rayures.<\/li>\n<li>Inspectez les supports de canne et les compartiments de rangement pour d\u00e9celer des dommages, en serrant le mat\u00e9riel si n\u00e9cessaire.<\/li>\n<\/ul>\n<\/section>\n<div class=\"wpforms-container\" id=\"wpforms-564\"><form id=\"wpforms-form-564\" class=\"wpforms-validate wpforms-form wpforms-ajax-form\" data-formid=\"564\" method=\"post\" enctype=\"multipart\/form-data\" action=\"\/fr\/wp-json\/wp\/v2\/product\/77\" data-token=\"2fd808068759bff28356ee199b5d3193\" data-token-time=\"1776608469\" data-trp-original-action=\"\/fr\/wp-json\/wp\/v2\/product\/77\"><div class=\"wpforms-head-container\"><div class=\"wpforms-title\">Demande de devis<\/div><\/div><noscript class=\"wpforms-error-noscript\">Veuillez activer JavaScript dans votre navigateur pour remplir ce formulaire.<\/noscript><div class=\"wpforms-field-container\"><div id=\"wpforms-564-field_1-container\" class=\"wpforms-field wpforms-field-name\" data-field-id=\"1\"><label class=\"wpforms-field-label wpforms-label-hide\" for=\"wpforms-564-field_1\">Nom <span class=\"wpforms-required-label\">*<\/span><\/label><input type=\"text\" id=\"wpforms-564-field_1\" class=\"wpforms-field-medium wpforms-field-required\" name=\"wpforms[fields][1]\" placeholder=\"Nom\" required><\/div>\t\t<div id=\"wpforms-564-field_7-container\"\n\t\t\tclass=\"wpforms-field wpforms-field-text\"\n\t\t\tdata-field-type=\"text\"\n\t\t\tdata-field-id=\"7\"\n\t\t\t>\n\t\t\t<label class=\"wpforms-field-label\" for=\"wpforms-564-field_7\" >Demande par e-mail de l'IP client<\/label>\n\t\t\t<input type=\"text\" id=\"wpforms-564-field_7\" class=\"wpforms-field-medium\" name=\"wpforms[fields][7]\" >\n\t\t<\/div>\n\t\t<div id=\"wpforms-564-field_2-container\" class=\"wpforms-field wpforms-field-name\" data-field-id=\"2\"><label class=\"wpforms-field-label wpforms-label-hide\" for=\"wpforms-564-field_2\">Whatsapp <span class=\"wpforms-required-label\">*<\/span><\/label><input type=\"text\" id=\"wpforms-564-field_2\" class=\"wpforms-field-medium wpforms-field-required\" name=\"wpforms[fields][2]\" placeholder=\"Whatapp\" required><\/div><div id=\"wpforms-564-field_4-container\" class=\"wpforms-field wpforms-field-name\" data-field-id=\"4\"><label class=\"wpforms-field-label wpforms-label-hide\" for=\"wpforms-564-field_4\">Email <span class=\"wpforms-required-label\">*<\/span><\/label><input type=\"text\" id=\"wpforms-564-field_4\" class=\"wpforms-field-medium wpforms-field-required\" name=\"wpforms[fields][4]\" placeholder=\"Email\" required><\/div><div id=\"wpforms-564-field_3-container\" class=\"wpforms-field wpforms-field-name\" data-field-id=\"3\"><label class=\"wpforms-field-label wpforms-label-hide\" for=\"wpforms-564-field_3\">Enqu\u00eate <span class=\"wpforms-required-label\">*<\/span><\/label><input type=\"text\" id=\"wpforms-564-field_3\" class=\"wpforms-field-medium wpforms-field-required\" name=\"wpforms[fields][3]\" placeholder=\"quel produit vous avez besoin\" required><\/div><div id=\"wpforms-564-field_5-container\" class=\"wpforms-field wpforms-field-hidden\" data-field-id=\"5\"><input type=\"hidden\" id=\"wpforms-564-field_5\" name=\"wpforms[fields][5]\" value=\"216.73.217.52\"><\/div><div id=\"wpforms-564-field_6-container\" class=\"wpforms-field wpforms-field-hidden\" data-field-id=\"6\"><input type=\"hidden\" id=\"wpforms-564-field_6\" name=\"wpforms[fields][6]\" value=\"https:\/\/hktackle.com\/fr\/wp-json\/wp\/v2\/product\/77\"><\/div><script>\n\t\t\t\t( function() {\n\t\t\t\t\tconst style = document.createElement( 'style' );\n\t\t\t\t\tstyle.appendChild( document.createTextNode( '#wpforms-564-field_7-container { position: absolute !important; overflow: hidden !important; display: inline !important; height: 1px !important; width: 1px !important; z-index: -1000 !important; padding: 0 !important; } #wpforms-564-field_7-container input { visibility: hidden; } #wpforms-conversational-form-page #wpforms-564-field_7-container label { counter-increment: none; }' ) );\n\t\t\t\t\tdocument.head.appendChild( style );\n\t\t\t\t\tdocument.currentScript?.remove();\n\t\t\t\t} )();\n\t\t\t<\/script><\/div><!-- .wpforms-field-container --><div class=\"wpforms-submit-container\" ><input type=\"hidden\" name=\"wpforms[id]\" value=\"564\"><input type=\"hidden\" name=\"page_title\" value=\"\"><input type=\"hidden\" name=\"page_url\" value=\"https:\/\/hktackle.com\/fr\/wp-json\/wp\/v2\/product\/77\"><input type=\"hidden\" name=\"url_referer\" value=\"\"><button type=\"submit\" name=\"wpforms[submit]\" id=\"wpforms-submit-564\" class=\"wpforms-submit\" data-alt-text=\"Sending\" data-submit-text=\"Summit\" aria-live=\"assertive\" value=\"wpforms-submit\">Sommet<\/button><img loading=\"lazy\" decoding=\"async\" src=\"https:\/\/hktackle.com\/wp-content\/plugins\/wpforms\/assets\/images\/submit-spin.svg\" class=\"wpforms-submit-spinner\" style=\"display: none;\" width=\"26\" height=\"26\" alt=\"Chargement en cours\" title=\"\"><\/div><input type=\"hidden\" name=\"trp-form-language\" value=\"fr\"\/><\/form><\/div>  <!-- .wpforms-container -->","protected":false},"excerpt":{"rendered":"<p>Construit avec des mat\u00e9riaux de haute qualit\u00e9 et optimis\u00e9 pour des besoins sp\u00e9cifiques \u00e0 la p\u00eache, ce paddle board pour la p\u00eache offre un espace de rangement g\u00e9n\u00e9reux, des porte-cannes s\u00e9curis\u00e9s et une stabilit\u00e9 exceptionnelle, m\u00eame lors du lancer ou du remontage des gros poissons.<\/p>\n<div class=\"wp-block-stackable-button stk-block-button popmake-1340 stk-block stk-13b8711 popmake-1340\" data-block-id=\"13b8711\">\n<style>.stk-13b8711 {min-height:var(--stk--preset--block-height--x-small, 4rem) !important;padding-top:var(--stk--preset--spacing--none, 0px) !important;padding-right:var(--stk--preset--spacing--none, 0px) !important;padding-bottom:var(--stk--preset--spacing--none, 0px) !important;padding-left:var(--stk--preset--spacing--none, 0px) !important;}.stk-13b8711 .stk-button{min-height:36px !important;padding-top:var(--stk--preset--spacing--40, 1rem) !important;padding-right:33px !important;padding-bottom:var(--stk--preset--spacing--40, 1rem) !important;background:#2db2eb !important;border-top-left-radius:var(--stk--preset--border-radius--small, 4px) !important;border-top-right-radius:var(--stk--preset--border-radius--small, 4px) !important;border-bottom-right-radius:var(--stk--preset--border-radius--small, 4px) !important;border-bottom-left-radius:var(--stk--preset--border-radius--small, 4px) !important;}.stk-13b8711 .stk-button__inner-text{color:#fffffe !important;}<\/style>\n<p><a class=\"stk-link stk-button stk--hover-effect-lift-scale-more\"><span class=\"has-text-color stk-button__inner-text\">Demander un devis <\/span><\/a><\/p>\n<\/div>","protected":false},"featured_media":1149,"template":"","meta":[],"product_brand":[],"product_cat":[22],"product_tag":[],"class_list":{"0":"post-77","1":"product","2":"type-product","3":"status-publish","4":"has-post-thumbnail","6":"product_cat-tools","8":"first","9":"instock","10":"shipping-taxable","11":"product-type-simple"},"_links":{"self":[{"href":"https:\/\/hktackle.com\/fr\/wp-json\/wp\/v2\/product\/77","targetHints":{"allow":["GET"]}}],"collection":[{"href":"https:\/\/hktackle.com\/fr\/wp-json\/wp\/v2\/product"}],"about":[{"href":"https:\/\/hktackle.com\/fr\/wp-json\/wp\/v2\/types\/product"}],"wp:featuredmedia":[{"embeddable":true,"href":"https:\/\/hktackle.com\/fr\/wp-json\/wp\/v2\/media\/1149"}],"wp:attachment":[{"href":"https:\/\/hktackle.com\/fr\/wp-json\/wp\/v2\/media?parent=77"}],"wp:term":[{"taxonomy":"product_brand","embeddable":true,"href":"https:\/\/hktackle.com\/fr\/wp-json\/wp\/v2\/product_brand?post=77"},{"taxonomy":"product_cat","embeddable":true,"href":"https:\/\/hktackle.com\/fr\/wp-json\/wp\/v2\/product_cat?post=77"},{"taxonomy":"product_tag","embeddable":true,"href":"https:\/\/hktackle.com\/fr\/wp-json\/wp\/v2\/product_tag?post=77"}],"curies":[{"name":"wp","href":"https:\/\/api.w.org\/{rel}","templated":true}]}}