{"id":1894,"date":"2025-11-17T03:06:29","date_gmt":"2025-11-17T03:06:29","guid":{"rendered":"https:\/\/hktackle.com\/?page_id=1894"},"modified":"2025-11-17T03:15:15","modified_gmt":"2025-11-17T03:15:15","slug":"guida-ai-mulinelli-da-pesca","status":"publish","type":"page","link":"https:\/\/hktackle.com\/it\/guida-ai-mulinelli-da-pesca","title":{"rendered":"Guida ai mulinelli da pesca"},"content":{"rendered":"<p>Guida Completa alle Bobine da Pesca \u2014 Tipi, Come Scegliere, Manutenzione e Accessori<\/p>\n\n\n\n<h1 class=\"wp-block-heading\" id=\"top\">Guida Completa ai Mulini da Pesca: Tipi, Selezione, Manutenzione e Accessori<\/h1>\n\n\n\n<p>Questa pagina pilastro raccoglie tutto ci\u00f2 che devi sapere sui mulinelli da pesca: dalla scelta del mulinello giusto alla sua manutenzione e alla selezione dei migliori accessori. \u00c8 scritta per i pescatori, gli acquirenti di attrezzature da pesca e i rivenditori che desiderano una risorsa autorevole e ottimizzata per i motori di ricerca che collega a pagine prodotto dettagliate e articoli di cluster. Che tu sia un pescatore esperto o alle prime armi, questa guida ti aiuter\u00e0 a navigare nel complesso mondo dei mulinelli da pesca.<\/p>\n\n\n\n<figure class=\"wp-block-image size-large is-resized\"><img loading=\"lazy\" decoding=\"async\" width=\"1024\" height=\"466\" src=\"https:\/\/hktackle.com\/wp-content\/uploads\/2025\/10\/banner-15-1024x466.jpg\" alt=\"guida ai mulinelli da pesca\" class=\"wp-image-860\" style=\"width:789px;height:auto\" title=\"\" srcset=\"https:\/\/hktackle.com\/wp-content\/uploads\/2025\/10\/banner-15-1024x466.jpg 1024w, https:\/\/hktackle.com\/wp-content\/uploads\/2025\/10\/banner-15-scaled-600x273.jpg 600w, https:\/\/hktackle.com\/wp-content\/uploads\/2025\/10\/banner-15-300x136.jpg 300w, https:\/\/hktackle.com\/wp-content\/uploads\/2025\/10\/banner-15-768x349.jpg 768w, https:\/\/hktackle.com\/wp-content\/uploads\/2025\/10\/banner-15-1536x698.jpg 1536w, https:\/\/hktackle.com\/wp-content\/uploads\/2025\/10\/banner-15-2048x931.jpg 2048w\" sizes=\"auto, (max-width: 1024px) 100vw, 1024px\" \/><\/figure>\n\n\n\n<p><strong>Tabella dei contenuti<\/strong><\/p>\n\n\n\n<ul class=\"wp-block-list\">\n<li><a href=\"#introduction\">Introduzione<\/a><\/li>\n\n\n\n<li><a href=\"#types-of-fishing-reels\">Tipi di mulinelli da pesca<\/a>\n<ul class=\"wp-block-list\">\n<li><a href=\"#spinning-reels\">Rulli rotanti<\/a><\/li>\n\n\n\n<li><a href=\"#baitcasting-reels\">Baitcasting Reel<\/a><\/li>\n\n\n\n<li><a href=\"#fly-fishing-reels\">Mulinelli per la pesca a mosca<\/a><\/li>\n\n\n\n<li><a href=\"#trolling-reels\">Trolling Reels<\/a><\/li>\n\n\n\n<li><a href=\"#conventional-reels\">Rulli convenzionali<\/a><\/li>\n<\/ul>\n<\/li>\n\n\n\n<li><a href=\"#how-to-choose-the-right-fishing-reel\">Come scegliere il freno da pesca giusto<\/a>\n<ul class=\"wp-block-list\">\n<li><a href=\"#reel-size-and-gear-ratio\">Dimensione del mulinello e rapporto di ingranaggi<\/a><\/li>\n\n\n\n<li><a href=\"#drag-system\">Sistema di trascinamento<\/a><\/li>\n\n\n\n<li><a href=\"#ball-bearings\">Cuscinetti a Sfere<\/a><\/li>\n<\/ul>\n<\/li>\n\n\n\n<li><a href=\"#fishing-reel-accessories\">Accessori<\/a><\/li>\n\n\n\n<li><a href=\"#fishing-reel-maintenance\">Manutenzione e Cura<\/a><\/li>\n\n\n\n<li><a href=\"#faq\">FAQ<\/a><\/li>\n\n\n\n<li><a href=\"#conclusion\">Conclusione e prossimi passi<\/a><\/li>\n<\/ul>\n\n\n\n<h2 class=\"wp-block-heading\">Introduzione<\/h2>\n\n\n\n<p><a href=\"https:\/\/hktackle.com\/it\/categoria-prodotto\/rulli\/\">Bobine da pesca<\/a> sono una parte essenziale di ogni attrezzatura da pescatore. Esistono vari tipi, ciascuno progettato per soddisfare diverse esigenze di pesca. Che tu stia puntando a piccoli pesci d'acqua dolce o a enormi mostri d'acqua salata, il mulinello che scegli \u00e8 fondamentale per il tuo successo sull'acqua. In questa guida, ti guideremo attraverso i diversi tipi di mulinelli, come scegliere quello giusto, le caratteristiche chiave da considerare e come mantenere il tuo mulinello per garantire che duri per anni.<\/p>\n\n\n\n<p>Comprendere i mulinelli da pesca \u00e8 importante perch\u00e9 un mulinello sbagliato pu\u00f2 rovinare la tua esperienza di pesca. Un mulinello troppo piccolo rispetto al pesce che stai cercando ti lascer\u00e0 sotto alimentato, mentre un mulinello troppo grande pu\u00f2 rendere difficile gestire la linea e le esche in modo efficace. Approfondiamo i tipi di mulinelli da pesca e aiutati a scegliere quello che \u00e8 perfetto per le tue esigenze.<\/p>\n\n\n\n<h2 class=\"wp-block-heading\">Tipi di mulinelli da pesca<\/h2>\n\n\n\n<p>I mulinelli da pesca sono categorizzati in base al design del loro rocchetto e al meccanismo che li aziona. Diamo un'occhiata pi\u00f9 da vicino ai tipi di mulinelli da pesca pi\u00f9 comuni.<\/p>\n\n\n\n<h3 class=\"wp-block-heading\" id=\"spinning-reels\">Rulli rotanti<\/h3>\n\n\n\n<p>I mulinelli a tamburo sono forse il tipo di mulinello da pesca pi\u00f9 comune. Sono facili da usare e possono essere adattati a vari stili di pesca. Questi mulinelli sono progettati con un rocchetto fisso che consente alla lenza di srotolarsi liberamente mentre il pescatore lancia, rendendoli ottimi sia per i principianti che per i pescatori esperti.<\/p>\n\n\n\n<p>I mulinelli a spinning sono perfetti per catturare una vasta gamma di specie, inclusi pesci d'acqua dolce come il black bass, la trota e il luccio, cos\u00ec come pesci leggeri di acqua salata. Sono ideali per la pesca con attrezzatura leggera e tecniche di finesse, come il drop-shotting e il jigging.<\/p>\n\n\n\n<p>I mulinelli a spinning sono disponibili in diverse dimensioni, con modelli che vanno da ultra-leggeri per pesci pi\u00f9 piccoli a pesanti per specie di acqua salata pi\u00f9 grandi. La versatilit\u00e0 e la facilit\u00e0 d'uso rendono i mulinelli a spinning la scelta preferita della maggior parte dei pescatori.<\/p>\n\n\n\n<h3 class=\"wp-block-heading\" id=\"baitcasting-reels\">Baitcasting Reel<\/h3>\n\n\n\n<p>Le canne da pesca a baitcasting offrono un controllo e una precisione superiori, rendendole ideali per i pescatori che desiderano pescare con esche o attrezzature pi\u00f9 pesanti. Questi mulinelli si trovano sopra il manico e presentano un rocchetto girevole che garantisce una maggiore precisione durante il lancio.<\/p>\n\n\n\n<p>Sebbene i mulinelli a baitcasting siano spesso pi\u00f9 difficili da usare rispetto ai mulinelli a spinning, offrono una maggiore distanza di lancio e potenza, che \u00e8 essenziale quando si pescano grandi specie come il persico, il luccio o il salmone. Inoltre, i mulinelli a baitcasting presentano un potente sistema di frizione che consente ai pescatori di combattere efficacemente pesci di grandi dimensioni.<\/p>\n\n\n\n<p>Quando si utilizza un mulinello a leva, \u00e8 essenziale scegliere il giusto rapporto di trasmissione, poich\u00e9 influisce direttamente sulla velocit\u00e0 di recupero. Rapporti di trasmissione pi\u00f9 elevati consentono un recupero pi\u00f9 rapido della linea, il che \u00e8 vantaggioso quando si recuperano pesci in rapido movimento o quando si pesca con esche a azione veloce.<\/p>\n\n\n\n<h3 class=\"wp-block-heading\" id=\"fly-fishing-reels\">Mulinelli per la pesca a mosca<\/h3>\n\n\n\n<p>I mulinelli da mosca sono progettati specificamente per lo sport della pesca a mosca. A differenza dei mulinelli rotanti e da pesca con esche, i mulinelli da mosca non sono utilizzati per lanciare esche o artificiali, ma piuttosto per immagazzinare e recuperare la linea da mosca.<\/p>\n\n\n\n<p>Questi mulinelli sono leggeri e presentano un semplice sistema di frizione per aiutare nella cattura dei pesci. Lo scopo principale di un mulinello da mosca \u00e8 fornire spazio per la lenza e una frizione fluida durante il combattimento con il pesce. I mulinelli da pesca a mosca sono disponibili in diverse dimensioni in base al peso della canna da mosca e della lenza utilizzata.<\/p>\n\n\n\n<p>I mulinelli da mosca sono abbinati a canne pi\u00f9 lunghe, progettate per un lancio preciso e una delicata presentazione della mosca. I mulinelli stessi sono spesso realizzati in alluminio leggero o materiali compositi per ridurre il peso e migliorare le prestazioni in acqua.<\/p>\n\n\n\n<h3 class=\"wp-block-heading\" id=\"trolling-reels\">Trolling Reels<\/h3>\n\n\n\n<p>I mulinelli da trolling sono mulinelli di alta resistenza progettati per il trolling, che prevede il traino di un'esca o di un'esca con esca dietro a una barca. Questi mulinelli sono tipicamente utilizzati per grandi specie trovate in acque pi\u00f9 profonde, come marlin, tonni e wahoo.<\/p>\n\n\n\n<p>I mulinelli da traina sono dotati di bobine grandi che contengono una quantit\u00e0 significativa di filo, permettendo all'anguillatore di coprire una vasta area d'acqua. Presentano anche un robusto sistema di freno per gestire le potenti tirate dei pesci di grandi dimensioni. Molti mulinelli da traina sono progettati per essere montati su canne convenzionali, che sono pi\u00f9 rigide e possono gestire pesci di dimensioni maggiori.<\/p>\n\n\n\n<p>Il rapporto di trasmissione e la capacit\u00e0 della linea dei mulinelli da traina sono tipicamente inferiori rispetto ad altri tipi di mulinelli perch\u00e9 l'obiettivo non \u00e8 la velocit\u00e0 ma la potenza e la resistenza. Questi mulinelli sono costruiti per resistere alle dure condizioni della pesca d'altura e alle pesanti richieste di grandi specie.<\/p>\n\n\n\n<h3 class=\"wp-block-heading\" id=\"conventional-reels\">Rulli convenzionali<\/h3>\n\n\n\n<p>I mulinelli convenzionali, noti anche come mulinelli rotondi, sono simili ai mulinelli da traina ma sono progettati per usi pi\u00f9 versatili. Vengono tipicamente utilizzati per la pesca al grande pesce e sono disponibili in un'ampia gamma di dimensioni e configurazioni.<\/p>\n\n\n\n<p>Questi mulinelli presentano un telaio robusto e resistente e un sistema di frizione heavy-duty. Sono spesso utilizzati in combinazione con canne tradizionali per la pesca d'altura e in mare profondo, dove i pesci potenti come tonni e squali sono l'obiettivo.<\/p>\n\n\n\n<p>I tamburi convenzionali sono progettati per resistenza e durata. Sono perfetti per lunghe giornate in mare, poich\u00e9 possono gestire grandi quantit\u00e0 di lenza e resistere allo stress di combattere pesci di grandi dimensioni nell'oceano aperto.<\/p>\n\n\n\n<h2 class=\"wp-block-heading\">Come scegliere il freno da pesca giusto<\/h2>\n\n\n\n<p>Quando si sceglie un mulinello da pesca, devono essere presi in considerazione diversi fattori. Questi includono il tipo di pesca che si intende praticare, le specie che si stanno mirando, le condizioni di pesca e le proprie preferenze personali.<\/p>\n\n\n\n<h3 class=\"wp-block-heading\" id=\"reel-size-and-gear-ratio\">Dimensione del mulinello e rapporto di ingranaggi<\/h3>\n\n\n\n<p>La dimensione del tuo mulinello determina quanta lenza pu\u00f2 contenere. Pi\u00f9 grande \u00e8 il mulinello, maggiore \u00e8 la lenza che pu\u00f2 accogliere, il che \u00e8 essenziale per la pesca in mare profondo e per lanci a lunga distanza.<\/p>\n\n\n\n<p>Il rapporto di trasmissione si riferisce a quante volte il rocchetto del mulinello ruota per ogni giro della maniglia. Un rapporto di trasmissione pi\u00f9 alto (ad esempio, 7:1) recupera la lenza pi\u00f9 rapidamente, il che \u00e8 ideale per tecniche come il trolling veloce o il recupero di pesci a movimento veloce. Un rapporto di trasmissione pi\u00f9 basso (ad esempio, 4:1) fornisce pi\u00f9 potenza ed \u00e8 spesso preferito quando si pesca per specie pi\u00f9 grandi che richiedono pi\u00f9 sforzo per essere recuperate.<\/p>\n\n\n\n<h3 class=\"wp-block-heading\" id=\"drag-system\">Sistema di trascinamento<\/h3>\n\n\n\n<p>Il sistema di frizione \u00e8 una delle caratteristiche pi\u00f9 importanti di qualsiasi mulinello da pesca. La frizione controlla quanta resistenza viene esercitata sulla linea da pesca durante la lotta con un pesce. Un sistema di frizione fluido consente un rilascio controllato della linea, prevenendo la rottura della linea quando il pesce tira forte.<\/p>\n\n\n\n<p>Esistono due tipi principali di sistemi di frizione: frizione anteriore e frizione posteriore. I sistemi di frizione anteriore sono pi\u00f9 comuni sulle bobine da spinning e offrono maggiore potenza e controllo. I sistemi di frizione posteriore sono pi\u00f9 facili da regolare e si trovano spesso su bobine destinate a attrezzature pi\u00f9 leggere.<\/p>\n\n\n\n<h3 class=\"wp-block-heading\" id=\"ball-bearings\">Cuscinetti a Sfere<\/h3>\n\n\n\n<p>I cuscinetti a sfera sono essenziali per un funzionamento fluido del mulinello. Pi\u00f9 cuscinetti a sfera ha un mulinello, pi\u00f9 fluida sar\u00e0 l'operazione, poich\u00e9 riducono l'attrito nel meccanismo del mulinello.<\/p>\n\n\n\n<p>I mulinelli di alta qualit\u00e0 possono avere da 5 a 10 cuscinetti a sfera, ma alcuni mulinelli da pesca possono arrivare fino a 15 o pi\u00f9. Anche se pi\u00f9 cuscinetti possono migliorare la fluidit\u00e0, la qualit\u00e0 costruttiva generale del mulinello \u00e8 pi\u00f9 importante. Quando si sceglie un mulinello, \u00e8 meglio bilanciare il numero di cuscinetti con la durata e la resistenza dei materiali utilizzati nella costruzione.<\/p>\n\n\n\n<h2 class=\"wp-block-heading\">Accessori per mulinelli da pesca<\/h2>\n\n\n\n<p>Ci sono molti accessori che possono migliorare le prestazioni, la longevit\u00e0 e la funzionalit\u00e0 della tua canna da pesca. Questi accessori vanno dagli strumenti di manutenzione ai pezzi di ricambio e alle coperture protettive.<\/p>\n\n\n\n<h3 class=\"wp-block-heading\" id=\"reel-maintenance-kits\">Kit di Manutenzione per Bobine<\/h3>\n\n\n\n<p>I kit di manutenzione dei mulinelli includono lubrificanti, strumenti di pulizia e guide per lo smontaggio per aiutarti a mantenere il tuo mulinello in ottime condizioni. La manutenzione regolare \u00e8 essenziale per prolungare la vita del tuo mulinello e garantire un funzionamento fluido.<\/p>\n\n\n\n<h3 class=\"wp-block-heading\" id=\"spare-spools\">Bobine di ricambio<\/h3>\n\n\n\n<p>Avere bobine di ricambio ti consente di passare facilmente tra diversi tipi di fili da pesca senza dover riavvolgere il mulinello. Questo \u00e8 particolarmente utile quando si pesca in ambienti diversi, poich\u00e9 potresti aver bisogno di diversi tipi di fili per la pesca in acque dolci e in mare.<\/p>\n\n\n\n<h3 class=\"wp-block-heading\" id=\"reel-covers\">Copertine per Reel<\/h3>\n\n\n\n<p>Le coperture per reel proteggono il tuo reel da polvere, sporcizia e graffi quando non sono in uso. Sono particolarmente utili per mantenere il tuo reel al sicuro durante i viaggi o lo stoccaggio a lungo termine. Molti reel vengono forniti con una copertura, ma se il tuo non la include, puoi acquistarne una separatamente.<\/p>\n\n\n\n<h2 class=\"wp-block-heading\">Manutenzione e cura della canna da pesca<\/h2>\n\n\n\n<p>Una corretta manutenzione \u00e8 essenziale per estendere la vita del tuo mulinello e garantire che funzioni bene nel tempo. La pulizia e la lubrificazione regolari sono fondamentali per mantenere il mulinello in perfette condizioni.<\/p>\n\n\n\n<h3 class=\"wp-block-heading\">Pulizia<\/h3>\n\n\n\n<p>Dopo ogni viaggio di pesca, soprattutto se hai pescato in acqua salata, \u00e8 importante risciacquare il tuo mulinello con acqua dolce per rimuovere sale, sporco e detriti. Asciugalo accuratamente prima di riporlo.<\/p>\n\n\n\n<h3 class=\"wp-block-heading\">Lubrificazione<\/h3>\n\n\n\n<p>Utilizzare lubrificanti specifici per mulinelli per ingrassare gli ingranaggi, i cuscinetti e altre parti mobili. Questo eviter\u00e0 la ruggine e garantir\u00e0 un funzionamento fluido durante l'uso. Seguire le raccomandazioni del produttore per gli intervalli di lubrificazione e i tipi di lubrificanti.<\/p>\n\n\n\n<h3 class=\"wp-block-heading\">Archiviazione<\/h3>\n\n\n\n<p>Conserva il tuo mulinello in un luogo asciutto e fresco per prevenire la corrosione. Evita di lasciarlo esposto alla luce solare per lunghi periodi, poich\u00e9 i raggi UV possono danneggiare i materiali nel tempo.<\/p>\n\n\n\n<h2 class=\"wp-block-heading\">Domande Frequenti<\/h2>\n\n\n\n<p>Qual \u00e8 la migliore canna per principianti? Un mulinello rotante con un bobina di dimensioni medie e un sistema di frizione fluido \u00e8 ideale per i principianti. Posso usare un mulinello d'acqua dolce per la pesca in mare? Alcuni mulinelli d'acqua dolce sono adatti per la pesca in mare, ma dovresti scegliere un mulinello con materiali resistenti alla corrosione per una maggiore durata. Come posso mantenere il mio mulinello da pesca? Pulisci il tuo mulinello dopo ogni utilizzo, lubrifica le parti mobili e conservalo in un luogo asciutto e fresco per allungarne la vita.<\/p>\n\n\n\n<h2 class=\"wp-block-heading\">Conclusione e prossimi passi<\/h2>\n\n\n\n<p>I mulinelli da pesca sono un elemento vitale per i pescatori. Comprendere i diversi tipi, selezionare quello giusto e mantenerlo correttamente garantir\u00e0 un'ottima esperienza di pesca. Scopri i nostri mulinelli consigliati qui sotto per iniziare la tua prossima avventura di pesca.<a href=\"\/it\/collections\/spinning-reels\/\">Negozio di mulinelli rotanti<\/a><a href=\"https:\/\/hktackle.com\/it\/categoria-prodotto\/rulli\/\">Acquista mulinelli da Baitcasting<\/a><\/p>","protected":false},"excerpt":{"rendered":"<p>Complete Guide to Fishing Reels \u2014 Types, How to Choose, Maintenance &amp; Accessories Complete Guide to Fishing Reels: Types, Selection, Maintenance &amp; Accessories This pillar page brings together everything you need to know about fishing reels \u2014 from choosing the right reel to maintaining it and selecting the best accessories. It\u2019s written for anglers, fishing [&hellip;]<\/p>","protected":false},"author":1,"featured_media":0,"parent":0,"menu_order":0,"comment_status":"closed","ping_status":"closed","template":"","meta":{"footnotes":""},"class_list":["post-1894","page","type-page","status-publish","hentry"],"blocksy_meta":[],"_hostinger_reach_plugin_has_subscription_block":false,"_hostinger_reach_plugin_is_elementor":false,"_links":{"self":[{"href":"https:\/\/hktackle.com\/it\/wp-json\/wp\/v2\/pages\/1894","targetHints":{"allow":["GET"]}}],"collection":[{"href":"https:\/\/hktackle.com\/it\/wp-json\/wp\/v2\/pages"}],"about":[{"href":"https:\/\/hktackle.com\/it\/wp-json\/wp\/v2\/types\/page"}],"author":[{"embeddable":true,"href":"https:\/\/hktackle.com\/it\/wp-json\/wp\/v2\/users\/1"}],"replies":[{"embeddable":true,"href":"https:\/\/hktackle.com\/it\/wp-json\/wp\/v2\/comments?post=1894"}],"version-history":[{"count":4,"href":"https:\/\/hktackle.com\/it\/wp-json\/wp\/v2\/pages\/1894\/revisions"}],"predecessor-version":[{"id":1910,"href":"https:\/\/hktackle.com\/it\/wp-json\/wp\/v2\/pages\/1894\/revisions\/1910"}],"wp:attachment":[{"href":"https:\/\/hktackle.com\/it\/wp-json\/wp\/v2\/media?parent=1894"}],"curies":[{"name":"wp","href":"https:\/\/api.w.org\/{rel}","templated":true}]}}