{"id":1785,"date":"2025-11-12T03:55:33","date_gmt":"2025-11-12T03:55:33","guid":{"rendered":"https:\/\/hktackle.com\/?post_type=product&#038;p=1785"},"modified":"2025-11-17T05:31:02","modified_gmt":"2025-11-17T05:31:02","slug":"set-di-esche-da-pesca-ultime-crankbait-di-superficie","status":"publish","type":"product","link":"https:\/\/hktackle.com\/it\/prodotto\/set-di-esche-da-pesca-ultime-crankbait-di-superficie","title":{"rendered":"Il Set di Esche da Pesca Definitivo per Ogni Pescatore"},"content":{"rendered":"<h1 data-start=\"1277\" data-end=\"1336\"><strong data-start=\"1282\" data-end=\"1336\">Il Set di Esche da Pesca Definitivo per Ogni Pescatore<\/strong><\/h1>\n<p data-start=\"1338\" data-end=\"1674\">Sei pronto per portare la tua pesca al bass al livello successivo? La nostra <strong data-start=\"1401\" data-end=\"1430\">completo <a href=\"https:\/\/hktackle.com\/it\/guida-completa-allesca-da-pesca\/\">set di esche da pesca<\/a><\/strong> \u00e8 progettato per darti tutto ci\u00f2 di cui hai bisogno per mirare ai bassi in qualsiasi ambiente. Questo <strong data-start=\"1515\" data-end=\"1535\">kit per esche da pesca<\/strong> inclusi <strong data-start=\"1545\" data-end=\"1571\">esche da pesca topwater<\/strong>, <strong data-start=\"1573\" data-end=\"1586\">esche contragetti<\/strong>, e <strong data-start=\"1592\" data-end=\"1611\">crankbait esche<\/strong>\u2014ognuno con vantaggi unici che ti aiutano a catturare pi\u00f9 pesci.<\/p>\n<p data-start=\"1338\" data-end=\"1674\"><img loading=\"lazy\" decoding=\"async\" class=\"alignnone wp-image-1782\" src=\"https:\/\/hktackle.com\/wp-content\/uploads\/2025\/11\/fishing-lure-kits-12.jpg\" alt=\"set di esche da pesca\" width=\"621\" height=\"621\" title=\"\" srcset=\"https:\/\/hktackle.com\/wp-content\/uploads\/2025\/11\/fishing-lure-kits-12.jpg 800w, https:\/\/hktackle.com\/wp-content\/uploads\/2025\/11\/fishing-lure-kits-12-300x300.jpg 300w, https:\/\/hktackle.com\/wp-content\/uploads\/2025\/11\/fishing-lure-kits-12-150x150.jpg 150w, https:\/\/hktackle.com\/wp-content\/uploads\/2025\/11\/fishing-lure-kits-12-768x768.jpg 768w, https:\/\/hktackle.com\/wp-content\/uploads\/2025\/11\/fishing-lure-kits-12-600x600.jpg 600w\" sizes=\"auto, (max-width: 621px) 100vw, 621px\" \/><\/p>\n<hr data-start=\"1676\" data-end=\"1679\" \/>\n<h2 data-start=\"1681\" data-end=\"1743\"><strong data-start=\"1686\" data-end=\"1743\">\u00a0Cosa \u00e8 incluso in questo Premium <a href=\"http:\/\/hktackle.com\/it\/\">Set di esche da pesca<\/a>?<\/strong><\/h2>\n<p data-start=\"1745\" data-end=\"2066\">Nostro <strong data-start=\"1749\" data-end=\"1769\">set di esche da pesca<\/strong> viene fornito con una variet\u00e0 di esche di alta qualit\u00e0, ciascuna selezionata con cura per mirare ai pesci bass in diverse condizioni. Che tu preferisca gli attacchi esplosivi di <strong data-start=\"1922\" data-end=\"1948\">esche da pesca topwater<\/strong>la presentazione precisa di <strong data-start=\"1978\" data-end=\"1991\">esche contragetti<\/strong>, o l'azione di approfondimento di <strong data-start=\"2020\" data-end=\"2039\">crankbait esche<\/strong>, questo set copre tutte le tue esigenze.<\/p>\n<p data-start=\"2068\" data-end=\"2092\"><strong data-start=\"2068\" data-end=\"2092\">Incluso nel Set:<\/strong><\/p>\n<ul data-start=\"2093\" data-end=\"2812\">\n<li data-start=\"2093\" data-end=\"2330\">\n<p data-start=\"2095\" data-end=\"2330\"><a href=\"https:\/\/hktackle.com\/it\/guida-completa-allesca-da-pesca\/\"><strong data-start=\"2095\" data-end=\"2121\">Esche da Pesca Topwater<\/strong><\/a>Perfetti per attacchi in superficie, questi esche imitano il movimento di prede ferite, attirando il bass all'attacco. Ideale per pescare durante le prime ore del mattino o nel tardo pomeriggio quando i pesci si nutrono attivamente vicino alla superficie.<\/p>\n<\/li>\n<li data-start=\"2331\" data-end=\"2575\">\n<p data-start=\"2333\" data-end=\"2575\"><strong data-start=\"2333\" data-end=\"2346\">Jig Lures<\/strong>: Progettato per presentazioni pi\u00f9 approfondite, <a href=\"https:\/\/hktackle.com\/it\/guida-completa-allesca-da-pesca\/\"><strong data-start=\"2383\" data-end=\"2396\">esche contragetti<\/strong><\/a> sono eccellenti per la pesca vicino al fondo di laghi, fiumi o bacini. Il loro movimento lento e sottile imita l'azione di pesci difettosi, rendendoli irresistibili per il black bass.<\/p>\n<\/li>\n<li data-start=\"2576\" data-end=\"2812\">\n<p data-start=\"2578\" data-end=\"2812\"><strong data-start=\"2578\" data-end=\"2597\">Esche Crankbait<\/strong>Questi esche affondano a diverse profondit\u00e0, rendendole perfette per catturare pesci persici a livelli di mezza acqua. Con la loro azione oscillante, <a href=\"https:\/\/hktackle.com\/it\/guida-completa-allesca-da-pesca\/\"><strong data-start=\"2722\" data-end=\"2741\">crankbait esche artificiali<\/strong><\/a> imitar il movimento naturale di nuoto dei pesci esca, attirando i bass a colpire.<\/p>\n<\/li>\n<li data-start=\"2576\" data-end=\"2812\"><img loading=\"lazy\" decoding=\"async\" class=\"alignnone wp-image-1777\" src=\"https:\/\/hktackle.com\/wp-content\/uploads\/2025\/11\/fishing-lure-kits-7-717x1024.jpg\" alt=\"set di esche da pesca\" width=\"318\" height=\"455\" title=\"\" srcset=\"https:\/\/hktackle.com\/wp-content\/uploads\/2025\/11\/fishing-lure-kits-7-717x1024.jpg 717w, https:\/\/hktackle.com\/wp-content\/uploads\/2025\/11\/fishing-lure-kits-7-210x300.jpg 210w, https:\/\/hktackle.com\/wp-content\/uploads\/2025\/11\/fishing-lure-kits-7-768x1098.jpg 768w, https:\/\/hktackle.com\/wp-content\/uploads\/2025\/11\/fishing-lure-kits-7-600x857.jpg 600w, https:\/\/hktackle.com\/wp-content\/uploads\/2025\/11\/fishing-lure-kits-7.jpg 790w\" sizes=\"auto, (max-width: 318px) 100vw, 318px\" \/><img loading=\"lazy\" decoding=\"async\" class=\"alignnone wp-image-1774\" src=\"https:\/\/hktackle.com\/wp-content\/uploads\/2025\/11\/fishing-lure-kits-4-705x1024.jpg\" alt=\"esca crank bait\" width=\"313\" height=\"455\" title=\"\" srcset=\"https:\/\/hktackle.com\/wp-content\/uploads\/2025\/11\/fishing-lure-kits-4-705x1024.jpg 705w, https:\/\/hktackle.com\/wp-content\/uploads\/2025\/11\/fishing-lure-kits-4-206x300.jpg 206w, https:\/\/hktackle.com\/wp-content\/uploads\/2025\/11\/fishing-lure-kits-4-768x1116.jpg 768w, https:\/\/hktackle.com\/wp-content\/uploads\/2025\/11\/fishing-lure-kits-4-600x872.jpg 600w, https:\/\/hktackle.com\/wp-content\/uploads\/2025\/11\/fishing-lure-kits-4.jpg 790w\" sizes=\"auto, (max-width: 313px) 100vw, 313px\" \/><img loading=\"lazy\" decoding=\"async\" class=\"alignnone wp-image-1783\" src=\"https:\/\/hktackle.com\/wp-content\/uploads\/2025\/11\/fishing-lure-kits-13.jpg\" alt=\"Kit di esche economiche\" width=\"455\" height=\"455\" title=\"\" srcset=\"https:\/\/hktackle.com\/wp-content\/uploads\/2025\/11\/fishing-lure-kits-13.jpg 800w, https:\/\/hktackle.com\/wp-content\/uploads\/2025\/11\/fishing-lure-kits-13-300x300.jpg 300w, https:\/\/hktackle.com\/wp-content\/uploads\/2025\/11\/fishing-lure-kits-13-150x150.jpg 150w, https:\/\/hktackle.com\/wp-content\/uploads\/2025\/11\/fishing-lure-kits-13-768x768.jpg 768w, https:\/\/hktackle.com\/wp-content\/uploads\/2025\/11\/fishing-lure-kits-13-600x600.jpg 600w\" sizes=\"auto, (max-width: 455px) 100vw, 455px\" \/><\/li>\n<\/ul>\n<hr data-start=\"2814\" data-end=\"2817\" \/>\n<h2 data-start=\"2819\" data-end=\"2865\"><strong data-start=\"2824\" data-end=\"2865\">\u00a0Perch\u00e9 scegliere questo kit di esche da pesca?<\/strong><\/h2>\n<p><img loading=\"lazy\" decoding=\"async\" class=\"alignnone wp-image-1469\" src=\"https:\/\/hktackle.com\/wp-content\/uploads\/2025\/11\/HK-fishing-tackle.jpg\" alt=\"HK Attrezzature da Pesca\" width=\"596\" height=\"405\" title=\"\" srcset=\"https:\/\/hktackle.com\/wp-content\/uploads\/2025\/11\/HK-fishing-tackle.jpg 861w, https:\/\/hktackle.com\/wp-content\/uploads\/2025\/11\/HK-fishing-tackle-300x204.jpg 300w, https:\/\/hktackle.com\/wp-content\/uploads\/2025\/11\/HK-fishing-tackle-768x522.jpg 768w, https:\/\/hktackle.com\/wp-content\/uploads\/2025\/11\/HK-fishing-tackle-600x408.jpg 600w\" sizes=\"auto, (max-width: 596px) 100vw, 596px\" \/><\/p>\n<p data-start=\"2867\" data-end=\"3114\">Che tu sia un principiante o un professionista esperto, questo <strong data-start=\"2917\" data-end=\"2937\">kit per esche da pesca<\/strong> \u00e8 un'aggiunta essenziale alla tua cassetta da pesca. Con pi\u00f9 tipi di esche in un solo set, puoi adattarti a diverse condizioni di pesca e aumentare le tue possibilit\u00e0 di una cattura di successo.<\/p>\n<ul data-start=\"3116\" data-end=\"3663\">\n<li data-start=\"3116\" data-end=\"3324\">\n<p data-start=\"3118\" data-end=\"3324\"><strong data-start=\"3118\" data-end=\"3166\">Opzioni versatili per tutte le condizioni di pesca<\/strong>Da acque poco profonde a cadute profonde, <strong data-start=\"3203\" data-end=\"3221\">esche per la pesca a mezz'acqua<\/strong>, <strong data-start=\"3223\" data-end=\"3236\">esche contragetti<\/strong>, e <strong data-start=\"3242\" data-end=\"3261\">crankbait esche<\/strong> ti offre la flessibilit\u00e0 di pescare in una variet\u00e0 di ambienti.<\/p>\n<\/li>\n<li data-start=\"3325\" data-end=\"3486\">\n<p data-start=\"3327\" data-end=\"3486\"><strong data-start=\"3327\" data-end=\"3359\">Costruzione di Qualit\u00e0 Premium<\/strong>Le nostre esche sono costruite per durare con materiali resistenti e finiture realistiche che imitano il movimento e il colore dei veri pesci esca.<\/p>\n<\/li>\n<li data-start=\"3487\" data-end=\"3663\">\n<p data-start=\"3489\" data-end=\"3663\"><strong data-start=\"3489\" data-end=\"3517\">Perfetto per la pesca al bass<\/strong>Che tu stia pescando in acqua dolce o salata, questo set di esche \u00e8 ideale per attrarre il persico, uno dei pesci pi\u00f9 popolari e difficili da catturare.<\/p>\n<\/li>\n<\/ul>\n<h2 data-start=\"3670\" data-end=\"3727\"><strong data-start=\"3675\" data-end=\"3727\">Come Utilizzare Efficacemente il Tuo Set di Esche da Pesca<\/strong><\/h2>\n<p data-start=\"3729\" data-end=\"3850\">Per massimizzare l'efficacia del tuo <strong data-start=\"3767\" data-end=\"3787\">set di esche da pesca<\/strong>\u00e8 importante sapere quando e come utilizzare ciascun tipo di esca:<\/p>\n<ul data-start=\"3852\" data-end=\"4583\">\n<li data-start=\"3852\" data-end=\"4076\">\n<p data-start=\"3854\" data-end=\"4076\"><strong data-start=\"3854\" data-end=\"3880\">Esche da Pesca Topwater<\/strong>: Usa <strong data-start=\"3886\" data-end=\"3904\">esche per la pesca a mezz'acqua<\/strong> di prima mattina o tardi la sera quando i branzini si nutrono vicino alla superficie. Utilizza una tecnica di \u201cjerk-pausa\u201d per creare disturbi in superficie, mimando prede ferite.<\/p>\n<\/li>\n<li data-start=\"4077\" data-end=\"4311\">\n<p data-start=\"4079\" data-end=\"4311\"><strong data-start=\"4079\" data-end=\"4092\">Jig Lures<\/strong>: Cast <strong data-start=\"4099\" data-end=\"4112\">esche contragetti<\/strong> attorno a strutture sommerse, rocce o letti di alghe. Riduci la velocit\u00e0 del recupero e consenti all'esca di affondare sul fondo prima di sollevarla e lasciarla cadere delicatamente, imitando il movimento di un pesce in difficolt\u00e0.<\/p>\n<\/li>\n<li data-start=\"4312\" data-end=\"4583\">\n<p data-start=\"4314\" data-end=\"4583\"><strong data-start=\"4314\" data-end=\"4333\">Esche Crankbait<\/strong>: Usa <strong data-start=\"4339\" data-end=\"4358\">crankbait esche<\/strong> per la pesca in acque medie o quando si coprono ampie aree. Varia la velocit\u00e0 di recupero per trovare la giusta profondit\u00e0 e azione. I crankbait sono particolarmente efficaci in acque profonde o quando si punta ai bass vicino ai dislivelli e alle sporgenze sottomarine.<\/p>\n<\/li>\n<\/ul>\n<hr data-start=\"4585\" data-end=\"4588\" \/>\n<h2 data-start=\"4590\" data-end=\"4635\"><strong data-start=\"4595\" data-end=\"4635\">Domande Frequenti (FAQ)<\/strong><\/h2>\n<p data-start=\"4637\" data-end=\"4963\"><strong data-start=\"4637\" data-end=\"4703\">Q1: Cosa rende questo set di esche da pesca perfetto per la pesca al bass?<\/strong><br data-start=\"4703\" data-end=\"4706\" \/>A: Questo <strong data-start=\"4714\" data-end=\"4734\">set di esche da pesca<\/strong> inclusi <strong data-start=\"4744\" data-end=\"4762\">esche per la pesca a mezz'acqua<\/strong>, <strong data-start=\"4764\" data-end=\"4777\">esche contragetti<\/strong>, e <strong data-start=\"4783\" data-end=\"4802\">crankbait esche<\/strong>, progettati per attrarre il pesce persico in diverse condizioni. Che tu stia pescando in superficie, a mezz'acqua o vicino al fondo, questo kit ha quello che ti serve.<\/p>\n<p data-start=\"4965\" data-end=\"5229\"><strong data-start=\"4965\" data-end=\"5019\">Q2: Posso utilizzare questo kit per altri tipi di pesca?<\/strong><br data-start=\"5019\" data-end=\"5022\" \/>A: Questo kit \u00e8 stato specificamente progettato per la pesca al luccio, <strong data-start=\"5083\" data-end=\"5096\">esche contragetti<\/strong> e <strong data-start=\"5101\" data-end=\"5120\">crankbait esche<\/strong> pu\u00f2 essere efficace per mirare ad altre specie come luccio, trota e lucioperca sia in acqua dolce che in acqua salata.<\/p>\n<p data-start=\"5231\" data-end=\"5491\"><strong data-start=\"5231\" data-end=\"5266\">Q3: Come posso conservare queste esche?<\/strong><br data-start=\"5266\" data-end=\"5269\" \/>A: Per mantenere le tue esche in ottime condizioni, conservale in una scatola da pesca con scomparti individuali. Questo evita che si aggroviglino o si danneggino. Assicurati di farle asciugare dopo ogni utilizzo per mantenere la loro qualit\u00e0.<\/p>\n<hr data-start=\"5493\" data-end=\"5496\" \/>\n<h2 data-start=\"5498\" data-end=\"5554\"><strong data-start=\"5503\" data-end=\"5554\">Ordina oggi il tuo set completo di esche da pesca!<\/strong><\/h2>\n<p data-start=\"5556\" data-end=\"5918\">Pronto a catturare il tuo prossimo grande pesce? Ordina il <strong data-start=\"5604\" data-end=\"5633\">set di esche da pesca ultime<\/strong> da HK Tackle oggi! Questo completo <strong data-start=\"5675\" data-end=\"5695\">kit per esche da pesca<\/strong> include tutti i tipi di esche di cui hai bisogno per catturare il branzino in qualsiasi condizione di pesca, da <strong data-start=\"5773\" data-end=\"5799\">esche da pesca topwater<\/strong> a <strong data-start=\"5803\" data-end=\"5816\">esche contragetti<\/strong> e <strong data-start=\"5821\" data-end=\"5840\">crankbait esche<\/strong>Non perdere l'occasione: migliora il tuo gioco di pesca e inizia a catturare pi\u00f9 branzini oggi!<\/p>\n<p data-start=\"5556\" data-end=\"5918\"><div class=\"wpforms-container\" id=\"wpforms-564\"><form id=\"wpforms-form-564\" class=\"wpforms-validate wpforms-form wpforms-ajax-form\" data-formid=\"564\" method=\"post\" enctype=\"multipart\/form-data\" action=\"\/it\/wp-json\/wp\/v2\/product\/1785\" data-token=\"35319856598c1d8bce51afc7ee1d8aad\" data-token-time=\"1776383076\" data-trp-original-action=\"\/it\/wp-json\/wp\/v2\/product\/1785\"><div class=\"wpforms-head-container\"><div class=\"wpforms-title\">Richiesta di preventivo<\/div><\/div><noscript class=\"wpforms-error-noscript\">Abilita JavaScript nel browser per completare questo modulo.<\/noscript><div class=\"wpforms-field-container\"><div id=\"wpforms-564-field_1-container\" class=\"wpforms-field wpforms-field-name\" data-field-id=\"1\"><label class=\"wpforms-field-label wpforms-label-hide\" for=\"wpforms-564-field_1\">Nome <span class=\"wpforms-required-label\">*<\/span><\/label><input type=\"text\" id=\"wpforms-564-field_1\" class=\"wpforms-field-medium wpforms-field-required\" name=\"wpforms[fields][1]\" placeholder=\"Nome\" required><\/div><div id=\"wpforms-564-field_2-container\" class=\"wpforms-field wpforms-field-name\" data-field-id=\"2\"><label class=\"wpforms-field-label wpforms-label-hide\" for=\"wpforms-564-field_2\">Whatsapp <span class=\"wpforms-required-label\">*<\/span><\/label><input type=\"text\" id=\"wpforms-564-field_2\" class=\"wpforms-field-medium wpforms-field-required\" name=\"wpforms[fields][2]\" placeholder=\"WhatsApp\" required><\/div><div id=\"wpforms-564-field_4-container\" class=\"wpforms-field wpforms-field-name\" data-field-id=\"4\"><label class=\"wpforms-field-label wpforms-label-hide\" for=\"wpforms-564-field_4\">Email <span class=\"wpforms-required-label\">*<\/span><\/label><input type=\"text\" id=\"wpforms-564-field_4\" class=\"wpforms-field-medium wpforms-field-required\" name=\"wpforms[fields][4]\" placeholder=\"Email\" required><\/div><div id=\"wpforms-564-field_3-container\" class=\"wpforms-field wpforms-field-name\" data-field-id=\"3\"><label class=\"wpforms-field-label wpforms-label-hide\" for=\"wpforms-564-field_3\">Richiesta <span class=\"wpforms-required-label\">*<\/span><\/label><input type=\"text\" id=\"wpforms-564-field_3\" class=\"wpforms-field-medium wpforms-field-required\" name=\"wpforms[fields][3]\" placeholder=\"quale prodotto ti serve\" required><\/div><div id=\"wpforms-564-field_5-container\" class=\"wpforms-field wpforms-field-hidden\" data-field-id=\"5\"><input type=\"hidden\" id=\"wpforms-564-field_5\" name=\"wpforms[fields][5]\" value=\"216.73.216.219\"><\/div>\t\t<div id=\"wpforms-564-field_7-container\"\n\t\t\tclass=\"wpforms-field wpforms-field-text\"\n\t\t\tdata-field-type=\"text\"\n\t\t\tdata-field-id=\"7\"\n\t\t\t>\n\t\t\t<label class=\"wpforms-field-label\" for=\"wpforms-564-field_7\" >Inquiry Cliente IP Email<\/label>\n\t\t\t<input type=\"text\" id=\"wpforms-564-field_7\" class=\"wpforms-field-medium\" name=\"wpforms[fields][7]\" >\n\t\t<\/div>\n\t\t<div id=\"wpforms-564-field_6-container\" class=\"wpforms-field wpforms-field-hidden\" data-field-id=\"6\"><input type=\"hidden\" id=\"wpforms-564-field_6\" name=\"wpforms[fields][6]\" value=\"https:\/\/hktackle.com\/it\/wp-json\/wp\/v2\/product\/1785\"><\/div><script>\n\t\t\t\t( function() {\n\t\t\t\t\tconst style = document.createElement( 'style' );\n\t\t\t\t\tstyle.appendChild( document.createTextNode( '#wpforms-564-field_7-container { position: absolute !important; overflow: hidden !important; display: inline !important; height: 1px !important; width: 1px !important; z-index: -1000 !important; padding: 0 !important; } #wpforms-564-field_7-container input { visibility: hidden; } #wpforms-conversational-form-page #wpforms-564-field_7-container label { counter-increment: none; }' ) );\n\t\t\t\t\tdocument.head.appendChild( style );\n\t\t\t\t\tdocument.currentScript?.remove();\n\t\t\t\t} )();\n\t\t\t<\/script><\/div><!-- .wpforms-field-container --><div class=\"wpforms-submit-container\" ><input type=\"hidden\" name=\"wpforms[id]\" value=\"564\"><input type=\"hidden\" name=\"page_title\" value=\"\"><input type=\"hidden\" name=\"page_url\" value=\"https:\/\/hktackle.com\/it\/wp-json\/wp\/v2\/product\/1785\"><input type=\"hidden\" name=\"url_referer\" value=\"\"><button type=\"submit\" name=\"wpforms[submit]\" id=\"wpforms-submit-564\" class=\"wpforms-submit\" data-alt-text=\"Sending\" data-submit-text=\"Summit\" aria-live=\"assertive\" value=\"wpforms-submit\">Vertice<\/button><img loading=\"lazy\" decoding=\"async\" src=\"https:\/\/hktackle.com\/wp-content\/plugins\/wpforms\/assets\/images\/submit-spin.svg\" class=\"wpforms-submit-spinner\" style=\"display: none;\" width=\"26\" height=\"26\" alt=\"Loading\" title=\"\"><\/div><input type=\"hidden\" name=\"trp-form-language\" value=\"it\"\/><\/form><\/div>  <!-- .wpforms-container --><\/p>","protected":false},"excerpt":{"rendered":"<p>Sblocca il tuo potenziale di pesca con il nostro <strong data-start=\"1478\" data-end=\"1507\">set di esche da pesca ultime<\/strong> progettato per i pescatori di black bass. Questo <strong data-start=\"1540\" data-end=\"1560\">kit per esche da pesca<\/strong> include una variet\u00e0 di <strong data-start=\"1583\" data-end=\"1601\">esche per la pesca a mezz'acqua<\/strong>, <strong data-start=\"1603\" data-end=\"1622\">crankbait esche<\/strong>, e <strong data-start=\"1628\" data-end=\"1650\">esche in plastica morbida<\/strong>\u2014perfetto per catturare il bass in qualsiasi condizione. Che tu stia pescando in acque basse o profonde, questo <strong data-start=\"1750\" data-end=\"1770\">set di esche da pesca<\/strong> fornisce tutte le opzioni necessarie per colpi efficaci e tassi di cattura pi\u00f9 elevati. Con una gamma di colori, dimensioni e stili, questo <strong data-start=\"1899\" data-end=\"1911\">set di attrazione<\/strong> \u00e8 ideale sia per i principianti che per i pescatori esperti che cercano di migliorare il proprio gioco.<\/p>\n<div class=\"wp-block-stackable-button stk-block-button popmake-1340 stk-block stk-d95bae2 popmake-1340\" data-block-id=\"d95bae2\"><\/div>\n<div class=\"wp-block-stackable-button stk-block-button popmake-1340 stk-block stk-13b8711 popmake-1340\" data-block-id=\"13b8711\">\n<style>.stk-13b8711 {min-height:var(--stk--preset--block-height--x-small, 4rem) !important;padding-top:var(--stk--preset--spacing--none, 0px) !important;padding-right:var(--stk--preset--spacing--none, 0px) !important;padding-bottom:var(--stk--preset--spacing--none, 0px) !important;padding-left:var(--stk--preset--spacing--none, 0px) !important;}.stk-13b8711 .stk-button{min-height:36px !important;padding-top:var(--stk--preset--spacing--40, 1rem) !important;padding-right:33px !important;padding-bottom:var(--stk--preset--spacing--40, 1rem) !important;background:#2db2eb !important;border-top-left-radius:var(--stk--preset--border-radius--small, 4px) !important;border-top-right-radius:var(--stk--preset--border-radius--small, 4px) !important;border-bottom-right-radius:var(--stk--preset--border-radius--small, 4px) !important;border-bottom-left-radius:var(--stk--preset--border-radius--small, 4px) !important;}.stk-13b8711 .stk-button__inner-text{color:#fffffe !important;}<\/style>\n<p><a class=\"stk-link stk-button stk--hover-effect-lift-scale-more\"><span class=\"has-text-color stk-button__inner-text\">Richiedi un preventivo <\/span><\/a><\/p>\n<\/div>\n<div id=\"gtx-trans\" style=\"position: absolute; left: 1px; top: 76px;\">\n<div class=\"gtx-trans-icon\"><\/div>\n<\/div>","protected":false},"featured_media":1773,"template":"","meta":[],"product_brand":[],"product_cat":[27],"product_tag":[],"class_list":{"0":"post-1785","1":"product","2":"type-product","3":"status-publish","4":"has-post-thumbnail","6":"product_cat-online-shop","8":"first","9":"instock","10":"sale","11":"shipping-taxable","12":"purchasable","13":"product-type-simple"},"_links":{"self":[{"href":"https:\/\/hktackle.com\/it\/wp-json\/wp\/v2\/product\/1785","targetHints":{"allow":["GET"]}}],"collection":[{"href":"https:\/\/hktackle.com\/it\/wp-json\/wp\/v2\/product"}],"about":[{"href":"https:\/\/hktackle.com\/it\/wp-json\/wp\/v2\/types\/product"}],"wp:featuredmedia":[{"embeddable":true,"href":"https:\/\/hktackle.com\/it\/wp-json\/wp\/v2\/media\/1773"}],"wp:attachment":[{"href":"https:\/\/hktackle.com\/it\/wp-json\/wp\/v2\/media?parent=1785"}],"wp:term":[{"taxonomy":"product_brand","embeddable":true,"href":"https:\/\/hktackle.com\/it\/wp-json\/wp\/v2\/product_brand?post=1785"},{"taxonomy":"product_cat","embeddable":true,"href":"https:\/\/hktackle.com\/it\/wp-json\/wp\/v2\/product_cat?post=1785"},{"taxonomy":"product_tag","embeddable":true,"href":"https:\/\/hktackle.com\/it\/wp-json\/wp\/v2\/product_tag?post=1785"}],"curies":[{"name":"wp","href":"https:\/\/api.w.org\/{rel}","templated":true}]}}