{"id":1786,"date":"2025-11-12T04:33:14","date_gmt":"2025-11-12T04:33:14","guid":{"rendered":"https:\/\/hktackle.com\/?post_type=product&#038;p=1786"},"modified":"2025-12-02T15:15:26","modified_gmt":"2025-12-02T15:15:26","slug":"miglior-mulinello-da-pesca-baitcast-per-acqua-salata","status":"publish","type":"product","link":"https:\/\/hktackle.com\/it\/prodotto\/miglior-mulinello-da-pesca-baitcast-per-acqua-salata","title":{"rendered":"Migliori mulinelli da pesca Baitcast per precisione, potenza e prestazioni"},"content":{"rendered":"<h1 data-start=\"1040\" data-end=\"1115\"><strong data-start=\"1045\" data-end=\"1115\">Migliori mulinelli da pesca a baitcast per precisione, potenza e prestazioni<\/strong><\/h1>\n<p><img loading=\"lazy\" decoding=\"async\" class=\"alignnone wp-image-1248\" src=\"https:\/\/hktackle.com\/wp-content\/uploads\/2025\/10\/baitcasting-reel.png\" alt=\"reels da baitcasting per acqua salata\" width=\"287\" height=\"399\" title=\"\" srcset=\"https:\/\/hktackle.com\/wp-content\/uploads\/2025\/10\/baitcasting-reel.png 384w, https:\/\/hktackle.com\/wp-content\/uploads\/2025\/10\/baitcasting-reel-216x300.png 216w\" sizes=\"auto, (max-width: 287px) 100vw, 287px\" \/><img loading=\"lazy\" decoding=\"async\" class=\"alignnone wp-image-1247\" src=\"https:\/\/hktackle.com\/wp-content\/uploads\/2025\/10\/baitcasting-reel-2.png\" alt=\"miglior mulinello baitcaster\" width=\"408\" height=\"399\" title=\"\" srcset=\"https:\/\/hktackle.com\/wp-content\/uploads\/2025\/10\/baitcasting-reel-2.png 573w, https:\/\/hktackle.com\/wp-content\/uploads\/2025\/10\/baitcasting-reel-2-60x60.png 60w, https:\/\/hktackle.com\/wp-content\/uploads\/2025\/10\/baitcasting-reel-2-300x293.png 300w\" sizes=\"auto, (max-width: 408px) 100vw, 408px\" \/><\/p>\n<p data-start=\"1117\" data-end=\"1528\">Quando si tratta di pesca al bass, precisione e potenza sono fondamentali. Il <a href=\"https:\/\/hktackle.com\/it\/guida-ai-mulinelli-da-pesca\/\"><strong data-start=\"1181\" data-end=\"1212\">migliori mulinelli da pesca baitcast<\/strong> <\/a>combinare tecnologia avanzata, design ergonomici e durata nel tempo, rendendoli la scelta ideale per i pescatori seri. Che tu stia cercando il perfetto <strong data-start=\"1373\" data-end=\"1392\">mulinello baitcaster<\/strong> per la pesca in acque dolci o bisogno di un robusto <a href=\"https:\/\/hktackle.com\/it\/categoria-prodotto\/rulli\/\"><strong data-start=\"1432\" data-end=\"1462\">mulinello da pesca a leva in acqua salata<\/strong><\/a> per affrontare le condizioni pi\u00f9 difficili, HK Tackle ha ci\u00f2 di cui hai bisogno.<\/p>\n<hr data-start=\"1530\" data-end=\"1533\" \/>\n<h2 data-start=\"1535\" data-end=\"1591\"><strong data-start=\"1540\" data-end=\"1591\">\u00a0Cosa rende le migliori esche per la pesca a mulinello?<\/strong><\/h2>\n<p><img loading=\"lazy\" decoding=\"async\" class=\"alignnone wp-image-1469\" src=\"https:\/\/hktackle.com\/wp-content\/uploads\/2025\/11\/HK-fishing-tackle.jpg\" alt=\"HK Attrezzature da Pesca\" width=\"560\" height=\"381\" title=\"\" srcset=\"https:\/\/hktackle.com\/wp-content\/uploads\/2025\/11\/HK-fishing-tackle.jpg 861w, https:\/\/hktackle.com\/wp-content\/uploads\/2025\/11\/HK-fishing-tackle-300x204.jpg 300w, https:\/\/hktackle.com\/wp-content\/uploads\/2025\/11\/HK-fishing-tackle-768x522.jpg 768w, https:\/\/hktackle.com\/wp-content\/uploads\/2025\/11\/HK-fishing-tackle-600x408.jpg 600w\" sizes=\"auto, (max-width: 560px) 100vw, 560px\" \/><\/p>\n<p data-start=\"1593\" data-end=\"1862\">Scelta del <a href=\"https:\/\/hktackle.com\/it\/introduzione-del-prodotto\/cose-un-mulinello-da-pesca-a-baitcasting\/\"><strong data-start=\"1606\" data-end=\"1636\">miglior mulinello da pesca a baitcast<\/strong><\/a> \u00e8 essenziale per un'ottimale performance di pesca. Questi mulinelli offrono un'accuratezza di lancio superiore, sistemi di frizione fluidi e la capacit\u00e0 di gestire pesci pi\u00f9 grandi. Ecco cosa devi sapere quando selezioni il tuo prossimo <a href=\"https:\/\/hktackle.com\/it\/categoria-prodotto\/rulli\/\"><strong data-start=\"1842\" data-end=\"1861\">mulinello baitcaster<\/strong><\/a>:<\/p>\n<ul data-start=\"1864\" data-end=\"2396\">\n<li data-start=\"1864\" data-end=\"2034\">\n<p data-start=\"1866\" data-end=\"2034\"><strong data-start=\"1866\" data-end=\"1892\">Sistemi di ingranaggi di precisione<\/strong>: Il <strong data-start=\"1898\" data-end=\"1924\">migliori mulinelli baitcasting<\/strong> caratterizzate da rapporti di trasmissione elevati, che consentono velocit\u00e0 di recupero pi\u00f9 elevate, rendendole perfette per la pesca di precisione.<\/p>\n<\/li>\n<li data-start=\"2035\" data-end=\"2215\">\n<p data-start=\"2037\" data-end=\"2215\"><strong data-start=\"2037\" data-end=\"2065\">Costruzione Leggera<\/strong>: Alta qualit\u00e0 <strong data-start=\"2080\" data-end=\"2100\">mulinelli baitcaster<\/strong> sono realizzati in materiali leggeri come alluminio o fibra di carbonio, offrendo un equilibrio tra resistenza e facilit\u00e0 d'uso.<\/p>\n<\/li>\n<li data-start=\"2216\" data-end=\"2396\">\n<p data-start=\"2218\" data-end=\"2396\"><strong data-start=\"2218\" data-end=\"2238\">Design ergonomico<\/strong>Il comfort \u00e8 fondamentale, specialmente durante lunghe uscite di pesca. Il <a href=\"https:\/\/hktackle.com\/it\/guida-ai-mulinelli-da-pesca\/\"><strong data-start=\"2299\" data-end=\"2324\">migliori mulinelli baitcaster<\/strong><\/a> sono dotati di manici ergonomici e impugnature regolabili per una vestibilit\u00e0 comoda.<\/p>\n<\/li>\n<\/ul>\n<p data-start=\"2398\" data-end=\"2551\">Che tu stia mirando a catturare pesci di lusso nei laghi o combattendo grandi pesci d'acqua salata, questi mulinelli sono progettati per i pescatori che richiedono precisione, velocit\u00e0 e durabilit\u00e0.<\/p>\n<hr data-start=\"2553\" data-end=\"2556\" \/>\n<h3 data-start=\"2558\" data-end=\"2627\"><strong data-start=\"2563\" data-end=\"2627\">Mulinelli da Baitcasting in Acqua Salata \u2013 Progettati per Condizioni Dure<\/strong><\/h3>\n<p data-start=\"2629\" data-end=\"2897\">La pesca in acque salate presenta le sue sfide, e utilizzare la giusta bobina \u00e8 essenziale per il successo. <strong data-start=\"2737\" data-end=\"2768\">Mulini da pesca a tamburo per acqua salata<\/strong> sono progettate per resistere all'ardua ambiente marino, caratterizzate da materiali resistenti alla corrosione e tecnologia di sigillatura avanzata.<\/p>\n<h3 data-start=\"2899\" data-end=\"2956\">Caratteristiche dei migliori <strong data-start=\"2924\" data-end=\"2955\">Reel da Baitcasting per Acqua Salata<\/strong>:<\/h3>\n<ul data-start=\"2957\" data-end=\"3459\">\n<li data-start=\"2957\" data-end=\"3127\">\n<p data-start=\"2959\" data-end=\"3127\"><strong data-start=\"2959\" data-end=\"2992\">Materiali Resistenti alla Corrosione<\/strong>Il corpo e il rocchetto sono tipicamente realizzati in acciaio inossidabile, alluminio o materiali compositi di alta qualit\u00e0 che resistono ai danni causati dall'acqua salata.<\/p>\n<\/li>\n<li data-start=\"3128\" data-end=\"3280\">\n<p data-start=\"3130\" data-end=\"3280\"><strong data-start=\"3130\" data-end=\"3161\">Tecnologia Avanzata di Sigillatura<\/strong>: Mantiene l'acqua salata e i detriti fuori dai meccanismi interni del mulinello, garantendo un funzionamento fluido anche in condizioni difficili.<\/p>\n<\/li>\n<li data-start=\"3281\" data-end=\"3459\">\n<p data-start=\"3283\" data-end=\"3459\"><strong data-start=\"3283\" data-end=\"3308\">Sistemi di trazione potenti<\/strong>Il sistema di trascinamento in <strong data-start=\"3329\" data-end=\"3360\">reels da baitcasting per acqua salata<\/strong> \u00e8 progettato per gestire pesci grandi e potenti, permettendoti di mantenere il controllo anche in acque agitate.<\/p>\n<\/li>\n<\/ul>\n<hr data-start=\"3461\" data-end=\"3464\" \/>\n<h2 data-start=\"3466\" data-end=\"3536\"><strong data-start=\"3471\" data-end=\"3536\">\u00a0Perch\u00e9 scegliere un mulinello a baitcaster per le tue avventure di pesca?<\/strong><\/h2>\n<p><img loading=\"lazy\" decoding=\"async\" class=\"alignnone wp-image-1624\" src=\"https:\/\/hktackle.com\/wp-content\/uploads\/2025\/11\/saltwater-lures-2-1024x440.jpg\" alt=\"miglior mulinello da pesca a baitcast\" width=\"749\" height=\"322\" title=\"\" srcset=\"https:\/\/hktackle.com\/wp-content\/uploads\/2025\/11\/saltwater-lures-2-1024x440.jpg 1024w, https:\/\/hktackle.com\/wp-content\/uploads\/2025\/11\/saltwater-lures-2-300x129.jpg 300w, https:\/\/hktackle.com\/wp-content\/uploads\/2025\/11\/saltwater-lures-2-768x330.jpg 768w, https:\/\/hktackle.com\/wp-content\/uploads\/2025\/11\/saltwater-lures-2-1536x659.jpg 1536w, https:\/\/hktackle.com\/wp-content\/uploads\/2025\/11\/saltwater-lures-2-2048x879.jpg 2048w, https:\/\/hktackle.com\/wp-content\/uploads\/2025\/11\/saltwater-lures-2-600x258.jpg 600w\" sizes=\"auto, (max-width: 749px) 100vw, 749px\" \/><\/p>\n<p data-start=\"3538\" data-end=\"3848\">A <strong data-start=\"3540\" data-end=\"3559\">mulinello baitcaster<\/strong> \u00e8 un favorito tra molti pescatori per il suo controllo e potenza, specialmente quando si pesca in condizioni difficili. Che tu stia lanciando in folta vegetazione o cercando di coprire una vasta area d'acqua, <strong data-start=\"3758\" data-end=\"3778\">mulinelli baitcaster<\/strong> permettere una gestione delle linee eccellente e lanci precisi a lunga distanza.<\/p>\n<p data-start=\"3850\" data-end=\"3889\"><strong data-start=\"3850\" data-end=\"3888\">Vantaggi chiave delle bobine baitcaster<\/strong>:<\/p>\n<ul data-start=\"3890\" data-end=\"4372\">\n<li data-start=\"3890\" data-end=\"4069\">\n<p data-start=\"3892\" data-end=\"4069\"><strong data-start=\"3892\" data-end=\"3912\">Precisione di Fusione<\/strong>: A differenza dei mulinelli a rotazione, <a href=\"https:\/\/hktackle.com\/it\/introduzione-del-prodotto\/cose-un-mulinello-da-pesca-a-baitcasting\/\"><strong data-start=\"3937\" data-end=\"3957\">mulinelli baitcaster<\/strong> <\/a>consentire un'accurata gettata, ideale per posizionare esche in luoghi specifici come coperture strette o attorno a strutture.<\/p>\n<\/li>\n<li data-start=\"4070\" data-end=\"4206\">\n<p data-start=\"4072\" data-end=\"4206\"><strong data-start=\"4072\" data-end=\"4094\">Potenza e Forza<\/strong>I rapporti di trasmissione elevati e i potenti sistemi di freno forniscono ai pescatori gli strumenti necessari per recuperare pesci pesanti.<\/p>\n<\/li>\n<li data-start=\"4207\" data-end=\"4372\">\n<p data-start=\"4209\" data-end=\"4372\"><strong data-start=\"4209\" data-end=\"4232\">Migliore Controllo delle Linee<\/strong>: <strong data-start=\"4234\" data-end=\"4255\">Mulinelli a baitcasting<\/strong> offrire un migliore controllo della linea, riducendo la probabilit\u00e0 di grovigli e garantendo che l'esca rimanga in acqua pi\u00f9 a lungo.<\/p>\n<\/li>\n<\/ul>\n<hr data-start=\"4374\" data-end=\"4377\" \/>\n<h2 data-start=\"4379\" data-end=\"4439\"><strong data-start=\"4384\" data-end=\"4439\">Scelta del Giusto Gear da Baitcast per le Tue Necessit\u00e0<\/strong><\/h2>\n<p data-start=\"4441\" data-end=\"4665\">Diverse condizioni di pesca richiedono diversi mulinelli, e trovare il giusto <strong data-start=\"4517\" data-end=\"4537\">mulinello baitcasting<\/strong> per il lavoro pu\u00f2 fare tutta la differenza. Ecco una guida per scegliere il mulinello perfetto per ambienti d'acqua dolce e salata:<\/p>\n<ol data-start=\"4667\" data-end=\"5128\">\n<li data-start=\"4667\" data-end=\"4884\">\n<p data-start=\"4670\" data-end=\"4884\"><strong data-start=\"4670\" data-end=\"4696\">Per la Pesca in Acque Dolci<\/strong>: Scegli un <strong data-start=\"4707\" data-end=\"4726\">mulinello baitcaster<\/strong> con un rapporto di trasmissione pi\u00f9 elevato per un recupero pi\u00f9 veloce e materiali pi\u00f9 leggeri per una gestione pi\u00f9 facile. Queste bobine sono ideali per il branzino, la trota e altre specie d'acqua dolce.<\/p>\n<\/li>\n<li data-start=\"4885\" data-end=\"5128\">\n<p data-start=\"4888\" data-end=\"5128\"><strong data-start=\"4888\" data-end=\"4913\">Per la pesca in acqua salata<\/strong>Opta per <strong data-start=\"4923\" data-end=\"4954\">reels da baitcasting per acqua salata<\/strong> che sono progettati con componenti resistenti alla corrosione e un potente sistema di freno. Questi mulinelli sono costruiti per gestire i pesci pi\u00f9 grandi e forti che potresti incontrare nell'oceano.<\/p>\n<\/li>\n<\/ol>\n<hr data-start=\"5130\" data-end=\"5133\" \/>\n<h2 data-start=\"5135\" data-end=\"5180\"><strong data-start=\"5140\" data-end=\"5180\">\u00a0Domande Frequenti (FAQ)<\/strong><\/h2>\n<p data-start=\"5182\" data-end=\"5464\"><strong data-start=\"5182\" data-end=\"5259\">Q1: Qual \u00e8 la differenza tra un mulinello a baitcasting e un mulinello a spinning?<\/strong><br data-start=\"5259\" data-end=\"5262\" \/>A: <strong data-start=\"5265\" data-end=\"5285\">Mulinelli baitcaster<\/strong> offrire maggiore precisione e controllo, mentre <strong data-start=\"5327\" data-end=\"5345\">vincitori rotanti<\/strong> sono pi\u00f9 facili da usare per i principianti. <strong data-start=\"5379\" data-end=\"5394\">Baitcaster<\/strong> sono preferiti per pescatori pi\u00f9 esperti e per la pesca di precisione.<\/p>\n<p data-start=\"5466\" data-end=\"5737\"><strong data-start=\"5466\" data-end=\"5515\">Q2: Posso utilizzare una bobina baitcaster in acqua salata?<\/strong><br data-start=\"5515\" data-end=\"5518\" \/>A: S\u00ec, <strong data-start=\"5526\" data-end=\"5557\">reels da baitcasting per acqua salata<\/strong> sono specificamente progettati per l'ambiente corrosivo dell'acqua salata. Presentano materiali resistenti alla corrosione e sono costruiti per resistere alle dure condizioni della pesca in acqua salata.<\/p>\n<p data-start=\"5739\" data-end=\"6003\"><strong data-start=\"5739\" data-end=\"5803\">Q3: Quale dimensione di mulinello baitcaster dovrei usare per la pesca al black bass?<\/strong><br data-start=\"5803\" data-end=\"5806\" \/>A: Per la pesca del branzino, un <strong data-start=\"5829\" data-end=\"5848\">mulinello baitcaster<\/strong> con un rapporto di trasmissione tra 6:1 e 7:1 \u00e8 ideale per la maggior parte delle situazioni. Offre un buon equilibrio tra potenza e velocit\u00e0 sia per la pesca in acque basse che in acque profonde.<\/p>\n<hr data-start=\"6005\" data-end=\"6008\" \/>\n<h1 data-start=\"6010\" data-end=\"6070\"><strong data-start=\"6015\" data-end=\"6070\">Ordina oggi il tuo mulinello da pesca a baitcast perfetto!<\/strong><\/h1>\n<p data-start=\"6072\" data-end=\"6370\">Se sei pronto a vivere la potenza e la precisione del <strong data-start=\"6133\" data-end=\"6164\">migliori mulinelli da pesca baitcast<\/strong>, ordina da HK Tackle oggi. Che tu abbia bisogno di un <strong data-start=\"6213\" data-end=\"6232\">mulinello baitcaster<\/strong> per la pesca del persico d'acqua dolce o un <strong data-start=\"6266\" data-end=\"6296\">mulinello da pesca a leva in acqua salata<\/strong> per l'oceano aperto, abbiamo il mulinello perfetto per abbinarsi al tuo stile di pesca.<\/p>\n<p data-start=\"6072\" data-end=\"6370\"><div class=\"wpforms-container\" id=\"wpforms-564\"><form id=\"wpforms-form-564\" class=\"wpforms-validate wpforms-form wpforms-ajax-form\" data-formid=\"564\" method=\"post\" enctype=\"multipart\/form-data\" action=\"\/it\/wp-json\/wp\/v2\/product\/1786\" data-token=\"3a27290115edac4e9507e4eda9c9e8f3\" data-token-time=\"1776509642\" data-trp-original-action=\"\/it\/wp-json\/wp\/v2\/product\/1786\"><div class=\"wpforms-head-container\"><div class=\"wpforms-title\">Richiesta di preventivo<\/div><\/div><noscript class=\"wpforms-error-noscript\">Abilita JavaScript nel browser per completare questo modulo.<\/noscript><div class=\"wpforms-field-container\">\t\t<div id=\"wpforms-564-field_7-container\"\n\t\t\tclass=\"wpforms-field wpforms-field-text\"\n\t\t\tdata-field-type=\"text\"\n\t\t\tdata-field-id=\"7\"\n\t\t\t>\n\t\t\t<label class=\"wpforms-field-label\" for=\"wpforms-564-field_7\" >Richiesta di informazioni Pagina Whatsapp Email<\/label>\n\t\t\t<input type=\"text\" id=\"wpforms-564-field_7\" class=\"wpforms-field-medium\" name=\"wpforms[fields][7]\" >\n\t\t<\/div>\n\t\t<div id=\"wpforms-564-field_1-container\" class=\"wpforms-field wpforms-field-name\" data-field-id=\"1\"><label class=\"wpforms-field-label wpforms-label-hide\" for=\"wpforms-564-field_1\">Nome <span class=\"wpforms-required-label\">*<\/span><\/label><input type=\"text\" id=\"wpforms-564-field_1\" class=\"wpforms-field-medium wpforms-field-required\" name=\"wpforms[fields][1]\" placeholder=\"Nome\" required><\/div><div id=\"wpforms-564-field_2-container\" class=\"wpforms-field wpforms-field-name\" data-field-id=\"2\"><label class=\"wpforms-field-label wpforms-label-hide\" for=\"wpforms-564-field_2\">Whatsapp <span class=\"wpforms-required-label\">*<\/span><\/label><input type=\"text\" id=\"wpforms-564-field_2\" class=\"wpforms-field-medium wpforms-field-required\" name=\"wpforms[fields][2]\" placeholder=\"WhatsApp\" required><\/div><div id=\"wpforms-564-field_4-container\" class=\"wpforms-field wpforms-field-name\" data-field-id=\"4\"><label class=\"wpforms-field-label wpforms-label-hide\" for=\"wpforms-564-field_4\">Email <span class=\"wpforms-required-label\">*<\/span><\/label><input type=\"text\" id=\"wpforms-564-field_4\" class=\"wpforms-field-medium wpforms-field-required\" name=\"wpforms[fields][4]\" placeholder=\"Email\" required><\/div><div id=\"wpforms-564-field_3-container\" class=\"wpforms-field wpforms-field-name\" data-field-id=\"3\"><label class=\"wpforms-field-label wpforms-label-hide\" for=\"wpforms-564-field_3\">Richiesta <span class=\"wpforms-required-label\">*<\/span><\/label><input type=\"text\" id=\"wpforms-564-field_3\" class=\"wpforms-field-medium wpforms-field-required\" name=\"wpforms[fields][3]\" placeholder=\"quale prodotto ti serve\" required><\/div><div id=\"wpforms-564-field_5-container\" class=\"wpforms-field wpforms-field-hidden\" data-field-id=\"5\"><input type=\"hidden\" id=\"wpforms-564-field_5\" name=\"wpforms[fields][5]\" value=\"216.73.216.42\"><\/div><div id=\"wpforms-564-field_6-container\" class=\"wpforms-field wpforms-field-hidden\" data-field-id=\"6\"><input type=\"hidden\" id=\"wpforms-564-field_6\" name=\"wpforms[fields][6]\" value=\"https:\/\/hktackle.com\/it\/wp-json\/wp\/v2\/product\/1786\"><\/div><script>\n\t\t\t\t( function() {\n\t\t\t\t\tconst style = document.createElement( 'style' );\n\t\t\t\t\tstyle.appendChild( document.createTextNode( '#wpforms-564-field_7-container { position: absolute !important; overflow: hidden !important; display: inline !important; height: 1px !important; width: 1px !important; z-index: -1000 !important; padding: 0 !important; } #wpforms-564-field_7-container input { visibility: hidden; } #wpforms-conversational-form-page #wpforms-564-field_7-container label { counter-increment: none; }' ) );\n\t\t\t\t\tdocument.head.appendChild( style );\n\t\t\t\t\tdocument.currentScript?.remove();\n\t\t\t\t} )();\n\t\t\t<\/script><\/div><!-- .wpforms-field-container --><div class=\"wpforms-submit-container\" ><input type=\"hidden\" name=\"wpforms[id]\" value=\"564\"><input type=\"hidden\" name=\"page_title\" value=\"\"><input type=\"hidden\" name=\"page_url\" value=\"https:\/\/hktackle.com\/it\/wp-json\/wp\/v2\/product\/1786\"><input type=\"hidden\" name=\"url_referer\" value=\"\"><button type=\"submit\" name=\"wpforms[submit]\" id=\"wpforms-submit-564\" class=\"wpforms-submit\" data-alt-text=\"Sending\" data-submit-text=\"Summit\" aria-live=\"assertive\" value=\"wpforms-submit\">Vertice<\/button><img loading=\"lazy\" decoding=\"async\" src=\"https:\/\/hktackle.com\/wp-content\/plugins\/wpforms\/assets\/images\/submit-spin.svg\" class=\"wpforms-submit-spinner\" style=\"display: none;\" width=\"26\" height=\"26\" alt=\"Loading\" title=\"\"><\/div><input type=\"hidden\" name=\"trp-form-language\" value=\"it\"\/><\/form><\/div>  <!-- .wpforms-container --><\/p>\n<div id=\"gtx-trans\" style=\"position: absolute; left: 348px; top: 2117.95px;\">\n<div class=\"gtx-trans-icon\"><\/div>\n<\/div>","protected":false},"excerpt":{"rendered":"<div class=\"image-container\">\n<p>Scopri il <strong data-start=\"732\" data-end=\"763\">migliori mulinelli da pesca baitcast<\/strong> at HK Tackle. La nostra selezione include i migliori <strong data-start=\"809\" data-end=\"829\">mulinelli baitcaster<\/strong> per entrambi acqua dolce e <strong data-start=\"854\" data-end=\"885\">reels da baitcasting per acqua salata<\/strong>, progettato per massima precisione e potenza. Perfetto per i pescatori che cercano controllo e prestazioni in ogni lancio.<\/p>\n<\/div>\n<div class=\"wp-block-stackable-button stk-block-button popmake-1340 stk-block stk-13b8711 popmake-1340\" data-block-id=\"13b8711\">\n<style>.stk-13b8711 {min-height:var(--stk--preset--block-height--x-small, 4rem) !important;padding-top:var(--stk--preset--spacing--none, 0px) !important;padding-right:var(--stk--preset--spacing--none, 0px) !important;padding-bottom:var(--stk--preset--spacing--none, 0px) !important;padding-left:var(--stk--preset--spacing--none, 0px) !important;}.stk-13b8711 .stk-button{min-height:36px !important;padding-top:var(--stk--preset--spacing--40, 1rem) !important;padding-right:33px !important;padding-bottom:var(--stk--preset--spacing--40, 1rem) !important;background:#2db2eb !important;border-top-left-radius:var(--stk--preset--border-radius--small, 4px) !important;border-top-right-radius:var(--stk--preset--border-radius--small, 4px) !important;border-bottom-right-radius:var(--stk--preset--border-radius--small, 4px) !important;border-bottom-left-radius:var(--stk--preset--border-radius--small, 4px) !important;}.stk-13b8711 .stk-button__inner-text{color:#fffffe !important;}<\/style>\n<p><a class=\"stk-link stk-button stk--hover-effect-lift-scale-more\"><span class=\"has-text-color stk-button__inner-text\">Richiedi un preventivo <\/span><\/a><\/p>\n<\/div>","protected":false},"featured_media":1245,"template":"","meta":[],"product_brand":[],"product_cat":[23],"product_tag":[],"class_list":{"0":"post-1786","1":"product","2":"type-product","3":"status-publish","4":"has-post-thumbnail","6":"product_cat-reels","8":"first","9":"instock","10":"shipping-taxable","11":"product-type-simple"},"_links":{"self":[{"href":"https:\/\/hktackle.com\/it\/wp-json\/wp\/v2\/product\/1786","targetHints":{"allow":["GET"]}}],"collection":[{"href":"https:\/\/hktackle.com\/it\/wp-json\/wp\/v2\/product"}],"about":[{"href":"https:\/\/hktackle.com\/it\/wp-json\/wp\/v2\/types\/product"}],"wp:featuredmedia":[{"embeddable":true,"href":"https:\/\/hktackle.com\/it\/wp-json\/wp\/v2\/media\/1245"}],"wp:attachment":[{"href":"https:\/\/hktackle.com\/it\/wp-json\/wp\/v2\/media?parent=1786"}],"wp:term":[{"taxonomy":"product_brand","embeddable":true,"href":"https:\/\/hktackle.com\/it\/wp-json\/wp\/v2\/product_brand?post=1786"},{"taxonomy":"product_cat","embeddable":true,"href":"https:\/\/hktackle.com\/it\/wp-json\/wp\/v2\/product_cat?post=1786"},{"taxonomy":"product_tag","embeddable":true,"href":"https:\/\/hktackle.com\/it\/wp-json\/wp\/v2\/product_tag?post=1786"}],"curies":[{"name":"wp","href":"https:\/\/api.w.org\/{rel}","templated":true}]}}