{"id":1795,"date":"2025-11-12T05:01:22","date_gmt":"2025-11-12T05:01:22","guid":{"rendered":"https:\/\/hktackle.com\/?post_type=product&#038;p=1795"},"modified":"2025-11-17T05:30:24","modified_gmt":"2025-11-17T05:30:24","slug":"combo-di-canne-e-mulinelli-baitcast","status":"publish","type":"product","link":"https:\/\/hktackle.com\/it\/prodotto\/combo-di-canne-e-mulinelli-baitcast","title":{"rendered":"Combo di canne Baitcast Premium \u2013 Prestazioni di precisione per pescatori"},"content":{"rendered":"<h1 data-start=\"132\" data-end=\"223\">Combo di canne Baitcast Premium \u2013 Prestazioni di precisione per pescatori<\/h1>\n<p><img loading=\"lazy\" decoding=\"async\" class=\"alignnone wp-image-1788\" src=\"https:\/\/hktackle.com\/wp-content\/uploads\/2025\/11\/baitcast-reels-rods-2.jpg\" alt=\"mulinelli e canne da baitcast\" width=\"548\" height=\"548\" title=\"\" srcset=\"https:\/\/hktackle.com\/wp-content\/uploads\/2025\/11\/baitcast-reels-rods-2.jpg 800w, https:\/\/hktackle.com\/wp-content\/uploads\/2025\/11\/baitcast-reels-rods-2-300x300.jpg 300w, https:\/\/hktackle.com\/wp-content\/uploads\/2025\/11\/baitcast-reels-rods-2-150x150.jpg 150w, https:\/\/hktackle.com\/wp-content\/uploads\/2025\/11\/baitcast-reels-rods-2-768x768.jpg 768w, https:\/\/hktackle.com\/wp-content\/uploads\/2025\/11\/baitcast-reels-rods-2-600x600.jpg 600w\" sizes=\"auto, (max-width: 548px) 100vw, 548px\" \/><\/p>\n<p data-start=\"256\" data-end=\"698\">Il <strong data-start=\"260\" data-end=\"301\">Premium <a href=\"http:\/\/hktackle.com\/it\/\">Baitcast Reels aste<\/a> Combo<\/strong> from HK Tackle offre agli angler un perfetto equilibrio tra prestazioni, durata e comfort. Progettato per la pesca professionale e ricreativa, questo combo \u00e8 costruito per resistere alle condizioni pi\u00f9 difficili mentre offre un'esperienza di pesca eccezionale. Che tu stia mirando a specie d'acqua dolce o affrontando giganti di acqua salata, questo combo baitcaster garantisce precisione, potenza e un funzionamento fluido.<\/p>\n<h4 data-start=\"700\" data-end=\"722\"><img loading=\"lazy\" decoding=\"async\" class=\"alignnone wp-image-1793\" src=\"https:\/\/hktackle.com\/wp-content\/uploads\/2025\/11\/baitcast-reels-rods-7.jpg\" alt=\"canna e mulinelli da baitcaster\" width=\"426\" height=\"399\" title=\"\" srcset=\"https:\/\/hktackle.com\/wp-content\/uploads\/2025\/11\/baitcast-reels-rods-7.jpg 720w, https:\/\/hktackle.com\/wp-content\/uploads\/2025\/11\/baitcast-reels-rods-7-300x281.jpg 300w, https:\/\/hktackle.com\/wp-content\/uploads\/2025\/11\/baitcast-reels-rods-7-600x563.jpg 600w\" sizes=\"auto, (max-width: 426px) 100vw, 426px\" \/><img loading=\"lazy\" decoding=\"async\" class=\"alignnone wp-image-1792\" src=\"https:\/\/hktackle.com\/wp-content\/uploads\/2025\/11\/baitcast-reels-rods-6.jpg\" alt=\"canna e mulinello combo baitcaster\" width=\"468\" height=\"399\" title=\"\" srcset=\"https:\/\/hktackle.com\/wp-content\/uploads\/2025\/11\/baitcast-reels-rods-6.jpg 750w, https:\/\/hktackle.com\/wp-content\/uploads\/2025\/11\/baitcast-reels-rods-6-300x256.jpg 300w, https:\/\/hktackle.com\/wp-content\/uploads\/2025\/11\/baitcast-reels-rods-6-600x511.jpg 600w\" sizes=\"auto, (max-width: 468px) 100vw, 468px\" \/><\/h4>\n<p>&nbsp;<\/p>\n<h4 data-start=\"700\" data-end=\"722\"><strong data-start=\"705\" data-end=\"722\">Caratteristiche principali delle canne da pesca a baitcast:<\/strong><\/h4>\n<ol data-start=\"724\" data-end=\"3380\">\n<li data-start=\"724\" data-end=\"1383\">\n<p data-start=\"727\" data-end=\"764\"><strong data-start=\"727\" data-end=\"764\">Baitcaster Reel ad alte prestazioni:<\/strong><\/p>\n<ul data-start=\"768\" data-end=\"1383\">\n<li data-start=\"768\" data-end=\"1032\">\n<p data-start=\"770\" data-end=\"1032\">Il mulinello baitcasting in questo combo \u00e8 progettato con materiali avanzati e tecnologia all'avanguardia per garantire prestazioni durature. Presenta un sistema di frizione fluido che consente un miglior controllo sul tuo pesce, riducendo il rischio di rottura della linea o grovigli.<\/p>\n<\/li>\n<li data-start=\"1036\" data-end=\"1196\">\n<p data-start=\"1038\" data-end=\"1196\"><strong data-start=\"1038\" data-end=\"1052\">Rapporto di Trasmissione<\/strong>Il rapporto di gear elevato del mulinello consente un recupero veloce, rendendolo ideale per la pesca ad alta velocit\u00e0 e riducendo il tempo necessario per recuperare il tuo pescato.<\/p>\n<\/li>\n<li data-start=\"1200\" data-end=\"1383\">\n<p data-start=\"1202\" data-end=\"1383\"><strong data-start=\"1202\" data-end=\"1216\">Durabilit\u00e0<\/strong>Il tamburo \u00e8 costruito con componenti resistenti alla corrosione, garantendo che funzioni sia in ambienti di acqua dolce che salata senza compromettere la resistenza.<\/p>\n<\/li>\n<\/ul>\n<\/li>\n<li data-start=\"1385\" data-end=\"2043\">\n<p data-start=\"1388\" data-end=\"1430\"><strong data-start=\"1388\" data-end=\"1430\">Mulinello da pesca leggero e robusto:<\/strong><\/p>\n<ul data-start=\"1434\" data-end=\"2043\">\n<li data-start=\"1434\" data-end=\"1639\">\n<p data-start=\"1436\" data-end=\"1639\">Realizzato in fibra di carbonio di alta qualit\u00e0, la canna offre un perfetto equilibrio tra resistenza e flessibilit\u00e0. Fornisce un'eccellente sensibilit\u00e0 per rilevare le mangiate pur essendo abbastanza robusta da gestire pesci di grandi dimensioni.<\/p>\n<\/li>\n<li data-start=\"1643\" data-end=\"1852\">\n<p data-start=\"1645\" data-end=\"1852\"><strong data-start=\"1645\" data-end=\"1665\">Lunghezza e Potenza<\/strong>Con una variet\u00e0 di lunghezze e potenze, questa canna baitcaster ti consente di scegliere l'attrezzatura perfetta per il tuo stile di pesca, sia che tu stia lanciando in acque aperte o lungo le sponde.<\/p>\n<\/li>\n<li data-start=\"1856\" data-end=\"2043\">\n<p data-start=\"1858\" data-end=\"2043\"><strong data-start=\"1858\" data-end=\"1878\">Impugnatura Confortevole<\/strong>Il manico ergonomico assicura che le tue mani rimangano comode durante lunghe sessioni di pesca, prevenendo l'affaticamento e garantendo una presa sicura anche in condizioni di bagnato.<img loading=\"lazy\" decoding=\"async\" class=\"alignnone wp-image-1794\" src=\"https:\/\/hktackle.com\/wp-content\/uploads\/2025\/11\/baitcast-reels-rods-8.jpg\" alt=\"canna e mulinelli da baitcaster\" width=\"609\" height=\"330\" title=\"\" srcset=\"https:\/\/hktackle.com\/wp-content\/uploads\/2025\/11\/baitcast-reels-rods-8.jpg 891w, https:\/\/hktackle.com\/wp-content\/uploads\/2025\/11\/baitcast-reels-rods-8-300x163.jpg 300w, https:\/\/hktackle.com\/wp-content\/uploads\/2025\/11\/baitcast-reels-rods-8-768x416.jpg 768w, https:\/\/hktackle.com\/wp-content\/uploads\/2025\/11\/baitcast-reels-rods-8-600x325.jpg 600w\" sizes=\"auto, (max-width: 609px) 100vw, 609px\" \/><\/p>\n<\/li>\n<\/ul>\n<\/li>\n<li data-start=\"2045\" data-end=\"2483\">\n<p data-start=\"2048\" data-end=\"2070\"><strong data-start=\"2048\" data-end=\"2070\">Precision Casting:<\/strong><\/p>\n<ul data-start=\"2074\" data-end=\"2483\">\n<li data-start=\"2074\" data-end=\"2310\">\n<p data-start=\"2076\" data-end=\"2310\">Il design del baitcaster \u00e8 ideale per lanci precisi, consentendoti di posizionare l'esca esattamente dove desideri. Che tu stia pescando persici, lucci o qualsiasi altra specie bersaglio, questo combo ti offre il controllo e la precisione di cui hai bisogno.<\/p>\n<\/li>\n<li data-start=\"2314\" data-end=\"2483\">\n<p data-start=\"2316\" data-end=\"2483\"><strong data-start=\"2316\" data-end=\"2333\">Capacit\u00e0 di linea<\/strong>Dotato di una generosa capacit\u00e0 di linea, questo combo pu\u00f2 gestire sia linee leggere che pesanti, assicurando che tu possa affrontare diverse condizioni di pesca.<\/p>\n<\/li>\n<\/ul>\n<\/li>\n<li data-start=\"2485\" data-end=\"2805\">\n<p data-start=\"2488\" data-end=\"2527\"><strong data-start=\"2488\" data-end=\"2527\">Utilizzo versatile per tutti i livelli di abilit\u00e0:<\/strong><\/p>\n<ul data-start=\"2531\" data-end=\"2805\">\n<li data-start=\"2531\" data-end=\"2805\">\n<p data-start=\"2533\" data-end=\"2805\">Che tu sia un principiante o un pescatore esperto, il <a href=\"https:\/\/hktackle.com\/it\/guida-alle-canne-da-pesca\/\"><strong data-start=\"2589\" data-end=\"2622\">canna e mulinello combo baitcaster<\/strong><\/a> \u00e8 facile da usare e offre un'esperienza di pesca eccezionale. \u00c8 abbastanza versatile da essere utilizzato per una variet\u00e0 di tecniche di pesca, tra cui il traina, la pesca di fondo e il lancio.<\/p>\n<\/li>\n<\/ul>\n<\/li>\n<li data-start=\"2807\" data-end=\"3066\">\n<p data-start=\"2810\" data-end=\"2842\"><strong data-start=\"2810\" data-end=\"2842\">Design elegante e durabilit\u00e0:<\/strong><\/p>\n<ul data-start=\"2846\" data-end=\"3066\">\n<li data-start=\"2846\" data-end=\"3066\">\n<p data-start=\"2848\" data-end=\"3066\">Il combo non \u00e8 solo funzionale ma anche elegante, con un design slanciato che si far\u00e0 notare sull'acqua. I materiali utilizzati sono progettati per resistere all'usura, offrendoti uno strumento affidabile per gli anni a venire.<\/p>\n<\/li>\n<\/ul>\n<\/li>\n<li data-start=\"3068\" data-end=\"3380\">\n<p data-start=\"3071\" data-end=\"3099\"><strong data-start=\"3071\" data-end=\"3099\">Ideale per acquisti B2B:<\/strong><\/p>\n<ul data-start=\"3103\" data-end=\"3380\">\n<li data-start=\"3103\" data-end=\"3380\">\n<p data-start=\"3105\" data-end=\"3380\">Come fornitore B2B, HK Tackle offre combo di canne e mulinelli da pesca di alta qualit\u00e0 per rivenditori, distributori e guide di pesca professionali. Gli ordini all'ingrosso possono essere personalizzati con il tuo marchio e consegnati in tempo, assicurandoti di soddisfare le esigenze dei tuoi clienti.<\/p>\n<\/li>\n<\/ul>\n<\/li>\n<\/ol>\n<h4 data-start=\"3382\" data-end=\"3444\"><strong data-start=\"3387\" data-end=\"3444\">Perch\u00e9 scegliere HK Tackle's <a href=\"https:\/\/hktackle.com\/it\/categoria-prodotto\/combinazione-di-barre\/\">Baitcaster canne e mulinelli<\/a> Combo?<\/strong><\/h4>\n<p><img loading=\"lazy\" decoding=\"async\" class=\"alignnone wp-image-1469\" src=\"https:\/\/hktackle.com\/wp-content\/uploads\/2025\/11\/HK-fishing-tackle.jpg\" alt=\"HK Attrezzature da Pesca\" width=\"546\" height=\"371\" title=\"\" srcset=\"https:\/\/hktackle.com\/wp-content\/uploads\/2025\/11\/HK-fishing-tackle.jpg 861w, https:\/\/hktackle.com\/wp-content\/uploads\/2025\/11\/HK-fishing-tackle-300x204.jpg 300w, https:\/\/hktackle.com\/wp-content\/uploads\/2025\/11\/HK-fishing-tackle-768x522.jpg 768w, https:\/\/hktackle.com\/wp-content\/uploads\/2025\/11\/HK-fishing-tackle-600x408.jpg 600w\" sizes=\"auto, (max-width: 546px) 100vw, 546px\" \/><\/p>\n<ul data-start=\"3446\" data-end=\"4022\">\n<li data-start=\"3446\" data-end=\"3718\">\n<p data-start=\"3448\" data-end=\"3718\"><strong data-start=\"3448\" data-end=\"3470\">Assicurazione della Qualit\u00e0:<\/strong> HK Tackle \u00e8 stato un nome di fiducia nel <a href=\"https:\/\/hktackle.com\/it\/guida-alle-canne-da-pesca\/\">industria dell'attrezzatura da pesca<\/a>, offrendo prodotti di alta qualit\u00e0 a prezzi competitivi. I nostri combo baitcaster sono progettati per prestazioni e durata, garantendo che tu e i tuoi clienti riceviate il miglior valore.<\/p>\n<\/li>\n<li data-start=\"3719\" data-end=\"3870\">\n<p data-start=\"3721\" data-end=\"3870\"><strong data-start=\"3721\" data-end=\"3745\">Ordini personalizzabili:<\/strong> Offriamo opzioni di acquisto all'ingrosso per le aziende, garantendo che tu possa rifornire il tuo negozio o evadere ordini rapidamente e senza problemi.<\/p>\n<\/li>\n<li data-start=\"3871\" data-end=\"4022\">\n<p data-start=\"3873\" data-end=\"4022\"><strong data-start=\"3873\" data-end=\"3893\">Spedizione Globale:<\/strong> Serviamo mercati internazionali con spedizioni e logistica affidabili, garantendo che i vostri ordini arrivino in tempo, ovunque voi siate.<\/p>\n<\/li>\n<\/ul>\n<div class=\"wpforms-container\" id=\"wpforms-564\"><form id=\"wpforms-form-564\" class=\"wpforms-validate wpforms-form wpforms-ajax-form\" data-formid=\"564\" method=\"post\" enctype=\"multipart\/form-data\" action=\"\/it\/wp-json\/wp\/v2\/product\/1795\" data-token=\"3a27290115edac4e9507e4eda9c9e8f3\" data-token-time=\"1776509679\" data-trp-original-action=\"\/it\/wp-json\/wp\/v2\/product\/1795\"><div class=\"wpforms-head-container\"><div class=\"wpforms-title\">Richiesta di preventivo<\/div><\/div><noscript class=\"wpforms-error-noscript\">Abilita JavaScript nel browser per completare questo modulo.<\/noscript><div class=\"wpforms-field-container\"><div id=\"wpforms-564-field_1-container\" class=\"wpforms-field wpforms-field-name\" data-field-id=\"1\"><label class=\"wpforms-field-label wpforms-label-hide\" for=\"wpforms-564-field_1\">Nome <span class=\"wpforms-required-label\">*<\/span><\/label><input type=\"text\" id=\"wpforms-564-field_1\" class=\"wpforms-field-medium wpforms-field-required\" name=\"wpforms[fields][1]\" placeholder=\"Nome\" required><\/div><div id=\"wpforms-564-field_2-container\" class=\"wpforms-field wpforms-field-name\" data-field-id=\"2\"><label class=\"wpforms-field-label wpforms-label-hide\" for=\"wpforms-564-field_2\">Whatsapp <span class=\"wpforms-required-label\">*<\/span><\/label><input type=\"text\" id=\"wpforms-564-field_2\" class=\"wpforms-field-medium wpforms-field-required\" name=\"wpforms[fields][2]\" placeholder=\"WhatsApp\" required><\/div>\t\t<div id=\"wpforms-564-field_7-container\"\n\t\t\tclass=\"wpforms-field wpforms-field-text\"\n\t\t\tdata-field-type=\"text\"\n\t\t\tdata-field-id=\"7\"\n\t\t\t>\n\t\t\t<label class=\"wpforms-field-label\" for=\"wpforms-564-field_7\" >Nome della pagina di richiesta Indirizzo IP del cliente<\/label>\n\t\t\t<input type=\"text\" id=\"wpforms-564-field_7\" class=\"wpforms-field-medium\" name=\"wpforms[fields][7]\" >\n\t\t<\/div>\n\t\t<div id=\"wpforms-564-field_4-container\" class=\"wpforms-field wpforms-field-name\" data-field-id=\"4\"><label class=\"wpforms-field-label wpforms-label-hide\" for=\"wpforms-564-field_4\">Email <span class=\"wpforms-required-label\">*<\/span><\/label><input type=\"text\" id=\"wpforms-564-field_4\" class=\"wpforms-field-medium wpforms-field-required\" name=\"wpforms[fields][4]\" placeholder=\"Email\" required><\/div><div id=\"wpforms-564-field_3-container\" class=\"wpforms-field wpforms-field-name\" data-field-id=\"3\"><label class=\"wpforms-field-label wpforms-label-hide\" for=\"wpforms-564-field_3\">Richiesta <span class=\"wpforms-required-label\">*<\/span><\/label><input type=\"text\" id=\"wpforms-564-field_3\" class=\"wpforms-field-medium wpforms-field-required\" name=\"wpforms[fields][3]\" placeholder=\"quale prodotto ti serve\" required><\/div><div id=\"wpforms-564-field_5-container\" class=\"wpforms-field wpforms-field-hidden\" data-field-id=\"5\"><input type=\"hidden\" id=\"wpforms-564-field_5\" name=\"wpforms[fields][5]\" value=\"216.73.216.42\"><\/div><div id=\"wpforms-564-field_6-container\" class=\"wpforms-field wpforms-field-hidden\" data-field-id=\"6\"><input type=\"hidden\" id=\"wpforms-564-field_6\" name=\"wpforms[fields][6]\" value=\"https:\/\/hktackle.com\/it\/wp-json\/wp\/v2\/product\/1795\"><\/div><script>\n\t\t\t\t( function() {\n\t\t\t\t\tconst style = document.createElement( 'style' );\n\t\t\t\t\tstyle.appendChild( document.createTextNode( '#wpforms-564-field_7-container { position: absolute !important; overflow: hidden !important; display: inline !important; height: 1px !important; width: 1px !important; z-index: -1000 !important; padding: 0 !important; } #wpforms-564-field_7-container input { visibility: hidden; } #wpforms-conversational-form-page #wpforms-564-field_7-container label { counter-increment: none; }' ) );\n\t\t\t\t\tdocument.head.appendChild( style );\n\t\t\t\t\tdocument.currentScript?.remove();\n\t\t\t\t} )();\n\t\t\t<\/script><\/div><!-- .wpforms-field-container --><div class=\"wpforms-submit-container\" ><input type=\"hidden\" name=\"wpforms[id]\" value=\"564\"><input type=\"hidden\" name=\"page_title\" value=\"\"><input type=\"hidden\" name=\"page_url\" value=\"https:\/\/hktackle.com\/it\/wp-json\/wp\/v2\/product\/1795\"><input type=\"hidden\" name=\"url_referer\" value=\"\"><button type=\"submit\" name=\"wpforms[submit]\" id=\"wpforms-submit-564\" class=\"wpforms-submit\" data-alt-text=\"Sending\" data-submit-text=\"Summit\" aria-live=\"assertive\" value=\"wpforms-submit\">Vertice<\/button><img loading=\"lazy\" decoding=\"async\" src=\"https:\/\/hktackle.com\/wp-content\/plugins\/wpforms\/assets\/images\/submit-spin.svg\" class=\"wpforms-submit-spinner\" style=\"display: none;\" width=\"26\" height=\"26\" alt=\"Loading\" title=\"\"><\/div><input type=\"hidden\" name=\"trp-form-language\" value=\"it\"\/><\/form><\/div>  <!-- .wpforms-container -->","protected":false},"excerpt":{"rendered":"<p>Eleva il tuo gioco di pesca con il <strong data-start=\"4506\" data-end=\"4547\">Combo di canna e mulinello Baitcaster Premium<\/strong> di HK Tackle. Progettato per precisione e durata, questo combo offre prestazioni imbattibili sia in ambienti di acqua dolce che salata. Ideale per tutti i livelli di abilit\u00e0, \u00e8 il tuo compagno perfetto per lanci precisi e recupero senza sforzo. Acquista ora il migliore nell'attrezzatura da pesca.<\/p>\n<div class=\"wp-block-stackable-button stk-block-button popmake-1340 stk-block stk-d95bae2 popmake-1340\" data-block-id=\"d95bae2\"><\/div>\n<div class=\"wp-block-stackable-button stk-block-button popmake-1340 stk-block stk-13b8711 popmake-1340\" data-block-id=\"13b8711\">\n<style>.stk-13b8711 {min-height:var(--stk--preset--block-height--x-small, 4rem) !important;padding-top:var(--stk--preset--spacing--none, 0px) !important;padding-right:var(--stk--preset--spacing--none, 0px) !important;padding-bottom:var(--stk--preset--spacing--none, 0px) !important;padding-left:var(--stk--preset--spacing--none, 0px) !important;}.stk-13b8711 .stk-button{min-height:36px !important;padding-top:var(--stk--preset--spacing--40, 1rem) !important;padding-right:33px !important;padding-bottom:var(--stk--preset--spacing--40, 1rem) !important;background:#2db2eb !important;border-top-left-radius:var(--stk--preset--border-radius--small, 4px) !important;border-top-right-radius:var(--stk--preset--border-radius--small, 4px) !important;border-bottom-right-radius:var(--stk--preset--border-radius--small, 4px) !important;border-bottom-left-radius:var(--stk--preset--border-radius--small, 4px) !important;}.stk-13b8711 .stk-button__inner-text{color:#fffffe !important;}<\/style>\n<p><a class=\"stk-link stk-button stk--hover-effect-lift-scale-more\"><span class=\"has-text-color stk-button__inner-text\">Richiedi un preventivo <\/span><\/a><\/p>\n<\/div>\n<div id=\"gtx-trans\" style=\"position: absolute; left: 1px; top: 76px;\">\n<div class=\"gtx-trans-icon\"><\/div>\n<\/div>","protected":false},"featured_media":1787,"template":"","meta":[],"product_brand":[30],"product_cat":[27],"product_tag":[],"class_list":{"0":"post-1795","1":"product","2":"type-product","3":"status-publish","4":"has-post-thumbnail","6":"product_brand-hk-tackle","7":"product_cat-online-shop","9":"first","10":"instock","11":"sale","12":"shipping-taxable","13":"purchasable","14":"product-type-simple"},"_links":{"self":[{"href":"https:\/\/hktackle.com\/it\/wp-json\/wp\/v2\/product\/1795","targetHints":{"allow":["GET"]}}],"collection":[{"href":"https:\/\/hktackle.com\/it\/wp-json\/wp\/v2\/product"}],"about":[{"href":"https:\/\/hktackle.com\/it\/wp-json\/wp\/v2\/types\/product"}],"wp:featuredmedia":[{"embeddable":true,"href":"https:\/\/hktackle.com\/it\/wp-json\/wp\/v2\/media\/1787"}],"wp:attachment":[{"href":"https:\/\/hktackle.com\/it\/wp-json\/wp\/v2\/media?parent=1795"}],"wp:term":[{"taxonomy":"product_brand","embeddable":true,"href":"https:\/\/hktackle.com\/it\/wp-json\/wp\/v2\/product_brand?post=1795"},{"taxonomy":"product_cat","embeddable":true,"href":"https:\/\/hktackle.com\/it\/wp-json\/wp\/v2\/product_cat?post=1795"},{"taxonomy":"product_tag","embeddable":true,"href":"https:\/\/hktackle.com\/it\/wp-json\/wp\/v2\/product_tag?post=1795"}],"curies":[{"name":"wp","href":"https:\/\/api.w.org\/{rel}","templated":true}]}}