{"id":1824,"date":"2025-11-13T04:12:17","date_gmt":"2025-11-13T04:12:17","guid":{"rendered":"https:\/\/hktackle.com\/?post_type=product&#038;p=1824"},"modified":"2025-12-02T15:08:26","modified_gmt":"2025-12-02T15:08:26","slug":"combo-di-canna-da-pesca-sul-ghiaccio-con-mulinello","status":"publish","type":"product","link":"https:\/\/hktackle.com\/it\/prodotto\/combo-di-canna-da-pesca-sul-ghiaccio-con-mulinello","title":{"rendered":"Combo Canne e Mulinello da Pesca su Ghiaccio Personalizzato \u2013 Attrezzatura Premium per Climi Freddi"},"content":{"rendered":"<h1 data-start=\"117\" data-end=\"200\">Combo Canne e Mulinello da Pesca su Ghiaccio Personalizzato \u2013 Attrezzatura Premium per Climi Freddi<\/h1>\n<p data-start=\"202\" data-end=\"231\"><img loading=\"lazy\" decoding=\"async\" class=\"alignnone wp-image-1821\" src=\"https:\/\/hktackle.com\/wp-content\/uploads\/2025\/11\/ice-fishing-rod-11-1.jpg\" alt=\"canna da pesca per il ghiaccio\" width=\"390\" height=\"390\" title=\"\" srcset=\"https:\/\/hktackle.com\/wp-content\/uploads\/2025\/11\/ice-fishing-rod-11-1.jpg 1000w, https:\/\/hktackle.com\/wp-content\/uploads\/2025\/11\/ice-fishing-rod-11-1-300x300.jpg 300w, https:\/\/hktackle.com\/wp-content\/uploads\/2025\/11\/ice-fishing-rod-11-1-150x150.jpg 150w, https:\/\/hktackle.com\/wp-content\/uploads\/2025\/11\/ice-fishing-rod-11-1-768x768.jpg 768w, https:\/\/hktackle.com\/wp-content\/uploads\/2025\/11\/ice-fishing-rod-11-1-600x600.jpg 600w\" sizes=\"auto, (max-width: 390px) 100vw, 390px\" \/><img loading=\"lazy\" decoding=\"async\" class=\"alignnone wp-image-1833\" src=\"https:\/\/hktackle.com\/wp-content\/uploads\/2025\/11\/ice-fishing-rod-22-1.jpg\" alt=\"canna da pesca per il ghiaccio e mulinello\" width=\"390\" height=\"390\" title=\"\" srcset=\"https:\/\/hktackle.com\/wp-content\/uploads\/2025\/11\/ice-fishing-rod-22-1.jpg 1000w, https:\/\/hktackle.com\/wp-content\/uploads\/2025\/11\/ice-fishing-rod-22-1-300x300.jpg 300w, https:\/\/hktackle.com\/wp-content\/uploads\/2025\/11\/ice-fishing-rod-22-1-150x150.jpg 150w, https:\/\/hktackle.com\/wp-content\/uploads\/2025\/11\/ice-fishing-rod-22-1-768x768.jpg 768w, https:\/\/hktackle.com\/wp-content\/uploads\/2025\/11\/ice-fishing-rod-22-1-600x600.jpg 600w\" sizes=\"auto, (max-width: 390px) 100vw, 390px\" \/><\/p>\n<p data-start=\"233\" data-end=\"687\">Il <strong data-start=\"237\" data-end=\"278\">Personalizzato <a href=\"https:\/\/hktackle.com\/it\/guida-alle-canne-da-pesca\/\">Canna da pesca sul ghiaccio<\/a> e Reel Combo<\/strong> from HK Tackle \u00e8 l'attrezzatura definitiva per i pescatori che amano la pesca sul ghiaccio nelle condizioni invernali pi\u00f9 rigide. Progettato per precisione e durata, questo combo \u00e8 costruito per resistere alle temperature pi\u00f9 fredde e offrire prestazioni superiori sul ghiaccio. Che tu sia un pescatore professionista sul ghiaccio o che stia appena iniziando, le nostre canne e mulinelli personalizzati per la pesca sul ghiaccio garantiscono che tu possa avere la migliore esperienza di pesca ogni volta.<\/p>\n<h2 data-start=\"689\" data-end=\"711\"><strong data-start=\"694\" data-end=\"711\">Caratteristiche principali della canna da pesca sul ghiaccio:<\/strong><\/h2>\n<p><img loading=\"lazy\" decoding=\"async\" class=\"alignnone wp-image-1820\" src=\"https:\/\/hktackle.com\/wp-content\/uploads\/2025\/11\/ice-fishing-rod-10-1.jpg\" alt=\"canna da pesca per il ghiaccio\" width=\"390\" height=\"390\" title=\"\" srcset=\"https:\/\/hktackle.com\/wp-content\/uploads\/2025\/11\/ice-fishing-rod-10-1.jpg 800w, https:\/\/hktackle.com\/wp-content\/uploads\/2025\/11\/ice-fishing-rod-10-1-300x300.jpg 300w, https:\/\/hktackle.com\/wp-content\/uploads\/2025\/11\/ice-fishing-rod-10-1-150x150.jpg 150w, https:\/\/hktackle.com\/wp-content\/uploads\/2025\/11\/ice-fishing-rod-10-1-768x768.jpg 768w, https:\/\/hktackle.com\/wp-content\/uploads\/2025\/11\/ice-fishing-rod-10-1-600x600.jpg 600w\" sizes=\"auto, (max-width: 390px) 100vw, 390px\" \/><img loading=\"lazy\" decoding=\"async\" class=\"alignnone wp-image-1812\" src=\"https:\/\/hktackle.com\/wp-content\/uploads\/2025\/11\/ice-fishing-rod-2-1.jpg\" alt=\"canne da pesca nel ghiaccio personalizzate\" width=\"390\" height=\"390\" title=\"\" srcset=\"https:\/\/hktackle.com\/wp-content\/uploads\/2025\/11\/ice-fishing-rod-2-1.jpg 800w, https:\/\/hktackle.com\/wp-content\/uploads\/2025\/11\/ice-fishing-rod-2-1-300x300.jpg 300w, https:\/\/hktackle.com\/wp-content\/uploads\/2025\/11\/ice-fishing-rod-2-1-150x150.jpg 150w, https:\/\/hktackle.com\/wp-content\/uploads\/2025\/11\/ice-fishing-rod-2-1-768x768.jpg 768w, https:\/\/hktackle.com\/wp-content\/uploads\/2025\/11\/ice-fishing-rod-2-1-600x600.jpg 600w\" sizes=\"auto, (max-width: 390px) 100vw, 390px\" \/><img loading=\"lazy\" decoding=\"async\" class=\"alignnone wp-image-1811\" src=\"https:\/\/hktackle.com\/wp-content\/uploads\/2025\/11\/ice-fishing-rod-1-1.jpg\" alt=\"portacaschi da pesca sul ghiaccio\" width=\"390\" height=\"390\" title=\"\" srcset=\"https:\/\/hktackle.com\/wp-content\/uploads\/2025\/11\/ice-fishing-rod-1-1.jpg 800w, https:\/\/hktackle.com\/wp-content\/uploads\/2025\/11\/ice-fishing-rod-1-1-300x300.jpg 300w, https:\/\/hktackle.com\/wp-content\/uploads\/2025\/11\/ice-fishing-rod-1-1-150x150.jpg 150w, https:\/\/hktackle.com\/wp-content\/uploads\/2025\/11\/ice-fishing-rod-1-1-768x768.jpg 768w, https:\/\/hktackle.com\/wp-content\/uploads\/2025\/11\/ice-fishing-rod-1-1-600x600.jpg 600w\" sizes=\"auto, (max-width: 390px) 100vw, 390px\" \/><\/p>\n<ol data-start=\"713\" data-end=\"4304\">\n<li data-start=\"713\" data-end=\"1611\">\n<h3 data-start=\"716\" data-end=\"749\"><strong data-start=\"716\" data-end=\"749\">Bastone da pesca sul ghiaccio personalizzabile:<\/strong><\/h3>\n<ul data-start=\"753\" data-end=\"1611\">\n<li data-start=\"753\" data-end=\"1092\">\n<p data-start=\"755\" data-end=\"1092\"><strong data-start=\"755\" data-end=\"781\">Su Misura per le Tue Esigenze<\/strong>: Il nostro <a href=\"https:\/\/hktackle.com\/it\/categoria-prodotto\/combinazione-di-barre\/\"><strong data-start=\"787\" data-end=\"814\">canne da pesca nel ghiaccio personalizzate<\/strong><\/a> sono progettati per soddisfare le tue specifiche esigenze di pesca. Scegli tra una variet\u00e0 di lunghezze, materiali e azioni delle canne per ottenere la canna perfetta per il tuo stile di pesca. Che tu preferisca una canna rigida per specie pi\u00f9 grandi o una canna pi\u00f9 flessibile per pesci di piccole dimensioni, abbiamo l'opzione giusta per te.<\/p>\n<\/li>\n<li data-start=\"1096\" data-end=\"1375\">\n<p data-start=\"1098\" data-end=\"1375\"><strong data-start=\"1098\" data-end=\"1119\">Materiali Premium<\/strong>Realizzati con materiali di alta qualit\u00e0 come il grafite e la fibra di vetro, le nostre canne personalizzate offrono un equilibrio tra sensibilit\u00e0 e resistenza. Questi materiali garantiscono che tu possa rilevare anche le bite pi\u00f9 leggere mantenendo la resistenza in condizioni di ghiaccio difficili.<\/p>\n<\/li>\n<li data-start=\"1379\" data-end=\"1611\">\n<p data-start=\"1381\" data-end=\"1611\"><strong data-start=\"1381\" data-end=\"1407\">Leggero e Forte<\/strong>Nonostante la loro robustezza, le canne sono leggere, garantendo comfort durante lunghe sessioni di pesca sul ghiaccio. Il design ergonomico riduce l'affaticamento delle mani e rende facile pescare per ore senza disagio.<\/p>\n<\/li>\n<\/ul>\n<\/li>\n<li data-start=\"1613\" data-end=\"2331\">\n<h3 data-start=\"1616\" data-end=\"1654\"><strong data-start=\"1616\" data-end=\"1654\">Reel da pesca su ghiaccio ad alte prestazioni:<\/strong><\/h3>\n<ul data-start=\"1658\" data-end=\"2331\">\n<li data-start=\"1658\" data-end=\"1841\">\n<p data-start=\"1660\" data-end=\"1841\">Il mulinello in questa combinazione \u00e8 progettato per prestazioni in condizioni di freddo. Dotato di un sistema di frizione fluido, previene il congelamento e garantisce un'operazione fluida anche a temperature sottozero.<\/p>\n<\/li>\n<li data-start=\"1845\" data-end=\"2095\">\n<p data-start=\"1847\" data-end=\"2095\"><strong data-start=\"1847\" data-end=\"1881\">Componenti Resistenti alla Corrosione<\/strong>Il mulinello \u00e8 dotato di componenti resistenti alla corrosione per garantire longevit\u00e0, anche in ambienti difficili e salini. Che tu stia pescando in acqua dolce o in condizioni di ghiaccio salato, il mulinello rimane affidabile e funzionale.<\/p>\n<\/li>\n<li data-start=\"2099\" data-end=\"2331\">\n<p data-start=\"2101\" data-end=\"2331\"><strong data-start=\"2101\" data-end=\"2125\">Controllo preciso del trascinamento<\/strong>Con impostazioni di frizione regolabili, il mulinello offre il pieno controllo sulle tue catture. Regola facilmente la tua frizione per diverse specie e tecniche di pesca, garantendo di poter gestire una vasta gamma di pesci con facilit\u00e0.<\/p>\n<\/li>\n<\/ul>\n<\/li>\n<li data-start=\"2333\" data-end=\"2817\">\n<h3 data-start=\"2336\" data-end=\"2363\"><strong data-start=\"2336\" data-end=\"2363\">Progettato per il freddo:<\/strong><\/h3>\n<ul data-start=\"2367\" data-end=\"2817\">\n<li data-start=\"2367\" data-end=\"2558\">\n<p data-start=\"2369\" data-end=\"2558\">La pesca nel ghiaccio richiede attrezzature specializzate in grado di resistere a temperature estreme. Il nostro combo \u00e8 progettato per resistere al congelamento e funzionare perfettamente nei pi\u00f9 rigidi ambienti invernali.<\/p>\n<\/li>\n<li data-start=\"2562\" data-end=\"2817\">\n<p data-start=\"2564\" data-end=\"2817\"><strong data-start=\"2564\" data-end=\"2593\">Materiali resistenti al gelo<\/strong>Sia la canna che il mulinello sono costruiti con materiali che resistono al congelamento, garantendo un funzionamento fluido anche a temperature di -20\u00b0F. L'impugnatura del mulinello e il grip della canna sono progettati per un facile utilizzo, anche con i guanti indossati.<\/p>\n<\/li>\n<\/ul>\n<\/li>\n<li data-start=\"2819\" data-end=\"3336\">\n<h3 data-start=\"2822\" data-end=\"2863\"><strong data-start=\"2822\" data-end=\"2863\">Maggiore sensibilit\u00e0 per la pesca sul ghiaccio:<\/strong><\/h3>\n<ul data-start=\"2867\" data-end=\"3336\">\n<li data-start=\"2867\" data-end=\"3149\">\n<p data-start=\"2869\" data-end=\"3149\">La pesca sul ghiaccio richiede spesso movimenti precisi e sottili, e i nostri <strong data-start=\"2934\" data-end=\"2954\">canna da pesca sul ghiaccio<\/strong> sono progettati con punte ultra-sensibili per aiutarti a rilevare le leggerezze degli abbocchi. La sensibilit\u00e0 garantisce che tu non perda alcuna opportunit\u00e0, anche quando i pesci stanno masticando leggermente l'esca.<\/p>\n<\/li>\n<li data-start=\"3153\" data-end=\"3336\">\n<p data-start=\"3155\" data-end=\"3336\"><strong data-start=\"3155\" data-end=\"3177\">Trasferimento delle vibrazioni<\/strong>La canna \u00e8 progettata per trasferire chiaramente le vibrazioni, permettendoti di percepire i movimenti dei pesci attraverso la punta della canna, anche nei buchi di ghiaccio pi\u00f9 freddi e profondi.<\/p>\n<\/li>\n<\/ul>\n<\/li>\n<li data-start=\"3338\" data-end=\"3832\">\n<h3 data-start=\"3341\" data-end=\"3372\"><strong data-start=\"3341\" data-end=\"3372\">Durabilit\u00e0 e Prestazioni:<\/strong><\/h3>\n<ul data-start=\"3376\" data-end=\"3832\">\n<li data-start=\"3376\" data-end=\"3621\">\n<p data-start=\"3378\" data-end=\"3621\">Progettato per le condizioni pi\u00f9 difficili, questo <strong data-start=\"3421\" data-end=\"3455\"><a href=\"https:\/\/hktackle.com\/it\/guida-alle-canne-da-pesca\/\">canna da pesca per il ghiaccio e mulinello<\/a> combo<\/strong> \u00e8 altamente resistente e costruito per durare. La costruzione di alta qualit\u00e0 garantisce che l'attrezzatura regga all'uso ripetuto, anche nei pi\u00f9 difficili ambienti di pesca su ghiaccio.<\/p>\n<\/li>\n<li data-start=\"3625\" data-end=\"3832\">\n<p data-start=\"3627\" data-end=\"3832\"><strong data-start=\"3627\" data-end=\"3646\">Breakdown-Proof<\/strong>Sia la canna che il mulinello sono progettati con la resistenza per evitare crepe o rotture, anche quando l'attrezzatura \u00e8 soggetta alle dure forze e alle fredde condizioni associate alla pesca sul ghiaccio.<\/p>\n<\/li>\n<\/ul>\n<\/li>\n<li data-start=\"3834\" data-end=\"4304\">\n<h3 data-start=\"3837\" data-end=\"3864\"><strong data-start=\"3837\" data-end=\"3864\">Perfetto per la fornitura B2B:<\/strong><\/h3>\n<ul data-start=\"3868\" data-end=\"4304\">\n<li data-start=\"3868\" data-end=\"4111\">\n<p data-start=\"3870\" data-end=\"4111\">Presso HK Tackle, offriamo opzioni di acquisto personalizzato e all'ingrosso per le aziende. Che tu sia un rivenditore, un distributore o una guida di pesca, possiamo fornirti canne e mulinelli da pesca sul ghiaccio di alta qualit\u00e0 che soddisfano le esigenze dei tuoi clienti.<\/p>\n<\/li>\n<li data-start=\"4115\" data-end=\"4304\">\n<p data-start=\"4117\" data-end=\"4304\"><strong data-start=\"4117\" data-end=\"4140\">Personalizzazione del marchio<\/strong>Le aziende possono anche personalizzare questi prodotti con il proprio marchio, rendendoli perfetti per la distribuzione all'ingrosso, i negozi al dettaglio o per tour e noleggi di pesca.<\/p>\n<\/li>\n<\/ul>\n<\/li>\n<\/ol>\n<h2 data-start=\"4306\" data-end=\"4369\"><img loading=\"lazy\" decoding=\"async\" class=\"alignnone wp-image-1819\" src=\"https:\/\/hktackle.com\/wp-content\/uploads\/2025\/11\/ice-fishing-rod-9-1.jpg\" alt=\"canna da pesca per il ghiaccio e mulinello\" width=\"343\" height=\"343\" title=\"\" srcset=\"https:\/\/hktackle.com\/wp-content\/uploads\/2025\/11\/ice-fishing-rod-9-1.jpg 800w, https:\/\/hktackle.com\/wp-content\/uploads\/2025\/11\/ice-fishing-rod-9-1-300x300.jpg 300w, https:\/\/hktackle.com\/wp-content\/uploads\/2025\/11\/ice-fishing-rod-9-1-150x150.jpg 150w, https:\/\/hktackle.com\/wp-content\/uploads\/2025\/11\/ice-fishing-rod-9-1-768x768.jpg 768w, https:\/\/hktackle.com\/wp-content\/uploads\/2025\/11\/ice-fishing-rod-9-1-600x600.jpg 600w\" sizes=\"auto, (max-width: 343px) 100vw, 343px\" \/><img loading=\"lazy\" decoding=\"async\" class=\"alignnone wp-image-1813\" src=\"https:\/\/hktackle.com\/wp-content\/uploads\/2025\/11\/ice-fishing-rod-3-1.jpg\" alt=\"portacaschi da pesca sul ghiaccio \" width=\"367\" height=\"323\" title=\"\" srcset=\"https:\/\/hktackle.com\/wp-content\/uploads\/2025\/11\/ice-fishing-rod-3-1.jpg 714w, https:\/\/hktackle.com\/wp-content\/uploads\/2025\/11\/ice-fishing-rod-3-1-300x264.jpg 300w, https:\/\/hktackle.com\/wp-content\/uploads\/2025\/11\/ice-fishing-rod-3-1-600x529.jpg 600w\" sizes=\"auto, (max-width: 367px) 100vw, 367px\" \/><img loading=\"lazy\" decoding=\"async\" class=\"alignnone wp-image-1814\" src=\"https:\/\/hktackle.com\/wp-content\/uploads\/2025\/11\/ice-fishing-rod-4-1.jpg\" alt=\"canna da pesca sul ghiaccio \" width=\"393\" height=\"390\" title=\"\" srcset=\"https:\/\/hktackle.com\/wp-content\/uploads\/2025\/11\/ice-fishing-rod-4-1.jpg 761w, https:\/\/hktackle.com\/wp-content\/uploads\/2025\/11\/ice-fishing-rod-4-1-300x298.jpg 300w, https:\/\/hktackle.com\/wp-content\/uploads\/2025\/11\/ice-fishing-rod-4-1-150x150.jpg 150w, https:\/\/hktackle.com\/wp-content\/uploads\/2025\/11\/ice-fishing-rod-4-1-600x595.jpg 600w\" sizes=\"auto, (max-width: 393px) 100vw, 393px\" \/><\/h2>\n<h2 data-start=\"4306\" data-end=\"4369\"><strong data-start=\"4311\" data-end=\"4369\">Perch\u00e9 scegliere il combo canna e mulinello da pesca su ghiaccio di HK Tackle?<\/strong><\/h2>\n<p><img loading=\"lazy\" decoding=\"async\" class=\"alignnone wp-image-1469\" src=\"https:\/\/hktackle.com\/wp-content\/uploads\/2025\/11\/HK-fishing-tackle.jpg\" alt=\"HK Attrezzature da Pesca\" width=\"595\" height=\"404\" title=\"\" srcset=\"https:\/\/hktackle.com\/wp-content\/uploads\/2025\/11\/HK-fishing-tackle.jpg 861w, https:\/\/hktackle.com\/wp-content\/uploads\/2025\/11\/HK-fishing-tackle-300x204.jpg 300w, https:\/\/hktackle.com\/wp-content\/uploads\/2025\/11\/HK-fishing-tackle-768x522.jpg 768w, https:\/\/hktackle.com\/wp-content\/uploads\/2025\/11\/HK-fishing-tackle-600x408.jpg 600w\" sizes=\"auto, (max-width: 595px) 100vw, 595px\" \/><\/p>\n<ul data-start=\"4371\" data-end=\"5030\">\n<li data-start=\"4371\" data-end=\"4528\">\n<p data-start=\"4373\" data-end=\"4528\"><strong data-start=\"4373\" data-end=\"4390\">Personalizzazione<\/strong>Le nostre canne da pesca sul ghiaccio personalizzate ti consentono di adattare l'attrezzatura per soddisfare le tue esigenze di pesca specifiche, garantendo la vestibilit\u00e0 perfetta per ogni pescatore.<\/p>\n<\/li>\n<li data-start=\"4529\" data-end=\"4679\">\n<p data-start=\"4531\" data-end=\"4679\"><strong data-start=\"4531\" data-end=\"4558\">Durabilit\u00e0 in Climi Freddi<\/strong>Progettato per funzionare a temperature estreme, questo combo canna e mulinello garantisce un'operazione fluida, indipendentemente da quanto freddo possa diventare.<\/p>\n<\/li>\n<li data-start=\"4680\" data-end=\"4870\">\n<p data-start=\"4682\" data-end=\"4870\"><strong data-start=\"4682\" data-end=\"4708\">Materiali di alta qualit\u00e0<\/strong>: Dai componenti resistenti alla corrosione del mulinello alla costruzione leggera ma robusta della canna, ogni aspetto di questa combinazione \u00e8 progettato per una massima prestazione.<\/p>\n<\/li>\n<li data-start=\"4871\" data-end=\"5030\">\n<p data-start=\"4873\" data-end=\"5030\"><strong data-start=\"4873\" data-end=\"4899\">Perfetto per l'approvvigionamento B2B<\/strong>Gli ordini in blocco e le opzioni di personalizzazione rendono facile rifornire il tuo negozio, fornire clienti o soddisfare le esigenze di guide di pesca su larga scala.<\/p>\n<\/li>\n<\/ul>\n<div class=\"wpforms-container\" id=\"wpforms-564\"><form id=\"wpforms-form-564\" class=\"wpforms-validate wpforms-form wpforms-ajax-form\" data-formid=\"564\" method=\"post\" enctype=\"multipart\/form-data\" action=\"\/it\/wp-json\/wp\/v2\/product\/1824\" data-token=\"3a27290115edac4e9507e4eda9c9e8f3\" data-token-time=\"1776509679\" data-trp-original-action=\"\/it\/wp-json\/wp\/v2\/product\/1824\"><div class=\"wpforms-head-container\"><div class=\"wpforms-title\">Richiesta di preventivo<\/div><\/div><noscript class=\"wpforms-error-noscript\">Abilita JavaScript nel browser per completare questo modulo.<\/noscript><div class=\"wpforms-field-container\"><div id=\"wpforms-564-field_1-container\" class=\"wpforms-field wpforms-field-name\" data-field-id=\"1\"><label class=\"wpforms-field-label wpforms-label-hide\" for=\"wpforms-564-field_1\">Nome <span class=\"wpforms-required-label\">*<\/span><\/label><input type=\"text\" id=\"wpforms-564-field_1\" class=\"wpforms-field-medium wpforms-field-required\" name=\"wpforms[fields][1]\" placeholder=\"Nome\" required><\/div><div id=\"wpforms-564-field_2-container\" class=\"wpforms-field wpforms-field-name\" data-field-id=\"2\"><label class=\"wpforms-field-label wpforms-label-hide\" for=\"wpforms-564-field_2\">Whatsapp <span class=\"wpforms-required-label\">*<\/span><\/label><input type=\"text\" id=\"wpforms-564-field_2\" class=\"wpforms-field-medium wpforms-field-required\" name=\"wpforms[fields][2]\" placeholder=\"WhatsApp\" required><\/div>\t\t<div id=\"wpforms-564-field_7-container\"\n\t\t\tclass=\"wpforms-field wpforms-field-text\"\n\t\t\tdata-field-type=\"text\"\n\t\t\tdata-field-id=\"7\"\n\t\t\t>\n\t\t\t<label class=\"wpforms-field-label\" for=\"wpforms-564-field_7\" >Inquiry Cliente IP Whatsapp<\/label>\n\t\t\t<input type=\"text\" id=\"wpforms-564-field_7\" class=\"wpforms-field-medium\" name=\"wpforms[fields][7]\" >\n\t\t<\/div>\n\t\t<div id=\"wpforms-564-field_4-container\" class=\"wpforms-field wpforms-field-name\" data-field-id=\"4\"><label class=\"wpforms-field-label wpforms-label-hide\" for=\"wpforms-564-field_4\">Email <span class=\"wpforms-required-label\">*<\/span><\/label><input type=\"text\" id=\"wpforms-564-field_4\" class=\"wpforms-field-medium wpforms-field-required\" name=\"wpforms[fields][4]\" placeholder=\"Email\" required><\/div><div id=\"wpforms-564-field_3-container\" class=\"wpforms-field wpforms-field-name\" data-field-id=\"3\"><label class=\"wpforms-field-label wpforms-label-hide\" for=\"wpforms-564-field_3\">Richiesta <span class=\"wpforms-required-label\">*<\/span><\/label><input type=\"text\" id=\"wpforms-564-field_3\" class=\"wpforms-field-medium wpforms-field-required\" name=\"wpforms[fields][3]\" placeholder=\"quale prodotto ti serve\" required><\/div><div id=\"wpforms-564-field_5-container\" class=\"wpforms-field wpforms-field-hidden\" data-field-id=\"5\"><input type=\"hidden\" id=\"wpforms-564-field_5\" name=\"wpforms[fields][5]\" value=\"216.73.216.42\"><\/div><div id=\"wpforms-564-field_6-container\" class=\"wpforms-field wpforms-field-hidden\" data-field-id=\"6\"><input type=\"hidden\" id=\"wpforms-564-field_6\" name=\"wpforms[fields][6]\" value=\"https:\/\/hktackle.com\/it\/wp-json\/wp\/v2\/product\/1824\"><\/div><script>\n\t\t\t\t( function() {\n\t\t\t\t\tconst style = document.createElement( 'style' );\n\t\t\t\t\tstyle.appendChild( document.createTextNode( '#wpforms-564-field_7-container { position: absolute !important; overflow: hidden !important; display: inline !important; height: 1px !important; width: 1px !important; z-index: -1000 !important; padding: 0 !important; } #wpforms-564-field_7-container input { visibility: hidden; } #wpforms-conversational-form-page #wpforms-564-field_7-container label { counter-increment: none; }' ) );\n\t\t\t\t\tdocument.head.appendChild( style );\n\t\t\t\t\tdocument.currentScript?.remove();\n\t\t\t\t} )();\n\t\t\t<\/script><\/div><!-- .wpforms-field-container --><div class=\"wpforms-submit-container\" ><input type=\"hidden\" name=\"wpforms[id]\" value=\"564\"><input type=\"hidden\" name=\"page_title\" value=\"\"><input type=\"hidden\" name=\"page_url\" value=\"https:\/\/hktackle.com\/it\/wp-json\/wp\/v2\/product\/1824\"><input type=\"hidden\" name=\"url_referer\" value=\"\"><button type=\"submit\" name=\"wpforms[submit]\" id=\"wpforms-submit-564\" class=\"wpforms-submit\" data-alt-text=\"Sending\" data-submit-text=\"Summit\" aria-live=\"assertive\" value=\"wpforms-submit\">Vertice<\/button><img loading=\"lazy\" decoding=\"async\" src=\"https:\/\/hktackle.com\/wp-content\/plugins\/wpforms\/assets\/images\/submit-spin.svg\" class=\"wpforms-submit-spinner\" style=\"display: none;\" width=\"26\" height=\"26\" alt=\"Loading\" title=\"\"><\/div><input type=\"hidden\" name=\"trp-form-language\" value=\"it\"\/><\/form><\/div>  <!-- .wpforms-container -->","protected":false},"excerpt":{"rendered":"<p>Sperimenta prestazioni premium sul ghiaccio con il <strong data-start=\"5561\" data-end=\"5602\">Combo personalizzato per pesca sul ghiaccio con canna e mulinello<\/strong> da HK Tackle. Progettato per durabilit\u00e0 e precisione in condizioni di freddo estremo, questo combo \u00e8 personalizzabile per soddisfare le tue esigenze di pesca uniche. Ordina ora e migliora la tua esperienza di pesca sul ghiaccio.<\/p>\n<div class=\"wp-block-stackable-button stk-block-button popmake-1340 stk-block stk-13b8711 popmake-1340\" data-block-id=\"13b8711\">\n<style>.stk-13b8711 {min-height:var(--stk--preset--block-height--x-small, 4rem) !important;padding-top:var(--stk--preset--spacing--none, 0px) !important;padding-right:var(--stk--preset--spacing--none, 0px) !important;padding-bottom:var(--stk--preset--spacing--none, 0px) !important;padding-left:var(--stk--preset--spacing--none, 0px) !important;}.stk-13b8711 .stk-button{min-height:36px !important;padding-top:var(--stk--preset--spacing--40, 1rem) !important;padding-right:33px !important;padding-bottom:var(--stk--preset--spacing--40, 1rem) !important;background:#2db2eb !important;border-top-left-radius:var(--stk--preset--border-radius--small, 4px) !important;border-top-right-radius:var(--stk--preset--border-radius--small, 4px) !important;border-bottom-right-radius:var(--stk--preset--border-radius--small, 4px) !important;border-bottom-left-radius:var(--stk--preset--border-radius--small, 4px) !important;}.stk-13b8711 .stk-button__inner-text{color:#fffffe !important;}<\/style>\n<p><a class=\"stk-link stk-button stk--hover-effect-lift-scale-more\"><span class=\"has-text-color stk-button__inner-text\">Richiedi un preventivo <\/span><\/a><\/p>\n<\/div>","protected":false},"featured_media":1815,"template":"","meta":[],"product_brand":[],"product_cat":[20],"product_tag":[],"class_list":{"0":"post-1824","1":"product","2":"type-product","3":"status-publish","4":"has-post-thumbnail","6":"product_cat-rod-combo","8":"first","9":"instock","10":"shipping-taxable","11":"product-type-simple"},"_links":{"self":[{"href":"https:\/\/hktackle.com\/it\/wp-json\/wp\/v2\/product\/1824","targetHints":{"allow":["GET"]}}],"collection":[{"href":"https:\/\/hktackle.com\/it\/wp-json\/wp\/v2\/product"}],"about":[{"href":"https:\/\/hktackle.com\/it\/wp-json\/wp\/v2\/types\/product"}],"wp:featuredmedia":[{"embeddable":true,"href":"https:\/\/hktackle.com\/it\/wp-json\/wp\/v2\/media\/1815"}],"wp:attachment":[{"href":"https:\/\/hktackle.com\/it\/wp-json\/wp\/v2\/media?parent=1824"}],"wp:term":[{"taxonomy":"product_brand","embeddable":true,"href":"https:\/\/hktackle.com\/it\/wp-json\/wp\/v2\/product_brand?post=1824"},{"taxonomy":"product_cat","embeddable":true,"href":"https:\/\/hktackle.com\/it\/wp-json\/wp\/v2\/product_cat?post=1824"},{"taxonomy":"product_tag","embeddable":true,"href":"https:\/\/hktackle.com\/it\/wp-json\/wp\/v2\/product_tag?post=1824"}],"curies":[{"name":"wp","href":"https:\/\/api.w.org\/{rel}","templated":true}]}}