{"id":1834,"date":"2025-11-13T04:33:06","date_gmt":"2025-11-13T04:33:06","guid":{"rendered":"https:\/\/hktackle.com\/?post_type=product&#038;p=1834"},"modified":"2025-12-01T15:28:18","modified_gmt":"2025-12-01T15:28:18","slug":"portacaschi-da-pesca-sul-ghiaccio","status":"publish","type":"product","link":"https:\/\/hktackle.com\/it\/prodotto\/portacaschi-da-pesca-sul-ghiaccio","title":{"rendered":"Supporti per Canne da Pesca sul Ghiaccio Premium \u2013 Stoccaggio Stabile e Sicuro per Canne da Pesca sul Ghiaccio"},"content":{"rendered":"<h1 data-start=\"125\" data-end=\"209\">Supporti per Canne da Pesca sul Ghiaccio Premium \u2013 Stoccaggio Stabile e Sicuro per Canne da Pesca sul Ghiaccio<\/h1>\n<p data-start=\"211\" data-end=\"240\"><img loading=\"lazy\" decoding=\"async\" class=\"alignnone wp-image-1811\" src=\"https:\/\/hktackle.com\/wp-content\/uploads\/2025\/11\/ice-fishing-rod-1-1.jpg\" alt=\"portacaschi da pesca sul ghiaccio\" width=\"458\" height=\"458\" title=\"\" srcset=\"https:\/\/hktackle.com\/wp-content\/uploads\/2025\/11\/ice-fishing-rod-1-1.jpg 800w, https:\/\/hktackle.com\/wp-content\/uploads\/2025\/11\/ice-fishing-rod-1-1-300x300.jpg 300w, https:\/\/hktackle.com\/wp-content\/uploads\/2025\/11\/ice-fishing-rod-1-1-150x150.jpg 150w, https:\/\/hktackle.com\/wp-content\/uploads\/2025\/11\/ice-fishing-rod-1-1-768x768.jpg 768w, https:\/\/hktackle.com\/wp-content\/uploads\/2025\/11\/ice-fishing-rod-1-1-600x600.jpg 600w\" sizes=\"auto, (max-width: 458px) 100vw, 458px\" \/><\/p>\n<p data-start=\"242\" data-end=\"758\">Il <strong data-start=\"246\" data-end=\"280\">Premium <a href=\"https:\/\/hktackle.com\/it\/\">Portacanne da pesca sul ghiaccio<\/a><\/strong> from HK Tackle \u00e8 la soluzione definitiva per i pescatori che richiedono un deposito di canne sicuro, affidabile e stabile durante la pesca sul ghiaccio. Che tu stia pescando su un lago ghiacciato o su un fiume ricoperto di ghiaccio, il nostro <a href=\"https:\/\/hktackle.com\/it\/categoria-prodotto\/strumenti\/\"><strong data-start=\"480\" data-end=\"499\">portabastoni da ghiaccio<\/strong><\/a> sono progettati per mantenere le tue canne al sicuro, organizzate e facilmente accessibili in qualsiasi momento. Perfetto per i pescatori professionisti su ghiaccio, gli appassionati di pesca ricreativa e gli entusiasti della pesca, questo supporto per canne offre un modo robusto e conveniente per riporre il tuo equipaggiamento mentre sei sul ghiaccio.<\/p>\n<h4 data-start=\"760\" data-end=\"782\"><img loading=\"lazy\" decoding=\"async\" class=\"alignnone wp-image-1815\" src=\"https:\/\/hktackle.com\/wp-content\/uploads\/2025\/11\/ice-fishing-rod-5-1.jpg\" alt=\"canna da pesca per il ghiaccio\" width=\"446\" height=\"446\" title=\"\" srcset=\"https:\/\/hktackle.com\/wp-content\/uploads\/2025\/11\/ice-fishing-rod-5-1.jpg 800w, https:\/\/hktackle.com\/wp-content\/uploads\/2025\/11\/ice-fishing-rod-5-1-300x300.jpg 300w, https:\/\/hktackle.com\/wp-content\/uploads\/2025\/11\/ice-fishing-rod-5-1-150x150.jpg 150w, https:\/\/hktackle.com\/wp-content\/uploads\/2025\/11\/ice-fishing-rod-5-1-768x768.jpg 768w, https:\/\/hktackle.com\/wp-content\/uploads\/2025\/11\/ice-fishing-rod-5-1-600x600.jpg 600w\" sizes=\"auto, (max-width: 446px) 100vw, 446px\" \/><\/h4>\n<h4 data-start=\"760\" data-end=\"782\"><strong data-start=\"765\" data-end=\"782\">Caratteristiche principali:<\/strong><\/h4>\n<ol data-start=\"784\" data-end=\"4300\">\n<li data-start=\"784\" data-end=\"1359\">\n<p data-start=\"787\" data-end=\"831\"><strong data-start=\"787\" data-end=\"831\">Costruzione resistente e resistente al freddo:<\/strong><\/p>\n<ul data-start=\"835\" data-end=\"1359\">\n<li data-start=\"835\" data-end=\"1108\">\n<p data-start=\"837\" data-end=\"1108\">Progettato specificamente per la pesca sul ghiaccio, il nostro <strong data-start=\"880\" data-end=\"907\">portacaschi da pesca sul ghiaccio<\/strong> sono realizzati in materiali di alta qualit\u00e0 e resistenti alla corrosione. Il design robusto garantisce che il supporto funzioni in condizioni di congelamento, offrendo stabilit\u00e0 e affidabilit\u00e0 in temperature estreme.<\/p>\n<\/li>\n<li data-start=\"1112\" data-end=\"1359\">\n<p data-start=\"1114\" data-end=\"1359\"><strong data-start=\"1114\" data-end=\"1140\">Materiali resistenti alle intemperie<\/strong>I materiali del supporto per canne sono resistenti al congelamento, assicurando che non si crepino, deformino o degradino a temperature sotto zero, dandoti la fiducia che il tuo attrezzatura rimarr\u00e0 intatta durante le tue uscite di pesca.<\/p>\n<\/li>\n<\/ul>\n<\/li>\n<li data-start=\"1361\" data-end=\"2155\">\n<p data-start=\"1364\" data-end=\"1391\"><strong data-start=\"1364\" data-end=\"1391\">Fermo e Sicuro Stabilimento:<\/strong><\/p>\n<ul data-start=\"1395\" data-end=\"2155\">\n<li data-start=\"1395\" data-end=\"1664\">\n<p data-start=\"1397\" data-end=\"1664\">Il <strong data-start=\"1401\" data-end=\"1419\">supporto per canne da pesca sul ghiaccio<\/strong> \u00e8 progettato per una stabilit\u00e0 superiore, garantendo che le tue canne da pesca rimangano sicure anche in condizioni ventose. La base robusta consente una posa stabile su superfici ghiacciate, mentre il supporto per la canna tiene la tua canna verticale e saldamente in posizione.<\/p>\n<\/li>\n<li data-start=\"1668\" data-end=\"1913\">\n<p data-start=\"1670\" data-end=\"1913\"><strong data-start=\"1670\" data-end=\"1689\">Supporto Regolabile<\/strong>: Dotato di un braccio regolabile, questo supporto pu\u00f2 ospitare aste di diverse dimensioni e stili. Che tu stia utilizzando canne da spinning, baitcasting o anche canne da ghiaccio personalizzate, il supporto pu\u00f2 essere regolato per adattarsi perfettamente alla tua attrezzatura.<\/p>\n<\/li>\n<li data-start=\"1917\" data-end=\"2155\">\n<p data-start=\"1919\" data-end=\"2155\"><strong data-start=\"1919\" data-end=\"1936\">Grip Antiscivolo<\/strong>Il supporto per canne \u00e8 progettato per impedire che le canne scivolino o cadano, anche quando il ghiaccio \u00e8 scivoloso o il vento \u00e8 forte. Questo assicura che le tue canne rimangano dove le hai lasciate, pronte per l'azione quando un pesce abbocca.<\/p>\n<\/li>\n<\/ul>\n<\/li>\n<li data-start=\"2157\" data-end=\"2723\">\n<p data-start=\"2160\" data-end=\"2193\"><strong data-start=\"2160\" data-end=\"2193\">Portatile e Facile da Installare:<\/strong><\/p>\n<ul data-start=\"2197\" data-end=\"2723\">\n<li data-start=\"2197\" data-end=\"2459\">\n<p data-start=\"2199\" data-end=\"2459\">Nostro <a href=\"https:\/\/hktackle.com\/it\/guida-agli-strumenti-da-pesca\/\"><strong data-start=\"2203\" data-end=\"2231\">portacanne da pesca sul ghiaccio<\/strong><\/a> sono portatili e leggere, rendendole facili da trasportare e installare ovunque tu stia pescando. Il design compatto le rende ideali per immagazzinare e trasportare pi\u00f9 porta canne quando sei fuori sul ghiaccio con amici o clienti.<\/p>\n<\/li>\n<li data-start=\"2463\" data-end=\"2723\">\n<p data-start=\"2465\" data-end=\"2723\"><strong data-start=\"2465\" data-end=\"2480\">Configurazione rapida<\/strong>Impostare il tuo porta canne \u00e8 semplice e veloce, senza la necessit\u00e0 di strumenti complessi o assemblaggio. Il supporto pu\u00f2 essere facilmente montato sulla neve o sul ghiaccio con il suo paletto o base integrata, e tiene le tue canne saldamente in posizione per tutto il giorno.<\/p>\n<\/li>\n<\/ul>\n<\/li>\n<li data-start=\"2725\" data-end=\"3311\">\n<p data-start=\"2728\" data-end=\"2767\"><strong data-start=\"2728\" data-end=\"2767\">Design versatile per pi\u00f9 barre:<\/strong><\/p>\n<ul data-start=\"2771\" data-end=\"3311\">\n<li data-start=\"2771\" data-end=\"3052\">\n<p data-start=\"2773\" data-end=\"3052\">Che tu stia pescando con una sola canna o con pi\u00f9 canne, questo <a href=\"https:\/\/hktackle.com\/it\/guida-agli-strumenti-da-pesca\/\"><strong data-start=\"2837\" data-end=\"2863\">supporto per canna da pesca sul ghiaccio<\/strong><\/a> fornisce la flessibilit\u00e0 di conservare pi\u00f9 canne contemporaneamente. Questa soluzione di stoccaggio multi-canale consente agli angler di aumentare le loro possibilit\u00e0 di catturare pesci senza ingombrare la loro area di pesca sul ghiaccio.<\/p>\n<\/li>\n<li data-start=\"3056\" data-end=\"3311\">\n<p data-start=\"3058\" data-end=\"3311\"><strong data-start=\"3058\" data-end=\"3085\">Pi\u00f9 Titolari in Uno<\/strong>Alcuni modelli presentano pi\u00f9 alloggiamenti per canne, consentendo di riporre diverse canne in un'unica supporto compatto. Questa caratteristica \u00e8 ideale per i pescatori che utilizzano pi\u00f9 attrezzature per diverse tecniche di pesca e necessitano di uno stoccaggio efficiente.<\/p>\n<\/li>\n<\/ul>\n<\/li>\n<li data-start=\"3313\" data-end=\"3829\">\n<p data-start=\"3316\" data-end=\"3353\"><strong data-start=\"3316\" data-end=\"3353\">Ergonomico e Comodo da Usare:<\/strong><\/p>\n<ul data-start=\"3357\" data-end=\"3829\">\n<li data-start=\"3357\" data-end=\"3586\">\n<p data-start=\"3359\" data-end=\"3586\">Il design del portacanne consente una facile gestione e un rapido accesso alle tue canne. Che tu stia pescando attivamente o aspettando una cattura, puoi facilmente afferrare la tua canna dal portacanne e iniziare a recuperare un pesce in qualsiasi momento.<\/p>\n<\/li>\n<li data-start=\"3590\" data-end=\"3829\">\n<p data-start=\"3592\" data-end=\"3829\"><strong data-start=\"3592\" data-end=\"3613\">Angoli Comodi<\/strong>Gli angoli regolabili garantiscono che tu possa posizionare l'asta nella posizione pi\u00f9 comoda ed efficiente per la pesca. Questo pu\u00f2 aiutare a prevenire sforzi durante lunghe sessioni di pesca sul ghiaccio e migliorare la tua esperienza complessiva.<\/p>\n<\/li>\n<\/ul>\n<\/li>\n<li data-start=\"3831\" data-end=\"4300\">\n<p data-start=\"3834\" data-end=\"3861\"><strong data-start=\"3834\" data-end=\"3861\">Perfetto per la fornitura B2B:<\/strong><\/p>\n<ul data-start=\"3865\" data-end=\"4300\">\n<li data-start=\"3865\" data-end=\"4126\">\n<p data-start=\"3867\" data-end=\"4126\">HK Tackle offre <strong data-start=\"3884\" data-end=\"3911\">portacaschi da pesca sul ghiaccio<\/strong> in bloc per aziende, rivenditori e distributori. Che tu stia rifornendo il tuo negozio, offrendo attrezzature a noleggio o fornendo un servizio di guida per la pesca, possiamo fornire porta canne di alta qualit\u00e0 per soddisfare le tue esigenze.<\/p>\n<\/li>\n<li data-start=\"4130\" data-end=\"4300\">\n<p data-start=\"4132\" data-end=\"4300\"><strong data-start=\"4132\" data-end=\"4157\">Opzioni di personalizzazione<\/strong>Le aziende possono richiedere branding personalizzato sui portacinture, semplificando la promozione della propria attivit\u00e0 o offrendo attrezzature su misura per i clienti.<\/p>\n<\/li>\n<\/ul>\n<\/li>\n<\/ol>\n<h4 data-start=\"4302\" data-end=\"4357\"><\/h4>\n<h4 data-start=\"4302\" data-end=\"4357\"><strong data-start=\"4307\" data-end=\"4357\">Perch\u00e9 scegliere il supporto per canne da pesca sul ghiaccio di HK Tackle?<\/strong><\/h4>\n<ul data-start=\"4359\" data-end=\"4962\">\n<li data-start=\"4359\" data-end=\"4491\">\n<p data-start=\"4361\" data-end=\"4491\"><strong data-start=\"4361\" data-end=\"4378\">Progettato per durare<\/strong>I nostri porta canne da ghiaccio sono realizzati con materiali di alta qualit\u00e0 per garantire una durata nel tempo in condizioni estreme.<\/p>\n<\/li>\n<li data-start=\"4492\" data-end=\"4646\">\n<p data-start=\"4494\" data-end=\"4646\"><strong data-start=\"4494\" data-end=\"4515\">Stabile e Sicuro<\/strong>Progettato per mantenere saldamente le tue canne da pesca in posizione, riducendo il rischio di perdere il tuo equipaggiamento a causa di superfici scivolose o instabili.<\/p>\n<\/li>\n<li data-start=\"4647\" data-end=\"4769\">\n<p data-start=\"4649\" data-end=\"4769\"><strong data-start=\"4649\" data-end=\"4677\">Portatile e Facile da Usare<\/strong>Leggeri e facili da impostare, rendendoli ideali per i pescatori mobili e le guide di pesca.<\/p>\n<\/li>\n<li data-start=\"4770\" data-end=\"4962\">\n<p data-start=\"4772\" data-end=\"4962\"><strong data-start=\"4772\" data-end=\"4803\">Personalizzabile per le aziende<\/strong>HK Tackle offre ordini all'ingrosso e personalizzazione per il tuo marchio o esigenze specifiche. Rifornisci il tuo negozio, servizio di noleggio o tour guidati con attrezzatura da pesca di prima qualit\u00e0.<\/p>\n<\/li>\n<\/ul>\n<div class=\"wpforms-container\" id=\"wpforms-564\"><form id=\"wpforms-form-564\" class=\"wpforms-validate wpforms-form wpforms-ajax-form\" data-formid=\"564\" method=\"post\" enctype=\"multipart\/form-data\" action=\"\/it\/wp-json\/wp\/v2\/product\/1834\" data-token=\"a5e36027957c0b678575a16e829041db\" data-token-time=\"1776395931\" data-trp-original-action=\"\/it\/wp-json\/wp\/v2\/product\/1834\"><div class=\"wpforms-head-container\"><div class=\"wpforms-title\">Richiesta di preventivo<\/div><\/div><noscript class=\"wpforms-error-noscript\">Abilita JavaScript nel browser per completare questo modulo.<\/noscript><div class=\"wpforms-field-container\"><div id=\"wpforms-564-field_1-container\" class=\"wpforms-field wpforms-field-name\" data-field-id=\"1\"><label class=\"wpforms-field-label wpforms-label-hide\" for=\"wpforms-564-field_1\">Nome <span class=\"wpforms-required-label\">*<\/span><\/label><input type=\"text\" id=\"wpforms-564-field_1\" class=\"wpforms-field-medium wpforms-field-required\" name=\"wpforms[fields][1]\" placeholder=\"Nome\" required><\/div>\t\t<div id=\"wpforms-564-field_7-container\"\n\t\t\tclass=\"wpforms-field wpforms-field-text\"\n\t\t\tdata-field-type=\"text\"\n\t\t\tdata-field-id=\"7\"\n\t\t\t>\n\t\t\t<label class=\"wpforms-field-label\" for=\"wpforms-564-field_7\" >Inquiry Whatsapp \u8aee\u8a62\u9801\u9762<\/label>\n\t\t\t<input type=\"text\" id=\"wpforms-564-field_7\" class=\"wpforms-field-medium\" name=\"wpforms[fields][7]\" >\n\t\t<\/div>\n\t\t<div id=\"wpforms-564-field_2-container\" class=\"wpforms-field wpforms-field-name\" data-field-id=\"2\"><label class=\"wpforms-field-label wpforms-label-hide\" for=\"wpforms-564-field_2\">Whatsapp <span class=\"wpforms-required-label\">*<\/span><\/label><input type=\"text\" id=\"wpforms-564-field_2\" class=\"wpforms-field-medium wpforms-field-required\" name=\"wpforms[fields][2]\" placeholder=\"WhatsApp\" required><\/div><div id=\"wpforms-564-field_4-container\" class=\"wpforms-field wpforms-field-name\" data-field-id=\"4\"><label class=\"wpforms-field-label wpforms-label-hide\" for=\"wpforms-564-field_4\">Email <span class=\"wpforms-required-label\">*<\/span><\/label><input type=\"text\" id=\"wpforms-564-field_4\" class=\"wpforms-field-medium wpforms-field-required\" name=\"wpforms[fields][4]\" placeholder=\"Email\" required><\/div><div id=\"wpforms-564-field_3-container\" class=\"wpforms-field wpforms-field-name\" data-field-id=\"3\"><label class=\"wpforms-field-label wpforms-label-hide\" for=\"wpforms-564-field_3\">Richiesta <span class=\"wpforms-required-label\">*<\/span><\/label><input type=\"text\" id=\"wpforms-564-field_3\" class=\"wpforms-field-medium wpforms-field-required\" name=\"wpforms[fields][3]\" placeholder=\"quale prodotto ti serve\" required><\/div><div id=\"wpforms-564-field_5-container\" class=\"wpforms-field wpforms-field-hidden\" data-field-id=\"5\"><input type=\"hidden\" id=\"wpforms-564-field_5\" name=\"wpforms[fields][5]\" value=\"216.73.216.69\"><\/div><div id=\"wpforms-564-field_6-container\" class=\"wpforms-field wpforms-field-hidden\" data-field-id=\"6\"><input type=\"hidden\" id=\"wpforms-564-field_6\" name=\"wpforms[fields][6]\" value=\"https:\/\/hktackle.com\/it\/wp-json\/wp\/v2\/product\/1834\"><\/div><script>\n\t\t\t\t( function() {\n\t\t\t\t\tconst style = document.createElement( 'style' );\n\t\t\t\t\tstyle.appendChild( document.createTextNode( '#wpforms-564-field_7-container { position: absolute !important; overflow: hidden !important; display: inline !important; height: 1px !important; width: 1px !important; z-index: -1000 !important; padding: 0 !important; } #wpforms-564-field_7-container input { visibility: hidden; } #wpforms-conversational-form-page #wpforms-564-field_7-container label { counter-increment: none; }' ) );\n\t\t\t\t\tdocument.head.appendChild( style );\n\t\t\t\t\tdocument.currentScript?.remove();\n\t\t\t\t} )();\n\t\t\t<\/script><\/div><!-- .wpforms-field-container --><div class=\"wpforms-submit-container\" ><input type=\"hidden\" name=\"wpforms[id]\" value=\"564\"><input type=\"hidden\" name=\"page_title\" value=\"\"><input type=\"hidden\" name=\"page_url\" value=\"https:\/\/hktackle.com\/it\/wp-json\/wp\/v2\/product\/1834\"><input type=\"hidden\" name=\"url_referer\" value=\"\"><button type=\"submit\" name=\"wpforms[submit]\" id=\"wpforms-submit-564\" class=\"wpforms-submit\" data-alt-text=\"Sending\" data-submit-text=\"Summit\" aria-live=\"assertive\" value=\"wpforms-submit\">Vertice<\/button><img loading=\"lazy\" decoding=\"async\" src=\"https:\/\/hktackle.com\/wp-content\/plugins\/wpforms\/assets\/images\/submit-spin.svg\" class=\"wpforms-submit-spinner\" style=\"display: none;\" width=\"26\" height=\"26\" alt=\"Loading\" title=\"\"><\/div><input type=\"hidden\" name=\"trp-form-language\" value=\"it\"\/><\/form><\/div>  <!-- .wpforms-container -->","protected":false},"excerpt":{"rendered":"<p>Assicurati che le tue canne rimangano sicure e organizzate con il <strong data-start=\"5486\" data-end=\"5520\">Supporto per canne da pesca su ghiaccio premium<\/strong> da HK Tackle. Progettato per condizioni estreme di freddo, questo supporto offre stabilit\u00e0, durata e facile accesso per tutte le tue esigenze di pesca nel ghiaccio. Perfetto per i pescatori sul ghiaccio!<\/p>\n<div class=\"wp-block-stackable-button stk-block-button popmake-1340 stk-block stk-13b8711 popmake-1340\" data-block-id=\"13b8711\">\n<style>.stk-13b8711 {min-height:var(--stk--preset--block-height--x-small, 4rem) !important;padding-top:var(--stk--preset--spacing--none, 0px) !important;padding-right:var(--stk--preset--spacing--none, 0px) !important;padding-bottom:var(--stk--preset--spacing--none, 0px) !important;padding-left:var(--stk--preset--spacing--none, 0px) !important;}.stk-13b8711 .stk-button{min-height:36px !important;padding-top:var(--stk--preset--spacing--40, 1rem) !important;padding-right:33px !important;padding-bottom:var(--stk--preset--spacing--40, 1rem) !important;background:#2db2eb !important;border-top-left-radius:var(--stk--preset--border-radius--small, 4px) !important;border-top-right-radius:var(--stk--preset--border-radius--small, 4px) !important;border-bottom-right-radius:var(--stk--preset--border-radius--small, 4px) !important;border-bottom-left-radius:var(--stk--preset--border-radius--small, 4px) !important;}.stk-13b8711 .stk-button__inner-text{color:#fffffe !important;}<\/style>\n<p><a class=\"stk-link stk-button stk--hover-effect-lift-scale-more\"><span class=\"has-text-color stk-button__inner-text\">Richiedi un preventivo <\/span><\/a><\/p>\n<\/div>","protected":false},"featured_media":1811,"template":"","meta":[],"product_brand":[30],"product_cat":[22],"product_tag":[],"class_list":{"0":"post-1834","1":"product","2":"type-product","3":"status-publish","4":"has-post-thumbnail","6":"product_brand-hk-tackle","7":"product_cat-tools","9":"first","10":"instock","11":"shipping-taxable","12":"product-type-simple"},"_links":{"self":[{"href":"https:\/\/hktackle.com\/it\/wp-json\/wp\/v2\/product\/1834","targetHints":{"allow":["GET"]}}],"collection":[{"href":"https:\/\/hktackle.com\/it\/wp-json\/wp\/v2\/product"}],"about":[{"href":"https:\/\/hktackle.com\/it\/wp-json\/wp\/v2\/types\/product"}],"wp:featuredmedia":[{"embeddable":true,"href":"https:\/\/hktackle.com\/it\/wp-json\/wp\/v2\/media\/1811"}],"wp:attachment":[{"href":"https:\/\/hktackle.com\/it\/wp-json\/wp\/v2\/media?parent=1834"}],"wp:term":[{"taxonomy":"product_brand","embeddable":true,"href":"https:\/\/hktackle.com\/it\/wp-json\/wp\/v2\/product_brand?post=1834"},{"taxonomy":"product_cat","embeddable":true,"href":"https:\/\/hktackle.com\/it\/wp-json\/wp\/v2\/product_cat?post=1834"},{"taxonomy":"product_tag","embeddable":true,"href":"https:\/\/hktackle.com\/it\/wp-json\/wp\/v2\/product_tag?post=1834"}],"curies":[{"name":"wp","href":"https:\/\/api.w.org\/{rel}","templated":true}]}}