{"id":1835,"date":"2025-11-13T04:50:15","date_gmt":"2025-11-13T04:50:15","guid":{"rendered":"https:\/\/hktackle.com\/?post_type=product&#038;p=1835"},"modified":"2025-12-02T15:14:29","modified_gmt":"2025-12-02T15:14:29","slug":"migliori-mulinelli-da-pesca-a-mosca","status":"publish","type":"product","link":"https:\/\/hktackle.com\/it\/prodotto\/migliori-mulinelli-da-pesca-a-mosca","title":{"rendered":"Premium Migliori Mulini da Pesca a Mosca \u2013 La Scelta Migliore per Precisione e Durabilit\u00e0"},"content":{"rendered":"<h1 data-start=\"137\" data-end=\"223\">Premium Migliori Mulini da Pesca a Mosca \u2013 La Scelta Migliore per Precisione e Durabilit\u00e0<\/h1>\n<p data-start=\"225\" data-end=\"254\"><img loading=\"lazy\" decoding=\"async\" class=\"alignnone wp-image-1841\" src=\"https:\/\/hktackle.com\/wp-content\/uploads\/2025\/11\/best-fly-fishing-reels-6.jpg\" alt=\"migliori mulinelli da pesca a mosca\" width=\"390\" height=\"390\" title=\"\" srcset=\"https:\/\/hktackle.com\/wp-content\/uploads\/2025\/11\/best-fly-fishing-reels-6.jpg 750w, https:\/\/hktackle.com\/wp-content\/uploads\/2025\/11\/best-fly-fishing-reels-6-300x300.jpg 300w, https:\/\/hktackle.com\/wp-content\/uploads\/2025\/11\/best-fly-fishing-reels-6-150x150.jpg 150w, https:\/\/hktackle.com\/wp-content\/uploads\/2025\/11\/best-fly-fishing-reels-6-600x600.jpg 600w\" sizes=\"auto, (max-width: 390px) 100vw, 390px\" \/><img loading=\"lazy\" decoding=\"async\" class=\"alignnone wp-image-1839\" src=\"https:\/\/hktackle.com\/wp-content\/uploads\/2025\/11\/best-fly-fishing-reels-4.jpg\" alt=\"mulinelli da mosca per acque salate\" width=\"390\" height=\"390\" title=\"\" srcset=\"https:\/\/hktackle.com\/wp-content\/uploads\/2025\/11\/best-fly-fishing-reels-4.jpg 750w, https:\/\/hktackle.com\/wp-content\/uploads\/2025\/11\/best-fly-fishing-reels-4-300x300.jpg 300w, https:\/\/hktackle.com\/wp-content\/uploads\/2025\/11\/best-fly-fishing-reels-4-150x150.jpg 150w, https:\/\/hktackle.com\/wp-content\/uploads\/2025\/11\/best-fly-fishing-reels-4-600x600.jpg 600w\" sizes=\"auto, (max-width: 390px) 100vw, 390px\" \/><\/p>\n<p data-start=\"256\" data-end=\"673\">Scopri il massimo della tecnologia per la pesca a mosca con il <strong data-start=\"313\" data-end=\"342\">Premium <a href=\"https:\/\/hktackle.com\/it\/guida-ai-mulinelli-da-pesca\/\">Migliori mulinelli da pesca a mosca<\/a><\/strong> da HK Tackle. Progettati per i pescatori che richiedono il meglio, i nostri mulinelli da pesca a mosca combinano ingegneria all'avanguardia con una lavorazione superiore per offrire un'esperienza di pesca eccezionale. Che tu stia puntando a specie d'acqua dolce o affrontando le sfide della pesca in mare, i nostri mulinelli sono costruiti per offrire prestazioni in qualsiasi ambiente.<\/p>\n<h2 data-start=\"675\" data-end=\"697\"><img loading=\"lazy\" decoding=\"async\" class=\"alignnone wp-image-1837\" src=\"https:\/\/hktackle.com\/wp-content\/uploads\/2025\/11\/best-fly-fishing-reels-2.jpg\" alt=\"vendita di mulinelli da pesca\" width=\"686\" height=\"405\" title=\"\" srcset=\"https:\/\/hktackle.com\/wp-content\/uploads\/2025\/11\/best-fly-fishing-reels-2.jpg 750w, https:\/\/hktackle.com\/wp-content\/uploads\/2025\/11\/best-fly-fishing-reels-2-300x177.jpg 300w, https:\/\/hktackle.com\/wp-content\/uploads\/2025\/11\/best-fly-fishing-reels-2-600x354.jpg 600w\" sizes=\"auto, (max-width: 686px) 100vw, 686px\" \/><\/h2>\n<h2 data-start=\"675\" data-end=\"697\"><strong data-start=\"680\" data-end=\"697\">Migliori mulinelli da pesca a mosca Caratteristiche chiave:<\/strong><\/h2>\n<ol data-start=\"699\" data-end=\"4529\">\n<li data-start=\"699\" data-end=\"1242\">\n<h3 data-start=\"702\" data-end=\"751\"><strong data-start=\"702\" data-end=\"751\">Ingegneria di Precisione per una Performance Fluida:<\/strong><\/h3>\n<ul data-start=\"755\" data-end=\"1242\">\n<li data-start=\"755\" data-end=\"1005\">\n<p data-start=\"757\" data-end=\"1005\">Nostro <a href=\"https:\/\/hktackle.com\/it\/introduzione-del-prodotto\/guida-b2b-fornitore-di-mulinelli-da-pesca\/\"><strong data-start=\"761\" data-end=\"787\">mulinelli da mosca per acque salate<\/strong><\/a> sono progettati con la precisione necessaria per garantire un recupero della lenza fluido e senza sforzo. Dotati di sistemi di trascinamento di alta qualit\u00e0, questi mulinelli offrono un eccellente controllo della tensione, consentendoti di combattere i pesci con sicurezza.<\/p>\n<\/li>\n<li data-start=\"1009\" data-end=\"1238\">\n<p data-start=\"1011\" data-end=\"1238\"><strong data-start=\"1011\" data-end=\"1035\">Sistema di trascinamento senza soluzione di continuit\u00e0<\/strong>I mulinelli presentano sistemi di trascinamento avanzati che offrono un'eccezionale morbidezza nell'aggiustare la resistenza. Questo d\u00e0 ai pescatori il pieno controllo durante la cattura, riducendo le probabilit\u00e0 di grovigli o rottura della linea.<\/p>\n<\/li>\n<\/ul>\n<\/li>\n<li data-start=\"1243\" data-end=\"1875\">\n<h3 data-start=\"1246\" data-end=\"1295\"><strong data-start=\"1246\" data-end=\"1295\">Corrosione-Resistente per Avventure in Acqua Salata:<\/strong><\/h3>\n<ul data-start=\"1299\" data-end=\"1875\">\n<li data-start=\"1299\" data-end=\"1648\">\n<p data-start=\"1301\" data-end=\"1648\">Costruito con <a href=\"https:\/\/hktackle.com\/it\/categoria-prodotto\/rulli\/\"><strong data-start=\"1312\" data-end=\"1335\">mulinelli da mosca per acque salate<\/strong><\/a> tenendo presente, i nostri mulinelli sono realizzati con materiali resistenti alla corrosione, rendendoli perfetti per l'uso sia in condizioni di acqua dolce che salata. Che tu stia pescando in acque costiere, fiumi o laghi, i nostri mulinelli da mosca mantengono le loro prestazioni e integrit\u00e0 estetica anche dopo un'esposizione prolungata all'acqua salata.<\/p>\n<\/li>\n<li data-start=\"1652\" data-end=\"1871\">\n<p data-start=\"1654\" data-end=\"1871\"><strong data-start=\"1654\" data-end=\"1678\">Costruzione Durevole<\/strong>Il telaio e il mulinello della bobina sono realizzati in alluminio anodizzato, che resiste alla ruggine, alla corrosione e all'usura. Questo garantisce un investimento duraturo sia per i pescatori occasionali che per le guide professionali.<\/p>\n<\/li>\n<\/ul>\n<\/li>\n<li data-start=\"1876\" data-end=\"2396\">\n<h3 data-start=\"1879\" data-end=\"1907\"><strong data-start=\"1879\" data-end=\"1907\">Leggero ma resistente:<\/strong><\/h3>\n<ul data-start=\"1911\" data-end=\"2396\">\n<li data-start=\"1911\" data-end=\"2153\">\n<p data-start=\"1913\" data-end=\"2153\">Il <strong data-start=\"1917\" data-end=\"1938\">mulinelli da mosca<\/strong> I prodotti di HK Tackle sono realizzati con materiali leggeri che riducono l'affaticamento durante lunghe sessioni di pesca. Nonostante la loro costruzione leggera, sono estremamente resistenti e progettati per sopportare le rigors di un uso frequente.<\/p>\n<\/li>\n<li data-start=\"2157\" data-end=\"2396\">\n<p data-start=\"2159\" data-end=\"2396\"><strong data-start=\"2159\" data-end=\"2177\">Design Compatto<\/strong>Il design compatto ed ergonomico del rocchetto garantisce che rimanga facile da maneggiare durante il lancio e il recupero. L'equilibrio tra peso e resistenza assicura che tu possa goderti lunghe ore di pesca senza disagio.<\/p>\n<\/li>\n<\/ul>\n<\/li>\n<li data-start=\"2398\" data-end=\"2991\">\n<h3 data-start=\"2401\" data-end=\"2443\"><strong data-start=\"2401\" data-end=\"2443\">Capacit\u00e0 di linea migliorata e velocit\u00e0 del reel:<\/strong><\/h3>\n<ul data-start=\"2447\" data-end=\"2991\">\n<li data-start=\"2447\" data-end=\"2741\">\n<p data-start=\"2449\" data-end=\"2741\">Progettati per gestire vari tipi di filo, inclusi tippet pi\u00f9 leggeri e leader pi\u00f9 pesanti, questi mulinelli offrono una generosa capacit\u00e0 di filo per adattarsi a lanci lunghi ed estesi. Che tu stia pescando con un 3wt per trote di piccoli corsi d'acqua o un 10wt per grandi specie di pesce d'acqua salata, i nostri mulinelli sono la soluzione per te.<\/p>\n<\/li>\n<li data-start=\"2745\" data-end=\"2991\">\n<p data-start=\"2747\" data-end=\"2991\"><strong data-start=\"2747\" data-end=\"2770\">Recupero ad alta velocit\u00e0<\/strong>Il sistema di recupero ad alta velocit\u00e0 del mulinello garantisce un rapido sollevamento della linea, offrendoti risposte rapide quando un pesce prende l'esca. Questa caratteristica \u00e8 particolarmente utile nelle acque in rapido movimento o quando si cercano specie di pesci aggressive.<\/p>\n<\/li>\n<\/ul>\n<\/li>\n<li data-start=\"2993\" data-end=\"3590\">\n<h3 data-start=\"2996\" data-end=\"3030\"><strong data-start=\"2996\" data-end=\"3030\">Personalizzabile per ogni pescatore:<\/strong><\/h3>\n<ul data-start=\"3034\" data-end=\"3590\">\n<li data-start=\"3034\" data-end=\"3353\">\n<p data-start=\"3036\" data-end=\"3353\">Il <a href=\"https:\/\/hktackle.com\/it\/guida-ai-mulinelli-da-pesca\/\"><strong data-start=\"3040\" data-end=\"3057\">vendita di mulinelli da pesca<\/strong><\/a> La sezione di HK Tackle offre una gamma di opzioni personalizzabili, permettendoti di selezionare il mulinello che si adatta perfettamente alle tue esigenze. Scegli tra diverse dimensioni, colori e sistemi di frizione per adattarsi al tuo stile di pesca specifico, che si tratti di lanci delicati in acque calme o di combattimenti con grandi pesci di acqua salata.<\/p>\n<\/li>\n<li data-start=\"3357\" data-end=\"3590\">\n<p data-start=\"3359\" data-end=\"3590\"><strong data-start=\"3359\" data-end=\"3380\">Variet\u00e0 di Modelli<\/strong>Offriamo diversi modelli con varie caratteristiche adattate a diverse condizioni di pesca. La nostra gamma di prodotti include opzioni sia leggere che robuste, garantendo che ci sia un mulinello perfetto per ogni pescatore.<\/p>\n<\/li>\n<\/ul>\n<\/li>\n<li data-start=\"3592\" data-end=\"4041\">\n<h3 data-start=\"3595\" data-end=\"3623\"><strong data-start=\"3595\" data-end=\"3623\">Design dell'impugnatura ergonomica:<\/strong><\/h3>\n<ul data-start=\"3627\" data-end=\"4041\">\n<li data-start=\"3627\" data-end=\"3848\">\n<p data-start=\"3629\" data-end=\"3848\">Caratterizzati da un design ergonomico del manico, questi mulinelli offrono comfort durante lunghe lanci e movimenti di recupero ripetitivi. L'impugnatura del manico \u00e8 ottimizzata per diverse dimensioni delle mani, garantendo una presa sicura in qualsiasi condizione.<\/p>\n<\/li>\n<li data-start=\"3852\" data-end=\"4041\">\n<p data-start=\"3854\" data-end=\"4041\"><strong data-start=\"3854\" data-end=\"3880\">Meccanismo Anti-Reverse<\/strong>Con un meccanismo anti-reverse integrato, questi mulinelli prevengono il movimento all'indietro, mantenendo il tuo filo in posizione e aggiungendo stabilit\u00e0 alla tua tecnica di pesca.<\/p>\n<\/li>\n<\/ul>\n<\/li>\n<li data-start=\"4043\" data-end=\"4529\">\n<h3 data-start=\"4046\" data-end=\"4084\"><strong data-start=\"4046\" data-end=\"4084\">Ordini all'ingrosso B2B e personalizzazione:<\/strong><\/h3>\n<ul data-start=\"4088\" data-end=\"4529\">\n<li data-start=\"4088\" data-end=\"4349\">\n<p data-start=\"4090\" data-end=\"4349\">In qualit\u00e0 di fornitore leader per clienti B2B, HK Tackle offre opzioni di acquisto all'ingrosso per rivenditori, distributori e guide di pesca. Possiamo evadere grandi ordini con branding personalizzabile, garantendo che la tua attivit\u00e0 offra prodotti di alta qualit\u00e0 con il tuo nome di marca.<\/p>\n<\/li>\n<li data-start=\"4353\" data-end=\"4529\">\n<p data-start=\"4355\" data-end=\"4529\"><strong data-start=\"4355\" data-end=\"4372\">Spedizione Veloce<\/strong>Offriamo opzioni di spedizione globali e affidabili, garantendo che i vostri prodotti arrivino in tempo, sia che stiate rifornendo il vostro negozio o evadendo ordini dei clienti.<\/p>\n<\/li>\n<\/ul>\n<\/li>\n<\/ol>\n<h2 data-start=\"4531\" data-end=\"4581\"><img loading=\"lazy\" decoding=\"async\" class=\"alignnone wp-image-1844\" src=\"https:\/\/hktackle.com\/wp-content\/uploads\/2025\/11\/best-fly-fishing-reels-9.jpg\" alt=\"vendita di mulinelli da pesca\" width=\"390\" height=\"390\" title=\"\" srcset=\"https:\/\/hktackle.com\/wp-content\/uploads\/2025\/11\/best-fly-fishing-reels-9.jpg 750w, https:\/\/hktackle.com\/wp-content\/uploads\/2025\/11\/best-fly-fishing-reels-9-300x300.jpg 300w, https:\/\/hktackle.com\/wp-content\/uploads\/2025\/11\/best-fly-fishing-reels-9-150x150.jpg 150w, https:\/\/hktackle.com\/wp-content\/uploads\/2025\/11\/best-fly-fishing-reels-9-600x600.jpg 600w\" sizes=\"auto, (max-width: 390px) 100vw, 390px\" \/><img loading=\"lazy\" decoding=\"async\" class=\"alignnone wp-image-1842\" src=\"https:\/\/hktackle.com\/wp-content\/uploads\/2025\/11\/best-fly-fishing-reels-7.jpg\" alt=\"mulinelli da mosca per acque salate\" width=\"390\" height=\"390\" title=\"\" srcset=\"https:\/\/hktackle.com\/wp-content\/uploads\/2025\/11\/best-fly-fishing-reels-7.jpg 750w, https:\/\/hktackle.com\/wp-content\/uploads\/2025\/11\/best-fly-fishing-reels-7-300x300.jpg 300w, https:\/\/hktackle.com\/wp-content\/uploads\/2025\/11\/best-fly-fishing-reels-7-150x150.jpg 150w, https:\/\/hktackle.com\/wp-content\/uploads\/2025\/11\/best-fly-fishing-reels-7-600x600.jpg 600w\" sizes=\"auto, (max-width: 390px) 100vw, 390px\" \/><\/h2>\n<h2 data-start=\"4531\" data-end=\"4581\"><strong data-start=\"4536\" data-end=\"4581\">Perch\u00e9 scegliere HK Tackle's <a href=\"https:\/\/hktackle.com\/it\/\">Mulinelli per la pesca a mosca<\/a>?<\/strong><\/h2>\n<p><img loading=\"lazy\" decoding=\"async\" class=\"alignnone wp-image-1469\" src=\"https:\/\/hktackle.com\/wp-content\/uploads\/2025\/11\/HK-fishing-tackle.jpg\" alt=\"HK Attrezzature da Pesca\" width=\"684\" height=\"465\" title=\"\" srcset=\"https:\/\/hktackle.com\/wp-content\/uploads\/2025\/11\/HK-fishing-tackle.jpg 861w, https:\/\/hktackle.com\/wp-content\/uploads\/2025\/11\/HK-fishing-tackle-300x204.jpg 300w, https:\/\/hktackle.com\/wp-content\/uploads\/2025\/11\/HK-fishing-tackle-768x522.jpg 768w, https:\/\/hktackle.com\/wp-content\/uploads\/2025\/11\/HK-fishing-tackle-600x408.jpg 600w\" sizes=\"auto, (max-width: 684px) 100vw, 684px\" \/><\/p>\n<ul data-start=\"4583\" data-end=\"5185\">\n<li data-start=\"4583\" data-end=\"4730\">\n<p data-start=\"4585\" data-end=\"4730\"><strong data-start=\"4585\" data-end=\"4606\">Design Innovativo<\/strong>: Il nostro <a href=\"https:\/\/hktackle.com\/it\/introduzione-del-prodotto\/guida-b2b-fornitore-di-mulinelli-da-pesca\/\">mulinelli da mosca<\/a> caratterizza le ultime tecnologie di bobine, garantendo prestazioni fluide e durata in tutte le condizioni.<\/p>\n<\/li>\n<li data-start=\"4731\" data-end=\"4880\">\n<p data-start=\"4733\" data-end=\"4880\"><strong data-start=\"4733\" data-end=\"4752\">Pronto per l'acqua salata<\/strong>Progettati per resistere a ambienti marini aggressivi, questi mulinelli resistono alla corrosione e offrono prestazioni costanti in acqua.<\/p>\n<\/li>\n<li data-start=\"4881\" data-end=\"5034\">\n<p data-start=\"4883\" data-end=\"5034\"><strong data-start=\"4883\" data-end=\"4908\">Opzioni di personalizzazione<\/strong>Con una variet\u00e0 di dimensioni, colori e caratteristiche tra cui scegliere, puoi trovare il mulinello perfetto per le tue specifiche esigenze di pesca.<\/p>\n<\/li>\n<li data-start=\"5035\" data-end=\"5185\">\n<p data-start=\"5037\" data-end=\"5185\"><strong data-start=\"5037\" data-end=\"5063\">Perfetto per l'approvvigionamento B2B<\/strong>Con opzioni di acquisto in grandi quantit\u00e0 e branding personalizzato, HK Tackle offre le soluzioni ideali per i mulinelli da mosca per le esigenze della tua azienda.<\/p>\n<\/li>\n<\/ul>\n<div class=\"wpforms-container\" id=\"wpforms-564\"><form id=\"wpforms-form-564\" class=\"wpforms-validate wpforms-form wpforms-ajax-form\" data-formid=\"564\" method=\"post\" enctype=\"multipart\/form-data\" action=\"\/it\/wp-json\/wp\/v2\/product\/1835\" data-token=\"a5e36027957c0b678575a16e829041db\" data-token-time=\"1776466334\" data-trp-original-action=\"\/it\/wp-json\/wp\/v2\/product\/1835\"><div class=\"wpforms-head-container\"><div class=\"wpforms-title\">Richiesta di preventivo<\/div><\/div><noscript class=\"wpforms-error-noscript\">Abilita JavaScript nel browser per completare questo modulo.<\/noscript><div class=\"wpforms-field-container\">\t\t<div id=\"wpforms-564-field_7-container\"\n\t\t\tclass=\"wpforms-field wpforms-field-text\"\n\t\t\tdata-field-type=\"text\"\n\t\t\tdata-field-id=\"7\"\n\t\t\t>\n\t\t\t<label class=\"wpforms-field-label\" for=\"wpforms-564-field_7\" >Richiesta di informazioni Pagina IP cliente Email<\/label>\n\t\t\t<input type=\"text\" id=\"wpforms-564-field_7\" class=\"wpforms-field-medium\" name=\"wpforms[fields][7]\" >\n\t\t<\/div>\n\t\t<div id=\"wpforms-564-field_1-container\" class=\"wpforms-field wpforms-field-name\" data-field-id=\"1\"><label class=\"wpforms-field-label wpforms-label-hide\" for=\"wpforms-564-field_1\">Nome <span class=\"wpforms-required-label\">*<\/span><\/label><input type=\"text\" id=\"wpforms-564-field_1\" class=\"wpforms-field-medium wpforms-field-required\" name=\"wpforms[fields][1]\" placeholder=\"Nome\" required><\/div><div id=\"wpforms-564-field_2-container\" class=\"wpforms-field wpforms-field-name\" data-field-id=\"2\"><label class=\"wpforms-field-label wpforms-label-hide\" for=\"wpforms-564-field_2\">Whatsapp <span class=\"wpforms-required-label\">*<\/span><\/label><input type=\"text\" id=\"wpforms-564-field_2\" class=\"wpforms-field-medium wpforms-field-required\" name=\"wpforms[fields][2]\" placeholder=\"WhatsApp\" required><\/div><div id=\"wpforms-564-field_4-container\" class=\"wpforms-field wpforms-field-name\" data-field-id=\"4\"><label class=\"wpforms-field-label wpforms-label-hide\" for=\"wpforms-564-field_4\">Email <span class=\"wpforms-required-label\">*<\/span><\/label><input type=\"text\" id=\"wpforms-564-field_4\" class=\"wpforms-field-medium wpforms-field-required\" name=\"wpforms[fields][4]\" placeholder=\"Email\" required><\/div><div id=\"wpforms-564-field_3-container\" class=\"wpforms-field wpforms-field-name\" data-field-id=\"3\"><label class=\"wpforms-field-label wpforms-label-hide\" for=\"wpforms-564-field_3\">Richiesta <span class=\"wpforms-required-label\">*<\/span><\/label><input type=\"text\" id=\"wpforms-564-field_3\" class=\"wpforms-field-medium wpforms-field-required\" name=\"wpforms[fields][3]\" placeholder=\"quale prodotto ti serve\" required><\/div><div id=\"wpforms-564-field_5-container\" class=\"wpforms-field wpforms-field-hidden\" data-field-id=\"5\"><input type=\"hidden\" id=\"wpforms-564-field_5\" name=\"wpforms[fields][5]\" value=\"216.73.216.42\"><\/div><div id=\"wpforms-564-field_6-container\" class=\"wpforms-field wpforms-field-hidden\" data-field-id=\"6\"><input type=\"hidden\" id=\"wpforms-564-field_6\" name=\"wpforms[fields][6]\" value=\"https:\/\/hktackle.com\/it\/wp-json\/wp\/v2\/product\/1835\"><\/div><script>\n\t\t\t\t( function() {\n\t\t\t\t\tconst style = document.createElement( 'style' );\n\t\t\t\t\tstyle.appendChild( document.createTextNode( '#wpforms-564-field_7-container { position: absolute !important; overflow: hidden !important; display: inline !important; height: 1px !important; width: 1px !important; z-index: -1000 !important; padding: 0 !important; } #wpforms-564-field_7-container input { visibility: hidden; } #wpforms-conversational-form-page #wpforms-564-field_7-container label { counter-increment: none; }' ) );\n\t\t\t\t\tdocument.head.appendChild( style );\n\t\t\t\t\tdocument.currentScript?.remove();\n\t\t\t\t} )();\n\t\t\t<\/script><\/div><!-- .wpforms-field-container --><div class=\"wpforms-submit-container\" ><input type=\"hidden\" name=\"wpforms[id]\" value=\"564\"><input type=\"hidden\" name=\"page_title\" value=\"\"><input type=\"hidden\" name=\"page_url\" value=\"https:\/\/hktackle.com\/it\/wp-json\/wp\/v2\/product\/1835\"><input type=\"hidden\" name=\"url_referer\" value=\"\"><button type=\"submit\" name=\"wpforms[submit]\" id=\"wpforms-submit-564\" class=\"wpforms-submit\" data-alt-text=\"Sending\" data-submit-text=\"Summit\" aria-live=\"assertive\" value=\"wpforms-submit\">Vertice<\/button><img loading=\"lazy\" decoding=\"async\" src=\"https:\/\/hktackle.com\/wp-content\/plugins\/wpforms\/assets\/images\/submit-spin.svg\" class=\"wpforms-submit-spinner\" style=\"display: none;\" width=\"26\" height=\"26\" alt=\"Loading\" title=\"\"><\/div><input type=\"hidden\" name=\"trp-form-language\" value=\"it\"\/><\/form><\/div>  <!-- .wpforms-container -->\n<div id=\"gtx-trans\" style=\"position: absolute; left: 226px; top: 3254.12px;\">\n<div class=\"gtx-trans-icon\"><\/div>\n<\/div>","protected":false},"excerpt":{"rendered":"<div class=\"image-container\">\n<p>Esplora il meglio della pesca a mosca con HK Tackle\u2019s <strong data-start=\"5721\" data-end=\"5750\">Mulinelli da Pesca a Mosca Premium<\/strong>Progettati per prestazioni, durata e resistenza alla corrosione, questi tamburi eccellono sia in ambienti marini che di acqua dolce. Acquista il nostro <strong data-start=\"5890\" data-end=\"5907\">vendita di mulinelli da pesca<\/strong> per offerte imbattibili oggi.<\/p>\n<\/div>\n<div class=\"wp-block-stackable-button stk-block-button popmake-1340 stk-block stk-13b8711 popmake-1340\" data-block-id=\"13b8711\">\n<style>.stk-13b8711 {min-height:var(--stk--preset--block-height--x-small, 4rem) !important;padding-top:var(--stk--preset--spacing--none, 0px) !important;padding-right:var(--stk--preset--spacing--none, 0px) !important;padding-bottom:var(--stk--preset--spacing--none, 0px) !important;padding-left:var(--stk--preset--spacing--none, 0px) !important;}.stk-13b8711 .stk-button{min-height:36px !important;padding-top:var(--stk--preset--spacing--40, 1rem) !important;padding-right:33px !important;padding-bottom:var(--stk--preset--spacing--40, 1rem) !important;background:#2db2eb !important;border-top-left-radius:var(--stk--preset--border-radius--small, 4px) !important;border-top-right-radius:var(--stk--preset--border-radius--small, 4px) !important;border-bottom-right-radius:var(--stk--preset--border-radius--small, 4px) !important;border-bottom-left-radius:var(--stk--preset--border-radius--small, 4px) !important;}.stk-13b8711 .stk-button__inner-text{color:#fffffe !important;}<\/style>\n<p><a class=\"stk-link stk-button stk--hover-effect-lift-scale-more\"><span class=\"has-text-color stk-button__inner-text\">Richiedi un preventivo <\/span><\/a><\/p>\n<\/div>","protected":false},"featured_media":1840,"template":"","meta":[],"product_brand":[],"product_cat":[23],"product_tag":[],"class_list":{"0":"post-1835","1":"product","2":"type-product","3":"status-publish","4":"has-post-thumbnail","6":"product_cat-reels","8":"first","9":"instock","10":"shipping-taxable","11":"product-type-simple"},"_links":{"self":[{"href":"https:\/\/hktackle.com\/it\/wp-json\/wp\/v2\/product\/1835","targetHints":{"allow":["GET"]}}],"collection":[{"href":"https:\/\/hktackle.com\/it\/wp-json\/wp\/v2\/product"}],"about":[{"href":"https:\/\/hktackle.com\/it\/wp-json\/wp\/v2\/types\/product"}],"wp:featuredmedia":[{"embeddable":true,"href":"https:\/\/hktackle.com\/it\/wp-json\/wp\/v2\/media\/1840"}],"wp:attachment":[{"href":"https:\/\/hktackle.com\/it\/wp-json\/wp\/v2\/media?parent=1835"}],"wp:term":[{"taxonomy":"product_brand","embeddable":true,"href":"https:\/\/hktackle.com\/it\/wp-json\/wp\/v2\/product_brand?post=1835"},{"taxonomy":"product_cat","embeddable":true,"href":"https:\/\/hktackle.com\/it\/wp-json\/wp\/v2\/product_cat?post=1835"},{"taxonomy":"product_tag","embeddable":true,"href":"https:\/\/hktackle.com\/it\/wp-json\/wp\/v2\/product_tag?post=1835"}],"curies":[{"name":"wp","href":"https:\/\/api.w.org\/{rel}","templated":true}]}}