{"id":1876,"date":"2025-11-14T04:14:22","date_gmt":"2025-11-14T04:14:22","guid":{"rendered":"https:\/\/hktackle.com\/?post_type=product&#038;p=1876"},"modified":"2025-12-02T15:09:11","modified_gmt":"2025-12-02T15:09:11","slug":"migliori-canne-da-pesca-in-acqua-salata","status":"publish","type":"product","link":"https:\/\/hktackle.com\/it\/prodotto\/migliori-canne-da-pesca-in-acqua-salata","title":{"rendered":"Migliori canne da pesca in acqua salata - Progettate per forza, resistenza e pesca d'altura"},"content":{"rendered":"<h1 data-start=\"372\" data-end=\"491\"><strong data-start=\"392\" data-end=\"491\">HK Tackle Premium Migliori Canne da Pesca in Mare \u2013 Progettate per Forza, Resistenza e Performance Offshore<\/strong><\/h1>\n<p><img loading=\"lazy\" decoding=\"async\" class=\"alignnone wp-image-1873\" src=\"https:\/\/hktackle.com\/wp-content\/uploads\/2025\/11\/saltwater-fishing-rods-7.jpg\" alt=\"fornitori di canne da pesca in acqua salata\" width=\"463\" height=\"463\" title=\"\" srcset=\"https:\/\/hktackle.com\/wp-content\/uploads\/2025\/11\/saltwater-fishing-rods-7.jpg 800w, https:\/\/hktackle.com\/wp-content\/uploads\/2025\/11\/saltwater-fishing-rods-7-300x300.jpg 300w, https:\/\/hktackle.com\/wp-content\/uploads\/2025\/11\/saltwater-fishing-rods-7-150x150.jpg 150w, https:\/\/hktackle.com\/wp-content\/uploads\/2025\/11\/saltwater-fishing-rods-7-768x768.jpg 768w, https:\/\/hktackle.com\/wp-content\/uploads\/2025\/11\/saltwater-fishing-rods-7-600x600.jpg 600w\" sizes=\"auto, (max-width: 463px) 100vw, 463px\" \/><img loading=\"lazy\" decoding=\"async\" class=\"alignnone wp-image-1870\" src=\"https:\/\/hktackle.com\/wp-content\/uploads\/2025\/11\/saltwater-fishing-rods-4.jpg\" alt=\"canne da pesca in acqua salata\" width=\"459\" height=\"458\" title=\"\" srcset=\"https:\/\/hktackle.com\/wp-content\/uploads\/2025\/11\/saltwater-fishing-rods-4.jpg 800w, https:\/\/hktackle.com\/wp-content\/uploads\/2025\/11\/saltwater-fishing-rods-4-300x300.jpg 300w, https:\/\/hktackle.com\/wp-content\/uploads\/2025\/11\/saltwater-fishing-rods-4-150x150.jpg 150w, https:\/\/hktackle.com\/wp-content\/uploads\/2025\/11\/saltwater-fishing-rods-4-768x767.jpg 768w, https:\/\/hktackle.com\/wp-content\/uploads\/2025\/11\/saltwater-fishing-rods-4-600x600.jpg 600w\" sizes=\"auto, (max-width: 459px) 100vw, 459px\" \/><\/p>\n<hr data-start=\"493\" data-end=\"496\" \/>\n<p data-start=\"498\" data-end=\"1066\">La pesca in acqua salata richiede attrezzature che possano resistere a ambienti estremi, colpi potenti e lunghe battaglie con specie di pesci aggressivi. Il <strong data-start=\"646\" data-end=\"690\">HK Tackle migliori canne da pesca per acque salate<\/strong>\u00a0\u00e8 progettato specificamente per i pescatori che richiedono una forza, una durata e una performance di lancio eccezionali in condizioni difficili di acqua salata. Come uno dei <a href=\"https:\/\/hktackle.com\/it\/guida-alle-canne-da-pesca\/\"><strong data-start=\"845\" data-end=\"876\">migliori canne da pesca in acqua salata<\/strong><\/a> per sia i pescatori professionisti che i compratori commerciali, questa canna offre un'eccezionale potenza e sensibilit\u00e0, rendendola adatta a una vasta gamma di applicazioni di pesca inshore e offshore.<\/p>\n<p data-start=\"1068\" data-end=\"1380\">Realizzato con materiali compositi avanzati, la canna offre un equilibrio perfetto tra leggerezza e una struttura portante ad alta resistenza. Che tu stia puntando a redfish, snapper, striped bass, tonni o tarpon, questa canna fornisce la potenza di sollevamento e la reattivit\u00e0 necessarie per rapide ferrate e combattimenti prolungati.<\/p>\n<hr data-start=\"1382\" data-end=\"1385\" \/>\n<h2 data-start=\"1387\" data-end=\"1445\"><strong data-start=\"1390\" data-end=\"1445\">Costruzione Premium per Condizioni di Acqua Salata Estrema<\/strong><\/h2>\n<p><img loading=\"lazy\" decoding=\"async\" class=\"alignnone wp-image-1869\" src=\"https:\/\/hktackle.com\/wp-content\/uploads\/2025\/11\/saltwater-fishing-rods-3.jpg\" alt=\"migliori canne da pesca in acqua salata\" width=\"514\" height=\"360\" title=\"\" srcset=\"https:\/\/hktackle.com\/wp-content\/uploads\/2025\/11\/saltwater-fishing-rods-3.jpg 750w, https:\/\/hktackle.com\/wp-content\/uploads\/2025\/11\/saltwater-fishing-rods-3-300x210.jpg 300w, https:\/\/hktackle.com\/wp-content\/uploads\/2025\/11\/saltwater-fishing-rods-3-600x420.jpg 600w\" sizes=\"auto, (max-width: 514px) 100vw, 514px\" \/><img loading=\"lazy\" decoding=\"async\" class=\"alignnone wp-image-1875\" src=\"https:\/\/hktackle.com\/wp-content\/uploads\/2025\/11\/saltwater-fishing-rods-9.jpg\" alt=\"fornitori di canne da pesca in acqua salata\" width=\"478\" height=\"360\" title=\"\" srcset=\"https:\/\/hktackle.com\/wp-content\/uploads\/2025\/11\/saltwater-fishing-rods-9.jpg 750w, https:\/\/hktackle.com\/wp-content\/uploads\/2025\/11\/saltwater-fishing-rods-9-300x226.jpg 300w, https:\/\/hktackle.com\/wp-content\/uploads\/2025\/11\/saltwater-fishing-rods-9-600x452.jpg 600w\" sizes=\"auto, (max-width: 478px) 100vw, 478px\" \/><\/p>\n<p data-start=\"1447\" data-end=\"1810\">L'attrezzatura per acque salate deve resistere a ambienti corrosivi, e HK Tackle comprende l'importanza dell'affidabilit\u00e0. Questa canna presenta <strong data-start=\"1576\" data-end=\"1632\">guida resistenti all'acqua salata, sedili per mulinelli e componenti<\/strong>, garantendo una durabilit\u00e0 a lungo termine. Il vuoto \u00e8 sigillato con un rivestimento protettivo antiruggine che previene il deterioramento anche dopo ripetuta esposizione a spruzzi salini e raggi UV.<\/p>\n<p data-start=\"1812\" data-end=\"2017\">Il manico \u00e8 progettato con <strong data-start=\"1840\" data-end=\"1881\">materiale EVA o sughero antiscivolo e resistente all'acqua<\/strong>, offrendo una presa e un comfort superiori anche quando bagnato. Questo design ergonomico riduce l'affaticamento delle mani, rendendolo ideale per lunghi viaggi in mare.<\/p>\n<hr data-start=\"2019\" data-end=\"2022\" \/>\n<h2 data-start=\"2024\" data-end=\"2069\"><strong data-start=\"2027\" data-end=\"2069\">Distanza e precisione di getto superiori<\/strong><\/h2>\n<p data-start=\"2071\" data-end=\"2427\">Il <a href=\"https:\/\/hktackle.com\/it\/consigli-di-pesca\/prestazioni-di-azione-potenza-canna-da-pesca\/\"><strong data-start=\"2075\" data-end=\"2102\">canne da pesca in acqua salata<\/strong> <\/a>Le canne da HK Tackle sono progettate per offrire lanci fluidi, controllati e a lunga distanza. Il layout leggero dei passacavi riduce l'attrito, consentendo ai pescatori di lanciare pi\u00f9 lontano con meno sforzo. Che tu stia lanciando jig pesanti, esche vive o artificiali da superficie, questa canna garantisce un'accuratezza costante, anche in condizioni ventose al largo.<\/p>\n<p data-start=\"2429\" data-end=\"2559\">La punta reattiva della canna garantisce una presentazione precisa dell'esca, un vantaggio chiave quando si pescano specie di acqua salata sottoposte a pressione o schive.<\/p>\n<p data-start=\"2429\" data-end=\"2559\"><img loading=\"lazy\" decoding=\"async\" class=\"alignnone wp-image-1871\" src=\"https:\/\/hktackle.com\/wp-content\/uploads\/2025\/11\/saltwater-fishing-rods-5.jpg\" alt=\"migliori canne da pesca in acqua salata\" width=\"395\" height=\"351\" title=\"\" srcset=\"https:\/\/hktackle.com\/wp-content\/uploads\/2025\/11\/saltwater-fishing-rods-5.jpg 800w, https:\/\/hktackle.com\/wp-content\/uploads\/2025\/11\/saltwater-fishing-rods-5-300x267.jpg 300w, https:\/\/hktackle.com\/wp-content\/uploads\/2025\/11\/saltwater-fishing-rods-5-768x684.jpg 768w, https:\/\/hktackle.com\/wp-content\/uploads\/2025\/11\/saltwater-fishing-rods-5-600x534.jpg 600w\" sizes=\"auto, (max-width: 395px) 100vw, 395px\" \/><img loading=\"lazy\" decoding=\"async\" class=\"alignnone wp-image-1867\" src=\"https:\/\/hktackle.com\/wp-content\/uploads\/2025\/11\/saltwater-fishing-rods-1.jpg\" alt=\"canne da pesca in acqua salata \" width=\"635\" height=\"354\" title=\"\" srcset=\"https:\/\/hktackle.com\/wp-content\/uploads\/2025\/11\/saltwater-fishing-rods-1.jpg 750w, https:\/\/hktackle.com\/wp-content\/uploads\/2025\/11\/saltwater-fishing-rods-1-300x167.jpg 300w, https:\/\/hktackle.com\/wp-content\/uploads\/2025\/11\/saltwater-fishing-rods-1-600x334.jpg 600w\" sizes=\"auto, (max-width: 635px) 100vw, 635px\" \/><\/p>\n<hr data-start=\"2561\" data-end=\"2564\" \/>\n<h2 data-start=\"2566\" data-end=\"2606\"><strong data-start=\"2569\" data-end=\"2606\">Potenza e sensibilit\u00e0 eccezionali<\/strong><\/h2>\n<p data-start=\"2608\" data-end=\"2877\">Una delle caratteristiche pi\u00f9 preziose di una canna da spinning premium per acqua salata \u00e8 la sua capacit\u00e0 di fornire potenza senza sacrificare la sensibilit\u00e0. La tecnologia avanzata del fusto di HK Tackle consente ai pescatori di percepire le abboccate sottili mantenendo la robustezza necessaria per controllare pesci potenti.<\/p>\n<p data-start=\"2879\" data-end=\"3101\">La sezione centrale e inferiore della canna \u00e8 progettata con strati di fibra di carbonio rinforzata, offrendole un'eccezionale potenza di sollevamento. Questo design consente ai pescatori di applicare la massima pressione durante le battaglie senza preoccuparsi del fallimento della canna.<\/p>\n<hr data-start=\"3103\" data-end=\"3106\" \/>\n<h2 data-start=\"3108\" data-end=\"3156\"><strong data-start=\"3111\" data-end=\"3156\">Ideale per molteplici applicazioni in acqua salata<\/strong><\/h2>\n<p data-start=\"3158\" data-end=\"3316\">Se il tuo mercato richiede <a href=\"https:\/\/hktackle.com\/it\/categoria-prodotto\/combinazione-di-barre\/\">canne da pesca in acqua salata<\/a> per pescatori occasionali, capitani di charter o pescatori competitivi, questo modello \u00e8 adatto a una vasta gamma di scenari in acque salate:<\/p>\n<ul data-start=\"3318\" data-end=\"3502\">\n<li data-start=\"3318\" data-end=\"3378\">\n<p data-start=\"3320\" data-end=\"3378\"><strong data-start=\"3320\" data-end=\"3340\">Pesca costiera:<\/strong> redfish, trota di mare, snook, platessa<\/p>\n<\/li>\n<li data-start=\"3379\" data-end=\"3438\">\n<p data-start=\"3381\" data-end=\"3438\"><strong data-start=\"3381\" data-end=\"3403\">Pesca costiera:<\/strong> spigola, pesce blu, sgombro<\/p>\n<\/li>\n<li data-start=\"3439\" data-end=\"3502\">\n<p data-start=\"3441\" data-end=\"3502\"><strong data-start=\"3441\" data-end=\"3462\">Pesca d'altura:<\/strong> mahi-mahi, tonno, ricciola, barracuda<\/p>\n<\/li>\n<\/ul>\n<p data-start=\"3504\" data-end=\"3632\">La canna \u00e8 disponibile in diverse potenze e lunghezze, rendendola adatta per jigging, trolling, casting o pesca sul fondo.<\/p>\n<hr data-start=\"3634\" data-end=\"3637\" \/>\n<h2 data-start=\"3639\" data-end=\"3696\"><strong data-start=\"3642\" data-end=\"3696\">Affidabile per Acquisti all'Ingrosso e Distribuzione al Dettaglio<\/strong><\/h2>\n<p data-start=\"3698\" data-end=\"3967\"><img loading=\"lazy\" decoding=\"async\" class=\"alignnone wp-image-1874\" src=\"https:\/\/hktackle.com\/wp-content\/uploads\/2025\/11\/saltwater-fishing-rods-8.jpg\" alt=\"migliori canne da pesca in acqua salata\" width=\"408\" height=\"319\" title=\"\" srcset=\"https:\/\/hktackle.com\/wp-content\/uploads\/2025\/11\/saltwater-fishing-rods-8.jpg 800w, https:\/\/hktackle.com\/wp-content\/uploads\/2025\/11\/saltwater-fishing-rods-8-300x235.jpg 300w, https:\/\/hktackle.com\/wp-content\/uploads\/2025\/11\/saltwater-fishing-rods-8-768x601.jpg 768w, https:\/\/hktackle.com\/wp-content\/uploads\/2025\/11\/saltwater-fishing-rods-8-600x470.jpg 600w\" sizes=\"auto, (max-width: 408px) 100vw, 408px\" \/><\/p>\n<p data-start=\"3698\" data-end=\"3967\">Come leader <a href=\"https:\/\/hktackle.com\/it\/guida-alle-canne-da-pesca\/\"><strong data-start=\"3711\" data-end=\"3746\">fornitori di canne da pesca in acqua salata<\/strong><\/a>, HK Tackle offre servizi completi di produzione e vendita all'ingrosso B2B. Le nostre canne sono progettate non solo per i pescatori ma anche per distributori, negozi di attrezzature, venditori di e-commerce, operatori di flotte charter e marchi OEM.<\/p>\n<h3 data-start=\"3969\" data-end=\"3998\"><strong data-start=\"3973\" data-end=\"3998\">I vantaggi B2B includono:<\/strong><\/h3>\n<ul data-start=\"3999\" data-end=\"4218\">\n<li data-start=\"3999\" data-end=\"4049\">\n<p data-start=\"4001\" data-end=\"4049\">Controllo di qualit\u00e0 stabile per ordini di grande volume<\/p>\n<\/li>\n<li data-start=\"4050\" data-end=\"4129\">\n<p data-start=\"4052\" data-end=\"4129\">Opzioni di personalizzazione multi-livello (brand, imballaggio, colori, componenti)<\/p>\n<\/li>\n<li data-start=\"4130\" data-end=\"4178\">\n<p data-start=\"4132\" data-end=\"4178\">Prezzi all'ingrosso competitivi direttamente dalla fabbrica<\/p>\n<\/li>\n<li data-start=\"4179\" data-end=\"4218\">\n<p data-start=\"4181\" data-end=\"4218\">Produzione rapida e spedizione globale<\/p>\n<\/li>\n<\/ul>\n<p data-start=\"4220\" data-end=\"4339\">Le aziende possono anche richiedere azioni personalizzate sulle aste, materiali delle maniglie, configurazioni delle guide e stampa a marchio privato.<\/p>\n<hr data-start=\"4341\" data-end=\"4344\" \/>\n<h2 data-start=\"4346\" data-end=\"4405\"><strong data-start=\"4349\" data-end=\"4405\">Perch\u00e9 scegliere HK Tackle come le tue migliori canne da pesca in mare <\/strong><strong data-start=\"4349\" data-end=\"4405\">Fornitore?<\/strong><\/h2>\n<ul data-start=\"4407\" data-end=\"4698\">\n<li data-start=\"4407\" data-end=\"4454\">\n<p data-start=\"4409\" data-end=\"4454\">10 anni di esperienza nella produzione di aste<\/p>\n<\/li>\n<li data-start=\"4455\" data-end=\"4521\">\n<p data-start=\"4457\" data-end=\"4521\">Aste dure progettate specificamente per prestazioni in acqua salata<\/p>\n<\/li>\n<li data-start=\"4522\" data-end=\"4577\">\n<p data-start=\"4524\" data-end=\"4577\">Materiali comprovati e componenti resistenti alla corrosione<\/p>\n<\/li>\n<li data-start=\"4578\" data-end=\"4628\">\n<p data-start=\"4580\" data-end=\"4628\">Supporto professionale OEM\/ODM per marchi globali<\/p>\n<\/li>\n<li data-start=\"4629\" data-end=\"4698\">\n<p data-start=\"4631\" data-end=\"4698\">Capacit\u00e0 di fornire sia linee di prodotti di alta gamma che linee di prodotti economici<\/p>\n<\/li>\n<\/ul>\n<p data-start=\"4700\" data-end=\"4815\">Con HK Tackle, guadagni un'affidabile <a href=\"https:\/\/hktackle.com\/it\/notizie-di-settore\/canne-da-surf-vs-canne-per-acqua-salata\/\">canne da pesca in acqua salata<\/a> fornitore impegnato in partnership a lungo termine e nell'eccellenza costante del prodotto.<\/p>\n<p data-start=\"4700\" data-end=\"4815\"><div class=\"wpforms-container\" id=\"wpforms-564\"><form id=\"wpforms-form-564\" class=\"wpforms-validate wpforms-form wpforms-ajax-form\" data-formid=\"564\" method=\"post\" enctype=\"multipart\/form-data\" action=\"\/it\/wp-json\/wp\/v2\/product\/1876\" data-token=\"a5e36027957c0b678575a16e829041db\" data-token-time=\"1776392438\" data-trp-original-action=\"\/it\/wp-json\/wp\/v2\/product\/1876\"><div class=\"wpforms-head-container\"><div class=\"wpforms-title\">Richiesta di preventivo<\/div><\/div><noscript class=\"wpforms-error-noscript\">Abilita JavaScript nel browser per completare questo modulo.<\/noscript><div class=\"wpforms-field-container\"><div id=\"wpforms-564-field_1-container\" class=\"wpforms-field wpforms-field-name\" data-field-id=\"1\"><label class=\"wpforms-field-label wpforms-label-hide\" for=\"wpforms-564-field_1\">Nome <span class=\"wpforms-required-label\">*<\/span><\/label><input type=\"text\" id=\"wpforms-564-field_1\" class=\"wpforms-field-medium wpforms-field-required\" name=\"wpforms[fields][1]\" placeholder=\"Nome\" required><\/div><div id=\"wpforms-564-field_2-container\" class=\"wpforms-field wpforms-field-name\" data-field-id=\"2\"><label class=\"wpforms-field-label wpforms-label-hide\" for=\"wpforms-564-field_2\">Whatsapp <span class=\"wpforms-required-label\">*<\/span><\/label><input type=\"text\" id=\"wpforms-564-field_2\" class=\"wpforms-field-medium wpforms-field-required\" name=\"wpforms[fields][2]\" placeholder=\"WhatsApp\" required><\/div><div id=\"wpforms-564-field_4-container\" class=\"wpforms-field wpforms-field-name\" data-field-id=\"4\"><label class=\"wpforms-field-label wpforms-label-hide\" for=\"wpforms-564-field_4\">Email <span class=\"wpforms-required-label\">*<\/span><\/label><input type=\"text\" id=\"wpforms-564-field_4\" class=\"wpforms-field-medium wpforms-field-required\" name=\"wpforms[fields][4]\" placeholder=\"Email\" required><\/div><div id=\"wpforms-564-field_3-container\" class=\"wpforms-field wpforms-field-name\" data-field-id=\"3\"><label class=\"wpforms-field-label wpforms-label-hide\" for=\"wpforms-564-field_3\">Richiesta <span class=\"wpforms-required-label\">*<\/span><\/label><input type=\"text\" id=\"wpforms-564-field_3\" class=\"wpforms-field-medium wpforms-field-required\" name=\"wpforms[fields][3]\" placeholder=\"quale prodotto ti serve\" required><\/div>\t\t<div id=\"wpforms-564-field_7-container\"\n\t\t\tclass=\"wpforms-field wpforms-field-text\"\n\t\t\tdata-field-type=\"text\"\n\t\t\tdata-field-id=\"7\"\n\t\t\t>\n\t\t\t<label class=\"wpforms-field-label\" for=\"wpforms-564-field_7\" >Richiesta pagina Whatsapp Inquiry<\/label>\n\t\t\t<input type=\"text\" id=\"wpforms-564-field_7\" class=\"wpforms-field-medium\" name=\"wpforms[fields][7]\" >\n\t\t<\/div>\n\t\t<div id=\"wpforms-564-field_5-container\" class=\"wpforms-field wpforms-field-hidden\" data-field-id=\"5\"><input type=\"hidden\" id=\"wpforms-564-field_5\" name=\"wpforms[fields][5]\" value=\"216.73.216.69\"><\/div><div id=\"wpforms-564-field_6-container\" class=\"wpforms-field wpforms-field-hidden\" data-field-id=\"6\"><input type=\"hidden\" id=\"wpforms-564-field_6\" name=\"wpforms[fields][6]\" value=\"https:\/\/hktackle.com\/it\/wp-json\/wp\/v2\/product\/1876\"><\/div><script>\n\t\t\t\t( function() {\n\t\t\t\t\tconst style = document.createElement( 'style' );\n\t\t\t\t\tstyle.appendChild( document.createTextNode( '#wpforms-564-field_7-container { position: absolute !important; overflow: hidden !important; display: inline !important; height: 1px !important; width: 1px !important; z-index: -1000 !important; padding: 0 !important; } #wpforms-564-field_7-container input { visibility: hidden; } #wpforms-conversational-form-page #wpforms-564-field_7-container label { counter-increment: none; }' ) );\n\t\t\t\t\tdocument.head.appendChild( style );\n\t\t\t\t\tdocument.currentScript?.remove();\n\t\t\t\t} )();\n\t\t\t<\/script><\/div><!-- .wpforms-field-container --><div class=\"wpforms-submit-container\" ><input type=\"hidden\" name=\"wpforms[id]\" value=\"564\"><input type=\"hidden\" name=\"page_title\" value=\"\"><input type=\"hidden\" name=\"page_url\" value=\"https:\/\/hktackle.com\/it\/wp-json\/wp\/v2\/product\/1876\"><input type=\"hidden\" name=\"url_referer\" value=\"\"><button type=\"submit\" name=\"wpforms[submit]\" id=\"wpforms-submit-564\" class=\"wpforms-submit\" data-alt-text=\"Sending\" data-submit-text=\"Summit\" aria-live=\"assertive\" value=\"wpforms-submit\">Vertice<\/button><img loading=\"lazy\" decoding=\"async\" src=\"https:\/\/hktackle.com\/wp-content\/plugins\/wpforms\/assets\/images\/submit-spin.svg\" class=\"wpforms-submit-spinner\" style=\"display: none;\" width=\"26\" height=\"26\" alt=\"Loading\" title=\"\"><\/div><input type=\"hidden\" name=\"trp-form-language\" value=\"it\"\/><\/form><\/div>  <!-- .wpforms-container --><\/p>\n<div id=\"gtx-trans\" style=\"position: absolute; left: 249px; top: 3421.5px;\">\n<div class=\"gtx-trans-icon\"><\/div>\n<\/div>","protected":false},"excerpt":{"rendered":"<p>L'asta da spinning Premium Saltwater di HK Tackle offre forza, sensibilit\u00e0 e durata resistente alla corrosione per tutti gli ambienti marini. Ideale per la pesca in acque costiere e offshore, con opzioni all'ingrosso e OEM disponibili.<\/p>\n<div class=\"wp-block-stackable-button stk-block-button popmake-1340 stk-block stk-13b8711 popmake-1340\" data-block-id=\"13b8711\">\n<style>.stk-13b8711 {min-height:var(--stk--preset--block-height--x-small, 4rem) !important;padding-top:var(--stk--preset--spacing--none, 0px) !important;padding-right:var(--stk--preset--spacing--none, 0px) !important;padding-bottom:var(--stk--preset--spacing--none, 0px) !important;padding-left:var(--stk--preset--spacing--none, 0px) !important;}.stk-13b8711 .stk-button{min-height:36px !important;padding-top:var(--stk--preset--spacing--40, 1rem) !important;padding-right:33px !important;padding-bottom:var(--stk--preset--spacing--40, 1rem) !important;background:#2db2eb !important;border-top-left-radius:var(--stk--preset--border-radius--small, 4px) !important;border-top-right-radius:var(--stk--preset--border-radius--small, 4px) !important;border-bottom-right-radius:var(--stk--preset--border-radius--small, 4px) !important;border-bottom-left-radius:var(--stk--preset--border-radius--small, 4px) !important;}.stk-13b8711 .stk-button__inner-text{color:#fffffe !important;}<\/style>\n<p><a class=\"stk-link stk-button stk--hover-effect-lift-scale-more\"><span class=\"has-text-color stk-button__inner-text\">Richiedi un preventivo <\/span><\/a><\/p>\n<\/div>","protected":false},"featured_media":1868,"template":"","meta":[],"product_brand":[],"product_cat":[20],"product_tag":[],"class_list":{"0":"post-1876","1":"product","2":"type-product","3":"status-publish","4":"has-post-thumbnail","6":"product_cat-rod-combo","8":"first","9":"instock","10":"shipping-taxable","11":"product-type-simple"},"_links":{"self":[{"href":"https:\/\/hktackle.com\/it\/wp-json\/wp\/v2\/product\/1876","targetHints":{"allow":["GET"]}}],"collection":[{"href":"https:\/\/hktackle.com\/it\/wp-json\/wp\/v2\/product"}],"about":[{"href":"https:\/\/hktackle.com\/it\/wp-json\/wp\/v2\/types\/product"}],"wp:featuredmedia":[{"embeddable":true,"href":"https:\/\/hktackle.com\/it\/wp-json\/wp\/v2\/media\/1868"}],"wp:attachment":[{"href":"https:\/\/hktackle.com\/it\/wp-json\/wp\/v2\/media?parent=1876"}],"wp:term":[{"taxonomy":"product_brand","embeddable":true,"href":"https:\/\/hktackle.com\/it\/wp-json\/wp\/v2\/product_brand?post=1876"},{"taxonomy":"product_cat","embeddable":true,"href":"https:\/\/hktackle.com\/it\/wp-json\/wp\/v2\/product_cat?post=1876"},{"taxonomy":"product_tag","embeddable":true,"href":"https:\/\/hktackle.com\/it\/wp-json\/wp\/v2\/product_tag?post=1876"}],"curies":[{"name":"wp","href":"https:\/\/api.w.org\/{rel}","templated":true}]}}