{"id":1888,"date":"2025-11-14T05:06:07","date_gmt":"2025-11-14T05:06:07","guid":{"rendered":"https:\/\/hktackle.com\/?post_type=product&#038;p=1888"},"modified":"2025-12-02T15:15:10","modified_gmt":"2025-12-02T15:15:10","slug":"fabbricante-di-mulinelli-da-surf-fishing","status":"publish","type":"product","link":"https:\/\/hktackle.com\/it\/prodotto\/fabbricante-di-mulinelli-da-surf-fishing","title":{"rendered":"Surf Fishing Reels per Prestazioni in Acqua Salata e Fornitura B2B"},"content":{"rendered":"<h1 data-start=\"906\" data-end=\"977\"><strong data-start=\"906\" data-end=\"977\">Freni da surf fishing premium per prestazioni in acqua salata e fornitura B2B<\/strong><\/h1>\n<p data-start=\"979\" data-end=\"1478\">HK Tackle \u00e8 un produttore ed esportatore professionale di alta resistenza. <a href=\"https:\/\/hktackle.com\/it\/guida-ai-mulinelli-da-pesca\/\"><strong data-start=\"1050\" data-end=\"1072\">mulinete da surfcasting<\/strong><\/a> progettati specificamente per ambienti di lancio in acqua salata. I nostri mulinelli sono progettati per grossisti globali, marchi di attrezzature e rivenditori che cercano prestazioni durature, qualit\u00e0 di produzione stabile e prezzi OEM competitivi. Combinando ingegneria di precisione con materiali resistenti alla corrosione, HK Tackle offre mulinelli da surf in grado di gestire onde potenti, lanci a lunga distanza e grandi specie costiere.<\/p>\n<p data-start=\"979\" data-end=\"1478\"><img loading=\"lazy\" decoding=\"async\" class=\"alignnone size-full wp-image-1262\" src=\"https:\/\/hktackle.com\/wp-content\/uploads\/2025\/10\/surf-reel-9.png\" alt=\"mulinete da surfcasting\" width=\"402\" height=\"519\" title=\"\" srcset=\"https:\/\/hktackle.com\/wp-content\/uploads\/2025\/10\/surf-reel-9.png 402w, https:\/\/hktackle.com\/wp-content\/uploads\/2025\/10\/surf-reel-9-232x300.png 232w\" sizes=\"auto, (max-width: 402px) 100vw, 402px\" \/><img loading=\"lazy\" decoding=\"async\" class=\"alignnone size-full wp-image-1259\" src=\"https:\/\/hktackle.com\/wp-content\/uploads\/2025\/10\/surf-reel-6.png\" alt=\"miglior mulinello per pesca surf\" width=\"390\" height=\"531\" title=\"\" srcset=\"https:\/\/hktackle.com\/wp-content\/uploads\/2025\/10\/surf-reel-6.png 390w, https:\/\/hktackle.com\/wp-content\/uploads\/2025\/10\/surf-reel-6-220x300.png 220w\" sizes=\"auto, (max-width: 390px) 100vw, 390px\" \/><\/p>\n<hr data-start=\"1480\" data-end=\"1483\" \/>\n<h2 data-start=\"1485\" data-end=\"1534\"><strong data-start=\"1488\" data-end=\"1534\">Progettato per lanci a lunga distanza dalla costa<\/strong><\/h2>\n<p data-start=\"1536\" data-end=\"1907\">Un vero <a href=\"https:\/\/hktackle.com\/it\/guida-ai-mulinelli-da-pesca\/\"><strong data-start=\"1543\" data-end=\"1564\">bobina da surf per la pesca<\/strong><\/a> deve trovare un equilibrio tra capacit\u00e0 del mulinello, lisciabilit\u00e0 del lancio e stabilit\u00e0 della resistenza. HK Tackle utilizza mulinelli in alluminio lavorati con CNC per ridurre il peso mantenendo l'integrit\u00e0 strutturale sotto alta tensione della linea. Il labbro del mulinello ottimizzato riduce l'attrito, consentendo alle linee in monofilamento o intrecciate di scorrere senza problemi durante lanci a lunga distanza.<\/p>\n<p data-start=\"1909\" data-end=\"2191\">Il movimento interno \u00e8 realizzato con opzioni in acciaio inossidabile o ottone a seconda delle esigenze del mercato di riferimento. I rapporti di ingranaggio possono essere personalizzati per soddisfare le preferenze di pesca locali, sia per recuperi rapidi per stili di surf attivi o recuperi moderati per esche pesanti e grandi specie di surf.<\/p>\n<hr data-start=\"2193\" data-end=\"2196\" \/>\n<h2 data-start=\"2198\" data-end=\"2258\"><strong data-start=\"2201\" data-end=\"2258\">Resistenza alla corrosione da acqua salata per ambienti difficili<\/strong><\/h2>\n<p data-start=\"2260\" data-end=\"2527\">L'esposizione all'acqua salata \u00e8 il fattore principale che determina la longevit\u00e0 in <a href=\"https:\/\/hktackle.com\/it\/introduzione-del-prodotto\/guida-b2b-fornitore-di-mulinelli-da-pesca\/\"><strong data-start=\"2330\" data-end=\"2352\">mulinete da surfcasting<\/strong><\/a>Per soddisfare le aspettative degli acquirenti B2B globali, HK Tackle applica trattamenti anti-corrosione multilivello utilizzando superfici anodizzate, componenti di qualit\u00e0 marina e cuscinetti sigillati.<\/p>\n<p data-start=\"2529\" data-end=\"2553\">Le protezioni chiave includono:<\/p>\n<ul data-start=\"2555\" data-end=\"2791\">\n<li data-start=\"2555\" data-end=\"2606\">\n<p data-start=\"2557\" data-end=\"2606\"><strong data-start=\"2557\" data-end=\"2604\">Costruzione del corpo resistente all'acqua con classificazione IPX<\/strong><\/p>\n<\/li>\n<li data-start=\"2607\" data-end=\"2646\">\n<p data-start=\"2609\" data-end=\"2646\"><strong data-start=\"2609\" data-end=\"2644\">Cuscinetti rivestiti con protezione contro il sale<\/strong><\/p>\n<\/li>\n<li data-start=\"2647\" data-end=\"2696\">\n<p data-start=\"2649\" data-end=\"2696\"><strong data-start=\"2649\" data-end=\"2694\">Sistema di trascinamento sigillato con rondelle sintetiche<\/strong><\/p>\n<\/li>\n<li data-start=\"2697\" data-end=\"2742\">\n<p data-start=\"2699\" data-end=\"2742\"><strong data-start=\"2699\" data-end=\"2740\">Albero principale in acciaio inossidabile rinforzato<\/strong><\/p>\n<\/li>\n<li data-start=\"2743\" data-end=\"2791\">\n<p data-start=\"2745\" data-end=\"2791\"><strong data-start=\"2745\" data-end=\"2789\">Viti antiruggine e componenti interni<\/strong><\/p>\n<\/li>\n<\/ul>\n<p data-start=\"2793\" data-end=\"2948\">Questa costruzione minimizza la corrosione, il degrado degli ingranaggi e l'intrusione di sale\u2014requisiti critici per lo sviluppo di un <a href=\"https:\/\/hktackle.com\/it\/categoria-prodotto\/rulli\/\"><strong data-start=\"2908\" data-end=\"2934\">miglior mulinello per pesca surf<\/strong><\/a> linea di prodotto.<\/p>\n<hr data-start=\"2950\" data-end=\"2953\" \/>\n<h2 data-start=\"2955\" data-end=\"3008\"><strong data-start=\"2958\" data-end=\"3008\">Sistema di traino potente per grandi specie costiere<\/strong><\/h2>\n<p data-start=\"3010\" data-end=\"3276\">I surf casters mirano pesci forti e veloci come il striped bass, bluefish, red drum, tarpon e spigola. Per gestire questi carichi, HK Tackle costruisce sistemi di frizione ad alta capacit\u00e0 utilizzando lavatrici di frizione in fibra di carbonio che offrono una pressione stabile senza surriscaldarsi.<\/p>\n<p data-start=\"3278\" data-end=\"3295\">Le funzionalit\u00e0 includono:<\/p>\n<ul data-start=\"3297\" data-end=\"3504\">\n<li data-start=\"3297\" data-end=\"3357\">\n<p data-start=\"3299\" data-end=\"3357\"><strong data-start=\"3299\" data-end=\"3355\">Trascinamento ad elevata potenza (fino a 20\u201330 kg a seconda del modello)<\/strong><\/p>\n<\/li>\n<li data-start=\"3358\" data-end=\"3404\">\n<p data-start=\"3360\" data-end=\"3404\"><strong data-start=\"3360\" data-end=\"3402\">Cuscinetto ibrido in carbonio e acciaio inossidabile<\/strong><\/p>\n<\/li>\n<li data-start=\"3405\" data-end=\"3458\">\n<p data-start=\"3407\" data-end=\"3458\"><strong data-start=\"3407\" data-end=\"3456\">Prestazioni antiaderenti sotto alta tensione della linea<\/strong><\/p>\n<\/li>\n<li data-start=\"3459\" data-end=\"3504\">\n<p data-start=\"3461\" data-end=\"3504\"><strong data-start=\"3461\" data-end=\"3502\">Avvio fluido per ridurre l'impatto della linea<\/strong><\/p>\n<\/li>\n<\/ul>\n<p data-start=\"3506\" data-end=\"3605\">Anche i modelli di bobina entry-level possono essere aggiornati per adattarsi a mercati premium a seconda delle preferenze dell'acquirente.<\/p>\n<hr data-start=\"3607\" data-end=\"3610\" \/>\n<h2 data-start=\"3612\" data-end=\"3660\"><strong data-start=\"3615\" data-end=\"3660\">Design Ergonomico per la Pesca in Surf Tutto il Giorno<\/strong><\/h2>\n<p data-start=\"3662\" data-end=\"3832\">Una bobina confortevole \u00e8 essenziale per i pescatori che pescano per lunghe ore su spiagge, barriere coralline o coste rocciose. HK Tackle aggiorna i componenti ergonomici per migliorare l'esperienza dell'utente:<\/p>\n<ul data-start=\"3834\" data-end=\"3993\">\n<li data-start=\"3834\" data-end=\"3870\">\n<p data-start=\"3836\" data-end=\"3870\">Manopole di manico in alluminio sovradimensionati<\/p>\n<\/li>\n<li data-start=\"3871\" data-end=\"3897\">\n<p data-start=\"3873\" data-end=\"3897\">Design del manovellismo antiscivolo<\/p>\n<\/li>\n<li data-start=\"3898\" data-end=\"3944\">\n<p data-start=\"3900\" data-end=\"3944\">Rotore bilanciato per un recupero privo di vibrazioni<\/p>\n<\/li>\n<li data-start=\"3945\" data-end=\"3993\">\n<p data-start=\"3947\" data-end=\"3993\">Materiali per il corpo leggeri per ridurre l'affaticamento<\/p>\n<\/li>\n<\/ul>\n<p data-start=\"3995\" data-end=\"4138\">Produciamo <strong data-start=\"4006\" data-end=\"4027\">bobina da surf per la pesca<\/strong> modelli in grafite, compositi rinforzati con carbonio e corpi in alluminio completi per supportare molteplici segmenti di prezzo.<\/p>\n<hr data-start=\"4140\" data-end=\"4143\" \/>\n<h2 data-start=\"4145\" data-end=\"4187\"><strong data-start=\"4148\" data-end=\"4187\">Personalizzazione OEM per acquirenti globali<\/strong><\/h2>\n<p><img loading=\"lazy\" decoding=\"async\" class=\"alignnone wp-image-1469\" src=\"https:\/\/hktackle.com\/wp-content\/uploads\/2025\/11\/HK-fishing-tackle.jpg\" alt=\"HK Attrezzature da Pesca\" width=\"691\" height=\"470\" title=\"\" srcset=\"https:\/\/hktackle.com\/wp-content\/uploads\/2025\/11\/HK-fishing-tackle.jpg 861w, https:\/\/hktackle.com\/wp-content\/uploads\/2025\/11\/HK-fishing-tackle-300x204.jpg 300w, https:\/\/hktackle.com\/wp-content\/uploads\/2025\/11\/HK-fishing-tackle-768x522.jpg 768w, https:\/\/hktackle.com\/wp-content\/uploads\/2025\/11\/HK-fishing-tackle-600x408.jpg 600w\" sizes=\"auto, (max-width: 691px) 100vw, 691px\" \/><\/p>\n<p data-start=\"4189\" data-end=\"4287\">HK Tackle supporta la produzione a marchio privato e OEM\/ODM per tutti <a href=\"https:\/\/hktackle.com\/it\/categoria-prodotto\/rulli\/\"><strong data-start=\"4253\" data-end=\"4275\">mulinete da surfcasting<\/strong><\/a>, inclusi:<\/p>\n<ul data-start=\"4289\" data-end=\"4502\">\n<li data-start=\"4289\" data-end=\"4324\">\n<p data-start=\"4291\" data-end=\"4324\">Colori personalizzati per spool e anodizzazione<\/p>\n<\/li>\n<li data-start=\"4325\" data-end=\"4355\">\n<p data-start=\"4327\" data-end=\"4355\">Dimensioni delle bobine: <strong data-start=\"4339\" data-end=\"4353\">4000\u201312000<\/strong><\/p>\n<\/li>\n<li data-start=\"4356\" data-end=\"4380\">\n<p data-start=\"4358\" data-end=\"4380\">Selezione del rapporto di trasmissione<\/p>\n<\/li>\n<li data-start=\"4381\" data-end=\"4422\">\n<p data-start=\"4383\" data-end=\"4422\">Gestire la personalizzazione di materiali e forme<\/p>\n<\/li>\n<li data-start=\"4423\" data-end=\"4452\">\n<p data-start=\"4425\" data-end=\"4452\">Logo del marchio inciso al laser<\/p>\n<\/li>\n<li data-start=\"4453\" data-end=\"4502\">\n<p data-start=\"4455\" data-end=\"4502\">Imballaggi personalizzati e scatole pronte per il commercio<\/p>\n<\/li>\n<\/ul>\n<p data-start=\"4504\" data-end=\"4676\">Collaboriamo con gli acquirenti per abbinare le specifiche di performance ai mercati target, sia che il tuo focus sia la vendita al dettaglio di massa, i negozi di attrezzature specializzate o le linee di attrezzature da surf di alta gamma.<\/p>\n<hr data-start=\"4678\" data-end=\"4681\" \/>\n<h2 data-start=\"4683\" data-end=\"4740\"><strong data-start=\"4686\" data-end=\"4740\">Workflow di Controllo Qualit\u00e0 per Produzione Coerente<\/strong><\/h2>\n<p data-start=\"4742\" data-end=\"4926\">I clienti B2B dipendono dalla coerenza del prodotto. HK Tackle attua procedure di controllo qualit\u00e0 rigorose, dalle materie prime all'ispezione finale. Ogni lotto di <strong data-start=\"4882\" data-end=\"4908\">miglior mulinello per pesca surf<\/strong> modelli subiscono:<\/p>\n<ol data-start=\"4928\" data-end=\"5161\">\n<li data-start=\"4928\" data-end=\"4960\">\n<p data-start=\"4931\" data-end=\"4960\"><strong data-start=\"4931\" data-end=\"4958\">Testing della fluidit\u00e0 degli ingranaggi<\/strong><\/p>\n<\/li>\n<li data-start=\"4961\" data-end=\"4995\">\n<p data-start=\"4964\" data-end=\"4995\"><strong data-start=\"4964\" data-end=\"4993\">Test di carico per la stabilit\u00e0 della trazione<\/strong><\/p>\n<\/li>\n<li data-start=\"4996\" data-end=\"5041\">\n<p data-start=\"4999\" data-end=\"5041\"><strong data-start=\"4999\" data-end=\"5039\">Gestire prove di pressione e resistenza<\/strong><\/p>\n<\/li>\n<li data-start=\"5042\" data-end=\"5082\">\n<p data-start=\"5045\" data-end=\"5082\"><strong data-start=\"5045\" data-end=\"5080\">Simulazione di corrosione da spruzzi di sale<\/strong><\/p>\n<\/li>\n<li data-start=\"5083\" data-end=\"5116\">\n<p data-start=\"5086\" data-end=\"5116\"><strong data-start=\"5086\" data-end=\"5114\">Ispezione dell'equilibrio del rotore<\/strong><\/p>\n<\/li>\n<li data-start=\"5117\" data-end=\"5161\">\n<p data-start=\"5120\" data-end=\"5161\"><strong data-start=\"5120\" data-end=\"5159\">Controlli finali di assemblaggio e imballaggio<\/strong><\/p>\n<\/li>\n<\/ol>\n<p data-start=\"5163\" data-end=\"5284\">Questi processi garantiscono che ogni spedizione corrisponda agli standard del tuo marchio e offra prestazioni affidabili agli utenti finali.<\/p>\n<hr data-start=\"5286\" data-end=\"5289\" \/>\n<h2 data-start=\"5291\" data-end=\"5329\"><strong data-start=\"5294\" data-end=\"5329\">Imballaggio, Spedizione e Logistica<\/strong><\/h2>\n<p data-start=\"5331\" data-end=\"5418\">Per supportare i distributori internazionali, HK Tackle offre soluzioni logistiche personalizzate:<\/p>\n<ul data-start=\"5420\" data-end=\"5643\">\n<li data-start=\"5420\" data-end=\"5472\">\n<p data-start=\"5422\" data-end=\"5472\">Imballaggio retail individuale per prodotti a marchio<\/p>\n<\/li>\n<li data-start=\"5473\" data-end=\"5512\">\n<p data-start=\"5475\" data-end=\"5512\">Cartoni in serie per l'efficienza del trasporto<\/p>\n<\/li>\n<li data-start=\"5513\" data-end=\"5550\">\n<p data-start=\"5515\" data-end=\"5550\">Etichettatura opzionale di barcode e SKU<\/p>\n<\/li>\n<li data-start=\"5551\" data-end=\"5596\">\n<p data-start=\"5553\" data-end=\"5596\">Protezione in schiuma rinforzata durante il trasporto<\/p>\n<\/li>\n<li data-start=\"5597\" data-end=\"5643\">\n<p data-start=\"5599\" data-end=\"5643\">Caricamento di container di dimensioni miste e modelli misti<\/p>\n<\/li>\n<\/ul>\n<p data-start=\"5645\" data-end=\"5750\">Offriamo anche campionamenti rapidi per le nuove linee di prodotto e report di specifiche dettagliate per ciascun modello di bobina.<\/p>\n<hr data-start=\"5752\" data-end=\"5755\" \/>\n<h2 data-start=\"5757\" data-end=\"5812\"><strong data-start=\"5760\" data-end=\"5812\">Perch\u00e9 scegliere HK Tackle come fornitore di mulinelli da surf?<\/strong><\/h2>\n<ul data-start=\"5814\" data-end=\"6094\">\n<li data-start=\"5814\" data-end=\"5869\">\n<p data-start=\"5816\" data-end=\"5869\">Fabbrica OEM professionale specializzata in mulinelli da surf<\/p>\n<\/li>\n<li data-start=\"5870\" data-end=\"5913\">\n<p data-start=\"5872\" data-end=\"5913\">Forti capacit\u00e0 ingegneristiche e di R&amp;S<\/p>\n<\/li>\n<li data-start=\"5914\" data-end=\"5963\">\n<p data-start=\"5916\" data-end=\"5963\">Produzione flessibile per ordini grandi o piccoli<\/p>\n<\/li>\n<li data-start=\"5964\" data-end=\"5997\">\n<p data-start=\"5966\" data-end=\"5997\">Prezzi all'ingrosso competitivi<\/p>\n<\/li>\n<li data-start=\"5998\" data-end=\"6044\">\n<p data-start=\"6000\" data-end=\"6044\">Controllo qualit\u00e0 affidabile per ordini ripetuti<\/p>\n<\/li>\n<li data-start=\"6045\" data-end=\"6094\">\n<p data-start=\"6047\" data-end=\"6094\">Tempi di risposta rapidi e supporto all'esportazione stabile<\/p>\n<\/li>\n<\/ul>\n<p data-start=\"6096\" data-end=\"6372\">HK Tackle si impegna a fornire prodotti durevoli e ad alte prestazioni <strong data-start=\"6159\" data-end=\"6181\">mulinete da surfcasting<\/strong> che soddisfano le esigenze dei pescatori surf in tutto il mondo. Sia che la tua azienda richieda modelli di base o design premium per lanci lunghi, offriamo soluzioni di prodotto scalabili su misura per il tuo mercato.<\/p>\n<p data-start=\"6096\" data-end=\"6372\"><div class=\"wpforms-container\" id=\"wpforms-564\"><form id=\"wpforms-form-564\" class=\"wpforms-validate wpforms-form wpforms-ajax-form\" data-formid=\"564\" method=\"post\" enctype=\"multipart\/form-data\" action=\"\/it\/wp-json\/wp\/v2\/product\/1888\" data-token=\"3a27290115edac4e9507e4eda9c9e8f3\" data-token-time=\"1776510974\" data-trp-original-action=\"\/it\/wp-json\/wp\/v2\/product\/1888\"><div class=\"wpforms-head-container\"><div class=\"wpforms-title\">Richiesta di preventivo<\/div><\/div><noscript class=\"wpforms-error-noscript\">Abilita JavaScript nel browser per completare questo modulo.<\/noscript><div class=\"wpforms-field-container\">\t\t<div id=\"wpforms-564-field_7-container\"\n\t\t\tclass=\"wpforms-field wpforms-field-text\"\n\t\t\tdata-field-type=\"text\"\n\t\t\tdata-field-id=\"7\"\n\t\t\t>\n\t\t\t<label class=\"wpforms-field-label\" for=\"wpforms-564-field_7\" >Email Nome Cliente IP<\/label>\n\t\t\t<input type=\"text\" id=\"wpforms-564-field_7\" class=\"wpforms-field-medium\" name=\"wpforms[fields][7]\" >\n\t\t<\/div>\n\t\t<div id=\"wpforms-564-field_1-container\" class=\"wpforms-field wpforms-field-name\" data-field-id=\"1\"><label class=\"wpforms-field-label wpforms-label-hide\" for=\"wpforms-564-field_1\">Nome <span class=\"wpforms-required-label\">*<\/span><\/label><input type=\"text\" id=\"wpforms-564-field_1\" class=\"wpforms-field-medium wpforms-field-required\" name=\"wpforms[fields][1]\" placeholder=\"Nome\" required><\/div><div id=\"wpforms-564-field_2-container\" class=\"wpforms-field wpforms-field-name\" data-field-id=\"2\"><label class=\"wpforms-field-label wpforms-label-hide\" for=\"wpforms-564-field_2\">Whatsapp <span class=\"wpforms-required-label\">*<\/span><\/label><input type=\"text\" id=\"wpforms-564-field_2\" class=\"wpforms-field-medium wpforms-field-required\" name=\"wpforms[fields][2]\" placeholder=\"WhatsApp\" required><\/div><div id=\"wpforms-564-field_4-container\" class=\"wpforms-field wpforms-field-name\" data-field-id=\"4\"><label class=\"wpforms-field-label wpforms-label-hide\" for=\"wpforms-564-field_4\">Email <span class=\"wpforms-required-label\">*<\/span><\/label><input type=\"text\" id=\"wpforms-564-field_4\" class=\"wpforms-field-medium wpforms-field-required\" name=\"wpforms[fields][4]\" placeholder=\"Email\" required><\/div><div id=\"wpforms-564-field_3-container\" class=\"wpforms-field wpforms-field-name\" data-field-id=\"3\"><label class=\"wpforms-field-label wpforms-label-hide\" for=\"wpforms-564-field_3\">Richiesta <span class=\"wpforms-required-label\">*<\/span><\/label><input type=\"text\" id=\"wpforms-564-field_3\" class=\"wpforms-field-medium wpforms-field-required\" name=\"wpforms[fields][3]\" placeholder=\"quale prodotto ti serve\" required><\/div><div id=\"wpforms-564-field_5-container\" class=\"wpforms-field wpforms-field-hidden\" data-field-id=\"5\"><input type=\"hidden\" id=\"wpforms-564-field_5\" name=\"wpforms[fields][5]\" value=\"216.73.216.42\"><\/div><div id=\"wpforms-564-field_6-container\" class=\"wpforms-field wpforms-field-hidden\" data-field-id=\"6\"><input type=\"hidden\" id=\"wpforms-564-field_6\" name=\"wpforms[fields][6]\" value=\"https:\/\/hktackle.com\/it\/wp-json\/wp\/v2\/product\/1888\"><\/div><script>\n\t\t\t\t( function() {\n\t\t\t\t\tconst style = document.createElement( 'style' );\n\t\t\t\t\tstyle.appendChild( document.createTextNode( '#wpforms-564-field_7-container { position: absolute !important; overflow: hidden !important; display: inline !important; height: 1px !important; width: 1px !important; z-index: -1000 !important; padding: 0 !important; } #wpforms-564-field_7-container input { visibility: hidden; } #wpforms-conversational-form-page #wpforms-564-field_7-container label { counter-increment: none; }' ) );\n\t\t\t\t\tdocument.head.appendChild( style );\n\t\t\t\t\tdocument.currentScript?.remove();\n\t\t\t\t} )();\n\t\t\t<\/script><\/div><!-- .wpforms-field-container --><div class=\"wpforms-submit-container\" ><input type=\"hidden\" name=\"wpforms[id]\" value=\"564\"><input type=\"hidden\" name=\"page_title\" value=\"\"><input type=\"hidden\" name=\"page_url\" value=\"https:\/\/hktackle.com\/it\/wp-json\/wp\/v2\/product\/1888\"><input type=\"hidden\" name=\"url_referer\" value=\"\"><button type=\"submit\" name=\"wpforms[submit]\" id=\"wpforms-submit-564\" class=\"wpforms-submit\" data-alt-text=\"Sending\" data-submit-text=\"Summit\" aria-live=\"assertive\" value=\"wpforms-submit\">Vertice<\/button><img loading=\"lazy\" decoding=\"async\" src=\"https:\/\/hktackle.com\/wp-content\/plugins\/wpforms\/assets\/images\/submit-spin.svg\" class=\"wpforms-submit-spinner\" style=\"display: none;\" width=\"26\" height=\"26\" alt=\"Loading\" title=\"\"><\/div><input type=\"hidden\" name=\"trp-form-language\" value=\"it\"\/><\/form><\/div>  <!-- .wpforms-container --><\/p>\n<div id=\"gtx-trans\" style=\"position: absolute; left: 488px; top: 1000.5px;\">\n<div class=\"gtx-trans-icon\"><\/div>\n<\/div>","protected":false},"excerpt":{"rendered":"<div class=\"image-container\">\n<p>Un mulinello da surf fishing di alta qualit\u00e0 progettato per lanci a lunga distanza e resistenza all'acqua salata. Dimensioni OEM, sistemi di frizione e branding disponibili da HK Tackle per distributori globali.<\/p>\n<\/div>\n<div class=\"wp-block-stackable-button stk-block-button popmake-1340 stk-block stk-13b8711 popmake-1340\" data-block-id=\"13b8711\">\n<style>.stk-13b8711 {min-height:var(--stk--preset--block-height--x-small, 4rem) !important;padding-top:var(--stk--preset--spacing--none, 0px) !important;padding-right:var(--stk--preset--spacing--none, 0px) !important;padding-bottom:var(--stk--preset--spacing--none, 0px) !important;padding-left:var(--stk--preset--spacing--none, 0px) !important;}.stk-13b8711 .stk-button{min-height:36px !important;padding-top:var(--stk--preset--spacing--40, 1rem) !important;padding-right:33px !important;padding-bottom:var(--stk--preset--spacing--40, 1rem) !important;background:#2db2eb !important;border-top-left-radius:var(--stk--preset--border-radius--small, 4px) !important;border-top-right-radius:var(--stk--preset--border-radius--small, 4px) !important;border-bottom-right-radius:var(--stk--preset--border-radius--small, 4px) !important;border-bottom-left-radius:var(--stk--preset--border-radius--small, 4px) !important;}.stk-13b8711 .stk-button__inner-text{color:#fffffe !important;}<\/style>\n<p><a class=\"stk-link stk-button stk--hover-effect-lift-scale-more\"><span class=\"has-text-color stk-button__inner-text\">Richiedi un preventivo <\/span><\/a><\/p>\n<\/div>","protected":false},"featured_media":1258,"template":"","meta":[],"product_brand":[],"product_cat":[23],"product_tag":[],"class_list":{"0":"post-1888","1":"product","2":"type-product","3":"status-publish","4":"has-post-thumbnail","6":"product_cat-reels","8":"first","9":"instock","10":"shipping-taxable","11":"product-type-simple"},"_links":{"self":[{"href":"https:\/\/hktackle.com\/it\/wp-json\/wp\/v2\/product\/1888","targetHints":{"allow":["GET"]}}],"collection":[{"href":"https:\/\/hktackle.com\/it\/wp-json\/wp\/v2\/product"}],"about":[{"href":"https:\/\/hktackle.com\/it\/wp-json\/wp\/v2\/types\/product"}],"wp:featuredmedia":[{"embeddable":true,"href":"https:\/\/hktackle.com\/it\/wp-json\/wp\/v2\/media\/1258"}],"wp:attachment":[{"href":"https:\/\/hktackle.com\/it\/wp-json\/wp\/v2\/media?parent=1888"}],"wp:term":[{"taxonomy":"product_brand","embeddable":true,"href":"https:\/\/hktackle.com\/it\/wp-json\/wp\/v2\/product_brand?post=1888"},{"taxonomy":"product_cat","embeddable":true,"href":"https:\/\/hktackle.com\/it\/wp-json\/wp\/v2\/product_cat?post=1888"},{"taxonomy":"product_tag","embeddable":true,"href":"https:\/\/hktackle.com\/it\/wp-json\/wp\/v2\/product_tag?post=1888"}],"curies":[{"name":"wp","href":"https:\/\/api.w.org\/{rel}","templated":true}]}}