{"id":1893,"date":"2025-11-16T11:44:27","date_gmt":"2025-11-16T11:44:27","guid":{"rendered":"https:\/\/hktackle.com\/?post_type=product&#038;p=1893"},"modified":"2025-12-02T15:20:55","modified_gmt":"2025-12-02T15:20:55","slug":"fornitori-di-esche-morbide-in-plastica","status":"publish","type":"product","link":"https:\/\/hktackle.com\/it\/prodotto\/fornitori-di-esche-morbide-in-plastica","title":{"rendered":"Esche da pesca soft premium per acquirenti all'ingrosso globali"},"content":{"rendered":"<h1 data-start=\"874\" data-end=\"932\"><strong data-start=\"874\" data-end=\"932\">Esche da pesca soft premium per acquirenti all'ingrosso globali<\/strong><\/h1>\n<p><img loading=\"lazy\" decoding=\"async\" class=\"alignnone wp-image-1242\" src=\"https:\/\/hktackle.com\/wp-content\/uploads\/2025\/10\/soft-lure-2-1.png\" alt=\"esche da pesca esche morbide\" width=\"427\" height=\"489\" title=\"\" srcset=\"https:\/\/hktackle.com\/wp-content\/uploads\/2025\/10\/soft-lure-2-1.png 537w, https:\/\/hktackle.com\/wp-content\/uploads\/2025\/10\/soft-lure-2-1-262x300.png 262w\" sizes=\"auto, (max-width: 427px) 100vw, 427px\" \/><img loading=\"lazy\" decoding=\"async\" class=\"alignnone wp-image-1241\" src=\"https:\/\/hktackle.com\/wp-content\/uploads\/2025\/10\/soft-lure-1-1.png\" alt=\"esche di gomma\" width=\"444\" height=\"489\" title=\"\" srcset=\"https:\/\/hktackle.com\/wp-content\/uploads\/2025\/10\/soft-lure-1-1.png 539w, https:\/\/hktackle.com\/wp-content\/uploads\/2025\/10\/soft-lure-1-1-272x300.png 272w\" sizes=\"auto, (max-width: 444px) 100vw, 444px\" \/><\/p>\n<p data-start=\"934\" data-end=\"1444\">HK Tackle si specializza nella progettazione e produzione di massa di alta qualit\u00e0 <a href=\"https:\/\/hktackle.com\/it\/guida-completa-allesca-da-pesca\/\"><strong data-start=\"1006\" data-end=\"1028\">esche di gomma<\/strong><\/a> progettati per specie di acqua dolce e salata. Le nostre esche morbide sono progettate con materiali flessibili ma resistenti <strong data-start=\"1129\" data-end=\"1150\">soft lure plastica<\/strong> che offre un movimento realistico, un'elasticit\u00e0 duratura e una prestazione affidabile. In qualit\u00e0 di fornitore orientato alla fabbrica con piena capacit\u00e0 OEM, HK Tackle serve distributori globali, marchi di attrezzature e venditori e-commerce che necessitano di una fornitura stabile, design personalizzabili e prezzi B2B competitivi.<\/p>\n<hr data-start=\"1446\" data-end=\"1449\" \/>\n<h2 data-start=\"1451\" data-end=\"1519\"><strong data-start=\"1454\" data-end=\"1519\">Azione di nuoto realistica con materiale per esche morbide ad alta elasticit\u00e0<\/strong><\/h2>\n<p data-start=\"1521\" data-end=\"1895\">La caratteristica pi\u00f9 importante di qualsiasi <a href=\"https:\/\/hktackle.com\/it\/guida-completa-allesca-da-pesca\/\"><strong data-start=\"1555\" data-end=\"1582\">esche da pesca esche morbide<\/strong><\/a> \u00e8 il suo movimento naturale nell'acqua. HK Tackle utilizza una formula raffinata in plastica morbida che produce un'azione di nuoto fluida e realistica anche a basse velocit\u00e0 di recupero. Che i clienti puntino a black bass, trote, lucci, walleye, snook o specie di acque salate costiere, le nostre esche creano un movimento irresistibile che imita le prede reali.<\/p>\n<p data-start=\"1897\" data-end=\"2102\">Il materiale \u00e8 flessibile ma resistente allo strappo, garantendo una durata maggiore anche dopo colpi ripetuti. Questo \u00e8 particolarmente prezioso per gli acquirenti B2B che necessitano di soluzioni economiche per vendite al dettaglio ad alto volume.<\/p>\n<hr data-start=\"2104\" data-end=\"2107\" \/>\n<h2 data-start=\"2109\" data-end=\"2171\"><strong data-start=\"2112\" data-end=\"2171\">Durevole esca morbida in plastica con opzioni di densit\u00e0 multiple<\/strong><\/h2>\n<p data-start=\"2173\" data-end=\"2302\">Mercati diversi richiedono densit\u00e0 di esca diverse. HK Tackle offre diverse formule in plastica morbida per soddisfare le diverse esigenze di pesca:<\/p>\n<ul data-start=\"2304\" data-end=\"2566\">\n<li data-start=\"2304\" data-end=\"2364\">\n<p data-start=\"2306\" data-end=\"2364\"><strong data-start=\"2306\" data-end=\"2326\">Plastica fluttuante<\/strong> per tecniche di topwater e superficie<\/p>\n<\/li>\n<li data-start=\"2365\" data-end=\"2428\">\n<p data-start=\"2367\" data-end=\"2428\"><strong data-start=\"2367\" data-end=\"2394\">Plastica a densit\u00e0 neutra<\/strong> per azione naturale a lenta immersione<\/p>\n<\/li>\n<li data-start=\"2429\" data-end=\"2492\">\n<p data-start=\"2431\" data-end=\"2492\"><strong data-start=\"2431\" data-end=\"2453\">Plastica morbida pesante<\/strong> per affondamenti rapidi o jigging verticale<\/p>\n<\/li>\n<li data-start=\"2493\" data-end=\"2566\">\n<p data-start=\"2495\" data-end=\"2566\"><strong data-start=\"2495\" data-end=\"2519\">Plastica infusa di sale<\/strong> per un peso di lancio maggiore e una migliore ritenzione dell'odore<\/p>\n<\/li>\n<\/ul>\n<p data-start=\"2568\" data-end=\"2681\">Queste opzioni consentono ai distributori di costruire linee di prodotti di esche morbide complete senza dipendere da pi\u00f9 fornitori.<\/p>\n<hr data-start=\"2683\" data-end=\"2686\" \/>\n<h2 data-start=\"2688\" data-end=\"2726\"><strong data-start=\"2691\" data-end=\"2726\">Ampia gamma di forme e stili<\/strong><\/h2>\n<p data-start=\"2728\" data-end=\"2818\">La nostra struttura di produzione offre una gamma completa di <a href=\"https:\/\/hktackle.com\/it\/guida-completa-allesca-da-pesca\/\"><strong data-start=\"2784\" data-end=\"2806\">esche di gomma<\/strong><\/a>, inclusi:<\/p>\n<ul data-start=\"2820\" data-end=\"3040\">\n<li data-start=\"2820\" data-end=\"2845\">\n<p data-start=\"2822\" data-end=\"2845\">Paddle-tail swimbaits<\/p>\n<\/li>\n<li data-start=\"2846\" data-end=\"2873\">\n<p data-start=\"2848\" data-end=\"2873\">Vermi e esche di finezza<\/p>\n<\/li>\n<li data-start=\"2874\" data-end=\"2905\">\n<p data-start=\"2876\" data-end=\"2905\">Cormorani e esche per creature<\/p>\n<\/li>\n<li data-start=\"2906\" data-end=\"2931\">\n<p data-start=\"2908\" data-end=\"2931\">Grubs e code ricce<\/p>\n<\/li>\n<li data-start=\"2932\" data-end=\"2966\">\n<p data-start=\"2934\" data-end=\"2966\">Minnow-style pesci in plastica morbida<\/p>\n<\/li>\n<li data-start=\"2967\" data-end=\"3010\">\n<p data-start=\"2969\" data-end=\"3010\">Calamari, gamberi e <a href=\"https:\/\/hktackle.com\/it\/guida-completa-allesca-da-pesca\/\">esche morbide da pesca in acqua salata<\/a><\/p>\n<\/li>\n<li data-start=\"3011\" data-end=\"3040\">\n<p data-start=\"3013\" data-end=\"3040\">Esche morbide pre-attrezzate<\/p>\n<\/li>\n<\/ul>\n<p data-start=\"3042\" data-end=\"3147\">Tutti i modelli sono progettati per corrispondere ai profili delle prede naturali, massimizzando i tassi di attacco anche in acque sottoposte a pressione.<\/p>\n<p data-start=\"3149\" data-end=\"3285\">Se hai bisogno di forme uniche o design esclusivi per il mercato, HK Tackle pu\u00f2 produrre stampi personalizzati secondo disegni o campioni di riferimento.<\/p>\n<hr data-start=\"3287\" data-end=\"3290\" \/>\n<h2 data-start=\"3292\" data-end=\"3339\"><strong data-start=\"3295\" data-end=\"3339\">Colori, Profumi e Glitter Personalizzabili<\/strong><\/h2>\n<p data-start=\"3341\" data-end=\"3447\">Per soddisfare le diverse preferenze regionali, il nostro <strong data-start=\"3388\" data-end=\"3415\">esche da pesca esche morbide<\/strong> i modelli possono essere completamente personalizzati:<\/p>\n<ul data-start=\"3449\" data-end=\"3780\">\n<li data-start=\"3449\" data-end=\"3494\">\n<p data-start=\"3451\" data-end=\"3494\">Colori solidi, traslucidi o a pi\u00f9 strati<\/p>\n<\/li>\n<li data-start=\"3495\" data-end=\"3548\">\n<p data-start=\"3497\" data-end=\"3548\">Chartreuse, anguria, perla, nero, fumo, ecc.<\/p>\n<\/li>\n<li data-start=\"3549\" data-end=\"3585\">\n<p data-start=\"3551\" data-end=\"3585\">Iniezioni di colore 3D o laminati<\/p>\n<\/li>\n<li data-start=\"3586\" data-end=\"3632\">\n<p data-start=\"3588\" data-end=\"3632\">Aggiunti glitter o particelle di foglia riflettente<\/p>\n<\/li>\n<li data-start=\"3633\" data-end=\"3677\">\n<p data-start=\"3635\" data-end=\"3677\">Finiture reattive agli UV o fosforescenti<\/p>\n<\/li>\n<li data-start=\"3678\" data-end=\"3729\">\n<p data-start=\"3680\" data-end=\"3729\">Profumi naturali: gamberi, olio di pesce, anice, aglio<\/p>\n<\/li>\n<li data-start=\"3730\" data-end=\"3780\">\n<p data-start=\"3732\" data-end=\"3780\">Formule di profumi personalizzati per marchi a marchio privato<\/p>\n<\/li>\n<\/ul>\n<p data-start=\"3782\" data-end=\"3894\">Questa flessibilit\u00e0 consente ai clienti di costruire intere linee di prodotti su misura per il comportamento ittico locale e la domanda dei pescatori.<\/p>\n<hr data-start=\"3896\" data-end=\"3899\" \/>\n<h2 data-start=\"3901\" data-end=\"3954\"><strong data-start=\"3904\" data-end=\"3954\">Produzione OEM e Private Label per mercati B2B<\/strong><\/h2>\n<p data-start=\"3956\" data-end=\"4030\">HK Tackle offre un servizio OEM completo per <strong data-start=\"3996\" data-end=\"4018\">esche di gomma<\/strong>, inclusi:<\/p>\n<h3 data-start=\"4032\" data-end=\"4068\"><strong data-start=\"4036\" data-end=\"4066\">Sviluppo di Stampi Personalizzati<\/strong><\/h3>\n<p data-start=\"4069\" data-end=\"4084\">Possiamo produrre:<\/p>\n<ul data-start=\"4086\" data-end=\"4179\">\n<li data-start=\"4086\" data-end=\"4111\">\n<p data-start=\"4088\" data-end=\"4111\">Matrice di iniezione in acciaio<\/p>\n<\/li>\n<li data-start=\"4112\" data-end=\"4140\">\n<p data-start=\"4114\" data-end=\"4140\">Stampi prototipo in alluminio<\/p>\n<\/li>\n<li data-start=\"4141\" data-end=\"4179\">\n<p data-start=\"4143\" data-end=\"4179\">Medi di produzione in massa a pi\u00f9 cavit\u00e0<\/p>\n<\/li>\n<\/ul>\n<p data-start=\"4181\" data-end=\"4246\">I compratori possono anche fornire disegni 3D o campioni di riferimento fisici.<\/p>\n<h3 data-start=\"4248\" data-end=\"4277\"><strong data-start=\"4252\" data-end=\"4275\">2. Imballaggio personalizzato<\/strong><\/h3>\n<p data-start=\"4278\" data-end=\"4294\">Le opzioni includono:<\/p>\n<ul data-start=\"4296\" data-end=\"4440\">\n<li data-start=\"4296\" data-end=\"4330\">\n<p data-start=\"4298\" data-end=\"4330\">Polybags con intestazione in cartone<\/p>\n<\/li>\n<li data-start=\"4331\" data-end=\"4348\">\n<p data-start=\"4333\" data-end=\"4348\">Blister pack<\/p>\n<\/li>\n<li data-start=\"4349\" data-end=\"4372\">\n<p data-start=\"4351\" data-end=\"4372\">Custodie rigide riutilizzabili<\/p>\n<\/li>\n<li data-start=\"4373\" data-end=\"4401\">\n<p data-start=\"4375\" data-end=\"4401\">Scatole colorate pronte per la vendita al dettaglio<\/p>\n<\/li>\n<li data-start=\"4402\" data-end=\"4440\">\n<p data-start=\"4404\" data-end=\"4440\">Etichettatura e codifica a barre personalizzate<\/p>\n<\/li>\n<\/ul>\n<h3 data-start=\"4442\" data-end=\"4471\"><strong data-start=\"4446\" data-end=\"4469\">3. Supporto al Branding<\/strong><\/h3>\n<ul data-start=\"4472\" data-end=\"4580\">\n<li data-start=\"4472\" data-end=\"4496\">\n<p data-start=\"4474\" data-end=\"4496\">Stampa di logo personalizzato<\/p>\n<\/li>\n<li data-start=\"4497\" data-end=\"4515\">\n<p data-start=\"4499\" data-end=\"4515\">Progettazione di adesivi<\/p>\n<\/li>\n<li data-start=\"4516\" data-end=\"4534\">\n<p data-start=\"4518\" data-end=\"4534\">Naming del prodotto<\/p>\n<\/li>\n<li data-start=\"4535\" data-end=\"4580\">\n<p data-start=\"4537\" data-end=\"4580\">Completare la creazione della line-card per i rivenditori<\/p>\n<\/li>\n<\/ul>\n<p data-start=\"4582\" data-end=\"4667\">Questo assicura che il tuo marchio abbia un aspetto coerente e professionale su tutti gli SKU.<\/p>\n<hr data-start=\"4669\" data-end=\"4672\" \/>\n<h2 data-start=\"4674\" data-end=\"4720\"><strong data-start=\"4677\" data-end=\"4720\">Controllo qualit\u00e0 per ordini di grande volume<\/strong><\/h2>\n<p data-start=\"4722\" data-end=\"4845\">I clienti B2B richiedono qualit\u00e0 costante in ogni lotto. HK Tackle segue processi di controllo qualit\u00e0 rigorosi per ogni fase di produzione:<\/p>\n<ol data-start=\"4847\" data-end=\"5178\">\n<li data-start=\"4847\" data-end=\"4920\">\n<p data-start=\"4850\" data-end=\"4920\"><strong data-start=\"4850\" data-end=\"4880\">Ispezione della miscelazione dei materiali<\/strong> per garantire morbidezza e accuratezza dei colori<\/p>\n<\/li>\n<li data-start=\"4921\" data-end=\"4986\">\n<p data-start=\"4924\" data-end=\"4986\"><strong data-start=\"4924\" data-end=\"4945\">Controllo qualit\u00e0 dello stampaggio a iniezione<\/strong> per prevenire sacche d'aria e deformit\u00e0<\/p>\n<\/li>\n<li data-start=\"4987\" data-end=\"5028\">\n<p data-start=\"4990\" data-end=\"5028\"><strong data-start=\"4990\" data-end=\"5026\">Controllo dell'uniformit\u00e0 del colore e del profumo<\/strong><\/p>\n<\/li>\n<li data-start=\"5029\" data-end=\"5076\">\n<p data-start=\"5032\" data-end=\"5076\"><strong data-start=\"5032\" data-end=\"5074\">Test di elasticit\u00e0 e resistenza allo strappo<\/strong><\/p>\n<\/li>\n<li data-start=\"5077\" data-end=\"5131\">\n<p data-start=\"5080\" data-end=\"5131\"><strong data-start=\"5080\" data-end=\"5129\">Ispezione dell'imballaggio e verifica del codice a barre<\/strong><\/p>\n<\/li>\n<li data-start=\"5132\" data-end=\"5178\">\n<p data-start=\"5135\" data-end=\"5178\"><strong data-start=\"5135\" data-end=\"5176\">Campionamento casuale per lotto prima della spedizione<\/strong><\/p>\n<\/li>\n<\/ol>\n<p data-start=\"5180\" data-end=\"5299\">Questi passaggi garantiscono ciascuno <strong data-start=\"5204\" data-end=\"5225\">soft lure plastica<\/strong> il bait soddisfa le aspettative del tuo marchio e funziona in modo affidabile per gli utenti finali.<\/p>\n<hr data-start=\"5301\" data-end=\"5304\" \/>\n<h2 data-start=\"5306\" data-end=\"5341\"><strong data-start=\"5309\" data-end=\"5341\">Imballaggio e Logistica delle Esportazioni<\/strong><\/h2>\n<p data-start=\"5343\" data-end=\"5384\">Per supportare la distribuzione globale, offriamo:<\/p>\n<ul data-start=\"5386\" data-end=\"5586\">\n<li data-start=\"5386\" data-end=\"5429\">\n<p data-start=\"5388\" data-end=\"5429\">Cartoni master in grandi quantit\u00e0 per risparmi sui trasporti<\/p>\n<\/li>\n<li data-start=\"5430\" data-end=\"5472\">\n<p data-start=\"5432\" data-end=\"5472\">Etichettatura di esportazione personalizzata (EAN, UPC, SKU)<\/p>\n<\/li>\n<li data-start=\"5473\" data-end=\"5514\">\n<p data-start=\"5475\" data-end=\"5514\">Spedizione di modelli misti in un unico contenitore<\/p>\n<\/li>\n<li data-start=\"5515\" data-end=\"5552\">\n<p data-start=\"5517\" data-end=\"5552\">Supporto per spedizioni FCL e LCL<\/p>\n<\/li>\n<li data-start=\"5553\" data-end=\"5586\">\n<p data-start=\"5555\" data-end=\"5586\">Documentazione di esportazione dettagliata<\/p>\n<\/li>\n<\/ul>\n<p data-start=\"5588\" data-end=\"5687\">Il nostro obiettivo \u00e8 semplificare la logistica per gli acquirenti internazionali e garantire una consegna fluida e senza danni.<\/p>\n<hr data-start=\"5689\" data-end=\"5692\" \/>\n<h2 data-start=\"5694\" data-end=\"5749\"><img loading=\"lazy\" decoding=\"async\" class=\"alignnone wp-image-1469\" src=\"https:\/\/hktackle.com\/wp-content\/uploads\/2025\/11\/HK-fishing-tackle.jpg\" alt=\"HK Attrezzature da Pesca\" width=\"613\" height=\"417\" title=\"\" srcset=\"https:\/\/hktackle.com\/wp-content\/uploads\/2025\/11\/HK-fishing-tackle.jpg 861w, https:\/\/hktackle.com\/wp-content\/uploads\/2025\/11\/HK-fishing-tackle-300x204.jpg 300w, https:\/\/hktackle.com\/wp-content\/uploads\/2025\/11\/HK-fishing-tackle-768x522.jpg 768w, https:\/\/hktackle.com\/wp-content\/uploads\/2025\/11\/HK-fishing-tackle-600x408.jpg 600w\" sizes=\"auto, (max-width: 613px) 100vw, 613px\" \/><\/h2>\n<h2 data-start=\"5694\" data-end=\"5749\"><strong data-start=\"5697\" data-end=\"5749\">Perch\u00e9 scegliere HK Tackle come tuo fornitore di esche morbide?<\/strong><\/h2>\n<ul data-start=\"5751\" data-end=\"6075\">\n<li data-start=\"5751\" data-end=\"5805\">\n<p data-start=\"5753\" data-end=\"5805\">Produttore specializzato di <strong data-start=\"5781\" data-end=\"5803\">esche di gomma<\/strong><\/p>\n<\/li>\n<li data-start=\"5806\" data-end=\"5848\">\n<p data-start=\"5808\" data-end=\"5848\">Ricerca e sviluppo avanzati con capacit\u00e0 di realizzazione di stampi su misura<\/p>\n<\/li>\n<li data-start=\"5849\" data-end=\"5897\">\n<p data-start=\"5851\" data-end=\"5897\">Fornitura stabile e qualit\u00e0 del prodotto ripetibile<\/p>\n<\/li>\n<li data-start=\"5898\" data-end=\"5927\">\n<p data-start=\"5900\" data-end=\"5927\">Quantit\u00e0 d'ordine flessibili<\/p>\n<\/li>\n<li data-start=\"5928\" data-end=\"5961\">\n<p data-start=\"5930\" data-end=\"5961\">Prezzi all'ingrosso competitivi<\/p>\n<\/li>\n<li data-start=\"5962\" data-end=\"6016\">\n<p data-start=\"5964\" data-end=\"6016\">Approvazione rapida dei campioni e produzione di massa efficiente<\/p>\n<\/li>\n<li data-start=\"6017\" data-end=\"6075\">\n<p data-start=\"6019\" data-end=\"6075\">Esperienza nel supporto a marchi globali e venditori online<\/p>\n<\/li>\n<\/ul>\n<p data-start=\"6077\" data-end=\"6221\">HK Tackle si impegna a produrre attrezzature affidabili, realistiche e personalizzabili. <strong data-start=\"6150\" data-end=\"6177\">esche da pesca esche morbide<\/strong> soluzioni per ogni tipo di mercato della pesca.<\/p>\n<p data-start=\"6077\" data-end=\"6221\"><div class=\"wpforms-container\" id=\"wpforms-564\"><form id=\"wpforms-form-564\" class=\"wpforms-validate wpforms-form wpforms-ajax-form\" data-formid=\"564\" method=\"post\" enctype=\"multipart\/form-data\" action=\"\/it\/wp-json\/wp\/v2\/product\/1893\" data-token=\"a5e36027957c0b678575a16e829041db\" data-token-time=\"1776392418\" data-trp-original-action=\"\/it\/wp-json\/wp\/v2\/product\/1893\"><div class=\"wpforms-head-container\"><div class=\"wpforms-title\">Richiesta di preventivo<\/div><\/div><noscript class=\"wpforms-error-noscript\">Abilita JavaScript nel browser per completare questo modulo.<\/noscript><div class=\"wpforms-field-container\"><div id=\"wpforms-564-field_1-container\" class=\"wpforms-field wpforms-field-name\" data-field-id=\"1\"><label class=\"wpforms-field-label wpforms-label-hide\" for=\"wpforms-564-field_1\">Nome <span class=\"wpforms-required-label\">*<\/span><\/label><input type=\"text\" id=\"wpforms-564-field_1\" class=\"wpforms-field-medium wpforms-field-required\" name=\"wpforms[fields][1]\" placeholder=\"Nome\" required><\/div>\t\t<div id=\"wpforms-564-field_7-container\"\n\t\t\tclass=\"wpforms-field wpforms-field-text\"\n\t\t\tdata-field-type=\"text\"\n\t\t\tdata-field-id=\"7\"\n\t\t\t>\n\t\t\t<label class=\"wpforms-field-label\" for=\"wpforms-564-field_7\" >Name Cliente IP Pagina di Richiesta<\/label>\n\t\t\t<input type=\"text\" id=\"wpforms-564-field_7\" class=\"wpforms-field-medium\" name=\"wpforms[fields][7]\" >\n\t\t<\/div>\n\t\t<div id=\"wpforms-564-field_2-container\" class=\"wpforms-field wpforms-field-name\" data-field-id=\"2\"><label class=\"wpforms-field-label wpforms-label-hide\" for=\"wpforms-564-field_2\">Whatsapp <span class=\"wpforms-required-label\">*<\/span><\/label><input type=\"text\" id=\"wpforms-564-field_2\" class=\"wpforms-field-medium wpforms-field-required\" name=\"wpforms[fields][2]\" placeholder=\"WhatsApp\" required><\/div><div id=\"wpforms-564-field_4-container\" class=\"wpforms-field wpforms-field-name\" data-field-id=\"4\"><label class=\"wpforms-field-label wpforms-label-hide\" for=\"wpforms-564-field_4\">Email <span class=\"wpforms-required-label\">*<\/span><\/label><input type=\"text\" id=\"wpforms-564-field_4\" class=\"wpforms-field-medium wpforms-field-required\" name=\"wpforms[fields][4]\" placeholder=\"Email\" required><\/div><div id=\"wpforms-564-field_3-container\" class=\"wpforms-field wpforms-field-name\" data-field-id=\"3\"><label class=\"wpforms-field-label wpforms-label-hide\" for=\"wpforms-564-field_3\">Richiesta <span class=\"wpforms-required-label\">*<\/span><\/label><input type=\"text\" id=\"wpforms-564-field_3\" class=\"wpforms-field-medium wpforms-field-required\" name=\"wpforms[fields][3]\" placeholder=\"quale prodotto ti serve\" required><\/div><div id=\"wpforms-564-field_5-container\" class=\"wpforms-field wpforms-field-hidden\" data-field-id=\"5\"><input type=\"hidden\" id=\"wpforms-564-field_5\" name=\"wpforms[fields][5]\" value=\"216.73.216.69\"><\/div><div id=\"wpforms-564-field_6-container\" class=\"wpforms-field wpforms-field-hidden\" data-field-id=\"6\"><input type=\"hidden\" id=\"wpforms-564-field_6\" name=\"wpforms[fields][6]\" value=\"https:\/\/hktackle.com\/it\/wp-json\/wp\/v2\/product\/1893\"><\/div><script>\n\t\t\t\t( function() {\n\t\t\t\t\tconst style = document.createElement( 'style' );\n\t\t\t\t\tstyle.appendChild( document.createTextNode( '#wpforms-564-field_7-container { position: absolute !important; overflow: hidden !important; display: inline !important; height: 1px !important; width: 1px !important; z-index: -1000 !important; padding: 0 !important; } #wpforms-564-field_7-container input { visibility: hidden; } #wpforms-conversational-form-page #wpforms-564-field_7-container label { counter-increment: none; }' ) );\n\t\t\t\t\tdocument.head.appendChild( style );\n\t\t\t\t\tdocument.currentScript?.remove();\n\t\t\t\t} )();\n\t\t\t<\/script><\/div><!-- .wpforms-field-container --><div class=\"wpforms-submit-container\" ><input type=\"hidden\" name=\"wpforms[id]\" value=\"564\"><input type=\"hidden\" name=\"page_title\" value=\"\"><input type=\"hidden\" name=\"page_url\" value=\"https:\/\/hktackle.com\/it\/wp-json\/wp\/v2\/product\/1893\"><input type=\"hidden\" name=\"url_referer\" value=\"\"><button type=\"submit\" name=\"wpforms[submit]\" id=\"wpforms-submit-564\" class=\"wpforms-submit\" data-alt-text=\"Sending\" data-submit-text=\"Summit\" aria-live=\"assertive\" value=\"wpforms-submit\">Vertice<\/button><img loading=\"lazy\" decoding=\"async\" src=\"https:\/\/hktackle.com\/wp-content\/plugins\/wpforms\/assets\/images\/submit-spin.svg\" class=\"wpforms-submit-spinner\" style=\"display: none;\" width=\"26\" height=\"26\" alt=\"Loading\" title=\"\"><\/div><input type=\"hidden\" name=\"trp-form-language\" value=\"it\"\/><\/form><\/div>  <!-- .wpforms-container --><\/p>","protected":false},"excerpt":{"rendered":"<p>Esche morbide ad alte prestazioni realizzate in plastica morbida durevole con azione realistica. Fonderie OEM, colori, profumi e imballaggi disponibili per grossisti globali.<\/p>\n<div class=\"wp-block-stackable-button stk-block-button popmake-1340 stk-block stk-13b8711 popmake-1340\" data-block-id=\"13b8711\">\n<style>.stk-13b8711 {min-height:var(--stk--preset--block-height--x-small, 4rem) !important;padding-top:var(--stk--preset--spacing--none, 0px) !important;padding-right:var(--stk--preset--spacing--none, 0px) !important;padding-bottom:var(--stk--preset--spacing--none, 0px) !important;padding-left:var(--stk--preset--spacing--none, 0px) !important;}.stk-13b8711 .stk-button{min-height:36px !important;padding-top:var(--stk--preset--spacing--40, 1rem) !important;padding-right:33px !important;padding-bottom:var(--stk--preset--spacing--40, 1rem) !important;background:#2db2eb !important;border-top-left-radius:var(--stk--preset--border-radius--small, 4px) !important;border-top-right-radius:var(--stk--preset--border-radius--small, 4px) !important;border-bottom-right-radius:var(--stk--preset--border-radius--small, 4px) !important;border-bottom-left-radius:var(--stk--preset--border-radius--small, 4px) !important;}.stk-13b8711 .stk-button__inner-text{color:#fffffe !important;}<\/style>\n<p><a class=\"stk-link stk-button stk--hover-effect-lift-scale-more\"><span class=\"has-text-color stk-button__inner-text\">Richiedi un preventivo <\/span><\/a><\/p>\n<\/div>","protected":false},"featured_media":1242,"template":"","meta":[],"product_brand":[],"product_cat":[21],"product_tag":[],"class_list":{"0":"post-1893","1":"product","2":"type-product","3":"status-publish","4":"has-post-thumbnail","6":"product_cat-lure-bait","8":"first","9":"instock","10":"featured","11":"shipping-taxable","12":"product-type-simple"},"_links":{"self":[{"href":"https:\/\/hktackle.com\/it\/wp-json\/wp\/v2\/product\/1893","targetHints":{"allow":["GET"]}}],"collection":[{"href":"https:\/\/hktackle.com\/it\/wp-json\/wp\/v2\/product"}],"about":[{"href":"https:\/\/hktackle.com\/it\/wp-json\/wp\/v2\/types\/product"}],"wp:featuredmedia":[{"embeddable":true,"href":"https:\/\/hktackle.com\/it\/wp-json\/wp\/v2\/media\/1242"}],"wp:attachment":[{"href":"https:\/\/hktackle.com\/it\/wp-json\/wp\/v2\/media?parent=1893"}],"wp:term":[{"taxonomy":"product_brand","embeddable":true,"href":"https:\/\/hktackle.com\/it\/wp-json\/wp\/v2\/product_brand?post=1893"},{"taxonomy":"product_cat","embeddable":true,"href":"https:\/\/hktackle.com\/it\/wp-json\/wp\/v2\/product_cat?post=1893"},{"taxonomy":"product_tag","embeddable":true,"href":"https:\/\/hktackle.com\/it\/wp-json\/wp\/v2\/product_tag?post=1893"}],"curies":[{"name":"wp","href":"https:\/\/api.w.org\/{rel}","templated":true}]}}