{"id":1947,"date":"2025-11-18T07:24:33","date_gmt":"2025-11-18T07:24:33","guid":{"rendered":"https:\/\/hktackle.com\/?post_type=product&#038;p=1947"},"modified":"2025-12-02T15:21:11","modified_gmt":"2025-12-02T15:21:11","slug":"collezione-di-esche-artificiale-premium-per-calamari","status":"publish","type":"product","link":"https:\/\/hktackle.com\/it\/prodotto\/collezione-di-esche-artificiale-premium-per-calamari","title":{"rendered":"Collezione Professionale di Esche e Jig per Calamari"},"content":{"rendered":"<header>\n<div class=\"container\">\n<h1 class=\"tagline\">Esche e artificiali per calamari premium per la massima cattura<\/h1>\n<\/div>\n<\/header>\n<nav>\n<div class=\"container\">\n<ul>\n<li style=\"list-style-type: none;\">\n<ul>\n<li><a href=\"#features\">Funzionalit\u00e0<\/a><\/li>\n<li><a href=\"#specs\">Specifiche<\/a><\/li>\n<li><a href=\"#usage\">Come utilizzare<\/a><\/li>\n<\/ul>\n<\/li>\n<\/ul>\n<\/div>\n<\/nav>\n<section class=\"hero\">\n<div class=\"container\">\n<h2><img loading=\"lazy\" decoding=\"async\" class=\"alignnone size-full wp-image-1196\" src=\"https:\/\/hktackle.com\/wp-content\/uploads\/2025\/10\/squid-lure-2.png\" alt=\"esca per calamari\" width=\"537\" height=\"435\" title=\"\" srcset=\"https:\/\/hktackle.com\/wp-content\/uploads\/2025\/10\/squid-lure-2.png 537w, https:\/\/hktackle.com\/wp-content\/uploads\/2025\/10\/squid-lure-2-300x243.png 300w\" sizes=\"auto, (max-width: 537px) 100vw, 537px\" \/><\/h2>\n<h2>Collezione Professionale di Esche e Jig per Calamari<\/h2>\n<p>Scopri i nostri prodotti di esche premium per calamari progettati per aumentare il tuo tasso di cattura fino a 300%. Perfetti per la pesca al calamaro sia ricreativa che professionale.<\/p>\n<\/div>\n<\/section>\n<section>\n<div class=\"container\">\n<h2>La nostra gamma completa di <a href=\"https:\/\/hktackle.com\/it\/guida-completa-allesca-da-pesca\/\">Pesca di calamari<\/a> Prodotti:<\/h2>\n<h3><strong>1. Jig di calamaro premium:<\/strong><\/h3>\n<p>Nostro <a href=\"https:\/\/hktackle.com\/it\/guida-completa-allesca-da-pesca\/\"><strong>squid jigs<\/strong><\/a> sono la pietra angolare della pesca efficace dei cefalopodi. Offriamo una vasta gamma di design, ognuno meticolosamente realizzato per prestazioni ottimali:<\/p>\n<ul>\n<li><strong>Classic Jigs:<\/strong>\u00a0Caratterizzati da colori vivaci e reattivi ai raggi UV e da ganci affilati e resistenti alla corrosione, questi jig sono progettati per attrarre calamari da una certa distanza in varie condizioni acquatiche. La distribuzione del peso bilanciata garantisce una caduta naturale e un'azione allettante.<\/li>\n<li><strong>Live-Bait Style Jigs:<\/strong>\u00a0Per i pescatori che preferiscono utilizzare esche naturali, le nostre jig offrono un sistema di montaggio sicuro ed efficace. Sono progettate per presentare l'esca in modo naturale, aumentando il suo richiamo per i calamari pi\u00f9 esigenti.<\/li>\n<li><strong>Jig aerodinamici e per immersioni profonde:<\/strong>\u00a0Progettati per lanci lunghi e penetrazione in acque profonde, questi jigs sono ideali per mirare a calamari in acque aperte o correnti forti. I loro profili aerodinamici minimizzano l'attrito e massimizzano la distanza di lancio.<\/li>\n<li><strong>Componenti del jig personalizzabili:<\/strong>\u00a0Offriamo una gamma di corpi per jig, gonne e pesi che possono essere combinati per creare attrezzature personalizzate adattate a situazioni di pesca specifiche e specie target.<\/li>\n<\/ul>\n<h3><strong>2. Innovativo <a href=\"https:\/\/hktackle.com\/it\/\">Squid Lures<\/a>:<\/strong><\/h3>\n<p>Oltre ai jig tradizionali, il nostro <strong>esche straniere<\/strong> rappresentano l'avanguardia della moderna tecnologia di pesca ai cefalopodi. Questi artificiali sono progettati per imitare il movimento, l'aspetto e persino l'odore delle prede di calamaro:<\/p>\n<ul>\n<li><strong>Esche in silicone morbido per calamari:<\/strong>\u00a0Realizzati con materiali durevoli ma morbidi, questi esche offrono un realismo senza pari sia nell'aspetto che nell'azione. Sono disponibili in un ampio spettro di colori e dimensioni, spesso infusi con attrattivi per ulteriormente incentivare i morsi.<\/li>\n<li><strong>Imitazioni di calamari a corpo rigido:<\/strong>\u00a0Questi esche presentano forme corporee realistiche, dettagli intricati e finiture lifelike. Molte sono dotate di camere interne che tintinnano o inserti olografici per creare suoni e lampi che imitano le prede in difficolt\u00e0.<\/li>\n<li><strong>Egi-Style Esche:<\/strong>\u00a0Popolari in molti mercati internazionali, le nostre esche in stile egi sono progettate con tassi di affondamento specifici e profili d'azione per attrarre una vasta gamma di specie di calamari. Spesso presentano motivi attraenti e ganci tripli affilati e affidabili.<\/li>\n<\/ul>\n<h3><strong>3. Efficace <a href=\"https:\/\/hktackle.com\/it\/guida-completa-allesca-da-pesca\/\">Esche per Calamari<\/a>:<\/strong><\/h3>\n<p>Sebbene i nostri jig e esche siano altamente efficaci da soli, produciamo anche specializzati <strong>esche per calamari<\/strong> progettato per aumentare l'attrattiva e fornire un profilo olfattivo naturale:<\/p>\n<ul>\n<li><strong>Esche infuse con profumo:<\/strong>\u00a0Le nostre esche sintetiche sono impregnate con potenti attrattori di calamaro a lunga durata, rendendole irresistibili anche per i mangiatori pi\u00f9 cauti.<\/li>\n<li><strong>Natural Bait Enhancers:<\/strong>\u00a0Produciamo una gamma di spray e gel progettati per essere applicati su esche naturali o esche artificiali, migliorando il loro profumo e l'attrattiva del gusto.<\/li>\n<li><strong>Sistemi di esca pre-allestiti:<\/strong>\u00a0Per comodit\u00e0 ed efficienza, offriamo sistemi di esca preinstallati che sono facili da dispiegare e progettati per la massima efficacia.<\/li>\n<\/ul>\n<h2>Perch\u00e9 scegliere i nostri jig per calamari?<\/h2>\n<div class=\"product-image\"><img loading=\"lazy\" decoding=\"async\" class=\"alignnone size-full wp-image-1195\" src=\"https:\/\/hktackle.com\/wp-content\/uploads\/2025\/10\/squid-lure-1.png\" alt=\"squid jigs\" width=\"585\" height=\"381\" title=\"\" srcset=\"https:\/\/hktackle.com\/wp-content\/uploads\/2025\/10\/squid-lure-1.png 585w, https:\/\/hktackle.com\/wp-content\/uploads\/2025\/10\/squid-lure-1-300x195.png 300w\" sizes=\"auto, (max-width: 585px) 100vw, 585px\" \/><\/div>\n<div class=\"product-showcase\">\n<div class=\"product-details\">\n<h3>Tecnologia Avanzata per la Pesca del Calamaro<\/h3>\n<p>I nostri esche e jig per calamari sono progettati con tecnologia all'avanguardia per imitare l'aspetto, il movimento e l'odore delle prede naturali dei calamari. Che tu stia prendendo di mira calamari di barriera piccoli o calamari giganti di Humboldt, abbiamo l'esca per calamari perfetta per le tue esigenze.<\/p>\n<p>A differenza delle esche da pesca tradizionali, i nostri prodotti sono progettati specificamente per il comportamento e i modelli alimentari dei calamari, risultando in tassi di cattura significativamente pi\u00f9 elevati.<\/p>\n<div id=\"features\" class=\"features\">\n<div class=\"feature\">\n<div class=\"feature-icon\">\ud83c\udfa3<\/div>\n<h4>Design Ultra-Reale<\/h4>\n<p>Imita esattamente l'aspetto e il movimento delle prede del calamaro<\/p>\n<\/div>\n<div class=\"feature\">\n<div class=\"feature-icon\">\ud83d\udca7<\/div>\n<h4>Impermeabile e Durevole<\/h4>\n<p>Materiali di alta qualit\u00e0 garantiscono prestazioni durevoli<\/p>\n<\/div>\n<div class=\"feature\">\n<div class=\"feature-icon\">\u2728<\/div>\n<h4>Tasso di cattura migliorato<\/h4>\n<p>Dimostrato aumentare i tassi di cattura dei calamari fino al 300%<\/p>\n<\/div>\n<\/div>\n<\/div>\n<\/div>\n<\/div>\n<\/section>\n<section style=\"background-color: #f5f5f5;\">\n<div class=\"container\">\n<h2 id=\"specs\">Specifiche del prodotto<\/h2>\n<table class=\"specs-table\">\n<tbody>\n<tr>\n<th>Specifiche<\/th>\n<th>Standard Jig<\/th>\n<th>Professional Lure<\/th>\n<th>Bait premium<\/th>\n<\/tr>\n<tr>\n<td>Gamma di dimensioni<\/td>\n<td>2.5-4 pollici<\/td>\n<td>3.5-6 pollici<\/td>\n<td>5-8 pollici<\/td>\n<\/tr>\n<tr>\n<td>Peso<\/td>\n<td>10-20g<\/td>\n<td>25-40g<\/td>\n<td>45-80g<\/td>\n<\/tr>\n<tr>\n<td>Material<\/td>\n<td>Silicone di alta qualit\u00e0<\/td>\n<td>Materiale glow in silicone di grado militare<\/td>\n<td>Rivestimento in silicone premium reattivo ai raggi UV<\/td>\n<\/tr>\n<tr>\n<td>Opzioni di Colore<\/td>\n<td>8 colori standard<\/td>\n<td>12 colori   fluorescenza al buio<\/td>\n<td>16 colori   fluorescente   reattivo UV<\/td>\n<\/tr>\n<tr>\n<td>Valutazione della profondit\u00e0<\/td>\n<td>0-20 metri<\/td>\n<td>0-40 metri<\/td>\n<td>0-60 metri<\/td>\n<\/tr>\n<tr>\n<td>Durabilit\u00e0<\/td>\n<td>150 utilizzi<\/td>\n<td>300 usi<\/td>\n<td>500 utilizzi<\/td>\n<\/tr>\n<\/tbody>\n<\/table>\n<\/div>\n<\/section>\n<section>\n<div class=\"container\">\n<h2><\/h2>\n<h2 id=\"usage\">Come utilizzare jig e esche per calamari<\/h2>\n<div class=\"usage-guide\">\n<h3>Best Practices per Risultati Massimi<\/h3>\n<p>1. <strong>Seleziona la dimensione e il colore giusti:<\/strong> Scegli il tuo jig per calamari in base alla dimensione del calamaro target e alle condizioni dell'acqua. Utilizza colori naturali in acque limpide e colori pi\u00f9 vivaci in condizioni torbide.<\/p>\n<p>2. <strong>Tecnica di Fusione Corretta:<\/strong> Lancia oltre la tua area target e consenti all'esca per calamari di affondare alla profondit\u00e0 desiderata prima di iniziare il recupero.<\/p>\n<p>3. <strong>Modelli di recupero:<\/strong> Utilizza un recupero lento ed erratico con pause occasionali per imitare una preda ferita. Varia la tua velocit\u00e0 e il tuo schema finch\u00e9 non trovi ci\u00f2 che funziona.<\/p>\n<p>4. <strong>Regolazione della profondit\u00e0:<\/strong> Regola la tua profondit\u00e0 di pesca in base all'orario del giorno e alla stagione. I calamari tendono a trovarsi pi\u00f9 in profondit\u00e0 durante il giorno e pi\u00f9 in superficie all'alba\/tramonto.<\/p>\n<p>5. <strong>Condizioni di Luce:<\/strong> Le nostre esche per calamari che brillano al buio sono particolarmente efficaci durante la pesca notturna o in condizioni di scarsa illuminazione.<\/p>\n<\/div>\n<h3>Scenari di Pesca Ideali<\/h3>\n<div class=\"features\">\n<div class=\"feature\">\n<div class=\"feature-icon\">\ud83c\udf05<\/div>\n<h4>Alba &amp; Crepuscolo<\/h4>\n<p>Tempi di alimentazione ottimali per i calamari \u2013 tassi di cattura massimi<\/p>\n<\/div>\n<div class=\"feature\">\n<div class=\"feature-icon\">\ud83c\udf0a<\/div>\n<h4>Mole e Pontili<\/h4>\n<p>Gli squali si radunano intorno alle strutture \u2013 perfetti per il jigging<\/p>\n<\/div>\n<div class=\"feature\">\n<div class=\"feature-icon\">\ud83d\udea4<\/div>\n<h4>Pesca in barca<\/h4>\n<p>Accedi a acque pi\u00f9 profonde e individua i banchi di calamari<\/p>\n<p><img loading=\"lazy\" decoding=\"async\" class=\"alignnone wp-image-1469 size-full\" src=\"https:\/\/hktackle.com\/wp-content\/uploads\/2025\/11\/HK-fishing-tackle.jpg\" alt=\"esche straniere\" width=\"861\" height=\"585\" title=\"\" srcset=\"https:\/\/hktackle.com\/wp-content\/uploads\/2025\/11\/HK-fishing-tackle.jpg 861w, https:\/\/hktackle.com\/wp-content\/uploads\/2025\/11\/HK-fishing-tackle-300x204.jpg 300w, https:\/\/hktackle.com\/wp-content\/uploads\/2025\/11\/HK-fishing-tackle-768x522.jpg 768w, https:\/\/hktackle.com\/wp-content\/uploads\/2025\/11\/HK-fishing-tackle-600x408.jpg 600w\" sizes=\"auto, (max-width: 861px) 100vw, 861px\" \/><\/p>\n<\/div>\n<\/div>\n<\/div>\n<\/section>\n<section style=\"background-color: #f5f5f5;\">\n<div class=\"container\">\n<h2 id=\"testimonials\">Testimonianze dei clienti<\/h2>\n<div class=\"testimonials\">\n<div class=\"testimonial\">\n<div class=\"testimonial-text\">\"Ho usato jig per calamari per oltre 20 anni e questi sono di gran lunga i migliori che abbia mai provato. La funzione glow \u00e8 incredibile per la pesca notturna - il mio tasso di cattura \u00e8 triplicato!\"<\/div>\n<div class=\"testimonial-author\">\u2013 Mark T., Pescatore Commerciale<\/div>\n<\/div>\n<div class=\"testimonial\">\n<div class=\"testimonial-text\">\"Come principiante, ero scettico nel spendere di pi\u00f9 per esche per calamari premium, ma i risultati parlano da soli. Ho preso il mio primo calamaro al secondo lancio!\"<\/div>\n<div class=\"testimonial-author\">\u2013 Sarah L., Pescatrice Ricreativa<\/div>\n<\/div>\n<div class=\"testimonial\">\n<div class=\"testimonial-text\">\u201cLa durata di queste esche \u00e8 incredibile. Dopo mesi di utilizzo, sembrano e funzionano ancora come nuove. Ne vale ogni centesimo per i veri pescatori di calamari.\u201d<\/div>\n<div class=\"testimonial-author\">\u2013 James R., Guida di Pesca<\/div>\n<\/div>\n<\/div>\n<\/div>\n<\/section>\n<section class=\"cta-section\">\n<div class=\"container\">\n<h2>Pronto a catturare pi\u00f9 calamari?<\/h2>\n<p>Unisciti a migliaia di pescatori soddisfatti che hanno trasformato la loro esperienza di pesca al calamaro con i nostri jig e esche premium.<\/p>\n<p><a class=\"btn\" style=\"background-color: white; color: var(--primary-color);\" href=\"#pricing\">Acquista la Collezione<\/a><\/p>\n<\/div>\n<\/section>\n<footer>\n<div class=\"container\">\n<div class=\"footer-content\">\n<div class=\"footer-section\"><\/div>\n<\/div>\n<div class=\"footer-bottom\">\n<div class=\"wpforms-container\" id=\"wpforms-564\"><form id=\"wpforms-form-564\" class=\"wpforms-validate wpforms-form wpforms-ajax-form\" data-formid=\"564\" method=\"post\" enctype=\"multipart\/form-data\" action=\"\/it\/wp-json\/wp\/v2\/product\/1947\" data-token=\"3a27290115edac4e9507e4eda9c9e8f3\" data-token-time=\"1776510856\" data-trp-original-action=\"\/it\/wp-json\/wp\/v2\/product\/1947\"><div class=\"wpforms-head-container\"><div class=\"wpforms-title\">Richiesta di preventivo<\/div><\/div><noscript class=\"wpforms-error-noscript\">Abilita JavaScript nel browser per completare questo modulo.<\/noscript><div class=\"wpforms-field-container\">\t\t<div id=\"wpforms-564-field_7-container\"\n\t\t\tclass=\"wpforms-field wpforms-field-text\"\n\t\t\tdata-field-type=\"text\"\n\t\t\tdata-field-id=\"7\"\n\t\t\t>\n\t\t\t<label class=\"wpforms-field-label\" for=\"wpforms-564-field_7\" >Inquiry Name Cliente IP<\/label>\n\t\t\t<input type=\"text\" id=\"wpforms-564-field_7\" class=\"wpforms-field-medium\" name=\"wpforms[fields][7]\" >\n\t\t<\/div>\n\t\t<div id=\"wpforms-564-field_1-container\" class=\"wpforms-field wpforms-field-name\" data-field-id=\"1\"><label class=\"wpforms-field-label wpforms-label-hide\" for=\"wpforms-564-field_1\">Nome <span class=\"wpforms-required-label\">*<\/span><\/label><input type=\"text\" id=\"wpforms-564-field_1\" class=\"wpforms-field-medium wpforms-field-required\" name=\"wpforms[fields][1]\" placeholder=\"Nome\" required><\/div><div id=\"wpforms-564-field_2-container\" class=\"wpforms-field wpforms-field-name\" data-field-id=\"2\"><label class=\"wpforms-field-label wpforms-label-hide\" for=\"wpforms-564-field_2\">Whatsapp <span class=\"wpforms-required-label\">*<\/span><\/label><input type=\"text\" id=\"wpforms-564-field_2\" class=\"wpforms-field-medium wpforms-field-required\" name=\"wpforms[fields][2]\" placeholder=\"WhatsApp\" required><\/div><div id=\"wpforms-564-field_4-container\" class=\"wpforms-field wpforms-field-name\" data-field-id=\"4\"><label class=\"wpforms-field-label wpforms-label-hide\" for=\"wpforms-564-field_4\">Email <span class=\"wpforms-required-label\">*<\/span><\/label><input type=\"text\" id=\"wpforms-564-field_4\" class=\"wpforms-field-medium wpforms-field-required\" name=\"wpforms[fields][4]\" placeholder=\"Email\" required><\/div><div id=\"wpforms-564-field_3-container\" class=\"wpforms-field wpforms-field-name\" data-field-id=\"3\"><label class=\"wpforms-field-label wpforms-label-hide\" for=\"wpforms-564-field_3\">Richiesta <span class=\"wpforms-required-label\">*<\/span><\/label><input type=\"text\" id=\"wpforms-564-field_3\" class=\"wpforms-field-medium wpforms-field-required\" name=\"wpforms[fields][3]\" placeholder=\"quale prodotto ti serve\" required><\/div><div id=\"wpforms-564-field_5-container\" class=\"wpforms-field wpforms-field-hidden\" data-field-id=\"5\"><input type=\"hidden\" id=\"wpforms-564-field_5\" name=\"wpforms[fields][5]\" value=\"216.73.216.42\"><\/div><div id=\"wpforms-564-field_6-container\" class=\"wpforms-field wpforms-field-hidden\" data-field-id=\"6\"><input type=\"hidden\" id=\"wpforms-564-field_6\" name=\"wpforms[fields][6]\" value=\"https:\/\/hktackle.com\/it\/wp-json\/wp\/v2\/product\/1947\"><\/div><script>\n\t\t\t\t( function() {\n\t\t\t\t\tconst style = document.createElement( 'style' );\n\t\t\t\t\tstyle.appendChild( document.createTextNode( '#wpforms-564-field_7-container { position: absolute !important; overflow: hidden !important; display: inline !important; height: 1px !important; width: 1px !important; z-index: -1000 !important; padding: 0 !important; } #wpforms-564-field_7-container input { visibility: hidden; } #wpforms-conversational-form-page #wpforms-564-field_7-container label { counter-increment: none; }' ) );\n\t\t\t\t\tdocument.head.appendChild( style );\n\t\t\t\t\tdocument.currentScript?.remove();\n\t\t\t\t} )();\n\t\t\t<\/script><\/div><!-- .wpforms-field-container --><div class=\"wpforms-submit-container\" ><input type=\"hidden\" name=\"wpforms[id]\" value=\"564\"><input type=\"hidden\" name=\"page_title\" value=\"\"><input type=\"hidden\" name=\"page_url\" value=\"https:\/\/hktackle.com\/it\/wp-json\/wp\/v2\/product\/1947\"><input type=\"hidden\" name=\"url_referer\" value=\"\"><button type=\"submit\" name=\"wpforms[submit]\" id=\"wpforms-submit-564\" class=\"wpforms-submit\" data-alt-text=\"Sending\" data-submit-text=\"Summit\" aria-live=\"assertive\" value=\"wpforms-submit\">Vertice<\/button><img loading=\"lazy\" decoding=\"async\" src=\"https:\/\/hktackle.com\/wp-content\/plugins\/wpforms\/assets\/images\/submit-spin.svg\" class=\"wpforms-submit-spinner\" style=\"display: none;\" width=\"26\" height=\"26\" alt=\"Loading\" title=\"\"><\/div><input type=\"hidden\" name=\"trp-form-language\" value=\"it\"\/><\/form><\/div>  <!-- .wpforms-container -->\n<\/div>\n<\/div>\n<\/footer>\n<p>&nbsp;<\/p>","protected":false},"excerpt":{"rendered":"<p>Benvenuti nella prossima generazione della pesca del calamaro. Il nostro\u00a0<strong>Squid jig<\/strong>\u00a0non \u00e8 solo un altro richiamo; \u00e8 il culmine della ricerca in biologia marina e della scienza dei materiali avanzati. Abbiamo progettato meticolosamente ogni aspetto per attivare gli istinti aggressivi di alimentazione dei calamari, trasformando la tua efficienza nella pesca.<\/p>\n<p>Cosa distingue questo\u00a0<strong>esca per calamari<\/strong>\u00a0separato \u00e8 il suo richiamo multi-sensoriale. La silhouette ultra-realistica e il movimento realistico nell'acqua creano un bersaglio visivo irresistibile. Combinato con la nostra formulazione impregnata di profumo proprietaria, questo\u00a0<strong>esca per calamari<\/strong>\u00a0fornisce un pacchetto di stimoli predatori completo che aumenta drasticamente il tuo tasso di aggancio, giorno e notte.<\/p>\n<div class=\"wp-block-stackable-button stk-block-button popmake-1340 stk-block stk-13b8711 popmake-1340\" data-block-id=\"13b8711\">\n<style>.stk-13b8711 {min-height:var(--stk--preset--block-height--x-small, 4rem) !important;padding-top:var(--stk--preset--spacing--none, 0px) !important;padding-right:var(--stk--preset--spacing--none, 0px) !important;padding-bottom:var(--stk--preset--spacing--none, 0px) !important;padding-left:var(--stk--preset--spacing--none, 0px) !important;}.stk-13b8711 .stk-button{min-height:36px !important;padding-top:var(--stk--preset--spacing--40, 1rem) !important;padding-right:33px !important;padding-bottom:var(--stk--preset--spacing--40, 1rem) !important;background:#2db2eb !important;border-top-left-radius:var(--stk--preset--border-radius--small, 4px) !important;border-top-right-radius:var(--stk--preset--border-radius--small, 4px) !important;border-bottom-right-radius:var(--stk--preset--border-radius--small, 4px) !important;border-bottom-left-radius:var(--stk--preset--border-radius--small, 4px) !important;}.stk-13b8711 .stk-button__inner-text{color:#fffffe !important;}<\/style>\n<p><a class=\"stk-link stk-button stk--hover-effect-lift-scale-more\"><span class=\"has-text-color stk-button__inner-text\">Richiedi un preventivo <\/span><\/a><\/p>\n<\/div>","protected":false},"featured_media":1984,"template":"","meta":[],"product_brand":[],"product_cat":[21],"product_tag":[],"class_list":{"0":"post-1947","1":"product","2":"type-product","3":"status-publish","4":"has-post-thumbnail","6":"product_cat-lure-bait","8":"first","9":"instock","10":"featured","11":"shipping-taxable","12":"product-type-simple"},"_links":{"self":[{"href":"https:\/\/hktackle.com\/it\/wp-json\/wp\/v2\/product\/1947","targetHints":{"allow":["GET"]}}],"collection":[{"href":"https:\/\/hktackle.com\/it\/wp-json\/wp\/v2\/product"}],"about":[{"href":"https:\/\/hktackle.com\/it\/wp-json\/wp\/v2\/types\/product"}],"wp:featuredmedia":[{"embeddable":true,"href":"https:\/\/hktackle.com\/it\/wp-json\/wp\/v2\/media\/1984"}],"wp:attachment":[{"href":"https:\/\/hktackle.com\/it\/wp-json\/wp\/v2\/media?parent=1947"}],"wp:term":[{"taxonomy":"product_brand","embeddable":true,"href":"https:\/\/hktackle.com\/it\/wp-json\/wp\/v2\/product_brand?post=1947"},{"taxonomy":"product_cat","embeddable":true,"href":"https:\/\/hktackle.com\/it\/wp-json\/wp\/v2\/product_cat?post=1947"},{"taxonomy":"product_tag","embeddable":true,"href":"https:\/\/hktackle.com\/it\/wp-json\/wp\/v2\/product_tag?post=1947"}],"curies":[{"name":"wp","href":"https:\/\/api.w.org\/{rel}","templated":true}]}}