{"id":2020,"date":"2025-11-28T13:48:42","date_gmt":"2025-11-28T13:48:42","guid":{"rendered":"https:\/\/hktackle.com\/?post_type=product&#038;p=2020"},"modified":"2025-11-28T14:12:09","modified_gmt":"2025-11-28T14:12:09","slug":"fornitore-di-combo-di-canne-da-pesca-b2b","status":"publish","type":"product","link":"https:\/\/hktackle.com\/it\/prodotto\/fornitore-di-combo-di-canne-da-pesca-b2b","title":{"rendered":"Combo di canne da mosca di livello professionale"},"content":{"rendered":"<h1>Soluzioni Professionali per Combinazioni di Canna da Pesca a Mosca<\/h1>\n<p><img loading=\"lazy\" decoding=\"async\" class=\"alignnone wp-image-2029\" src=\"https:\/\/hktackle.com\/wp-content\/uploads\/2025\/11\/Fly-Fishing-Combo-6.jpg\" alt=\"Combo canna da volo\" width=\"696\" height=\"702\" title=\"\" srcset=\"https:\/\/hktackle.com\/wp-content\/uploads\/2025\/11\/Fly-Fishing-Combo-6.jpg 782w, https:\/\/hktackle.com\/wp-content\/uploads\/2025\/11\/Fly-Fishing-Combo-6-297x300.jpg 297w, https:\/\/hktackle.com\/wp-content\/uploads\/2025\/11\/Fly-Fishing-Combo-6-150x150.jpg 150w, https:\/\/hktackle.com\/wp-content\/uploads\/2025\/11\/Fly-Fishing-Combo-6-768x775.jpg 768w, https:\/\/hktackle.com\/wp-content\/uploads\/2025\/11\/Fly-Fishing-Combo-6-12x12.jpg 12w, https:\/\/hktackle.com\/wp-content\/uploads\/2025\/11\/Fly-Fishing-Combo-6-600x605.jpg 600w\" sizes=\"auto, (max-width: 696px) 100vw, 696px\" \/><\/p>\n<header>\n<div class=\"container\">\n<p class=\"intro\">Per distributori, rivenditori e fornitori di attrezzature da pesca in cerca di prodotti premium <a href=\"https:\/\/hktackle.com\/it\/guida-alle-canne-da-pesca\/\">combo asta da pesca a mosca<\/a> soluzioni. La nostra esperienza nella produzione garantisce qualit\u00e0 costante, prezzi competitivi e consegne affidabili per i clienti B2B in tutto il mondo.<\/p>\n<p class=\"intro\">Con oltre 15 anni di esperienza nella produzione di attrezzature da pesca, offriamo opzioni di combo canna da mosca personalizzabili per soddisfare le esigenze specifiche del tuo mercato. Dai pacchetti per principianti a configurazioni di livello professionale, i nostri prodotti offrono prestazioni eccezionali e durata.<\/p>\n<\/div>\n<\/header>\n<section>\n<h2>Capacit\u00e0 di produzione di combo di canne da volo<\/h2>\n<div class=\"key-points\">\n<div class=\"point-card\">\n<h3>Opzioni di branding personalizzato<\/h3>\n<p>Soluzioni white-label e private label con il tuo marchio. Wrap personalizzati per canne, incisioni su mulinelli e opzioni di imballaggio disponibili.<\/p>\n<\/div>\n<div class=\"point-card\">\n<h3>Prezzi per Ordini in Blocco<\/h3>\n<p>Prezzi basati sul volume per i distributori. MOQ a partire da 50 unit\u00e0 con termini di pagamento flessibili per i partner consolidati.<\/p>\n<\/div>\n<div class=\"point-card\">\n<h3>Assicurazione della qualit\u00e0<\/h3>\n<p>Produzione certificata ISO 9001. Ogni set di canne da pesca subisce test rigorosi prima della spedizione per garantire standard di prestazione.<\/p>\n<\/div>\n<\/div>\n<\/section>\n<p><!-- What Makes a Fly Rod Combo Section --><\/p>\n<section class=\"content-section\">\n<div class=\"text-content\">\n<h2>Eccellenza ingegneristica in <a href=\"https:\/\/hktackle.com\/it\/\">Combo di canna da mosca<\/a> Progettazione<\/h2>\n<p>I nostri set di canne da mosca rappresentano il massimo dell'ingegneria dell'attrezzatura da pesca, combinando materiali avanzati con processi di produzione di precisione per offrire prestazioni eccezionali ai vostri clienti.<\/p>\n<h3>Selezione Avanzata dei Materiali<\/h3>\n<p>Utilizziamo compositi in grafite ad alto modulo, fibra di carbonio di grado aerospaziale e leghe di alluminio lavorate con precisione nella costruzione del nostro set di canne da pesca. Questi materiali garantiscono ottimali rapporti resistenza-peso e durata a lungo termine.<\/p>\n<h3>Processo di Manifattura di Precisione<\/h3>\n<p>Ogni componente nel nostro <a href=\"https:\/\/hktackle.com\/it\/guida-alle-canne-da-pesca\/\">combinazione di fly fishing<\/a> sottoposto a un meticoloso controllo qualit\u00e0. Dalla fabbricazione del vuoto all'allineamento della guida e all'installazione del porta-mulinello, i nostri processi garantiscono coerenza tra i lotti di produzione.<\/p>\n<h3>Test di Prestazione<\/h3>\n<p>Ogni combo di canna da mosca \u00e8 testata per il profilo d'azione, la compatibilit\u00e0 del peso della linea e l'integrit\u00e0 del porta mulinello. I nostri protocolli di test superano gli standard del settore per garantire la soddisfazione del cliente.<\/p>\n<\/div>\n<div class=\"image-content\"><img loading=\"lazy\" decoding=\"async\" class=\"alignnone  wp-image-2025\" src=\"https:\/\/hktackle.com\/wp-content\/uploads\/2025\/11\/Fly-Fishing-Combo-1.jpg\" alt=\"canna e mulinello da pesca a mosca\" width=\"340\" height=\"340\" title=\"\" srcset=\"https:\/\/hktackle.com\/wp-content\/uploads\/2025\/11\/Fly-Fishing-Combo-1.jpg 640w, https:\/\/hktackle.com\/wp-content\/uploads\/2025\/11\/Fly-Fishing-Combo-1-300x300.jpg 300w, https:\/\/hktackle.com\/wp-content\/uploads\/2025\/11\/Fly-Fishing-Combo-1-150x150.jpg 150w, https:\/\/hktackle.com\/wp-content\/uploads\/2025\/11\/Fly-Fishing-Combo-1-12x12.jpg 12w, https:\/\/hktackle.com\/wp-content\/uploads\/2025\/11\/Fly-Fishing-Combo-1-600x600.jpg 600w\" sizes=\"auto, (max-width: 340px) 100vw, 340px\" \/><img loading=\"lazy\" decoding=\"async\" class=\"alignnone  wp-image-2027\" src=\"https:\/\/hktackle.com\/wp-content\/uploads\/2025\/11\/Fly-Fishing-Combo-4.jpg\" alt=\"migliori canne da pesca a mosca\" width=\"384\" height=\"340\" title=\"\" srcset=\"https:\/\/hktackle.com\/wp-content\/uploads\/2025\/11\/Fly-Fishing-Combo-4.jpg 763w, https:\/\/hktackle.com\/wp-content\/uploads\/2025\/11\/Fly-Fishing-Combo-4-300x266.jpg 300w, https:\/\/hktackle.com\/wp-content\/uploads\/2025\/11\/Fly-Fishing-Combo-4-14x12.jpg 14w, https:\/\/hktackle.com\/wp-content\/uploads\/2025\/11\/Fly-Fishing-Combo-4-600x532.jpg 600w\" sizes=\"auto, (max-width: 384px) 100vw, 384px\" \/><\/p>\n<p style=\"text-align: center; font-style: italic; margin-top: 10px;\">La produzione di precisione garantisce una qualit\u00e0 coerente in tutti i prodotti combo per canne da volo.<\/p>\n<\/div>\n<\/section>\n<p><!-- Comparison Section --><\/p>\n<section>\n<h2>Confronto della linea di prodotti Fly Rod Combo<\/h2>\n<h3 class=\"header-iWP5WJ auto-hide-last-sibling-br\">1. Specifiche della Canna da Pesca<\/h3>\n<div class=\"auto-hide-last-sibling-br mdbox-table-root table-container-cYf_5N\" data-scroll-inline-overflow=\"true\" data-scroll-inline-at-start=\"true\" data-scroll-inline-start-overflow=\"false\" data-scroll-inline-at-end=\"false\" data-scroll-inline-end-overflow=\"true\">\n<div class=\"table-scroll-container-Gyf4hQ mdbox-table-scroll-container\">\n<table>\n<thead>\n<tr>\n<th>Specifiche<\/th>\n<th>Azione<\/th>\n<th>Material<\/th>\n<th>Diametro della punta<\/th>\n<th>Diametro del sedere<\/th>\n<th>Numero di Sezioni<\/th>\n<th>Lunghezza estesa<\/th>\n<th>Lunghezza Compressa<\/th>\n<th>Peso<\/th>\n<\/tr>\n<\/thead>\n<tbody>\n<tr>\n<td>#5<\/td>\n<td>Medio<\/td>\n<td>Fibra di carbonio<\/td>\n<td>2mm<\/td>\n<td>9mm<\/td>\n<td>4<\/td>\n<td>2.73m<\/td>\n<td>73cm<\/td>\n<td>110g<\/td>\n<\/tr>\n<\/tbody>\n<\/table>\n<\/div>\n<\/div>\n<h3 class=\"header-iWP5WJ auto-hide-last-sibling-br\">2. Specifiche della Bobina da Pesca<\/h3>\n<div class=\"auto-hide-last-sibling-br mdbox-table-root table-container-cYf_5N\" data-scroll-inline-overflow=\"false\" data-scroll-inline-at-start=\"true\" data-scroll-inline-start-overflow=\"false\" data-scroll-inline-at-end=\"true\" data-scroll-inline-end-overflow=\"false\">\n<div class=\"table-scroll-container-Gyf4hQ mdbox-table-scroll-container\">\n<table>\n<thead>\n<tr>\n<th>Modello<\/th>\n<th>Diametro Esterno<\/th>\n<th>Cuscinetti<\/th>\n<th>Rapporto di Trasmissione<\/th>\n<th>Material<\/th>\n<th>Peso<\/th>\n<\/tr>\n<\/thead>\n<tbody>\n<tr>\n<td>5\/6<\/td>\n<td>8.5cm<\/td>\n<td>2 1BB<\/td>\n<td>1:1<\/td>\n<td>Lega di alluminio<\/td>\n<td>190G<\/td>\n<\/tr>\n<\/tbody>\n<\/table>\n<\/div>\n<\/div>\n<h3 class=\"header-iWP5WJ auto-hide-last-sibling-br\">3. Specifiche della linea di volo<\/h3>\n<div class=\"auto-hide-last-sibling-br mdbox-table-root table-container-cYf_5N\" data-scroll-inline-overflow=\"false\" data-scroll-inline-at-start=\"true\" data-scroll-inline-start-overflow=\"false\" data-scroll-inline-at-end=\"true\" data-scroll-inline-end-overflow=\"false\">\n<div class=\"table-scroll-container-Gyf4hQ mdbox-table-scroll-container\">\n<table>\n<thead>\n<tr>\n<th>Modello<\/th>\n<th>Lunghezza<\/th>\n<th>Material<\/th>\n<th>Prestazione<\/th>\n<th>Peso<\/th>\n<\/tr>\n<\/thead>\n<tbody>\n<tr>\n<td>4.0<\/td>\n<td>30M<\/td>\n<td>PVC   Nylon<\/td>\n<td>Adatto per Lunghe Lanci<\/td>\n<td>37G<\/td>\n<\/tr>\n<\/tbody>\n<\/table>\n<\/div>\n<\/div>\n<h3 class=\"header-iWP5WJ auto-hide-last-sibling-br\">4. Specifiche della borsa per canne<\/h3>\n<p>&nbsp;<\/p>\n<div class=\"auto-hide-last-sibling-br mdbox-table-root table-container-cYf_5N\" data-scroll-inline-overflow=\"false\" data-scroll-inline-at-start=\"true\" data-scroll-inline-start-overflow=\"false\" data-scroll-inline-at-end=\"true\" data-scroll-inline-end-overflow=\"false\">\n<div class=\"table-scroll-container-Gyf4hQ mdbox-table-scroll-container\">\n<table>\n<thead>\n<tr>\n<th>Stile<\/th>\n<th>Lunghezza<\/th>\n<th>Material<\/th>\n<th>Diametro del tubo<\/th>\n<th>Lunghezza della cinghia<\/th>\n<th>Peso<\/th>\n<\/tr>\n<\/thead>\n<tbody>\n<tr>\n<td>Stile a Fionda<\/td>\n<td>80cm<\/td>\n<td>Nylon<\/td>\n<td>5cm<\/td>\n<td>100cm<\/td>\n<td>375G<\/td>\n<\/tr>\n<\/tbody>\n<\/table>\n<\/div>\n<\/div>\n<table class=\"comparison-table\">\n<tbody>\n<tr>\n<th>Serie di Prodotti<\/th>\n<th>Entry-Level Combo<\/th>\n<th>Professional Series<\/th>\n<th>Opzione di Costruzione Personalizzata<\/th>\n<\/tr>\n<tr>\n<td>Mercato di riferimento<\/td>\n<td>Principianti della pesca, operazioni di noleggio<\/td>\n<td>Pescatori esperti, guide di pesca<\/td>\n<td>Rivenditori boutique, marchi premium<\/td>\n<\/tr>\n<tr>\n<td>Materiali<\/td>\n<td>IM6 Grafite, componenti pressofusi<\/td>\n<td>IM8 Grafite, alluminio lavorato<\/td>\n<td>Moduli personalizzati in grafite, componenti in titanio<\/td>\n<\/tr>\n<tr>\n<td>MOQ e Prezzi<\/td>\n<td>50 unit\u00e0, $85-120\/unit\u00e0<\/td>\n<td>25 unit\u00e0, $220-350\/unit\u00e0<\/td>\n<td>10 unit\u00e0, $450 \/unit\u00e0<\/td>\n<\/tr>\n<tr>\n<td>Garanzia<\/td>\n<td>Garanzia limitata di 1 anno<\/td>\n<td>Garanzia a vita sulla canna, 5 anni sul mulinello<\/td>\n<td>Garanzia a vita completa<\/td>\n<\/tr>\n<\/tbody>\n<\/table>\n<\/section>\n<p><!-- B2B Features Section --><\/p>\n<section>\n<h2>Vantaggi della partnership B2B<\/h2>\n<div class=\"b2b-features\">\n<div class=\"b2b-feature\">\n<h3>Logistica Globale<\/h3>\n<p>Soluzioni di spedizione efficienti disponibili con termini DDP. Opzioni di stoccaggio e drop-shipping per grandi distributori.<\/p>\n<\/div>\n<div class=\"b2b-feature\">\n<div class=\"feature-icon\"><\/div>\n<h3>Supporto Vendite<\/h3>\n<p>Materiali di formazione sui prodotti, risorse di marketing e programmi di pubblicit\u00e0 cooperativa per i partner al dettaglio.<\/p>\n<\/div>\n<div class=\"b2b-feature\">\n<h3>Gestione dell'Inventario<\/h3>\n<p>La produzione just-in-time riduce i costi di inventario. I programmi di produzione flessibili si adattano alla domanda stagionale.<\/p>\n<\/div>\n<\/div>\n<\/section>\n<p><!-- Types Section --><\/p>\n<section>\n<h2>Configurazioni Combinate di Canne da Pesca Specializzate<\/h2>\n<p>Le nostre capacit\u00e0 di produzione includono configurazioni specializzate per applicazioni di pesca specifiche.<\/p>\n<div class=\"types-grid\">\n<div class=\"type-card\">\n<div class=\"type-image\" style=\"background-image: url('https:\/\/images.unsplash.com\/photo-1441906363162-903afd0d3d52?ixlib=rb-4.0.3&amp;auto=format&amp;fit=crop&amp;w=600&amp;q=80');\"><\/div>\n<div class=\"type-content\">\n<h3>Serie di Trota d'Acqua Dolce<\/h3>\n<p>Configurazioni leggere (3-5 peso) ottimizzate per presentazioni delicate. Ideale per i rivenditori di pesca a mosca che servono pescatori di trote.<\/p>\n<\/div>\n<\/div>\n<div class=\"type-card\">\n<div class=\"type-image\" style=\"background-image: url('https:\/\/images.unsplash.com\/photo-1578660475122-47cfcaad2c8a?ixlib=rb-4.0.3&amp;auto=format&amp;fit=crop&amp;w=600&amp;q=80');\"><\/div>\n<div class=\"type-content\">\n<h3>Saltwater Performance Series<\/h3>\n<p>Componenti resistenti alla corrosione costruiti per ambienti difficili. Perfetti per rivenditori costieri e destinazioni di pesca tropicali.<\/p>\n<\/div>\n<\/div>\n<div class=\"type-card\">\n<div class=\"type-image\" style=\"background-image: url('https:\/\/images.unsplash.com\/photo-1578660475122-47cfcaad2c8a?ixlib=rb-4.0.3&amp;auto=format&amp;fit=crop&amp;w=600&amp;q=80');\"><\/div>\n<div class=\"type-content\">\n<h3>Serie Viaggia e Fai La Valigia<\/h3>\n<p>Design a pi\u00f9 componenti che si smontano in modo compatto. Alta richiesta da parte di fornitori di viaggi e distributori internazionali.<\/p>\n<\/div>\n<\/div>\n<div class=\"type-card\">\n<div class=\"type-image\" style=\"background-image: url('https:\/\/images.unsplash.com\/photo-1578660475122-47cfcaad2c8a?ixlib=rb-4.0.3&amp;auto=format&amp;fit=crop&amp;w=600&amp;q=80');\"><\/div>\n<div class=\"type-content\">\n<h3>Serie Bass &amp; Pike<\/h3>\n<p>Configurazioni di potenza medio-pesante per specie aggressive d'acqua dolce. Popolare presso i rivenditori nordamericani.<\/p>\n<\/div>\n<\/div>\n<\/div>\n<\/section>\n<p><!-- FAQ Section --><\/p>\n<section>\n<h2><img loading=\"lazy\" decoding=\"async\" class=\"alignnone size-full wp-image-2028\" src=\"https:\/\/hktackle.com\/wp-content\/uploads\/2025\/11\/Fly-Fishing-Combo-5.jpg\" alt=\"canna e mulinello da pesca a mosca\" width=\"782\" height=\"756\" title=\"\" srcset=\"https:\/\/hktackle.com\/wp-content\/uploads\/2025\/11\/Fly-Fishing-Combo-5.jpg 782w, https:\/\/hktackle.com\/wp-content\/uploads\/2025\/11\/Fly-Fishing-Combo-5-300x290.jpg 300w, https:\/\/hktackle.com\/wp-content\/uploads\/2025\/11\/Fly-Fishing-Combo-5-768x742.jpg 768w, https:\/\/hktackle.com\/wp-content\/uploads\/2025\/11\/Fly-Fishing-Combo-5-12x12.jpg 12w, https:\/\/hktackle.com\/wp-content\/uploads\/2025\/11\/Fly-Fishing-Combo-5-600x580.jpg 600w\" sizes=\"auto, (max-width: 782px) 100vw, 782px\" \/><\/h2>\n<h2>B2B Domande Frequenti<\/h2>\n<div class=\"faq-item\">\n<div class=\"faq-question\">Qual \u00e8 la quantit\u00e0 minima d'ordine per una canna e mulinello da pesca a mosca personalizzati?<\/div>\n<p>Il nostro MOQ standard \u00e8 di 50 unit\u00e0 per configurazioni entry-level e 25 unit\u00e0 per la serie professionale. Per costruzioni completamente personalizzate con componenti proprietari, il MOQ inizia a 10 unit\u00e0. Gli sconti per volume si applicano a 100 unit\u00e0.<\/p>\n<\/div>\n<div class=\"faq-item\">\n<div class=\"faq-question\">Offrite opzioni di etichettatura privata?<\/div>\n<p>S\u00ec, offriamo servizi completi di etichettatura privata, inclusi avvolgimenti personalizzati per canne, incisioni per mulinelli e imballaggi con marchio. Le specifiche artistiche e le spese di setup variano in base alla complessit\u00e0.<\/p>\n<\/div>\n<div class=\"faq-item\">\n<div class=\"faq-question\">Quali sono i tempi di consegna per gli ordini in grande quantit\u00e0?<\/div>\n<p>Il tempo di consegna standard per la produzione \u00e8 di 4-6 settimane per ordini fino a 500 unit\u00e0. Ordini pi\u00f9 grandi possono richiedere 8-10 settimane. La produzione accelerata \u00e8 disponibile per i partner consolidati con costi aggiuntivi.<\/p>\n<\/div>\n<div class=\"faq-item\">\n<div class=\"faq-question\">Fornite certificazione del prodotto e documentazione di conformit\u00e0?<\/div>\n<p>Tutte le nostre canne da pesca a mosca con mulinello vengono fornite con documentazione di certificazione ISO 9001. Possiamo fornire ulteriori certificati di conformit\u00e0 per mercati specifici su richiesta.<\/p>\n<\/div>\n<\/section>\n<p>&nbsp;<\/p>\n<footer>\n<div class=\"container\">\n<p>\u00a9 2024 Produzione di Attrezzature Professionali per la Pesca | Soluzioni Combo per Canne da Volo B2B<\/p>\n<div class=\"references\">\n<p>Standard di Produzione: Certificato ISO 9001 | Membro: Associazione Commerciale Americana di Pesca a Mosca | Conformit\u00e0 all'Esportazione Globale<\/p>\n<\/div>\n<\/div>\n<\/footer>\n<div class=\"wpforms-container\" id=\"wpforms-564\"><form id=\"wpforms-form-564\" class=\"wpforms-validate wpforms-form wpforms-ajax-form\" data-formid=\"564\" method=\"post\" enctype=\"multipart\/form-data\" action=\"\/it\/wp-json\/wp\/v2\/product\/2020\" data-token=\"3a27290115edac4e9507e4eda9c9e8f3\" data-token-time=\"1776510740\" data-trp-original-action=\"\/it\/wp-json\/wp\/v2\/product\/2020\"><div class=\"wpforms-head-container\"><div class=\"wpforms-title\">Richiesta di preventivo<\/div><\/div><noscript class=\"wpforms-error-noscript\">Abilita JavaScript nel browser per completare questo modulo.<\/noscript><div class=\"wpforms-field-container\">\t\t<div id=\"wpforms-564-field_7-container\"\n\t\t\tclass=\"wpforms-field wpforms-field-text\"\n\t\t\tdata-field-type=\"text\"\n\t\t\tdata-field-id=\"7\"\n\t\t\t>\n\t\t\t<label class=\"wpforms-field-label\" for=\"wpforms-564-field_7\" >Cliente IP pagina di richiesta Whatsapp<\/label>\n\t\t\t<input type=\"text\" id=\"wpforms-564-field_7\" class=\"wpforms-field-medium\" name=\"wpforms[fields][7]\" >\n\t\t<\/div>\n\t\t<div id=\"wpforms-564-field_1-container\" class=\"wpforms-field wpforms-field-name\" data-field-id=\"1\"><label class=\"wpforms-field-label wpforms-label-hide\" for=\"wpforms-564-field_1\">Nome <span class=\"wpforms-required-label\">*<\/span><\/label><input type=\"text\" id=\"wpforms-564-field_1\" class=\"wpforms-field-medium wpforms-field-required\" name=\"wpforms[fields][1]\" placeholder=\"Nome\" required><\/div><div id=\"wpforms-564-field_2-container\" class=\"wpforms-field wpforms-field-name\" data-field-id=\"2\"><label class=\"wpforms-field-label wpforms-label-hide\" for=\"wpforms-564-field_2\">Whatsapp <span class=\"wpforms-required-label\">*<\/span><\/label><input type=\"text\" id=\"wpforms-564-field_2\" class=\"wpforms-field-medium wpforms-field-required\" name=\"wpforms[fields][2]\" placeholder=\"WhatsApp\" required><\/div><div id=\"wpforms-564-field_4-container\" class=\"wpforms-field wpforms-field-name\" data-field-id=\"4\"><label class=\"wpforms-field-label wpforms-label-hide\" for=\"wpforms-564-field_4\">Email <span class=\"wpforms-required-label\">*<\/span><\/label><input type=\"text\" id=\"wpforms-564-field_4\" class=\"wpforms-field-medium wpforms-field-required\" name=\"wpforms[fields][4]\" placeholder=\"Email\" required><\/div><div id=\"wpforms-564-field_3-container\" class=\"wpforms-field wpforms-field-name\" data-field-id=\"3\"><label class=\"wpforms-field-label wpforms-label-hide\" for=\"wpforms-564-field_3\">Richiesta <span class=\"wpforms-required-label\">*<\/span><\/label><input type=\"text\" id=\"wpforms-564-field_3\" class=\"wpforms-field-medium wpforms-field-required\" name=\"wpforms[fields][3]\" placeholder=\"quale prodotto ti serve\" required><\/div><div id=\"wpforms-564-field_5-container\" class=\"wpforms-field wpforms-field-hidden\" data-field-id=\"5\"><input type=\"hidden\" id=\"wpforms-564-field_5\" name=\"wpforms[fields][5]\" value=\"216.73.216.42\"><\/div><div id=\"wpforms-564-field_6-container\" class=\"wpforms-field wpforms-field-hidden\" data-field-id=\"6\"><input type=\"hidden\" id=\"wpforms-564-field_6\" name=\"wpforms[fields][6]\" value=\"https:\/\/hktackle.com\/it\/wp-json\/wp\/v2\/product\/2020\"><\/div><script>\n\t\t\t\t( function() {\n\t\t\t\t\tconst style = document.createElement( 'style' );\n\t\t\t\t\tstyle.appendChild( document.createTextNode( '#wpforms-564-field_7-container { position: absolute !important; overflow: hidden !important; display: inline !important; height: 1px !important; width: 1px !important; z-index: -1000 !important; padding: 0 !important; } #wpforms-564-field_7-container input { visibility: hidden; } #wpforms-conversational-form-page #wpforms-564-field_7-container label { counter-increment: none; }' ) );\n\t\t\t\t\tdocument.head.appendChild( style );\n\t\t\t\t\tdocument.currentScript?.remove();\n\t\t\t\t} )();\n\t\t\t<\/script><\/div><!-- .wpforms-field-container --><div class=\"wpforms-submit-container\" ><input type=\"hidden\" name=\"wpforms[id]\" value=\"564\"><input type=\"hidden\" name=\"page_title\" value=\"\"><input type=\"hidden\" name=\"page_url\" value=\"https:\/\/hktackle.com\/it\/wp-json\/wp\/v2\/product\/2020\"><input type=\"hidden\" name=\"url_referer\" value=\"\"><button type=\"submit\" name=\"wpforms[submit]\" id=\"wpforms-submit-564\" class=\"wpforms-submit\" data-alt-text=\"Sending\" data-submit-text=\"Summit\" aria-live=\"assertive\" value=\"wpforms-submit\">Vertice<\/button><img loading=\"lazy\" decoding=\"async\" src=\"https:\/\/hktackle.com\/wp-content\/plugins\/wpforms\/assets\/images\/submit-spin.svg\" class=\"wpforms-submit-spinner\" style=\"display: none;\" width=\"26\" height=\"26\" alt=\"Loading\" title=\"\"><\/div><input type=\"hidden\" name=\"trp-form-language\" value=\"it\"\/><\/form><\/div>  <!-- .wpforms-container -->","protected":false},"excerpt":{"rendered":"<p>Dietro l'arte della pesca a mosca si cela la perfetta sinergia di componenti: ogni combinazione di canna da pesca \u00e8 meticulosamente progettata con grafite ad alto modulo per sensibilit\u00e0, mulinelli lavorati con precisione per una dragata fluida e fili a peso anteriore per un lancio senza sforzo. Questa armonia garantisce prestazioni ottimali, sia che si stia mirando a trote in ruscelli sereni o lottando con giganti di acqua salata. Progettato per la durata e la facilit\u00e0 d'uso, incarna un'innovazione che si adatta a ogni esigenza dell'anguillatore, offrendo affidabilit\u00e0 e gioia in acqua.<\/p>\n<div class=\"wp-block-stackable-button stk-block-button popmake-1340 stk-block stk-d95bae2 popmake-1340\" data-block-id=\"d95bae2\"><\/div>\n<div class=\"wp-block-stackable-button stk-block-button popmake-1340 stk-block stk-13b8711 popmake-1340\" data-block-id=\"13b8711\">\n<style>.stk-13b8711 {min-height:var(--stk--preset--block-height--x-small, 4rem) !important;padding-top:var(--stk--preset--spacing--none, 0px) !important;padding-right:var(--stk--preset--spacing--none, 0px) !important;padding-bottom:var(--stk--preset--spacing--none, 0px) !important;padding-left:var(--stk--preset--spacing--none, 0px) !important;}.stk-13b8711 .stk-button{min-height:36px !important;padding-top:var(--stk--preset--spacing--40, 1rem) !important;padding-right:33px !important;padding-bottom:var(--stk--preset--spacing--40, 1rem) !important;background:#2db2eb !important;border-top-left-radius:var(--stk--preset--border-radius--small, 4px) !important;border-top-right-radius:var(--stk--preset--border-radius--small, 4px) !important;border-bottom-right-radius:var(--stk--preset--border-radius--small, 4px) !important;border-bottom-left-radius:var(--stk--preset--border-radius--small, 4px) !important;}.stk-13b8711 .stk-button__inner-text{color:#fffffe !important;}<\/style>\n<p><a class=\"stk-link stk-button stk--hover-effect-lift-scale-more\"><span class=\"has-text-color stk-button__inner-text\">Richiedi un preventivo <\/span><\/a><\/p>\n<\/div>","protected":false},"featured_media":2029,"template":"","meta":[],"product_brand":[30],"product_cat":[27],"product_tag":[],"class_list":{"0":"post-2020","1":"product","2":"type-product","3":"status-publish","4":"has-post-thumbnail","6":"product_brand-hk-tackle","7":"product_cat-online-shop","9":"first","10":"instock","11":"sale","12":"shipping-taxable","13":"purchasable","14":"product-type-simple"},"_links":{"self":[{"href":"https:\/\/hktackle.com\/it\/wp-json\/wp\/v2\/product\/2020","targetHints":{"allow":["GET"]}}],"collection":[{"href":"https:\/\/hktackle.com\/it\/wp-json\/wp\/v2\/product"}],"about":[{"href":"https:\/\/hktackle.com\/it\/wp-json\/wp\/v2\/types\/product"}],"wp:featuredmedia":[{"embeddable":true,"href":"https:\/\/hktackle.com\/it\/wp-json\/wp\/v2\/media\/2029"}],"wp:attachment":[{"href":"https:\/\/hktackle.com\/it\/wp-json\/wp\/v2\/media?parent=2020"}],"wp:term":[{"taxonomy":"product_brand","embeddable":true,"href":"https:\/\/hktackle.com\/it\/wp-json\/wp\/v2\/product_brand?post=2020"},{"taxonomy":"product_cat","embeddable":true,"href":"https:\/\/hktackle.com\/it\/wp-json\/wp\/v2\/product_cat?post=2020"},{"taxonomy":"product_tag","embeddable":true,"href":"https:\/\/hktackle.com\/it\/wp-json\/wp\/v2\/product_tag?post=2020"}],"curies":[{"name":"wp","href":"https:\/\/api.w.org\/{rel}","templated":true}]}}