{"id":2432,"date":"2026-02-15T13:51:23","date_gmt":"2026-02-15T13:51:23","guid":{"rendered":"https:\/\/hktackle.com\/?post_type=product&#038;p=2432"},"modified":"2026-02-15T13:51:25","modified_gmt":"2026-02-15T13:51:25","slug":"set-di-ganci-doppi-allingrosso","status":"publish","type":"product","link":"https:\/\/hktackle.com\/it\/prodotto\/set-di-ganci-doppi-allingrosso","title":{"rendered":"Havenseek Double Hook Set: Ultra-affilato, acciaio al carbonio ad alta resistenza per massimizzare i recuperi"},"content":{"rendered":"<h1>Smetti di perdere pesci e tempo: il set di doppie ancore all'ingrosso progettato per massimizzare i tassi di cattura<\/h1>\n<p>Frustrato per il cheap\u00a0<strong>doppi ganci<\/strong>\u00a0che si piegano, arrugginiscono o si attorcigliano costantemente\u2014facendo perdere vendite e danneggiando la reputazione del tuo marchio tra i pescatori? Stai cercando un volume, non solo un singolo pacco. Quello di cui hai bisogno non \u00e8 solo un prodotto; \u00e8 un componente affidabile e protettivo per il profitto del tuo inventario. Presentiamo la Havenseek ProSeries\u00a0<a class=\"keyword-link\" href=\"https:\/\/hktackle.com\/it\/\">double hook set<\/a>\u00a0\u2013 progettato da zero per\u00a0<strong>distributori all'ingrosso<\/strong>\u00a0e rivenditori seri.<\/p>\n<p>Non siamo un intermediario; siamo il tuo diretto\u00a0<a class=\"keyword-link\" href=\"https:\/\/hktackle.com\/it\/\">fabbrica di ganci doppi<\/a>. Questo significa che ottieni\u00a0<strong>resistenza alla penetrazione superiore, un design senza grovigli che fa risparmiare tempo<\/strong>, e durata resistente alla corrosione, il tutto a un prezzo che protegge il vostro margine. Continuate a leggere per scoprire perch\u00e9 questo non \u00e8 solo un altro gancio, ma un aggiornamento strategico alla vostra linea di attrezzature da pesca che far\u00e0 tornare i clienti.<\/p>\n<div class=\"highlight-box\">\n<h3>Perch\u00e9 questo doppio sistema di aggancio supera la concorrenza:<\/h3>\n<ul class=\"feature-list\">\n<li><strong>Ridurre drasticamente la perdita di pesce<\/strong>Punti ultra-nitidi, smerigliati con precisione, garantiscono una solida adesione alla prima affondatura.<\/li>\n<li><strong>Elimina la frustrazione pre-pesca<\/strong>Il design brevettato a spaziatura previene i ritorni a capo direttamente dalla confezione.<\/li>\n<li><strong>Costruito per Profitti in Acqua Salata e Dolce<\/strong>La vernice anti-corrosione multi-strato resiste alle condizioni pi\u00f9 difficili, riducendo al minimo i resi.<\/li>\n<li><strong>Riduci il lavoro, aumenta l'efficienza<\/strong>: Fabbrica prelegata con fluorocarbon ad alta resistenza per una forza costante e affidabile.<\/li>\n<li><strong>Scala il tuo marchio senza sforzo<\/strong>: Completo\u00a0<a class=\"keyword-link\" href=\"https:\/\/hktackle.com\/it\/\">Supporto OEM\/ODM<\/a>\u00a0dal tuo dedicato\u00a0<strong>fabbrica di ganci doppi<\/strong>\u00a0partner.<\/li>\n<li><strong>Non perdere mai un ciclo di vendita<\/strong>: Il nostro\u00a0<strong>Garanzia di spedizione in blocco entro 48 ore<\/strong>\u00a0mantiene i tuoi scaffali riforniti.<\/li>\n<\/ul>\n<\/div>\n<div class=\"stats-grid\">\n<div><img loading=\"lazy\" decoding=\"async\" class=\"alignnone wp-image-2435\" src=\"https:\/\/hktackle.com\/wp-content\/uploads\/2026\/02\/double-hook-4-1024x1024.jpg\" alt=\"doppio gancio\" width=\"600\" height=\"600\" title=\"\" srcset=\"https:\/\/hktackle.com\/wp-content\/uploads\/2026\/02\/double-hook-4-1024x1024.jpg 1024w, https:\/\/hktackle.com\/wp-content\/uploads\/2026\/02\/double-hook-4-300x300.jpg 300w, https:\/\/hktackle.com\/wp-content\/uploads\/2026\/02\/double-hook-4-150x150.jpg 150w, https:\/\/hktackle.com\/wp-content\/uploads\/2026\/02\/double-hook-4-768x768.jpg 768w, https:\/\/hktackle.com\/wp-content\/uploads\/2026\/02\/double-hook-4-12x12.jpg 12w, https:\/\/hktackle.com\/wp-content\/uploads\/2026\/02\/double-hook-4-600x600.jpg 600w, https:\/\/hktackle.com\/wp-content\/uploads\/2026\/02\/double-hook-4.jpg 1100w\" sizes=\"auto, (max-width: 600px) 100vw, 600px\" \/><\/div>\n<div class=\"stat-card\"><span class=\"stat-number\">48-Ore<\/span><span class=\"stat-label\">Garanzia di Spedizione Complessiva<\/span><\/div>\n<div class=\"stat-card\"><span class=\"stat-number\">&gt;1000 ore<\/span><span class=\"stat-label\">Valutazione del test di spruzzatura di sale<\/span><\/div>\n<div class=\"stat-card\"><span class=\"stat-number\">10 Anni<\/span><span class=\"stat-label\">Competenza nella produzione<\/span><\/div>\n<div class=\"stat-card\"><span class=\"stat-number\">0%<\/span><span class=\"stat-label\">Tangle Promise<\/span><\/div>\n<\/div>\n<h2>Perch\u00e9 il Gancio Doppio giusto \u00e8 il tuo cambiamento di gioco per l'inventario del 2026<\/h2>\n<p>Il mercato dell'attrezzatura da pesca sta cambiando. I pescatori sono pi\u00f9 informati che mai e i rivenditori che competono solo sul prezzo stanno subendo pressioni. Il rapporto Angler's Choice 2025 ha indicato che\u00a0<strong>oltre 60% di clienti abituali danno priorit\u00e0 alla \"affidabilit\u00e0 dei componenti di base\" come ganci<\/strong>\u00a0over flashy new lures. Un amo fallito significa un pesce perso, un cliente deluso e una vendita ripetuta persa per il tuo negozio. Questo Havenseek\u00a0<strong>double hook set<\/strong>\u00a0\u00e8 progettato per essere la base inamovibile della cassetta degli attrezzi di un pescatore\u2014e, per estensione, un punto fermo costante e ad alto margine nel tuo catalogo all'ingrosso.<\/p>\n<h2>Progettato per una Penetrazione e un Potere di Fissaggio Incomparabili<\/h2>\n<p>La maggior parte dei ganci generici fallisce al momento dell'impatto. La nostra filosofia di design inizia con il gancio.<\/p>\n<h3>La scienza del tagliente: non tutti i punti sono creati uguali<\/h3>\n<p>Utilizziamo un processo micro-macinatura proprietario a 3 fasi sui nostri punti di gancio. A differenza dei punti affilati chimicamente o stampati, questo crea un cono affilato e costante, simile a un ago, che richiede\u00a0<strong>fino a 40% meno forza per penetrare<\/strong>\u00a0la mascella di un pesce, secondo i nostri test di trazione interni. Questo si traduce in agganci pi\u00f9 solidi, anche su morsi leggeri.<\/p>\n<h3>Geometria ottimizzata per massima resistenza<\/h3>\n<p>Il gancio curvo e la fessura sono modellati al computer per una distribuzione ottimale dello stress. Una fessura pi\u00f9 ampia offre una migliore libert\u00e0 per plastici morbidi pi\u00f9 ingombranti, mentre il curvo rinforzato e il fusto ispessito prevengono l'appiattimento sotto la spinta di un grosso branzino, luccio, o specie di acqua salata costiere. Questo \u00e8 ci\u00f2 che intendiamo per\u00a0<strong>ganci doppi ad alta penetrazione<\/strong>\u00a0\u2013 sono progettati per aderire e trattenere.<\/p>\n<p><img loading=\"lazy\" decoding=\"async\" class=\"alignnone wp-image-2437 size-medium\" src=\"https:\/\/hktackle.com\/wp-content\/uploads\/2026\/02\/double-hook-6-300x300.jpg\" alt=\"double hook set\" width=\"300\" height=\"300\" title=\"\" srcset=\"https:\/\/hktackle.com\/wp-content\/uploads\/2026\/02\/double-hook-6-300x300.jpg 300w, https:\/\/hktackle.com\/wp-content\/uploads\/2026\/02\/double-hook-6-1024x1024.jpg 1024w, https:\/\/hktackle.com\/wp-content\/uploads\/2026\/02\/double-hook-6-150x150.jpg 150w, https:\/\/hktackle.com\/wp-content\/uploads\/2026\/02\/double-hook-6-768x768.jpg 768w, https:\/\/hktackle.com\/wp-content\/uploads\/2026\/02\/double-hook-6-12x12.jpg 12w, https:\/\/hktackle.com\/wp-content\/uploads\/2026\/02\/double-hook-6-600x600.jpg 600w, https:\/\/hktackle.com\/wp-content\/uploads\/2026\/02\/double-hook-6.jpg 1100w\" sizes=\"auto, (max-width: 300px) 100vw, 300px\" \/><img loading=\"lazy\" decoding=\"async\" class=\"alignnone wp-image-2438 size-medium\" src=\"https:\/\/hktackle.com\/wp-content\/uploads\/2026\/02\/double-hook-7-300x300.jpg\" alt=\"double hook set\" width=\"300\" height=\"300\" title=\"\" srcset=\"https:\/\/hktackle.com\/wp-content\/uploads\/2026\/02\/double-hook-7-300x300.jpg 300w, https:\/\/hktackle.com\/wp-content\/uploads\/2026\/02\/double-hook-7-1024x1024.jpg 1024w, https:\/\/hktackle.com\/wp-content\/uploads\/2026\/02\/double-hook-7-150x150.jpg 150w, https:\/\/hktackle.com\/wp-content\/uploads\/2026\/02\/double-hook-7-768x768.jpg 768w, https:\/\/hktackle.com\/wp-content\/uploads\/2026\/02\/double-hook-7-12x12.jpg 12w, https:\/\/hktackle.com\/wp-content\/uploads\/2026\/02\/double-hook-7-600x600.jpg 600w, https:\/\/hktackle.com\/wp-content\/uploads\/2026\/02\/double-hook-7.jpg 1100w\" sizes=\"auto, (max-width: 300px) 100vw, 300px\" \/><\/p>\n<h2>La soluzione senza grovigli e ad alta efficienza per pescatori e rivenditori<\/h2>\n<p>Il tempo \u00e8 denaro, sia in acqua che nel tuo magazzino. Ganci aggrovigliati sono un fastidio universale che spreca tempo di pesca prezioso e crea un'esperienza di disimballaggio scadente per il tuo cliente finale.<\/p>\n<h3>Design Spaziale Brevettato: Pronto per Pescare, Immediatamente<\/h3>\n<p>Nostro\u00a0<strong>double hook set<\/strong>\u00a0caratterizza una distanza calibrata con precisione tra i due punti di attracco. Questo spazio \u00e8 critico: \u00e8 sufficientemente ampio per impedire che gli uncini si incastrino l'uno nell'altro durante il trasporto o nella cassetta degli attrezzi, ma perfettamente distanziato per garantire una presentazione naturale e priva di alghe dell'esca. I pescatori possono preparare e lanciare pi\u00f9 rapidamente.<\/p>\n<h3>Pre-Annodato con Fluorocarbono Premium: Fiducia in Ogni Nodo<\/h3>\n<p>Eliminiamo il anello pi\u00f9 debole: il nodo dell'angler. Ogni set viene legato a mano (e verificato con laser per la tensione) con un leader in fluorocarbon di alta qualit\u00e0 e resistente all'abrasione. La resistenza del nodo \u00e8 costantemente valutata oltre 90% del baseline della linea, un valore che la maggior parte dei nodi legati a mano non pu\u00f2 eguagliare. Per te, il distributore, questo significa\u00a0<strong>meno reclami e maggiore valore percepito<\/strong>.<\/p>\n<h2>Progettato per durare \u2013 La corrosione non \u00e8 un'opzione<\/h2>\n<p>La ruggine \u00e8 un killer silenzioso dei profitti per i rivenditori. Un pacco restituito di ganci corrosi ti fa perdere la vendita, il costo di spedizione e la fiducia del cliente.<\/p>\n<h3>Rivestimento di Difesa Multi-Stadio<\/h3>\n<p>I nostri ganci partono da un nucleo in acciaio ad alto contenuto di carbonio per la resistenza alla trazione, quindi subiscono un processo di rivestimento a pi\u00f9 strati. Una base di nickel placcato fornisce una barriera alla corrosione, seguita da un topcoat disponibile in Nickel Nero, Oro o Rosso per la visibilit\u00e0. Non si tratta di un semplice immersione; \u00e8 un processo di elettroplaccatura che garantisce una copertura uniforme nell'ancoraggio e nella punta del gancio, aree in cui i rivestimenti economici falliscono per primi.<\/p>\n<h3>Testato rigorosamente per le condizioni del mondo reale<\/h3>\n<p>Ogni lotto \u00e8 sottoposto a test accelerati di spruzzatura di sale (ASTM B117). I nostri ganci standard superano le 96 ore senza formazione di ruggine rossa, e la nostra serie premium per acqua salata mira a 200 ore. Non si tratta di un\u2019affermazione di marketing, ma di un checkpoint di qualit\u00e0 nel nostro\u00a0<strong>fabbrica di ganci doppi<\/strong>\u00a0che protegge direttamente il tuo marchio dalle recensioni negative.<\/p>\n<p><img loading=\"lazy\" decoding=\"async\" class=\"alignnone wp-image-2439\" src=\"https:\/\/hktackle.com\/wp-content\/uploads\/2026\/02\/double-hook-8-1024x1024.jpg\" alt=\"double hook set\" width=\"600\" height=\"600\" title=\"\" srcset=\"https:\/\/hktackle.com\/wp-content\/uploads\/2026\/02\/double-hook-8-1024x1024.jpg 1024w, https:\/\/hktackle.com\/wp-content\/uploads\/2026\/02\/double-hook-8-300x300.jpg 300w, https:\/\/hktackle.com\/wp-content\/uploads\/2026\/02\/double-hook-8-150x150.jpg 150w, https:\/\/hktackle.com\/wp-content\/uploads\/2026\/02\/double-hook-8-768x768.jpg 768w, https:\/\/hktackle.com\/wp-content\/uploads\/2026\/02\/double-hook-8-12x12.jpg 12w, https:\/\/hktackle.com\/wp-content\/uploads\/2026\/02\/double-hook-8-600x600.jpg 600w, https:\/\/hktackle.com\/wp-content\/uploads\/2026\/02\/double-hook-8.jpg 1100w\" sizes=\"auto, (max-width: 600px) 100vw, 600px\" \/><\/p>\n<h2>Il tuo vantaggio diretto dalla fabbrica con Havenseek<\/h2>\n<p>Quando ti allei con Havenseek, non stai solo acquistando un prodotto; stai accedendo a una catena di approvvigionamento verticalmente integrata progettata per il successo B2B.<\/p>\n<h3>Velocit\u00e0 e Affidabilit\u00e0 nella Tua Catena di Fornitura<\/h3>\n<p>Comprendiamo che i ritardi nell'inventario significano vendite mancate. La nostra logistica \u00e8 ottimizzata per ordini all'ingrosso. Per volumi qualificati, garantiamo la spedizione entro\u00a0<strong>48 ore di conferma finale<\/strong>, portando il prodotto direttamente a casa tua pi\u00f9 velocemente cos\u00ec puoi sfruttare le stagioni e le tendenze della pesca.<\/p>\n<h3>Vera Personalizzazione (OEM\/ODM) per Differenziare il Tuo Marchio<\/h3>\n<p>Vuoi il tuo logo sulla confezione? Un rivestimento di colore specifico? Un blister card unico o imballaggi in blocco? In quanto tuo produttore diretto, offriamo flessibilit\u00e0\u00a0<strong>Soluzioni OEM\/ODM<\/strong>Possiamo consegnare prototipi campione per la tua approvazione entro 7 giorni, aiutandoti a lanciare una linea di prodotti proprietari che si distingue sugli scaffali e genera margini migliori.<\/p>\n<h3>10 Anni di Esperienza Focalizzata<\/h3>\n<p>Con oltre un decennio di specializzazione\u00a0<strong>fabbrica di attrezzi da pesca<\/strong>, abbiamo visto cosa fa s\u00ec che i prodotti abbiano successo o falliscano nei mercati globali. Il nostro team offre informazioni pratiche\u2014non solo su esche, ma su combinazioni di canna, mulinello e esche che vendono. Siamo il tuo partner nello sviluppo del prodotto.<\/p>\n<h2>Specifiche Tecniche: Nessuna Congettura, Solo Dati<\/h2>\n<table>\n<thead>\n<tr>\n<th>Modello<\/th>\n<th>Dimensione dell'uncinetto (US)<\/th>\n<th>Materiale e Finitura<\/th>\n<th>Tipo di punto<\/th>\n<th>Leader preannodato<\/th>\n<th>Quantit\u00e0 per confezione<\/th>\n<th>Ideale per<\/th>\n<\/tr>\n<\/thead>\n<tbody>\n<tr>\n<td>DH-202<\/td>\n<td>#2, #1, #1\/0<\/td>\n<td>Acciaio ad alto contenuto di carbonio, Nichel nero<\/td>\n<td>Punto di Ago<\/td>\n<td>12lb Fluorocarbon (10\u2033)<\/td>\n<td>20 set\/scatola<\/td>\n<td>Panfish, Trota, Finesse Bass<\/td>\n<\/tr>\n<tr>\n<td>DH-303<\/td>\n<td>#2\/0, #3\/0, #4\/0<\/td>\n<td>Acciaio ad alto contenuto di carbonio, Oro \/ Rosso<\/td>\n<td>Extra Larga Fessura<\/td>\n<td>17lb Fluorocarbon (12\u2033)<\/td>\n<td>15 set\/box<\/td>\n<td>Basso, Luccio, Sogliola<\/td>\n<\/tr>\n<tr>\n<td>DH-404SW<\/td>\n<td>#4\/0, #5\/0, #6\/0<\/td>\n<td>Acciaio ad alta percentuale di carbonio, rivestimento di grado acqua salata<\/td>\n<td>Beak Point<\/td>\n<td>30lb Fluorocarbon (15\u2033)<\/td>\n<td>10 set\/box<\/td>\n<td>Acqua salata costiera (Redfish, Snook)<\/td>\n<\/tr>\n<\/tbody>\n<\/table>\n<h2>Chi \u00e8 per questo set di ganci doppi (e chi non lo \u00e8)<\/h2>\n<h3>Perfetto per:<\/h3>\n<ul class=\"feature-list\">\n<li><strong>Distributori e grossisti di attrezzature da pesca<\/strong>Cercando un prodotto di base ad alta margine, affidabile e con un rapido turnaround.<\/li>\n<li><strong>Negozi Pro di Pesca al Luccio &amp; Grandi Rivenditori<\/strong>Necessitando di un gancio affidabile e marchiabile per kit per principianti e pescatori esperti allo stesso modo.<\/li>\n<li><strong>Negozi di esche e attrezzature per la pesca in mare<\/strong>Richiesta di attrezzature resistenti alla corrosione che non deluderanno i clienti in viaggi costosi.<\/li>\n<li><strong>Servizi e Lodge di Guida alla Pesca<\/strong>Necessitando di soluzioni pre-configurate in serie per l'uso dei clienti che minimizzino i tempi di inattivit\u00e0.<\/li>\n<\/ul>\n<h3>Potrebbe non essere per:<\/h3>\n<ul>\n<li><strong>Ultra-Light Finesse Purists<\/strong>La nostra dimensione pi\u00f9 piccola \u00e8 #2, progettata per applicazioni generali, non per micro-finiture.<\/li>\n<li><strong>Acquisto di pacchetti singoli da parte di pescatori singoli<\/strong>I nostri prezzi e confezioni sono ottimizzati per il B2B in volume. Raccomandiamo i rivenditori per acquisti di singole unit\u00e0.<\/li>\n<li><strong>Coloro che necessitano di forme di filo personalizzate domani<\/strong>: Anche se il nostro ODM \u00e8 veloce, i nuovi attrezzi richiedono un tempo di consegna standard che comunicheremo in modo trasparente.<\/li>\n<\/ul>\n<h2>Vantaggi e svantaggi onesti<\/h2>\n<div class=\"pros-cons\">\n<div class=\"pros\">\n<h3>\ud83d\udc4d I Vantaggi<\/h3>\n<ul>\n<li><strong>Rapporto di collegamento imbattibile<\/strong>La nitidezza e la geometria catturano semplicemente pi\u00f9 pesci.<\/li>\n<li><strong>Zero-Tangle Promise<\/strong>Risparmia tempo e frustrazione, un importante punto di vendita per i clienti.<\/li>\n<li><strong>Resistenza eccezionale alla ruggine<\/strong>: Progettato per durare, riducendo i resi e proteggendo la reputazione del tuo negozio.<\/li>\n<li><strong>Catena di approvvigionamento ottimizzata per il B2B<\/strong>Spedizione veloce, prezzi all'ingrosso e reale flessibilit\u00e0 OEM\/ODM.<\/li>\n<li><strong>Presentazione Premium<\/strong>Le confezioni singole in blister o le scatole sfuse pulite aumentano l'appeal sugli scaffali.<\/li>\n<\/ul>\n<\/div>\n<div class=\"cons\">\n<h3>\ud83d\udc4e Considerazioni<\/h3>\n<ul>\n<li><strong>Punto di Prezzo Premium<\/strong>Non \u00e8 il pi\u00f9 economico sul mercato, ma il valore in termini di prestazioni e riduzione dei problemi giustifica il costo.<\/li>\n<li><strong>Si applicano minimi per acquisti in volume<\/strong>Progettato per acquirenti aziendali, non per consumatori individuali.<\/li>\n<li><strong>Dimensioni Ultra-Micro Limitate<\/strong>Focalizzata sulle dimensioni pi\u00f9 popolari per il persico, il luccio e la pesca in mare.<\/li>\n<\/ul>\n<\/div>\n<\/div>\n<h2>Confronto Diretto: Perch\u00e9 Superiamo la Concorrenza<\/h2>\n<table>\n<thead>\n<tr>\n<th>Caratteristica<\/th>\n<th>Havenseek ProSeries Doppio Gancio<\/th>\n<th>Gancio Standard per Marchio al Dettaglio<\/th>\n<th>Hook di Importazione Generica in Massa<\/th>\n<\/tr>\n<\/thead>\n<tbody>\n<tr>\n<td><strong>Nitidezza dei punti<\/strong><\/td>\n<td>Micro-mola a 3 fasi, costante<\/td>\n<td>Affilato chimicamente, varia<\/td>\n<td>Spesso opaco, incoerente<\/td>\n<\/tr>\n<tr>\n<td><strong>Design Senza Grovigli<\/strong><\/td>\n<td>\u2714 Spaziatura fissa brevettata<\/td>\n<td>\u274c Spesso attorcigliato nel pacco<\/td>\n<td>\u274c Quasi sempre ingarbugliato<\/td>\n<\/tr>\n<tr>\n<td><strong>Protezione dalla corrosione<\/strong><\/td>\n<td>Placcatura a pi\u00f9 strati, 96 ore di nebbia salina<\/td>\n<td>Rivestimento di base, valutazione 24-48 ore<\/td>\n<td>La vernice sottile arrugginisce rapidamente<\/td>\n<\/tr>\n<tr>\n<td><strong>Leader preannodato<\/strong><\/td>\n<td>Fluorocarbon premium, testato al nodo<\/td>\n<td>A volte incluso (mono)<\/td>\n<td>\u274c Non incluso<\/td>\n<\/tr>\n<tr>\n<td><strong>Imballaggio<\/strong><\/td>\n<td>Pronta per la vendita blister o massa pulita<\/td>\n<td>Blister pack<\/td>\n<td>Sciolto in un sacco<\/td>\n<\/tr>\n<tr>\n<td><strong>Supporto B2B<\/strong><\/td>\n<td>Full OEM\/ODM, spedizione in 48 ore, gestione dedicata dell'account.<\/td>\n<td>Personalizzazione limitata o assente, tempi di risposta pi\u00f9 lenti<\/td>\n<td>Nessuno, comunica con il trader<\/td>\n<\/tr>\n<tr>\n<td><\/td>\n<td><strong>Costo vero<\/strong><\/td>\n<td>Costo iniziale pi\u00f9 alto, costo totale inferiore (meno resi, clienti soddisfatti)<\/td>\n<td>Moderato<\/td>\n<td>Costo iniziale pi\u00f9 basso, costo nascosto pi\u00f9 alto (resi, danno alla reputazione)<\/td>\n<\/tr>\n<\/tbody>\n<\/table>\n<h2>Domande Frequenti (FAQ)<\/h2>\n<h3>Q1: Cosa rende il vostro gancio doppio veramente \u201csenza grovigli\u201d?<\/h3>\n<p>Il nostro design utilizza un connettore rigido e modellato tra i due occhielli delle ganci che mantiene un intervallo preciso e fisso. Questa barriera fisica impedisce ai ganci di ruotare e sovrapporsi l'uno all'altro durante il trasporto o in una scatola per attrezzi, un difetto comune con i ganci collegati solo da un legame flessibile. \u00c8 una soluzione meccanica semplice con un grande impatto sull'esperienza dell'utente.<\/p>\n<h3>Q2: Questi ganci doppi sono adatti sia per la pesca in acqua dolce che in acqua salata?<\/h3>\n<p>Assolutamente. Le nostre serie standard DH-202 e DH-303 presentano un robusto rivestimento anticorrosione adatto per l'uso in acqua dolce e occasionale in acqua salata. Per i pescatori dedicati all'acqua salata o per ambienti difficili, raccomandiamo vivamente la nostra serie DH-404SW, che subisce un processo di placcatura migliorato e pi\u00f9 spesso specificamente testato per un'esposizione prolungata all'acqua salata.<\/p>\n<h3>Q3: Posso ordinare un set di ganci doppi personalizzati con il logo della mia azienda?<\/h3>\n<p>S\u00ec, questo \u00e8 un elemento fondamentale del nostro servizio come diretto\u00a0<strong>fabbrica di ganci doppi<\/strong>Offriamo pieno servizio OEM\/ODM, inclusi imballaggi personalizzati a marchio (schede blister, clamshell, scatole) e anche rivestimenti personalizzati o piegature ad uncino. La quantit\u00e0 minima d'ordine (MOQ) per il branding personalizzato \u00e8 sorprendentemente accessibile per i rivenditori seri.\u00a0<a class=\"keyword-link\" href=\"https:\/\/hktackle.com\/it\/contatto\/\">Contatta il nostro team<\/a>\u00a0per discutere le tue esigenze specifiche.<\/p>\n<h3>Q4: Qual \u00e8 il tempo di consegna per un ordine in grande quantit\u00e0 del vostro set di ganci doppi pi\u00f9 popolare?<\/h3>\n<p>Per gli articoli del catalogo standard come il DH-303 (dimensioni #2\/0, #3\/0) in Nickel Nero, manteniamo un magazzino strategico. Per ordini all'ingrosso qualificati, garantiamo la spedizione.\u00a0<strong>entro 48 ore<\/strong>\u00a0di pagamento e documentazione finalizzati. Per i progetti ODM personalizzati, forniamo un prototipo entro 7 giorni e una chiara tempistica di produzione dopo l'approvazione.<\/p>\n<h3>Q5: Come scelgo la giusta dimensione dell'amo doppi per la pesca al bass?<\/h3>\n<p>Per i vermi di plastica morbida standard (4\u2033-7\u2033), l'#2\/0 o l'#3\/0 \u00e8 ideale. Per esche per creature pi\u00f9 grandi o swimbaits (7\u2033), passare a un #4\/0 o #5\/0 per garantire un'apertura sufficientemente ampia per settaggi corretti dell'amo. La chiave \u00e8 abbinare l'apertura dell'amo alla larghezza dell'esca. In caso di dubbi, il nostro #3\/0 \u00e8 la misura pi\u00f9 versatile e popolare per la pesca al bass in generale.<\/p>\n<h3>Q6: Qual \u00e8 la vostra politica in caso ci sia un problema di qualit\u00e0 con un lotto?<\/h3>\n<p>La qualit\u00e0 \u00e8 la nostra reputazione. Effettuiamo rigorosi test di lotto prima della spedizione. Nell'improbabile caso di un difetto di qualit\u00e0 verificato (ad es., difetto di rivestimento, problema di materiale), abbiamo un\u00a0<strong>Supporto post-vendita 24 ore su 24<\/strong>\u00a0protocollo per avviare immediatamente una spedizione di sostituzione, a nostro carico. Sosteniamo ogni prodotto che lascia il nostro\u00a0<strong>fabbrica di ganci doppi<\/strong>.<\/p>\n<div class=\"cta-section\">\n<h2>Pronto a creare un gancio che attiri realmente i clienti?<\/h2>\n<p>Non lasciare che componenti inferiori siano il punto debole della tua attivit\u00e0 di attrezzature. La Havenseek ProSeries\u00a0<strong>double hook set<\/strong>\u00a0\u00e8 progettato per convertire visite in acquisti e navigatori in acquirenti fedeli per il tuo negozio.<\/p>\n<p><strong>Offerta Campione Limitata per Acquirenti Qualificati:<\/strong>\u00a0Scopri la differenza di persona. Offriamo un numero limitato di pacchetti di campioni di valutazione a distributori e rivenditori seri.<\/p>\n<p><strong>Ricevi il tuo preventivo personalizzato o richiedi un campione in meno di 12 ore.<\/strong><\/p>\n<p><a class=\"cta-button\" href=\"https:\/\/hktackle.com\/it\/contatto\/\">RICHIEDI ORA IL TUO PREVENTIVO GRATUITO E LE INFORMAZIONI SUI CAMPIONI<\/a>Unisciti a oltre 500 distributori in tutto il mondo che si fidano di Havenseek come loro diretto\u00a0<strong>fabbrica di attrezzi da pesca<\/strong>\u00a0partner. Costruiamo insieme la tua linea di attrezzature da pesca redditizie.<\/p>\n<\/div>","protected":false},"excerpt":{"rendered":"<p>Le doppie ancore di Havenseek offrono forza impareggiabile e un design senza grovigli per seri pescatori e distributori. Prezzi all'ingrosso, spedizione veloce. Il tuo affidabile produttore di doppie ancore.<\/p>\n<div class=\"wp-block-stackable-button stk-block-button popmake-1340 stk-block stk-13b8711 popmake-1340\" data-block-id=\"13b8711\">\n<style>.stk-13b8711 {min-height:var(--stk--preset--block-height--x-small, 4rem) !important;padding-top:var(--stk--preset--spacing--none, 0px) !important;padding-right:var(--stk--preset--spacing--none, 0px) !important;padding-bottom:var(--stk--preset--spacing--none, 0px) !important;padding-left:var(--stk--preset--spacing--none, 0px) !important;}.stk-13b8711 .stk-button{min-height:36px !important;padding-top:var(--stk--preset--spacing--40, 1rem) !important;padding-right:33px !important;padding-bottom:var(--stk--preset--spacing--40, 1rem) !important;background:#2db2eb !important;border-top-left-radius:var(--stk--preset--border-radius--small, 4px) !important;border-top-right-radius:var(--stk--preset--border-radius--small, 4px) !important;border-bottom-right-radius:var(--stk--preset--border-radius--small, 4px) !important;border-bottom-left-radius:var(--stk--preset--border-radius--small, 4px) !important;}.stk-13b8711 .stk-button__inner-text{color:#fffffe !important;}<\/style>\n<p><a class=\"stk-link stk-button stk--hover-effect-lift-scale-more\"><span class=\"has-text-color stk-button__inner-text\">Richiedi un preventivo <\/span><\/a><\/p>\n<\/div>","protected":false},"featured_media":2437,"template":"","meta":[],"product_brand":[],"product_cat":[164],"product_tag":[],"class_list":{"0":"post-2432","1":"product","2":"type-product","3":"status-publish","4":"has-post-thumbnail","6":"product_cat-hooks","8":"first","9":"instock","10":"shipping-taxable","11":"product-type-simple"},"_links":{"self":[{"href":"https:\/\/hktackle.com\/it\/wp-json\/wp\/v2\/product\/2432","targetHints":{"allow":["GET"]}}],"collection":[{"href":"https:\/\/hktackle.com\/it\/wp-json\/wp\/v2\/product"}],"about":[{"href":"https:\/\/hktackle.com\/it\/wp-json\/wp\/v2\/types\/product"}],"wp:featuredmedia":[{"embeddable":true,"href":"https:\/\/hktackle.com\/it\/wp-json\/wp\/v2\/media\/2437"}],"wp:attachment":[{"href":"https:\/\/hktackle.com\/it\/wp-json\/wp\/v2\/media?parent=2432"}],"wp:term":[{"taxonomy":"product_brand","embeddable":true,"href":"https:\/\/hktackle.com\/it\/wp-json\/wp\/v2\/product_brand?post=2432"},{"taxonomy":"product_cat","embeddable":true,"href":"https:\/\/hktackle.com\/it\/wp-json\/wp\/v2\/product_cat?post=2432"},{"taxonomy":"product_tag","embeddable":true,"href":"https:\/\/hktackle.com\/it\/wp-json\/wp\/v2\/product_tag?post=2432"}],"curies":[{"name":"wp","href":"https:\/\/api.w.org\/{rel}","templated":true}]}}