{"id":1894,"date":"2025-11-17T03:06:29","date_gmt":"2025-11-17T03:06:29","guid":{"rendered":"https:\/\/hktackle.com\/?page_id=1894"},"modified":"2025-11-17T03:15:15","modified_gmt":"2025-11-17T03:15:15","slug":"guia-de-carreteis-de-pesca","status":"publish","type":"page","link":"https:\/\/hktackle.com\/pt\/guia-de-carreteis-de-pesca","title":{"rendered":"Guia de Carret\u00e9is de Pesca"},"content":{"rendered":"<p>Guia Completo sobre Carretes de Pesca \u2014 Tipos, Como Escolher, Manuten\u00e7\u00e3o e Acess\u00f3rios<\/p>\n\n\n\n<h1 class=\"wp-block-heading\" id=\"top\">Guia Completo para Carretes de Pesca: Tipos, Sele\u00e7\u00e3o, Manuten\u00e7\u00e3o &amp; Acess\u00f3rios<\/h1>\n\n\n\n<p>Esta p\u00e1gina-pilar re\u00fane tudo o que precisa de saber sobre carreteis de pesca \u2014 desde a escolha do carrete certo at\u00e9 \u00e0 sua manuten\u00e7\u00e3o e sele\u00e7\u00e3o dos melhores acess\u00f3rios. \u00c9 escrita para pescadores, compradores de equipamentos de pesca e retalhistas que procuram um recurso autorit\u00e1rio e amig\u00e1vel para SEO que ligue a p\u00e1ginas de produtos aprofundadas e artigos relacionados. Quer seja um pescador experiente ou esteja apenas a come\u00e7ar, este guia ajud\u00e1-lo-\u00e1 a orientar-se no complexo mundo dos carreteis de pesca.<\/p>\n\n\n\n<figure class=\"wp-block-image size-large is-resized\"><img loading=\"lazy\" decoding=\"async\" width=\"1024\" height=\"466\" src=\"https:\/\/hktackle.com\/wp-content\/uploads\/2025\/10\/banner-15-1024x466.jpg\" alt=\"guia de carret\u00e9is de pesca\" class=\"wp-image-860\" style=\"width:789px;height:auto\" title=\"\" srcset=\"https:\/\/hktackle.com\/wp-content\/uploads\/2025\/10\/banner-15-1024x466.jpg 1024w, https:\/\/hktackle.com\/wp-content\/uploads\/2025\/10\/banner-15-scaled-600x273.jpg 600w, https:\/\/hktackle.com\/wp-content\/uploads\/2025\/10\/banner-15-300x136.jpg 300w, https:\/\/hktackle.com\/wp-content\/uploads\/2025\/10\/banner-15-768x349.jpg 768w, https:\/\/hktackle.com\/wp-content\/uploads\/2025\/10\/banner-15-1536x698.jpg 1536w, https:\/\/hktackle.com\/wp-content\/uploads\/2025\/10\/banner-15-2048x931.jpg 2048w\" sizes=\"auto, (max-width: 1024px) 100vw, 1024px\" \/><\/figure>\n\n\n\n<p><strong>\u00cdndice<\/strong><\/p>\n\n\n\n<ul class=\"wp-block-list\">\n<li><a href=\"#introduction\">Introdu\u00e7\u00e3o<\/a><\/li>\n\n\n\n<li><a href=\"#types-of-fishing-reels\">Tipos de Molinetes de Pesca<\/a>\n<ul class=\"wp-block-list\">\n<li><a href=\"#spinning-reels\">Moinhos de Fia\u00e7\u00e3o<\/a><\/li>\n\n\n\n<li><a href=\"#baitcasting-reels\">Carretos de Baitcasting<\/a><\/li>\n\n\n\n<li><a href=\"#fly-fishing-reels\">Molinete de Pesca com Mosca<\/a><\/li>\n\n\n\n<li><a href=\"#trolling-reels\">Reels de Trolling<\/a><\/li>\n\n\n\n<li><a href=\"#conventional-reels\">Bobinas Convencionais<\/a><\/li>\n<\/ul>\n<\/li>\n\n\n\n<li><a href=\"#how-to-choose-the-right-fishing-reel\">Como Escolher o Carretel de Pesca Certo<\/a>\n<ul class=\"wp-block-list\">\n<li><a href=\"#reel-size-and-gear-ratio\">Tamanho do Carretel &amp; Rela\u00e7\u00e3o de Engrenagem<\/a><\/li>\n\n\n\n<li><a href=\"#drag-system\">Sistema de Arrasto<\/a><\/li>\n\n\n\n<li><a href=\"#ball-bearings\">Rolamentos de esferas<\/a><\/li>\n<\/ul>\n<\/li>\n\n\n\n<li><a href=\"#fishing-reel-accessories\">Acess\u00f3rios<\/a><\/li>\n\n\n\n<li><a href=\"#fishing-reel-maintenance\">Manuten\u00e7\u00e3o e Cuidado<\/a><\/li>\n\n\n\n<li><a href=\"#faq\">Perguntas Frequentes<\/a><\/li>\n\n\n\n<li><a href=\"#conclusion\">Conclus\u00e3o e Pr\u00f3ximos Passos<\/a><\/li>\n<\/ul>\n\n\n\n<h2 class=\"wp-block-heading\">Introdu\u00e7\u00e3o<\/h2>\n\n\n\n<p><a href=\"https:\/\/hktackle.com\/pt\/categoria-produto\/carreteis\/\">Carretos de pesca<\/a> s\u00e3o uma parte essencial de cada equipamento de pescador. Eles v\u00eam em v\u00e1rios tipos, cada um projetado para atender a diferentes necessidades de pesca. Esteja voc\u00ea a tentar capturar pequenos peixes de \u00e1gua doce ou enormes monstros de \u00e1gua salgada, o molinete que escolher \u00e9 crucial para o seu sucesso na \u00e1gua. Neste guia, vamos orient\u00e1-lo atrav\u00e9s dos diferentes tipos de molinetes, como selecionar o correto, caracter\u00edsticas chave a considerar e como manter o seu molinete para garantir que dure por anos.<\/p>\n\n\n\n<p>Compreender os carretos de pesca \u00e9 importante porque o carreto errado pode arruinar a sua experi\u00eancia de pesca. Um carreto que seja demasiado pequeno para o peixe que est\u00e1 a pescar deix\u00e1-lo-\u00e1 sem pot\u00eancia, enquanto um carreto que seja demasiado grande pode dificultar o manuseamento da linha e das iscas de forma eficaz. Vamos mergulhar mais fundo nos tipos de carretos de pesca e ajud\u00e1-lo a escolher o que \u00e9 perfeito para as suas necessidades.<\/p>\n\n\n\n<h2 class=\"wp-block-heading\">Tipos de Molinetes de Pesca<\/h2>\n\n\n\n<p>Os molinetes de pesca s\u00e3o categorizados pelo design do seu carretel e pelo mecanismo que os aciona. Vamos dar uma olhada mais de perto nos tipos mais comuns de molinetes de pesca.<\/p>\n\n\n\n<h3 class=\"wp-block-heading\" id=\"spinning-reels\">Moinhos de Fia\u00e7\u00e3o<\/h3>\n\n\n\n<p>Os molinetes s\u00e3o talvez o tipo mais comum de carretilha de pesca. S\u00e3o f\u00e1ceis de usar e podem ser adaptados a v\u00e1rios estilos de pesca. Estas carretilhas s\u00e3o projetadas com um carretel fixo que permite que a linha se desenrole livremente enquanto o pescador lan\u00e7a, tornando-as adequadas tanto para iniciantes como para pescadores experientes.<\/p>\n\n\n\n<p>Os molinetes s\u00e3o perfeitos para pescar uma ampla variedade de esp\u00e9cies, incluindo peixes de \u00e1gua doce como o robalo, a truta e o l\u00facio, bem como peixes de \u00e1gua salgada leves. Eles s\u00e3o ideais para pesca com equipamentos leves e t\u00e9cnicas de finesse, como drop-shotting e jigging.<\/p>\n\n\n\n<p>Os molinetes de spinning v\u00eam em diferentes tamanhos, com modelos que v\u00e3o desde ultraleves para peixes pequenos at\u00e9 resistentes para esp\u00e9cies maiores de \u00e1gua salgada. A versatilidade e a facilidade de utiliza\u00e7\u00e3o tornam os molinetes de spinning a escolha preferida da maioria dos pescadores.<\/p>\n\n\n\n<h3 class=\"wp-block-heading\" id=\"baitcasting-reels\">Carretos de Baitcasting<\/h3>\n\n\n\n<p>As bobinas de baitcasting proporcionam um controlo e uma precis\u00e3o superiores, tornando-as ideais para pescadores que desejam pescar com iscos ou equipamentos mais pesados. Estas bobinas est\u00e3o montadas no topo da vara e apresentam um carretel rotativo que proporciona uma maior precis\u00e3o durante o lan\u00e7amento.<\/p>\n\n\n\n<p>Embora as canas de lan\u00e7adeira sejam frequentemente mais desafiadoras de usar do que as canas de spinning, elas oferecem uma maior dist\u00e2ncia de lan\u00e7amento e pot\u00eancia, o que \u00e9 essencial ao pescar esp\u00e9cies grandes como robalo, Lucioperca ou salm\u00e3o. Al\u00e9m disso, as canas de lan\u00e7adeira possuem um poderoso sistema de frenagem que permite aos pescadores lutarem eficazmente contra peixes grandes.<\/p>\n\n\n\n<p>Ao usar um carreto de multiusos, \u00e9 essencial escolher a rela\u00e7\u00e3o de transmiss\u00e3o certa, pois isso afeta diretamente a sua velocidade de recupera\u00e7\u00e3o. Rela\u00e7\u00f5es de transmiss\u00e3o mais altas permitem uma recupera\u00e7\u00e3o de linha mais r\u00e1pida, o que \u00e9 ben\u00e9fico ao enrolar peixes de r\u00e1pido movimento ou ao pescar com iscas de a\u00e7\u00e3o r\u00e1pida.<\/p>\n\n\n\n<h3 class=\"wp-block-heading\" id=\"fly-fishing-reels\">Molinete de Pesca com Mosca<\/h3>\n\n\n\n<p>Os carretes de pesca com mosca s\u00e3o projetados especificamente para o desporto da pesca com mosca. Ao contr\u00e1rio dos carretes de spinning e baitcasting, os carretes de pesca com mosca n\u00e3o s\u00e3o usados para lan\u00e7ar iscos ou atrativos, mas sim para armazenar e recuperar a linha de mosca.<\/p>\n\n\n\n<p>Estes molinetes s\u00e3o leves e possuem um sistema de arraste simples para ajudar na luta com os peixes. O principal prop\u00f3sito de um molinete de pesca com mosca \u00e9 fornecer armazenamento da linha e um arraste suave durante a luta com o peixe. Os molinetes de pesca com mosca v\u00eam em v\u00e1rios tamanhos com base no peso da vara de pesca e na linha que est\u00e1 a ser utilizada.<\/p>\n\n\n\n<p>As canas de pesca com mosca s\u00e3o emparelhadas com carretes mais longos, projetados para lan\u00e7amentos precisos e uma apresenta\u00e7\u00e3o delicada da mosca. Os pr\u00f3prios carretes s\u00e3o frequentemente feitos de alum\u00ednio leve ou materiais compostos para minimizar o peso e melhorar o desempenho na \u00e1gua.<\/p>\n\n\n\n<h3 class=\"wp-block-heading\" id=\"trolling-reels\">Reels de Trolling<\/h3>\n\n\n\n<p>Os carretos de trolling s\u00e3o carretos robustos projetados para a pesca de trolling, que envolve puxar uma isca com isco ou uma isca atr\u00e1s de um barco. Estes carretos s\u00e3o normalmente utilizados para grandes esp\u00e9cies encontradas em \u00e1guas mais profundas, como o marlim, o atum e o wahoo.<\/p>\n\n\n\n<p>Os molinetes de trolling v\u00eam com bobinas grandes que suportam quantidades significativas de linha, permitindo ao pescador cobrir uma grande \u00e1rea de \u00e1gua. Eles tamb\u00e9m apresentam um robusto sistema de arrasto para lidar com os poderosos pux\u00f5es de peixes grandes. Muitos molinetes de trolling s\u00e3o projetados para serem montados em varas convencionais, que s\u00e3o mais r\u00edgidas e podem lidar com peixes mais significativos.<\/p>\n\n\n\n<p>A rela\u00e7\u00e3o de engrenagem e a capacidade da linha de carret\u00e9is de arrasto s\u00e3o tipicamente inferiores a outros tipos de carret\u00e9is porque o objetivo n\u00e3o \u00e9 a velocidade, mas sim a pot\u00eancia e a resist\u00eancia. Estes carret\u00e9is s\u00e3o constru\u00eddos para suportar as duras condi\u00e7\u00f5es da pesca em alto-mar e as exig\u00eancias pesadas de grandes esp\u00e9cies.<\/p>\n\n\n\n<h3 class=\"wp-block-heading\" id=\"conventional-reels\">Bobinas Convencionais<\/h3>\n\n\n\n<p>Os molinetes convencionais, tamb\u00e9m conhecidos como molinetes redondos, s\u00e3o semelhantes aos molinetes de trolling, mas s\u00e3o projetados para usos mais vers\u00e1teis. S\u00e3o tipicamente utilizados na pesca de grandes peixes e est\u00e3o dispon\u00edveis numa ampla gama de tamanhos e configura\u00e7\u00f5es.<\/p>\n\n\n\n<p>Estas bobinas apresentam uma estrutura s\u00f3lida e resistente e um sistema de arrasto robusto. S\u00e3o frequentemente usadas em combina\u00e7\u00e3o com varas convencionais para pesca em alto-mar e em \u00e1guas profundas, onde peixes poderosos como atuns e tubar\u00f5es s\u00e3o o alvo.<\/p>\n\n\n\n<p>Os carret\u00e9is convencionais s\u00e3o constru\u00eddos para for\u00e7a e resist\u00eancia. Eles s\u00e3o perfeitos para longos dias no mar, pois conseguem suportar grandes quantidades de linha e resistir ao stress de lutar contra peixes grandes em alto mar.<\/p>\n\n\n\n<h2 class=\"wp-block-heading\">Como Escolher o Carretel de Pesca Certo<\/h2>\n\n\n\n<p>Ao selecionar um carrete de pesca, devem ser tidos em conta v\u00e1rios fatores. Estes incluem o tipo de pesca que planeia realizar, as esp\u00e9cies que est\u00e1 a alvo, as condi\u00e7\u00f5es de pesca e as suas prefer\u00eancias pessoais.<\/p>\n\n\n\n<h3 class=\"wp-block-heading\" id=\"reel-size-and-gear-ratio\">Tamanho do Carretel &amp; Rela\u00e7\u00e3o de Engrenagem<\/h3>\n\n\n\n<p>O tamanho do seu molinete determina quanta linha de pesca ele pode segurar. Quanto maior o molinete, mais linha ele pode acomodar, o que \u00e9 essencial para a pesca em alto-mar e lan\u00e7amentos de longa dist\u00e2ncia.<\/p>\n\n\n\n<p>A rela\u00e7\u00e3o de engrenagem refere-se ao n\u00famero de vezes que o carretel da cana gira a cada volta da pega. Uma rela\u00e7\u00e3o de engrenagem mais alta (por exemplo, 7:1) recolhe a linha mais rapidamente, o que \u00e9 ideal para t\u00e9cnicas como a pesca r\u00e1pida ou ao recolher peixes de movimento r\u00e1pido. Uma rela\u00e7\u00e3o de engrenagem mais baixa (por exemplo, 4:1) fornece mais pot\u00eancia e \u00e9 frequentemente preferida ao pescar esp\u00e9cies maiores que exigem mais esfor\u00e7o para serem recolhidas.<\/p>\n\n\n\n<h3 class=\"wp-block-heading\" id=\"drag-system\">Sistema de Arrasto<\/h3>\n\n\n\n<p>O sistema de arrasto \u00e9 uma das caracter\u00edsticas mais importantes de qualquer molinete de pesca. O arrasto controla quanta resist\u00eancia \u00e9 colocada na linha de pesca durante a luta com um peixe. Um sistema de arrasto suave permite um deslizamento controlado da linha, evitando que a linha se rompa quando o peixe puxa com for\u00e7a.<\/p>\n\n\n\n<p>Existem dois tipos principais de sistemas de embreagem: embreagem frontal e embreagem traseira. Os sistemas de embreagem frontal s\u00e3o mais comuns em carretos de spinning e oferecem mais pot\u00eancia e controlo. Os sistemas de embreagem traseira s\u00e3o mais f\u00e1ceis de ajustar e s\u00e3o frequentemente encontrados em carretos destinados a canas mais leves.<\/p>\n\n\n\n<h3 class=\"wp-block-heading\" id=\"ball-bearings\">Rolamentos de esferas<\/h3>\n\n\n\n<p>Os rolamentos de esferas s\u00e3o essenciais para um desempenho suave do carretel. Quanto mais rolamentos de esferas um carretel tiver, mais suave ser\u00e1 a opera\u00e7\u00e3o, uma vez que reduzem o atrito no mecanismo do carretel.<\/p>\n\n\n\n<p>Molas de alta qualidade podem ter de 5 a 10 esferas, mas alguns molinetes de pesca podem ter at\u00e9 15 ou mais. Embora mais esferas possam melhorar a suavidade, a qualidade geral da constru\u00e7\u00e3o do molinete \u00e9 mais importante. Ao escolher um molinete, \u00e9 melhor equilibrar o n\u00famero de esferas com a durabilidade e resist\u00eancia dos materiais utilizados na constru\u00e7\u00e3o.<\/p>\n\n\n\n<h2 class=\"wp-block-heading\">Acess\u00f3rios para Molinetes de Pesca<\/h2>\n\n\n\n<p>Existem muitos acess\u00f3rios que podem melhorar o desempenho, a durabilidade e a funcionalidade do seu carrete de pesca. Estes acess\u00f3rios v\u00e3o desde ferramentas de manuten\u00e7\u00e3o a pe\u00e7as de substitui\u00e7\u00e3o e capas de prote\u00e7\u00e3o.<\/p>\n\n\n\n<h3 class=\"wp-block-heading\" id=\"reel-maintenance-kits\">Kits de Manuten\u00e7\u00e3o de Carret\u00e9is<\/h3>\n\n\n\n<p>Os kits de manuten\u00e7\u00e3o de carretos incluem lubrificantes, ferramentas de limpeza e guias de desmontagem para ajudar a manter o seu carreto em \u00f3timo estado. A manuten\u00e7\u00e3o regular \u00e9 essencial para prolongar a vida do seu carreto e garantir que opere de forma suave.<\/p>\n\n\n\n<h3 class=\"wp-block-heading\" id=\"spare-spools\">Bobines de reserva<\/h3>\n\n\n\n<p>Ter bobinas sobresselentes permite-lhe mudar facilmente entre diferentes tipos de linhas de pesca sem ter de re-enrolar o carretel. Isso \u00e9 especialmente \u00fatil quando se pesca em ambientes diferentes, pois pode necessitar de diferentes tipos de linhas para pesca em \u00e1gua doce e em \u00e1gua salgada.<\/p>\n\n\n\n<h3 class=\"wp-block-heading\" id=\"reel-covers\">Cobre de Reel<\/h3>\n\n\n\n<p>As capas para molinetes protegem o seu molinete do p\u00f3, sujeira e arranh\u00f5es quando n\u00e3o est\u00e1 em uso. Elas s\u00e3o especialmente \u00fateis para manter o seu molinete seguro durante viagens ou armazenamento a longo prazo. Muitos molinetes v\u00eam com uma capa, mas se o seu n\u00e3o tiver, pode comprar uma \u00e0 parte.<\/p>\n\n\n\n<h2 class=\"wp-block-heading\">Manuten\u00e7\u00e3o e Cuidados com o Carretel de Pesca<\/h2>\n\n\n\n<p>A manuten\u00e7\u00e3o adequada \u00e9 essencial para prolongar a vida \u00fatil do seu molinete e garantir que ele funcione bem ao longo do tempo. A limpeza e a lubrifica\u00e7\u00e3o regulares s\u00e3o cruciais para manter o molinete a funcionar de forma suave.<\/p>\n\n\n\n<h3 class=\"wp-block-heading\">Limpeza<\/h3>\n\n\n\n<p>Ap\u00f3s cada viagem de pesca, especialmente se pescou em \u00e1gua salgada, \u00e9 importante enxaguar o seu molinete com \u00e1gua doce para remover sal, sujeira e detritos. Seque-o bem antes de o guardar.<\/p>\n\n\n\n<h3 class=\"wp-block-heading\">Lubrifica\u00e7\u00e3o<\/h3>\n\n\n\n<p>Utilize lubrificantes espec\u00edficos para molas para lubrificar os engrenagens, rolamentos e outras partes m\u00f3veis. Isto ir\u00e1 prevenir a ferrugem e garantir uma opera\u00e7\u00e3o suave durante o uso. Siga as recomenda\u00e7\u00f5es do fabricante quanto aos intervalos de lubrifica\u00e7\u00e3o e tipos de lubrificantes.<\/p>\n\n\n\n<h3 class=\"wp-block-heading\">Armazenamento<\/h3>\n\n\n\n<p>Armazene o seu carretel num local seco e fresco para evitar corros\u00e3o. Evite deix\u00e1-lo exposto \u00e0 luz solar por longos per\u00edodos, pois os raios UV podem danificar os materiais ao longo do tempo.<\/p>\n\n\n\n<h2 class=\"wp-block-heading\">Perguntas Frequentes<\/h2>\n\n\n\n<p>Qual \u00e9 o melhor molinete para principiantes? Um molinete com um carretel de tamanho m\u00e9dio e um sistema de arrasto suave \u00e9 ideal para principiantes. Posso usar um molinete de \u00e1gua doce para pescar em \u00e1gua salgada? Alguns molinetes de \u00e1gua doce s\u00e3o adequados para \u00e1gua salgada, mas deve escolher um molinete com materiais resistentes \u00e0 corros\u00e3o para melhor durabilidade. Como fa\u00e7o para manter o meu molinete de pesca? Limpe o seu molinete ap\u00f3s cada uso, lubrifique as partes m\u00f3veis e armazene-o em um local seco e fresco para prolongar a sua vida \u00fatil.<\/p>\n\n\n\n<h2 class=\"wp-block-heading\">Conclus\u00e3o e Pr\u00f3ximos Passos<\/h2>\n\n\n\n<p>Os carret\u00e9is de pesca s\u00e3o uma pe\u00e7a vital de equipamento para os pescadores. Compreender os diferentes tipos, selecionar o correto e mant\u00ea-lo adequadamente garantir\u00e1 uma \u00f3tima experi\u00eancia de pesca. Compre os nossos carret\u00e9is recomendados abaixo para come\u00e7ar a sua pr\u00f3xima aventura de pesca.<a href=\"\/pt\/collections\/spinning-reels\/\">Loja de Carretos de Spinning<\/a><a href=\"https:\/\/hktackle.com\/pt\/categoria-produto\/carreteis\/\">Compre Molinetes Baitcasting<\/a><\/p>","protected":false},"excerpt":{"rendered":"<p>Complete Guide to Fishing Reels \u2014 Types, How to Choose, Maintenance &amp; Accessories Complete Guide to Fishing Reels: Types, Selection, Maintenance &amp; Accessories This pillar page brings together everything you need to know about fishing reels \u2014 from choosing the right reel to maintaining it and selecting the best accessories. It\u2019s written for anglers, fishing [&hellip;]<\/p>","protected":false},"author":1,"featured_media":0,"parent":0,"menu_order":0,"comment_status":"closed","ping_status":"closed","template":"","meta":{"footnotes":""},"class_list":["post-1894","page","type-page","status-publish","hentry"],"blocksy_meta":[],"_hostinger_reach_plugin_has_subscription_block":false,"_hostinger_reach_plugin_is_elementor":false,"_links":{"self":[{"href":"https:\/\/hktackle.com\/pt\/wp-json\/wp\/v2\/pages\/1894","targetHints":{"allow":["GET"]}}],"collection":[{"href":"https:\/\/hktackle.com\/pt\/wp-json\/wp\/v2\/pages"}],"about":[{"href":"https:\/\/hktackle.com\/pt\/wp-json\/wp\/v2\/types\/page"}],"author":[{"embeddable":true,"href":"https:\/\/hktackle.com\/pt\/wp-json\/wp\/v2\/users\/1"}],"replies":[{"embeddable":true,"href":"https:\/\/hktackle.com\/pt\/wp-json\/wp\/v2\/comments?post=1894"}],"version-history":[{"count":4,"href":"https:\/\/hktackle.com\/pt\/wp-json\/wp\/v2\/pages\/1894\/revisions"}],"predecessor-version":[{"id":1910,"href":"https:\/\/hktackle.com\/pt\/wp-json\/wp\/v2\/pages\/1894\/revisions\/1910"}],"wp:attachment":[{"href":"https:\/\/hktackle.com\/pt\/wp-json\/wp\/v2\/media?parent=1894"}],"curies":[{"name":"wp","href":"https:\/\/api.w.org\/{rel}","templated":true}]}}