{"id":1785,"date":"2025-11-12T03:55:33","date_gmt":"2025-11-12T03:55:33","guid":{"rendered":"https:\/\/hktackle.com\/?post_type=product&#038;p=1785"},"modified":"2025-11-17T05:31:02","modified_gmt":"2025-11-17T05:31:02","slug":"conjunto-de-iscas-de-pesca-definitivo-crankbait-de-superficie","status":"publish","type":"product","link":"https:\/\/hktackle.com\/pt\/produto\/conjunto-de-iscas-de-pesca-definitivo-crankbait-de-superficie","title":{"rendered":"O Conjunto de Iscas de Pesca Definitivo para Todos os Pescadores"},"content":{"rendered":"<h1 data-start=\"1277\" data-end=\"1336\"><strong data-start=\"1282\" data-end=\"1336\">O Conjunto de Iscas de Pesca Definitivo para Todos os Pescadores<\/strong><\/h1>\n<p data-start=\"1338\" data-end=\"1674\">Est\u00e1 pronto para levar a sua pesca de robalo para o pr\u00f3ximo n\u00edvel? O nosso <strong data-start=\"1401\" data-end=\"1430\">completo <a href=\"https:\/\/hktackle.com\/pt\/guia-completo-de-iscas-de-pesca\/\">conjunto de iscas para pesca<\/a><\/strong> \u00e9 projetado para lhe dar tudo o que precisa para atingir o baixo em qualquer ambiente. Este <strong data-start=\"1515\" data-end=\"1535\">kit de iscos para pesca<\/strong> inclui <strong data-start=\"1545\" data-end=\"1571\">isca de superf\u00edcie para pesca<\/strong>, <strong data-start=\"1573\" data-end=\"1586\">iscas de jig<\/strong>, e <strong data-start=\"1592\" data-end=\"1611\">iscas crankbait<\/strong>\u2014cada um oferecendo vantagens \u00fanicas que o ajudam a apanhar mais peixe.<\/p>\n<p data-start=\"1338\" data-end=\"1674\"><img loading=\"lazy\" decoding=\"async\" class=\"alignnone wp-image-1782\" src=\"https:\/\/hktackle.com\/wp-content\/uploads\/2025\/11\/fishing-lure-kits-12.jpg\" alt=\"conjunto de iscas para pesca\" width=\"621\" height=\"621\" title=\"\" srcset=\"https:\/\/hktackle.com\/wp-content\/uploads\/2025\/11\/fishing-lure-kits-12.jpg 800w, https:\/\/hktackle.com\/wp-content\/uploads\/2025\/11\/fishing-lure-kits-12-300x300.jpg 300w, https:\/\/hktackle.com\/wp-content\/uploads\/2025\/11\/fishing-lure-kits-12-150x150.jpg 150w, https:\/\/hktackle.com\/wp-content\/uploads\/2025\/11\/fishing-lure-kits-12-768x768.jpg 768w, https:\/\/hktackle.com\/wp-content\/uploads\/2025\/11\/fishing-lure-kits-12-600x600.jpg 600w\" sizes=\"auto, (max-width: 621px) 100vw, 621px\" \/><\/p>\n<hr data-start=\"1676\" data-end=\"1679\" \/>\n<h2 data-start=\"1681\" data-end=\"1743\"><strong data-start=\"1686\" data-end=\"1743\">\u00a0O que est\u00e1 inclu\u00eddo neste Premium <a href=\"http:\/\/hktackle.com\/pt\/\">Conjunto de Iscas para Pesca<\/a>?<\/strong><\/h2>\n<p data-start=\"1745\" data-end=\"2066\">Nosso <strong data-start=\"1749\" data-end=\"1769\">conjunto de iscas para pesca<\/strong> vem com uma variedade de iscas de alta qualidade, cada uma cuidadosamente selecionada para atacar o robalo em diferentes condi\u00e7\u00f5es. Quer prefira os ataques explosivos de <strong data-start=\"1922\" data-end=\"1948\">isca de superf\u00edcie para pesca<\/strong>, a apresenta\u00e7\u00e3o precisa de <strong data-start=\"1978\" data-end=\"1991\">iscas de jig<\/strong>ou a a\u00e7\u00e3o de aprofundamento de <strong data-start=\"2020\" data-end=\"2039\">iscas crankbait<\/strong>, este conjunto tem tudo o que precisa.<\/p>\n<p data-start=\"2068\" data-end=\"2092\"><strong data-start=\"2068\" data-end=\"2092\">Inclu\u00eddo no Conjunto:<\/strong><\/p>\n<ul data-start=\"2093\" data-end=\"2812\">\n<li data-start=\"2093\" data-end=\"2330\">\n<p data-start=\"2095\" data-end=\"2330\"><a href=\"https:\/\/hktackle.com\/pt\/guia-completo-de-iscas-de-pesca\/\"><strong data-start=\"2095\" data-end=\"2121\">Iscos de Pesca em Superf\u00edcie<\/strong><\/a>Perfeito para ataques \u00e0 superf\u00edcie, estes iscos imitam o movimento da presa ferida, atraindo os robalos a atacar. Ideal para pescar durante as primeiras horas da manh\u00e3 ou ao final da tarde, quando os peixes est\u00e3o a alimentar-se ativamente perto da superf\u00edcie.<\/p>\n<\/li>\n<li data-start=\"2331\" data-end=\"2575\">\n<p data-start=\"2333\" data-end=\"2575\"><strong data-start=\"2333\" data-end=\"2346\">Iscas de Jig<\/strong>: Projetado para apresenta\u00e7\u00f5es mais profundas, <a href=\"https:\/\/hktackle.com\/pt\/guia-completo-de-iscas-de-pesca\/\"><strong data-start=\"2383\" data-end=\"2396\">iscas de jig<\/strong><\/a> s\u00e3o excelentes para pescar perto do fundo de lagos, rios ou reservat\u00f3rios. O seu movimento lento e subtil imita a a\u00e7\u00e3o de peixes isco em apuros, tornando-os irresist\u00edveis para o bass.<\/p>\n<\/li>\n<li data-start=\"2576\" data-end=\"2812\">\n<p data-start=\"2578\" data-end=\"2812\"><strong data-start=\"2578\" data-end=\"2597\">Isco da Crankbait<\/strong>Estes iscos mergulham a v\u00e1rias profundidades, tornando-os perfeitos para a captura de robalo a n\u00edveis de \u00e1gua m\u00e9dia. Com a sua a\u00e7\u00e3o de oscilla\u00e7\u00e3o, <a href=\"https:\/\/hktackle.com\/pt\/guia-completo-de-iscas-de-pesca\/\"><strong data-start=\"2722\" data-end=\"2741\">isca de crankbait<\/strong><\/a> imitar o movimento natural de nata\u00e7\u00e3o dos peixes isco, atraindo os robalos a atacar.<\/p>\n<\/li>\n<li data-start=\"2576\" data-end=\"2812\"><img loading=\"lazy\" decoding=\"async\" class=\"alignnone wp-image-1777\" src=\"https:\/\/hktackle.com\/wp-content\/uploads\/2025\/11\/fishing-lure-kits-7-717x1024.jpg\" alt=\"conjunto de iscas para pesca\" width=\"318\" height=\"455\" title=\"\" srcset=\"https:\/\/hktackle.com\/wp-content\/uploads\/2025\/11\/fishing-lure-kits-7-717x1024.jpg 717w, https:\/\/hktackle.com\/wp-content\/uploads\/2025\/11\/fishing-lure-kits-7-210x300.jpg 210w, https:\/\/hktackle.com\/wp-content\/uploads\/2025\/11\/fishing-lure-kits-7-768x1098.jpg 768w, https:\/\/hktackle.com\/wp-content\/uploads\/2025\/11\/fishing-lure-kits-7-600x857.jpg 600w, https:\/\/hktackle.com\/wp-content\/uploads\/2025\/11\/fishing-lure-kits-7.jpg 790w\" sizes=\"auto, (max-width: 318px) 100vw, 318px\" \/><img loading=\"lazy\" decoding=\"async\" class=\"alignnone wp-image-1774\" src=\"https:\/\/hktackle.com\/wp-content\/uploads\/2025\/11\/fishing-lure-kits-4-705x1024.jpg\" alt=\"iscas de manivela\" width=\"313\" height=\"455\" title=\"\" srcset=\"https:\/\/hktackle.com\/wp-content\/uploads\/2025\/11\/fishing-lure-kits-4-705x1024.jpg 705w, https:\/\/hktackle.com\/wp-content\/uploads\/2025\/11\/fishing-lure-kits-4-206x300.jpg 206w, https:\/\/hktackle.com\/wp-content\/uploads\/2025\/11\/fishing-lure-kits-4-768x1116.jpg 768w, https:\/\/hktackle.com\/wp-content\/uploads\/2025\/11\/fishing-lure-kits-4-600x872.jpg 600w, https:\/\/hktackle.com\/wp-content\/uploads\/2025\/11\/fishing-lure-kits-4.jpg 790w\" sizes=\"auto, (max-width: 313px) 100vw, 313px\" \/><img loading=\"lazy\" decoding=\"async\" class=\"alignnone wp-image-1783\" src=\"https:\/\/hktackle.com\/wp-content\/uploads\/2025\/11\/fishing-lure-kits-13.jpg\" alt=\"Kits de iscas baratas\" width=\"455\" height=\"455\" title=\"\" srcset=\"https:\/\/hktackle.com\/wp-content\/uploads\/2025\/11\/fishing-lure-kits-13.jpg 800w, https:\/\/hktackle.com\/wp-content\/uploads\/2025\/11\/fishing-lure-kits-13-300x300.jpg 300w, https:\/\/hktackle.com\/wp-content\/uploads\/2025\/11\/fishing-lure-kits-13-150x150.jpg 150w, https:\/\/hktackle.com\/wp-content\/uploads\/2025\/11\/fishing-lure-kits-13-768x768.jpg 768w, https:\/\/hktackle.com\/wp-content\/uploads\/2025\/11\/fishing-lure-kits-13-600x600.jpg 600w\" sizes=\"auto, (max-width: 455px) 100vw, 455px\" \/><\/li>\n<\/ul>\n<hr data-start=\"2814\" data-end=\"2817\" \/>\n<h2 data-start=\"2819\" data-end=\"2865\"><strong data-start=\"2824\" data-end=\"2865\">\u00a0Por que escolher este kit de iscas de pesca?<\/strong><\/h2>\n<p><img loading=\"lazy\" decoding=\"async\" class=\"alignnone wp-image-1469\" src=\"https:\/\/hktackle.com\/wp-content\/uploads\/2025\/11\/HK-fishing-tackle.jpg\" alt=\"HK Fishing Tackle\" width=\"596\" height=\"405\" title=\"\" srcset=\"https:\/\/hktackle.com\/wp-content\/uploads\/2025\/11\/HK-fishing-tackle.jpg 861w, https:\/\/hktackle.com\/wp-content\/uploads\/2025\/11\/HK-fishing-tackle-300x204.jpg 300w, https:\/\/hktackle.com\/wp-content\/uploads\/2025\/11\/HK-fishing-tackle-768x522.jpg 768w, https:\/\/hktackle.com\/wp-content\/uploads\/2025\/11\/HK-fishing-tackle-600x408.jpg 600w\" sizes=\"auto, (max-width: 596px) 100vw, 596px\" \/><\/p>\n<p data-start=\"2867\" data-end=\"3114\">Quer seja um iniciante ou um profissional experiente, isto <strong data-start=\"2917\" data-end=\"2937\">kit de iscos para pesca<\/strong> \u00e9 uma adi\u00e7\u00e3o essencial \u00e0 sua caixa de pesca. Com v\u00e1rios tipos de iscas num \u00fanico conjunto, pode adaptar-se a diferentes condi\u00e7\u00f5es de pesca e aumentar as suas hip\u00f3teses de uma captura bem-sucedida.<\/p>\n<ul data-start=\"3116\" data-end=\"3663\">\n<li data-start=\"3116\" data-end=\"3324\">\n<p data-start=\"3118\" data-end=\"3324\"><strong data-start=\"3118\" data-end=\"3166\">Op\u00e7\u00f5es Vers\u00e1teis para Qualquer Condi\u00e7\u00e3o de Pesca<\/strong>: Desde \u00e1guas rasas at\u00e9 quedas profundas, <strong data-start=\"3203\" data-end=\"3221\">iscas de superf\u00edcie<\/strong>, <strong data-start=\"3223\" data-end=\"3236\">iscas de jig<\/strong>, e <strong data-start=\"3242\" data-end=\"3261\">iscas crankbait<\/strong> dar-lhe a flexibilidade de pescar em uma variedade de ambientes.<\/p>\n<\/li>\n<li data-start=\"3325\" data-end=\"3486\">\n<p data-start=\"3327\" data-end=\"3486\"><strong data-start=\"3327\" data-end=\"3359\">Constru\u00e7\u00e3o de Qualidade Premium<\/strong>As nossas iscas s\u00e3o feitas para durar, utilizando materiais dur\u00e1veis e acabamentos realistas que imitam o movimento e a cor das verdadeiras iscas.<\/p>\n<\/li>\n<li data-start=\"3487\" data-end=\"3663\">\n<p data-start=\"3489\" data-end=\"3663\"><strong data-start=\"3489\" data-end=\"3517\">Perfeito para Pesca de Robalos<\/strong>Quer esteja a pescar em \u00e1gua doce ou salgada, este conjunto de iscas \u00e9 ideal para atrair robalos, um dos peixes mais populares e desafiantes de capturar.<\/p>\n<\/li>\n<\/ul>\n<h2 data-start=\"3670\" data-end=\"3727\"><strong data-start=\"3675\" data-end=\"3727\">Como Utilizar o Seu Conjunto de Iscas de Pesca de Forma Eficaz<\/strong><\/h2>\n<p data-start=\"3729\" data-end=\"3850\">Para maximizar a efic\u00e1cia do seu <strong data-start=\"3767\" data-end=\"3787\">conjunto de iscas para pesca<\/strong>\u00e9 importante saber quando e como usar cada tipo de isco:<\/p>\n<ul data-start=\"3852\" data-end=\"4583\">\n<li data-start=\"3852\" data-end=\"4076\">\n<p data-start=\"3854\" data-end=\"4076\"><strong data-start=\"3854\" data-end=\"3880\">Iscos de Pesca em Superf\u00edcie<\/strong>: Usar <strong data-start=\"3886\" data-end=\"3904\">iscas de superf\u00edcie<\/strong> cedo de manh\u00e3 ou tarde \u00e0 noite, quando os robalos est\u00e3o a alimentar-se perto da superf\u00edcie. Utilize uma t\u00e9cnica de \u201cpuxar-parar\u201d para criar dist\u00farbios na superf\u00edcie, imitando presas feridas.<\/p>\n<\/li>\n<li data-start=\"4077\" data-end=\"4311\">\n<p data-start=\"4079\" data-end=\"4311\"><strong data-start=\"4079\" data-end=\"4092\">Iscas de Jig<\/strong>: Elenco <strong data-start=\"4099\" data-end=\"4112\">iscas de jig<\/strong> em torno de estruturas submersas, rochas ou leitos de algas. Diminua a sua recupera\u00e7\u00e3o e permita que a isca afunde at\u00e9 ao fundo antes de a levantar e soltar suavemente, imitando o movimento de um peixe a debater-se.<\/p>\n<\/li>\n<li data-start=\"4312\" data-end=\"4583\">\n<p data-start=\"4314\" data-end=\"4583\"><strong data-start=\"4314\" data-end=\"4333\">Isco da Crankbait<\/strong>: Usar <strong data-start=\"4339\" data-end=\"4358\">iscas crankbait<\/strong> para a pesca em meio de \u00e1gua ou quando se cobre grandes \u00e1reas. Varie a velocidade de recupera\u00e7\u00e3o para encontrar a profundidade e a a\u00e7\u00e3o certas. Os crankbaits s\u00e3o especialmente eficazes em \u00e1guas profundas ou ao tentar capturar robalos perto de desn\u00edveis e bordas subaqu\u00e1ticas.<\/p>\n<\/li>\n<\/ul>\n<hr data-start=\"4585\" data-end=\"4588\" \/>\n<h2 data-start=\"4590\" data-end=\"4635\"><strong data-start=\"4595\" data-end=\"4635\">Perguntas Frequentes (FAQ)<\/strong><\/h2>\n<p data-start=\"4637\" data-end=\"4963\"><strong data-start=\"4637\" data-end=\"4703\">Q1: O que torna este conjunto de iscas de pesca perfeito para a pesca de robalos?<\/strong><br data-start=\"4703\" data-end=\"4706\" \/>A: Isto <strong data-start=\"4714\" data-end=\"4734\">conjunto de iscas para pesca<\/strong> inclui <strong data-start=\"4744\" data-end=\"4762\">iscas de superf\u00edcie<\/strong>, <strong data-start=\"4764\" data-end=\"4777\">iscas de jig<\/strong>, e <strong data-start=\"4783\" data-end=\"4802\">iscas crankbait<\/strong>, que s\u00e3o todos projetados para atrair robalos em diferentes condi\u00e7\u00f5es. Quer esteja a pescar na superf\u00edcie, a meio da \u00e1gua ou perto do fundo, este kit tem tudo o que precisa.<\/p>\n<p data-start=\"4965\" data-end=\"5229\"><strong data-start=\"4965\" data-end=\"5019\">Q2: Posso usar este kit para outros tipos de pesca?<\/strong><br data-start=\"5019\" data-end=\"5022\" \/>A: Embora este kit tenha sido especificamente concebido para a pesca de robalo, <strong data-start=\"5083\" data-end=\"5096\">iscas de jig<\/strong> e <strong data-start=\"5101\" data-end=\"5120\">iscas crankbait<\/strong> pode ser eficaz para Alcan\u00e7ar outras esp\u00e9cies como l\u00facio, truta e bolhas tanto em \u00e1gua doce como em \u00e1gua salgada.<\/p>\n<p data-start=\"5231\" data-end=\"5491\"><strong data-start=\"5231\" data-end=\"5266\">Q3: Como devo guardar estes iscos?<\/strong><br data-start=\"5266\" data-end=\"5269\" \/>A: Para manter as suas iscas nas melhores condi\u00e7\u00f5es, armazene-as numa caixa de pesca com compartimentos individuais. Isto evita que fiquem emaranhadas ou danificadas. Certifique-se de as manter secas ap\u00f3s cada utiliza\u00e7\u00e3o para preservar a sua qualidade.<\/p>\n<hr data-start=\"5493\" data-end=\"5496\" \/>\n<h2 data-start=\"5498\" data-end=\"5554\"><strong data-start=\"5503\" data-end=\"5554\">Pe\u00e7a hoje mesmo o seu conjunto completo de iscas para pesca!<\/strong><\/h2>\n<p data-start=\"5556\" data-end=\"5918\">Pronto para apanhar o seu pr\u00f3ximo grande peixe? Pe\u00e7a o <strong data-start=\"5604\" data-end=\"5633\">conjunto de iscas de pesca definitivo<\/strong> da HK Tackle hoje! Este abrangente <strong data-start=\"5675\" data-end=\"5695\">kit de iscos para pesca<\/strong> inclui todos os iscos que precisa para apanhar robalo em qualquer condi\u00e7\u00e3o de pesca, desde <strong data-start=\"5773\" data-end=\"5799\">isca de superf\u00edcie para pesca<\/strong> para <strong data-start=\"5803\" data-end=\"5816\">iscas de jig<\/strong> e <strong data-start=\"5821\" data-end=\"5840\">iscas crankbait<\/strong>N\u00e3o perca esta oportunidade\u2014melhore o seu jogo de pesca e comece a apanhar mais robalos hoje!<\/p>\n<p data-start=\"5556\" data-end=\"5918\"><div class=\"wpforms-container\" id=\"wpforms-564\"><form id=\"wpforms-form-564\" class=\"wpforms-validate wpforms-form wpforms-ajax-form\" data-formid=\"564\" method=\"post\" enctype=\"multipart\/form-data\" action=\"\/pt\/wp-json\/wp\/v2\/product\/1785\" data-token=\"a5e36027957c0b678575a16e829041db\" data-token-time=\"1776384115\" data-trp-original-action=\"\/pt\/wp-json\/wp\/v2\/product\/1785\"><div class=\"wpforms-head-container\"><div class=\"wpforms-title\">Solicita\u00e7\u00e3o de Cota\u00e7\u00e3o<\/div><\/div><noscript class=\"wpforms-error-noscript\">Por favor, ative o JavaScript no seu navegador para completar este formul\u00e1rio.<\/noscript><div class=\"wpforms-field-container\"><div id=\"wpforms-564-field_1-container\" class=\"wpforms-field wpforms-field-name\" data-field-id=\"1\"><label class=\"wpforms-field-label wpforms-label-hide\" for=\"wpforms-564-field_1\">Nome <span class=\"wpforms-required-label\">*<\/span><\/label><input type=\"text\" id=\"wpforms-564-field_1\" class=\"wpforms-field-medium wpforms-field-required\" name=\"wpforms[fields][1]\" placeholder=\"Nome\" required><\/div><div id=\"wpforms-564-field_2-container\" class=\"wpforms-field wpforms-field-name\" data-field-id=\"2\"><label class=\"wpforms-field-label wpforms-label-hide\" for=\"wpforms-564-field_2\">Whatsapp <span class=\"wpforms-required-label\">*<\/span><\/label><input type=\"text\" id=\"wpforms-564-field_2\" class=\"wpforms-field-medium wpforms-field-required\" name=\"wpforms[fields][2]\" placeholder=\"Whatapp\" required><\/div><div id=\"wpforms-564-field_4-container\" class=\"wpforms-field wpforms-field-name\" data-field-id=\"4\"><label class=\"wpforms-field-label wpforms-label-hide\" for=\"wpforms-564-field_4\">Email <span class=\"wpforms-required-label\">*<\/span><\/label><input type=\"text\" id=\"wpforms-564-field_4\" class=\"wpforms-field-medium wpforms-field-required\" name=\"wpforms[fields][4]\" placeholder=\"Email\" required><\/div><div id=\"wpforms-564-field_3-container\" class=\"wpforms-field wpforms-field-name\" data-field-id=\"3\"><label class=\"wpforms-field-label wpforms-label-hide\" for=\"wpforms-564-field_3\">Inqu\u00e9rito <span class=\"wpforms-required-label\">*<\/span><\/label><input type=\"text\" id=\"wpforms-564-field_3\" class=\"wpforms-field-medium wpforms-field-required\" name=\"wpforms[fields][3]\" placeholder=\"que produto precisas\" required><\/div>\t\t<div id=\"wpforms-564-field_7-container\"\n\t\t\tclass=\"wpforms-field wpforms-field-text\"\n\t\t\tdata-field-type=\"text\"\n\t\t\tdata-field-id=\"7\"\n\t\t\t>\n\t\t\t<label class=\"wpforms-field-label\" for=\"wpforms-564-field_7\" >Email de Inqu\u00e9rito pelo Whatsapp<\/label>\n\t\t\t<input type=\"text\" id=\"wpforms-564-field_7\" class=\"wpforms-field-medium\" name=\"wpforms[fields][7]\" >\n\t\t<\/div>\n\t\t<div id=\"wpforms-564-field_5-container\" class=\"wpforms-field wpforms-field-hidden\" data-field-id=\"5\"><input type=\"hidden\" id=\"wpforms-564-field_5\" name=\"wpforms[fields][5]\" value=\"216.73.216.20\"><\/div><div id=\"wpforms-564-field_6-container\" class=\"wpforms-field wpforms-field-hidden\" data-field-id=\"6\"><input type=\"hidden\" id=\"wpforms-564-field_6\" name=\"wpforms[fields][6]\" value=\"https:\/\/hktackle.com\/pt\/wp-json\/wp\/v2\/product\/1785\"><\/div><script>\n\t\t\t\t( function() {\n\t\t\t\t\tconst style = document.createElement( 'style' );\n\t\t\t\t\tstyle.appendChild( document.createTextNode( '#wpforms-564-field_7-container { position: absolute !important; overflow: hidden !important; display: inline !important; height: 1px !important; width: 1px !important; z-index: -1000 !important; padding: 0 !important; } #wpforms-564-field_7-container input { visibility: hidden; } #wpforms-conversational-form-page #wpforms-564-field_7-container label { counter-increment: none; }' ) );\n\t\t\t\t\tdocument.head.appendChild( style );\n\t\t\t\t\tdocument.currentScript?.remove();\n\t\t\t\t} )();\n\t\t\t<\/script><\/div><!-- .wpforms-field-container --><div class=\"wpforms-submit-container\" ><input type=\"hidden\" name=\"wpforms[id]\" value=\"564\"><input type=\"hidden\" name=\"page_title\" value=\"\"><input type=\"hidden\" name=\"page_url\" value=\"https:\/\/hktackle.com\/pt\/wp-json\/wp\/v2\/product\/1785\"><input type=\"hidden\" name=\"url_referer\" value=\"\"><button type=\"submit\" name=\"wpforms[submit]\" id=\"wpforms-submit-564\" class=\"wpforms-submit\" data-alt-text=\"Sending\" data-submit-text=\"Summit\" aria-live=\"assertive\" value=\"wpforms-submit\">Cimeira<\/button><img loading=\"lazy\" decoding=\"async\" src=\"https:\/\/hktackle.com\/wp-content\/plugins\/wpforms\/assets\/images\/submit-spin.svg\" class=\"wpforms-submit-spinner\" style=\"display: none;\" width=\"26\" height=\"26\" alt=\"A carregar\" title=\"\"><\/div><input type=\"hidden\" name=\"trp-form-language\" value=\"pt\"\/><\/form><\/div>  <!-- .wpforms-container --><\/p>","protected":false},"excerpt":{"rendered":"<p>Desbloqueie o seu potencial de pesca com o nosso <strong data-start=\"1478\" data-end=\"1507\">conjunto de iscas de pesca definitivo<\/strong> projectado para pescadores de black bass. Este <strong data-start=\"1540\" data-end=\"1560\">kit de iscos para pesca<\/strong> inclui uma variedade de <strong data-start=\"1583\" data-end=\"1601\">iscas de superf\u00edcie<\/strong>, <strong data-start=\"1603\" data-end=\"1622\">iscas crankbait<\/strong>, e <strong data-start=\"1628\" data-end=\"1650\">iscas de pl\u00e1stico macio<\/strong>\u2014perfeito para apanhar robalos em quaisquer condi\u00e7\u00f5es. Quer esteja a pescar em \u00e1guas rasas ou profundas, este <strong data-start=\"1750\" data-end=\"1770\">conjunto de iscas de pesca<\/strong> fornece todas as op\u00e7\u00f5es de que precisa para golpes eficazes e taxas de captura mais elevadas. Com uma variedade de cores, tamanhos e estilos, este <strong data-start=\"1899\" data-end=\"1911\">conjunto de iscas<\/strong> \u00e9 ideal tanto para pescadores iniciantes como experientes que procuram melhorar o seu desempenho.<\/p>\n<div class=\"wp-block-stackable-button stk-block-button popmake-1340 stk-block stk-d95bae2 popmake-1340\" data-block-id=\"d95bae2\"><\/div>\n<div class=\"wp-block-stackable-button stk-block-button popmake-1340 stk-block stk-13b8711 popmake-1340\" data-block-id=\"13b8711\">\n<style>.stk-13b8711 {min-height:var(--stk--preset--block-height--x-small, 4rem) !important;padding-top:var(--stk--preset--spacing--none, 0px) !important;padding-right:var(--stk--preset--spacing--none, 0px) !important;padding-bottom:var(--stk--preset--spacing--none, 0px) !important;padding-left:var(--stk--preset--spacing--none, 0px) !important;}.stk-13b8711 .stk-button{min-height:36px !important;padding-top:var(--stk--preset--spacing--40, 1rem) !important;padding-right:33px !important;padding-bottom:var(--stk--preset--spacing--40, 1rem) !important;background:#2db2eb !important;border-top-left-radius:var(--stk--preset--border-radius--small, 4px) !important;border-top-right-radius:var(--stk--preset--border-radius--small, 4px) !important;border-bottom-right-radius:var(--stk--preset--border-radius--small, 4px) !important;border-bottom-left-radius:var(--stk--preset--border-radius--small, 4px) !important;}.stk-13b8711 .stk-button__inner-text{color:#fffffe !important;}<\/style>\n<p><a class=\"stk-link stk-button stk--hover-effect-lift-scale-more\"><span class=\"has-text-color stk-button__inner-text\">Solicitar uma Cota\u00e7\u00e3o <\/span><\/a><\/p>\n<\/div>\n<div id=\"gtx-trans\" style=\"position: absolute; left: 1px; top: 76px;\">\n<div class=\"gtx-trans-icon\"><\/div>\n<\/div>","protected":false},"featured_media":1773,"template":"","meta":[],"product_brand":[],"product_cat":[27],"product_tag":[],"class_list":{"0":"post-1785","1":"product","2":"type-product","3":"status-publish","4":"has-post-thumbnail","6":"product_cat-online-shop","8":"first","9":"instock","10":"sale","11":"shipping-taxable","12":"purchasable","13":"product-type-simple"},"_links":{"self":[{"href":"https:\/\/hktackle.com\/pt\/wp-json\/wp\/v2\/product\/1785","targetHints":{"allow":["GET"]}}],"collection":[{"href":"https:\/\/hktackle.com\/pt\/wp-json\/wp\/v2\/product"}],"about":[{"href":"https:\/\/hktackle.com\/pt\/wp-json\/wp\/v2\/types\/product"}],"wp:featuredmedia":[{"embeddable":true,"href":"https:\/\/hktackle.com\/pt\/wp-json\/wp\/v2\/media\/1773"}],"wp:attachment":[{"href":"https:\/\/hktackle.com\/pt\/wp-json\/wp\/v2\/media?parent=1785"}],"wp:term":[{"taxonomy":"product_brand","embeddable":true,"href":"https:\/\/hktackle.com\/pt\/wp-json\/wp\/v2\/product_brand?post=1785"},{"taxonomy":"product_cat","embeddable":true,"href":"https:\/\/hktackle.com\/pt\/wp-json\/wp\/v2\/product_cat?post=1785"},{"taxonomy":"product_tag","embeddable":true,"href":"https:\/\/hktackle.com\/pt\/wp-json\/wp\/v2\/product_tag?post=1785"}],"curies":[{"name":"wp","href":"https:\/\/api.w.org\/{rel}","templated":true}]}}