{"id":1786,"date":"2025-11-12T04:33:14","date_gmt":"2025-11-12T04:33:14","guid":{"rendered":"https:\/\/hktackle.com\/?post_type=product&#038;p=1786"},"modified":"2025-12-02T15:15:26","modified_gmt":"2025-12-02T15:15:26","slug":"molinete-de-pesca-baitcast-para-agua-salgada","status":"publish","type":"product","link":"https:\/\/hktackle.com\/pt\/produto\/molinete-de-pesca-baitcast-para-agua-salgada","title":{"rendered":"Melhores Carretos de Pesca Baitcast para Precis\u00e3o, Pot\u00eancia e Desempenho"},"content":{"rendered":"<h1 data-start=\"1040\" data-end=\"1115\"><strong data-start=\"1045\" data-end=\"1115\">Melhores Carretos de Pesca Baitcast para Precis\u00e3o, Pot\u00eancia e Desempenho<\/strong><\/h1>\n<p><img loading=\"lazy\" decoding=\"async\" class=\"alignnone wp-image-1248\" src=\"https:\/\/hktackle.com\/wp-content\/uploads\/2025\/10\/baitcasting-reel.png\" alt=\"mulinhos de lan\u00e7amento com isco em \u00e1gua salgada\" width=\"287\" height=\"399\" title=\"\" srcset=\"https:\/\/hktackle.com\/wp-content\/uploads\/2025\/10\/baitcasting-reel.png 384w, https:\/\/hktackle.com\/wp-content\/uploads\/2025\/10\/baitcasting-reel-216x300.png 216w\" sizes=\"auto, (max-width: 287px) 100vw, 287px\" \/><img loading=\"lazy\" decoding=\"async\" class=\"alignnone wp-image-1247\" src=\"https:\/\/hktackle.com\/wp-content\/uploads\/2025\/10\/baitcasting-reel-2.png\" alt=\"melhor carrete de spinning\" width=\"408\" height=\"399\" title=\"\" srcset=\"https:\/\/hktackle.com\/wp-content\/uploads\/2025\/10\/baitcasting-reel-2.png 573w, https:\/\/hktackle.com\/wp-content\/uploads\/2025\/10\/baitcasting-reel-2-60x60.png 60w, https:\/\/hktackle.com\/wp-content\/uploads\/2025\/10\/baitcasting-reel-2-300x293.png 300w\" sizes=\"auto, (max-width: 408px) 100vw, 408px\" \/><\/p>\n<p data-start=\"1117\" data-end=\"1528\">Quando se trata de pesca ao robalo, a precis\u00e3o e a pot\u00eancia s\u00e3o fundamentais. A <a href=\"https:\/\/hktackle.com\/pt\/guia-de-carreteis-de-pesca\/\"><strong data-start=\"1181\" data-end=\"1212\">melhores carreteis de pesca baitcast<\/strong> <\/a>combinar tecnologia avan\u00e7ada, designs ergon\u00f3micos e durabilidade prolongada, tornando-os a escolha preferida para pescadores s\u00e9rios. Quer esteja \u00e0 procura do perfeito <strong data-start=\"1373\" data-end=\"1392\">molinete de baitcaster<\/strong> para pesca em \u00e1gua doce ou precisa de um resistente <a href=\"https:\/\/hktackle.com\/pt\/categoria-produto\/carreteis\/\"><strong data-start=\"1432\" data-end=\"1462\">carretilha de baitcasting para \u00e1gua salgada<\/strong><\/a> para lidar com as condi\u00e7\u00f5es mais dif\u00edceis, a HK Tackle tem o que precisa.<\/p>\n<hr data-start=\"1530\" data-end=\"1533\" \/>\n<h2 data-start=\"1535\" data-end=\"1591\"><strong data-start=\"1540\" data-end=\"1591\">\u00a0O que Faz os Melhores Molinetes de Baitcast?<\/strong><\/h2>\n<p><img loading=\"lazy\" decoding=\"async\" class=\"alignnone wp-image-1469\" src=\"https:\/\/hktackle.com\/wp-content\/uploads\/2025\/11\/HK-fishing-tackle.jpg\" alt=\"HK Fishing Tackle\" width=\"560\" height=\"381\" title=\"\" srcset=\"https:\/\/hktackle.com\/wp-content\/uploads\/2025\/11\/HK-fishing-tackle.jpg 861w, https:\/\/hktackle.com\/wp-content\/uploads\/2025\/11\/HK-fishing-tackle-300x204.jpg 300w, https:\/\/hktackle.com\/wp-content\/uploads\/2025\/11\/HK-fishing-tackle-768x522.jpg 768w, https:\/\/hktackle.com\/wp-content\/uploads\/2025\/11\/HK-fishing-tackle-600x408.jpg 600w\" sizes=\"auto, (max-width: 560px) 100vw, 560px\" \/><\/p>\n<p data-start=\"1593\" data-end=\"1862\">Escolhendo o <a href=\"https:\/\/hktackle.com\/pt\/introducao-do-produto\/o-que-e-um-carretel-de-baitcasting\/\"><strong data-start=\"1606\" data-end=\"1636\">melhor carreto de pesca baitcast<\/strong><\/a> \u00e9 essencial para um desempenho de pesca \u00f3timo. Esses molinetes oferecem precis\u00e3o superior no lan\u00e7amento, sistemas de arrasto suaves e a capacidade de lidar com peixes maiores. Aqui est\u00e1 o que voc\u00ea precisa saber ao selecionar o seu pr\u00f3ximo <a href=\"https:\/\/hktackle.com\/pt\/categoria-produto\/carreteis\/\"><strong data-start=\"1842\" data-end=\"1861\">molinete de baitcaster<\/strong><\/a>:<\/p>\n<ul data-start=\"1864\" data-end=\"2396\">\n<li data-start=\"1864\" data-end=\"2034\">\n<p data-start=\"1866\" data-end=\"2034\"><strong data-start=\"1866\" data-end=\"1892\">Sistemas de Engrenagens de Precis\u00e3o<\/strong>: O <strong data-start=\"1898\" data-end=\"1924\">melhores carretos de baitcasting<\/strong> apresentam rela\u00e7\u00f5es de transmiss\u00e3o elevadas, que permitem velocidades de recupera\u00e7\u00e3o mais r\u00e1pidas, tornando-os perfeitos para a pesca de precis\u00e3o.<\/p>\n<\/li>\n<li data-start=\"2035\" data-end=\"2215\">\n<p data-start=\"2037\" data-end=\"2215\"><strong data-start=\"2037\" data-end=\"2065\">Constru\u00e7\u00e3o Leve<\/strong>: Alta qualidade <strong data-start=\"2080\" data-end=\"2100\">canas baitcaster<\/strong> s\u00e3o feitos de materiais leves como alum\u00ednio ou fibra de carbono, oferecendo um equil\u00edbrio entre resist\u00eancia e facilidade de uso.<\/p>\n<\/li>\n<li data-start=\"2216\" data-end=\"2396\">\n<p data-start=\"2218\" data-end=\"2396\"><strong data-start=\"2218\" data-end=\"2238\">Design Ergon\u00f3mico<\/strong>O conforto \u00e9 fundamental, especialmente em longas viagens de pesca. O <a href=\"https:\/\/hktackle.com\/pt\/guia-de-carreteis-de-pesca\/\"><strong data-start=\"2299\" data-end=\"2324\">melhores carretes baitcaster<\/strong><\/a> vem com cabos ergon\u00f3micos e pega ajust\u00e1veis para um ajuste confort\u00e1vel.<\/p>\n<\/li>\n<\/ul>\n<p data-start=\"2398\" data-end=\"2551\">Quer esteja a pescar robalos em lagos ou a lutar contra grandes peixes de \u00e1gua salgada, estas canas s\u00e3o projetadas para pescadores que exigem precis\u00e3o, velocidade e durabilidade.<\/p>\n<hr data-start=\"2553\" data-end=\"2556\" \/>\n<h3 data-start=\"2558\" data-end=\"2627\"><strong data-start=\"2563\" data-end=\"2627\">Mulinhos de Baitcasting de \u00c1gua Salgada \u2013 Constru\u00eddos para Condi\u00e7\u00f5es Dif\u00edceis<\/strong><\/h3>\n<p data-start=\"2629\" data-end=\"2897\">Pescar em \u00e1gua salgada apresenta um conjunto pr\u00f3prio de desafios, e usar o carretel certo \u00e9 essencial para o sucesso. <strong data-start=\"2737\" data-end=\"2768\">Carretilhas de casting para \u00e1gua salgada<\/strong> s\u00e3o constru\u00eddos para suportar o rigoroso ambiente de \u00e1gua salgada, apresentando materiais resistentes \u00e0 corros\u00e3o e tecnologia de veda\u00e7\u00e3o avan\u00e7ada.<\/p>\n<h3 data-start=\"2899\" data-end=\"2956\">Caracter\u00edsticas do Melhor <strong data-start=\"2924\" data-end=\"2955\">Carretos de Baitcasting de \u00c1gua Salgada<\/strong>:<\/h3>\n<ul data-start=\"2957\" data-end=\"3459\">\n<li data-start=\"2957\" data-end=\"3127\">\n<p data-start=\"2959\" data-end=\"3127\"><strong data-start=\"2959\" data-end=\"2992\">Materiais Resistentes \u00e0 Corros\u00e3o<\/strong>O corpo e a bobina s\u00e3o normalmente feitos de a\u00e7o inoxid\u00e1vel, alum\u00ednio ou materiais comp\u00f3sitos de alta qualidade que resistem a danos causados pela \u00e1gua salgada.<\/p>\n<\/li>\n<li data-start=\"3128\" data-end=\"3280\">\n<p data-start=\"3130\" data-end=\"3280\"><strong data-start=\"3130\" data-end=\"3161\">Tecnologia de Selagem Avan\u00e7ada<\/strong>: Mant\u00e9m a \u00e1gua do mar e os detritos fora dos mecanismos internos do carretel, garantindo um funcionamento suave mesmo em condi\u00e7\u00f5es dif\u00edceis.<\/p>\n<\/li>\n<li data-start=\"3281\" data-end=\"3459\">\n<p data-start=\"3283\" data-end=\"3459\"><strong data-start=\"3283\" data-end=\"3308\">Sistemas de Arrasto Poderosos<\/strong>O sistema de arrasto em <strong data-start=\"3329\" data-end=\"3360\">mulinhos de lan\u00e7amento com isco em \u00e1gua salgada<\/strong> \u00e9 projetado para lidar com peixes grandes e poderosos, permitindo que voc\u00ea mantenha o controle mesmo em \u00e1guas turbulentas.<\/p>\n<\/li>\n<\/ul>\n<hr data-start=\"3461\" data-end=\"3464\" \/>\n<h2 data-start=\"3466\" data-end=\"3536\"><strong data-start=\"3471\" data-end=\"3536\">\u00a0Por que escolher um carreto Baitcaster para as suas aventuras de pesca?<\/strong><\/h2>\n<p><img loading=\"lazy\" decoding=\"async\" class=\"alignnone wp-image-1624\" src=\"https:\/\/hktackle.com\/wp-content\/uploads\/2025\/11\/saltwater-lures-2-1024x440.jpg\" alt=\"melhor carreto de pesca baitcast\" width=\"749\" height=\"322\" title=\"\" srcset=\"https:\/\/hktackle.com\/wp-content\/uploads\/2025\/11\/saltwater-lures-2-1024x440.jpg 1024w, https:\/\/hktackle.com\/wp-content\/uploads\/2025\/11\/saltwater-lures-2-300x129.jpg 300w, https:\/\/hktackle.com\/wp-content\/uploads\/2025\/11\/saltwater-lures-2-768x330.jpg 768w, https:\/\/hktackle.com\/wp-content\/uploads\/2025\/11\/saltwater-lures-2-1536x659.jpg 1536w, https:\/\/hktackle.com\/wp-content\/uploads\/2025\/11\/saltwater-lures-2-2048x879.jpg 2048w, https:\/\/hktackle.com\/wp-content\/uploads\/2025\/11\/saltwater-lures-2-600x258.jpg 600w\" sizes=\"auto, (max-width: 749px) 100vw, 749px\" \/><\/p>\n<p data-start=\"3538\" data-end=\"3848\">A <strong data-start=\"3540\" data-end=\"3559\">molinete de baitcaster<\/strong> \u00e9 um favorito entre muitos pescadores devido ao seu controlo e pot\u00eancia, especialmente ao pescar em condi\u00e7\u00f5es desafiadoras. Quer esteja a lan\u00e7ar em vegeta\u00e7\u00e3o densa ou a tentar cobrir uma grande \u00e1rea de \u00e1gua, <strong data-start=\"3758\" data-end=\"3778\">canas baitcaster<\/strong> permitem uma excelente gest\u00e3o da linha e arremessos precisos a longa dist\u00e2ncia.<\/p>\n<p data-start=\"3850\" data-end=\"3889\"><strong data-start=\"3850\" data-end=\"3888\">Principais Vantagens dos Carretos Baitcaster<\/strong>:<\/p>\n<ul data-start=\"3890\" data-end=\"4372\">\n<li data-start=\"3890\" data-end=\"4069\">\n<p data-start=\"3892\" data-end=\"4069\"><strong data-start=\"3892\" data-end=\"3912\">Precis\u00e3o de Lan\u00e7amento<\/strong>Ao contr\u00e1rio dos carretos de spinning, <a href=\"https:\/\/hktackle.com\/pt\/introducao-do-produto\/o-que-e-um-carretel-de-baitcasting\/\"><strong data-start=\"3937\" data-end=\"3957\">canas baitcaster<\/strong> <\/a>permitir lan\u00e7amentos precisos, ideal para colocar iscas em locais espec\u00edficos, como coberturas apertadas ou em torno de estruturas.<\/p>\n<\/li>\n<li data-start=\"4070\" data-end=\"4206\">\n<p data-start=\"4072\" data-end=\"4206\"><strong data-start=\"4072\" data-end=\"4094\">Poder e For\u00e7a<\/strong>As rela\u00e7\u00f5es de transmiss\u00e3o altas e os poderosos sistemas de arrasto fornecem aos pescadores as ferramentas necess\u00e1rias para reelsar peixes pesados.<\/p>\n<\/li>\n<li data-start=\"4207\" data-end=\"4372\">\n<p data-start=\"4209\" data-end=\"4372\"><strong data-start=\"4209\" data-end=\"4232\">Melhor Controlo da Linha<\/strong>: <strong data-start=\"4234\" data-end=\"4255\">Carretos de casting<\/strong> oferecer um melhor controlo da linha, reduzindo a probabilidade de enroscos e garantindo que a sua isca permane\u00e7a na \u00e1gua por mais tempo.<\/p>\n<\/li>\n<\/ul>\n<hr data-start=\"4374\" data-end=\"4377\" \/>\n<h2 data-start=\"4379\" data-end=\"4439\"><strong data-start=\"4384\" data-end=\"4439\">Escolhendo o Carretel de Baitcast Adequado para as Suas Necessidades<\/strong><\/h2>\n<p data-start=\"4441\" data-end=\"4665\">Condi\u00e7\u00f5es de pesca diferentes requerem carreteis diferentes, e encontrar o certo <strong data-start=\"4517\" data-end=\"4537\">molinete de baitcasting<\/strong> para o trabalho pode fazer toda a diferen\u00e7a. Aqui est\u00e1 um guia para escolher o carretel perfeito para ambientes de \u00e1gua doce e \u00e1gua salgada:<\/p>\n<ol data-start=\"4667\" data-end=\"5128\">\n<li data-start=\"4667\" data-end=\"4884\">\n<p data-start=\"4670\" data-end=\"4884\"><strong data-start=\"4670\" data-end=\"4696\">Para a Pesca em \u00c1gua Doce<\/strong>Escolha um <strong data-start=\"4707\" data-end=\"4726\">molinete de baitcaster<\/strong> com uma rela\u00e7\u00e3o de transmiss\u00e3o mais elevada para uma recupera\u00e7\u00e3o mais r\u00e1pida e materiais mais leves para um manuseio mais f\u00e1cil. Estes carretes s\u00e3o ideais para robalo, truta e outras esp\u00e9cies de \u00e1gua doce.<\/p>\n<\/li>\n<li data-start=\"4885\" data-end=\"5128\">\n<p data-start=\"4888\" data-end=\"5128\"><strong data-start=\"4888\" data-end=\"4913\">Para Pesca em \u00c1gua Salgada<\/strong>: Opte por <strong data-start=\"4923\" data-end=\"4954\">mulinhos de lan\u00e7amento com isco em \u00e1gua salgada<\/strong> que s\u00e3o projetados com componentes resistentes \u00e0 corros\u00e3o e um poderoso sistema de arrasto. Estes carretos s\u00e3o constru\u00eddos para lidar com os peixes maiores e mais fortes que voc\u00ea pode encontrar no oceano.<\/p>\n<\/li>\n<\/ol>\n<hr data-start=\"5130\" data-end=\"5133\" \/>\n<h2 data-start=\"5135\" data-end=\"5180\"><strong data-start=\"5140\" data-end=\"5180\">\u00a0Perguntas Frequentes (FAQ)<\/strong><\/h2>\n<p data-start=\"5182\" data-end=\"5464\"><strong data-start=\"5182\" data-end=\"5259\">Q1: Qual \u00e9 a diferen\u00e7a entre um carretel de baitcaster e um carretel de spinning?<\/strong><br data-start=\"5259\" data-end=\"5262\" \/>A: <strong data-start=\"5265\" data-end=\"5285\">Carretos de Baitcast<\/strong> oferecer melhor precis\u00e3o e controlo, enquanto <strong data-start=\"5327\" data-end=\"5345\">molinhos de spinning<\/strong> s\u00e3o mais f\u00e1ceis de usar para iniciantes. <strong data-start=\"5379\" data-end=\"5394\">Baitcasters<\/strong> s\u00e3o preferidos para pescadores mais experientes e para pesca de precis\u00e3o.<\/p>\n<p data-start=\"5466\" data-end=\"5737\"><strong data-start=\"5466\" data-end=\"5515\">Q2: Posso usar um carreto baitcaster em \u00e1gua salgada?<\/strong><br data-start=\"5515\" data-end=\"5518\" \/>A: Sim, <strong data-start=\"5526\" data-end=\"5557\">mulinhos de lan\u00e7amento com isco em \u00e1gua salgada<\/strong> s\u00e3o especificamente projetados para o ambiente corrosivo da \u00e1gua salgada. Apresentam materiais resistentes \u00e0 corros\u00e3o e s\u00e3o fabricados para suportar as condi\u00e7\u00f5es adversas da pesca em \u00e1gua salgada.<\/p>\n<p data-start=\"5739\" data-end=\"6003\"><strong data-start=\"5739\" data-end=\"5803\">Q3: Que tamanho de carreto baitcaster devo usar para pescar robalos?<\/strong><br data-start=\"5803\" data-end=\"5806\" \/>A: Para a pesca de robalo, um <strong data-start=\"5829\" data-end=\"5848\">molinete de baitcaster<\/strong> com uma rela\u00e7\u00e3o de transmiss\u00e3o entre 6:1 e 7:1 \u00e9 ideal para a maioria das situa\u00e7\u00f5es. Proporciona um bom equil\u00edbrio entre pot\u00eancia e velocidade tanto para pesca em \u00e1guas rasas como profundas.<\/p>\n<hr data-start=\"6005\" data-end=\"6008\" \/>\n<h1 data-start=\"6010\" data-end=\"6070\"><strong data-start=\"6015\" data-end=\"6070\">Pe\u00e7a o seu Carretel de Pesca Baitcast Perfeito Hoje!<\/strong><\/h1>\n<p data-start=\"6072\" data-end=\"6370\">Se est\u00e1 pronto para experimentar o poder e a precis\u00e3o do <strong data-start=\"6133\" data-end=\"6164\">melhores carreteis de pesca baitcast<\/strong>, encomende na HK Tackle hoje. Quer precise de um <strong data-start=\"6213\" data-end=\"6232\">molinete de baitcaster<\/strong> para a pesca de robalos de \u00e1gua doce ou um <strong data-start=\"6266\" data-end=\"6296\">carretilha de baitcasting para \u00e1gua salgada<\/strong> para o oceano aberto, temos a bobina perfeita para combinar com o seu estilo de pesca.<\/p>\n<p data-start=\"6072\" data-end=\"6370\"><div class=\"wpforms-container\" id=\"wpforms-564\"><form id=\"wpforms-form-564\" class=\"wpforms-validate wpforms-form wpforms-ajax-form\" data-formid=\"564\" method=\"post\" enctype=\"multipart\/form-data\" action=\"\/pt\/wp-json\/wp\/v2\/product\/1786\" data-token=\"a5e36027957c0b678575a16e829041db\" data-token-time=\"1776408839\" data-trp-original-action=\"\/pt\/wp-json\/wp\/v2\/product\/1786\"><div class=\"wpforms-head-container\"><div class=\"wpforms-title\">Solicita\u00e7\u00e3o de Cota\u00e7\u00e3o<\/div><\/div><noscript class=\"wpforms-error-noscript\">Por favor, ative o JavaScript no seu navegador para completar este formul\u00e1rio.<\/noscript><div class=\"wpforms-field-container\"><div id=\"wpforms-564-field_1-container\" class=\"wpforms-field wpforms-field-name\" data-field-id=\"1\"><label class=\"wpforms-field-label wpforms-label-hide\" for=\"wpforms-564-field_1\">Nome <span class=\"wpforms-required-label\">*<\/span><\/label><input type=\"text\" id=\"wpforms-564-field_1\" class=\"wpforms-field-medium wpforms-field-required\" name=\"wpforms[fields][1]\" placeholder=\"Nome\" required><\/div><div id=\"wpforms-564-field_2-container\" class=\"wpforms-field wpforms-field-name\" data-field-id=\"2\"><label class=\"wpforms-field-label wpforms-label-hide\" for=\"wpforms-564-field_2\">Whatsapp <span class=\"wpforms-required-label\">*<\/span><\/label><input type=\"text\" id=\"wpforms-564-field_2\" class=\"wpforms-field-medium wpforms-field-required\" name=\"wpforms[fields][2]\" placeholder=\"Whatapp\" required><\/div><div id=\"wpforms-564-field_4-container\" class=\"wpforms-field wpforms-field-name\" data-field-id=\"4\"><label class=\"wpforms-field-label wpforms-label-hide\" for=\"wpforms-564-field_4\">Email <span class=\"wpforms-required-label\">*<\/span><\/label><input type=\"text\" id=\"wpforms-564-field_4\" class=\"wpforms-field-medium wpforms-field-required\" name=\"wpforms[fields][4]\" placeholder=\"Email\" required><\/div>\t\t<div id=\"wpforms-564-field_7-container\"\n\t\t\tclass=\"wpforms-field wpforms-field-text\"\n\t\t\tdata-field-type=\"text\"\n\t\t\tdata-field-id=\"7\"\n\t\t\t>\n\t\t\t<label class=\"wpforms-field-label\" for=\"wpforms-564-field_7\" >Nome do Email de Inqu\u00e9rito<\/label>\n\t\t\t<input type=\"text\" id=\"wpforms-564-field_7\" class=\"wpforms-field-medium\" name=\"wpforms[fields][7]\" >\n\t\t<\/div>\n\t\t<div id=\"wpforms-564-field_3-container\" class=\"wpforms-field wpforms-field-name\" data-field-id=\"3\"><label class=\"wpforms-field-label wpforms-label-hide\" for=\"wpforms-564-field_3\">Inqu\u00e9rito <span class=\"wpforms-required-label\">*<\/span><\/label><input type=\"text\" id=\"wpforms-564-field_3\" class=\"wpforms-field-medium wpforms-field-required\" name=\"wpforms[fields][3]\" placeholder=\"que produto precisas\" required><\/div><div id=\"wpforms-564-field_5-container\" class=\"wpforms-field wpforms-field-hidden\" data-field-id=\"5\"><input type=\"hidden\" id=\"wpforms-564-field_5\" name=\"wpforms[fields][5]\" value=\"216.73.216.69\"><\/div><div id=\"wpforms-564-field_6-container\" class=\"wpforms-field wpforms-field-hidden\" data-field-id=\"6\"><input type=\"hidden\" id=\"wpforms-564-field_6\" name=\"wpforms[fields][6]\" value=\"https:\/\/hktackle.com\/pt\/wp-json\/wp\/v2\/product\/1786\"><\/div><script>\n\t\t\t\t( function() {\n\t\t\t\t\tconst style = document.createElement( 'style' );\n\t\t\t\t\tstyle.appendChild( document.createTextNode( '#wpforms-564-field_7-container { position: absolute !important; overflow: hidden !important; display: inline !important; height: 1px !important; width: 1px !important; z-index: -1000 !important; padding: 0 !important; } #wpforms-564-field_7-container input { visibility: hidden; } #wpforms-conversational-form-page #wpforms-564-field_7-container label { counter-increment: none; }' ) );\n\t\t\t\t\tdocument.head.appendChild( style );\n\t\t\t\t\tdocument.currentScript?.remove();\n\t\t\t\t} )();\n\t\t\t<\/script><\/div><!-- .wpforms-field-container --><div class=\"wpforms-submit-container\" ><input type=\"hidden\" name=\"wpforms[id]\" value=\"564\"><input type=\"hidden\" name=\"page_title\" value=\"\"><input type=\"hidden\" name=\"page_url\" value=\"https:\/\/hktackle.com\/pt\/wp-json\/wp\/v2\/product\/1786\"><input type=\"hidden\" name=\"url_referer\" value=\"\"><button type=\"submit\" name=\"wpforms[submit]\" id=\"wpforms-submit-564\" class=\"wpforms-submit\" data-alt-text=\"Sending\" data-submit-text=\"Summit\" aria-live=\"assertive\" value=\"wpforms-submit\">Cimeira<\/button><img loading=\"lazy\" decoding=\"async\" src=\"https:\/\/hktackle.com\/wp-content\/plugins\/wpforms\/assets\/images\/submit-spin.svg\" class=\"wpforms-submit-spinner\" style=\"display: none;\" width=\"26\" height=\"26\" alt=\"A carregar\" title=\"\"><\/div><input type=\"hidden\" name=\"trp-form-language\" value=\"pt\"\/><\/form><\/div>  <!-- .wpforms-container --><\/p>\n<div id=\"gtx-trans\" style=\"position: absolute; left: 348px; top: 2117.95px;\">\n<div class=\"gtx-trans-icon\"><\/div>\n<\/div>","protected":false},"excerpt":{"rendered":"<div class=\"image-container\">\n<p>Descubra o <strong data-start=\"732\" data-end=\"763\">melhores carreteis de pesca baitcast<\/strong> na HK Tackle. A nossa sele\u00e7\u00e3o inclui os melhores <strong data-start=\"809\" data-end=\"829\">canas baitcaster<\/strong> tanto para \u00e1gua doce como <strong data-start=\"854\" data-end=\"885\">mulinhos de lan\u00e7amento com isco em \u00e1gua salgada<\/strong>, projetado para m\u00e1xima precis\u00e3o e pot\u00eancia. Perfeito para pescadores que procuram controle e desempenho em cada lan\u00e7amento.<\/p>\n<\/div>\n<div class=\"wp-block-stackable-button stk-block-button popmake-1340 stk-block stk-13b8711 popmake-1340\" data-block-id=\"13b8711\">\n<style>.stk-13b8711 {min-height:var(--stk--preset--block-height--x-small, 4rem) !important;padding-top:var(--stk--preset--spacing--none, 0px) !important;padding-right:var(--stk--preset--spacing--none, 0px) !important;padding-bottom:var(--stk--preset--spacing--none, 0px) !important;padding-left:var(--stk--preset--spacing--none, 0px) !important;}.stk-13b8711 .stk-button{min-height:36px !important;padding-top:var(--stk--preset--spacing--40, 1rem) !important;padding-right:33px !important;padding-bottom:var(--stk--preset--spacing--40, 1rem) !important;background:#2db2eb !important;border-top-left-radius:var(--stk--preset--border-radius--small, 4px) !important;border-top-right-radius:var(--stk--preset--border-radius--small, 4px) !important;border-bottom-right-radius:var(--stk--preset--border-radius--small, 4px) !important;border-bottom-left-radius:var(--stk--preset--border-radius--small, 4px) !important;}.stk-13b8711 .stk-button__inner-text{color:#fffffe !important;}<\/style>\n<p><a class=\"stk-link stk-button stk--hover-effect-lift-scale-more\"><span class=\"has-text-color stk-button__inner-text\">Solicitar uma Cota\u00e7\u00e3o <\/span><\/a><\/p>\n<\/div>","protected":false},"featured_media":1245,"template":"","meta":[],"product_brand":[],"product_cat":[23],"product_tag":[],"class_list":{"0":"post-1786","1":"product","2":"type-product","3":"status-publish","4":"has-post-thumbnail","6":"product_cat-reels","8":"first","9":"instock","10":"shipping-taxable","11":"product-type-simple"},"_links":{"self":[{"href":"https:\/\/hktackle.com\/pt\/wp-json\/wp\/v2\/product\/1786","targetHints":{"allow":["GET"]}}],"collection":[{"href":"https:\/\/hktackle.com\/pt\/wp-json\/wp\/v2\/product"}],"about":[{"href":"https:\/\/hktackle.com\/pt\/wp-json\/wp\/v2\/types\/product"}],"wp:featuredmedia":[{"embeddable":true,"href":"https:\/\/hktackle.com\/pt\/wp-json\/wp\/v2\/media\/1245"}],"wp:attachment":[{"href":"https:\/\/hktackle.com\/pt\/wp-json\/wp\/v2\/media?parent=1786"}],"wp:term":[{"taxonomy":"product_brand","embeddable":true,"href":"https:\/\/hktackle.com\/pt\/wp-json\/wp\/v2\/product_brand?post=1786"},{"taxonomy":"product_cat","embeddable":true,"href":"https:\/\/hktackle.com\/pt\/wp-json\/wp\/v2\/product_cat?post=1786"},{"taxonomy":"product_tag","embeddable":true,"href":"https:\/\/hktackle.com\/pt\/wp-json\/wp\/v2\/product_tag?post=1786"}],"curies":[{"name":"wp","href":"https:\/\/api.w.org\/{rel}","templated":true}]}}