{"id":1803,"date":"2025-11-12T05:45:26","date_gmt":"2025-11-12T05:45:26","guid":{"rendered":"https:\/\/hktackle.com\/?post_type=product&#038;p=1803"},"modified":"2025-12-01T15:28:34","modified_gmt":"2025-12-01T15:28:34","slug":"suporte-para-vara-de-pesca","status":"publish","type":"product","link":"https:\/\/hktackle.com\/pt\/produto\/suporte-para-vara-de-pesca","title":{"rendered":"Suporte para Canas de Pesca de Alta Resist\u00eancia \u2013 Armazenamento Seguro e Conveniente para Canas de Pesca"},"content":{"rendered":"<h1 data-start=\"120\" data-end=\"211\">Suporte para Canas de Pesca de Alta Resist\u00eancia \u2013 Armazenamento Seguro e Conveniente para Canas de Pesca<\/h1>\n<p><img loading=\"lazy\" decoding=\"async\" class=\"alignnone wp-image-1805\" src=\"https:\/\/hktackle.com\/wp-content\/uploads\/2025\/11\/fish-rod-holder-9.jpg\" alt=\"suporte para cana de pesca\" width=\"509\" height=\"509\" title=\"\" srcset=\"https:\/\/hktackle.com\/wp-content\/uploads\/2025\/11\/fish-rod-holder-9.jpg 800w, https:\/\/hktackle.com\/wp-content\/uploads\/2025\/11\/fish-rod-holder-9-300x300.jpg 300w, https:\/\/hktackle.com\/wp-content\/uploads\/2025\/11\/fish-rod-holder-9-150x150.jpg 150w, https:\/\/hktackle.com\/wp-content\/uploads\/2025\/11\/fish-rod-holder-9-768x768.jpg 768w, https:\/\/hktackle.com\/wp-content\/uploads\/2025\/11\/fish-rod-holder-9-600x600.jpg 600w\" sizes=\"auto, (max-width: 509px) 100vw, 509px\" \/><\/p>\n<p data-start=\"244\" data-end=\"730\">O <strong data-start=\"248\" data-end=\"281\">Suporte de Vara de Pesca de Alta Resist\u00eancia<\/strong> from HK Tackle \u00e9 a solu\u00e7\u00e3o ideal para pescadores que desejam armazenar as suas canas de pesca de forma segura e conveniente. Projetado com durabilidade e funcionalidade em mente, este suporte para canas oferece uma forma vers\u00e1til de organizar e proteger as suas canas, seja em casa, no seu barco ou na sua cabana de pesca. Perfeito tanto para profissionais experientes como para pescadores amadores, este produto garante que o seu equipamento de pesca permane\u00e7a seguro e facilmente acess\u00edvel em todos os momentos.<\/p>\n<h2 data-start=\"732\" data-end=\"754\"><strong data-start=\"737\" data-end=\"754\">Caracter\u00edsticas Principais do Suporte para Varas de Pesca:<\/strong><\/h2>\n<p><img loading=\"lazy\" decoding=\"async\" class=\"alignnone wp-image-1797\" src=\"https:\/\/hktackle.com\/wp-content\/uploads\/2025\/11\/fish-rod-holder-2-1024x576.jpg\" alt=\"armazenamento de varas de pesca\" width=\"498\" height=\"280\" title=\"\" srcset=\"https:\/\/hktackle.com\/wp-content\/uploads\/2025\/11\/fish-rod-holder-2-1024x576.jpg 1024w, https:\/\/hktackle.com\/wp-content\/uploads\/2025\/11\/fish-rod-holder-2-300x169.jpg 300w, https:\/\/hktackle.com\/wp-content\/uploads\/2025\/11\/fish-rod-holder-2-768x432.jpg 768w, https:\/\/hktackle.com\/wp-content\/uploads\/2025\/11\/fish-rod-holder-2-1536x864.jpg 1536w, https:\/\/hktackle.com\/wp-content\/uploads\/2025\/11\/fish-rod-holder-2-2048x1152.jpg 2048w, https:\/\/hktackle.com\/wp-content\/uploads\/2025\/11\/fish-rod-holder-2-600x338.jpg 600w\" sizes=\"auto, (max-width: 498px) 100vw, 498px\" \/><img loading=\"lazy\" decoding=\"async\" class=\"alignnone wp-image-1807\" src=\"https:\/\/hktackle.com\/wp-content\/uploads\/2025\/11\/fish-rod-holder-11.jpg\" alt=\"suporte para cana de pesca\" width=\"579\" height=\"282\" title=\"\" srcset=\"https:\/\/hktackle.com\/wp-content\/uploads\/2025\/11\/fish-rod-holder-11.jpg 912w, https:\/\/hktackle.com\/wp-content\/uploads\/2025\/11\/fish-rod-holder-11-300x146.jpg 300w, https:\/\/hktackle.com\/wp-content\/uploads\/2025\/11\/fish-rod-holder-11-768x374.jpg 768w, https:\/\/hktackle.com\/wp-content\/uploads\/2025\/11\/fish-rod-holder-11-600x292.jpg 600w\" sizes=\"auto, (max-width: 579px) 100vw, 579px\" \/><\/p>\n<ol data-start=\"756\" data-end=\"3710\">\n<li data-start=\"756\" data-end=\"1318\">\n<p data-start=\"759\" data-end=\"806\"><strong data-start=\"759\" data-end=\"806\">Constru\u00e7\u00e3o Dur\u00e1vel e Resistente \u00e0s Intemp\u00e9ries:<\/strong><\/p>\n<ul data-start=\"810\" data-end=\"1318\">\n<li data-start=\"810\" data-end=\"1077\">\n<p data-start=\"812\" data-end=\"1077\">Feito de materiais de alta qualidade e resist\u00eancia \u00e0 corros\u00e3o, o <a href=\"https:\/\/hktackle.com\/pt\/\"><strong data-start=\"871\" data-end=\"893\">suporte para cana de pesca<\/strong><\/a> \u00e9 projetado para resistir a condi\u00e7\u00f5es externas rigorosas. Quer esteja a pescar num barco, cais ou da praia, o suporte pode lidar com a exposi\u00e7\u00e3o \u00e0 \u00e1gua, sol e sal sem se degradar.<\/p>\n<\/li>\n<li data-start=\"1081\" data-end=\"1318\">\n<p data-start=\"1083\" data-end=\"1318\"><strong data-start=\"1083\" data-end=\"1103\">Constru\u00e7\u00e3o de Alta Resist\u00eancia<\/strong>Este suporte de varas \u00e9 projetado para uso intensivo, capaz de suportar varas de diversos tamanhos e pesos. A constru\u00e7\u00e3o robusta garante que as suas varas de pescar estejam armazenadas de forma segura, prevenindo quaisquer acidentes ou danos.<\/p>\n<\/li>\n<\/ul>\n<\/li>\n<li data-start=\"1320\" data-end=\"1866\">\n<p data-start=\"1323\" data-end=\"1351\"><strong data-start=\"1323\" data-end=\"1351\">Compatibilidade Universal:<\/strong><\/p>\n<ul data-start=\"1355\" data-end=\"1866\">\n<li data-start=\"1355\" data-end=\"1588\">\n<p data-start=\"1357\" data-end=\"1588\">Quer use varas de spinning, varas de baitcasting ou varas de trolling, isso <a href=\"https:\/\/hktackle.com\/pt\/guia-de-ferramentas-de-pesca\/\"><strong data-start=\"1434\" data-end=\"1453\">suporte para vara de pesca<\/strong><\/a> pode acomod\u00e1-los a todos. O seu design ajust\u00e1vel permite que se adapte a diferentes tipos de varas, oferecendo-lhe uma solu\u00e7\u00e3o de armazenamento vers\u00e1til.<\/p>\n<\/li>\n<li data-start=\"1592\" data-end=\"1866\">\n<p data-start=\"1594\" data-end=\"1866\"><strong data-start=\"1594\" data-end=\"1615\">Armazenamento Multi-Rod<\/strong>Projetado para armazenar v\u00e1rias varas de uma s\u00f3 vez, este suporte \u00e9 perfeito para pescadores com grandes cole\u00e7\u00f5es de equipamento de pesca. Quer precise organizar varas na sua garagem ou fix\u00e1-las no seu barco, este suporte garante que pode armazen\u00e1-las de forma eficiente.<\/p>\n<\/li>\n<\/ul>\n<\/li>\n<li data-start=\"1868\" data-end=\"2304\">\n<p data-start=\"1871\" data-end=\"1913\"><strong data-start=\"1871\" data-end=\"1913\">Instala\u00e7\u00e3o F\u00e1cil e Montagem Segura:<\/strong><\/p>\n<ul data-start=\"1917\" data-end=\"2304\">\n<li data-start=\"1917\" data-end=\"2131\">\n<p data-start=\"1919\" data-end=\"2131\">O <a href=\"https:\/\/hktackle.com\/pt\/categoria-produto\/combo-de-varas\/\"><strong data-start=\"1923\" data-end=\"1946\">armazenamento de varas de pesca<\/strong><\/a> a solu\u00e7\u00e3o \u00e9 projetada para uma instala\u00e7\u00e3o f\u00e1cil. Pode ser montada em paredes, em barcos ou em v\u00e1rias superf\u00edcies sem complica\u00e7\u00f5es. Todo o hardware necess\u00e1rio est\u00e1 inclu\u00eddo para uma configura\u00e7\u00e3o simples.<\/p>\n<\/li>\n<li data-start=\"2135\" data-end=\"2304\">\n<p data-start=\"2137\" data-end=\"2304\"><strong data-start=\"2137\" data-end=\"2157\">\u00c2ngulo Ajust\u00e1vel<\/strong>Alguns modelos v\u00eam com \u00e2ngulos de montagem ajust\u00e1veis, permitindo que os pescadores posicionem as varas no \u00e2ngulo mais conveniente para f\u00e1cil acesso e armazenamento.<\/p>\n<\/li>\n<\/ul>\n<\/li>\n<li data-start=\"2306\" data-end=\"2790\">\n<p data-start=\"2309\" data-end=\"2333\"><strong data-start=\"2309\" data-end=\"2333\">Design Compacto:<\/strong><\/p>\n<ul data-start=\"2337\" data-end=\"2790\">\n<li data-start=\"2337\" data-end=\"2586\">\n<p data-start=\"2339\" data-end=\"2586\">O design compacto e que poupa espa\u00e7o torna este suporte de varas perfeito para casas com armazenamento limitado ou decks de barco com espa\u00e7o m\u00ednimo. Permite-lhe armazenar as suas varas de forma organizada, sem ocupar muito espa\u00e7o, tornando-o uma escolha ideal para espa\u00e7os pequenos.<\/p>\n<\/li>\n<li data-start=\"2590\" data-end=\"2790\">\n<p data-start=\"2592\" data-end=\"2790\"><strong data-start=\"2592\" data-end=\"2635\">Op\u00e7\u00f5es de Armazenamento Vertical e Horizontal<\/strong>Escolha o estilo de armazenamento que melhor se adapta ao seu espa\u00e7o. Quer prefira vertical ou <a href=\"https:\/\/hktackle.com\/pt\/guia-de-ferramentas-de-pesca\/\">armazenamento de barra horizontal<\/a>, este suporte pode ser adaptado para se adequar \u00e0s suas necessidades.<\/p>\n<\/li>\n<\/ul>\n<\/li>\n<li data-start=\"2792\" data-end=\"3232\">\n<p data-start=\"2795\" data-end=\"2827\"><strong data-start=\"2795\" data-end=\"2827\">Acolchoamento Protetor e Ader\u00eancia:<\/strong><\/p>\n<ul data-start=\"2831\" data-end=\"3232\">\n<li data-start=\"2831\" data-end=\"3058\">\n<p data-start=\"2833\" data-end=\"3058\">Para evitar que as suas varas fiquem riscadas ou danificadas, o suporte apresenta uma almofada macia e n\u00e3o abrasiva onde as varas fazem contacto com o suporte. Esta almofada protetora garante que as suas varas se mantenham em \u00f3timo estado enquanto est\u00e3o armazenadas.<\/p>\n<\/li>\n<li data-start=\"3062\" data-end=\"3232\">\n<p data-start=\"3064\" data-end=\"3232\"><strong data-start=\"3064\" data-end=\"3079\">Design da Pegada<\/strong>A pega do suporte de vara garante que as varas permane\u00e7am firmemente no lugar, evitando que escorreguem ou caiam, mesmo em condi\u00e7\u00f5es adversas ou durante o transporte.<\/p>\n<\/li>\n<\/ul>\n<\/li>\n<li data-start=\"3234\" data-end=\"3710\">\n<p data-start=\"3237\" data-end=\"3264\"><strong data-start=\"3237\" data-end=\"3264\">Perfeito para fornecimento B2B:<\/strong><\/p>\n<ul data-start=\"3268\" data-end=\"3710\">\n<li data-start=\"3268\" data-end=\"3520\">\n<p data-start=\"3270\" data-end=\"3520\">Como um fornecedor l\u00edder na ind\u00fastria de material de pesca, a HK Tackle oferece op\u00e7\u00f5es de compra em grande quantidade para retalhistas e distribuidores. Se estiver a abastecer a sua loja ou a cumprir encomendas para clientes, oferecemos encomendas em grande quantidade personaliz\u00e1veis com entrega fi\u00e1vel.<\/p>\n<\/li>\n<li data-start=\"3524\" data-end=\"3710\">\n<p data-start=\"3526\" data-end=\"3710\"><strong data-start=\"3526\" data-end=\"3554\">Pedidos de Marca Dispon\u00edveis<\/strong>As empresas que desejam personalizar este produto com a sua marca ou log\u00f3tipo podem solicitar encomendas personalizadas, garantindo que atendem \u00e0s necessidades dos seus clientes.<\/p>\n<\/li>\n<\/ul>\n<\/li>\n<\/ol>\n<h4 data-start=\"3712\" data-end=\"3763\"><img loading=\"lazy\" decoding=\"async\" class=\"alignnone wp-image-1804\" src=\"https:\/\/hktackle.com\/wp-content\/uploads\/2025\/11\/fish-rod-holder-8.jpg\" alt=\"suporte para vara de pesca\" width=\"437\" height=\"358\" title=\"\" srcset=\"https:\/\/hktackle.com\/wp-content\/uploads\/2025\/11\/fish-rod-holder-8.jpg 800w, https:\/\/hktackle.com\/wp-content\/uploads\/2025\/11\/fish-rod-holder-8-300x246.jpg 300w, https:\/\/hktackle.com\/wp-content\/uploads\/2025\/11\/fish-rod-holder-8-768x630.jpg 768w, https:\/\/hktackle.com\/wp-content\/uploads\/2025\/11\/fish-rod-holder-8-600x492.jpg 600w\" sizes=\"auto, (max-width: 437px) 100vw, 437px\" \/><img loading=\"lazy\" decoding=\"async\" class=\"alignnone wp-image-1800\" src=\"https:\/\/hktackle.com\/wp-content\/uploads\/2025\/11\/fish-rod-holder-5.jpg\" alt=\"armazenamento de varas de pesca\" width=\"357\" height=\"357\" title=\"\" srcset=\"https:\/\/hktackle.com\/wp-content\/uploads\/2025\/11\/fish-rod-holder-5.jpg 800w, https:\/\/hktackle.com\/wp-content\/uploads\/2025\/11\/fish-rod-holder-5-300x300.jpg 300w, https:\/\/hktackle.com\/wp-content\/uploads\/2025\/11\/fish-rod-holder-5-150x150.jpg 150w, https:\/\/hktackle.com\/wp-content\/uploads\/2025\/11\/fish-rod-holder-5-768x768.jpg 768w, https:\/\/hktackle.com\/wp-content\/uploads\/2025\/11\/fish-rod-holder-5-600x600.jpg 600w\" sizes=\"auto, (max-width: 357px) 100vw, 357px\" \/><\/h4>\n<h4 data-start=\"3712\" data-end=\"3763\"><strong data-start=\"3717\" data-end=\"3763\">Por que escolher a HK Tackle? <a href=\"https:\/\/hktackle.com\/pt\/guia-de-ferramentas-de-pesca\/\">Suporte para Vara de Pesca<\/a>?<\/strong><\/h4>\n<ul data-start=\"3765\" data-end=\"4451\">\n<li data-start=\"3765\" data-end=\"3966\">\n<p data-start=\"3767\" data-end=\"3966\"><strong data-start=\"3767\" data-end=\"3782\">Confiabilidade<\/strong>Com anos de experi\u00eancia na ind\u00fastria de equipamento de pesca, a HK Tackle est\u00e1 comprometida em fornecer produtos de alta qualidade desenhados para atender \u00e0s necessidades de pescadores casuais e profissionais.<\/p>\n<\/li>\n<li data-start=\"3967\" data-end=\"4216\">\n<p data-start=\"3969\" data-end=\"4216\"><strong data-start=\"3969\" data-end=\"4001\">Durabilidade e Funcionalidade<\/strong>Os nossos suportes para varas de pescar s\u00e3o constru\u00eddos para durar, oferecendo solu\u00e7\u00f5es de armazenamento a longo prazo para as suas varas. Quer esteja a armazenar varas em casa, num barco ou numa viagem de pesca, os nossos suportes garantem que o seu equipamento se mantenha seguro.<\/p>\n<\/li>\n<li data-start=\"4217\" data-end=\"4451\">\n<p data-start=\"4219\" data-end=\"4451\"><strong data-start=\"4219\" data-end=\"4241\">Pedidos em Lote Personalizados<\/strong>Oferecemos op\u00e7\u00f5es de encomenda em grande quantidade para empresas, garantindo que possa fornecer \u00e0 sua loja ou clientes o melhor em equipamentos e acess\u00f3rios de pesca. Marca\u00e7\u00e3o personalizada est\u00e1 dispon\u00edvel para ajudar a promover o seu neg\u00f3cio.<\/p>\n<\/li>\n<\/ul>\n<p>&nbsp;<\/p>\n<div class=\"wpforms-container\" id=\"wpforms-564\"><form id=\"wpforms-form-564\" class=\"wpforms-validate wpforms-form wpforms-ajax-form\" data-formid=\"564\" method=\"post\" enctype=\"multipart\/form-data\" action=\"\/pt\/wp-json\/wp\/v2\/product\/1803\" data-token=\"a5e36027957c0b678575a16e829041db\" data-token-time=\"1776389249\" data-trp-original-action=\"\/pt\/wp-json\/wp\/v2\/product\/1803\"><div class=\"wpforms-head-container\"><div class=\"wpforms-title\">Solicita\u00e7\u00e3o de Cota\u00e7\u00e3o<\/div><\/div><noscript class=\"wpforms-error-noscript\">Por favor, ative o JavaScript no seu navegador para completar este formul\u00e1rio.<\/noscript><div class=\"wpforms-field-container\"><div id=\"wpforms-564-field_1-container\" class=\"wpforms-field wpforms-field-name\" data-field-id=\"1\"><label class=\"wpforms-field-label wpforms-label-hide\" for=\"wpforms-564-field_1\">Nome <span class=\"wpforms-required-label\">*<\/span><\/label><input type=\"text\" id=\"wpforms-564-field_1\" class=\"wpforms-field-medium wpforms-field-required\" name=\"wpforms[fields][1]\" placeholder=\"Nome\" required><\/div><div id=\"wpforms-564-field_2-container\" class=\"wpforms-field wpforms-field-name\" data-field-id=\"2\"><label class=\"wpforms-field-label wpforms-label-hide\" for=\"wpforms-564-field_2\">Whatsapp <span class=\"wpforms-required-label\">*<\/span><\/label><input type=\"text\" id=\"wpforms-564-field_2\" class=\"wpforms-field-medium wpforms-field-required\" name=\"wpforms[fields][2]\" placeholder=\"Whatapp\" required><\/div><div id=\"wpforms-564-field_4-container\" class=\"wpforms-field wpforms-field-name\" data-field-id=\"4\"><label class=\"wpforms-field-label wpforms-label-hide\" for=\"wpforms-564-field_4\">Email <span class=\"wpforms-required-label\">*<\/span><\/label><input type=\"text\" id=\"wpforms-564-field_4\" class=\"wpforms-field-medium wpforms-field-required\" name=\"wpforms[fields][4]\" placeholder=\"Email\" required><\/div><div id=\"wpforms-564-field_3-container\" class=\"wpforms-field wpforms-field-name\" data-field-id=\"3\"><label class=\"wpforms-field-label wpforms-label-hide\" for=\"wpforms-564-field_3\">Inqu\u00e9rito <span class=\"wpforms-required-label\">*<\/span><\/label><input type=\"text\" id=\"wpforms-564-field_3\" class=\"wpforms-field-medium wpforms-field-required\" name=\"wpforms[fields][3]\" placeholder=\"que produto precisas\" required><\/div><div id=\"wpforms-564-field_5-container\" class=\"wpforms-field wpforms-field-hidden\" data-field-id=\"5\"><input type=\"hidden\" id=\"wpforms-564-field_5\" name=\"wpforms[fields][5]\" value=\"216.73.216.251\"><\/div>\t\t<div id=\"wpforms-564-field_7-container\"\n\t\t\tclass=\"wpforms-field wpforms-field-text\"\n\t\t\tdata-field-type=\"text\"\n\t\t\tdata-field-id=\"7\"\n\t\t\t>\n\t\t\t<label class=\"wpforms-field-label\" for=\"wpforms-564-field_7\" >P\u00e1gina de consulta Nome Whatsapp<\/label>\n\t\t\t<input type=\"text\" id=\"wpforms-564-field_7\" class=\"wpforms-field-medium\" name=\"wpforms[fields][7]\" >\n\t\t<\/div>\n\t\t<div id=\"wpforms-564-field_6-container\" class=\"wpforms-field wpforms-field-hidden\" data-field-id=\"6\"><input type=\"hidden\" id=\"wpforms-564-field_6\" name=\"wpforms[fields][6]\" value=\"https:\/\/hktackle.com\/pt\/wp-json\/wp\/v2\/product\/1803\"><\/div><script>\n\t\t\t\t( function() {\n\t\t\t\t\tconst style = document.createElement( 'style' );\n\t\t\t\t\tstyle.appendChild( document.createTextNode( '#wpforms-564-field_7-container { position: absolute !important; overflow: hidden !important; display: inline !important; height: 1px !important; width: 1px !important; z-index: -1000 !important; padding: 0 !important; } #wpforms-564-field_7-container input { visibility: hidden; } #wpforms-conversational-form-page #wpforms-564-field_7-container label { counter-increment: none; }' ) );\n\t\t\t\t\tdocument.head.appendChild( style );\n\t\t\t\t\tdocument.currentScript?.remove();\n\t\t\t\t} )();\n\t\t\t<\/script><\/div><!-- .wpforms-field-container --><div class=\"wpforms-submit-container\" ><input type=\"hidden\" name=\"wpforms[id]\" value=\"564\"><input type=\"hidden\" name=\"page_title\" value=\"\"><input type=\"hidden\" name=\"page_url\" value=\"https:\/\/hktackle.com\/pt\/wp-json\/wp\/v2\/product\/1803\"><input type=\"hidden\" name=\"url_referer\" value=\"\"><button type=\"submit\" name=\"wpforms[submit]\" id=\"wpforms-submit-564\" class=\"wpforms-submit\" data-alt-text=\"Sending\" data-submit-text=\"Summit\" aria-live=\"assertive\" value=\"wpforms-submit\">Cimeira<\/button><img loading=\"lazy\" decoding=\"async\" src=\"https:\/\/hktackle.com\/wp-content\/plugins\/wpforms\/assets\/images\/submit-spin.svg\" class=\"wpforms-submit-spinner\" style=\"display: none;\" width=\"26\" height=\"26\" alt=\"A carregar\" title=\"\"><\/div><input type=\"hidden\" name=\"trp-form-language\" value=\"pt\"\/><\/form><\/div>  <!-- .wpforms-container -->","protected":false},"excerpt":{"rendered":"<p>Organize e proteja as suas canas de pescar com o <strong data-start=\"4961\" data-end=\"4994\">Suporte para Vara de Pesca Pesada<\/strong> da HK Tackle. Projetado para durabilidade e conveni\u00eancia, este suporte para canas garante que as suas canas permane\u00e7am seguras, seja em casa, no seu barco ou em movimento. Compre agora a solu\u00e7\u00e3o perfeita para armazenamento de equipamento de pesca.<\/p>\n<div class=\"wp-block-stackable-button stk-block-button popmake-1340 stk-block stk-13b8711 popmake-1340\" data-block-id=\"13b8711\">\n<style>.stk-13b8711 {min-height:var(--stk--preset--block-height--x-small, 4rem) !important;padding-top:var(--stk--preset--spacing--none, 0px) !important;padding-right:var(--stk--preset--spacing--none, 0px) !important;padding-bottom:var(--stk--preset--spacing--none, 0px) !important;padding-left:var(--stk--preset--spacing--none, 0px) !important;}.stk-13b8711 .stk-button{min-height:36px !important;padding-top:var(--stk--preset--spacing--40, 1rem) !important;padding-right:33px !important;padding-bottom:var(--stk--preset--spacing--40, 1rem) !important;background:#2db2eb !important;border-top-left-radius:var(--stk--preset--border-radius--small, 4px) !important;border-top-right-radius:var(--stk--preset--border-radius--small, 4px) !important;border-bottom-right-radius:var(--stk--preset--border-radius--small, 4px) !important;border-bottom-left-radius:var(--stk--preset--border-radius--small, 4px) !important;}.stk-13b8711 .stk-button__inner-text{color:#fffffe !important;}<\/style>\n<p><a class=\"stk-link stk-button stk--hover-effect-lift-scale-more\"><span class=\"has-text-color stk-button__inner-text\">Solicitar uma Cota\u00e7\u00e3o <\/span><\/a><\/p>\n<\/div>","protected":false},"featured_media":1806,"template":"","meta":[],"product_brand":[30],"product_cat":[22],"product_tag":[],"class_list":{"0":"post-1803","1":"product","2":"type-product","3":"status-publish","4":"has-post-thumbnail","6":"product_brand-hk-tackle","7":"product_cat-tools","9":"first","10":"instock","11":"shipping-taxable","12":"product-type-simple"},"_links":{"self":[{"href":"https:\/\/hktackle.com\/pt\/wp-json\/wp\/v2\/product\/1803","targetHints":{"allow":["GET"]}}],"collection":[{"href":"https:\/\/hktackle.com\/pt\/wp-json\/wp\/v2\/product"}],"about":[{"href":"https:\/\/hktackle.com\/pt\/wp-json\/wp\/v2\/types\/product"}],"wp:featuredmedia":[{"embeddable":true,"href":"https:\/\/hktackle.com\/pt\/wp-json\/wp\/v2\/media\/1806"}],"wp:attachment":[{"href":"https:\/\/hktackle.com\/pt\/wp-json\/wp\/v2\/media?parent=1803"}],"wp:term":[{"taxonomy":"product_brand","embeddable":true,"href":"https:\/\/hktackle.com\/pt\/wp-json\/wp\/v2\/product_brand?post=1803"},{"taxonomy":"product_cat","embeddable":true,"href":"https:\/\/hktackle.com\/pt\/wp-json\/wp\/v2\/product_cat?post=1803"},{"taxonomy":"product_tag","embeddable":true,"href":"https:\/\/hktackle.com\/pt\/wp-json\/wp\/v2\/product_tag?post=1803"}],"curies":[{"name":"wp","href":"https:\/\/api.w.org\/{rel}","templated":true}]}}