{"id":1824,"date":"2025-11-13T04:12:17","date_gmt":"2025-11-13T04:12:17","guid":{"rendered":"https:\/\/hktackle.com\/?post_type=product&#038;p=1824"},"modified":"2025-12-02T15:08:26","modified_gmt":"2025-12-02T15:08:26","slug":"conjunto-de-cana-e-molinete-para-pesca-no-gelo","status":"publish","type":"product","link":"https:\/\/hktackle.com\/pt\/produto\/conjunto-de-cana-e-molinete-para-pesca-no-gelo","title":{"rendered":"Conjunto de Canas e Carretes para Pesca no Gelo Personalizado \u2013 Equipamento Premium para Climas Frio"},"content":{"rendered":"<h1 data-start=\"117\" data-end=\"200\">Conjunto de Canas e Carretes para Pesca no Gelo Personalizado \u2013 Equipamento Premium para Climas Frio<\/h1>\n<p data-start=\"202\" data-end=\"231\"><img loading=\"lazy\" decoding=\"async\" class=\"alignnone wp-image-1821\" src=\"https:\/\/hktackle.com\/wp-content\/uploads\/2025\/11\/ice-fishing-rod-11-1.jpg\" alt=\"vara de pesca no gelo\" width=\"390\" height=\"390\" title=\"\" srcset=\"https:\/\/hktackle.com\/wp-content\/uploads\/2025\/11\/ice-fishing-rod-11-1.jpg 1000w, https:\/\/hktackle.com\/wp-content\/uploads\/2025\/11\/ice-fishing-rod-11-1-300x300.jpg 300w, https:\/\/hktackle.com\/wp-content\/uploads\/2025\/11\/ice-fishing-rod-11-1-150x150.jpg 150w, https:\/\/hktackle.com\/wp-content\/uploads\/2025\/11\/ice-fishing-rod-11-1-768x768.jpg 768w, https:\/\/hktackle.com\/wp-content\/uploads\/2025\/11\/ice-fishing-rod-11-1-600x600.jpg 600w\" sizes=\"auto, (max-width: 390px) 100vw, 390px\" \/><img loading=\"lazy\" decoding=\"async\" class=\"alignnone wp-image-1833\" src=\"https:\/\/hktackle.com\/wp-content\/uploads\/2025\/11\/ice-fishing-rod-22-1.jpg\" alt=\"vara e molinete de pesca no gelo\" width=\"390\" height=\"390\" title=\"\" srcset=\"https:\/\/hktackle.com\/wp-content\/uploads\/2025\/11\/ice-fishing-rod-22-1.jpg 1000w, https:\/\/hktackle.com\/wp-content\/uploads\/2025\/11\/ice-fishing-rod-22-1-300x300.jpg 300w, https:\/\/hktackle.com\/wp-content\/uploads\/2025\/11\/ice-fishing-rod-22-1-150x150.jpg 150w, https:\/\/hktackle.com\/wp-content\/uploads\/2025\/11\/ice-fishing-rod-22-1-768x768.jpg 768w, https:\/\/hktackle.com\/wp-content\/uploads\/2025\/11\/ice-fishing-rod-22-1-600x600.jpg 600w\" sizes=\"auto, (max-width: 390px) 100vw, 390px\" \/><\/p>\n<p data-start=\"233\" data-end=\"687\">O <strong data-start=\"237\" data-end=\"278\">Personalizado <a href=\"https:\/\/hktackle.com\/pt\/guia-de-varas-de-pescar\/\">Varinha de Pesca no Gelo<\/a> e Combina\u00e7\u00e3o de Reel<\/strong> from HK Tackle \u00e9 o equipamento ideal para os pescadores que apreciam a pesca no gelo nas mais severas condi\u00e7\u00f5es de inverno. Projetado para precis\u00e3o e durabilidade, esta combina\u00e7\u00e3o foi constru\u00edda para resistir \u00e0s temperaturas mais frias e proporcionar um desempenho superior no gelo. Quer seja um pescador profissional de gelo ou esteja apenas a come\u00e7ar, as nossas canas e molinetes de pesca no gelo personalizados garantem que tenha a melhor experi\u00eancia de pesca a cada vez.<\/p>\n<h2 data-start=\"689\" data-end=\"711\"><strong data-start=\"694\" data-end=\"711\">Principais Caracter\u00edsticas da Vara de Pesca no Gelo:<\/strong><\/h2>\n<p><img loading=\"lazy\" decoding=\"async\" class=\"alignnone wp-image-1820\" src=\"https:\/\/hktackle.com\/wp-content\/uploads\/2025\/11\/ice-fishing-rod-10-1.jpg\" alt=\"vara de pesca no gelo\" width=\"390\" height=\"390\" title=\"\" srcset=\"https:\/\/hktackle.com\/wp-content\/uploads\/2025\/11\/ice-fishing-rod-10-1.jpg 800w, https:\/\/hktackle.com\/wp-content\/uploads\/2025\/11\/ice-fishing-rod-10-1-300x300.jpg 300w, https:\/\/hktackle.com\/wp-content\/uploads\/2025\/11\/ice-fishing-rod-10-1-150x150.jpg 150w, https:\/\/hktackle.com\/wp-content\/uploads\/2025\/11\/ice-fishing-rod-10-1-768x768.jpg 768w, https:\/\/hktackle.com\/wp-content\/uploads\/2025\/11\/ice-fishing-rod-10-1-600x600.jpg 600w\" sizes=\"auto, (max-width: 390px) 100vw, 390px\" \/><img loading=\"lazy\" decoding=\"async\" class=\"alignnone wp-image-1812\" src=\"https:\/\/hktackle.com\/wp-content\/uploads\/2025\/11\/ice-fishing-rod-2-1.jpg\" alt=\"varas de pesca no gelo personalizadas\" width=\"390\" height=\"390\" title=\"\" srcset=\"https:\/\/hktackle.com\/wp-content\/uploads\/2025\/11\/ice-fishing-rod-2-1.jpg 800w, https:\/\/hktackle.com\/wp-content\/uploads\/2025\/11\/ice-fishing-rod-2-1-300x300.jpg 300w, https:\/\/hktackle.com\/wp-content\/uploads\/2025\/11\/ice-fishing-rod-2-1-150x150.jpg 150w, https:\/\/hktackle.com\/wp-content\/uploads\/2025\/11\/ice-fishing-rod-2-1-768x768.jpg 768w, https:\/\/hktackle.com\/wp-content\/uploads\/2025\/11\/ice-fishing-rod-2-1-600x600.jpg 600w\" sizes=\"auto, (max-width: 390px) 100vw, 390px\" \/><img loading=\"lazy\" decoding=\"async\" class=\"alignnone wp-image-1811\" src=\"https:\/\/hktackle.com\/wp-content\/uploads\/2025\/11\/ice-fishing-rod-1-1.jpg\" alt=\"suportes para varas de pesca no gelo\" width=\"390\" height=\"390\" title=\"\" srcset=\"https:\/\/hktackle.com\/wp-content\/uploads\/2025\/11\/ice-fishing-rod-1-1.jpg 800w, https:\/\/hktackle.com\/wp-content\/uploads\/2025\/11\/ice-fishing-rod-1-1-300x300.jpg 300w, https:\/\/hktackle.com\/wp-content\/uploads\/2025\/11\/ice-fishing-rod-1-1-150x150.jpg 150w, https:\/\/hktackle.com\/wp-content\/uploads\/2025\/11\/ice-fishing-rod-1-1-768x768.jpg 768w, https:\/\/hktackle.com\/wp-content\/uploads\/2025\/11\/ice-fishing-rod-1-1-600x600.jpg 600w\" sizes=\"auto, (max-width: 390px) 100vw, 390px\" \/><\/p>\n<ol data-start=\"713\" data-end=\"4304\">\n<li data-start=\"713\" data-end=\"1611\">\n<h3 data-start=\"716\" data-end=\"749\"><strong data-start=\"716\" data-end=\"749\">Varas de Pesca de Gelo Personaliz\u00e1veis:<\/strong><\/h3>\n<ul data-start=\"753\" data-end=\"1611\">\n<li data-start=\"753\" data-end=\"1092\">\n<p data-start=\"755\" data-end=\"1092\"><strong data-start=\"755\" data-end=\"781\">Ajustado \u00e0s Suas Necessidades<\/strong>: O nosso <a href=\"https:\/\/hktackle.com\/pt\/categoria-produto\/combo-de-varas\/\"><strong data-start=\"787\" data-end=\"814\">varas de pesca no gelo personalizadas<\/strong><\/a> s\u00e3o concebidos para satisfazer as suas necessidades espec\u00edficas de pesca. Escolha entre uma variedade de comprimentos de cana, materiais e ac\u00e7\u00f5es para obter a cana perfeita para o seu estilo de pesca. Quer prefira uma cana r\u00edgida para esp\u00e9cies maiores ou uma cana mais flex\u00edvel para peixes de fundo, temos a op\u00e7\u00e3o certa para si.<\/p>\n<\/li>\n<li data-start=\"1096\" data-end=\"1375\">\n<p data-start=\"1098\" data-end=\"1375\"><strong data-start=\"1098\" data-end=\"1119\">Materiais Premium<\/strong>Constru\u00eddas com materiais de alta qualidade, como grafite e fibra de vidro, as nossas canas personalizadas oferecem um equil\u00edbrio entre sensibilidade e resist\u00eancia. Estes materiais garantem que pode detetar at\u00e9 as mordidas mais leves, ao mesmo tempo que mant\u00eam a durabilidade em condi\u00e7\u00f5es de gelo dif\u00edceis.<\/p>\n<\/li>\n<li data-start=\"1379\" data-end=\"1611\">\n<p data-start=\"1381\" data-end=\"1611\"><strong data-start=\"1381\" data-end=\"1407\">Leve e Forte<\/strong>Apesar da sua resist\u00eancia, as varas s\u00e3o leves, garantindo conforto durante longas sess\u00f5es de pesca no gelo. O design ergon\u00f3mico reduz a fadiga nas m\u00e3os e torna f\u00e1cil pescar durante horas sem desconforto.<\/p>\n<\/li>\n<\/ul>\n<\/li>\n<li data-start=\"1613\" data-end=\"2331\">\n<h3 data-start=\"1616\" data-end=\"1654\"><strong data-start=\"1616\" data-end=\"1654\">Carretilha de Pesca no Gelo de Alto Desempenho:<\/strong><\/h3>\n<ul data-start=\"1658\" data-end=\"2331\">\n<li data-start=\"1658\" data-end=\"1841\">\n<p data-start=\"1660\" data-end=\"1841\">O carretel neste combo foi concebido para desempenho em clima frio. Equipado com um sistema de arrasto suave, previne o congelamento e assegura um funcionamento suave mesmo em temperaturas abaixo de zero.<\/p>\n<\/li>\n<li data-start=\"1845\" data-end=\"2095\">\n<p data-start=\"1847\" data-end=\"2095\"><strong data-start=\"1847\" data-end=\"1881\">Componentes Resistentes \u00e0 Corros\u00e3o<\/strong>A carreta apresenta componentes resistentes \u00e0 corros\u00e3o para garantir durabilidade, mesmo em ambientes agressivos e salgados. Esteja voc\u00ea a pescar em \u00e1gua doce ou em condi\u00e7\u00f5es de gelo em \u00e1gua salgada, a carreta permanece fi\u00e1vel e funcional.<\/p>\n<\/li>\n<li data-start=\"2099\" data-end=\"2331\">\n<p data-start=\"2101\" data-end=\"2331\"><strong data-start=\"2101\" data-end=\"2125\">Controlo de Arrasto Preciso<\/strong>Com configura\u00e7\u00f5es de arrasto ajust\u00e1veis, o carreto oferece controlo total sobre a sua pesca. Ajuste o seu arrasto facilmente para diferentes esp\u00e9cies e t\u00e9cnicas de pesca, garantindo que pode lidar com uma ampla variedade de peixes com facilidade.<\/p>\n<\/li>\n<\/ul>\n<\/li>\n<li data-start=\"2333\" data-end=\"2817\">\n<h3 data-start=\"2336\" data-end=\"2363\"><strong data-start=\"2336\" data-end=\"2363\">Constru\u00eddo para o Tempo Frio:<\/strong><\/h3>\n<ul data-start=\"2367\" data-end=\"2817\">\n<li data-start=\"2367\" data-end=\"2558\">\n<p data-start=\"2369\" data-end=\"2558\">A pesca no gelo requer equipamento especializado que possa suportar temperaturas extremas. A nossa combina\u00e7\u00e3o \u00e9 constru\u00edda para resistir ao congelamento e funcionar perfeitamente nos ambientes de frio mais severos.<\/p>\n<\/li>\n<li data-start=\"2562\" data-end=\"2817\">\n<p data-start=\"2564\" data-end=\"2817\"><strong data-start=\"2564\" data-end=\"2593\">Materiais Resistentes ao Frio<\/strong>Tanto a vara como a reel s\u00e3o constru\u00eddas com materiais que resistem ao congelamento, garantindo um funcionamento suave mesmo em temperaturas t\u00e3o baixas como -20\u00b0F. O punho da reel e a pega da vara foram projetados para f\u00e1cil manuseio, mesmo com luvas.<\/p>\n<\/li>\n<\/ul>\n<\/li>\n<li data-start=\"2819\" data-end=\"3336\">\n<h3 data-start=\"2822\" data-end=\"2863\"><strong data-start=\"2822\" data-end=\"2863\">Sensibilidade Aumentada para Pesca no Gelo:<\/strong><\/h3>\n<ul data-start=\"2867\" data-end=\"3336\">\n<li data-start=\"2867\" data-end=\"3149\">\n<p data-start=\"2869\" data-end=\"3149\">A pesca no gelo muitas vezes requer movimentos precisos e subtis, e o nosso <strong data-start=\"2934\" data-end=\"2954\">varas de pesca no gelo<\/strong> s\u00e3o concebidas com pontas ultra-sens\u00edveis para ajud\u00e1-lo a detectar as mordidas mais leves. A sensibilidade garante que n\u00e3o perca nenhuma oportunidade, mesmo quando os peixes est\u00e3o beliscando ligeiramente a isca.<\/p>\n<\/li>\n<li data-start=\"3153\" data-end=\"3336\">\n<p data-start=\"3155\" data-end=\"3336\"><strong data-start=\"3155\" data-end=\"3177\">Transfer\u00eancia de Vibra\u00e7\u00e3o<\/strong>A vara \u00e9 projetada para transferir vibra\u00e7\u00f5es de forma clara, permitindo que sinta os movimentos do peixe atrav\u00e9s da ponta da vara, mesmo nos buracos de gelo mais frios e profundos.<\/p>\n<\/li>\n<\/ul>\n<\/li>\n<li data-start=\"3338\" data-end=\"3832\">\n<h3 data-start=\"3341\" data-end=\"3372\"><strong data-start=\"3341\" data-end=\"3372\">Durabilidade e Desempenho:<\/strong><\/h3>\n<ul data-start=\"3376\" data-end=\"3832\">\n<li data-start=\"3376\" data-end=\"3621\">\n<p data-start=\"3378\" data-end=\"3621\">Projetado para as condi\u00e7\u00f5es mais adversas, este <strong data-start=\"3421\" data-end=\"3455\"><a href=\"https:\/\/hktackle.com\/pt\/guia-de-varas-de-pescar\/\">vara e molinete de pesca no gelo<\/a> combo<\/strong> \u00e9 altamente dur\u00e1vel e feito para durar. A constru\u00e7\u00e3o de alta qualidade garante que o equipamento suportar\u00e1 o uso repetido, mesmo nos ambientes mais dif\u00edceis de pesca no gelo.<\/p>\n<\/li>\n<li data-start=\"3625\" data-end=\"3832\">\n<p data-start=\"3627\" data-end=\"3832\"><strong data-start=\"3627\" data-end=\"3646\">\u00c0 prova de avarias<\/strong>Tanto a cana como o molinete s\u00e3o projetados com a resist\u00eancia para evitar fissuras ou quebras, mesmo quando o equipamento \u00e9 sujeito \u00e0s for\u00e7as severas e \u00e0s condi\u00e7\u00f5es frias associadas \u00e0 pesca no gelo.<\/p>\n<\/li>\n<\/ul>\n<\/li>\n<li data-start=\"3834\" data-end=\"4304\">\n<h3 data-start=\"3837\" data-end=\"3864\"><strong data-start=\"3837\" data-end=\"3864\">Perfeito para fornecimento B2B:<\/strong><\/h3>\n<ul data-start=\"3868\" data-end=\"4304\">\n<li data-start=\"3868\" data-end=\"4111\">\n<p data-start=\"3870\" data-end=\"4111\">Na HK Tackle, oferecemos op\u00e7\u00f5es de compra personalizadas e em grande quantidade para empresas. Quer seja um retalhista, distribuidor ou guia de pesca, podemos fornecer-lhe canas e molinetes de pesca no gelo de qualidade premium que satisfa\u00e7am as exig\u00eancias dos seus clientes.<\/p>\n<\/li>\n<li data-start=\"4115\" data-end=\"4304\">\n<p data-start=\"4117\" data-end=\"4304\"><strong data-start=\"4117\" data-end=\"4140\">Personaliza\u00e7\u00e3o de Marca<\/strong>As empresas tamb\u00e9m podem personalizar estes produtos com a sua marca, tornando-os perfeitos para distribui\u00e7\u00e3o por atacado, lojas de retalho ou para passeios de pesca e alugueres.<\/p>\n<\/li>\n<\/ul>\n<\/li>\n<\/ol>\n<h2 data-start=\"4306\" data-end=\"4369\"><img loading=\"lazy\" decoding=\"async\" class=\"alignnone wp-image-1819\" src=\"https:\/\/hktackle.com\/wp-content\/uploads\/2025\/11\/ice-fishing-rod-9-1.jpg\" alt=\"vara e molinete de pesca no gelo\" width=\"343\" height=\"343\" title=\"\" srcset=\"https:\/\/hktackle.com\/wp-content\/uploads\/2025\/11\/ice-fishing-rod-9-1.jpg 800w, https:\/\/hktackle.com\/wp-content\/uploads\/2025\/11\/ice-fishing-rod-9-1-300x300.jpg 300w, https:\/\/hktackle.com\/wp-content\/uploads\/2025\/11\/ice-fishing-rod-9-1-150x150.jpg 150w, https:\/\/hktackle.com\/wp-content\/uploads\/2025\/11\/ice-fishing-rod-9-1-768x768.jpg 768w, https:\/\/hktackle.com\/wp-content\/uploads\/2025\/11\/ice-fishing-rod-9-1-600x600.jpg 600w\" sizes=\"auto, (max-width: 343px) 100vw, 343px\" \/><img loading=\"lazy\" decoding=\"async\" class=\"alignnone wp-image-1813\" src=\"https:\/\/hktackle.com\/wp-content\/uploads\/2025\/11\/ice-fishing-rod-3-1.jpg\" alt=\"suportes para varas de pesca no gelo \" width=\"367\" height=\"323\" title=\"\" srcset=\"https:\/\/hktackle.com\/wp-content\/uploads\/2025\/11\/ice-fishing-rod-3-1.jpg 714w, https:\/\/hktackle.com\/wp-content\/uploads\/2025\/11\/ice-fishing-rod-3-1-300x264.jpg 300w, https:\/\/hktackle.com\/wp-content\/uploads\/2025\/11\/ice-fishing-rod-3-1-600x529.jpg 600w\" sizes=\"auto, (max-width: 367px) 100vw, 367px\" \/><img loading=\"lazy\" decoding=\"async\" class=\"alignnone wp-image-1814\" src=\"https:\/\/hktackle.com\/wp-content\/uploads\/2025\/11\/ice-fishing-rod-4-1.jpg\" alt=\"varas de pesca no gelo \" width=\"393\" height=\"390\" title=\"\" srcset=\"https:\/\/hktackle.com\/wp-content\/uploads\/2025\/11\/ice-fishing-rod-4-1.jpg 761w, https:\/\/hktackle.com\/wp-content\/uploads\/2025\/11\/ice-fishing-rod-4-1-300x298.jpg 300w, https:\/\/hktackle.com\/wp-content\/uploads\/2025\/11\/ice-fishing-rod-4-1-150x150.jpg 150w, https:\/\/hktackle.com\/wp-content\/uploads\/2025\/11\/ice-fishing-rod-4-1-600x595.jpg 600w\" sizes=\"auto, (max-width: 393px) 100vw, 393px\" \/><\/h2>\n<h2 data-start=\"4306\" data-end=\"4369\"><strong data-start=\"4311\" data-end=\"4369\">Por que escolher o conjunto de cana e molinete para pesca no gelo da HK Tackle?<\/strong><\/h2>\n<p><img loading=\"lazy\" decoding=\"async\" class=\"alignnone wp-image-1469\" src=\"https:\/\/hktackle.com\/wp-content\/uploads\/2025\/11\/HK-fishing-tackle.jpg\" alt=\"HK Fishing Tackle\" width=\"595\" height=\"404\" title=\"\" srcset=\"https:\/\/hktackle.com\/wp-content\/uploads\/2025\/11\/HK-fishing-tackle.jpg 861w, https:\/\/hktackle.com\/wp-content\/uploads\/2025\/11\/HK-fishing-tackle-300x204.jpg 300w, https:\/\/hktackle.com\/wp-content\/uploads\/2025\/11\/HK-fishing-tackle-768x522.jpg 768w, https:\/\/hktackle.com\/wp-content\/uploads\/2025\/11\/HK-fishing-tackle-600x408.jpg 600w\" sizes=\"auto, (max-width: 595px) 100vw, 595px\" \/><\/p>\n<ul data-start=\"4371\" data-end=\"5030\">\n<li data-start=\"4371\" data-end=\"4528\">\n<p data-start=\"4373\" data-end=\"4528\"><strong data-start=\"4373\" data-end=\"4390\">Personaliza\u00e7\u00e3o<\/strong>As nossas canas de pesca no gelo personalizadas permitem-lhe adaptar o equipamento \u00e0s suas necessidades espec\u00edficas de pesca, garantindo o ajuste perfeito para cada pescador.<\/p>\n<\/li>\n<li data-start=\"4529\" data-end=\"4679\">\n<p data-start=\"4531\" data-end=\"4679\"><strong data-start=\"4531\" data-end=\"4558\">Durabilidade em Climas Frio<\/strong>Projetado para funcionar em temperaturas extremas, esta combina\u00e7\u00e3o de vara e carreto garante um funcionamento suave, n\u00e3o importa qu\u00e3o frio fique.<\/p>\n<\/li>\n<li data-start=\"4680\" data-end=\"4870\">\n<p data-start=\"4682\" data-end=\"4870\"><strong data-start=\"4682\" data-end=\"4708\">Materiais de Alta Qualidade<\/strong>Desde os componentes resistentes \u00e0 corros\u00e3o do carrete, at\u00e9 \u00e0 constru\u00e7\u00e3o leve mas robusta da vara, cada aspeto deste conjunto \u00e9 projetado para um desempenho m\u00e1ximo.<\/p>\n<\/li>\n<li data-start=\"4871\" data-end=\"5030\">\n<p data-start=\"4873\" data-end=\"5030\"><strong data-start=\"4873\" data-end=\"4899\">Perfeito para fornecimento B2B<\/strong>Encomendas em massa e op\u00e7\u00f5es de personaliza\u00e7\u00e3o facilitam o abastecimento da sua loja, o fornecimento a clientes ou a cobertura de guias de pesca em grande escala.<\/p>\n<\/li>\n<\/ul>\n<div class=\"wpforms-container\" id=\"wpforms-564\"><form id=\"wpforms-form-564\" class=\"wpforms-validate wpforms-form wpforms-ajax-form\" data-formid=\"564\" method=\"post\" enctype=\"multipart\/form-data\" action=\"\/pt\/wp-json\/wp\/v2\/product\/1824\" data-token=\"3a27290115edac4e9507e4eda9c9e8f3\" data-token-time=\"1776510972\" data-trp-original-action=\"\/pt\/wp-json\/wp\/v2\/product\/1824\"><div class=\"wpforms-head-container\"><div class=\"wpforms-title\">Solicita\u00e7\u00e3o de Cota\u00e7\u00e3o<\/div><\/div><noscript class=\"wpforms-error-noscript\">Por favor, ative o JavaScript no seu navegador para completar este formul\u00e1rio.<\/noscript><div class=\"wpforms-field-container\">\t\t<div id=\"wpforms-564-field_7-container\"\n\t\t\tclass=\"wpforms-field wpforms-field-text\"\n\t\t\tdata-field-type=\"text\"\n\t\t\tdata-field-id=\"7\"\n\t\t\t>\n\t\t\t<label class=\"wpforms-field-label\" for=\"wpforms-564-field_7\" >Cliente IP Nome Whatsapp<\/label>\n\t\t\t<input type=\"text\" id=\"wpforms-564-field_7\" class=\"wpforms-field-medium\" name=\"wpforms[fields][7]\" >\n\t\t<\/div>\n\t\t<div id=\"wpforms-564-field_1-container\" class=\"wpforms-field wpforms-field-name\" data-field-id=\"1\"><label class=\"wpforms-field-label wpforms-label-hide\" for=\"wpforms-564-field_1\">Nome <span class=\"wpforms-required-label\">*<\/span><\/label><input type=\"text\" id=\"wpforms-564-field_1\" class=\"wpforms-field-medium wpforms-field-required\" name=\"wpforms[fields][1]\" placeholder=\"Nome\" required><\/div><div id=\"wpforms-564-field_2-container\" class=\"wpforms-field wpforms-field-name\" data-field-id=\"2\"><label class=\"wpforms-field-label wpforms-label-hide\" for=\"wpforms-564-field_2\">Whatsapp <span class=\"wpforms-required-label\">*<\/span><\/label><input type=\"text\" id=\"wpforms-564-field_2\" class=\"wpforms-field-medium wpforms-field-required\" name=\"wpforms[fields][2]\" placeholder=\"Whatapp\" required><\/div><div id=\"wpforms-564-field_4-container\" class=\"wpforms-field wpforms-field-name\" data-field-id=\"4\"><label class=\"wpforms-field-label wpforms-label-hide\" for=\"wpforms-564-field_4\">Email <span class=\"wpforms-required-label\">*<\/span><\/label><input type=\"text\" id=\"wpforms-564-field_4\" class=\"wpforms-field-medium wpforms-field-required\" name=\"wpforms[fields][4]\" placeholder=\"Email\" required><\/div><div id=\"wpforms-564-field_3-container\" class=\"wpforms-field wpforms-field-name\" data-field-id=\"3\"><label class=\"wpforms-field-label wpforms-label-hide\" for=\"wpforms-564-field_3\">Inqu\u00e9rito <span class=\"wpforms-required-label\">*<\/span><\/label><input type=\"text\" id=\"wpforms-564-field_3\" class=\"wpforms-field-medium wpforms-field-required\" name=\"wpforms[fields][3]\" placeholder=\"que produto precisas\" required><\/div><div id=\"wpforms-564-field_5-container\" class=\"wpforms-field wpforms-field-hidden\" data-field-id=\"5\"><input type=\"hidden\" id=\"wpforms-564-field_5\" name=\"wpforms[fields][5]\" value=\"216.73.216.42\"><\/div><div id=\"wpforms-564-field_6-container\" class=\"wpforms-field wpforms-field-hidden\" data-field-id=\"6\"><input type=\"hidden\" id=\"wpforms-564-field_6\" name=\"wpforms[fields][6]\" value=\"https:\/\/hktackle.com\/pt\/wp-json\/wp\/v2\/product\/1824\"><\/div><script>\n\t\t\t\t( function() {\n\t\t\t\t\tconst style = document.createElement( 'style' );\n\t\t\t\t\tstyle.appendChild( document.createTextNode( '#wpforms-564-field_7-container { position: absolute !important; overflow: hidden !important; display: inline !important; height: 1px !important; width: 1px !important; z-index: -1000 !important; padding: 0 !important; } #wpforms-564-field_7-container input { visibility: hidden; } #wpforms-conversational-form-page #wpforms-564-field_7-container label { counter-increment: none; }' ) );\n\t\t\t\t\tdocument.head.appendChild( style );\n\t\t\t\t\tdocument.currentScript?.remove();\n\t\t\t\t} )();\n\t\t\t<\/script><\/div><!-- .wpforms-field-container --><div class=\"wpforms-submit-container\" ><input type=\"hidden\" name=\"wpforms[id]\" value=\"564\"><input type=\"hidden\" name=\"page_title\" value=\"\"><input type=\"hidden\" name=\"page_url\" value=\"https:\/\/hktackle.com\/pt\/wp-json\/wp\/v2\/product\/1824\"><input type=\"hidden\" name=\"url_referer\" value=\"\"><button type=\"submit\" name=\"wpforms[submit]\" id=\"wpforms-submit-564\" class=\"wpforms-submit\" data-alt-text=\"Sending\" data-submit-text=\"Summit\" aria-live=\"assertive\" value=\"wpforms-submit\">Cimeira<\/button><img loading=\"lazy\" decoding=\"async\" src=\"https:\/\/hktackle.com\/wp-content\/plugins\/wpforms\/assets\/images\/submit-spin.svg\" class=\"wpforms-submit-spinner\" style=\"display: none;\" width=\"26\" height=\"26\" alt=\"A carregar\" title=\"\"><\/div><input type=\"hidden\" name=\"trp-form-language\" value=\"pt\"\/><\/form><\/div>  <!-- .wpforms-container -->","protected":false},"excerpt":{"rendered":"<p>Experimente um desempenho premium no gelo com o <strong data-start=\"5561\" data-end=\"5602\">Combo de Vara e Molinete de Pesca no Gelo Personalizado<\/strong> da HK Tackle. Projetado para durabilidade e precis\u00e3o em condi\u00e7\u00f5es de frio extremo, esta combina\u00e7\u00e3o \u00e9 personaliz\u00e1vel para atender \u00e0s suas necessidades de pesca \u00fanicas. Fa\u00e7a j\u00e1 a sua encomenda e eleve a sua experi\u00eancia de pesca no gelo.<\/p>\n<div class=\"wp-block-stackable-button stk-block-button popmake-1340 stk-block stk-13b8711 popmake-1340\" data-block-id=\"13b8711\">\n<style>.stk-13b8711 {min-height:var(--stk--preset--block-height--x-small, 4rem) !important;padding-top:var(--stk--preset--spacing--none, 0px) !important;padding-right:var(--stk--preset--spacing--none, 0px) !important;padding-bottom:var(--stk--preset--spacing--none, 0px) !important;padding-left:var(--stk--preset--spacing--none, 0px) !important;}.stk-13b8711 .stk-button{min-height:36px !important;padding-top:var(--stk--preset--spacing--40, 1rem) !important;padding-right:33px !important;padding-bottom:var(--stk--preset--spacing--40, 1rem) !important;background:#2db2eb !important;border-top-left-radius:var(--stk--preset--border-radius--small, 4px) !important;border-top-right-radius:var(--stk--preset--border-radius--small, 4px) !important;border-bottom-right-radius:var(--stk--preset--border-radius--small, 4px) !important;border-bottom-left-radius:var(--stk--preset--border-radius--small, 4px) !important;}.stk-13b8711 .stk-button__inner-text{color:#fffffe !important;}<\/style>\n<p><a class=\"stk-link stk-button stk--hover-effect-lift-scale-more\"><span class=\"has-text-color stk-button__inner-text\">Solicitar uma Cota\u00e7\u00e3o <\/span><\/a><\/p>\n<\/div>","protected":false},"featured_media":1815,"template":"","meta":[],"product_brand":[],"product_cat":[20],"product_tag":[],"class_list":{"0":"post-1824","1":"product","2":"type-product","3":"status-publish","4":"has-post-thumbnail","6":"product_cat-rod-combo","8":"first","9":"instock","10":"shipping-taxable","11":"product-type-simple"},"_links":{"self":[{"href":"https:\/\/hktackle.com\/pt\/wp-json\/wp\/v2\/product\/1824","targetHints":{"allow":["GET"]}}],"collection":[{"href":"https:\/\/hktackle.com\/pt\/wp-json\/wp\/v2\/product"}],"about":[{"href":"https:\/\/hktackle.com\/pt\/wp-json\/wp\/v2\/types\/product"}],"wp:featuredmedia":[{"embeddable":true,"href":"https:\/\/hktackle.com\/pt\/wp-json\/wp\/v2\/media\/1815"}],"wp:attachment":[{"href":"https:\/\/hktackle.com\/pt\/wp-json\/wp\/v2\/media?parent=1824"}],"wp:term":[{"taxonomy":"product_brand","embeddable":true,"href":"https:\/\/hktackle.com\/pt\/wp-json\/wp\/v2\/product_brand?post=1824"},{"taxonomy":"product_cat","embeddable":true,"href":"https:\/\/hktackle.com\/pt\/wp-json\/wp\/v2\/product_cat?post=1824"},{"taxonomy":"product_tag","embeddable":true,"href":"https:\/\/hktackle.com\/pt\/wp-json\/wp\/v2\/product_tag?post=1824"}],"curies":[{"name":"wp","href":"https:\/\/api.w.org\/{rel}","templated":true}]}}