{"id":1834,"date":"2025-11-13T04:33:06","date_gmt":"2025-11-13T04:33:06","guid":{"rendered":"https:\/\/hktackle.com\/?post_type=product&#038;p=1834"},"modified":"2025-12-01T15:28:18","modified_gmt":"2025-12-01T15:28:18","slug":"suportes-para-varas-de-pesca-no-gelo","status":"publish","type":"product","link":"https:\/\/hktackle.com\/pt\/produto\/suportes-para-varas-de-pesca-no-gelo","title":{"rendered":"Suportes de Vara de Pesca no Gelo Premium \u2013 Armazenamento Est\u00e1vel e Seguro de Varas de Pesca no Gelo"},"content":{"rendered":"<h1 data-start=\"125\" data-end=\"209\">Suportes de Vara de Pesca no Gelo Premium \u2013 Armazenamento Est\u00e1vel e Seguro de Varas de Pesca no Gelo<\/h1>\n<p data-start=\"211\" data-end=\"240\"><img loading=\"lazy\" decoding=\"async\" class=\"alignnone wp-image-1811\" src=\"https:\/\/hktackle.com\/wp-content\/uploads\/2025\/11\/ice-fishing-rod-1-1.jpg\" alt=\"suportes para varas de pesca no gelo\" width=\"458\" height=\"458\" title=\"\" srcset=\"https:\/\/hktackle.com\/wp-content\/uploads\/2025\/11\/ice-fishing-rod-1-1.jpg 800w, https:\/\/hktackle.com\/wp-content\/uploads\/2025\/11\/ice-fishing-rod-1-1-300x300.jpg 300w, https:\/\/hktackle.com\/wp-content\/uploads\/2025\/11\/ice-fishing-rod-1-1-150x150.jpg 150w, https:\/\/hktackle.com\/wp-content\/uploads\/2025\/11\/ice-fishing-rod-1-1-768x768.jpg 768w, https:\/\/hktackle.com\/wp-content\/uploads\/2025\/11\/ice-fishing-rod-1-1-600x600.jpg 600w\" sizes=\"auto, (max-width: 458px) 100vw, 458px\" \/><\/p>\n<p data-start=\"242\" data-end=\"758\">O <strong data-start=\"246\" data-end=\"280\">Pagamento exclusivo <a href=\"https:\/\/hktackle.com\/pt\/\">Suportes para Varas de Pesca no Gelo<\/a><\/strong> from HK Tackle \u00e9 a solu\u00e7\u00e3o definitiva para pescadores que exigem um armazenamento de varas seguro, fi\u00e1vel e est\u00e1vel enquanto pescam no gelo. Quer esteja a pescar num lago congelado ou num rio coberto de gelo, o nosso <a href=\"https:\/\/hktackle.com\/pt\/categoria-produto\/ferramentas\/\"><strong data-start=\"480\" data-end=\"499\">suportes para varas de gelo<\/strong><\/a> s\u00e3o projetados para manter as suas canas seguras, organizadas e facilmente acess\u00edveis a todo o momento. Perfeito para pescadores profissionais de gelo, pescadores recreativos e entusiastas da pesca, este suporte para canas oferece uma maneira robusta e conveniente de armazenar o seu equipamento enquanto est\u00e1 no gelo.<\/p>\n<h4 data-start=\"760\" data-end=\"782\"><img loading=\"lazy\" decoding=\"async\" class=\"alignnone wp-image-1815\" src=\"https:\/\/hktackle.com\/wp-content\/uploads\/2025\/11\/ice-fishing-rod-5-1.jpg\" alt=\"vara de pesca no gelo\" width=\"446\" height=\"446\" title=\"\" srcset=\"https:\/\/hktackle.com\/wp-content\/uploads\/2025\/11\/ice-fishing-rod-5-1.jpg 800w, https:\/\/hktackle.com\/wp-content\/uploads\/2025\/11\/ice-fishing-rod-5-1-300x300.jpg 300w, https:\/\/hktackle.com\/wp-content\/uploads\/2025\/11\/ice-fishing-rod-5-1-150x150.jpg 150w, https:\/\/hktackle.com\/wp-content\/uploads\/2025\/11\/ice-fishing-rod-5-1-768x768.jpg 768w, https:\/\/hktackle.com\/wp-content\/uploads\/2025\/11\/ice-fishing-rod-5-1-600x600.jpg 600w\" sizes=\"auto, (max-width: 446px) 100vw, 446px\" \/><\/h4>\n<h4 data-start=\"760\" data-end=\"782\"><strong data-start=\"765\" data-end=\"782\">Caracter\u00edsticas Principais:<\/strong><\/h4>\n<ol data-start=\"784\" data-end=\"4300\">\n<li data-start=\"784\" data-end=\"1359\">\n<p data-start=\"787\" data-end=\"831\"><strong data-start=\"787\" data-end=\"831\">Constru\u00e7\u00e3o Dur\u00e1vel e Resistente ao Frio:<\/strong><\/p>\n<ul data-start=\"835\" data-end=\"1359\">\n<li data-start=\"835\" data-end=\"1108\">\n<p data-start=\"837\" data-end=\"1108\">Projetado especificamente para pesca no gelo, o nosso <strong data-start=\"880\" data-end=\"907\">suportes para varas de pesca no gelo<\/strong> s\u00e3o feitos de materiais de alta qualidade e resistentes \u00e0 corros\u00e3o. O design robusto garante que o suporte funcione em condi\u00e7\u00f5es de congelamento, oferecendo estabilidade e fiabilidade em temperaturas extremas.<\/p>\n<\/li>\n<li data-start=\"1112\" data-end=\"1359\">\n<p data-start=\"1114\" data-end=\"1359\"><strong data-start=\"1114\" data-end=\"1140\">Materiais \u00e0 prova de intemp\u00e9ries<\/strong>Os materiais do suporte de cana s\u00e3o resistentes ao congelamento, garantindo que n\u00e3o se quebrem, deformem ou degradem em temperaturas abaixo de zero, dando-lhe a confian\u00e7a de que o seu equipamento permanecer\u00e1 intacto durante as suas sa\u00eddas de pesca.<\/p>\n<\/li>\n<\/ul>\n<\/li>\n<li data-start=\"1361\" data-end=\"2155\">\n<p data-start=\"1364\" data-end=\"1391\"><strong data-start=\"1364\" data-end=\"1391\">Apoio Est\u00e1vel e Seguro:<\/strong><\/p>\n<ul data-start=\"1395\" data-end=\"2155\">\n<li data-start=\"1395\" data-end=\"1664\">\n<p data-start=\"1397\" data-end=\"1664\">O <strong data-start=\"1401\" data-end=\"1419\">suporte para vara de gelo<\/strong> \u00e9 projetado para uma estabilidade superior, garantindo que as suas varas de pesca permane\u00e7am seguras mesmo em condi\u00e7\u00f5es de vento. A base robusta permite uma coloca\u00e7\u00e3o est\u00e1vel em superf\u00edcies geladas, enquanto o suporte da vara mant\u00e9m a sua vara vertical e firmemente no lugar.<\/p>\n<\/li>\n<li data-start=\"1668\" data-end=\"1913\">\n<p data-start=\"1670\" data-end=\"1913\"><strong data-start=\"1670\" data-end=\"1689\">Ajuste de Presen\u00e7a<\/strong>Com um bra\u00e7o ajust\u00e1vel, este suporte pode acomodar hastes de diferentes tamanhos e estilos. Quer esteja a utilizar canas de spinning, baitcasting ou at\u00e9 canas de gelo personalizadas, o suporte pode ser ajustado para se adaptar perfeitamente ao seu equipamento.<\/p>\n<\/li>\n<li data-start=\"1917\" data-end=\"2155\">\n<p data-start=\"1919\" data-end=\"2155\"><strong data-start=\"1919\" data-end=\"1936\">Agarre Antiderrapante<\/strong>A pega do suporte de varas \u00e9 projetada para evitar que as varas escorreguem ou caiam, mesmo quando o gelo est\u00e1 escorregadio ou o tempo est\u00e1 ventoso. Isso garante que as suas varas fiquem onde as deixou, prontas para a a\u00e7\u00e3o quando um peixe morde.<\/p>\n<\/li>\n<\/ul>\n<\/li>\n<li data-start=\"2157\" data-end=\"2723\">\n<p data-start=\"2160\" data-end=\"2193\"><strong data-start=\"2160\" data-end=\"2193\">Port\u00e1til e F\u00e1cil de Instalar:<\/strong><\/p>\n<ul data-start=\"2197\" data-end=\"2723\">\n<li data-start=\"2197\" data-end=\"2459\">\n<p data-start=\"2199\" data-end=\"2459\">Nosso <a href=\"https:\/\/hktackle.com\/pt\/guia-de-ferramentas-de-pesca\/\"><strong data-start=\"2203\" data-end=\"2231\">suportes para canas de pesca no gelo<\/strong><\/a> s\u00e3o port\u00e1teis e leves, o que as torna f\u00e1ceis de transportar e configurar onde quer que esteja a pescar. O design compacto torna-o ideal para armazenar e transportar m\u00faltiplos suportes de cana quando est\u00e1 no gelo com amigos ou clientes.<\/p>\n<\/li>\n<li data-start=\"2463\" data-end=\"2723\">\n<p data-start=\"2465\" data-end=\"2723\"><strong data-start=\"2465\" data-end=\"2480\">Configura\u00e7\u00e3o R\u00e1pida<\/strong>Configurar o seu suporte para canas \u00e9 simples e r\u00e1pido, sem necessidade de ferramentas complexas ou montagem. O suporte pode ser facilmente montado na neve ou no gelo com a sua estaca ou base incorporada, e mant\u00e9m as suas canas firmemente no lugar ao longo do dia.<\/p>\n<\/li>\n<\/ul>\n<\/li>\n<li data-start=\"2725\" data-end=\"3311\">\n<p data-start=\"2728\" data-end=\"2767\"><strong data-start=\"2728\" data-end=\"2767\">Design Vers\u00e1til para M\u00faltiplas Varas:<\/strong><\/p>\n<ul data-start=\"2771\" data-end=\"3311\">\n<li data-start=\"2771\" data-end=\"3052\">\n<p data-start=\"2773\" data-end=\"3052\">Quer esteja a pescar com uma \u00fanica vara ou com v\u00e1rias varas, isto <a href=\"https:\/\/hktackle.com\/pt\/guia-de-ferramentas-de-pesca\/\"><strong data-start=\"2837\" data-end=\"2863\">suporte para vara de pescar no gelo<\/strong><\/a> proporciona a flexibilidade de armazenar v\u00e1rias canas de uma s\u00f3 vez. Esta solu\u00e7\u00e3o de armazenamento multi-canase permite aos pescadores aumentar as suas hip\u00f3teses de apanhar peixes sem desordenar a sua \u00e1rea de pesca no gelo.<\/p>\n<\/li>\n<li data-start=\"3056\" data-end=\"3311\">\n<p data-start=\"3058\" data-end=\"3311\"><strong data-start=\"3058\" data-end=\"3085\">M\u00faltiplos Detentores em Um<\/strong>Alguns modelos incluem m\u00faltiplos slots para canas, permitindo armazenar v\u00e1rias canas num \u00fanico suporte compacto. Este recurso \u00e9 ideal para pescadores que utilizam m\u00faltiplas configura\u00e7\u00f5es para diferentes t\u00e9cnicas de pesca e necessitam de um armazenamento eficiente.<\/p>\n<\/li>\n<\/ul>\n<\/li>\n<li data-start=\"3313\" data-end=\"3829\">\n<p data-start=\"3316\" data-end=\"3353\"><strong data-start=\"3316\" data-end=\"3353\">Ergon\u00f3mico e Confort\u00e1vel de Usar:<\/strong><\/p>\n<ul data-start=\"3357\" data-end=\"3829\">\n<li data-start=\"3357\" data-end=\"3586\">\n<p data-start=\"3359\" data-end=\"3586\">O design do suporte para varas permite uma manuseamento f\u00e1cil e um r\u00e1pido acesso \u00e0s suas varas. Quer esteja a pescar ativamente ou \u00e0 espera de uma captura, pode facilmente pegar na sua vara do suporte e come\u00e7ar a puxar um peixe a qualquer momento.<\/p>\n<\/li>\n<li data-start=\"3590\" data-end=\"3829\">\n<p data-start=\"3592\" data-end=\"3829\"><strong data-start=\"3592\" data-end=\"3613\">\u00c2ngulos Convenientes<\/strong>Os \u00e2ngulos ajust\u00e1veis garantem que pode colocar a vara na posi\u00e7\u00e3o mais confort\u00e1vel e eficiente para a pesca. Isto pode ajudar a prevenir tens\u00f5es durante longas sess\u00f5es de pesca no gelo e melhorar a sua experi\u00eancia global.<\/p>\n<\/li>\n<\/ul>\n<\/li>\n<li data-start=\"3831\" data-end=\"4300\">\n<p data-start=\"3834\" data-end=\"3861\"><strong data-start=\"3834\" data-end=\"3861\">Perfeito para fornecimento B2B:<\/strong><\/p>\n<ul data-start=\"3865\" data-end=\"4300\">\n<li data-start=\"3865\" data-end=\"4126\">\n<p data-start=\"3867\" data-end=\"4126\">HK Tackle oferece <strong data-start=\"3884\" data-end=\"3911\">suportes para varas de pesca no gelo<\/strong> em grandes quantidades para empresas, retalhistas e distribuidores. Seja para abastecer a sua loja, oferecer equipamento de aluguer ou equipar um servi\u00e7o de guias de pesca, podemos fornecer suportes de cana de alta qualidade para satisfazer as suas necessidades.<\/p>\n<\/li>\n<li data-start=\"4130\" data-end=\"4300\">\n<p data-start=\"4132\" data-end=\"4300\"><strong data-start=\"4132\" data-end=\"4157\">Op\u00e7\u00f5es de Personaliza\u00e7\u00e3o<\/strong>As empresas podem solicitar personaliza\u00e7\u00e3o de marca nos suportes, facilitando a promo\u00e7\u00e3o do seu neg\u00f3cio ou oferecendo equipamentos personalizados para os clientes.<\/p>\n<\/li>\n<\/ul>\n<\/li>\n<\/ol>\n<h4 data-start=\"4302\" data-end=\"4357\"><\/h4>\n<h4 data-start=\"4302\" data-end=\"4357\"><strong data-start=\"4307\" data-end=\"4357\">Por que escolher o suporte para varas de pesca no gelo da HK Tackle?<\/strong><\/h4>\n<ul data-start=\"4359\" data-end=\"4962\">\n<li data-start=\"4359\" data-end=\"4491\">\n<p data-start=\"4361\" data-end=\"4491\"><strong data-start=\"4361\" data-end=\"4378\">Feito para Durar<\/strong>Os nossos suportes para varas de gelo s\u00e3o feitos com materiais de alta qualidade para garantir uma durabilidade duradoura em condi\u00e7\u00f5es extremas.<\/p>\n<\/li>\n<li data-start=\"4492\" data-end=\"4646\">\n<p data-start=\"4494\" data-end=\"4646\"><strong data-start=\"4494\" data-end=\"4515\">Est\u00e1vel e Seguro<\/strong>: Projetado para manter as suas canas de pesca fixas no lugar, reduzindo o risco de perder o seu material devido a deslizamentos ou superf\u00edcies inst\u00e1veis.<\/p>\n<\/li>\n<li data-start=\"4647\" data-end=\"4769\">\n<p data-start=\"4649\" data-end=\"4769\"><strong data-start=\"4649\" data-end=\"4677\">Port\u00e1til e F\u00e1cil de Usar<\/strong>Leves e f\u00e1ceis de montar, tornando-os ideais para pescadores m\u00f3veis e guias de pesca.<\/p>\n<\/li>\n<li data-start=\"4770\" data-end=\"4962\">\n<p data-start=\"4772\" data-end=\"4962\"><strong data-start=\"4772\" data-end=\"4803\">Personaliz\u00e1vel para Empresas<\/strong>A HK Tackle oferece encomendas em grande quantidade e personaliza\u00e7\u00e3o para a sua marca ou necessidades espec\u00edficas. Abaste\u00e7a a sua loja, servi\u00e7o de aluguer ou passeios guiados com material de pesca de topo.<\/p>\n<\/li>\n<\/ul>\n<div class=\"wpforms-container\" id=\"wpforms-564\"><form id=\"wpforms-form-564\" class=\"wpforms-validate wpforms-form wpforms-ajax-form\" data-formid=\"564\" method=\"post\" enctype=\"multipart\/form-data\" action=\"\/pt\/wp-json\/wp\/v2\/product\/1834\" data-token=\"a5e36027957c0b678575a16e829041db\" data-token-time=\"1776395924\" data-trp-original-action=\"\/pt\/wp-json\/wp\/v2\/product\/1834\"><div class=\"wpforms-head-container\"><div class=\"wpforms-title\">Solicita\u00e7\u00e3o de Cota\u00e7\u00e3o<\/div><\/div><noscript class=\"wpforms-error-noscript\">Por favor, ative o JavaScript no seu navegador para completar este formul\u00e1rio.<\/noscript><div class=\"wpforms-field-container\"><div id=\"wpforms-564-field_1-container\" class=\"wpforms-field wpforms-field-name\" data-field-id=\"1\"><label class=\"wpforms-field-label wpforms-label-hide\" for=\"wpforms-564-field_1\">Nome <span class=\"wpforms-required-label\">*<\/span><\/label><input type=\"text\" id=\"wpforms-564-field_1\" class=\"wpforms-field-medium wpforms-field-required\" name=\"wpforms[fields][1]\" placeholder=\"Nome\" required><\/div>\t\t<div id=\"wpforms-564-field_7-container\"\n\t\t\tclass=\"wpforms-field wpforms-field-text\"\n\t\t\tdata-field-type=\"text\"\n\t\t\tdata-field-id=\"7\"\n\t\t\t>\n\t\t\t<label class=\"wpforms-field-label\" for=\"wpforms-564-field_7\" >P\u00e1gina de inqu\u00e9rito por email Whatsapp<\/label>\n\t\t\t<input type=\"text\" id=\"wpforms-564-field_7\" class=\"wpforms-field-medium\" name=\"wpforms[fields][7]\" >\n\t\t<\/div>\n\t\t<div id=\"wpforms-564-field_2-container\" class=\"wpforms-field wpforms-field-name\" data-field-id=\"2\"><label class=\"wpforms-field-label wpforms-label-hide\" for=\"wpforms-564-field_2\">Whatsapp <span class=\"wpforms-required-label\">*<\/span><\/label><input type=\"text\" id=\"wpforms-564-field_2\" class=\"wpforms-field-medium wpforms-field-required\" name=\"wpforms[fields][2]\" placeholder=\"Whatapp\" required><\/div><div id=\"wpforms-564-field_4-container\" class=\"wpforms-field wpforms-field-name\" data-field-id=\"4\"><label class=\"wpforms-field-label wpforms-label-hide\" for=\"wpforms-564-field_4\">Email <span class=\"wpforms-required-label\">*<\/span><\/label><input type=\"text\" id=\"wpforms-564-field_4\" class=\"wpforms-field-medium wpforms-field-required\" name=\"wpforms[fields][4]\" placeholder=\"Email\" required><\/div><div id=\"wpforms-564-field_3-container\" class=\"wpforms-field wpforms-field-name\" data-field-id=\"3\"><label class=\"wpforms-field-label wpforms-label-hide\" for=\"wpforms-564-field_3\">Inqu\u00e9rito <span class=\"wpforms-required-label\">*<\/span><\/label><input type=\"text\" id=\"wpforms-564-field_3\" class=\"wpforms-field-medium wpforms-field-required\" name=\"wpforms[fields][3]\" placeholder=\"que produto precisas\" required><\/div><div id=\"wpforms-564-field_5-container\" class=\"wpforms-field wpforms-field-hidden\" data-field-id=\"5\"><input type=\"hidden\" id=\"wpforms-564-field_5\" name=\"wpforms[fields][5]\" value=\"216.73.216.69\"><\/div><div id=\"wpforms-564-field_6-container\" class=\"wpforms-field wpforms-field-hidden\" data-field-id=\"6\"><input type=\"hidden\" id=\"wpforms-564-field_6\" name=\"wpforms[fields][6]\" value=\"https:\/\/hktackle.com\/pt\/wp-json\/wp\/v2\/product\/1834\"><\/div><script>\n\t\t\t\t( function() {\n\t\t\t\t\tconst style = document.createElement( 'style' );\n\t\t\t\t\tstyle.appendChild( document.createTextNode( '#wpforms-564-field_7-container { position: absolute !important; overflow: hidden !important; display: inline !important; height: 1px !important; width: 1px !important; z-index: -1000 !important; padding: 0 !important; } #wpforms-564-field_7-container input { visibility: hidden; } #wpforms-conversational-form-page #wpforms-564-field_7-container label { counter-increment: none; }' ) );\n\t\t\t\t\tdocument.head.appendChild( style );\n\t\t\t\t\tdocument.currentScript?.remove();\n\t\t\t\t} )();\n\t\t\t<\/script><\/div><!-- .wpforms-field-container --><div class=\"wpforms-submit-container\" ><input type=\"hidden\" name=\"wpforms[id]\" value=\"564\"><input type=\"hidden\" name=\"page_title\" value=\"\"><input type=\"hidden\" name=\"page_url\" value=\"https:\/\/hktackle.com\/pt\/wp-json\/wp\/v2\/product\/1834\"><input type=\"hidden\" name=\"url_referer\" value=\"\"><button type=\"submit\" name=\"wpforms[submit]\" id=\"wpforms-submit-564\" class=\"wpforms-submit\" data-alt-text=\"Sending\" data-submit-text=\"Summit\" aria-live=\"assertive\" value=\"wpforms-submit\">Cimeira<\/button><img loading=\"lazy\" decoding=\"async\" src=\"https:\/\/hktackle.com\/wp-content\/plugins\/wpforms\/assets\/images\/submit-spin.svg\" class=\"wpforms-submit-spinner\" style=\"display: none;\" width=\"26\" height=\"26\" alt=\"A carregar\" title=\"\"><\/div><input type=\"hidden\" name=\"trp-form-language\" value=\"pt\"\/><\/form><\/div>  <!-- .wpforms-container -->","protected":false},"excerpt":{"rendered":"<p>Assegure-se de que as suas varas permanecem seguras e organizadas com o <strong data-start=\"5486\" data-end=\"5520\">Suporte de Vara de Pesca no Gelo Premium<\/strong> da HK Tackle. Projetado para condi\u00e7\u00f5es de frio extremo, este suporte oferece estabilidade, durabilidade e f\u00e1cil acesso para todas as suas necessidades de pesca no gelo. Perfeito para pescadores no gelo!<\/p>\n<div class=\"wp-block-stackable-button stk-block-button popmake-1340 stk-block stk-13b8711 popmake-1340\" data-block-id=\"13b8711\">\n<style>.stk-13b8711 {min-height:var(--stk--preset--block-height--x-small, 4rem) !important;padding-top:var(--stk--preset--spacing--none, 0px) !important;padding-right:var(--stk--preset--spacing--none, 0px) !important;padding-bottom:var(--stk--preset--spacing--none, 0px) !important;padding-left:var(--stk--preset--spacing--none, 0px) !important;}.stk-13b8711 .stk-button{min-height:36px !important;padding-top:var(--stk--preset--spacing--40, 1rem) !important;padding-right:33px !important;padding-bottom:var(--stk--preset--spacing--40, 1rem) !important;background:#2db2eb !important;border-top-left-radius:var(--stk--preset--border-radius--small, 4px) !important;border-top-right-radius:var(--stk--preset--border-radius--small, 4px) !important;border-bottom-right-radius:var(--stk--preset--border-radius--small, 4px) !important;border-bottom-left-radius:var(--stk--preset--border-radius--small, 4px) !important;}.stk-13b8711 .stk-button__inner-text{color:#fffffe !important;}<\/style>\n<p><a class=\"stk-link stk-button stk--hover-effect-lift-scale-more\"><span class=\"has-text-color stk-button__inner-text\">Solicitar uma Cota\u00e7\u00e3o <\/span><\/a><\/p>\n<\/div>","protected":false},"featured_media":1811,"template":"","meta":[],"product_brand":[30],"product_cat":[22],"product_tag":[],"class_list":{"0":"post-1834","1":"product","2":"type-product","3":"status-publish","4":"has-post-thumbnail","6":"product_brand-hk-tackle","7":"product_cat-tools","9":"first","10":"instock","11":"shipping-taxable","12":"product-type-simple"},"_links":{"self":[{"href":"https:\/\/hktackle.com\/pt\/wp-json\/wp\/v2\/product\/1834","targetHints":{"allow":["GET"]}}],"collection":[{"href":"https:\/\/hktackle.com\/pt\/wp-json\/wp\/v2\/product"}],"about":[{"href":"https:\/\/hktackle.com\/pt\/wp-json\/wp\/v2\/types\/product"}],"wp:featuredmedia":[{"embeddable":true,"href":"https:\/\/hktackle.com\/pt\/wp-json\/wp\/v2\/media\/1811"}],"wp:attachment":[{"href":"https:\/\/hktackle.com\/pt\/wp-json\/wp\/v2\/media?parent=1834"}],"wp:term":[{"taxonomy":"product_brand","embeddable":true,"href":"https:\/\/hktackle.com\/pt\/wp-json\/wp\/v2\/product_brand?post=1834"},{"taxonomy":"product_cat","embeddable":true,"href":"https:\/\/hktackle.com\/pt\/wp-json\/wp\/v2\/product_cat?post=1834"},{"taxonomy":"product_tag","embeddable":true,"href":"https:\/\/hktackle.com\/pt\/wp-json\/wp\/v2\/product_tag?post=1834"}],"curies":[{"name":"wp","href":"https:\/\/api.w.org\/{rel}","templated":true}]}}