{"id":1835,"date":"2025-11-13T04:50:15","date_gmt":"2025-11-13T04:50:15","guid":{"rendered":"https:\/\/hktackle.com\/?post_type=product&#038;p=1835"},"modified":"2025-12-02T15:14:29","modified_gmt":"2025-12-02T15:14:29","slug":"melhores-acores-para-pesca-com-mosca","status":"publish","type":"product","link":"https:\/\/hktackle.com\/pt\/produto\/melhores-acores-para-pesca-com-mosca","title":{"rendered":"Carretos de Fly Fishing Premium \u2013 Melhor Escolha para Precis\u00e3o e Durabilidade"},"content":{"rendered":"<h1 data-start=\"137\" data-end=\"223\">Carretos de Fly Fishing Premium \u2013 Melhor Escolha para Precis\u00e3o e Durabilidade<\/h1>\n<p data-start=\"225\" data-end=\"254\"><img loading=\"lazy\" decoding=\"async\" class=\"alignnone wp-image-1841\" src=\"https:\/\/hktackle.com\/wp-content\/uploads\/2025\/11\/best-fly-fishing-reels-6.jpg\" alt=\"melhores a\u00e7ores para pesca com mosca\" width=\"390\" height=\"390\" title=\"\" srcset=\"https:\/\/hktackle.com\/wp-content\/uploads\/2025\/11\/best-fly-fishing-reels-6.jpg 750w, https:\/\/hktackle.com\/wp-content\/uploads\/2025\/11\/best-fly-fishing-reels-6-300x300.jpg 300w, https:\/\/hktackle.com\/wp-content\/uploads\/2025\/11\/best-fly-fishing-reels-6-150x150.jpg 150w, https:\/\/hktackle.com\/wp-content\/uploads\/2025\/11\/best-fly-fishing-reels-6-600x600.jpg 600w\" sizes=\"auto, (max-width: 390px) 100vw, 390px\" \/><img loading=\"lazy\" decoding=\"async\" class=\"alignnone wp-image-1839\" src=\"https:\/\/hktackle.com\/wp-content\/uploads\/2025\/11\/best-fly-fishing-reels-4.jpg\" alt=\"molinete de mosca de \u00e1gua salgada\" width=\"390\" height=\"390\" title=\"\" srcset=\"https:\/\/hktackle.com\/wp-content\/uploads\/2025\/11\/best-fly-fishing-reels-4.jpg 750w, https:\/\/hktackle.com\/wp-content\/uploads\/2025\/11\/best-fly-fishing-reels-4-300x300.jpg 300w, https:\/\/hktackle.com\/wp-content\/uploads\/2025\/11\/best-fly-fishing-reels-4-150x150.jpg 150w, https:\/\/hktackle.com\/wp-content\/uploads\/2025\/11\/best-fly-fishing-reels-4-600x600.jpg 600w\" sizes=\"auto, (max-width: 390px) 100vw, 390px\" \/><\/p>\n<p data-start=\"256\" data-end=\"673\">Descubra o que h\u00e1 de melhor em tecnologia de pesca com mosca com o <strong data-start=\"313\" data-end=\"342\">Pagamento exclusivo <a href=\"https:\/\/hktackle.com\/pt\/guia-de-carreteis-de-pesca\/\">Melhores Carretes de Pesca com Mosca<\/a><\/strong> da HK Tackle. Projetados para pescadores que exigem o melhor, os nossos molinetes de pesca com mosca combinam engenharia de ponta com uma artesania superior para proporcionar uma experi\u00eancia de pesca excecional. Quer esteja a pescar esp\u00e9cies de \u00e1gua doce ou a enfrentar os desafios da pesca em \u00e1gua salgada, os nossos molinetes s\u00e3o constru\u00eddos para performar em qualquer ambiente.<\/p>\n<h2 data-start=\"675\" data-end=\"697\"><img loading=\"lazy\" decoding=\"async\" class=\"alignnone wp-image-1837\" src=\"https:\/\/hktackle.com\/wp-content\/uploads\/2025\/11\/best-fly-fishing-reels-2.jpg\" alt=\"venda de carretes de mosca\" width=\"686\" height=\"405\" title=\"\" srcset=\"https:\/\/hktackle.com\/wp-content\/uploads\/2025\/11\/best-fly-fishing-reels-2.jpg 750w, https:\/\/hktackle.com\/wp-content\/uploads\/2025\/11\/best-fly-fishing-reels-2-300x177.jpg 300w, https:\/\/hktackle.com\/wp-content\/uploads\/2025\/11\/best-fly-fishing-reels-2-600x354.jpg 600w\" sizes=\"auto, (max-width: 686px) 100vw, 686px\" \/><\/h2>\n<h2 data-start=\"675\" data-end=\"697\"><strong data-start=\"680\" data-end=\"697\">Melhores carretes de pesca \u00e0 linha em voo Principais Caracter\u00edsticas:<\/strong><\/h2>\n<ol data-start=\"699\" data-end=\"4529\">\n<li data-start=\"699\" data-end=\"1242\">\n<h3 data-start=\"702\" data-end=\"751\"><strong data-start=\"702\" data-end=\"751\">Engenharia de Precis\u00e3o para um Desempenho Suave:<\/strong><\/h3>\n<ul data-start=\"755\" data-end=\"1242\">\n<li data-start=\"755\" data-end=\"1005\">\n<p data-start=\"757\" data-end=\"1005\">Nosso <a href=\"https:\/\/hktackle.com\/pt\/introducao-do-produto\/guia-b2b-fornecedor-de-molinetes-de-pesca\/\"><strong data-start=\"761\" data-end=\"787\">molinete de mosca de \u00e1gua salgada<\/strong><\/a> s\u00e3o projetados com a precis\u00e3o necess\u00e1ria para oferecer uma recupera\u00e7\u00e3o de linha suave e sem esfor\u00e7o. Com sistemas de arrasto de alta qualidade, estes carretos proporcionam um excelente controlo de tens\u00e3o, permitindo-lhe lutar contra os peixes com confian\u00e7a.<\/p>\n<\/li>\n<li data-start=\"1009\" data-end=\"1238\">\n<p data-start=\"1011\" data-end=\"1238\"><strong data-start=\"1011\" data-end=\"1035\">Sistema de Arrasto Sem Costura<\/strong>Os molinetes apresentam sistemas de arrasto avan\u00e7ados que oferecem uma suavidade excecional ao ajustar a resist\u00eancia. Isto concede aos pescadores um controlo total durante a captura, reduzindo as chances de desenrolar ou quebra da linha.<\/p>\n<\/li>\n<\/ul>\n<\/li>\n<li data-start=\"1243\" data-end=\"1875\">\n<h3 data-start=\"1246\" data-end=\"1295\"><strong data-start=\"1246\" data-end=\"1295\">Resistente \u00e0 Corros\u00e3o para Aventuras em \u00c1gua Salgada:<\/strong><\/h3>\n<ul data-start=\"1299\" data-end=\"1875\">\n<li data-start=\"1299\" data-end=\"1648\">\n<p data-start=\"1301\" data-end=\"1648\">Constru\u00eddo com <a href=\"https:\/\/hktackle.com\/pt\/categoria-produto\/carreteis\/\"><strong data-start=\"1312\" data-end=\"1335\">molinete de mosca de \u00e1gua salgada<\/strong><\/a> em mente, os nossos carretos s\u00e3o constru\u00eddos a partir de materiais resistentes \u00e0 corros\u00e3o, tornando-os perfeitos para uso em condi\u00e7\u00f5es de \u00e1gua doce e \u00e1gua salgada. Quer esteja a pescar em \u00e1guas costeiras, rios ou lagos, os nossos carretos de mosca mant\u00eam o seu desempenho e integridade est\u00e9tica mesmo ap\u00f3s exposi\u00e7\u00e3o prolongada \u00e0 \u00e1gua salgada.<\/p>\n<\/li>\n<li data-start=\"1652\" data-end=\"1871\">\n<p data-start=\"1654\" data-end=\"1871\"><strong data-start=\"1654\" data-end=\"1678\">Constru\u00e7\u00e3o Dur\u00e1vel<\/strong>O quadro e o carretel da cana s\u00e3o feitos de alum\u00ednio anodizado, que resiste \u00e0 corros\u00e3o, ferrugem e desgaste. Isto garante um investimento duradouro tanto para pescadores casuais como para guias profissionais.<\/p>\n<\/li>\n<\/ul>\n<\/li>\n<li data-start=\"1876\" data-end=\"2396\">\n<h3 data-start=\"1879\" data-end=\"1907\"><strong data-start=\"1879\" data-end=\"1907\">Leve, mas Dur\u00e1vel:<\/strong><\/h3>\n<ul data-start=\"1911\" data-end=\"2396\">\n<li data-start=\"1911\" data-end=\"2153\">\n<p data-start=\"1913\" data-end=\"2153\">O <strong data-start=\"1917\" data-end=\"1938\">molas de pesca com mosca<\/strong> os produtos da HK Tackle s\u00e3o feitos com materiais leves que reduzem a fadiga durante longas sess\u00f5es de pesca. Apesar da sua constru\u00e7\u00e3o leve, s\u00e3o extremamente dur\u00e1veis e projetados para suportar os rigores do uso frequente.<\/p>\n<\/li>\n<li data-start=\"2157\" data-end=\"2396\">\n<p data-start=\"2159\" data-end=\"2396\"><strong data-start=\"2159\" data-end=\"2177\">Design Compacto<\/strong>O design compacto e ergon\u00f3mico do carretel garante que se mantenha f\u00e1cil de manusear durante o lan\u00e7amento e a recolha. O equil\u00edbrio entre peso e resist\u00eancia assegura que pode disfrutar de longas horas de pesca sem desconforto.<\/p>\n<\/li>\n<\/ul>\n<\/li>\n<li data-start=\"2398\" data-end=\"2991\">\n<h3 data-start=\"2401\" data-end=\"2443\"><strong data-start=\"2401\" data-end=\"2443\">Capacidade de Linha Melhorada e Velocidade do Carretel:<\/strong><\/h3>\n<ul data-start=\"2447\" data-end=\"2991\">\n<li data-start=\"2447\" data-end=\"2741\">\n<p data-start=\"2449\" data-end=\"2741\">Projetados para lidar com v\u00e1rios tipos de linhas, incluindo tippets mais leves e l\u00edderes mais pesados, estes carretes oferecem uma capacidade generosa de linha para acomodar lan\u00e7amentos longos e prolongados. Quer esteja a pescar com um 3wt para trutas de pequenos canais ou um 10wt para esp\u00e9cies de grande porte em \u00e1gua salgada, os nossos carretes t\u00eam o que precisa.<\/p>\n<\/li>\n<li data-start=\"2745\" data-end=\"2991\">\n<p data-start=\"2747\" data-end=\"2991\"><strong data-start=\"2747\" data-end=\"2770\">Recupera\u00e7\u00e3o de Alta Velocidade<\/strong>O sistema de recupera\u00e7\u00e3o de alta velocidade do carreto garante uma recolha r\u00e1pida da linha, proporcionando respostas r\u00e1pidas quando um peixe morde a isca. Esta funcionalidade \u00e9 especialmente \u00fatil em \u00e1guas de r\u00e1pido movimento ou ao visarem esp\u00e9cies de peixes agressivas.<\/p>\n<\/li>\n<\/ul>\n<\/li>\n<li data-start=\"2993\" data-end=\"3590\">\n<h3 data-start=\"2996\" data-end=\"3030\"><strong data-start=\"2996\" data-end=\"3030\">Personaliz\u00e1vel para Cada Pescador:<\/strong><\/h3>\n<ul data-start=\"3034\" data-end=\"3590\">\n<li data-start=\"3034\" data-end=\"3353\">\n<p data-start=\"3036\" data-end=\"3353\">O <a href=\"https:\/\/hktackle.com\/pt\/guia-de-carreteis-de-pesca\/\"><strong data-start=\"3040\" data-end=\"3057\">venda de carretes de mosca<\/strong><\/a> A se\u00e7\u00e3o da HK Tackle oferece uma variedade de op\u00e7\u00f5es personaliz\u00e1veis, permitindo que voc\u00ea escolha o carrete que se adapta perfeitamente \u00e0s suas necessidades. Escolha entre diferentes tamanhos, cores e sistemas de arrasto para corresponder ao seu estilo de pesca espec\u00edfico, seja lan\u00e7amentos delicados em \u00e1guas calmas ou a luta contra grandes peixes de \u00e1gua salgada.<\/p>\n<\/li>\n<li data-start=\"3357\" data-end=\"3590\">\n<p data-start=\"3359\" data-end=\"3590\"><strong data-start=\"3359\" data-end=\"3380\">Variedade de Modelos<\/strong>Oferecemos v\u00e1rios modelos com diversas caracter\u00edsticas adaptadas a diferentes condi\u00e7\u00f5es de pesca. A nossa gama de produtos inclui op\u00e7\u00f5es tanto leve como de grande resist\u00eancia, garantindo que h\u00e1 uma carretilha perfeita para cada pescador.<\/p>\n<\/li>\n<\/ul>\n<\/li>\n<li data-start=\"3592\" data-end=\"4041\">\n<h3 data-start=\"3595\" data-end=\"3623\"><strong data-start=\"3595\" data-end=\"3623\">Design de Cabo Ergon\u00f3mico:<\/strong><\/h3>\n<ul data-start=\"3627\" data-end=\"4041\">\n<li data-start=\"3627\" data-end=\"3848\">\n<p data-start=\"3629\" data-end=\"3848\">Com um design de pega ergon\u00f3mica, estes carretos oferecem conforto durante lan\u00e7amentos longos e movimentos repetitivos de recolha. O apoio da pega \u00e9 otimizado para v\u00e1rios tamanhos de m\u00e3o, garantindo uma pegada segura, independentemente das condi\u00e7\u00f5es.<\/p>\n<\/li>\n<li data-start=\"3852\" data-end=\"4041\">\n<p data-start=\"3854\" data-end=\"4041\"><strong data-start=\"3854\" data-end=\"3880\">Mecanismo Antireverso<\/strong>Com um mecanismo de anti-retorno integrado, estes carretes previnem o movimento para tr\u00e1s, mantendo a sua linha na posi\u00e7\u00e3o e adicionando estabilidade \u00e0 sua t\u00e9cnica de pesca.<\/p>\n<\/li>\n<\/ul>\n<\/li>\n<li data-start=\"4043\" data-end=\"4529\">\n<h3 data-start=\"4046\" data-end=\"4084\"><strong data-start=\"4046\" data-end=\"4084\">Pedidos em Grande Escala B2B e Personaliza\u00e7\u00e3o:<\/strong><\/h3>\n<ul data-start=\"4088\" data-end=\"4529\">\n<li data-start=\"4088\" data-end=\"4349\">\n<p data-start=\"4090\" data-end=\"4349\">Como fornecedor l\u00edder para clientes B2B, a HK Tackle oferece op\u00e7\u00f5es de compra em grande quantidade para retalhistas, distribuidores e guias de pesca. Podemos satisfazer grandes encomendas com branding personaliz\u00e1vel, garantindo que o seu neg\u00f3cio ofere\u00e7a produtos de alta qualidade sob o seu nome de marca.<\/p>\n<\/li>\n<li data-start=\"4353\" data-end=\"4529\">\n<p data-start=\"4355\" data-end=\"4529\"><strong data-start=\"4355\" data-end=\"4372\">Envio R\u00e1pido<\/strong>Oferecemos op\u00e7\u00f5es de envio globais e fi\u00e1veis, garantindo que os seus produtos cheguem a tempo, esteja voc\u00ea a reabastecer a sua loja ou a cumprir encomendas de clientes.<\/p>\n<\/li>\n<\/ul>\n<\/li>\n<\/ol>\n<h2 data-start=\"4531\" data-end=\"4581\"><img loading=\"lazy\" decoding=\"async\" class=\"alignnone wp-image-1844\" src=\"https:\/\/hktackle.com\/wp-content\/uploads\/2025\/11\/best-fly-fishing-reels-9.jpg\" alt=\"venda de carretes de mosca\" width=\"390\" height=\"390\" title=\"\" srcset=\"https:\/\/hktackle.com\/wp-content\/uploads\/2025\/11\/best-fly-fishing-reels-9.jpg 750w, https:\/\/hktackle.com\/wp-content\/uploads\/2025\/11\/best-fly-fishing-reels-9-300x300.jpg 300w, https:\/\/hktackle.com\/wp-content\/uploads\/2025\/11\/best-fly-fishing-reels-9-150x150.jpg 150w, https:\/\/hktackle.com\/wp-content\/uploads\/2025\/11\/best-fly-fishing-reels-9-600x600.jpg 600w\" sizes=\"auto, (max-width: 390px) 100vw, 390px\" \/><img loading=\"lazy\" decoding=\"async\" class=\"alignnone wp-image-1842\" src=\"https:\/\/hktackle.com\/wp-content\/uploads\/2025\/11\/best-fly-fishing-reels-7.jpg\" alt=\"molinete de mosca de \u00e1gua salgada\" width=\"390\" height=\"390\" title=\"\" srcset=\"https:\/\/hktackle.com\/wp-content\/uploads\/2025\/11\/best-fly-fishing-reels-7.jpg 750w, https:\/\/hktackle.com\/wp-content\/uploads\/2025\/11\/best-fly-fishing-reels-7-300x300.jpg 300w, https:\/\/hktackle.com\/wp-content\/uploads\/2025\/11\/best-fly-fishing-reels-7-150x150.jpg 150w, https:\/\/hktackle.com\/wp-content\/uploads\/2025\/11\/best-fly-fishing-reels-7-600x600.jpg 600w\" sizes=\"auto, (max-width: 390px) 100vw, 390px\" \/><\/h2>\n<h2 data-start=\"4531\" data-end=\"4581\"><strong data-start=\"4536\" data-end=\"4581\">Por que escolher a HK Tackle? <a href=\"https:\/\/hktackle.com\/pt\/\">Molinete de Pesca com Mosca<\/a>?<\/strong><\/h2>\n<p><img loading=\"lazy\" decoding=\"async\" class=\"alignnone wp-image-1469\" src=\"https:\/\/hktackle.com\/wp-content\/uploads\/2025\/11\/HK-fishing-tackle.jpg\" alt=\"HK Fishing Tackle\" width=\"684\" height=\"465\" title=\"\" srcset=\"https:\/\/hktackle.com\/wp-content\/uploads\/2025\/11\/HK-fishing-tackle.jpg 861w, https:\/\/hktackle.com\/wp-content\/uploads\/2025\/11\/HK-fishing-tackle-300x204.jpg 300w, https:\/\/hktackle.com\/wp-content\/uploads\/2025\/11\/HK-fishing-tackle-768x522.jpg 768w, https:\/\/hktackle.com\/wp-content\/uploads\/2025\/11\/HK-fishing-tackle-600x408.jpg 600w\" sizes=\"auto, (max-width: 684px) 100vw, 684px\" \/><\/p>\n<ul data-start=\"4583\" data-end=\"5185\">\n<li data-start=\"4583\" data-end=\"4730\">\n<p data-start=\"4585\" data-end=\"4730\"><strong data-start=\"4585\" data-end=\"4606\">Design Inovador<\/strong>: O nosso <a href=\"https:\/\/hktackle.com\/pt\/introducao-do-produto\/guia-b2b-fornecedor-de-molinetes-de-pesca\/\">molas de pesca com mosca<\/a> apresentam o que h\u00e1 de mais recente na tecnologia de carreteis, garantindo um desempenho suave e durabilidade em todas as condi\u00e7\u00f5es.<\/p>\n<\/li>\n<li data-start=\"4731\" data-end=\"4880\">\n<p data-start=\"4733\" data-end=\"4880\"><strong data-start=\"4733\" data-end=\"4752\">Pronto para \u00e1gua salgada<\/strong>Projetadas para suportar ambientes agressivos de \u00e1gua salgada, estes carret\u00e9is resistem \u00e0 corros\u00e3o e oferecem um desempenho consistente na \u00e1gua.<\/p>\n<\/li>\n<li data-start=\"4881\" data-end=\"5034\">\n<p data-start=\"4883\" data-end=\"5034\"><strong data-start=\"4883\" data-end=\"4908\">Op\u00e7\u00f5es de Personaliza\u00e7\u00e3o<\/strong>Com uma variedade de tamanhos, cores e caracter\u00edsticas para escolher, pode encontrar o carretel perfeito para as suas necessidades espec\u00edficas de pesca.<\/p>\n<\/li>\n<li data-start=\"5035\" data-end=\"5185\">\n<p data-start=\"5037\" data-end=\"5185\"><strong data-start=\"5037\" data-end=\"5063\">Perfeito para fornecimento B2B<\/strong>Com op\u00e7\u00f5es de compra por grosso e branding personalizado, a HK Tackle oferece as solu\u00e7\u00f5es ideais de carreteis de mosca para as necessidades do seu neg\u00f3cio.<\/p>\n<\/li>\n<\/ul>\n<div class=\"wpforms-container\" id=\"wpforms-564\"><form id=\"wpforms-form-564\" class=\"wpforms-validate wpforms-form wpforms-ajax-form\" data-formid=\"564\" method=\"post\" enctype=\"multipart\/form-data\" action=\"\/pt\/wp-json\/wp\/v2\/product\/1835\" data-token=\"a5e36027957c0b678575a16e829041db\" data-token-time=\"1776415157\" data-trp-original-action=\"\/pt\/wp-json\/wp\/v2\/product\/1835\"><div class=\"wpforms-head-container\"><div class=\"wpforms-title\">Solicita\u00e7\u00e3o de Cota\u00e7\u00e3o<\/div><\/div><noscript class=\"wpforms-error-noscript\">Por favor, ative o JavaScript no seu navegador para completar este formul\u00e1rio.<\/noscript><div class=\"wpforms-field-container\"><div id=\"wpforms-564-field_1-container\" class=\"wpforms-field wpforms-field-name\" data-field-id=\"1\"><label class=\"wpforms-field-label wpforms-label-hide\" for=\"wpforms-564-field_1\">Nome <span class=\"wpforms-required-label\">*<\/span><\/label><input type=\"text\" id=\"wpforms-564-field_1\" class=\"wpforms-field-medium wpforms-field-required\" name=\"wpforms[fields][1]\" placeholder=\"Nome\" required><\/div>\t\t<div id=\"wpforms-564-field_7-container\"\n\t\t\tclass=\"wpforms-field wpforms-field-text\"\n\t\t\tdata-field-type=\"text\"\n\t\t\tdata-field-id=\"7\"\n\t\t\t>\n\t\t\t<label class=\"wpforms-field-label\" for=\"wpforms-564-field_7\" >Inqu\u00e9rito de Email do Cliente IP<\/label>\n\t\t\t<input type=\"text\" id=\"wpforms-564-field_7\" class=\"wpforms-field-medium\" name=\"wpforms[fields][7]\" >\n\t\t<\/div>\n\t\t<div id=\"wpforms-564-field_2-container\" class=\"wpforms-field wpforms-field-name\" data-field-id=\"2\"><label class=\"wpforms-field-label wpforms-label-hide\" for=\"wpforms-564-field_2\">Whatsapp <span class=\"wpforms-required-label\">*<\/span><\/label><input type=\"text\" id=\"wpforms-564-field_2\" class=\"wpforms-field-medium wpforms-field-required\" name=\"wpforms[fields][2]\" placeholder=\"Whatapp\" required><\/div><div id=\"wpforms-564-field_4-container\" class=\"wpforms-field wpforms-field-name\" data-field-id=\"4\"><label class=\"wpforms-field-label wpforms-label-hide\" for=\"wpforms-564-field_4\">Email <span class=\"wpforms-required-label\">*<\/span><\/label><input type=\"text\" id=\"wpforms-564-field_4\" class=\"wpforms-field-medium wpforms-field-required\" name=\"wpforms[fields][4]\" placeholder=\"Email\" required><\/div><div id=\"wpforms-564-field_3-container\" class=\"wpforms-field wpforms-field-name\" data-field-id=\"3\"><label class=\"wpforms-field-label wpforms-label-hide\" for=\"wpforms-564-field_3\">Inqu\u00e9rito <span class=\"wpforms-required-label\">*<\/span><\/label><input type=\"text\" id=\"wpforms-564-field_3\" class=\"wpforms-field-medium wpforms-field-required\" name=\"wpforms[fields][3]\" placeholder=\"que produto precisas\" required><\/div><div id=\"wpforms-564-field_5-container\" class=\"wpforms-field wpforms-field-hidden\" data-field-id=\"5\"><input type=\"hidden\" id=\"wpforms-564-field_5\" name=\"wpforms[fields][5]\" value=\"216.73.216.221\"><\/div><div id=\"wpforms-564-field_6-container\" class=\"wpforms-field wpforms-field-hidden\" data-field-id=\"6\"><input type=\"hidden\" id=\"wpforms-564-field_6\" name=\"wpforms[fields][6]\" value=\"https:\/\/hktackle.com\/pt\/wp-json\/wp\/v2\/product\/1835\"><\/div><script>\n\t\t\t\t( function() {\n\t\t\t\t\tconst style = document.createElement( 'style' );\n\t\t\t\t\tstyle.appendChild( document.createTextNode( '#wpforms-564-field_7-container { position: absolute !important; overflow: hidden !important; display: inline !important; height: 1px !important; width: 1px !important; z-index: -1000 !important; padding: 0 !important; } #wpforms-564-field_7-container input { visibility: hidden; } #wpforms-conversational-form-page #wpforms-564-field_7-container label { counter-increment: none; }' ) );\n\t\t\t\t\tdocument.head.appendChild( style );\n\t\t\t\t\tdocument.currentScript?.remove();\n\t\t\t\t} )();\n\t\t\t<\/script><\/div><!-- .wpforms-field-container --><div class=\"wpforms-submit-container\" ><input type=\"hidden\" name=\"wpforms[id]\" value=\"564\"><input type=\"hidden\" name=\"page_title\" value=\"\"><input type=\"hidden\" name=\"page_url\" value=\"https:\/\/hktackle.com\/pt\/wp-json\/wp\/v2\/product\/1835\"><input type=\"hidden\" name=\"url_referer\" value=\"\"><button type=\"submit\" name=\"wpforms[submit]\" id=\"wpforms-submit-564\" class=\"wpforms-submit\" data-alt-text=\"Sending\" data-submit-text=\"Summit\" aria-live=\"assertive\" value=\"wpforms-submit\">Cimeira<\/button><img loading=\"lazy\" decoding=\"async\" src=\"https:\/\/hktackle.com\/wp-content\/plugins\/wpforms\/assets\/images\/submit-spin.svg\" class=\"wpforms-submit-spinner\" style=\"display: none;\" width=\"26\" height=\"26\" alt=\"A carregar\" title=\"\"><\/div><input type=\"hidden\" name=\"trp-form-language\" value=\"pt\"\/><\/form><\/div>  <!-- .wpforms-container -->\n<div id=\"gtx-trans\" style=\"position: absolute; left: 226px; top: 3254.12px;\">\n<div class=\"gtx-trans-icon\"><\/div>\n<\/div>","protected":false},"excerpt":{"rendered":"<div class=\"image-container\">\n<p>Explore o melhor da pesca com mosca com a HK Tackle. <strong data-start=\"5721\" data-end=\"5750\">Carretos de Pesca com Mosca Premium<\/strong>. Projetados para desempenho, durabilidade e resist\u00eancia \u00e0 corros\u00e3o, estes carret\u00e9is destacam-se tanto em ambientes de \u00e1gua salgada como em \u00e1gua doce. Compre os nossos <strong data-start=\"5890\" data-end=\"5907\">venda de carretes de mosca<\/strong> para ofertas imbat\u00edveis hoje.<\/p>\n<\/div>\n<div class=\"wp-block-stackable-button stk-block-button popmake-1340 stk-block stk-13b8711 popmake-1340\" data-block-id=\"13b8711\">\n<style>.stk-13b8711 {min-height:var(--stk--preset--block-height--x-small, 4rem) !important;padding-top:var(--stk--preset--spacing--none, 0px) !important;padding-right:var(--stk--preset--spacing--none, 0px) !important;padding-bottom:var(--stk--preset--spacing--none, 0px) !important;padding-left:var(--stk--preset--spacing--none, 0px) !important;}.stk-13b8711 .stk-button{min-height:36px !important;padding-top:var(--stk--preset--spacing--40, 1rem) !important;padding-right:33px !important;padding-bottom:var(--stk--preset--spacing--40, 1rem) !important;background:#2db2eb !important;border-top-left-radius:var(--stk--preset--border-radius--small, 4px) !important;border-top-right-radius:var(--stk--preset--border-radius--small, 4px) !important;border-bottom-right-radius:var(--stk--preset--border-radius--small, 4px) !important;border-bottom-left-radius:var(--stk--preset--border-radius--small, 4px) !important;}.stk-13b8711 .stk-button__inner-text{color:#fffffe !important;}<\/style>\n<p><a class=\"stk-link stk-button stk--hover-effect-lift-scale-more\"><span class=\"has-text-color stk-button__inner-text\">Solicitar uma Cota\u00e7\u00e3o <\/span><\/a><\/p>\n<\/div>","protected":false},"featured_media":1840,"template":"","meta":[],"product_brand":[],"product_cat":[23],"product_tag":[],"class_list":{"0":"post-1835","1":"product","2":"type-product","3":"status-publish","4":"has-post-thumbnail","6":"product_cat-reels","8":"first","9":"instock","10":"shipping-taxable","11":"product-type-simple"},"_links":{"self":[{"href":"https:\/\/hktackle.com\/pt\/wp-json\/wp\/v2\/product\/1835","targetHints":{"allow":["GET"]}}],"collection":[{"href":"https:\/\/hktackle.com\/pt\/wp-json\/wp\/v2\/product"}],"about":[{"href":"https:\/\/hktackle.com\/pt\/wp-json\/wp\/v2\/types\/product"}],"wp:featuredmedia":[{"embeddable":true,"href":"https:\/\/hktackle.com\/pt\/wp-json\/wp\/v2\/media\/1840"}],"wp:attachment":[{"href":"https:\/\/hktackle.com\/pt\/wp-json\/wp\/v2\/media?parent=1835"}],"wp:term":[{"taxonomy":"product_brand","embeddable":true,"href":"https:\/\/hktackle.com\/pt\/wp-json\/wp\/v2\/product_brand?post=1835"},{"taxonomy":"product_cat","embeddable":true,"href":"https:\/\/hktackle.com\/pt\/wp-json\/wp\/v2\/product_cat?post=1835"},{"taxonomy":"product_tag","embeddable":true,"href":"https:\/\/hktackle.com\/pt\/wp-json\/wp\/v2\/product_tag?post=1835"}],"curies":[{"name":"wp","href":"https:\/\/api.w.org\/{rel}","templated":true}]}}