{"id":1853,"date":"2025-11-13T05:25:09","date_gmt":"2025-11-13T05:25:09","guid":{"rendered":"https:\/\/hktackle.com\/?post_type=product&#038;p=1853"},"modified":"2025-12-02T15:08:46","modified_gmt":"2025-12-02T15:08:46","slug":"conjunto-de-cana-e-molinete-de-baitcasting","status":"publish","type":"product","link":"https:\/\/hktackle.com\/pt\/produto\/conjunto-de-cana-e-molinete-de-baitcasting","title":{"rendered":"Combo de Vara e Molinete Baitcaster Premium \u2013 Pot\u00eancia e Precis\u00e3o Incompar\u00e1veis"},"content":{"rendered":"<h1 data-start=\"150\" data-end=\"237\">Combo de Vara e Molinete Baitcaster Premium \u2013 Pot\u00eancia e Precis\u00e3o Incompar\u00e1veis<\/h1>\n<p data-start=\"270\" data-end=\"733\"><img loading=\"lazy\" decoding=\"async\" class=\"alignnone wp-image-1848\" src=\"https:\/\/hktackle.com\/wp-content\/uploads\/2025\/11\/baitcaster-rod-and-reel-combo-3-551x1024.jpg\" alt=\"conjunto de cana e molinete de baitcasting\" width=\"356\" height=\"662\" title=\"\" srcset=\"https:\/\/hktackle.com\/wp-content\/uploads\/2025\/11\/baitcaster-rod-and-reel-combo-3-551x1024.jpg 551w, https:\/\/hktackle.com\/wp-content\/uploads\/2025\/11\/baitcaster-rod-and-reel-combo-3-161x300.jpg 161w, https:\/\/hktackle.com\/wp-content\/uploads\/2025\/11\/baitcaster-rod-and-reel-combo-3-768x1427.jpg 768w, https:\/\/hktackle.com\/wp-content\/uploads\/2025\/11\/baitcaster-rod-and-reel-combo-3-827x1536.jpg 827w, https:\/\/hktackle.com\/wp-content\/uploads\/2025\/11\/baitcaster-rod-and-reel-combo-3-1102x2048.jpg 1102w, https:\/\/hktackle.com\/wp-content\/uploads\/2025\/11\/baitcaster-rod-and-reel-combo-3-600x1115.jpg 600w, https:\/\/hktackle.com\/wp-content\/uploads\/2025\/11\/baitcaster-rod-and-reel-combo-3-scaled.jpg 1378w\" sizes=\"auto, (max-width: 356px) 100vw, 356px\" \/><img loading=\"lazy\" decoding=\"async\" class=\"alignnone wp-image-1847\" src=\"https:\/\/hktackle.com\/wp-content\/uploads\/2025\/11\/baitcaster-rod-and-reel-combo-2-834x1024.jpg\" alt=\"conjunto de vara e carretel de baitcasting\" width=\"539\" height=\"662\" title=\"\" srcset=\"https:\/\/hktackle.com\/wp-content\/uploads\/2025\/11\/baitcaster-rod-and-reel-combo-2-834x1024.jpg 834w, https:\/\/hktackle.com\/wp-content\/uploads\/2025\/11\/baitcaster-rod-and-reel-combo-2-244x300.jpg 244w, https:\/\/hktackle.com\/wp-content\/uploads\/2025\/11\/baitcaster-rod-and-reel-combo-2-768x943.jpg 768w, https:\/\/hktackle.com\/wp-content\/uploads\/2025\/11\/baitcaster-rod-and-reel-combo-2-1251x1536.jpg 1251w, https:\/\/hktackle.com\/wp-content\/uploads\/2025\/11\/baitcaster-rod-and-reel-combo-2-600x737.jpg 600w, https:\/\/hktackle.com\/wp-content\/uploads\/2025\/11\/baitcaster-rod-and-reel-combo-2.jpg 1500w\" sizes=\"auto, (max-width: 539px) 100vw, 539px\" \/><\/p>\n<p data-start=\"270\" data-end=\"733\">O <strong data-start=\"274\" data-end=\"315\">Pagamento exclusivo <a href=\"https:\/\/hktackle.com\/pt\/guia-de-varas-de-pescar\/\">Conjunto de Vara e Carretilha Baitcaster<\/a><\/strong> a partir de HK Tackle \u00e9 projetado para pescadores s\u00e9rios que exigem o melhor em desempenho, precis\u00e3o e durabilidade. Este combo de topo de gama \u00e9 ideal para uma variedade de estilos de pesca, seja voc\u00ea estiver a pescar robalos em \u00e1gua doce ou gigantes em \u00e1gua salgada. Com uma vara de baitcasting cuidadosamente elaborada e um carreto de alto desempenho, este combo \u00e9 concebido para ajud\u00e1-lo a lan\u00e7ar com precis\u00e3o, a encerrar com pot\u00eancia e a recuperar a sua captura sem esfor\u00e7o.<\/p>\n<h2 data-start=\"735\" data-end=\"757\"><strong data-start=\"740\" data-end=\"757\">Conjunto de cana e carreto Baitcaster Caracter\u00edsticas Principais:<\/strong><\/h2>\n<p><img loading=\"lazy\" decoding=\"async\" class=\"alignnone wp-image-1845\" src=\"https:\/\/hktackle.com\/wp-content\/uploads\/2025\/11\/baitcaster-rod-and-reel-combo-1.jpg\" alt=\"melhor cana de baitcaster\" width=\"352\" height=\"405\" title=\"\" srcset=\"https:\/\/hktackle.com\/wp-content\/uploads\/2025\/11\/baitcaster-rod-and-reel-combo-1.jpg 782w, https:\/\/hktackle.com\/wp-content\/uploads\/2025\/11\/baitcaster-rod-and-reel-combo-1-261x300.jpg 261w, https:\/\/hktackle.com\/wp-content\/uploads\/2025\/11\/baitcaster-rod-and-reel-combo-1-768x884.jpg 768w, https:\/\/hktackle.com\/wp-content\/uploads\/2025\/11\/baitcaster-rod-and-reel-combo-1-600x691.jpg 600w\" sizes=\"auto, (max-width: 352px) 100vw, 352px\" \/><img loading=\"lazy\" decoding=\"async\" class=\"alignnone wp-image-1852\" src=\"https:\/\/hktackle.com\/wp-content\/uploads\/2025\/11\/baitcaster-rod-and-reel-combo-7.jpg\" alt=\"conjunto de cana e molinete de baitcasting\" width=\"419\" height=\"403\" title=\"\" srcset=\"https:\/\/hktackle.com\/wp-content\/uploads\/2025\/11\/baitcaster-rod-and-reel-combo-7.jpg 686w, https:\/\/hktackle.com\/wp-content\/uploads\/2025\/11\/baitcaster-rod-and-reel-combo-7-300x289.jpg 300w, https:\/\/hktackle.com\/wp-content\/uploads\/2025\/11\/baitcaster-rod-and-reel-combo-7-600x577.jpg 600w\" sizes=\"auto, (max-width: 419px) 100vw, 419px\" \/><\/p>\n<p><img loading=\"lazy\" decoding=\"async\" class=\"alignnone wp-image-1851\" src=\"https:\/\/hktackle.com\/wp-content\/uploads\/2025\/11\/baitcaster-rod-and-reel-combo-6.jpg\" alt=\"conjunto de cana e molinete de baitcasting\" width=\"773\" height=\"383\" title=\"\" srcset=\"https:\/\/hktackle.com\/wp-content\/uploads\/2025\/11\/baitcaster-rod-and-reel-combo-6.jpg 938w, https:\/\/hktackle.com\/wp-content\/uploads\/2025\/11\/baitcaster-rod-and-reel-combo-6-300x149.jpg 300w, https:\/\/hktackle.com\/wp-content\/uploads\/2025\/11\/baitcaster-rod-and-reel-combo-6-768x381.jpg 768w, https:\/\/hktackle.com\/wp-content\/uploads\/2025\/11\/baitcaster-rod-and-reel-combo-6-600x297.jpg 600w\" sizes=\"auto, (max-width: 773px) 100vw, 773px\" \/><\/p>\n<p><img loading=\"lazy\" decoding=\"async\" class=\"alignnone wp-image-1850\" src=\"https:\/\/hktackle.com\/wp-content\/uploads\/2025\/11\/baitcaster-rod-and-reel-combo-5.jpg\" alt=\"melhor cana de baitcaster\" width=\"772\" height=\"392\" title=\"\" srcset=\"https:\/\/hktackle.com\/wp-content\/uploads\/2025\/11\/baitcaster-rod-and-reel-combo-5.jpg 933w, https:\/\/hktackle.com\/wp-content\/uploads\/2025\/11\/baitcaster-rod-and-reel-combo-5-300x152.jpg 300w, https:\/\/hktackle.com\/wp-content\/uploads\/2025\/11\/baitcaster-rod-and-reel-combo-5-768x390.jpg 768w, https:\/\/hktackle.com\/wp-content\/uploads\/2025\/11\/baitcaster-rod-and-reel-combo-5-600x305.jpg 600w\" sizes=\"auto, (max-width: 772px) 100vw, 772px\" \/><\/p>\n<p><img loading=\"lazy\" decoding=\"async\" class=\"alignnone wp-image-1846\" src=\"https:\/\/hktackle.com\/wp-content\/uploads\/2025\/11\/baitcaster-rod-and-reel-combo-1.png\" alt=\"conjunto de vara e carretel de baitcasting\" width=\"770\" height=\"357\" title=\"\" srcset=\"https:\/\/hktackle.com\/wp-content\/uploads\/2025\/11\/baitcaster-rod-and-reel-combo-1.png 945w, https:\/\/hktackle.com\/wp-content\/uploads\/2025\/11\/baitcaster-rod-and-reel-combo-1-300x139.png 300w, https:\/\/hktackle.com\/wp-content\/uploads\/2025\/11\/baitcaster-rod-and-reel-combo-1-768x356.png 768w, https:\/\/hktackle.com\/wp-content\/uploads\/2025\/11\/baitcaster-rod-and-reel-combo-1-600x278.png 600w\" sizes=\"auto, (max-width: 770px) 100vw, 770px\" \/><\/p>\n<p>&nbsp;<\/p>\n<ol data-start=\"759\" data-end=\"3921\">\n<li data-start=\"759\" data-end=\"1392\">\n<h3 data-start=\"762\" data-end=\"799\"><strong data-start=\"762\" data-end=\"799\">Vara baitcaster de alto desempenho:<\/strong><\/h3>\n<ul data-start=\"803\" data-end=\"1392\">\n<li data-start=\"803\" data-end=\"1065\">\n<p data-start=\"805\" data-end=\"1065\">O <strong data-start=\"809\" data-end=\"829\">molinete de baitcasting<\/strong> nesta combina\u00e7\u00e3o est\u00e1 equipado com caracter\u00edsticas avan\u00e7adas para lhe proporcionar uma experi\u00eancia de pesca suave e controlada. Com um sistema de freno de precis\u00e3o, este carretel oferece resist\u00eancia consistente, ajudando-o a enfrentar peixes maiores sem perder o controlo.<\/p>\n<\/li>\n<li data-start=\"1069\" data-end=\"1244\">\n<p data-start=\"1071\" data-end=\"1244\"><strong data-start=\"1071\" data-end=\"1105\">Componentes Resistentes \u00e0 Corros\u00e3o<\/strong>Constru\u00eddo com materiais de alta qualidade, o carretel \u00e9 resistente \u00e0 corros\u00e3o, garantindo longevidade e fiabilidade mesmo em ambientes de \u00e1gua salgada.<\/p>\n<\/li>\n<li data-start=\"1248\" data-end=\"1392\">\n<p data-start=\"1250\" data-end=\"1392\"><strong data-start=\"1250\" data-end=\"1274\">Velocidade de Recupera\u00e7\u00e3o R\u00e1pida<\/strong>A alta rela\u00e7\u00e3o de engrenagem permite uma r\u00e1pida recupera\u00e7\u00e3o da linha, tornando este carretel perfeito para apanhar esp\u00e9cies de peixe de r\u00e1pido movimento.<\/p>\n<\/li>\n<\/ul>\n<\/li>\n<li data-start=\"1394\" data-end=\"2060\">\n<h3 data-start=\"1397\" data-end=\"1443\"><strong data-start=\"1397\" data-end=\"1443\">Ergon\u00f3mico e Leve <a href=\"https:\/\/hktackle.com\/pt\/categoria-produto\/combo-de-varas\/\">Melhor vara de baitcasting<\/a>:<\/strong><\/h3>\n<ul data-start=\"1447\" data-end=\"2060\">\n<li data-start=\"1447\" data-end=\"1723\">\n<p data-start=\"1449\" data-end=\"1723\">Constru\u00eddo com materiais de alta qualidade como fibra de carbono ou fibra de vidro, o <strong data-start=\"1521\" data-end=\"1544\">melhor cana de baitcaster<\/strong> \u00e9 leve e incrivelmente resistente. O seu design garante que pode lan\u00e7ar a longas dist\u00e2ncias com esfor\u00e7o m\u00ednimo, tornando mais f\u00e1cil atingir o seu alvo mesmo em condi\u00e7\u00f5es desafiadoras.<\/p>\n<\/li>\n<li data-start=\"1727\" data-end=\"1918\">\n<p data-start=\"1729\" data-end=\"1918\"><strong data-start=\"1729\" data-end=\"1746\">Dica Sens\u00edvel<\/strong>A ponta sens\u00edvel da vara permite-lhe sentir as mais pequenas mordidas e movimentos, dando-lhe uma vantagem distinta ao pescar esp\u00e9cies que exigem delicadeza e precis\u00e3o.<\/p>\n<\/li>\n<li data-start=\"1922\" data-end=\"2060\">\n<p data-start=\"1924\" data-end=\"2060\"><strong data-start=\"1924\" data-end=\"1944\">Agarre Confort\u00e1vel<\/strong>O design ergon\u00f3mico da pega reduz a fadiga das m\u00e3os, garantindo que se mantenha confort\u00e1vel durante longas sess\u00f5es de pesca.<\/p>\n<\/li>\n<\/ul>\n<\/li>\n<li data-start=\"2062\" data-end=\"2625\">\n<h3 data-start=\"2065\" data-end=\"2108\"><strong data-start=\"2065\" data-end=\"2108\">Equil\u00edbrio Perfeito entre Pot\u00eancia e Precis\u00e3o:<\/strong><\/h3>\n<ul data-start=\"2112\" data-end=\"2625\">\n<li data-start=\"2112\" data-end=\"2360\">\n<p data-start=\"2114\" data-end=\"2360\">Isto <strong data-start=\"2119\" data-end=\"2153\">conjunto de vara e carretel de baitcasting<\/strong> oferece o equil\u00edbrio perfeito entre poder e precis\u00e3o. Quer esteja a lan\u00e7ar em \u00e1guas abertas, ao longo da costa, ou em \u00e1reas com vegeta\u00e7\u00e3o densa, esta combina\u00e7\u00e3o proporciona a precis\u00e3o e o controlo necess\u00e1rios para capturar a sua pesca.<\/p>\n<\/li>\n<li data-start=\"2364\" data-end=\"2625\">\n<p data-start=\"2366\" data-end=\"2625\"><strong data-start=\"2366\" data-end=\"2396\">Op\u00e7\u00f5es de Alimenta\u00e7\u00e3o com V\u00e1rios Bast\u00f5es<\/strong>Com v\u00e1rias pot\u00eancias dispon\u00edveis, pode selecionar a vara ideal para as suas necessidades de pesca. Quer esteja a pescar esp\u00e9cies leves ou a enfrentar alvos robustos em \u00e1gua salgada, esta combina\u00e7\u00e3o oferece versatilidade para todos os pescadores.<\/p>\n<\/li>\n<\/ul>\n<\/li>\n<li data-start=\"2627\" data-end=\"3053\">\n<h3 data-start=\"2630\" data-end=\"2669\"><strong data-start=\"2630\" data-end=\"2669\">Vers\u00e1til para Todos os Tipos de Pesca:<\/strong><\/h3>\n<ul data-start=\"2673\" data-end=\"3053\">\n<li data-start=\"2673\" data-end=\"2884\">\n<p data-start=\"2675\" data-end=\"2884\">A combina\u00e7\u00e3o \u00e9 vers\u00e1til o suficiente para v\u00e1rias t\u00e9cnicas de pesca, incluindo flipping, pitching e cranking. Quer esteja a lan\u00e7ar iscos ou isca viva, a combina\u00e7\u00e3o garante que pode adaptar-se a diferentes estilos de pesca.<\/p>\n<\/li>\n<li data-start=\"2888\" data-end=\"3053\">\n<p data-start=\"2890\" data-end=\"3053\"><strong data-start=\"2890\" data-end=\"2908\">F\u00e1cil de Manipular<\/strong>A vara leve facilita a manobra, enquanto o carreteiro oferece um manuseio suave da linha, garantindo que esteja sempre pronto para o seu pr\u00f3ximo lan\u00e7amento.<\/p>\n<\/li>\n<\/ul>\n<\/li>\n<li data-start=\"3055\" data-end=\"3501\">\n<h3 data-start=\"3058\" data-end=\"3076\"><strong data-start=\"3058\" data-end=\"3076\">Constru\u00eddo para Durar:<\/strong><\/h3>\n<ul data-start=\"3080\" data-end=\"3501\">\n<li data-start=\"3080\" data-end=\"3320\">\n<p data-start=\"3082\" data-end=\"3320\">Tanto a vara como o carreto s\u00e3o constru\u00eddos com materiais dur\u00e1veis e de alta qualidade que suportam uso frequente e condi\u00e7\u00f5es clim\u00e1ticas adversas. Quer esteja a pescar em lagos de \u00e1gua doce ou a enfrentar condi\u00e7\u00f5es de \u00e1gua salgada, esta combina\u00e7\u00e3o foi feita para durar.<\/p>\n<\/li>\n<li data-start=\"3324\" data-end=\"3501\">\n<p data-start=\"3326\" data-end=\"3501\"><strong data-start=\"3326\" data-end=\"3350\">Durabilidade a Longo Prazo<\/strong>A combina\u00e7\u00e3o de uma constru\u00e7\u00e3o robusta e materiais avan\u00e7ados garante que esta cana e molinete continuar\u00e3o a funcionar da melhor forma durante muitos anos.<\/p>\n<\/li>\n<\/ul>\n<\/li>\n<li data-start=\"3503\" data-end=\"3921\">\n<h3 data-start=\"3506\" data-end=\"3533\"><strong data-start=\"3506\" data-end=\"3533\">Perfeito para a combina\u00e7\u00e3o de cana e carreto de casting B2B Supply:<\/strong><\/h3>\n<ul data-start=\"3537\" data-end=\"3921\">\n<li data-start=\"3537\" data-end=\"3769\">\n<p data-start=\"3539\" data-end=\"3769\">Como fornecedor B2B confi\u00e1vel, a HK Tackle oferece op\u00e7\u00f5es de compra em grande quantidade para empresas. Distribuidores, revendedores e guias de pesca podem abastecer-se de <strong data-start=\"3683\" data-end=\"3717\">combos de cana e carreto de baitcaster<\/strong> para satisfazer as exig\u00eancias dos seus clientes e consumidores.<\/p>\n<\/li>\n<li data-start=\"3773\" data-end=\"3921\">\n<p data-start=\"3775\" data-end=\"3921\"><strong data-start=\"3775\" data-end=\"3794\">Branding Personalizado<\/strong>As empresas tamb\u00e9m podem personalizar o produto com o seu log\u00f3tipo ou nome da marca, tornando-o perfeito para revenda ou brindes corporativos.<\/p>\n<\/li>\n<\/ul>\n<\/li>\n<\/ol>\n<h2 data-start=\"3923\" data-end=\"3985\"><strong data-start=\"3928\" data-end=\"3985\">Por que escolher a HK Tackle? <a href=\"https:\/\/hktackle.com\/pt\/guia-de-varas-de-pescar\/\">Conjunto de Vara e Carretilha Baitcaster<\/a>?<\/strong><\/h2>\n<ul data-start=\"3987\" data-end=\"4580\">\n<li data-start=\"3987\" data-end=\"4130\">\n<p data-start=\"3989\" data-end=\"4130\"><strong data-start=\"3989\" data-end=\"4014\">Desempenho de Precis\u00e3o<\/strong>Com um foco na precis\u00e3o e pot\u00eancia, esta combina\u00e7\u00e3o \u00e9 perfeita para os pescadores que exigem o melhor do seu equipamento de pesca.<\/p>\n<\/li>\n<li data-start=\"4131\" data-end=\"4277\">\n<p data-start=\"4133\" data-end=\"4277\"><strong data-start=\"4133\" data-end=\"4156\">Resistente \u00e0 corros\u00e3o<\/strong>Constru\u00eddo para funcionar tanto em ambientes de \u00e1gua doce como em \u00e1gua salgada, o carretel \u00e9 resistente \u00e0 corros\u00e3o, assegurando durabilidade.<\/p>\n<\/li>\n<li data-start=\"4278\" data-end=\"4409\">\n<p data-start=\"4280\" data-end=\"4409\"><strong data-start=\"4280\" data-end=\"4295\">Versatilidade<\/strong>Perfeito para uma ampla gama de estilos de pesca, desde a pesca de robalo at\u00e9 a pesca em alto-mar, este conjunto pode lidar com tudo.<\/p>\n<\/li>\n<li data-start=\"4410\" data-end=\"4580\">\n<p data-start=\"4412\" data-end=\"4580\"><strong data-start=\"4412\" data-end=\"4434\">Pedidos em Lote Personalizados<\/strong>A HK Tackle oferece op\u00e7\u00f5es de encomendas em grandes quantidades personalizadas, garantindo que pode satisfazer as necessidades do seu neg\u00f3cio enquanto fornece equipamento de pesca de alta qualidade.<\/p>\n<\/li>\n<\/ul>\n<div class=\"wpforms-container\" id=\"wpforms-564\"><form id=\"wpforms-form-564\" class=\"wpforms-validate wpforms-form wpforms-ajax-form\" data-formid=\"564\" method=\"post\" enctype=\"multipart\/form-data\" action=\"\/pt\/wp-json\/wp\/v2\/product\/1853\" data-token=\"79a33079116f312579aaaa279518c755\" data-token-time=\"1776948135\" data-trp-original-action=\"\/pt\/wp-json\/wp\/v2\/product\/1853\"><div class=\"wpforms-head-container\"><div class=\"wpforms-title\">Solicita\u00e7\u00e3o de Cota\u00e7\u00e3o<\/div><\/div><noscript class=\"wpforms-error-noscript\">Por favor, ative o JavaScript no seu navegador para completar este formul\u00e1rio.<\/noscript><div class=\"wpforms-field-container\"><div id=\"wpforms-564-field_1-container\" class=\"wpforms-field wpforms-field-name\" data-field-id=\"1\"><label class=\"wpforms-field-label wpforms-label-hide\" for=\"wpforms-564-field_1\">Nome <span class=\"wpforms-required-label\">*<\/span><\/label><input type=\"text\" id=\"wpforms-564-field_1\" class=\"wpforms-field-medium wpforms-field-required\" name=\"wpforms[fields][1]\" placeholder=\"Nome\" required><\/div><div id=\"wpforms-564-field_2-container\" class=\"wpforms-field wpforms-field-name\" data-field-id=\"2\"><label class=\"wpforms-field-label wpforms-label-hide\" for=\"wpforms-564-field_2\">Whatsapp <span class=\"wpforms-required-label\">*<\/span><\/label><input type=\"text\" id=\"wpforms-564-field_2\" class=\"wpforms-field-medium wpforms-field-required\" name=\"wpforms[fields][2]\" placeholder=\"Whatapp\" required><\/div><div id=\"wpforms-564-field_4-container\" class=\"wpforms-field wpforms-field-name\" data-field-id=\"4\"><label class=\"wpforms-field-label wpforms-label-hide\" for=\"wpforms-564-field_4\">Email <span class=\"wpforms-required-label\">*<\/span><\/label><input type=\"text\" id=\"wpforms-564-field_4\" class=\"wpforms-field-medium wpforms-field-required\" name=\"wpforms[fields][4]\" placeholder=\"Email\" required><\/div><div id=\"wpforms-564-field_3-container\" class=\"wpforms-field wpforms-field-name\" data-field-id=\"3\"><label class=\"wpforms-field-label wpforms-label-hide\" for=\"wpforms-564-field_3\">Inqu\u00e9rito <span class=\"wpforms-required-label\">*<\/span><\/label><input type=\"text\" id=\"wpforms-564-field_3\" class=\"wpforms-field-medium wpforms-field-required\" name=\"wpforms[fields][3]\" placeholder=\"que produto precisas\" required><\/div><div id=\"wpforms-564-field_5-container\" class=\"wpforms-field wpforms-field-hidden\" data-field-id=\"5\"><input type=\"hidden\" id=\"wpforms-564-field_5\" name=\"wpforms[fields][5]\" value=\"216.73.217.52\"><\/div>\t\t<div id=\"wpforms-564-field_7-container\"\n\t\t\tclass=\"wpforms-field wpforms-field-text\"\n\t\t\tdata-field-type=\"text\"\n\t\t\tdata-field-id=\"7\"\n\t\t\t>\n\t\t\t<label class=\"wpforms-field-label\" for=\"wpforms-564-field_7\" >Inqu\u00e9rito de Whatsapp do Cliente IP<\/label>\n\t\t\t<input type=\"text\" id=\"wpforms-564-field_7\" class=\"wpforms-field-medium\" name=\"wpforms[fields][7]\" >\n\t\t<\/div>\n\t\t<div id=\"wpforms-564-field_6-container\" class=\"wpforms-field wpforms-field-hidden\" data-field-id=\"6\"><input type=\"hidden\" id=\"wpforms-564-field_6\" name=\"wpforms[fields][6]\" value=\"https:\/\/hktackle.com\/pt\/wp-json\/wp\/v2\/product\/1853\"><\/div><script>\n\t\t\t\t( function() {\n\t\t\t\t\tconst style = document.createElement( 'style' );\n\t\t\t\t\tstyle.appendChild( document.createTextNode( '#wpforms-564-field_7-container { position: absolute !important; overflow: hidden !important; display: inline !important; height: 1px !important; width: 1px !important; z-index: -1000 !important; padding: 0 !important; } #wpforms-564-field_7-container input { visibility: hidden; } #wpforms-conversational-form-page #wpforms-564-field_7-container label { counter-increment: none; }' ) );\n\t\t\t\t\tdocument.head.appendChild( style );\n\t\t\t\t\tdocument.currentScript?.remove();\n\t\t\t\t} )();\n\t\t\t<\/script><\/div><!-- .wpforms-field-container --><div class=\"wpforms-submit-container\" ><input type=\"hidden\" name=\"wpforms[id]\" value=\"564\"><input type=\"hidden\" name=\"page_title\" value=\"\"><input type=\"hidden\" name=\"page_url\" value=\"https:\/\/hktackle.com\/pt\/wp-json\/wp\/v2\/product\/1853\"><input type=\"hidden\" name=\"url_referer\" value=\"\"><button type=\"submit\" name=\"wpforms[submit]\" id=\"wpforms-submit-564\" class=\"wpforms-submit\" data-alt-text=\"Sending\" data-submit-text=\"Summit\" aria-live=\"assertive\" value=\"wpforms-submit\">Cimeira<\/button><img loading=\"lazy\" decoding=\"async\" src=\"https:\/\/hktackle.com\/wp-content\/plugins\/wpforms\/assets\/images\/submit-spin.svg\" class=\"wpforms-submit-spinner\" style=\"display: none;\" width=\"26\" height=\"26\" alt=\"A carregar\" title=\"\"><\/div><input type=\"hidden\" name=\"trp-form-language\" value=\"pt\"\/><\/form><\/div>  <!-- .wpforms-container -->","protected":false},"excerpt":{"rendered":"<p>Experimente o m\u00e1ximo em precis\u00e3o de pesca com o <strong data-start=\"5132\" data-end=\"5173\">Conjunto de Vara e Molinete Baitcaster Premium<\/strong> da HK Tackle. Projetado para pot\u00eancia e desempenho, este conjunto \u00e9 perfeito para todos os tipos de pescadores. Fa\u00e7a o seu pedido hoje para uma qualidade e durabilidade imbat\u00edveis.<\/p>\n<div class=\"wp-block-stackable-button stk-block-button popmake-1340 stk-block stk-13b8711 popmake-1340\" data-block-id=\"13b8711\">\n<style>.stk-13b8711 {min-height:var(--stk--preset--block-height--x-small, 4rem) !important;padding-top:var(--stk--preset--spacing--none, 0px) !important;padding-right:var(--stk--preset--spacing--none, 0px) !important;padding-bottom:var(--stk--preset--spacing--none, 0px) !important;padding-left:var(--stk--preset--spacing--none, 0px) !important;}.stk-13b8711 .stk-button{min-height:36px !important;padding-top:var(--stk--preset--spacing--40, 1rem) !important;padding-right:33px !important;padding-bottom:var(--stk--preset--spacing--40, 1rem) !important;background:#2db2eb !important;border-top-left-radius:var(--stk--preset--border-radius--small, 4px) !important;border-top-right-radius:var(--stk--preset--border-radius--small, 4px) !important;border-bottom-right-radius:var(--stk--preset--border-radius--small, 4px) !important;border-bottom-left-radius:var(--stk--preset--border-radius--small, 4px) !important;}.stk-13b8711 .stk-button__inner-text{color:#fffffe !important;}<\/style>\n<p><a class=\"stk-link stk-button stk--hover-effect-lift-scale-more\"><span class=\"has-text-color stk-button__inner-text\">Solicitar uma Cota\u00e7\u00e3o <\/span><\/a><\/p>\n<\/div>","protected":false},"featured_media":1848,"template":"","meta":[],"product_brand":[],"product_cat":[20],"product_tag":[],"class_list":{"0":"post-1853","1":"product","2":"type-product","3":"status-publish","4":"has-post-thumbnail","6":"product_cat-rod-combo","8":"first","9":"instock","10":"shipping-taxable","11":"product-type-simple"},"_links":{"self":[{"href":"https:\/\/hktackle.com\/pt\/wp-json\/wp\/v2\/product\/1853","targetHints":{"allow":["GET"]}}],"collection":[{"href":"https:\/\/hktackle.com\/pt\/wp-json\/wp\/v2\/product"}],"about":[{"href":"https:\/\/hktackle.com\/pt\/wp-json\/wp\/v2\/types\/product"}],"wp:featuredmedia":[{"embeddable":true,"href":"https:\/\/hktackle.com\/pt\/wp-json\/wp\/v2\/media\/1848"}],"wp:attachment":[{"href":"https:\/\/hktackle.com\/pt\/wp-json\/wp\/v2\/media?parent=1853"}],"wp:term":[{"taxonomy":"product_brand","embeddable":true,"href":"https:\/\/hktackle.com\/pt\/wp-json\/wp\/v2\/product_brand?post=1853"},{"taxonomy":"product_cat","embeddable":true,"href":"https:\/\/hktackle.com\/pt\/wp-json\/wp\/v2\/product_cat?post=1853"},{"taxonomy":"product_tag","embeddable":true,"href":"https:\/\/hktackle.com\/pt\/wp-json\/wp\/v2\/product_tag?post=1853"}],"curies":[{"name":"wp","href":"https:\/\/api.w.org\/{rel}","templated":true}]}}