{"id":1876,"date":"2025-11-14T04:14:22","date_gmt":"2025-11-14T04:14:22","guid":{"rendered":"https:\/\/hktackle.com\/?post_type=product&#038;p=1876"},"modified":"2025-12-02T15:09:11","modified_gmt":"2025-12-02T15:09:11","slug":"melhores-canas-de-pesca-em-agua-salgada","status":"publish","type":"product","link":"https:\/\/hktackle.com\/pt\/produto\/melhores-canas-de-pesca-em-agua-salgada","title":{"rendered":"Melhores Varas de Pesca em \u00c1gua Salgada \u2013 Constru\u00eddas para For\u00e7a, Resist\u00eancia e Pesca em Alto-Mar"},"content":{"rendered":"<h1 data-start=\"372\" data-end=\"491\"><strong data-start=\"392\" data-end=\"491\">HK Tackle Premium Melhores Varas de Pesca em \u00c1gua Salgada \u2013 Constru\u00eddas para For\u00e7a, Resist\u00eancia e Performance em Alto-mar<\/strong><\/h1>\n<p><img loading=\"lazy\" decoding=\"async\" class=\"alignnone wp-image-1873\" src=\"https:\/\/hktackle.com\/wp-content\/uploads\/2025\/11\/saltwater-fishing-rods-7.jpg\" alt=\"fornecedor de canas de pesca em \u00e1gua salgada\" width=\"463\" height=\"463\" title=\"\" srcset=\"https:\/\/hktackle.com\/wp-content\/uploads\/2025\/11\/saltwater-fishing-rods-7.jpg 800w, https:\/\/hktackle.com\/wp-content\/uploads\/2025\/11\/saltwater-fishing-rods-7-300x300.jpg 300w, https:\/\/hktackle.com\/wp-content\/uploads\/2025\/11\/saltwater-fishing-rods-7-150x150.jpg 150w, https:\/\/hktackle.com\/wp-content\/uploads\/2025\/11\/saltwater-fishing-rods-7-768x768.jpg 768w, https:\/\/hktackle.com\/wp-content\/uploads\/2025\/11\/saltwater-fishing-rods-7-600x600.jpg 600w\" sizes=\"auto, (max-width: 463px) 100vw, 463px\" \/><img loading=\"lazy\" decoding=\"async\" class=\"alignnone wp-image-1870\" src=\"https:\/\/hktackle.com\/wp-content\/uploads\/2025\/11\/saltwater-fishing-rods-4.jpg\" alt=\"varas de spinning para \u00e1gua salgada\" width=\"459\" height=\"458\" title=\"\" srcset=\"https:\/\/hktackle.com\/wp-content\/uploads\/2025\/11\/saltwater-fishing-rods-4.jpg 800w, https:\/\/hktackle.com\/wp-content\/uploads\/2025\/11\/saltwater-fishing-rods-4-300x300.jpg 300w, https:\/\/hktackle.com\/wp-content\/uploads\/2025\/11\/saltwater-fishing-rods-4-150x150.jpg 150w, https:\/\/hktackle.com\/wp-content\/uploads\/2025\/11\/saltwater-fishing-rods-4-768x767.jpg 768w, https:\/\/hktackle.com\/wp-content\/uploads\/2025\/11\/saltwater-fishing-rods-4-600x600.jpg 600w\" sizes=\"auto, (max-width: 459px) 100vw, 459px\" \/><\/p>\n<hr data-start=\"493\" data-end=\"496\" \/>\n<p data-start=\"498\" data-end=\"1066\">A pesca em \u00e1gua salgada exige equipamento que consiga suportar ambientes extremos, ataques poderosos e longas batalhas com esp\u00e9cies de peixes agressivos. O <strong data-start=\"646\" data-end=\"690\">Melhores canas de pesca em \u00e1gua salgada da HK Tackle<\/strong>\u00a0\u00e9 projetado especificamente para pescadores que necessitam de uma for\u00e7a excepcional, durabilidade e desempenho de lan\u00e7amento em condi\u00e7\u00f5es adversas de \u00e1gua salgada. Como um dos <a href=\"https:\/\/hktackle.com\/pt\/guia-de-varas-de-pescar\/\"><strong data-start=\"845\" data-end=\"876\">melhores canas de pesca em \u00e1gua salgada<\/strong><\/a> para ambos os pescadores profissionais e compradores comerciais, esta cana oferece um poder e sensibilidade excepcionais, tornando-a adequada para uma ampla variedade de aplica\u00e7\u00f5es de pesca em costa e aberto.<\/p>\n<p data-start=\"1068\" data-end=\"1380\">Fabricado com materiais comp\u00f3sitos avan\u00e7ados, a vara oferece um equil\u00edbrio perfeito entre desempenho leve e uma espinha dorsal de alta resist\u00eancia. Quer esteja a procurar redfish, snapper, stripe bass, atum ou tarpon, esta vara proporciona o pot\u00eancia de eleva\u00e7\u00e3o e a capacidade de resposta necess\u00e1ria para sets de anzol r\u00e1pidos e combates prolongados.<\/p>\n<hr data-start=\"1382\" data-end=\"1385\" \/>\n<h2 data-start=\"1387\" data-end=\"1445\"><strong data-start=\"1390\" data-end=\"1445\">Constru\u00e7\u00e3o Premium para Condi\u00e7\u00f5es Dif\u00edceis de \u00c1gua Salgada<\/strong><\/h2>\n<p><img loading=\"lazy\" decoding=\"async\" class=\"alignnone wp-image-1869\" src=\"https:\/\/hktackle.com\/wp-content\/uploads\/2025\/11\/saltwater-fishing-rods-3.jpg\" alt=\"melhores canas de pesca em \u00e1gua salgada\" width=\"514\" height=\"360\" title=\"\" srcset=\"https:\/\/hktackle.com\/wp-content\/uploads\/2025\/11\/saltwater-fishing-rods-3.jpg 750w, https:\/\/hktackle.com\/wp-content\/uploads\/2025\/11\/saltwater-fishing-rods-3-300x210.jpg 300w, https:\/\/hktackle.com\/wp-content\/uploads\/2025\/11\/saltwater-fishing-rods-3-600x420.jpg 600w\" sizes=\"auto, (max-width: 514px) 100vw, 514px\" \/><img loading=\"lazy\" decoding=\"async\" class=\"alignnone wp-image-1875\" src=\"https:\/\/hktackle.com\/wp-content\/uploads\/2025\/11\/saltwater-fishing-rods-9.jpg\" alt=\"fornecedor de canas de pesca em \u00e1gua salgada\" width=\"478\" height=\"360\" title=\"\" srcset=\"https:\/\/hktackle.com\/wp-content\/uploads\/2025\/11\/saltwater-fishing-rods-9.jpg 750w, https:\/\/hktackle.com\/wp-content\/uploads\/2025\/11\/saltwater-fishing-rods-9-300x226.jpg 300w, https:\/\/hktackle.com\/wp-content\/uploads\/2025\/11\/saltwater-fishing-rods-9-600x452.jpg 600w\" sizes=\"auto, (max-width: 478px) 100vw, 478px\" \/><\/p>\n<p data-start=\"1447\" data-end=\"1810\">O equipamento de \u00e1gua salgada deve resistir a ambientes corrosivos, e a HK Tackle compreende a import\u00e2ncia da fiabilidade. Esta vara apresenta <strong data-start=\"1576\" data-end=\"1632\">guias resistentes \u00e0 \u00e1gua salgada, bancos de molinetes e acess\u00f3rios<\/strong>, garantindo durabilidade a longo prazo. O blank \u00e9 selado com um revestimento protetor anticorros\u00e3o que impede a deteriora\u00e7\u00e3o mesmo ap\u00f3s exposi\u00e7\u00e3o repetida a spray de sal e raios UV.<\/p>\n<p data-start=\"1812\" data-end=\"2017\">A pega \u00e9 projetada com <strong data-start=\"1840\" data-end=\"1881\">EVA ou corti\u00e7a antiderrapante e resistente \u00e0 \u00e1gua<\/strong>, oferecendo uma ader\u00eancia e conforto superiores mesmo quando molhado. Este design ergon\u00f3mico reduz a fadiga das m\u00e3os, tornando-o ideal para longas viagens em alto mar.<\/p>\n<hr data-start=\"2019\" data-end=\"2022\" \/>\n<h2 data-start=\"2024\" data-end=\"2069\"><strong data-start=\"2027\" data-end=\"2069\">Dist\u00e2ncia e Precis\u00e3o Superior de Lan\u00e7amento<\/strong><\/h2>\n<p data-start=\"2071\" data-end=\"2427\">O <a href=\"https:\/\/hktackle.com\/pt\/dicas-de-pesca\/desempenho-de-acao-de-potencia-da-vara-de-pescar\/\"><strong data-start=\"2075\" data-end=\"2102\">varas de spinning para \u00e1gua salgada<\/strong> <\/a>As varas da HK Tackle s\u00e3o constru\u00eddas para proporcionar lan\u00e7amentos suaves, controlados e de longa dist\u00e2ncia. O layout leve dos guias minimiza o atrito, permitindo que os pescadores lancem mais longe com menos esfor\u00e7o. Quer esteja a lan\u00e7ar jigs pesados, iscas vivas ou iscas de superf\u00edcie, esta vara oferece precis\u00e3o consistente, mesmo em condi\u00e7\u00f5es de vento forte no mar.<\/p>\n<p data-start=\"2429\" data-end=\"2559\">A ponta responsiva da vara garante uma apresenta\u00e7\u00e3o precisa das iscas, uma vantagem chave ao mirar esp\u00e9cies de \u00e1gua salgada sob press\u00e3o ou exigentes.<\/p>\n<p data-start=\"2429\" data-end=\"2559\"><img loading=\"lazy\" decoding=\"async\" class=\"alignnone wp-image-1871\" src=\"https:\/\/hktackle.com\/wp-content\/uploads\/2025\/11\/saltwater-fishing-rods-5.jpg\" alt=\"melhores canas de pesca em \u00e1gua salgada\" width=\"395\" height=\"351\" title=\"\" srcset=\"https:\/\/hktackle.com\/wp-content\/uploads\/2025\/11\/saltwater-fishing-rods-5.jpg 800w, https:\/\/hktackle.com\/wp-content\/uploads\/2025\/11\/saltwater-fishing-rods-5-300x267.jpg 300w, https:\/\/hktackle.com\/wp-content\/uploads\/2025\/11\/saltwater-fishing-rods-5-768x684.jpg 768w, https:\/\/hktackle.com\/wp-content\/uploads\/2025\/11\/saltwater-fishing-rods-5-600x534.jpg 600w\" sizes=\"auto, (max-width: 395px) 100vw, 395px\" \/><img loading=\"lazy\" decoding=\"async\" class=\"alignnone wp-image-1867\" src=\"https:\/\/hktackle.com\/wp-content\/uploads\/2025\/11\/saltwater-fishing-rods-1.jpg\" alt=\"varas de spinning para \u00e1gua salgada \" width=\"635\" height=\"354\" title=\"\" srcset=\"https:\/\/hktackle.com\/wp-content\/uploads\/2025\/11\/saltwater-fishing-rods-1.jpg 750w, https:\/\/hktackle.com\/wp-content\/uploads\/2025\/11\/saltwater-fishing-rods-1-300x167.jpg 300w, https:\/\/hktackle.com\/wp-content\/uploads\/2025\/11\/saltwater-fishing-rods-1-600x334.jpg 600w\" sizes=\"auto, (max-width: 635px) 100vw, 635px\" \/><\/p>\n<hr data-start=\"2561\" data-end=\"2564\" \/>\n<h2 data-start=\"2566\" data-end=\"2606\"><strong data-start=\"2569\" data-end=\"2606\">Poder e Sensibilidade Excecionais<\/strong><\/h2>\n<p data-start=\"2608\" data-end=\"2877\">Uma das caracter\u00edsticas mais valiosas de uma cana de spinning em \u00e1gua salgada de gama alta \u00e9 a sua capacidade de proporcionar pot\u00eancia sem sacrificar a sensibilidade. A tecnologia avan\u00e7ada de blank de cana da HK Tackle permite que os pescadores sintam toques subtis enquanto mant\u00eam a resist\u00eancia necess\u00e1ria para controlar peixes poderosos.<\/p>\n<p data-start=\"2879\" data-end=\"3101\">A se\u00e7\u00e3o m\u00e9dia a inferior da vara \u00e9 constru\u00edda com camadas de fibra de carbono refor\u00e7ada, proporcionando um poder de levantamento excepcional. Este design permite que os pescadores exer\u00e7am a m\u00e1xima press\u00e3o durante as batalhas sem se preocupar com a falha da vara.<\/p>\n<hr data-start=\"3103\" data-end=\"3106\" \/>\n<h2 data-start=\"3108\" data-end=\"3156\"><strong data-start=\"3111\" data-end=\"3156\">Ideal para V\u00e1rias Aplica\u00e7\u00f5es em \u00c1gua Salgada<\/strong><\/h2>\n<p data-start=\"3158\" data-end=\"3316\">Se o seu mercado exige <a href=\"https:\/\/hktackle.com\/pt\/categoria-produto\/combo-de-varas\/\">varas de spinning para \u00e1gua salgada<\/a> para pescadores casuais, capit\u00e3es de charter ou pescadores competitivos, este modelo \u00e9 adequado para uma ampla gama de cen\u00e1rios de \u00e1gua salgada:<\/p>\n<ul data-start=\"3318\" data-end=\"3502\">\n<li data-start=\"3318\" data-end=\"3378\">\n<p data-start=\"3320\" data-end=\"3378\"><strong data-start=\"3320\" data-end=\"3340\">Pesca costeira:<\/strong> l\u00facio, truta do mar, snook, linguado<\/p>\n<\/li>\n<li data-start=\"3379\" data-end=\"3438\">\n<p data-start=\"3381\" data-end=\"3438\"><strong data-start=\"3381\" data-end=\"3403\">Pesca costeira:<\/strong> robalo riscado, peixe-azul, cavala<\/p>\n<\/li>\n<li data-start=\"3439\" data-end=\"3502\">\n<p data-start=\"3441\" data-end=\"3502\"><strong data-start=\"3441\" data-end=\"3462\">Pesca de alto-mar:<\/strong> mahi-mahi, atum, amberjack, barracuda<\/p>\n<\/li>\n<\/ul>\n<p data-start=\"3504\" data-end=\"3632\">A vara est\u00e1 dispon\u00edvel em v\u00e1rias pot\u00eancias e comprimentos, tornando-a adequada para jigging, trolling, lan\u00e7amento ou pesca de fundo.<\/p>\n<hr data-start=\"3634\" data-end=\"3637\" \/>\n<h2 data-start=\"3639\" data-end=\"3696\"><strong data-start=\"3642\" data-end=\"3696\">Fi\u00e1vel para Compras em Grande Escala e Distribui\u00e7\u00e3o a Retalho<\/strong><\/h2>\n<p data-start=\"3698\" data-end=\"3967\"><img loading=\"lazy\" decoding=\"async\" class=\"alignnone wp-image-1874\" src=\"https:\/\/hktackle.com\/wp-content\/uploads\/2025\/11\/saltwater-fishing-rods-8.jpg\" alt=\"melhores canas de pesca em \u00e1gua salgada\" width=\"408\" height=\"319\" title=\"\" srcset=\"https:\/\/hktackle.com\/wp-content\/uploads\/2025\/11\/saltwater-fishing-rods-8.jpg 800w, https:\/\/hktackle.com\/wp-content\/uploads\/2025\/11\/saltwater-fishing-rods-8-300x235.jpg 300w, https:\/\/hktackle.com\/wp-content\/uploads\/2025\/11\/saltwater-fishing-rods-8-768x601.jpg 768w, https:\/\/hktackle.com\/wp-content\/uploads\/2025\/11\/saltwater-fishing-rods-8-600x470.jpg 600w\" sizes=\"auto, (max-width: 408px) 100vw, 408px\" \/><\/p>\n<p data-start=\"3698\" data-end=\"3967\">Como um l\u00edder <a href=\"https:\/\/hktackle.com\/pt\/guia-de-varas-de-pescar\/\"><strong data-start=\"3711\" data-end=\"3746\">fornecedor de canas de pesca em \u00e1gua salgada<\/strong><\/a>A HK Tackle oferece servi\u00e7os de fabrica\u00e7\u00e3o e venda por grosso B2B abrangentes. As nossas varas s\u00e3o projetadas n\u00e3o apenas para pescadores, mas tamb\u00e9m para distribuidores, lojas de produtos de pesca, vendedores de e-commerce, operadores de frotas de charter e marcas OEM.<\/p>\n<h3 data-start=\"3969\" data-end=\"3998\"><strong data-start=\"3973\" data-end=\"3998\">Os benef\u00edcios B2B incluem:<\/strong><\/h3>\n<ul data-start=\"3999\" data-end=\"4218\">\n<li data-start=\"3999\" data-end=\"4049\">\n<p data-start=\"4001\" data-end=\"4049\">Controlo de qualidade est\u00e1vel para encomendas de grande volume<\/p>\n<\/li>\n<li data-start=\"4050\" data-end=\"4129\">\n<p data-start=\"4052\" data-end=\"4129\">Op\u00e7\u00f5es de personaliza\u00e7\u00e3o em m\u00faltiplos n\u00edveis (marca, embalagem, cores, componentes)<\/p>\n<\/li>\n<li data-start=\"4130\" data-end=\"4178\">\n<p data-start=\"4132\" data-end=\"4178\">Pre\u00e7os de atacado competitivos diretamente da f\u00e1brica<\/p>\n<\/li>\n<li data-start=\"4179\" data-end=\"4218\">\n<p data-start=\"4181\" data-end=\"4218\">Produ\u00e7\u00e3o r\u00e1pida e envio global<\/p>\n<\/li>\n<\/ul>\n<p data-start=\"4220\" data-end=\"4339\">As empresas tamb\u00e9m podem solicitar a\u00e7\u00f5es de var\u00e3o personalizadas, materiais de cabo, configura\u00e7\u00f5es de guiamento e impress\u00e3o de marca privada.<\/p>\n<hr data-start=\"4341\" data-end=\"4344\" \/>\n<h2 data-start=\"4346\" data-end=\"4405\"><strong data-start=\"4349\" data-end=\"4405\">Por que escolher a HK Tackle como as suas melhores canas de pesca em \u00e1gua salgada <\/strong><strong data-start=\"4349\" data-end=\"4405\">Fornecedor?<\/strong><\/h2>\n<ul data-start=\"4407\" data-end=\"4698\">\n<li data-start=\"4407\" data-end=\"4454\">\n<p data-start=\"4409\" data-end=\"4454\">10 anos de experi\u00eancia na fabrica\u00e7\u00e3o de varas<\/p>\n<\/li>\n<li data-start=\"4455\" data-end=\"4521\">\n<p data-start=\"4457\" data-end=\"4521\">Barras dur\u00e1veis projetadas especificamente para desempenho em \u00e1gua salgada<\/p>\n<\/li>\n<li data-start=\"4522\" data-end=\"4577\">\n<p data-start=\"4524\" data-end=\"4577\">Materiais comprovados e componentes resistentes \u00e0 corros\u00e3o<\/p>\n<\/li>\n<li data-start=\"4578\" data-end=\"4628\">\n<p data-start=\"4580\" data-end=\"4628\">Apoio profissional OEM\/ODM para marcas globais<\/p>\n<\/li>\n<li data-start=\"4629\" data-end=\"4698\">\n<p data-start=\"4631\" data-end=\"4698\">Capacidade de fornecer linhas de produtos tanto de alta gama como acess\u00edveis.<\/p>\n<\/li>\n<\/ul>\n<p data-start=\"4700\" data-end=\"4815\">Com HK Tackle, ganha um parceiro fi\u00e1vel <a href=\"https:\/\/hktackle.com\/pt\/noticias-da-industria\/varas-de-surf-vs-varas-de-agua-salgada\/\">varas de pesca em \u00e1gua salgada<\/a> fornecedor comprometido com parcerias de longo prazo e excel\u00eancia consistente nos produtos.<\/p>\n<p data-start=\"4700\" data-end=\"4815\"><div class=\"wpforms-container\" id=\"wpforms-564\"><form id=\"wpforms-form-564\" class=\"wpforms-validate wpforms-form wpforms-ajax-form\" data-formid=\"564\" method=\"post\" enctype=\"multipart\/form-data\" action=\"\/pt\/wp-json\/wp\/v2\/product\/1876\" data-token=\"3a27290115edac4e9507e4eda9c9e8f3\" data-token-time=\"1776510858\" data-trp-original-action=\"\/pt\/wp-json\/wp\/v2\/product\/1876\"><div class=\"wpforms-head-container\"><div class=\"wpforms-title\">Solicita\u00e7\u00e3o de Cota\u00e7\u00e3o<\/div><\/div><noscript class=\"wpforms-error-noscript\">Por favor, ative o JavaScript no seu navegador para completar este formul\u00e1rio.<\/noscript><div class=\"wpforms-field-container\"><div id=\"wpforms-564-field_1-container\" class=\"wpforms-field wpforms-field-name\" data-field-id=\"1\"><label class=\"wpforms-field-label wpforms-label-hide\" for=\"wpforms-564-field_1\">Nome <span class=\"wpforms-required-label\">*<\/span><\/label><input type=\"text\" id=\"wpforms-564-field_1\" class=\"wpforms-field-medium wpforms-field-required\" name=\"wpforms[fields][1]\" placeholder=\"Nome\" required><\/div><div id=\"wpforms-564-field_2-container\" class=\"wpforms-field wpforms-field-name\" data-field-id=\"2\"><label class=\"wpforms-field-label wpforms-label-hide\" for=\"wpforms-564-field_2\">Whatsapp <span class=\"wpforms-required-label\">*<\/span><\/label><input type=\"text\" id=\"wpforms-564-field_2\" class=\"wpforms-field-medium wpforms-field-required\" name=\"wpforms[fields][2]\" placeholder=\"Whatapp\" required><\/div>\t\t<div id=\"wpforms-564-field_7-container\"\n\t\t\tclass=\"wpforms-field wpforms-field-text\"\n\t\t\tdata-field-type=\"text\"\n\t\t\tdata-field-id=\"7\"\n\t\t\t>\n\t\t\t<label class=\"wpforms-field-label\" for=\"wpforms-564-field_7\" >P\u00e1gina de consulta do Whatsapp Email<\/label>\n\t\t\t<input type=\"text\" id=\"wpforms-564-field_7\" class=\"wpforms-field-medium\" name=\"wpforms[fields][7]\" >\n\t\t<\/div>\n\t\t<div id=\"wpforms-564-field_4-container\" class=\"wpforms-field wpforms-field-name\" data-field-id=\"4\"><label class=\"wpforms-field-label wpforms-label-hide\" for=\"wpforms-564-field_4\">Email <span class=\"wpforms-required-label\">*<\/span><\/label><input type=\"text\" id=\"wpforms-564-field_4\" class=\"wpforms-field-medium wpforms-field-required\" name=\"wpforms[fields][4]\" placeholder=\"Email\" required><\/div><div id=\"wpforms-564-field_3-container\" class=\"wpforms-field wpforms-field-name\" data-field-id=\"3\"><label class=\"wpforms-field-label wpforms-label-hide\" for=\"wpforms-564-field_3\">Inqu\u00e9rito <span class=\"wpforms-required-label\">*<\/span><\/label><input type=\"text\" id=\"wpforms-564-field_3\" class=\"wpforms-field-medium wpforms-field-required\" name=\"wpforms[fields][3]\" placeholder=\"que produto precisas\" required><\/div><div id=\"wpforms-564-field_5-container\" class=\"wpforms-field wpforms-field-hidden\" data-field-id=\"5\"><input type=\"hidden\" id=\"wpforms-564-field_5\" name=\"wpforms[fields][5]\" value=\"216.73.216.42\"><\/div><div id=\"wpforms-564-field_6-container\" class=\"wpforms-field wpforms-field-hidden\" data-field-id=\"6\"><input type=\"hidden\" id=\"wpforms-564-field_6\" name=\"wpforms[fields][6]\" value=\"https:\/\/hktackle.com\/pt\/wp-json\/wp\/v2\/product\/1876\"><\/div><script>\n\t\t\t\t( function() {\n\t\t\t\t\tconst style = document.createElement( 'style' );\n\t\t\t\t\tstyle.appendChild( document.createTextNode( '#wpforms-564-field_7-container { position: absolute !important; overflow: hidden !important; display: inline !important; height: 1px !important; width: 1px !important; z-index: -1000 !important; padding: 0 !important; } #wpforms-564-field_7-container input { visibility: hidden; } #wpforms-conversational-form-page #wpforms-564-field_7-container label { counter-increment: none; }' ) );\n\t\t\t\t\tdocument.head.appendChild( style );\n\t\t\t\t\tdocument.currentScript?.remove();\n\t\t\t\t} )();\n\t\t\t<\/script><\/div><!-- .wpforms-field-container --><div class=\"wpforms-submit-container\" ><input type=\"hidden\" name=\"wpforms[id]\" value=\"564\"><input type=\"hidden\" name=\"page_title\" value=\"\"><input type=\"hidden\" name=\"page_url\" value=\"https:\/\/hktackle.com\/pt\/wp-json\/wp\/v2\/product\/1876\"><input type=\"hidden\" name=\"url_referer\" value=\"\"><button type=\"submit\" name=\"wpforms[submit]\" id=\"wpforms-submit-564\" class=\"wpforms-submit\" data-alt-text=\"Sending\" data-submit-text=\"Summit\" aria-live=\"assertive\" value=\"wpforms-submit\">Cimeira<\/button><img loading=\"lazy\" decoding=\"async\" src=\"https:\/\/hktackle.com\/wp-content\/plugins\/wpforms\/assets\/images\/submit-spin.svg\" class=\"wpforms-submit-spinner\" style=\"display: none;\" width=\"26\" height=\"26\" alt=\"A carregar\" title=\"\"><\/div><input type=\"hidden\" name=\"trp-form-language\" value=\"pt\"\/><\/form><\/div>  <!-- .wpforms-container --><\/p>\n<div id=\"gtx-trans\" style=\"position: absolute; left: 249px; top: 3421.5px;\">\n<div class=\"gtx-trans-icon\"><\/div>\n<\/div>","protected":false},"excerpt":{"rendered":"<p>A vara de spinning Premium Saltwater da HK Tackle oferece for\u00e7a, sensibilidade e durabilidade resistente \u00e0 corros\u00e3o para todos os ambientes de \u00e1gua salgada. Ideal para pesca costal e aberta, com op\u00e7\u00f5es de atacado e OEM dispon\u00edveis.<\/p>\n<div class=\"wp-block-stackable-button stk-block-button popmake-1340 stk-block stk-13b8711 popmake-1340\" data-block-id=\"13b8711\">\n<style>.stk-13b8711 {min-height:var(--stk--preset--block-height--x-small, 4rem) !important;padding-top:var(--stk--preset--spacing--none, 0px) !important;padding-right:var(--stk--preset--spacing--none, 0px) !important;padding-bottom:var(--stk--preset--spacing--none, 0px) !important;padding-left:var(--stk--preset--spacing--none, 0px) !important;}.stk-13b8711 .stk-button{min-height:36px !important;padding-top:var(--stk--preset--spacing--40, 1rem) !important;padding-right:33px !important;padding-bottom:var(--stk--preset--spacing--40, 1rem) !important;background:#2db2eb !important;border-top-left-radius:var(--stk--preset--border-radius--small, 4px) !important;border-top-right-radius:var(--stk--preset--border-radius--small, 4px) !important;border-bottom-right-radius:var(--stk--preset--border-radius--small, 4px) !important;border-bottom-left-radius:var(--stk--preset--border-radius--small, 4px) !important;}.stk-13b8711 .stk-button__inner-text{color:#fffffe !important;}<\/style>\n<p><a class=\"stk-link stk-button stk--hover-effect-lift-scale-more\"><span class=\"has-text-color stk-button__inner-text\">Solicitar uma Cota\u00e7\u00e3o <\/span><\/a><\/p>\n<\/div>","protected":false},"featured_media":1868,"template":"","meta":[],"product_brand":[],"product_cat":[20],"product_tag":[],"class_list":{"0":"post-1876","1":"product","2":"type-product","3":"status-publish","4":"has-post-thumbnail","6":"product_cat-rod-combo","8":"first","9":"instock","10":"shipping-taxable","11":"product-type-simple"},"_links":{"self":[{"href":"https:\/\/hktackle.com\/pt\/wp-json\/wp\/v2\/product\/1876","targetHints":{"allow":["GET"]}}],"collection":[{"href":"https:\/\/hktackle.com\/pt\/wp-json\/wp\/v2\/product"}],"about":[{"href":"https:\/\/hktackle.com\/pt\/wp-json\/wp\/v2\/types\/product"}],"wp:featuredmedia":[{"embeddable":true,"href":"https:\/\/hktackle.com\/pt\/wp-json\/wp\/v2\/media\/1868"}],"wp:attachment":[{"href":"https:\/\/hktackle.com\/pt\/wp-json\/wp\/v2\/media?parent=1876"}],"wp:term":[{"taxonomy":"product_brand","embeddable":true,"href":"https:\/\/hktackle.com\/pt\/wp-json\/wp\/v2\/product_brand?post=1876"},{"taxonomy":"product_cat","embeddable":true,"href":"https:\/\/hktackle.com\/pt\/wp-json\/wp\/v2\/product_cat?post=1876"},{"taxonomy":"product_tag","embeddable":true,"href":"https:\/\/hktackle.com\/pt\/wp-json\/wp\/v2\/product_tag?post=1876"}],"curies":[{"name":"wp","href":"https:\/\/api.w.org\/{rel}","templated":true}]}}