{"id":1888,"date":"2025-11-14T05:06:07","date_gmt":"2025-11-14T05:06:07","guid":{"rendered":"https:\/\/hktackle.com\/?post_type=product&#038;p=1888"},"modified":"2025-12-02T15:15:10","modified_gmt":"2025-12-02T15:15:10","slug":"fabricante-de-carreteis-de-pesca-em-surf","status":"publish","type":"product","link":"https:\/\/hktackle.com\/pt\/produto\/fabricante-de-carreteis-de-pesca-em-surf","title":{"rendered":"Mulinhos de Pesca em Surf para Desempenho em \u00c1gua Salgada e Fornecimento B2B"},"content":{"rendered":"<h1 data-start=\"906\" data-end=\"977\"><strong data-start=\"906\" data-end=\"977\">Molas de Surf Fishing Premium para Desempenho em \u00c1gua Salgada e Fornecimento B2B<\/strong><\/h1>\n<p data-start=\"979\" data-end=\"1478\">A HK Tackle \u00e9 um fabricante e exportador profissional de alta resist\u00eancia. <a href=\"https:\/\/hktackle.com\/pt\/guia-de-carreteis-de-pesca\/\"><strong data-start=\"1050\" data-end=\"1072\">carretos de pesca em praia<\/strong><\/a> projectados especificamente para ambientes de lan\u00e7amento em \u00e1gua salgada. Os nossos molinetes s\u00e3o constru\u00eddos para grossistas globais, marcas de artigos de pesca e retalhistas que procuram um desempenho duradouro, qualidade de produ\u00e7\u00e3o est\u00e1vel e pre\u00e7os OEM competitivos. Ao combinar engenharia de precis\u00e3o com materiais resistentes \u00e0 corros\u00e3o, a HK Tackle oferece molinetes de surf capazes de lidar com ondas poderosas, lan\u00e7amentos de longa dist\u00e2ncia e grandes esp\u00e9cies costeiras.<\/p>\n<p data-start=\"979\" data-end=\"1478\"><img loading=\"lazy\" decoding=\"async\" class=\"alignnone size-full wp-image-1262\" src=\"https:\/\/hktackle.com\/wp-content\/uploads\/2025\/10\/surf-reel-9.png\" alt=\"carretos de pesca em praia\" width=\"402\" height=\"519\" title=\"\" srcset=\"https:\/\/hktackle.com\/wp-content\/uploads\/2025\/10\/surf-reel-9.png 402w, https:\/\/hktackle.com\/wp-content\/uploads\/2025\/10\/surf-reel-9-232x300.png 232w\" sizes=\"auto, (max-width: 402px) 100vw, 402px\" \/><img loading=\"lazy\" decoding=\"async\" class=\"alignnone size-full wp-image-1259\" src=\"https:\/\/hktackle.com\/wp-content\/uploads\/2025\/10\/surf-reel-6.png\" alt=\"melhor carreto de pesca em surf\" width=\"390\" height=\"531\" title=\"\" srcset=\"https:\/\/hktackle.com\/wp-content\/uploads\/2025\/10\/surf-reel-6.png 390w, https:\/\/hktackle.com\/wp-content\/uploads\/2025\/10\/surf-reel-6-220x300.png 220w\" sizes=\"auto, (max-width: 390px) 100vw, 390px\" \/><\/p>\n<hr data-start=\"1480\" data-end=\"1483\" \/>\n<h2 data-start=\"1485\" data-end=\"1534\"><strong data-start=\"1488\" data-end=\"1534\">Desenhado para Lan\u00e7amentos \u00e0 Dist\u00e2ncia na Costa<\/strong><\/h2>\n<p data-start=\"1536\" data-end=\"1907\">Um verdadeiro <a href=\"https:\/\/hktackle.com\/pt\/guia-de-carreteis-de-pesca\/\"><strong data-start=\"1543\" data-end=\"1564\">carrete de surf para pesca<\/strong><\/a> deve encontrar um equil\u00edbrio entre a capacidade do carretel, a suavidade do lan\u00e7amento e a estabilidade do arrasto. A HK Tackle utiliza carret\u00e9is de alum\u00ednio usinados em CNC para reduzir peso enquanto mant\u00e9m a integridade estrutural sob alta tens\u00e3o da linha. A borda do carretel otimizada minimiza o atrito, permitindo que linhas monofilamento ou tran\u00e7adas fluam suavemente durante lan\u00e7amentos de longa dist\u00e2ncia.<\/p>\n<p data-start=\"1909\" data-end=\"2191\">A engrenagem interna \u00e9 fabricada com op\u00e7\u00f5es em a\u00e7o inoxid\u00e1vel ou lat\u00e3o, dependendo dos requisitos do mercado-alvo. As rela\u00e7\u00f5es de engrenagem podem ser personalizadas para corresponder \u00e0s prefer\u00eancias de pesca locais\u2014seja uma recupera\u00e7\u00e3o r\u00e1pida para estilos de surf ativos ou uma recupera\u00e7\u00e3o moderada para iscas pesadas e grandes esp\u00e9cies de surf.<\/p>\n<hr data-start=\"2193\" data-end=\"2196\" \/>\n<h2 data-start=\"2198\" data-end=\"2258\"><strong data-start=\"2201\" data-end=\"2258\">Resist\u00eancia \u00e0 Corros\u00e3o por \u00c1gua Doce para Ambientes Hostis<\/strong><\/h2>\n<p data-start=\"2260\" data-end=\"2527\">A exposi\u00e7\u00e3o \u00e0 \u00e1gua salgada \u00e9 o principal fator que determina a longevidade em <a href=\"https:\/\/hktackle.com\/pt\/introducao-do-produto\/guia-b2b-fornecedor-de-molinetes-de-pesca\/\"><strong data-start=\"2330\" data-end=\"2352\">carretos de pesca em praia<\/strong><\/a>Para atender \u00e0s expectativas dos compradores globais B2B, a HK Tackle aplica tratamentos anticorros\u00e3o em v\u00e1rias camadas utilizando superf\u00edcies anodizadas, componentes de grau marinho e rolamentos selados.<\/p>\n<p data-start=\"2529\" data-end=\"2553\">As principais prote\u00e7\u00f5es incluem:<\/p>\n<ul data-start=\"2555\" data-end=\"2791\">\n<li data-start=\"2555\" data-end=\"2606\">\n<p data-start=\"2557\" data-end=\"2606\"><strong data-start=\"2557\" data-end=\"2604\">Constru\u00e7\u00e3o do corpo \u00e0 prova de \u00e1gua com classifica\u00e7\u00e3o IPX<\/strong><\/p>\n<\/li>\n<li data-start=\"2607\" data-end=\"2646\">\n<p data-start=\"2609\" data-end=\"2646\"><strong data-start=\"2609\" data-end=\"2644\">Rolamentos revestidos de prote\u00e7\u00e3o contra sal<\/strong><\/p>\n<\/li>\n<li data-start=\"2647\" data-end=\"2696\">\n<p data-start=\"2649\" data-end=\"2696\"><strong data-start=\"2649\" data-end=\"2694\">Sistema de arrasto selado com arruelas sint\u00e9ticas<\/strong><\/p>\n<\/li>\n<li data-start=\"2697\" data-end=\"2742\">\n<p data-start=\"2699\" data-end=\"2742\"><strong data-start=\"2699\" data-end=\"2740\">Eixo principal em a\u00e7o inoxid\u00e1vel refor\u00e7ado<\/strong><\/p>\n<\/li>\n<li data-start=\"2743\" data-end=\"2791\">\n<p data-start=\"2745\" data-end=\"2791\"><strong data-start=\"2745\" data-end=\"2789\">Parafusos e componentes internos resistentes \u00e0 ferrugem<\/strong><\/p>\n<\/li>\n<\/ul>\n<p data-start=\"2793\" data-end=\"2948\">Esta constru\u00e7\u00e3o minimiza a corros\u00e3o, a degrada\u00e7\u00e3o dos engrenagens e a intrus\u00e3o de sal\u2014requisitos cr\u00edticos para o desenvolvimento de uma <a href=\"https:\/\/hktackle.com\/pt\/categoria-produto\/carreteis\/\"><strong data-start=\"2908\" data-end=\"2934\">melhor carreto de pesca em surf<\/strong><\/a> linha de produtos.<\/p>\n<hr data-start=\"2950\" data-end=\"2953\" \/>\n<h2 data-start=\"2955\" data-end=\"3008\"><strong data-start=\"2958\" data-end=\"3008\">Sistema de Arrasto Poderoso para Esp\u00e9cies Costeiras de Grande Porte<\/strong><\/h2>\n<p data-start=\"3010\" data-end=\"3276\">Os pescadores \u00e0 surf motivam-se a pescar peixes fortes e de r\u00e1pido nado, como o robalo riscado, o peixe-azul, o tamboril vermelho, o tarpon e a cavala espanhola. Para suportar estas cargas, a HK Tackle constr\u00f3i sistemas de arrasto de alta capacidade utilizando an\u00e9is de arrasto em fibra de carbono que proporcionam uma press\u00e3o est\u00e1vel sem sobreaquecer.<\/p>\n<p data-start=\"3278\" data-end=\"3295\">As caracter\u00edsticas incluem:<\/p>\n<ul data-start=\"3297\" data-end=\"3504\">\n<li data-start=\"3297\" data-end=\"3357\">\n<p data-start=\"3299\" data-end=\"3357\"><strong data-start=\"3299\" data-end=\"3355\">Arrasto de alta pot\u00eancia (at\u00e9 20\u201330 kg dependendo do modelo)<\/strong><\/p>\n<\/li>\n<li data-start=\"3358\" data-end=\"3404\">\n<p data-start=\"3360\" data-end=\"3404\"><strong data-start=\"3360\" data-end=\"3402\">Empilhamento h\u00edbrido de arrasto em carbono e a\u00e7o inoxid\u00e1vel<\/strong><\/p>\n<\/li>\n<li data-start=\"3405\" data-end=\"3458\">\n<p data-start=\"3407\" data-end=\"3458\"><strong data-start=\"3407\" data-end=\"3456\">Desempenho antiaderente sob alta tens\u00e3o de linha<\/strong><\/p>\n<\/li>\n<li data-start=\"3459\" data-end=\"3504\">\n<p data-start=\"3461\" data-end=\"3504\"><strong data-start=\"3461\" data-end=\"3502\">Arranque suave para redu\u00e7\u00e3o do choque na linha<\/strong><\/p>\n<\/li>\n<\/ul>\n<p data-start=\"3506\" data-end=\"3605\">Mesmo os modelos de bobinas de n\u00edvel b\u00e1sico podem ser atualizados para se adequar a mercados premium, dependendo da prefer\u00eancia do comprador.<\/p>\n<hr data-start=\"3607\" data-end=\"3610\" \/>\n<h2 data-start=\"3612\" data-end=\"3660\"><strong data-start=\"3615\" data-end=\"3660\">Design Ergon\u00f3mico para Pesca \u00e0 Surf durante Todo o Dia<\/strong><\/h2>\n<p data-start=\"3662\" data-end=\"3832\">Um carretel confort\u00e1vel \u00e9 essencial para os pescadores que passam longas horas a pescar em praias, recifes ou costas rochosas. A HK Tackle atualiza componentes ergon\u00f3micos para melhorar a experi\u00eancia do utilizador:<\/p>\n<ul data-start=\"3834\" data-end=\"3993\">\n<li data-start=\"3834\" data-end=\"3870\">\n<p data-start=\"3836\" data-end=\"3870\">Mangas de cabo de alum\u00ednio em tamanho grande<\/p>\n<\/li>\n<li data-start=\"3871\" data-end=\"3897\">\n<p data-start=\"3873\" data-end=\"3897\">Design de manivela antiderrapante<\/p>\n<\/li>\n<li data-start=\"3898\" data-end=\"3944\">\n<p data-start=\"3900\" data-end=\"3944\">Rotor equilibrado para recupera\u00e7\u00e3o sem vibra\u00e7\u00f5es<\/p>\n<\/li>\n<li data-start=\"3945\" data-end=\"3993\">\n<p data-start=\"3947\" data-end=\"3993\">Materiais de corpo leve para reduzir a fadiga<\/p>\n<\/li>\n<\/ul>\n<p data-start=\"3995\" data-end=\"4138\">N\u00f3s produzimos <strong data-start=\"4006\" data-end=\"4027\">carrete de surf para pesca<\/strong> modelos em grafite, comp\u00f3sitos refor\u00e7ados com carbono e carrocerias completamente em alum\u00ednio para suportar m\u00faltiplos segmentos de pre\u00e7o.<\/p>\n<hr data-start=\"4140\" data-end=\"4143\" \/>\n<h2 data-start=\"4145\" data-end=\"4187\"><strong data-start=\"4148\" data-end=\"4187\">Personaliza\u00e7\u00e3o OEM para Compradores Globais<\/strong><\/h2>\n<p><img loading=\"lazy\" decoding=\"async\" class=\"alignnone wp-image-1469\" src=\"https:\/\/hktackle.com\/wp-content\/uploads\/2025\/11\/HK-fishing-tackle.jpg\" alt=\"HK Fishing Tackle\" width=\"691\" height=\"470\" title=\"\" srcset=\"https:\/\/hktackle.com\/wp-content\/uploads\/2025\/11\/HK-fishing-tackle.jpg 861w, https:\/\/hktackle.com\/wp-content\/uploads\/2025\/11\/HK-fishing-tackle-300x204.jpg 300w, https:\/\/hktackle.com\/wp-content\/uploads\/2025\/11\/HK-fishing-tackle-768x522.jpg 768w, https:\/\/hktackle.com\/wp-content\/uploads\/2025\/11\/HK-fishing-tackle-600x408.jpg 600w\" sizes=\"auto, (max-width: 691px) 100vw, 691px\" \/><\/p>\n<p data-start=\"4189\" data-end=\"4287\">HK Tackle apoia a produ\u00e7\u00e3o de marca pr\u00f3pria e OEM\/ODM para todos <a href=\"https:\/\/hktackle.com\/pt\/categoria-produto\/carreteis\/\"><strong data-start=\"4253\" data-end=\"4275\">carretos de pesca em praia<\/strong><\/a>, incluindo:<\/p>\n<ul data-start=\"4289\" data-end=\"4502\">\n<li data-start=\"4289\" data-end=\"4324\">\n<p data-start=\"4291\" data-end=\"4324\">Cores personalizados e anodiza\u00e7\u00e3o<\/p>\n<\/li>\n<li data-start=\"4325\" data-end=\"4355\">\n<p data-start=\"4327\" data-end=\"4355\">Tamanhos de bobinas: <strong data-start=\"4339\" data-end=\"4353\">4000\u201312000<\/strong><\/p>\n<\/li>\n<li data-start=\"4356\" data-end=\"4380\">\n<p data-start=\"4358\" data-end=\"4380\">Sele\u00e7\u00e3o da rela\u00e7\u00e3o de transmiss\u00e3o<\/p>\n<\/li>\n<li data-start=\"4381\" data-end=\"4422\">\n<p data-start=\"4383\" data-end=\"4422\">Personalizar material e formato<\/p>\n<\/li>\n<li data-start=\"4423\" data-end=\"4452\">\n<p data-start=\"4425\" data-end=\"4452\">Logotipo da marca gravado a laser<\/p>\n<\/li>\n<li data-start=\"4453\" data-end=\"4502\">\n<p data-start=\"4455\" data-end=\"4502\">Embalagens personalizadas e caixas prontas para o retalho<\/p>\n<\/li>\n<\/ul>\n<p data-start=\"4504\" data-end=\"4676\">Colaboramos com compradores para alinhar as especifica\u00e7\u00f5es de desempenho com os mercados-alvo, seja o seu foco no retalho em massa, em lojas de artigos especializados ou em linhas de equipamento de surf de alta gama.<\/p>\n<hr data-start=\"4678\" data-end=\"4681\" \/>\n<h2 data-start=\"4683\" data-end=\"4740\"><strong data-start=\"4686\" data-end=\"4740\">Fluxo de Trabalho de Controlo de Qualidade para Produ\u00e7\u00e3o Consistente<\/strong><\/h2>\n<p data-start=\"4742\" data-end=\"4926\">Os clientes B2B dependem da consist\u00eancia do produto. A HK Tackle implementa procedimentos de controlo de qualidade rigorosos, desde as mat\u00e9rias-primas at\u00e9 \u00e0 inspe\u00e7\u00e3o final. Cada lote de <strong data-start=\"4882\" data-end=\"4908\">melhor carreto de pesca em surf<\/strong> modelos passam por:<\/p>\n<ol data-start=\"4928\" data-end=\"5161\">\n<li data-start=\"4928\" data-end=\"4960\">\n<p data-start=\"4931\" data-end=\"4960\"><strong data-start=\"4931\" data-end=\"4958\">Teste de suavidade de engrenagens<\/strong><\/p>\n<\/li>\n<li data-start=\"4961\" data-end=\"4995\">\n<p data-start=\"4964\" data-end=\"4995\"><strong data-start=\"4964\" data-end=\"4993\">Testes de carga de estabilidade de arrasto<\/strong><\/p>\n<\/li>\n<li data-start=\"4996\" data-end=\"5041\">\n<p data-start=\"4999\" data-end=\"5041\"><strong data-start=\"4999\" data-end=\"5039\">Gerir testes de press\u00e3o e resist\u00eancia<\/strong><\/p>\n<\/li>\n<li data-start=\"5042\" data-end=\"5082\">\n<p data-start=\"5045\" data-end=\"5082\"><strong data-start=\"5045\" data-end=\"5080\">Simula\u00e7\u00e3o de corros\u00e3o por spray salino<\/strong><\/p>\n<\/li>\n<li data-start=\"5083\" data-end=\"5116\">\n<p data-start=\"5086\" data-end=\"5116\"><strong data-start=\"5086\" data-end=\"5114\">Inspe\u00e7\u00e3o de equil\u00edbrio do rotor<\/strong><\/p>\n<\/li>\n<li data-start=\"5117\" data-end=\"5161\">\n<p data-start=\"5120\" data-end=\"5161\"><strong data-start=\"5120\" data-end=\"5159\">Verifica\u00e7\u00f5es finais de montagem e embalagem<\/strong><\/p>\n<\/li>\n<\/ol>\n<p data-start=\"5163\" data-end=\"5284\">Estes processos garantem que cada envio corresponda aos padr\u00f5es da sua marca e oferece um desempenho fi\u00e1vel aos utilizadores finais.<\/p>\n<hr data-start=\"5286\" data-end=\"5289\" \/>\n<h2 data-start=\"5291\" data-end=\"5329\"><strong data-start=\"5294\" data-end=\"5329\">Embalagem, Envio e Log\u00edstica<\/strong><\/h2>\n<p data-start=\"5331\" data-end=\"5418\">Para apoiar distribuidores internacionais, a HK Tackle fornece solu\u00e7\u00f5es log\u00edsticas personalizadas:<\/p>\n<ul data-start=\"5420\" data-end=\"5643\">\n<li data-start=\"5420\" data-end=\"5472\">\n<p data-start=\"5422\" data-end=\"5472\">Embalagem de retalho individual para produtos de marca<\/p>\n<\/li>\n<li data-start=\"5473\" data-end=\"5512\">\n<p data-start=\"5475\" data-end=\"5512\">Caixas em massa para efici\u00eancia no transporte<\/p>\n<\/li>\n<li data-start=\"5513\" data-end=\"5550\">\n<p data-start=\"5515\" data-end=\"5550\">Rotulagem opcional de c\u00f3digo de barras e SKU<\/p>\n<\/li>\n<li data-start=\"5551\" data-end=\"5596\">\n<p data-start=\"5553\" data-end=\"5596\">Prote\u00e7\u00e3o em espuma refor\u00e7ada durante o transporte<\/p>\n<\/li>\n<li data-start=\"5597\" data-end=\"5643\">\n<p data-start=\"5599\" data-end=\"5643\">Carregamento de contentores de tamanhos mistos e modelos mistos<\/p>\n<\/li>\n<\/ul>\n<p data-start=\"5645\" data-end=\"5750\">Tamb\u00e9m oferecemos amostragem r\u00e1pida para novas linhas de produtos e relat\u00f3rios de especifica\u00e7\u00e3o detalhados para cada modelo de bobina.<\/p>\n<hr data-start=\"5752\" data-end=\"5755\" \/>\n<h2 data-start=\"5757\" data-end=\"5812\"><strong data-start=\"5760\" data-end=\"5812\">Por que escolher a HK Tackle como seu fornecedor de molinetes para surf?<\/strong><\/h2>\n<ul data-start=\"5814\" data-end=\"6094\">\n<li data-start=\"5814\" data-end=\"5869\">\n<p data-start=\"5816\" data-end=\"5869\">F\u00e1brica OEM profissional especializada em carret\u00e9is de surf<\/p>\n<\/li>\n<li data-start=\"5870\" data-end=\"5913\">\n<p data-start=\"5872\" data-end=\"5913\">Fortes capacidades em engenharia e P&amp;D<\/p>\n<\/li>\n<li data-start=\"5914\" data-end=\"5963\">\n<p data-start=\"5916\" data-end=\"5963\">Produ\u00e7\u00e3o flex\u00edvel para encomendas grandes ou pequenas<\/p>\n<\/li>\n<li data-start=\"5964\" data-end=\"5997\">\n<p data-start=\"5966\" data-end=\"5997\">Pre\u00e7os competitivos por grosso<\/p>\n<\/li>\n<li data-start=\"5998\" data-end=\"6044\">\n<p data-start=\"6000\" data-end=\"6044\">Controlo de qualidade fi\u00e1vel para pedidos repetidos<\/p>\n<\/li>\n<li data-start=\"6045\" data-end=\"6094\">\n<p data-start=\"6047\" data-end=\"6094\">Tempos de resposta r\u00e1pidos e suporte de exporta\u00e7\u00e3o est\u00e1vel<\/p>\n<\/li>\n<\/ul>\n<p data-start=\"6096\" data-end=\"6372\">A HK Tackle est\u00e1 comprometida em oferecer produtos dur\u00e1veis e de alto desempenho. <strong data-start=\"6159\" data-end=\"6181\">carretos de pesca em praia<\/strong> que satisfazem as necessidades dos pescadores de surf em todo o mundo. Se o seu neg\u00f3cio requer modelos de entrada ou designs premium de lan\u00e7amento prolongado, oferecemos solu\u00e7\u00f5es de produtos escal\u00e1veis adaptadas ao seu mercado.<\/p>\n<p data-start=\"6096\" data-end=\"6372\"><div class=\"wpforms-container\" id=\"wpforms-564\"><form id=\"wpforms-form-564\" class=\"wpforms-validate wpforms-form wpforms-ajax-form\" data-formid=\"564\" method=\"post\" enctype=\"multipart\/form-data\" action=\"\/pt\/wp-json\/wp\/v2\/product\/1888\" data-token=\"3a27290115edac4e9507e4eda9c9e8f3\" data-token-time=\"1776509730\" data-trp-original-action=\"\/pt\/wp-json\/wp\/v2\/product\/1888\"><div class=\"wpforms-head-container\"><div class=\"wpforms-title\">Solicita\u00e7\u00e3o de Cota\u00e7\u00e3o<\/div><\/div><noscript class=\"wpforms-error-noscript\">Por favor, ative o JavaScript no seu navegador para completar este formul\u00e1rio.<\/noscript><div class=\"wpforms-field-container\"><div id=\"wpforms-564-field_1-container\" class=\"wpforms-field wpforms-field-name\" data-field-id=\"1\"><label class=\"wpforms-field-label wpforms-label-hide\" for=\"wpforms-564-field_1\">Nome <span class=\"wpforms-required-label\">*<\/span><\/label><input type=\"text\" id=\"wpforms-564-field_1\" class=\"wpforms-field-medium wpforms-field-required\" name=\"wpforms[fields][1]\" placeholder=\"Nome\" required><\/div><div id=\"wpforms-564-field_2-container\" class=\"wpforms-field wpforms-field-name\" data-field-id=\"2\"><label class=\"wpforms-field-label wpforms-label-hide\" for=\"wpforms-564-field_2\">Whatsapp <span class=\"wpforms-required-label\">*<\/span><\/label><input type=\"text\" id=\"wpforms-564-field_2\" class=\"wpforms-field-medium wpforms-field-required\" name=\"wpforms[fields][2]\" placeholder=\"Whatapp\" required><\/div>\t\t<div id=\"wpforms-564-field_7-container\"\n\t\t\tclass=\"wpforms-field wpforms-field-text\"\n\t\t\tdata-field-type=\"text\"\n\t\t\tdata-field-id=\"7\"\n\t\t\t>\n\t\t\t<label class=\"wpforms-field-label\" for=\"wpforms-564-field_7\" >Email Inquiry Cliente IP<\/label>\n\t\t\t<input type=\"text\" id=\"wpforms-564-field_7\" class=\"wpforms-field-medium\" name=\"wpforms[fields][7]\" >\n\t\t<\/div>\n\t\t<div id=\"wpforms-564-field_4-container\" class=\"wpforms-field wpforms-field-name\" data-field-id=\"4\"><label class=\"wpforms-field-label wpforms-label-hide\" for=\"wpforms-564-field_4\">Email <span class=\"wpforms-required-label\">*<\/span><\/label><input type=\"text\" id=\"wpforms-564-field_4\" class=\"wpforms-field-medium wpforms-field-required\" name=\"wpforms[fields][4]\" placeholder=\"Email\" required><\/div><div id=\"wpforms-564-field_3-container\" class=\"wpforms-field wpforms-field-name\" data-field-id=\"3\"><label class=\"wpforms-field-label wpforms-label-hide\" for=\"wpforms-564-field_3\">Inqu\u00e9rito <span class=\"wpforms-required-label\">*<\/span><\/label><input type=\"text\" id=\"wpforms-564-field_3\" class=\"wpforms-field-medium wpforms-field-required\" name=\"wpforms[fields][3]\" placeholder=\"que produto precisas\" required><\/div><div id=\"wpforms-564-field_5-container\" class=\"wpforms-field wpforms-field-hidden\" data-field-id=\"5\"><input type=\"hidden\" id=\"wpforms-564-field_5\" name=\"wpforms[fields][5]\" value=\"216.73.216.42\"><\/div><div id=\"wpforms-564-field_6-container\" class=\"wpforms-field wpforms-field-hidden\" data-field-id=\"6\"><input type=\"hidden\" id=\"wpforms-564-field_6\" name=\"wpforms[fields][6]\" value=\"https:\/\/hktackle.com\/pt\/wp-json\/wp\/v2\/product\/1888\"><\/div><script>\n\t\t\t\t( function() {\n\t\t\t\t\tconst style = document.createElement( 'style' );\n\t\t\t\t\tstyle.appendChild( document.createTextNode( '#wpforms-564-field_7-container { position: absolute !important; overflow: hidden !important; display: inline !important; height: 1px !important; width: 1px !important; z-index: -1000 !important; padding: 0 !important; } #wpforms-564-field_7-container input { visibility: hidden; } #wpforms-conversational-form-page #wpforms-564-field_7-container label { counter-increment: none; }' ) );\n\t\t\t\t\tdocument.head.appendChild( style );\n\t\t\t\t\tdocument.currentScript?.remove();\n\t\t\t\t} )();\n\t\t\t<\/script><\/div><!-- .wpforms-field-container --><div class=\"wpforms-submit-container\" ><input type=\"hidden\" name=\"wpforms[id]\" value=\"564\"><input type=\"hidden\" name=\"page_title\" value=\"\"><input type=\"hidden\" name=\"page_url\" value=\"https:\/\/hktackle.com\/pt\/wp-json\/wp\/v2\/product\/1888\"><input type=\"hidden\" name=\"url_referer\" value=\"\"><button type=\"submit\" name=\"wpforms[submit]\" id=\"wpforms-submit-564\" class=\"wpforms-submit\" data-alt-text=\"Sending\" data-submit-text=\"Summit\" aria-live=\"assertive\" value=\"wpforms-submit\">Cimeira<\/button><img loading=\"lazy\" decoding=\"async\" src=\"https:\/\/hktackle.com\/wp-content\/plugins\/wpforms\/assets\/images\/submit-spin.svg\" class=\"wpforms-submit-spinner\" style=\"display: none;\" width=\"26\" height=\"26\" alt=\"A carregar\" title=\"\"><\/div><input type=\"hidden\" name=\"trp-form-language\" value=\"pt\"\/><\/form><\/div>  <!-- .wpforms-container --><\/p>\n<div id=\"gtx-trans\" style=\"position: absolute; left: 488px; top: 1000.5px;\">\n<div class=\"gtx-trans-icon\"><\/div>\n<\/div>","protected":false},"excerpt":{"rendered":"<div class=\"image-container\">\n<p>Um carreto de pesca em surf de alta resist\u00eancia projetado para lan\u00e7amentos de longa dist\u00e2ncia e resist\u00eancia \u00e0 \u00e1gua salgada. Tamanhos OEM, sistemas de arrasto e marcas dispon\u00edveis na HK Tackle para distribuidores globais.<\/p>\n<\/div>\n<div class=\"wp-block-stackable-button stk-block-button popmake-1340 stk-block stk-13b8711 popmake-1340\" data-block-id=\"13b8711\">\n<style>.stk-13b8711 {min-height:var(--stk--preset--block-height--x-small, 4rem) !important;padding-top:var(--stk--preset--spacing--none, 0px) !important;padding-right:var(--stk--preset--spacing--none, 0px) !important;padding-bottom:var(--stk--preset--spacing--none, 0px) !important;padding-left:var(--stk--preset--spacing--none, 0px) !important;}.stk-13b8711 .stk-button{min-height:36px !important;padding-top:var(--stk--preset--spacing--40, 1rem) !important;padding-right:33px !important;padding-bottom:var(--stk--preset--spacing--40, 1rem) !important;background:#2db2eb !important;border-top-left-radius:var(--stk--preset--border-radius--small, 4px) !important;border-top-right-radius:var(--stk--preset--border-radius--small, 4px) !important;border-bottom-right-radius:var(--stk--preset--border-radius--small, 4px) !important;border-bottom-left-radius:var(--stk--preset--border-radius--small, 4px) !important;}.stk-13b8711 .stk-button__inner-text{color:#fffffe !important;}<\/style>\n<p><a class=\"stk-link stk-button stk--hover-effect-lift-scale-more\"><span class=\"has-text-color stk-button__inner-text\">Solicitar uma Cota\u00e7\u00e3o <\/span><\/a><\/p>\n<\/div>","protected":false},"featured_media":1258,"template":"","meta":[],"product_brand":[],"product_cat":[23],"product_tag":[],"class_list":{"0":"post-1888","1":"product","2":"type-product","3":"status-publish","4":"has-post-thumbnail","6":"product_cat-reels","8":"first","9":"instock","10":"shipping-taxable","11":"product-type-simple"},"_links":{"self":[{"href":"https:\/\/hktackle.com\/pt\/wp-json\/wp\/v2\/product\/1888","targetHints":{"allow":["GET"]}}],"collection":[{"href":"https:\/\/hktackle.com\/pt\/wp-json\/wp\/v2\/product"}],"about":[{"href":"https:\/\/hktackle.com\/pt\/wp-json\/wp\/v2\/types\/product"}],"wp:featuredmedia":[{"embeddable":true,"href":"https:\/\/hktackle.com\/pt\/wp-json\/wp\/v2\/media\/1258"}],"wp:attachment":[{"href":"https:\/\/hktackle.com\/pt\/wp-json\/wp\/v2\/media?parent=1888"}],"wp:term":[{"taxonomy":"product_brand","embeddable":true,"href":"https:\/\/hktackle.com\/pt\/wp-json\/wp\/v2\/product_brand?post=1888"},{"taxonomy":"product_cat","embeddable":true,"href":"https:\/\/hktackle.com\/pt\/wp-json\/wp\/v2\/product_cat?post=1888"},{"taxonomy":"product_tag","embeddable":true,"href":"https:\/\/hktackle.com\/pt\/wp-json\/wp\/v2\/product_tag?post=1888"}],"curies":[{"name":"wp","href":"https:\/\/api.w.org\/{rel}","templated":true}]}}