{"id":1893,"date":"2025-11-16T11:44:27","date_gmt":"2025-11-16T11:44:27","guid":{"rendered":"https:\/\/hktackle.com\/?post_type=product&#038;p=1893"},"modified":"2025-12-02T15:20:55","modified_gmt":"2025-12-02T15:20:55","slug":"fornecedor-de-iscos-de-pesca-macios-em-plastico","status":"publish","type":"product","link":"https:\/\/hktackle.com\/pt\/produto\/fornecedor-de-iscos-de-pesca-macios-em-plastico","title":{"rendered":"Iscos de Pesca Macios Premium para Compradores por Atacado em Todo o Mundo"},"content":{"rendered":"<h1 data-start=\"874\" data-end=\"932\"><strong data-start=\"874\" data-end=\"932\">Iscos de Pesca Macios Premium para Compradores por Atacado em Todo o Mundo<\/strong><\/h1>\n<p><img loading=\"lazy\" decoding=\"async\" class=\"alignnone wp-image-1242\" src=\"https:\/\/hktackle.com\/wp-content\/uploads\/2025\/10\/soft-lure-2-1.png\" alt=\"iscos de pesca em isco macio\" width=\"427\" height=\"489\" title=\"\" srcset=\"https:\/\/hktackle.com\/wp-content\/uploads\/2025\/10\/soft-lure-2-1.png 537w, https:\/\/hktackle.com\/wp-content\/uploads\/2025\/10\/soft-lure-2-1-262x300.png 262w\" sizes=\"auto, (max-width: 427px) 100vw, 427px\" \/><img loading=\"lazy\" decoding=\"async\" class=\"alignnone wp-image-1241\" src=\"https:\/\/hktackle.com\/wp-content\/uploads\/2025\/10\/soft-lure-1-1.png\" alt=\"iscas de pesca macias\" width=\"444\" height=\"489\" title=\"\" srcset=\"https:\/\/hktackle.com\/wp-content\/uploads\/2025\/10\/soft-lure-1-1.png 539w, https:\/\/hktackle.com\/wp-content\/uploads\/2025\/10\/soft-lure-1-1-272x300.png 272w\" sizes=\"auto, (max-width: 444px) 100vw, 444px\" \/><\/p>\n<p data-start=\"934\" data-end=\"1444\">A HK Tackle especializa-se no design e na produ\u00e7\u00e3o em massa de alta qualidade <a href=\"https:\/\/hktackle.com\/pt\/guia-completo-de-iscas-de-pesca\/\"><strong data-start=\"1006\" data-end=\"1028\">iscas de pesca macias<\/strong><\/a> constru\u00eddos para esp\u00e9cies de \u00e1gua doce e salgada. Nossos iscos macios s\u00e3o projetados com flexibilidade, mas durabilidade <strong data-start=\"1129\" data-end=\"1150\">isca suave em pl\u00e1stico<\/strong> que oferece movimento realista, elasticidade duradoura e desempenho fi\u00e1vel. Como fornecedor orientado para a f\u00e1brica com plena capacidade OEM, a HK Tackle serve distribuidores globais, marcas de material de pesca e vendedores de e-commerce que necessitam de fornecimento est\u00e1vel, designs personaliz\u00e1veis e pre\u00e7os B2B competitivos.<\/p>\n<hr data-start=\"1446\" data-end=\"1449\" \/>\n<h2 data-start=\"1451\" data-end=\"1519\"><strong data-start=\"1454\" data-end=\"1519\">A\u00e7\u00e3o de Nata\u00e7\u00e3o Realista com Material de Isco Macio de Alta Elasticidade<\/strong><\/h2>\n<p data-start=\"1521\" data-end=\"1895\">A caracter\u00edstica mais importante de qualquer <a href=\"https:\/\/hktackle.com\/pt\/guia-completo-de-iscas-de-pesca\/\"><strong data-start=\"1555\" data-end=\"1582\">iscos de pesca em isco macio<\/strong><\/a> \u00e9 o seu movimento natural na \u00e1gua. A HK Tackle utiliza uma f\u00f3rmula de pl\u00e1stico macio refinada que produz uma a\u00e7\u00e3o de nata\u00e7\u00e3o suave e realista mesmo a velocidades de recupera\u00e7\u00e3o lenta. Quer os clientes estejam a pescar robalos, trutas, l\u00facios, walleyes, snooks ou esp\u00e9cies de \u00e1gua salgada costeiras, os nossos iscos criam um movimento irresist\u00edvel que imita a presa real.<\/p>\n<p data-start=\"1897\" data-end=\"2102\">O material \u00e9 flex\u00edvel mas resistente a rasgos, garantindo uma vida \u00fatil mais longa mesmo ap\u00f3s impactos repetidos. Isto \u00e9 especialmente valioso para compradores B2B que necessitam de solu\u00e7\u00f5es rent\u00e1veis para vendas a retalho de alto volume.<\/p>\n<hr data-start=\"2104\" data-end=\"2107\" \/>\n<h2 data-start=\"2109\" data-end=\"2171\"><strong data-start=\"2112\" data-end=\"2171\">Isco de Pl\u00e1stico Macio Dur\u00e1vel com M\u00faltiplas Op\u00e7\u00f5es de Densidade<\/strong><\/h2>\n<p data-start=\"2173\" data-end=\"2302\">Mercados diferentes requerem diferentes densidades de iscos. A HK Tackle oferece v\u00e1rias f\u00f3rmulas de pl\u00e1stico macio para atender \u00e0s diversas necessidades de pesca:<\/p>\n<ul data-start=\"2304\" data-end=\"2566\">\n<li data-start=\"2304\" data-end=\"2364\">\n<p data-start=\"2306\" data-end=\"2364\"><strong data-start=\"2306\" data-end=\"2326\">Pl\u00e1stico flutuante<\/strong> para t\u00e9cnicas de superf\u00edcie e de \u00e1gua superficial<\/p>\n<\/li>\n<li data-start=\"2365\" data-end=\"2428\">\n<p data-start=\"2367\" data-end=\"2428\"><strong data-start=\"2367\" data-end=\"2394\">Pl\u00e1stico de densidade neutra<\/strong> para a\u00e7\u00e3o natural de afundamento lento<\/p>\n<\/li>\n<li data-start=\"2429\" data-end=\"2492\">\n<p data-start=\"2431\" data-end=\"2492\"><strong data-start=\"2431\" data-end=\"2453\">Pl\u00e1stico macio pesado<\/strong> para afundar rapidamente ou pesca com jig vertical<\/p>\n<\/li>\n<li data-start=\"2493\" data-end=\"2566\">\n<p data-start=\"2495\" data-end=\"2566\"><strong data-start=\"2495\" data-end=\"2519\">Pl\u00e1stico infundido com sal<\/strong> para maior peso de fundi\u00e7\u00e3o e reten\u00e7\u00e3o de aroma<\/p>\n<\/li>\n<\/ul>\n<p data-start=\"2568\" data-end=\"2681\">Estas op\u00e7\u00f5es permitem aos distribuidores construir linhas completas de produtos de iscas suaves sem depender de v\u00e1rios fornecedores.<\/p>\n<hr data-start=\"2683\" data-end=\"2686\" \/>\n<h2 data-start=\"2688\" data-end=\"2726\"><strong data-start=\"2691\" data-end=\"2726\">Ampla Variedade de Formas e Estilos<\/strong><\/h2>\n<p data-start=\"2728\" data-end=\"2818\">A nossa instala\u00e7\u00e3o de fabrica\u00e7\u00e3o produz uma sele\u00e7\u00e3o completa de <a href=\"https:\/\/hktackle.com\/pt\/guia-completo-de-iscas-de-pesca\/\"><strong data-start=\"2784\" data-end=\"2806\">iscas de pesca macias<\/strong><\/a>, incluindo:<\/p>\n<ul data-start=\"2820\" data-end=\"3040\">\n<li data-start=\"2820\" data-end=\"2845\">\n<p data-start=\"2822\" data-end=\"2845\">Iscas de nata\u00e7\u00e3o com cauda em forma de remo<\/p>\n<\/li>\n<li data-start=\"2846\" data-end=\"2873\">\n<p data-start=\"2848\" data-end=\"2873\">Verme e iscas de finesse<\/p>\n<\/li>\n<li data-start=\"2874\" data-end=\"2905\">\n<p data-start=\"2876\" data-end=\"2905\">Iscas de camar\u00e3o e criaturas<\/p>\n<\/li>\n<li data-start=\"2906\" data-end=\"2931\">\n<p data-start=\"2908\" data-end=\"2931\">Larvas e caudas enroladas<\/p>\n<\/li>\n<li data-start=\"2932\" data-end=\"2966\">\n<p data-start=\"2934\" data-end=\"2966\">Peixe de pl\u00e1stico macio em estilo Minnow<\/p>\n<\/li>\n<li data-start=\"2967\" data-end=\"3010\">\n<p data-start=\"2969\" data-end=\"3010\">lula, camar\u00e3o, e <a href=\"https:\/\/hktackle.com\/pt\/guia-completo-de-iscas-de-pesca\/\">iscas macias de \u00e1gua salgada<\/a><\/p>\n<\/li>\n<li data-start=\"3011\" data-end=\"3040\">\n<p data-start=\"3013\" data-end=\"3040\">Iscos macios pr\u00e9-preparados com jig<\/p>\n<\/li>\n<\/ul>\n<p data-start=\"3042\" data-end=\"3147\">Todos os modelos s\u00e3o concebidos para corresponder aos perfis de presas naturais, maximizando as taxas de ataque mesmo em \u00e1guas pressionadas.<\/p>\n<p data-start=\"3149\" data-end=\"3285\">Se precisar de formas \u00fanicas ou designs exclusivos para o mercado, a HK Tackle pode produzir moldes personalizados de acordo com desenhos ou amostras de refer\u00eancia.<\/p>\n<hr data-start=\"3287\" data-end=\"3290\" \/>\n<h2 data-start=\"3292\" data-end=\"3339\"><strong data-start=\"3295\" data-end=\"3339\">Cores, Aromas e Brilhantes Personaliz\u00e1veis<\/strong><\/h2>\n<p data-start=\"3341\" data-end=\"3447\">Para satisfazer diferentes prefer\u00eancias regionais, a nossa <strong data-start=\"3388\" data-end=\"3415\">iscos de pesca em isco macio<\/strong> os modelos podem ser totalmente personalizados:<\/p>\n<ul data-start=\"3449\" data-end=\"3780\">\n<li data-start=\"3449\" data-end=\"3494\">\n<p data-start=\"3451\" data-end=\"3494\">Cores s\u00f3lidas, transl\u00facidas ou em v\u00e1rias camadas<\/p>\n<\/li>\n<li data-start=\"3495\" data-end=\"3548\">\n<p data-start=\"3497\" data-end=\"3548\">Chartreuse, melancia, p\u00e9rola, preto, fumo, etc.<\/p>\n<\/li>\n<li data-start=\"3549\" data-end=\"3585\">\n<p data-start=\"3551\" data-end=\"3585\">Inje\u00e7\u00f5es ou laminados de cor 3D<\/p>\n<\/li>\n<li data-start=\"3586\" data-end=\"3632\">\n<p data-start=\"3588\" data-end=\"3632\">Adicionados part\u00edculas de glitter ou de folha reflexiva<\/p>\n<\/li>\n<li data-start=\"3633\" data-end=\"3677\">\n<p data-start=\"3635\" data-end=\"3677\">Acabamentos reativos \u00e0 UV ou que brilham no escuro<\/p>\n<\/li>\n<li data-start=\"3678\" data-end=\"3729\">\n<p data-start=\"3680\" data-end=\"3729\">Aromas naturais: camar\u00e3o, \u00f3leo de peixe, anis, alho<\/p>\n<\/li>\n<li data-start=\"3730\" data-end=\"3780\">\n<p data-start=\"3732\" data-end=\"3780\">Formulas de fragr\u00e2ncias personalizadas para marcas de marca pr\u00f3pria<\/p>\n<\/li>\n<\/ul>\n<p data-start=\"3782\" data-end=\"3894\">Esta flexibilidade permite aos clientes desenvolverem linhas de produtos inteiras adaptadas ao comportamento dos peixes locais e \u00e0 procura dos pescadores.<\/p>\n<hr data-start=\"3896\" data-end=\"3899\" \/>\n<h2 data-start=\"3901\" data-end=\"3954\"><strong data-start=\"3904\" data-end=\"3954\">Produ\u00e7\u00e3o OEM e de Marca Branca para Mercados B2B<\/strong><\/h2>\n<p data-start=\"3956\" data-end=\"4030\">A HK Tackle oferece um servi\u00e7o completo de OEM para <strong data-start=\"3996\" data-end=\"4018\">iscas de pesca macias<\/strong>, incluindo:<\/p>\n<h3 data-start=\"4032\" data-end=\"4068\"><strong data-start=\"4036\" data-end=\"4066\">Desenvolvimento de Moldes Personalizados<\/strong><\/h3>\n<p data-start=\"4069\" data-end=\"4084\">Podemos produzir:<\/p>\n<ul data-start=\"4086\" data-end=\"4179\">\n<li data-start=\"4086\" data-end=\"4111\">\n<p data-start=\"4088\" data-end=\"4111\">Moldes de inje\u00e7\u00e3o em a\u00e7o<\/p>\n<\/li>\n<li data-start=\"4112\" data-end=\"4140\">\n<p data-start=\"4114\" data-end=\"4140\">Moldes prot\u00f3tipos de alum\u00ednio<\/p>\n<\/li>\n<li data-start=\"4141\" data-end=\"4179\">\n<p data-start=\"4143\" data-end=\"4179\">Moldes de produ\u00e7\u00e3o em massa de m\u00faltiplas cavidades<\/p>\n<\/li>\n<\/ul>\n<p data-start=\"4181\" data-end=\"4246\">Os compradores tamb\u00e9m podem fornecer desenhos 3D ou amostras de refer\u00eancia f\u00edsicas.<\/p>\n<h3 data-start=\"4248\" data-end=\"4277\"><strong data-start=\"4252\" data-end=\"4275\">2. Embalagem Personalizada<\/strong><\/h3>\n<p data-start=\"4278\" data-end=\"4294\">As op\u00e7\u00f5es incluem:<\/p>\n<ul data-start=\"4296\" data-end=\"4440\">\n<li data-start=\"4296\" data-end=\"4330\">\n<p data-start=\"4298\" data-end=\"4330\">Polybags com cabe\u00e7alho de cart\u00e3o<\/p>\n<\/li>\n<li data-start=\"4331\" data-end=\"4348\">\n<p data-start=\"4333\" data-end=\"4348\">Embalagens blister<\/p>\n<\/li>\n<li data-start=\"4349\" data-end=\"4372\">\n<p data-start=\"4351\" data-end=\"4372\">Caixas r\u00edgidas reutiliz\u00e1veis<\/p>\n<\/li>\n<li data-start=\"4373\" data-end=\"4401\">\n<p data-start=\"4375\" data-end=\"4401\">Caixas de cor prontas para venda a retalho<\/p>\n<\/li>\n<li data-start=\"4402\" data-end=\"4440\">\n<p data-start=\"4404\" data-end=\"4440\">Rotulagem e codifica\u00e7\u00e3o de c\u00f3digo de barras personalizada<\/p>\n<\/li>\n<\/ul>\n<h3 data-start=\"4442\" data-end=\"4471\"><strong data-start=\"4446\" data-end=\"4469\">3. Apoio \u00e0 Marca<\/strong><\/h3>\n<ul data-start=\"4472\" data-end=\"4580\">\n<li data-start=\"4472\" data-end=\"4496\">\n<p data-start=\"4474\" data-end=\"4496\">Impress\u00e3o de log\u00f3tipos personalizados<\/p>\n<\/li>\n<li data-start=\"4497\" data-end=\"4515\">\n<p data-start=\"4499\" data-end=\"4515\">Design de autocolantes<\/p>\n<\/li>\n<li data-start=\"4516\" data-end=\"4534\">\n<p data-start=\"4518\" data-end=\"4534\">Nomea\u00e7\u00e3o de produtos<\/p>\n<\/li>\n<li data-start=\"4535\" data-end=\"4580\">\n<p data-start=\"4537\" data-end=\"4580\">Cria\u00e7\u00e3o completa de line-card para retalhistas<\/p>\n<\/li>\n<\/ul>\n<p data-start=\"4582\" data-end=\"4667\">Isto garante que a sua marca tenha uma apar\u00eancia consistente e profissional em todas as SKU.<\/p>\n<hr data-start=\"4669\" data-end=\"4672\" \/>\n<h2 data-start=\"4674\" data-end=\"4720\"><strong data-start=\"4677\" data-end=\"4720\">Controlo de Qualidade para Encomendas de Grande Volume<\/strong><\/h2>\n<p data-start=\"4722\" data-end=\"4845\">Os clientes B2B exigem qualidade consistente em cada lote. A HK Tackle segue processos de controlo de qualidade rigorosos para cada fase de produ\u00e7\u00e3o:<\/p>\n<ol data-start=\"4847\" data-end=\"5178\">\n<li data-start=\"4847\" data-end=\"4920\">\n<p data-start=\"4850\" data-end=\"4920\"><strong data-start=\"4850\" data-end=\"4880\">Inspe\u00e7\u00e3o de mistura de materiais<\/strong> para garantir suavidade e precis\u00e3o nas cores<\/p>\n<\/li>\n<li data-start=\"4921\" data-end=\"4986\">\n<p data-start=\"4924\" data-end=\"4986\"><strong data-start=\"4924\" data-end=\"4945\">QC de inje\u00e7\u00e3o de moldes<\/strong> para prevenir bolsas de ar e deformidades<\/p>\n<\/li>\n<li data-start=\"4987\" data-end=\"5028\">\n<p data-start=\"4990\" data-end=\"5028\"><strong data-start=\"4990\" data-end=\"5026\">Verifica\u00e7\u00e3o da uniformidade da cor e do aroma<\/strong><\/p>\n<\/li>\n<li data-start=\"5029\" data-end=\"5076\">\n<p data-start=\"5032\" data-end=\"5076\"><strong data-start=\"5032\" data-end=\"5074\">Teste de elasticidade e resist\u00eancia ao rasgamento<\/strong><\/p>\n<\/li>\n<li data-start=\"5077\" data-end=\"5131\">\n<p data-start=\"5080\" data-end=\"5131\"><strong data-start=\"5080\" data-end=\"5129\">Inspe\u00e7\u00e3o de embalagem e verifica\u00e7\u00e3o de c\u00f3digo de barras<\/strong><\/p>\n<\/li>\n<li data-start=\"5132\" data-end=\"5178\">\n<p data-start=\"5135\" data-end=\"5178\"><strong data-start=\"5135\" data-end=\"5176\">Amostragem aleat\u00f3ria em lote antes do envio<\/strong><\/p>\n<\/li>\n<\/ol>\n<p data-start=\"5180\" data-end=\"5299\">Estes passos garantem cada <strong data-start=\"5204\" data-end=\"5225\">isca suave em pl\u00e1stico<\/strong> bait atende \u00e0s expectativas da sua marca e funciona de forma fi\u00e1vel para os utilizadores finais.<\/p>\n<hr data-start=\"5301\" data-end=\"5304\" \/>\n<h2 data-start=\"5306\" data-end=\"5341\"><strong data-start=\"5309\" data-end=\"5341\">Embalagem e Log\u00edstica de Exporta\u00e7\u00e3o<\/strong><\/h2>\n<p data-start=\"5343\" data-end=\"5384\">Para apoiar a distribui\u00e7\u00e3o global, oferecemos:<\/p>\n<ul data-start=\"5386\" data-end=\"5586\">\n<li data-start=\"5386\" data-end=\"5429\">\n<p data-start=\"5388\" data-end=\"5429\">Caixas mestras a granel para poupan\u00e7as de frete<\/p>\n<\/li>\n<li data-start=\"5430\" data-end=\"5472\">\n<p data-start=\"5432\" data-end=\"5472\">Rotulagem de exporta\u00e7\u00e3o personalizada (EAN, UPC, SKU)<\/p>\n<\/li>\n<li data-start=\"5473\" data-end=\"5514\">\n<p data-start=\"5475\" data-end=\"5514\">Envio de modelo misto em um \u00fanico contentor<\/p>\n<\/li>\n<li data-start=\"5515\" data-end=\"5552\">\n<p data-start=\"5517\" data-end=\"5552\">Suporte para envios FCL e LCL<\/p>\n<\/li>\n<li data-start=\"5553\" data-end=\"5586\">\n<p data-start=\"5555\" data-end=\"5586\">Documenta\u00e7\u00e3o de exporta\u00e7\u00e3o detalhada<\/p>\n<\/li>\n<\/ul>\n<p data-start=\"5588\" data-end=\"5687\">O nosso objetivo \u00e9 simplificar a log\u00edstica para compradores internacionais e garantir uma entrega suave e sem danos.<\/p>\n<hr data-start=\"5689\" data-end=\"5692\" \/>\n<h2 data-start=\"5694\" data-end=\"5749\"><img loading=\"lazy\" decoding=\"async\" class=\"alignnone wp-image-1469\" src=\"https:\/\/hktackle.com\/wp-content\/uploads\/2025\/11\/HK-fishing-tackle.jpg\" alt=\"HK Fishing Tackle\" width=\"613\" height=\"417\" title=\"\" srcset=\"https:\/\/hktackle.com\/wp-content\/uploads\/2025\/11\/HK-fishing-tackle.jpg 861w, https:\/\/hktackle.com\/wp-content\/uploads\/2025\/11\/HK-fishing-tackle-300x204.jpg 300w, https:\/\/hktackle.com\/wp-content\/uploads\/2025\/11\/HK-fishing-tackle-768x522.jpg 768w, https:\/\/hktackle.com\/wp-content\/uploads\/2025\/11\/HK-fishing-tackle-600x408.jpg 600w\" sizes=\"auto, (max-width: 613px) 100vw, 613px\" \/><\/h2>\n<h2 data-start=\"5694\" data-end=\"5749\"><strong data-start=\"5697\" data-end=\"5749\">Porque Escolher a HK Tackle como Seu Fornecedor de Isco Mole?<\/strong><\/h2>\n<ul data-start=\"5751\" data-end=\"6075\">\n<li data-start=\"5751\" data-end=\"5805\">\n<p data-start=\"5753\" data-end=\"5805\">Fabricante especializado de <strong data-start=\"5781\" data-end=\"5803\">iscas de pesca macias<\/strong><\/p>\n<\/li>\n<li data-start=\"5806\" data-end=\"5848\">\n<p data-start=\"5808\" data-end=\"5848\">Forte P&amp;D com capacidade de moldes personalizados<\/p>\n<\/li>\n<li data-start=\"5849\" data-end=\"5897\">\n<p data-start=\"5851\" data-end=\"5897\">Fornecimento est\u00e1vel e qualidade de produto repet\u00edvel<\/p>\n<\/li>\n<li data-start=\"5898\" data-end=\"5927\">\n<p data-start=\"5900\" data-end=\"5927\">Quantidades de pedido flex\u00edveis<\/p>\n<\/li>\n<li data-start=\"5928\" data-end=\"5961\">\n<p data-start=\"5930\" data-end=\"5961\">Pre\u00e7os competitivos por grosso<\/p>\n<\/li>\n<li data-start=\"5962\" data-end=\"6016\">\n<p data-start=\"5964\" data-end=\"6016\">Aprova\u00e7\u00e3o r\u00e1pida de amostras e produ\u00e7\u00e3o em massa eficiente<\/p>\n<\/li>\n<li data-start=\"6017\" data-end=\"6075\">\n<p data-start=\"6019\" data-end=\"6075\">Experi\u00eancia em apoio a marcas globais e vendedores online<\/p>\n<\/li>\n<\/ul>\n<p data-start=\"6077\" data-end=\"6221\">A HK Tackle est\u00e1 comprometida em produzir produtos fi\u00e1veis, realistas e personaliz\u00e1veis. <strong data-start=\"6150\" data-end=\"6177\">iscos de pesca em isco macio<\/strong> solu\u00e7\u00f5es para todos os tipos de mercado de pesca.<\/p>\n<p data-start=\"6077\" data-end=\"6221\"><div class=\"wpforms-container\" id=\"wpforms-564\"><form id=\"wpforms-form-564\" class=\"wpforms-validate wpforms-form wpforms-ajax-form\" data-formid=\"564\" method=\"post\" enctype=\"multipart\/form-data\" action=\"\/pt\/wp-json\/wp\/v2\/product\/1893\" data-token=\"79a33079116f312579aaaa279518c755\" data-token-time=\"1776940452\" data-trp-original-action=\"\/pt\/wp-json\/wp\/v2\/product\/1893\"><div class=\"wpforms-head-container\"><div class=\"wpforms-title\">Solicita\u00e7\u00e3o de Cota\u00e7\u00e3o<\/div><\/div><noscript class=\"wpforms-error-noscript\">Por favor, ative o JavaScript no seu navegador para completar este formul\u00e1rio.<\/noscript><div class=\"wpforms-field-container\"><div id=\"wpforms-564-field_1-container\" class=\"wpforms-field wpforms-field-name\" data-field-id=\"1\"><label class=\"wpforms-field-label wpforms-label-hide\" for=\"wpforms-564-field_1\">Nome <span class=\"wpforms-required-label\">*<\/span><\/label><input type=\"text\" id=\"wpforms-564-field_1\" class=\"wpforms-field-medium wpforms-field-required\" name=\"wpforms[fields][1]\" placeholder=\"Nome\" required><\/div>\t\t<div id=\"wpforms-564-field_7-container\"\n\t\t\tclass=\"wpforms-field wpforms-field-text\"\n\t\t\tdata-field-type=\"text\"\n\t\t\tdata-field-id=\"7\"\n\t\t\t>\n\t\t\t<label class=\"wpforms-field-label\" for=\"wpforms-564-field_7\" >P\u00e1gina de Inqu\u00e9rito do Whatsapp Nome<\/label>\n\t\t\t<input type=\"text\" id=\"wpforms-564-field_7\" class=\"wpforms-field-medium\" name=\"wpforms[fields][7]\" >\n\t\t<\/div>\n\t\t<div id=\"wpforms-564-field_2-container\" class=\"wpforms-field wpforms-field-name\" data-field-id=\"2\"><label class=\"wpforms-field-label wpforms-label-hide\" for=\"wpforms-564-field_2\">Whatsapp <span class=\"wpforms-required-label\">*<\/span><\/label><input type=\"text\" id=\"wpforms-564-field_2\" class=\"wpforms-field-medium wpforms-field-required\" name=\"wpforms[fields][2]\" placeholder=\"Whatapp\" required><\/div><div id=\"wpforms-564-field_4-container\" class=\"wpforms-field wpforms-field-name\" data-field-id=\"4\"><label class=\"wpforms-field-label wpforms-label-hide\" for=\"wpforms-564-field_4\">Email <span class=\"wpforms-required-label\">*<\/span><\/label><input type=\"text\" id=\"wpforms-564-field_4\" class=\"wpforms-field-medium wpforms-field-required\" name=\"wpforms[fields][4]\" placeholder=\"Email\" required><\/div><div id=\"wpforms-564-field_3-container\" class=\"wpforms-field wpforms-field-name\" data-field-id=\"3\"><label class=\"wpforms-field-label wpforms-label-hide\" for=\"wpforms-564-field_3\">Inqu\u00e9rito <span class=\"wpforms-required-label\">*<\/span><\/label><input type=\"text\" id=\"wpforms-564-field_3\" class=\"wpforms-field-medium wpforms-field-required\" name=\"wpforms[fields][3]\" placeholder=\"que produto precisas\" required><\/div><div id=\"wpforms-564-field_5-container\" class=\"wpforms-field wpforms-field-hidden\" data-field-id=\"5\"><input type=\"hidden\" id=\"wpforms-564-field_5\" name=\"wpforms[fields][5]\" value=\"216.73.217.52\"><\/div><div id=\"wpforms-564-field_6-container\" class=\"wpforms-field wpforms-field-hidden\" data-field-id=\"6\"><input type=\"hidden\" id=\"wpforms-564-field_6\" name=\"wpforms[fields][6]\" value=\"https:\/\/hktackle.com\/pt\/wp-json\/wp\/v2\/product\/1893\"><\/div><script>\n\t\t\t\t( function() {\n\t\t\t\t\tconst style = document.createElement( 'style' );\n\t\t\t\t\tstyle.appendChild( document.createTextNode( '#wpforms-564-field_7-container { position: absolute !important; overflow: hidden !important; display: inline !important; height: 1px !important; width: 1px !important; z-index: -1000 !important; padding: 0 !important; } #wpforms-564-field_7-container input { visibility: hidden; } #wpforms-conversational-form-page #wpforms-564-field_7-container label { counter-increment: none; }' ) );\n\t\t\t\t\tdocument.head.appendChild( style );\n\t\t\t\t\tdocument.currentScript?.remove();\n\t\t\t\t} )();\n\t\t\t<\/script><\/div><!-- .wpforms-field-container --><div class=\"wpforms-submit-container\" ><input type=\"hidden\" name=\"wpforms[id]\" value=\"564\"><input type=\"hidden\" name=\"page_title\" value=\"\"><input type=\"hidden\" name=\"page_url\" value=\"https:\/\/hktackle.com\/pt\/wp-json\/wp\/v2\/product\/1893\"><input type=\"hidden\" name=\"url_referer\" value=\"\"><button type=\"submit\" name=\"wpforms[submit]\" id=\"wpforms-submit-564\" class=\"wpforms-submit\" data-alt-text=\"Sending\" data-submit-text=\"Summit\" aria-live=\"assertive\" value=\"wpforms-submit\">Cimeira<\/button><img loading=\"lazy\" decoding=\"async\" src=\"https:\/\/hktackle.com\/wp-content\/plugins\/wpforms\/assets\/images\/submit-spin.svg\" class=\"wpforms-submit-spinner\" style=\"display: none;\" width=\"26\" height=\"26\" alt=\"A carregar\" title=\"\"><\/div><input type=\"hidden\" name=\"trp-form-language\" value=\"pt\"\/><\/form><\/div>  <!-- .wpforms-container --><\/p>","protected":false},"excerpt":{"rendered":"<p>Isco de borracha macia de alto desempenho feito de pl\u00e1stico de isco macio dur\u00e1vel com a\u00e7\u00e3o realista. Moldes OEM, cores, aromas e embalagens dispon\u00edveis para grossistas globais.<\/p>\n<div class=\"wp-block-stackable-button stk-block-button popmake-1340 stk-block stk-13b8711 popmake-1340\" data-block-id=\"13b8711\">\n<style>.stk-13b8711 {min-height:var(--stk--preset--block-height--x-small, 4rem) !important;padding-top:var(--stk--preset--spacing--none, 0px) !important;padding-right:var(--stk--preset--spacing--none, 0px) !important;padding-bottom:var(--stk--preset--spacing--none, 0px) !important;padding-left:var(--stk--preset--spacing--none, 0px) !important;}.stk-13b8711 .stk-button{min-height:36px !important;padding-top:var(--stk--preset--spacing--40, 1rem) !important;padding-right:33px !important;padding-bottom:var(--stk--preset--spacing--40, 1rem) !important;background:#2db2eb !important;border-top-left-radius:var(--stk--preset--border-radius--small, 4px) !important;border-top-right-radius:var(--stk--preset--border-radius--small, 4px) !important;border-bottom-right-radius:var(--stk--preset--border-radius--small, 4px) !important;border-bottom-left-radius:var(--stk--preset--border-radius--small, 4px) !important;}.stk-13b8711 .stk-button__inner-text{color:#fffffe !important;}<\/style>\n<p><a class=\"stk-link stk-button stk--hover-effect-lift-scale-more\"><span class=\"has-text-color stk-button__inner-text\">Solicitar uma Cota\u00e7\u00e3o <\/span><\/a><\/p>\n<\/div>","protected":false},"featured_media":1242,"template":"","meta":[],"product_brand":[],"product_cat":[21],"product_tag":[],"class_list":{"0":"post-1893","1":"product","2":"type-product","3":"status-publish","4":"has-post-thumbnail","6":"product_cat-lure-bait","8":"first","9":"instock","10":"featured","11":"shipping-taxable","12":"product-type-simple"},"_links":{"self":[{"href":"https:\/\/hktackle.com\/pt\/wp-json\/wp\/v2\/product\/1893","targetHints":{"allow":["GET"]}}],"collection":[{"href":"https:\/\/hktackle.com\/pt\/wp-json\/wp\/v2\/product"}],"about":[{"href":"https:\/\/hktackle.com\/pt\/wp-json\/wp\/v2\/types\/product"}],"wp:featuredmedia":[{"embeddable":true,"href":"https:\/\/hktackle.com\/pt\/wp-json\/wp\/v2\/media\/1242"}],"wp:attachment":[{"href":"https:\/\/hktackle.com\/pt\/wp-json\/wp\/v2\/media?parent=1893"}],"wp:term":[{"taxonomy":"product_brand","embeddable":true,"href":"https:\/\/hktackle.com\/pt\/wp-json\/wp\/v2\/product_brand?post=1893"},{"taxonomy":"product_cat","embeddable":true,"href":"https:\/\/hktackle.com\/pt\/wp-json\/wp\/v2\/product_cat?post=1893"},{"taxonomy":"product_tag","embeddable":true,"href":"https:\/\/hktackle.com\/pt\/wp-json\/wp\/v2\/product_tag?post=1893"}],"curies":[{"name":"wp","href":"https:\/\/api.w.org\/{rel}","templated":true}]}}