{"id":1947,"date":"2025-11-18T07:24:33","date_gmt":"2025-11-18T07:24:33","guid":{"rendered":"https:\/\/hktackle.com\/?post_type=product&#038;p=1947"},"modified":"2025-12-02T15:21:11","modified_gmt":"2025-12-02T15:21:11","slug":"colecao-de-iscos-de-engodo-de-lula-premium","status":"publish","type":"product","link":"https:\/\/hktackle.com\/pt\/produto\/colecao-de-iscos-de-engodo-de-lula-premium","title":{"rendered":"Cole\u00e7\u00e3o Profissional de Jig e Iscas para Lulas"},"content":{"rendered":"<header>\n<div class=\"container\">\n<h1 class=\"tagline\">Iscos, Iscas e Iscas de Polvo Premium para Captura M\u00e1xima<\/h1>\n<\/div>\n<\/header>\n<nav>\n<div class=\"container\">\n<ul>\n<li style=\"list-style-type: none;\">\n<ul>\n<li><a href=\"#features\">Caracter\u00edsticas<\/a><\/li>\n<li><a href=\"#specs\">Especifica\u00e7\u00f5es<\/a><\/li>\n<li><a href=\"#usage\">Como Utilizar<\/a><\/li>\n<\/ul>\n<\/li>\n<\/ul>\n<\/div>\n<\/nav>\n<section class=\"hero\">\n<div class=\"container\">\n<h2><img loading=\"lazy\" decoding=\"async\" class=\"alignnone size-full wp-image-1196\" src=\"https:\/\/hktackle.com\/wp-content\/uploads\/2025\/10\/squid-lure-2.png\" alt=\"isca de lulas\" width=\"537\" height=\"435\" title=\"\" srcset=\"https:\/\/hktackle.com\/wp-content\/uploads\/2025\/10\/squid-lure-2.png 537w, https:\/\/hktackle.com\/wp-content\/uploads\/2025\/10\/squid-lure-2-300x243.png 300w\" sizes=\"auto, (max-width: 537px) 100vw, 537px\" \/><\/h2>\n<h2>Cole\u00e7\u00e3o Profissional de Iscas e Jig para Lulas<\/h2>\n<p>Descubra os nossos produtos de isco de lulas premium, projetados para aumentar a sua taxa de captura em at\u00e9 300%. Perfeito para a pesca de lulas, tanto recreativa como profissional.<\/p>\n<\/div>\n<\/section>\n<section>\n<div class=\"container\">\n<h2>A Nossa Amplas Gama de <a href=\"https:\/\/hktackle.com\/pt\/guia-completo-de-iscas-de-pesca\/\">Pesca de Lulas<\/a> Produtos:<\/h2>\n<h3><strong>1. Jigs de Lula Premium:<\/strong><\/h3>\n<p>Nosso <a href=\"https:\/\/hktackle.com\/pt\/guia-completo-de-iscas-de-pesca\/\"><strong>isca para lulas<\/strong><\/a> s\u00e3o a pedra angular da pesca eficaz de cefal\u00f3podes. Oferecemos uma diversidade de designs, cada um meticulosamente criado para um desempenho ideal:<\/p>\n<ul>\n<li><strong>Jigs Cl\u00e1ssicos:<\/strong>\u00a0Com cores vibrantes e reativas aos UV, al\u00e9m de ganchos afiadas e resistentes \u00e0 corros\u00e3o, estes jigs s\u00e3o projetados para atrair lulas \u00e0 dist\u00e2ncia em v\u00e1rias condi\u00e7\u00f5es de \u00e1gua. A distribui\u00e7\u00e3o de peso equilibrada assegura uma queda natural e uma a\u00e7\u00e3o cativante.<\/li>\n<li><strong>Iscas em Estilo de Isca Viva:<\/strong>\u00a0Para pescadores que preferem usar isco natural, as nossas amostras oferecem um sistema de montagem seguro e eficaz. Elas s\u00e3o projetadas para apresentar o isco de forma natural, aumentando a sua atratividade para lulas exigentes.<\/li>\n<li><strong>Jigs Aerodin\u00e2micos &amp; de Mergulho Profundo:<\/strong>\u00a0Projetados para lan\u00e7amentos longos e penetra\u00e7\u00e3o em \u00e1guas profundas, estes jigs s\u00e3o ideais para a captura de lulas em \u00e1guas abertas ou correntes fortes. Os seus perfis aerodin\u00e2micos minimizam a resist\u00eancia e maximizam a dist\u00e2ncia de lan\u00e7amento.<\/li>\n<li><strong>Componentes de Jig Personaliz\u00e1veis:<\/strong>\u00a0Oferecemos uma variedade de corpos de jig, saias e pesos que podem ser combinados para criar montagens personalizadas adaptadas a situa\u00e7\u00f5es de pesca espec\u00edficas e esp\u00e9cies-alvo.<\/li>\n<\/ul>\n<h3><strong>2. Inovador <a href=\"https:\/\/hktackle.com\/pt\/\">Iscas de Lulas<\/a>:<\/strong><\/h3>\n<p>Para al\u00e9m dos gabaritos tradicionais, o nosso <strong>iscas para lulas<\/strong> representam a vanguarda da tecnologia moderna de pesca de cefal\u00f3podes. Estes iscos s\u00e3o projetados para imitar o movimento, a apar\u00eancia e at\u00e9 o scent da presa de lulas:<\/p>\n<ul>\n<li><strong>Iscos de L\u00e3 de Pol\u00edmero Macio:<\/strong>\u00a0Elaborados a partir de materiais dur\u00e1veis, mas flex\u00edveis, estes iscos oferecem um realismo incompar\u00e1vel tanto na apar\u00eancia como na a\u00e7\u00e3o. Est\u00e3o dispon\u00edveis numa ampla gama de cores e tamanhos, frequentemente infundidos com atrativos para incitar ainda mais as mordidas.<\/li>\n<li><strong>Imita\u00e7\u00f5es de Lulas de Corpo Duro:<\/strong>\u00a0Estas iscas apresentam formas corporais realistas, detalhes intrincados e acabamentos realistas. Muitas est\u00e3o equipadas com c\u00e2maras de chocalho internas ou inser\u00e7\u00f5es hologr\u00e1ficas para criar som e brilho que imitam presas em apuros.<\/li>\n<li><strong>Iscos Egi-Style:<\/strong>\u00a0Populares em muitos mercados internacionais, as nossas iscas ao estilo egi s\u00e3o projetadas com taxas de afundamento e perfis de a\u00e7\u00e3o espec\u00edficos para atrair uma ampla gama de esp\u00e9cies de lulas. Muitas vezes apresentam padr\u00f5es atraentes e anz\u00f3is triplos afiados e fi\u00e1veis.<\/li>\n<\/ul>\n<h3><strong>3. Eficaz <a href=\"https:\/\/hktackle.com\/pt\/guia-completo-de-iscas-de-pesca\/\">Iscas de Lula<\/a>:<\/strong><\/h3>\n<p>Embora os nossos iscos e anz\u00f3is sejam altamente eficazes por si s\u00f3, tamb\u00e9m fabricamos especializados <strong>iscas de lula<\/strong> destinado a aumentar a atratividade e fornecer um perfil de aroma natural:<\/p>\n<ul>\n<li><strong>Iscos Infundidos com Fragr\u00e2ncia:<\/strong>\u00a0As iscas sint\u00e9ticas est\u00e3o impregnadas com atrativos potentes e duradouros de lula, tornando-as irresist\u00edveis mesmo para os alimentadores mais cautelosos.<\/li>\n<li><strong>Aditivos Naturais para Iscas:<\/strong>\u00a0Produzimos uma variedade de sprays e g\u00e9is concebidos para serem aplicados em iscas ou atrativos naturais, aumentando o seu aroma e apelo de sabor.<\/li>\n<li><strong>Sistemas de Iscos Pr\u00e9-Montados:<\/strong>\u00a0Para conveni\u00eancia e efici\u00eancia, oferecemos sistemas de isca pr\u00e9-montados que s\u00e3o f\u00e1ceis de implantar e projetados para m\u00e1xima efic\u00e1cia.<\/li>\n<\/ul>\n<h2>Por que escolher as nossas iscas para lula?<\/h2>\n<div class=\"product-image\"><img loading=\"lazy\" decoding=\"async\" class=\"alignnone size-full wp-image-1195\" src=\"https:\/\/hktackle.com\/wp-content\/uploads\/2025\/10\/squid-lure-1.png\" alt=\"isca para lulas\" width=\"585\" height=\"381\" title=\"\" srcset=\"https:\/\/hktackle.com\/wp-content\/uploads\/2025\/10\/squid-lure-1.png 585w, https:\/\/hktackle.com\/wp-content\/uploads\/2025\/10\/squid-lure-1-300x195.png 300w\" sizes=\"auto, (max-width: 585px) 100vw, 585px\" \/><\/div>\n<div class=\"product-showcase\">\n<div class=\"product-details\">\n<h3>Tecnologia Avan\u00e7ada de Pesca de Lulas<\/h3>\n<p>Os nossos engodos e isco de choco s\u00e3o desenvolvidos com tecnologia de ponta para imitar a apar\u00eancia, movimento e aroma das presas naturais do choco. Esteja voc\u00ea a pescar lulas pequenas de recife ou gigantescas lulas Humboldt, temos o isco perfeito para as suas necessidades.<\/p>\n<p>Ao contr\u00e1rio dos iscos de pesca tradicionais, os nossos produtos s\u00e3o concebidos especificamente para o comportamento e os padr\u00f5es de alimenta\u00e7\u00e3o dos lulas, resultando em taxas de captura significativamente mais elevadas.<\/p>\n<div id=\"features\" class=\"features\">\n<div class=\"feature\">\n<div class=\"feature-icon\">\ud83c\udfa3<\/div>\n<h4>Design Ultra-Realista<\/h4>\n<p>Imita a apar\u00eancia e o movimento exato das presas da lula<\/p>\n<\/div>\n<div class=\"feature\">\n<div class=\"feature-icon\">\ud83d\udca7<\/div>\n<h4>\u00c0 prova d'\u00e1gua e dur\u00e1vel<\/h4>\n<p>Materiais de alta qualidade garantem um desempenho duradouro<\/p>\n<\/div>\n<div class=\"feature\">\n<div class=\"feature-icon\">\u2728<\/div>\n<h4>Taxa de Captura Aumentada<\/h4>\n<p>Provado para aumentar as taxas de captura de lulas em at\u00e9 300%<\/p>\n<\/div>\n<\/div>\n<\/div>\n<\/div>\n<\/div>\n<\/section>\n<section style=\"background-color: #f5f5f5;\">\n<div class=\"container\">\n<h2 id=\"specs\">Especifica\u00e7\u00f5es do Produto<\/h2>\n<table class=\"specs-table\">\n<tbody>\n<tr>\n<th>Especifica\u00e7\u00e3o<\/th>\n<th>Jig Padr\u00e3o<\/th>\n<th>Isco profissional<\/th>\n<th>Isco Premium<\/th>\n<\/tr>\n<tr>\n<td>Faixa de Tamanho<\/td>\n<td>2,5-4 polegadas<\/td>\n<td>3.5-6 polegadas<\/td>\n<td>5-8 polegadas<\/td>\n<\/tr>\n<tr>\n<td>Peso<\/td>\n<td>10-20g<\/td>\n<td>25-40g<\/td>\n<td>45-80g<\/td>\n<\/tr>\n<tr>\n<td>Material<\/td>\n<td>Silicone de alta qualidade<\/td>\n<td>material de brilho de silicone de grau militar<\/td>\n<td>Revestimento premium em silicone reativo aos UV<\/td>\n<\/tr>\n<tr>\n<td>Op\u00e7\u00f5es de Cor<\/td>\n<td>8 cores padr\u00e3o<\/td>\n<td>12 cores que brilham no escuro<\/td>\n<td>16 cores   brilho   reativo a UV<\/td>\n<\/tr>\n<tr>\n<td>Classifica\u00e7\u00e3o de Profundidade<\/td>\n<td>0-20 metros<\/td>\n<td>0-40 metros<\/td>\n<td>0-60 metros<\/td>\n<\/tr>\n<tr>\n<td>Durabilidade<\/td>\n<td>150 utiliza\u00e7\u00f5es<\/td>\n<td>300 usos<\/td>\n<td>500 utiliza\u00e7\u00f5es<\/td>\n<\/tr>\n<\/tbody>\n<\/table>\n<\/div>\n<\/section>\n<section>\n<div class=\"container\">\n<h2><\/h2>\n<h2 id=\"usage\">Como Usar Iscas e Anz\u00f3is de Lulas<\/h2>\n<div class=\"usage-guide\">\n<h3>Melhores Pr\u00e1ticas para Resultados M\u00e1ximos<\/h3>\n<p>1. <strong>Selecione o Tamanho e a Cor Certos:<\/strong> Escolha o seu engodo para choco com base no tamanho do choco alvo e nas condi\u00e7\u00f5es da \u00e1gua. Utilize cores naturais em \u00e1gua clara e cores mais vibrantes em condi\u00e7\u00f5es turvas.<\/p>\n<p>2. <strong>T\u00e9cnica de Lan\u00e7amento Adequada:<\/strong> Lance al\u00e9m da sua \u00e1rea-alvo e deixe a isca de lula afundar \u00e0 profundidade desejada antes de come\u00e7ar a sua recupera\u00e7\u00e3o.<\/p>\n<p>3. <strong>Padr\u00f5es de Recupera\u00e7\u00e3o:<\/strong> Use uma recupera\u00e7\u00e3o lenta e err\u00e1tica com pausas ocasionais para imitar presa ferida. Varie a sua velocidade e padr\u00e3o at\u00e9 encontrar o que funciona.<\/p>\n<p>4. <strong>Ajuste de Profundidade:<\/strong> Ajuste a profundidade da sua pesca com base na hora do dia e na esta\u00e7\u00e3o. Os lulas tendem a estar mais profundas durante o dia e mais rasas ao amanhecer\/anoitecer.<\/p>\n<p>5. <strong>Condi\u00e7\u00f5es de Luz:<\/strong> As iscas de lula que brilham no escuro s\u00e3o especialmente eficazes durante a pesca nocturna ou em condi\u00e7\u00f5es de pouca luz.<\/p>\n<\/div>\n<h3>Cen\u00e1rios Ideais de Pesca<\/h3>\n<div class=\"features\">\n<div class=\"feature\">\n<div class=\"feature-icon\">\ud83c\udf05<\/div>\n<h4>Amanhecer &amp; Crep\u00fasculo<\/h4>\n<p>Os melhores hor\u00e1rios de alimenta\u00e7\u00e3o para lula \u2013 taxas de captura mais elevadas<\/p>\n<\/div>\n<div class=\"feature\">\n<div class=\"feature-icon\">\ud83c\udf0a<\/div>\n<h4>Cais &amp; Pont\u00f5es<\/h4>\n<p>Os lulas congregam-se em torno de estruturas \u2013 perfeitas para jigging<\/p>\n<\/div>\n<div class=\"feature\">\n<div class=\"feature-icon\">\ud83d\udea4<\/div>\n<h4>Pesca em Barco<\/h4>\n<p>Acesse \u00e1guas mais profundas e localize cardumes de lulas<\/p>\n<p><img loading=\"lazy\" decoding=\"async\" class=\"alignnone wp-image-1469 size-full\" src=\"https:\/\/hktackle.com\/wp-content\/uploads\/2025\/11\/HK-fishing-tackle.jpg\" alt=\"iscas para lulas\" width=\"861\" height=\"585\" title=\"\" srcset=\"https:\/\/hktackle.com\/wp-content\/uploads\/2025\/11\/HK-fishing-tackle.jpg 861w, https:\/\/hktackle.com\/wp-content\/uploads\/2025\/11\/HK-fishing-tackle-300x204.jpg 300w, https:\/\/hktackle.com\/wp-content\/uploads\/2025\/11\/HK-fishing-tackle-768x522.jpg 768w, https:\/\/hktackle.com\/wp-content\/uploads\/2025\/11\/HK-fishing-tackle-600x408.jpg 600w\" sizes=\"auto, (max-width: 861px) 100vw, 861px\" \/><\/p>\n<\/div>\n<\/div>\n<\/div>\n<\/section>\n<section style=\"background-color: #f5f5f5;\">\n<div class=\"container\">\n<h2 id=\"testimonials\">Testemunhos de Clientes<\/h2>\n<div class=\"testimonials\">\n<div class=\"testimonial\">\n<div class=\"testimonial-text\">\"Tenho usado iscos de lula h\u00e1 mais de 20 anos, e estes s\u00e3o de longe os melhores que j\u00e1 experimentei. A fun\u00e7\u00e3o de brilho \u00e9 incr\u00edvel para a pesca noturna \u2013 a minha taxa de captura triplicou!\"<\/div>\n<div class=\"testimonial-author\">\u2013 Mark T., Pescador Comercial<\/div>\n<\/div>\n<div class=\"testimonial\">\n<div class=\"testimonial-text\">\u201cComo principiante, estava c\u00e9tico quanto a gastar mais em iscos de lula premium, mas os resultados falam por si. Pesquei a minha primeira lula no segundo lan\u00e7amento!\u201d<\/div>\n<div class=\"testimonial-author\">\u2013 Sarah L., Pescadora Recreativa<\/div>\n<\/div>\n<div class=\"testimonial\">\n<div class=\"testimonial-text\">\u201cA durabilidade destes iscos \u00e9 incr\u00edvel. Ap\u00f3s meses de uso, ainda parecem e funcionam como novos. Vale cada c\u00eantimo para pescadores de lula a s\u00e9rio.\u201d<\/div>\n<div class=\"testimonial-author\">\u2013 James R., Guia de Pesca<\/div>\n<\/div>\n<\/div>\n<\/div>\n<\/section>\n<section class=\"cta-section\">\n<div class=\"container\">\n<h2>Pronto para apanhar mais lulas?<\/h2>\n<p>Junte-se a milhares de pescadores satisfeitos que transformaram a sua experi\u00eancia de pesca de lulas com os nossos iscos e amostras premium.<\/p>\n<p><a class=\"btn\" style=\"background-color: white; color: var(--primary-color);\" href=\"#pricing\">Compre a Cole\u00e7\u00e3o<\/a><\/p>\n<\/div>\n<\/section>\n<footer>\n<div class=\"container\">\n<div class=\"footer-content\">\n<div class=\"footer-section\"><\/div>\n<\/div>\n<div class=\"footer-bottom\">\n<div class=\"wpforms-container\" id=\"wpforms-564\"><form id=\"wpforms-form-564\" class=\"wpforms-validate wpforms-form wpforms-ajax-form\" data-formid=\"564\" method=\"post\" enctype=\"multipart\/form-data\" action=\"\/pt\/wp-json\/wp\/v2\/product\/1947\" data-token=\"a5e36027957c0b678575a16e829041db\" data-token-time=\"1776389248\" data-trp-original-action=\"\/pt\/wp-json\/wp\/v2\/product\/1947\"><div class=\"wpforms-head-container\"><div class=\"wpforms-title\">Solicita\u00e7\u00e3o de Cota\u00e7\u00e3o<\/div><\/div><noscript class=\"wpforms-error-noscript\">Por favor, ative o JavaScript no seu navegador para completar este formul\u00e1rio.<\/noscript><div class=\"wpforms-field-container\"><div id=\"wpforms-564-field_1-container\" class=\"wpforms-field wpforms-field-name\" data-field-id=\"1\"><label class=\"wpforms-field-label wpforms-label-hide\" for=\"wpforms-564-field_1\">Nome <span class=\"wpforms-required-label\">*<\/span><\/label><input type=\"text\" id=\"wpforms-564-field_1\" class=\"wpforms-field-medium wpforms-field-required\" name=\"wpforms[fields][1]\" placeholder=\"Nome\" required><\/div><div id=\"wpforms-564-field_2-container\" class=\"wpforms-field wpforms-field-name\" data-field-id=\"2\"><label class=\"wpforms-field-label wpforms-label-hide\" for=\"wpforms-564-field_2\">Whatsapp <span class=\"wpforms-required-label\">*<\/span><\/label><input type=\"text\" id=\"wpforms-564-field_2\" class=\"wpforms-field-medium wpforms-field-required\" name=\"wpforms[fields][2]\" placeholder=\"Whatapp\" required><\/div>\t\t<div id=\"wpforms-564-field_7-container\"\n\t\t\tclass=\"wpforms-field wpforms-field-text\"\n\t\t\tdata-field-type=\"text\"\n\t\t\tdata-field-id=\"7\"\n\t\t\t>\n\t\t\t<label class=\"wpforms-field-label\" for=\"wpforms-564-field_7\" >Nome Whatsapp Email<\/label>\n\t\t\t<input type=\"text\" id=\"wpforms-564-field_7\" class=\"wpforms-field-medium\" name=\"wpforms[fields][7]\" >\n\t\t<\/div>\n\t\t<div id=\"wpforms-564-field_4-container\" class=\"wpforms-field wpforms-field-name\" data-field-id=\"4\"><label class=\"wpforms-field-label wpforms-label-hide\" for=\"wpforms-564-field_4\">Email <span class=\"wpforms-required-label\">*<\/span><\/label><input type=\"text\" id=\"wpforms-564-field_4\" class=\"wpforms-field-medium wpforms-field-required\" name=\"wpforms[fields][4]\" placeholder=\"Email\" required><\/div><div id=\"wpforms-564-field_3-container\" class=\"wpforms-field wpforms-field-name\" data-field-id=\"3\"><label class=\"wpforms-field-label wpforms-label-hide\" for=\"wpforms-564-field_3\">Inqu\u00e9rito <span class=\"wpforms-required-label\">*<\/span><\/label><input type=\"text\" id=\"wpforms-564-field_3\" class=\"wpforms-field-medium wpforms-field-required\" name=\"wpforms[fields][3]\" placeholder=\"que produto precisas\" required><\/div><div id=\"wpforms-564-field_5-container\" class=\"wpforms-field wpforms-field-hidden\" data-field-id=\"5\"><input type=\"hidden\" id=\"wpforms-564-field_5\" name=\"wpforms[fields][5]\" value=\"216.73.216.251\"><\/div><div id=\"wpforms-564-field_6-container\" class=\"wpforms-field wpforms-field-hidden\" data-field-id=\"6\"><input type=\"hidden\" id=\"wpforms-564-field_6\" name=\"wpforms[fields][6]\" value=\"https:\/\/hktackle.com\/pt\/wp-json\/wp\/v2\/product\/1947\"><\/div><script>\n\t\t\t\t( function() {\n\t\t\t\t\tconst style = document.createElement( 'style' );\n\t\t\t\t\tstyle.appendChild( document.createTextNode( '#wpforms-564-field_7-container { position: absolute !important; overflow: hidden !important; display: inline !important; height: 1px !important; width: 1px !important; z-index: -1000 !important; padding: 0 !important; } #wpforms-564-field_7-container input { visibility: hidden; } #wpforms-conversational-form-page #wpforms-564-field_7-container label { counter-increment: none; }' ) );\n\t\t\t\t\tdocument.head.appendChild( style );\n\t\t\t\t\tdocument.currentScript?.remove();\n\t\t\t\t} )();\n\t\t\t<\/script><\/div><!-- .wpforms-field-container --><div class=\"wpforms-submit-container\" ><input type=\"hidden\" name=\"wpforms[id]\" value=\"564\"><input type=\"hidden\" name=\"page_title\" value=\"\"><input type=\"hidden\" name=\"page_url\" value=\"https:\/\/hktackle.com\/pt\/wp-json\/wp\/v2\/product\/1947\"><input type=\"hidden\" name=\"url_referer\" value=\"\"><button type=\"submit\" name=\"wpforms[submit]\" id=\"wpforms-submit-564\" class=\"wpforms-submit\" data-alt-text=\"Sending\" data-submit-text=\"Summit\" aria-live=\"assertive\" value=\"wpforms-submit\">Cimeira<\/button><img loading=\"lazy\" decoding=\"async\" src=\"https:\/\/hktackle.com\/wp-content\/plugins\/wpforms\/assets\/images\/submit-spin.svg\" class=\"wpforms-submit-spinner\" style=\"display: none;\" width=\"26\" height=\"26\" alt=\"A carregar\" title=\"\"><\/div><input type=\"hidden\" name=\"trp-form-language\" value=\"pt\"\/><\/form><\/div>  <!-- .wpforms-container -->\n<\/div>\n<\/div>\n<\/footer>\n<p>&nbsp;<\/p>","protected":false},"excerpt":{"rendered":"<p>Bem-vindo \u00e0 pr\u00f3xima gera\u00e7\u00e3o de pesca de lulas. A nossa\u00a0<strong>Engodo para lulas<\/strong>\u00a0n\u00e3o \u00e9 apenas outra isca; \u00e9 a culmina\u00e7\u00e3o de pesquisas em biologia marinha e ci\u00eancia de materiais avan\u00e7ada. Projet\u00e1mos meticulosamente cada aspeto para desencadear os instintos agressivos de alimenta\u00e7\u00e3o dos lulas, transformando a sua efici\u00eancia na pesca.<\/p>\n<p>O que distingue isso\u00a0<strong>isca de lula<\/strong>\u00a0apart \u00e9 o seu apelo multi-sensorial. A silhueta ultra-realista e o movimento v\u00edvido na \u00e1gua criam um alvo visual irresist\u00edvel. Combinado com a nossa formula\u00e7\u00e3o impregnada com perfume, isso\u00a0<strong>isca de lulas<\/strong>\u00a0entrega um pacote de est\u00edmulos predat\u00f3rios completo que aumenta dramaticamente a sua taxa de contactos, de dia ou de noite.<\/p>\n<div class=\"wp-block-stackable-button stk-block-button popmake-1340 stk-block stk-13b8711 popmake-1340\" data-block-id=\"13b8711\">\n<style>.stk-13b8711 {min-height:var(--stk--preset--block-height--x-small, 4rem) !important;padding-top:var(--stk--preset--spacing--none, 0px) !important;padding-right:var(--stk--preset--spacing--none, 0px) !important;padding-bottom:var(--stk--preset--spacing--none, 0px) !important;padding-left:var(--stk--preset--spacing--none, 0px) !important;}.stk-13b8711 .stk-button{min-height:36px !important;padding-top:var(--stk--preset--spacing--40, 1rem) !important;padding-right:33px !important;padding-bottom:var(--stk--preset--spacing--40, 1rem) !important;background:#2db2eb !important;border-top-left-radius:var(--stk--preset--border-radius--small, 4px) !important;border-top-right-radius:var(--stk--preset--border-radius--small, 4px) !important;border-bottom-right-radius:var(--stk--preset--border-radius--small, 4px) !important;border-bottom-left-radius:var(--stk--preset--border-radius--small, 4px) !important;}.stk-13b8711 .stk-button__inner-text{color:#fffffe !important;}<\/style>\n<p><a class=\"stk-link stk-button stk--hover-effect-lift-scale-more\"><span class=\"has-text-color stk-button__inner-text\">Solicitar uma Cota\u00e7\u00e3o <\/span><\/a><\/p>\n<\/div>","protected":false},"featured_media":1984,"template":"","meta":[],"product_brand":[],"product_cat":[21],"product_tag":[],"class_list":{"0":"post-1947","1":"product","2":"type-product","3":"status-publish","4":"has-post-thumbnail","6":"product_cat-lure-bait","8":"first","9":"instock","10":"featured","11":"shipping-taxable","12":"product-type-simple"},"_links":{"self":[{"href":"https:\/\/hktackle.com\/pt\/wp-json\/wp\/v2\/product\/1947","targetHints":{"allow":["GET"]}}],"collection":[{"href":"https:\/\/hktackle.com\/pt\/wp-json\/wp\/v2\/product"}],"about":[{"href":"https:\/\/hktackle.com\/pt\/wp-json\/wp\/v2\/types\/product"}],"wp:featuredmedia":[{"embeddable":true,"href":"https:\/\/hktackle.com\/pt\/wp-json\/wp\/v2\/media\/1984"}],"wp:attachment":[{"href":"https:\/\/hktackle.com\/pt\/wp-json\/wp\/v2\/media?parent=1947"}],"wp:term":[{"taxonomy":"product_brand","embeddable":true,"href":"https:\/\/hktackle.com\/pt\/wp-json\/wp\/v2\/product_brand?post=1947"},{"taxonomy":"product_cat","embeddable":true,"href":"https:\/\/hktackle.com\/pt\/wp-json\/wp\/v2\/product_cat?post=1947"},{"taxonomy":"product_tag","embeddable":true,"href":"https:\/\/hktackle.com\/pt\/wp-json\/wp\/v2\/product_tag?post=1947"}],"curies":[{"name":"wp","href":"https:\/\/api.w.org\/{rel}","templated":true}]}}