{"id":2020,"date":"2025-11-28T13:48:42","date_gmt":"2025-11-28T13:48:42","guid":{"rendered":"https:\/\/hktackle.com\/?post_type=product&#038;p=2020"},"modified":"2025-11-28T14:12:09","modified_gmt":"2025-11-28T14:12:09","slug":"fornecedor-de-conjunto-de-canas-de-pescar-b2b","status":"publish","type":"product","link":"https:\/\/hktackle.com\/pt\/produto\/fornecedor-de-conjunto-de-canas-de-pescar-b2b","title":{"rendered":"Conjuntos de canas de pesca de fly de n\u00edvel profissional"},"content":{"rendered":"<h1>Solu\u00e7\u00f5es Profissionais de Conjuntos de Canas de Pesca com Mosca<\/h1>\n<p><img loading=\"lazy\" decoding=\"async\" class=\"alignnone wp-image-2029\" src=\"https:\/\/hktackle.com\/wp-content\/uploads\/2025\/11\/Fly-Fishing-Combo-6.jpg\" alt=\"Conjunto de canas para pesca com mosca\" width=\"696\" height=\"702\" title=\"\" srcset=\"https:\/\/hktackle.com\/wp-content\/uploads\/2025\/11\/Fly-Fishing-Combo-6.jpg 782w, https:\/\/hktackle.com\/wp-content\/uploads\/2025\/11\/Fly-Fishing-Combo-6-297x300.jpg 297w, https:\/\/hktackle.com\/wp-content\/uploads\/2025\/11\/Fly-Fishing-Combo-6-150x150.jpg 150w, https:\/\/hktackle.com\/wp-content\/uploads\/2025\/11\/Fly-Fishing-Combo-6-768x775.jpg 768w, https:\/\/hktackle.com\/wp-content\/uploads\/2025\/11\/Fly-Fishing-Combo-6-12x12.jpg 12w, https:\/\/hktackle.com\/wp-content\/uploads\/2025\/11\/Fly-Fishing-Combo-6-600x605.jpg 600w\" sizes=\"auto, (max-width: 696px) 100vw, 696px\" \/><\/p>\n<header>\n<div class=\"container\">\n<p class=\"intro\">Para distribuidores, retalhistas e equipadores de material de pesca que procuram produtos de qualidade superior <a href=\"https:\/\/hktackle.com\/pt\/guia-de-varas-de-pescar\/\">conjunto de cana de fly<\/a> solu\u00e7\u00f5es. A nossa experi\u00eancia em fabrica\u00e7\u00e3o garante qualidade consistente, pre\u00e7os competitivos e entrega fi\u00e1vel para clientes B2B em todo o mundo.<\/p>\n<p class=\"intro\">Com mais de 15 anos de experi\u00eancia na fabrica\u00e7\u00e3o de equipamentos de pesca, oferecemos op\u00e7\u00f5es de combina\u00e7\u00f5es de canas de mosca personaliz\u00e1veis para atender \u00e0s suas necessidades espec\u00edficas de mercado. Desde pacotes de n\u00edvel de entrada a configura\u00e7\u00f5es de grau profissional, os nossos produtos oferecem um desempenho e durabilidade excecionais.<\/p>\n<\/div>\n<\/header>\n<section>\n<h2>Capacidades de Fabrica\u00e7\u00e3o de Combos de Varas de Pesca<\/h2>\n<div class=\"key-points\">\n<div class=\"point-card\">\n<h3>Op\u00e7\u00f5es de Marca Personalizada<\/h3>\n<p>Solu\u00e7\u00f5es de marca branca e marca privada com a sua marca. Enrolamentos de canas personalizados, grava\u00e7\u00f5es de carretos e op\u00e7\u00f5es de embalagem dispon\u00edveis.<\/p>\n<\/div>\n<div class=\"point-card\">\n<h3>Pre\u00e7os para Encomendas em Grande Quantidade<\/h3>\n<p>Estruturas de pre\u00e7os baseadas em volume para distribuidores. MOQ a partir de 50 unidades com condi\u00e7\u00f5es de pagamento flex\u00edveis para parceiros estabelecidos.<\/p>\n<\/div>\n<div class=\"point-card\">\n<h3>Garantia da Qualidade<\/h3>\n<p>Fabrica\u00e7\u00e3o certificada em ISO 9001. Cada conjunto de cana de pesca passa por testes rigorosos antes do envio para garantir os padr\u00f5es de desempenho.<\/p>\n<\/div>\n<\/div>\n<\/section>\n<p><!-- What Makes a Fly Rod Combo Section --><\/p>\n<section class=\"content-section\">\n<div class=\"text-content\">\n<h2>Excel\u00eancia em Engenharia <a href=\"https:\/\/hktackle.com\/pt\/\">Conjunto de Cana de Pesca com Mosca<\/a> Desenho<\/h2>\n<p>As nossas combina\u00e7\u00f5es de canas de pesca representam o auge da engenharia de equipamentos de pesca, combinando materiais avan\u00e7ados com processos de fabrico de precis\u00e3o para proporcionar um desempenho excecional aos seus clientes.<\/p>\n<h3>Sele\u00e7\u00e3o Avan\u00e7ada de Materiais<\/h3>\n<p>Utilizamos comp\u00f3sitos de grafite de alto m\u00f3dulo, fibra de carbono de grau aeroespacial e ligas de alum\u00ednio mecanizadas com precis\u00e3o na constru\u00e7\u00e3o dos nossos conjuntos de canas de pesca. Estes materiais garantem rela\u00e7\u00f5es \u00f3timas de resist\u00eancia a peso e durabilidade a longo prazo.<\/p>\n<h3>Processo de Fabrica\u00e7\u00e3o de Precis\u00e3o<\/h3>\n<p>Cada componente na nossa <a href=\"https:\/\/hktackle.com\/pt\/guia-de-varas-de-pescar\/\">conjunto de pesca com mosca<\/a> passa por um controle de qualidade meticuloso. Desde a fabrico em branco at\u00e9 o alinhamento do guia e a instala\u00e7\u00e3o do assento do carretel, os nossos processos garantem consist\u00eancia entre os lotes de produ\u00e7\u00e3o.<\/p>\n<h3>Teste de Performance<\/h3>\n<p>Cada combina\u00e7\u00e3o de cana de pesca \u00e9 testada para o perfil de a\u00e7\u00e3o, compatibilidade do peso da linha e integridade do suporte do carretel. Os nossos protocolos de teste superam os padr\u00f5es da ind\u00fastria para garantir a satisfa\u00e7\u00e3o do cliente.<\/p>\n<\/div>\n<div class=\"image-content\"><img loading=\"lazy\" decoding=\"async\" class=\"alignnone  wp-image-2025\" src=\"https:\/\/hktackle.com\/wp-content\/uploads\/2025\/11\/Fly-Fishing-Combo-1.jpg\" alt=\"vara e carrete de pesca com mosca\" width=\"340\" height=\"340\" title=\"\" srcset=\"https:\/\/hktackle.com\/wp-content\/uploads\/2025\/11\/Fly-Fishing-Combo-1.jpg 640w, https:\/\/hktackle.com\/wp-content\/uploads\/2025\/11\/Fly-Fishing-Combo-1-300x300.jpg 300w, https:\/\/hktackle.com\/wp-content\/uploads\/2025\/11\/Fly-Fishing-Combo-1-150x150.jpg 150w, https:\/\/hktackle.com\/wp-content\/uploads\/2025\/11\/Fly-Fishing-Combo-1-12x12.jpg 12w, https:\/\/hktackle.com\/wp-content\/uploads\/2025\/11\/Fly-Fishing-Combo-1-600x600.jpg 600w\" sizes=\"auto, (max-width: 340px) 100vw, 340px\" \/><img loading=\"lazy\" decoding=\"async\" class=\"alignnone  wp-image-2027\" src=\"https:\/\/hktackle.com\/wp-content\/uploads\/2025\/11\/Fly-Fishing-Combo-4.jpg\" alt=\"melhores canas de pesca com mosca\" width=\"384\" height=\"340\" title=\"\" srcset=\"https:\/\/hktackle.com\/wp-content\/uploads\/2025\/11\/Fly-Fishing-Combo-4.jpg 763w, https:\/\/hktackle.com\/wp-content\/uploads\/2025\/11\/Fly-Fishing-Combo-4-300x266.jpg 300w, https:\/\/hktackle.com\/wp-content\/uploads\/2025\/11\/Fly-Fishing-Combo-4-14x12.jpg 14w, https:\/\/hktackle.com\/wp-content\/uploads\/2025\/11\/Fly-Fishing-Combo-4-600x532.jpg 600w\" sizes=\"auto, (max-width: 384px) 100vw, 384px\" \/><\/p>\n<p style=\"text-align: center; font-style: italic; margin-top: 10px;\">A manufatura de precis\u00e3o garante qualidade consistente em todos os produtos de combina\u00e7\u00f5es de canas de pesca.<\/p>\n<\/div>\n<\/section>\n<p><!-- Comparison Section --><\/p>\n<section>\n<h2>Compara\u00e7\u00e3o da Linha de Produtos de Conjuntos de Cana de Pesca<\/h2>\n<h3 class=\"header-iWP5WJ auto-hide-last-sibling-br\">1. Especifica\u00e7\u00f5es da Vara de Pesca<\/h3>\n<div class=\"auto-hide-last-sibling-br mdbox-table-root table-container-cYf_5N\" data-scroll-inline-overflow=\"true\" data-scroll-inline-at-start=\"true\" data-scroll-inline-start-overflow=\"false\" data-scroll-inline-at-end=\"false\" data-scroll-inline-end-overflow=\"true\">\n<div class=\"table-scroll-container-Gyf4hQ mdbox-table-scroll-container\">\n<table>\n<thead>\n<tr>\n<th>Especifica\u00e7\u00e3o<\/th>\n<th>A\u00e7\u00e3o<\/th>\n<th>Material<\/th>\n<th>Di\u00e2metro da ponta<\/th>\n<th>Di\u00e2metro do Gl\u00fateo<\/th>\n<th>N\u00famero de Sec\u00e7\u00f5es<\/th>\n<th>Comprimento Estendido<\/th>\n<th>Comprimento Colapsado<\/th>\n<th>Peso<\/th>\n<\/tr>\n<\/thead>\n<tbody>\n<tr>\n<td>#5<\/td>\n<td>M\u00e9dio<\/td>\n<td>Fibra de Carbono<\/td>\n<td>2mm<\/td>\n<td>9mm<\/td>\n<td>4<\/td>\n<td>2,73m<\/td>\n<td>73cm<\/td>\n<td>110g<\/td>\n<\/tr>\n<\/tbody>\n<\/table>\n<\/div>\n<\/div>\n<h3 class=\"header-iWP5WJ auto-hide-last-sibling-br\">2. Especifica\u00e7\u00f5es do Carrete de Mosca<\/h3>\n<div class=\"auto-hide-last-sibling-br mdbox-table-root table-container-cYf_5N\" data-scroll-inline-overflow=\"false\" data-scroll-inline-at-start=\"true\" data-scroll-inline-start-overflow=\"false\" data-scroll-inline-at-end=\"true\" data-scroll-inline-end-overflow=\"false\">\n<div class=\"table-scroll-container-Gyf4hQ mdbox-table-scroll-container\">\n<table>\n<thead>\n<tr>\n<th>Modelo<\/th>\n<th>Di\u00e2metro Externo<\/th>\n<th>Rolamentos<\/th>\n<th>Rela\u00e7\u00e3o de Transmiss\u00e3o<\/th>\n<th>Material<\/th>\n<th>Peso<\/th>\n<\/tr>\n<\/thead>\n<tbody>\n<tr>\n<td>5\/6<\/td>\n<td>8,5cm<\/td>\n<td>2 1BB<\/td>\n<td>1:1<\/td>\n<td>Liga de Alum\u00ednio<\/td>\n<td>190G<\/td>\n<\/tr>\n<\/tbody>\n<\/table>\n<\/div>\n<\/div>\n<h3 class=\"header-iWP5WJ auto-hide-last-sibling-br\">3. Especifica\u00e7\u00f5es da Linha de Voo<\/h3>\n<div class=\"auto-hide-last-sibling-br mdbox-table-root table-container-cYf_5N\" data-scroll-inline-overflow=\"false\" data-scroll-inline-at-start=\"true\" data-scroll-inline-start-overflow=\"false\" data-scroll-inline-at-end=\"true\" data-scroll-inline-end-overflow=\"false\">\n<div class=\"table-scroll-container-Gyf4hQ mdbox-table-scroll-container\">\n<table>\n<thead>\n<tr>\n<th>Modelo<\/th>\n<th>Comprimento<\/th>\n<th>Material<\/th>\n<th>Desempenho<\/th>\n<th>Peso<\/th>\n<\/tr>\n<\/thead>\n<tbody>\n<tr>\n<td>4.0<\/td>\n<td>30M<\/td>\n<td>PVC   Nylon<\/td>\n<td>Adequado para Lan\u00e7amentos Longos<\/td>\n<td>37G<\/td>\n<\/tr>\n<\/tbody>\n<\/table>\n<\/div>\n<\/div>\n<h3 class=\"header-iWP5WJ auto-hide-last-sibling-br\">4. Especifica\u00e7\u00f5es da Bolsa de Varas<\/h3>\n<p>&nbsp;<\/p>\n<div class=\"auto-hide-last-sibling-br mdbox-table-root table-container-cYf_5N\" data-scroll-inline-overflow=\"false\" data-scroll-inline-at-start=\"true\" data-scroll-inline-start-overflow=\"false\" data-scroll-inline-at-end=\"true\" data-scroll-inline-end-overflow=\"false\">\n<div class=\"table-scroll-container-Gyf4hQ mdbox-table-scroll-container\">\n<table>\n<thead>\n<tr>\n<th>Estilo<\/th>\n<th>Comprimento<\/th>\n<th>Material<\/th>\n<th>Di\u00e2metro do Tubo<\/th>\n<th>Comprimento da Correia<\/th>\n<th>Peso<\/th>\n<\/tr>\n<\/thead>\n<tbody>\n<tr>\n<td>Estilo de Sling<\/td>\n<td>80cm<\/td>\n<td>Nylon<\/td>\n<td>5cm<\/td>\n<td>100cm<\/td>\n<td>375G<\/td>\n<\/tr>\n<\/tbody>\n<\/table>\n<\/div>\n<\/div>\n<table class=\"comparison-table\">\n<tbody>\n<tr>\n<th>S\u00e9rie de Produtos<\/th>\n<th>Combo de N\u00edvel Inicial<\/th>\n<th>S\u00e9rie Profissional<\/th>\n<th>Op\u00e7\u00e3o de Constru\u00e7\u00e3o Personalizada<\/th>\n<\/tr>\n<tr>\n<td>Mercado-alvo<\/td>\n<td>Pescadores iniciantes, opera\u00e7\u00f5es de aluguer<\/td>\n<td>Pescadores experientes, guias de pesca<\/td>\n<td>Retalhistas boutique, marcas premium<\/td>\n<\/tr>\n<tr>\n<td>Materiais<\/td>\n<td>Componentes em grafite IM6, fundidos a press\u00e3o<\/td>\n<td>IM8 Grafite, alum\u00ednio mecanizado<\/td>\n<td>Componentes de tit\u00e2nio em grafite de m\u00f3dulo personalizado<\/td>\n<\/tr>\n<tr>\n<td>MOQ e Pre\u00e7os<\/td>\n<td>50 unidades, $85-120\/unidade<\/td>\n<td>25 unidades, $220-350\/unidade<\/td>\n<td>10 unidades, $450 \/unidade<\/td>\n<\/tr>\n<tr>\n<td>Garantia<\/td>\n<td>garantia limitada de 1 ano<\/td>\n<td>Garantia vital\u00edcia na vara, 5 anos no carrete.<\/td>\n<td>Garantia vital\u00edcia total<\/td>\n<\/tr>\n<\/tbody>\n<\/table>\n<\/section>\n<p><!-- B2B Features Section --><\/p>\n<section>\n<h2>Vantagens da Parceria B2B<\/h2>\n<div class=\"b2b-features\">\n<div class=\"b2b-feature\">\n<h3>Log\u00edstica Global<\/h3>\n<p>Solu\u00e7\u00f5es de envio eficientes com termos DDP dispon\u00edveis. Op\u00e7\u00f5es de armazenamento e envio direto para grandes distribuidores.<\/p>\n<\/div>\n<div class=\"b2b-feature\">\n<div class=\"feature-icon\"><\/div>\n<h3>Apoio \u00e0 Vendas<\/h3>\n<p>Materiais de forma\u00e7\u00e3o de produtos, ativos de marketing e programas de publicidade cooperativa para parceiros de retalho.<\/p>\n<\/div>\n<div class=\"b2b-feature\">\n<h3>Gest\u00e3o de Invent\u00e1rio<\/h3>\n<p>A fabrica\u00e7\u00e3o just-in-time reduz os seus custos de invent\u00e1rio. Hor\u00e1rios de produ\u00e7\u00e3o flex\u00edveis acomodam a demanda sazonal.<\/p>\n<\/div>\n<\/div>\n<\/section>\n<p><!-- Types Section --><\/p>\n<section>\n<h2>Configura\u00e7\u00f5es de Combos de Cana de Fly Especializadas<\/h2>\n<p>As nossas capacidades de produ\u00e7\u00e3o incluem configura\u00e7\u00f5es especializadas para aplica\u00e7\u00f5es de pesca espec\u00edficas.<\/p>\n<div class=\"types-grid\">\n<div class=\"type-card\">\n<div class=\"type-image\" style=\"background-image: url('https:\/\/images.unsplash.com\/photo-1441906363162-903afd0d3d52?ixlib=rb-4.0.3&amp;auto=format&amp;fit=crop&amp;w=600&amp;q=80');\"><\/div>\n<div class=\"type-content\">\n<h3>S\u00e9rie de Truta de \u00c1gua Doce<\/h3>\n<p>Configura\u00e7\u00f5es leves (3-5 de peso) otimizadas para apresenta\u00e7\u00f5es delicadas. Ideais para retalhistas de pesca com mosca que atendem pescadores de truta.<\/p>\n<\/div>\n<\/div>\n<div class=\"type-card\">\n<div class=\"type-image\" style=\"background-image: url('https:\/\/images.unsplash.com\/photo-1578660475122-47cfcaad2c8a?ixlib=rb-4.0.3&amp;auto=format&amp;fit=crop&amp;w=600&amp;q=80');\"><\/div>\n<div class=\"type-content\">\n<h3>S\u00e9rie de Desempenho em \u00c1gua Salgada<\/h3>\n<p>Componentes resistentes \u00e0 corros\u00e3o constru\u00eddos para ambientes adversos. Perfeito para retalhistas costeiros e destinos de pesca tropicais.<\/p>\n<\/div>\n<\/div>\n<div class=\"type-card\">\n<div class=\"type-image\" style=\"background-image: url('https:\/\/images.unsplash.com\/photo-1578660475122-47cfcaad2c8a?ixlib=rb-4.0.3&amp;auto=format&amp;fit=crop&amp;w=600&amp;q=80');\"><\/div>\n<div class=\"type-content\">\n<h3>S\u00e9rie Viajar &amp; Empacotar<\/h3>\n<p>Designs de m\u00faltiplas pe\u00e7as que se desmontam de forma compacta. Alta procura por parte de empresas de viagens e distribuidores internacionais.<\/p>\n<\/div>\n<\/div>\n<div class=\"type-card\">\n<div class=\"type-image\" style=\"background-image: url('https:\/\/images.unsplash.com\/photo-1578660475122-47cfcaad2c8a?ixlib=rb-4.0.3&amp;auto=format&amp;fit=crop&amp;w=600&amp;q=80');\"><\/div>\n<div class=\"type-content\">\n<h3>S\u00e9rie de Bass e Pike<\/h3>\n<p>Configura\u00e7\u00f5es de pot\u00eancia m\u00e9dia-alta para esp\u00e9cies de \u00e1gua doce agressivas. Populares entre os retalhistas da Am\u00e9rica do Norte.<\/p>\n<\/div>\n<\/div>\n<\/div>\n<\/section>\n<p><!-- FAQ Section --><\/p>\n<section>\n<h2><img loading=\"lazy\" decoding=\"async\" class=\"alignnone size-full wp-image-2028\" src=\"https:\/\/hktackle.com\/wp-content\/uploads\/2025\/11\/Fly-Fishing-Combo-5.jpg\" alt=\"vara e carrete de pesca com mosca\" width=\"782\" height=\"756\" title=\"\" srcset=\"https:\/\/hktackle.com\/wp-content\/uploads\/2025\/11\/Fly-Fishing-Combo-5.jpg 782w, https:\/\/hktackle.com\/wp-content\/uploads\/2025\/11\/Fly-Fishing-Combo-5-300x290.jpg 300w, https:\/\/hktackle.com\/wp-content\/uploads\/2025\/11\/Fly-Fishing-Combo-5-768x742.jpg 768w, https:\/\/hktackle.com\/wp-content\/uploads\/2025\/11\/Fly-Fishing-Combo-5-12x12.jpg 12w, https:\/\/hktackle.com\/wp-content\/uploads\/2025\/11\/Fly-Fishing-Combo-5-600x580.jpg 600w\" sizes=\"auto, (max-width: 782px) 100vw, 782px\" \/><\/h2>\n<h2>B2B Perguntas Frequentes<\/h2>\n<div class=\"faq-item\">\n<div class=\"faq-question\">Qual \u00e9 a quantidade m\u00ednima de encomenda para uma cana de pesca com mosca e carreto personalizadas?<\/div>\n<p>O nosso MOQ padr\u00e3o \u00e9 de 50 unidades para configura\u00e7\u00f5es de n\u00edvel b\u00e1sico e 25 unidades para a s\u00e9rie profissional. Para constru\u00e7\u00f5es totalmente personalizadas com componentes propriet\u00e1rios, o MOQ come\u00e7a em 10 unidades. Descontos por volume aplicam-se a 100 unidades.<\/p>\n<\/div>\n<div class=\"faq-item\">\n<div class=\"faq-question\">Oferecem op\u00e7\u00f5es de marca privada?<\/div>\n<p>Sim, fornecemos servi\u00e7os abrangentes de rotulagem privada, incluindo envolt\u00f3rios personalizados para canas, grava\u00e7\u00f5es em carretilhas e embalagens com marca. As especifica\u00e7\u00f5es da arte e as taxas de configura\u00e7\u00e3o variam consoante a complexidade.<\/p>\n<\/div>\n<div class=\"faq-item\">\n<div class=\"faq-question\">Quais s\u00e3o os seus prazos para encomendas em grande quantidade?<\/div>\n<p>O prazo padr\u00e3o de produ\u00e7\u00e3o \u00e9 de 4-6 semanas para encomendas de at\u00e9 500 unidades. Encomendas maiores podem exigir 8-10 semanas. A produ\u00e7\u00e3o acelerada est\u00e1 dispon\u00edvel para parceiros estabelecidos com taxas adicionais.<\/p>\n<\/div>\n<div class=\"faq-item\">\n<div class=\"faq-question\">Voc\u00ea disponibiliza certifica\u00e7\u00e3o de produto e documenta\u00e7\u00e3o de conformidade?<\/div>\n<p>Todas as nossas canas de fly fishing com carreto v\u00eam com documenta\u00e7\u00e3o de certifica\u00e7\u00e3o ISO 9001. Podemos fornecer certificados adicionais de conformidade para mercados espec\u00edficos mediante solicita\u00e7\u00e3o.<\/p>\n<\/div>\n<\/section>\n<p>&nbsp;<\/p>\n<footer>\n<div class=\"container\">\n<p>\u00a9 2024 Fabrica\u00e7\u00e3o de Equipamento de Pesca Profissional | Solu\u00e7\u00f5es de Combos de Varas de Mosca B2B<\/p>\n<div class=\"references\">\n<p>Normas de Fabrica\u00e7\u00e3o: Certifica\u00e7\u00e3o ISO 9001 | Membro: Associa\u00e7\u00e3o Comercial de Pesca com Mosca Americana | Conformidade de Exporta\u00e7\u00e3o Global<\/p>\n<\/div>\n<\/div>\n<\/footer>\n<div class=\"wpforms-container\" id=\"wpforms-564\"><form id=\"wpforms-form-564\" class=\"wpforms-validate wpforms-form wpforms-ajax-form\" data-formid=\"564\" method=\"post\" enctype=\"multipart\/form-data\" action=\"\/pt\/wp-json\/wp\/v2\/product\/2020\" data-token=\"3a27290115edac4e9507e4eda9c9e8f3\" data-token-time=\"1776510762\" data-trp-original-action=\"\/pt\/wp-json\/wp\/v2\/product\/2020\"><div class=\"wpforms-head-container\"><div class=\"wpforms-title\">Solicita\u00e7\u00e3o de Cota\u00e7\u00e3o<\/div><\/div><noscript class=\"wpforms-error-noscript\">Por favor, ative o JavaScript no seu navegador para completar este formul\u00e1rio.<\/noscript><div class=\"wpforms-field-container\"><div id=\"wpforms-564-field_1-container\" class=\"wpforms-field wpforms-field-name\" data-field-id=\"1\"><label class=\"wpforms-field-label wpforms-label-hide\" for=\"wpforms-564-field_1\">Nome <span class=\"wpforms-required-label\">*<\/span><\/label><input type=\"text\" id=\"wpforms-564-field_1\" class=\"wpforms-field-medium wpforms-field-required\" name=\"wpforms[fields][1]\" placeholder=\"Nome\" required><\/div><div id=\"wpforms-564-field_2-container\" class=\"wpforms-field wpforms-field-name\" data-field-id=\"2\"><label class=\"wpforms-field-label wpforms-label-hide\" for=\"wpforms-564-field_2\">Whatsapp <span class=\"wpforms-required-label\">*<\/span><\/label><input type=\"text\" id=\"wpforms-564-field_2\" class=\"wpforms-field-medium wpforms-field-required\" name=\"wpforms[fields][2]\" placeholder=\"Whatapp\" required><\/div><div id=\"wpforms-564-field_4-container\" class=\"wpforms-field wpforms-field-name\" data-field-id=\"4\"><label class=\"wpforms-field-label wpforms-label-hide\" for=\"wpforms-564-field_4\">Email <span class=\"wpforms-required-label\">*<\/span><\/label><input type=\"text\" id=\"wpforms-564-field_4\" class=\"wpforms-field-medium wpforms-field-required\" name=\"wpforms[fields][4]\" placeholder=\"Email\" required><\/div><div id=\"wpforms-564-field_3-container\" class=\"wpforms-field wpforms-field-name\" data-field-id=\"3\"><label class=\"wpforms-field-label wpforms-label-hide\" for=\"wpforms-564-field_3\">Inqu\u00e9rito <span class=\"wpforms-required-label\">*<\/span><\/label><input type=\"text\" id=\"wpforms-564-field_3\" class=\"wpforms-field-medium wpforms-field-required\" name=\"wpforms[fields][3]\" placeholder=\"que produto precisas\" required><\/div>\t\t<div id=\"wpforms-564-field_7-container\"\n\t\t\tclass=\"wpforms-field wpforms-field-text\"\n\t\t\tdata-field-type=\"text\"\n\t\t\tdata-field-id=\"7\"\n\t\t\t>\n\t\t\t<label class=\"wpforms-field-label\" for=\"wpforms-564-field_7\" >Nome da Consulta Whatsapp<\/label>\n\t\t\t<input type=\"text\" id=\"wpforms-564-field_7\" class=\"wpforms-field-medium\" name=\"wpforms[fields][7]\" >\n\t\t<\/div>\n\t\t<div id=\"wpforms-564-field_5-container\" class=\"wpforms-field wpforms-field-hidden\" data-field-id=\"5\"><input type=\"hidden\" id=\"wpforms-564-field_5\" name=\"wpforms[fields][5]\" value=\"216.73.216.42\"><\/div><div id=\"wpforms-564-field_6-container\" class=\"wpforms-field wpforms-field-hidden\" data-field-id=\"6\"><input type=\"hidden\" id=\"wpforms-564-field_6\" name=\"wpforms[fields][6]\" value=\"https:\/\/hktackle.com\/pt\/wp-json\/wp\/v2\/product\/2020\"><\/div><script>\n\t\t\t\t( function() {\n\t\t\t\t\tconst style = document.createElement( 'style' );\n\t\t\t\t\tstyle.appendChild( document.createTextNode( '#wpforms-564-field_7-container { position: absolute !important; overflow: hidden !important; display: inline !important; height: 1px !important; width: 1px !important; z-index: -1000 !important; padding: 0 !important; } #wpforms-564-field_7-container input { visibility: hidden; } #wpforms-conversational-form-page #wpforms-564-field_7-container label { counter-increment: none; }' ) );\n\t\t\t\t\tdocument.head.appendChild( style );\n\t\t\t\t\tdocument.currentScript?.remove();\n\t\t\t\t} )();\n\t\t\t<\/script><\/div><!-- .wpforms-field-container --><div class=\"wpforms-submit-container\" ><input type=\"hidden\" name=\"wpforms[id]\" value=\"564\"><input type=\"hidden\" name=\"page_title\" value=\"\"><input type=\"hidden\" name=\"page_url\" value=\"https:\/\/hktackle.com\/pt\/wp-json\/wp\/v2\/product\/2020\"><input type=\"hidden\" name=\"url_referer\" value=\"\"><button type=\"submit\" name=\"wpforms[submit]\" id=\"wpforms-submit-564\" class=\"wpforms-submit\" data-alt-text=\"Sending\" data-submit-text=\"Summit\" aria-live=\"assertive\" value=\"wpforms-submit\">Cimeira<\/button><img loading=\"lazy\" decoding=\"async\" src=\"https:\/\/hktackle.com\/wp-content\/plugins\/wpforms\/assets\/images\/submit-spin.svg\" class=\"wpforms-submit-spinner\" style=\"display: none;\" width=\"26\" height=\"26\" alt=\"A carregar\" title=\"\"><\/div><input type=\"hidden\" name=\"trp-form-language\" value=\"pt\"\/><\/form><\/div>  <!-- .wpforms-container -->","protected":false},"excerpt":{"rendered":"<p>Por tr\u00e1s da arte da pesca \u00e0 mosca encontra-se a sinergia perfeita de componentes\u2014cada combina\u00e7\u00e3o de cana e carreto \u00e9 meticulosamente concebida com grafite de alto m\u00f3dulo para sensibilidade, carretos de precis\u00e3o para um arrasto suave e linhas de peso \u00e0 frente para lan\u00e7amentos sem esfor\u00e7o. Esta harmonia garante um desempenho \u00f3timo, seja ao visar trutas em ribeiros serenos ou ao combater gigantes do mar. Projetada para durabilidade e facilidade de uso, incorpora uma inova\u00e7\u00e3o que se adapta \u00e0s necessidades de cada pescador, proporcionando fiabilidade e alegria na \u00e1gua.<\/p>\n<div class=\"wp-block-stackable-button stk-block-button popmake-1340 stk-block stk-d95bae2 popmake-1340\" data-block-id=\"d95bae2\"><\/div>\n<div class=\"wp-block-stackable-button stk-block-button popmake-1340 stk-block stk-13b8711 popmake-1340\" data-block-id=\"13b8711\">\n<style>.stk-13b8711 {min-height:var(--stk--preset--block-height--x-small, 4rem) !important;padding-top:var(--stk--preset--spacing--none, 0px) !important;padding-right:var(--stk--preset--spacing--none, 0px) !important;padding-bottom:var(--stk--preset--spacing--none, 0px) !important;padding-left:var(--stk--preset--spacing--none, 0px) !important;}.stk-13b8711 .stk-button{min-height:36px !important;padding-top:var(--stk--preset--spacing--40, 1rem) !important;padding-right:33px !important;padding-bottom:var(--stk--preset--spacing--40, 1rem) !important;background:#2db2eb !important;border-top-left-radius:var(--stk--preset--border-radius--small, 4px) !important;border-top-right-radius:var(--stk--preset--border-radius--small, 4px) !important;border-bottom-right-radius:var(--stk--preset--border-radius--small, 4px) !important;border-bottom-left-radius:var(--stk--preset--border-radius--small, 4px) !important;}.stk-13b8711 .stk-button__inner-text{color:#fffffe !important;}<\/style>\n<p><a class=\"stk-link stk-button stk--hover-effect-lift-scale-more\"><span class=\"has-text-color stk-button__inner-text\">Solicitar uma Cota\u00e7\u00e3o <\/span><\/a><\/p>\n<\/div>","protected":false},"featured_media":2029,"template":"","meta":[],"product_brand":[30],"product_cat":[27],"product_tag":[],"class_list":{"0":"post-2020","1":"product","2":"type-product","3":"status-publish","4":"has-post-thumbnail","6":"product_brand-hk-tackle","7":"product_cat-online-shop","9":"first","10":"instock","11":"sale","12":"shipping-taxable","13":"purchasable","14":"product-type-simple"},"_links":{"self":[{"href":"https:\/\/hktackle.com\/pt\/wp-json\/wp\/v2\/product\/2020","targetHints":{"allow":["GET"]}}],"collection":[{"href":"https:\/\/hktackle.com\/pt\/wp-json\/wp\/v2\/product"}],"about":[{"href":"https:\/\/hktackle.com\/pt\/wp-json\/wp\/v2\/types\/product"}],"wp:featuredmedia":[{"embeddable":true,"href":"https:\/\/hktackle.com\/pt\/wp-json\/wp\/v2\/media\/2029"}],"wp:attachment":[{"href":"https:\/\/hktackle.com\/pt\/wp-json\/wp\/v2\/media?parent=2020"}],"wp:term":[{"taxonomy":"product_brand","embeddable":true,"href":"https:\/\/hktackle.com\/pt\/wp-json\/wp\/v2\/product_brand?post=2020"},{"taxonomy":"product_cat","embeddable":true,"href":"https:\/\/hktackle.com\/pt\/wp-json\/wp\/v2\/product_cat?post=2020"},{"taxonomy":"product_tag","embeddable":true,"href":"https:\/\/hktackle.com\/pt\/wp-json\/wp\/v2\/product_tag?post=2020"}],"curies":[{"name":"wp","href":"https:\/\/api.w.org\/{rel}","templated":true}]}}